{"id":9239,"date":"2025-02-17T15:50:11","date_gmt":"2025-02-17T14:50:11","guid":{"rendered":"https:\/\/lions-pharmacy.com\/?post_type=product&#038;p=9239"},"modified":"2025-02-24T12:28:10","modified_gmt":"2025-02-24T11:28:10","slug":"zeel-ad-us-vet-tablets-100-pc-04133318","status":"publish","type":"product","link":"https:\/\/lions-pharmacy.com\/fr\/produit\/zeel-ad-us-vet-tablets-100-pc-04133318","title":{"rendered":"Zeel ad us. comprim\u00e9s v\u00e9t\u00e9rinaires (100 pc)"},"content":{"rendered":"<h3>Zeel ad us. comprim\u00e9s v\u00e9t\u00e9rinaires<\/h3>\n<p>Zeel ad us. vet Zeel et nous. vet. Comprim\u00e9s pour chiens et chats pour soutenir les processus de gu\u00e9rison de l&#8217;organisme.<\/p>\n<p><span style=\"font-size: 16px;\">Le mouvement est synonyme de joie de vivre ! Cela vaut pour nous comme pour nos chiens, et pas seulement lorsqu&#8217;ils sont jeunes. Souvent, ce n&#8217;est qu&#8217;en y regardant de plus pr\u00e8s que l&#8217;on s&#8217;aper\u00e7oit que l&#8217;animal se d\u00e9place moins ou plus prudemment \u00e0 mesure qu&#8217;il vieillit. Cependant, vous pouvez aider votre chien \u00e0 conserver sa mobilit\u00e9 le plus longtemps possible : par exemple, veillez \u00e0 ce qu&#8217;il fasse r\u00e9guli\u00e8rement de l&#8217;exercice, mais \u00e9vitez les activit\u00e9s qui sollicitent les articulations, telles que les virages et les sauts rapides. Continuez \u00e0 avancer, bien s\u00fbr &#8211; Zeel nous l&#8217;a dit. vet.<\/span><\/p>\n<p>D\u00e9pliant\/mode d\u2019emploi\/fiche technique de l\u2019article : \u2013 (lecteur PDF)<\/p>\n<p>Autres produits de : <a href=\"https:\/\/lions-pharmacy.com\/product-tag\/veterinary-medicine\">Soins des animaux et produits v\u00e9t\u00e9rinaires<\/a> | <a href=\"https:\/\/lions-pharmacy.com\/product-tag\/vitamins-supplements\">Vitamines et suppl\u00e9ments Produits<\/a><\/p>\n<p>Vous trouverez de plus amples informations sur le produit aupr\u00e8s du fabricant : <a href=\"https:\/\/www.heel.de\/de\/produktsuche.html\" target=\"_blank\" rel=\"noopener\">Biologische <\/a><a href=\"https:\/\/www.heel.de\/de\/produktsuche.html\">Heilmittel<\/a> <a href=\"https:\/\/www.heel.de\/de\/produktsuche.html\" target=\"_blank\" rel=\"noopener\">Heel GmbH<\/a><\/p>\n<p>Les informations contenues dans ce site web sont fournies \u00e0 titre informatif uniquement. Ils ne remplacent en aucun cas l&#8217;examen et le traitement par un m\u00e9decin. Veuillez noter que cela signifie qu&#8217;aucun diagnostic ne peut \u00eatre \u00e9tabli et qu&#8217;aucune th\u00e9rapie ne peut \u00eatre mise en place.<\/p>\n<p>Pour conna\u00eetre les risques et les effets secondaires, lisez la notice et demandez conseil \u00e0 votre m\u00e9decin ou \u00e0 votre pharmacien.<\/p>\n<p>&nbsp;<\/p>\n<h3>Ordonnance | e-prescription disponible ?<\/h3>\n<p>Soumettez votre e-prescription d\u00e8s maintenant. Utilisez notre application <a href=\"https:\/\/e-rezept-app.de\/shop-rezept\" target=\"_blank\" rel=\"noopener\">d\u2019ordonnance \u00e9lectronique<\/a> . Et nous vous donnons les frais de port gratuits en Allemagne !<\/p>\n","protected":false},"excerpt":{"rendered":"<h2>Zeel ad us. comprim\u00e9s v\u00e9t\u00e9rinaires<\/h2>\n<p>pour chiens et chats afin de soutenir les processus de gu\u00e9rison de l&#8217;organisme.<\/p>\n<p>&nbsp;<\/p>\n<p><strong>PZN<\/strong>: 04133318<\/p>\n<p><strong>Forme gal\u00e9naire<\/strong> : comprim\u00e9s<\/p>\n<p><strong>Taille de l&#8217;emballage<\/strong>: 100 pi\u00e8ces.<\/p>\n<p><strong>Type de prescription :<\/strong> sans prescription<\/p>\n<p><strong>Marque<\/strong>: Zeel<\/p>\n<p><strong>Fabricant<\/strong>: Biologische Heel, Allemagne<\/p>\n","protected":false},"featured_media":9244,"comment_status":"closed","ping_status":"closed","template":"","meta":[],"product_brand":[],"product_cat":[346,114],"product_tag":[306,602,230,464],"class_list":{"0":"post-9239","1":"product","2":"type-product","3":"status-publish","4":"has-post-thumbnail","6":"product_cat-heel","7":"product_cat-non-classifiee","8":"product_tag-homeopathie","9":"product_tag-medecine-veterinaire","10":"product_tag-neydil-fr","11":"product_tag-remedes-naturels","12":"ts_product_brand-all-fr","13":"ts_product_brand-heel-fr","15":"first","16":"instock","17":"taxable","18":"shipping-taxable","19":"purchasable","20":"product-type-simple"},"yoast_head":"<!-- This site is optimized with the Yoast SEO plugin v26.5 - https:\/\/yoast.com\/wordpress\/plugins\/seo\/ -->\n<title>Zeel ad us. comprim\u00e9s v\u00e9t\u00e9rinaires (100 pc) &#187; faites vos achats sur Lion Pharmacy<\/title>\n<meta name=\"description\" content=\"D\u00e9couvrez les m\u00e9dicaments v\u00e9t\u00e9rinaires et les produits de sant\u00e9 de haute qualit\u00e9 pour les chiens, les chats, les chevaux et les animaux de compagnie de Heel. Zeel ad us. comprim\u00e9s v\u00e9t\u00e9rinaires (100 pc)\" \/>\n<meta name=\"robots\" content=\"index, follow, max-snippet:-1, max-image-preview:large, max-video-preview:-1\" \/>\n<link rel=\"canonical\" href=\"https:\/\/lions-pharmacy.com\/fr\/produit\/zeel-ad-us-vet-tablets-100-pc-04133318\" \/>\n<meta property=\"og:locale\" content=\"fr_FR\" \/>\n<meta property=\"og:type\" content=\"article\" \/>\n<meta property=\"og:title\" content=\"Zeel ad us. comprim\u00e9s v\u00e9t\u00e9rinaires (100 pc) &#187; faites vos achats sur Lion Pharmacy\" \/>\n<meta property=\"og:description\" content=\"D\u00e9couvrez les m\u00e9dicaments v\u00e9t\u00e9rinaires et les produits de sant\u00e9 de haute qualit\u00e9 pour les chiens, les chats, les chevaux et les animaux de compagnie de Heel. Zeel ad us. comprim\u00e9s v\u00e9t\u00e9rinaires (100 pc)\" \/>\n<meta property=\"og:url\" content=\"https:\/\/lions-pharmacy.com\/fr\/produit\/zeel-ad-us-vet-tablets-100-pc-04133318\" \/>\n<meta property=\"og:site_name\" content=\"Lion Pharmacy\" \/>\n<meta property=\"article:modified_time\" content=\"2025-02-24T11:28:10+00:00\" \/>\n<meta property=\"og:image\" content=\"https:\/\/lions-pharmacy.com\/wp-content\/uploads\/2025\/02\/Zeel-ad-us.vet_.-Heel-100-pc-Lions-Pharmacy-PZN-04133318-.webp\" \/>\n\t<meta property=\"og:image:width\" content=\"600\" \/>\n\t<meta property=\"og:image:height\" content=\"600\" \/>\n\t<meta property=\"og:image:type\" content=\"image\/webp\" \/>\n<meta name=\"twitter:card\" content=\"summary_large_image\" \/>\n<meta name=\"twitter:label1\" content=\"Dur\u00e9e de lecture estim\u00e9e\" \/>\n\t<meta name=\"twitter:data1\" content=\"1 minute\" \/>\n<script type=\"application\/ld+json\" class=\"yoast-schema-graph\">{\"@context\":\"https:\/\/schema.org\",\"@graph\":[{\"@type\":\"WebPage\",\"@id\":\"https:\/\/lions-pharmacy.com\/fr\/produit\/zeel-ad-us-vet-tablets-100-pc-04133318\",\"url\":\"https:\/\/lions-pharmacy.com\/fr\/produit\/zeel-ad-us-vet-tablets-100-pc-04133318\",\"name\":\"Zeel ad us. comprim\u00e9s v\u00e9t\u00e9rinaires (100 pc) &#187; faites vos achats sur Lion Pharmacy\",\"isPartOf\":{\"@id\":\"https:\/\/lions-pharmacy.com\/fr#website\"},\"primaryImageOfPage\":{\"@id\":\"https:\/\/lions-pharmacy.com\/fr\/produit\/zeel-ad-us-vet-tablets-100-pc-04133318#primaryimage\"},\"image\":{\"@id\":\"https:\/\/lions-pharmacy.com\/fr\/produit\/zeel-ad-us-vet-tablets-100-pc-04133318#primaryimage\"},\"thumbnailUrl\":\"https:\/\/lions-pharmacy.com\/wp-content\/uploads\/2025\/02\/Zeel-ad-us.vet_.-Heel-100-pc-Lions-Pharmacy-PZN-04133318-.webp\",\"datePublished\":\"2025-02-17T14:50:11+00:00\",\"dateModified\":\"2025-02-24T11:28:10+00:00\",\"description\":\"D\u00e9couvrez les m\u00e9dicaments v\u00e9t\u00e9rinaires et les produits de sant\u00e9 de haute qualit\u00e9 pour les chiens, les chats, les chevaux et les animaux de compagnie de Heel. Zeel ad us. comprim\u00e9s v\u00e9t\u00e9rinaires (100 pc)\",\"breadcrumb\":{\"@id\":\"https:\/\/lions-pharmacy.com\/fr\/produit\/zeel-ad-us-vet-tablets-100-pc-04133318#breadcrumb\"},\"inLanguage\":\"fr-FR\",\"potentialAction\":[{\"@type\":\"ReadAction\",\"target\":[\"https:\/\/lions-pharmacy.com\/fr\/produit\/zeel-ad-us-vet-tablets-100-pc-04133318\"]}]},{\"@type\":\"ImageObject\",\"inLanguage\":\"fr-FR\",\"@id\":\"https:\/\/lions-pharmacy.com\/fr\/produit\/zeel-ad-us-vet-tablets-100-pc-04133318#primaryimage\",\"url\":\"https:\/\/lions-pharmacy.com\/wp-content\/uploads\/2025\/02\/Zeel-ad-us.vet_.-Heel-100-pc-Lions-Pharmacy-PZN-04133318-.webp\",\"contentUrl\":\"https:\/\/lions-pharmacy.com\/wp-content\/uploads\/2025\/02\/Zeel-ad-us.vet_.-Heel-100-pc-Lions-Pharmacy-PZN-04133318-.webp\",\"width\":600,\"height\":600,\"caption\":\"Une bo\u00eete de Zeel ad us.vet. de Heel, contient 100 comprim\u00e9s pour chiens et chats\"},{\"@type\":\"BreadcrumbList\",\"@id\":\"https:\/\/lions-pharmacy.com\/fr\/produit\/zeel-ad-us-vet-tablets-100-pc-04133318#breadcrumb\",\"itemListElement\":[{\"@type\":\"ListItem\",\"position\":1,\"name\":\"Home\",\"item\":\"https:\/\/lions-pharmacy.com\/fr\/homepage-lion-pharmacy\"},{\"@type\":\"ListItem\",\"position\":2,\"name\":\"Shop\",\"item\":\"https:\/\/lions-pharmacy.com\/fr\/boutique\"},{\"@type\":\"ListItem\",\"position\":3,\"name\":\"Zeel ad us. comprim\u00e9s v\u00e9t\u00e9rinaires (100 pc)\"}]},{\"@type\":\"WebSite\",\"@id\":\"https:\/\/lions-pharmacy.com\/fr#website\",\"url\":\"https:\/\/lions-pharmacy.com\/fr\",\"name\":\"Lions Pharmacy\",\"description\":\"Pharmacie sp\u00e9cialis\u00e9e en naturopathie de Baden-Baden, Allemagne\",\"publisher\":{\"@id\":\"https:\/\/lions-pharmacy.com\/fr#organization\"},\"alternateName\":\"Lion Pharmacy\",\"potentialAction\":[{\"@type\":\"SearchAction\",\"target\":{\"@type\":\"EntryPoint\",\"urlTemplate\":\"https:\/\/lions-pharmacy.com\/fr?s={search_term_string}\"},\"query-input\":{\"@type\":\"PropertyValueSpecification\",\"valueRequired\":true,\"valueName\":\"search_term_string\"}}],\"inLanguage\":\"fr-FR\"},{\"@type\":\"Organization\",\"@id\":\"https:\/\/lions-pharmacy.com\/fr#organization\",\"name\":\"Lions Pharmacy\",\"alternateName\":\"Lions Pharmacy24\",\"url\":\"https:\/\/lions-pharmacy.com\/fr\",\"logo\":{\"@type\":\"ImageObject\",\"inLanguage\":\"fr-FR\",\"@id\":\"https:\/\/lions-pharmacy.com\/fr#\/schema\/logo\/image\/\",\"url\":\"https:\/\/lions-pharmacy.com\/wp-content\/uploads\/2022\/12\/Logo-Lion-Pharmacy-c-o-Loewen-Apotheke-smal.jpg\",\"contentUrl\":\"https:\/\/lions-pharmacy.com\/wp-content\/uploads\/2022\/12\/Logo-Lion-Pharmacy-c-o-Loewen-Apotheke-smal.jpg\",\"width\":298,\"height\":99,\"caption\":\"Lions Pharmacy\"},\"image\":{\"@id\":\"https:\/\/lions-pharmacy.com\/fr#\/schema\/logo\/image\/\"}}]}<\/script>\n<!-- \/ Yoast SEO plugin. -->","yoast_head_json":{"title":"Zeel ad us. comprim\u00e9s v\u00e9t\u00e9rinaires (100 pc) &#187; faites vos achats sur Lion Pharmacy","description":"D\u00e9couvrez les m\u00e9dicaments v\u00e9t\u00e9rinaires et les produits de sant\u00e9 de haute qualit\u00e9 pour les chiens, les chats, les chevaux et les animaux de compagnie de Heel. Zeel ad us. comprim\u00e9s v\u00e9t\u00e9rinaires (100 pc)","robots":{"index":"index","follow":"follow","max-snippet":"max-snippet:-1","max-image-preview":"max-image-preview:large","max-video-preview":"max-video-preview:-1"},"canonical":"https:\/\/lions-pharmacy.com\/fr\/produit\/zeel-ad-us-vet-tablets-100-pc-04133318","og_locale":"fr_FR","og_type":"article","og_title":"Zeel ad us. comprim\u00e9s v\u00e9t\u00e9rinaires (100 pc) &#187; faites vos achats sur Lion Pharmacy","og_description":"D\u00e9couvrez les m\u00e9dicaments v\u00e9t\u00e9rinaires et les produits de sant\u00e9 de haute qualit\u00e9 pour les chiens, les chats, les chevaux et les animaux de compagnie de Heel. Zeel ad us. comprim\u00e9s v\u00e9t\u00e9rinaires (100 pc)","og_url":"https:\/\/lions-pharmacy.com\/fr\/produit\/zeel-ad-us-vet-tablets-100-pc-04133318","og_site_name":"Lion Pharmacy","article_modified_time":"2025-02-24T11:28:10+00:00","og_image":[{"width":600,"height":600,"url":"https:\/\/lions-pharmacy.com\/wp-content\/uploads\/2025\/02\/Zeel-ad-us.vet_.-Heel-100-pc-Lions-Pharmacy-PZN-04133318-.webp","type":"image\/webp"}],"twitter_card":"summary_large_image","twitter_misc":{"Dur\u00e9e de lecture estim\u00e9e":"1 minute"},"schema":{"@context":"https:\/\/schema.org","@graph":[{"@type":"WebPage","@id":"https:\/\/lions-pharmacy.com\/fr\/produit\/zeel-ad-us-vet-tablets-100-pc-04133318","url":"https:\/\/lions-pharmacy.com\/fr\/produit\/zeel-ad-us-vet-tablets-100-pc-04133318","name":"Zeel ad us. comprim\u00e9s v\u00e9t\u00e9rinaires (100 pc) &#187; faites vos achats sur Lion Pharmacy","isPartOf":{"@id":"https:\/\/lions-pharmacy.com\/fr#website"},"primaryImageOfPage":{"@id":"https:\/\/lions-pharmacy.com\/fr\/produit\/zeel-ad-us-vet-tablets-100-pc-04133318#primaryimage"},"image":{"@id":"https:\/\/lions-pharmacy.com\/fr\/produit\/zeel-ad-us-vet-tablets-100-pc-04133318#primaryimage"},"thumbnailUrl":"https:\/\/lions-pharmacy.com\/wp-content\/uploads\/2025\/02\/Zeel-ad-us.vet_.-Heel-100-pc-Lions-Pharmacy-PZN-04133318-.webp","datePublished":"2025-02-17T14:50:11+00:00","dateModified":"2025-02-24T11:28:10+00:00","description":"D\u00e9couvrez les m\u00e9dicaments v\u00e9t\u00e9rinaires et les produits de sant\u00e9 de haute qualit\u00e9 pour les chiens, les chats, les chevaux et les animaux de compagnie de Heel. Zeel ad us. comprim\u00e9s v\u00e9t\u00e9rinaires (100 pc)","breadcrumb":{"@id":"https:\/\/lions-pharmacy.com\/fr\/produit\/zeel-ad-us-vet-tablets-100-pc-04133318#breadcrumb"},"inLanguage":"fr-FR","potentialAction":[{"@type":"ReadAction","target":["https:\/\/lions-pharmacy.com\/fr\/produit\/zeel-ad-us-vet-tablets-100-pc-04133318"]}]},{"@type":"ImageObject","inLanguage":"fr-FR","@id":"https:\/\/lions-pharmacy.com\/fr\/produit\/zeel-ad-us-vet-tablets-100-pc-04133318#primaryimage","url":"https:\/\/lions-pharmacy.com\/wp-content\/uploads\/2025\/02\/Zeel-ad-us.vet_.-Heel-100-pc-Lions-Pharmacy-PZN-04133318-.webp","contentUrl":"https:\/\/lions-pharmacy.com\/wp-content\/uploads\/2025\/02\/Zeel-ad-us.vet_.-Heel-100-pc-Lions-Pharmacy-PZN-04133318-.webp","width":600,"height":600,"caption":"Une bo\u00eete de Zeel ad us.vet. de Heel, contient 100 comprim\u00e9s pour chiens et chats"},{"@type":"BreadcrumbList","@id":"https:\/\/lions-pharmacy.com\/fr\/produit\/zeel-ad-us-vet-tablets-100-pc-04133318#breadcrumb","itemListElement":[{"@type":"ListItem","position":1,"name":"Home","item":"https:\/\/lions-pharmacy.com\/fr\/homepage-lion-pharmacy"},{"@type":"ListItem","position":2,"name":"Shop","item":"https:\/\/lions-pharmacy.com\/fr\/boutique"},{"@type":"ListItem","position":3,"name":"Zeel ad us. comprim\u00e9s v\u00e9t\u00e9rinaires (100 pc)"}]},{"@type":"WebSite","@id":"https:\/\/lions-pharmacy.com\/fr#website","url":"https:\/\/lions-pharmacy.com\/fr","name":"Lions Pharmacy","description":"Pharmacie sp\u00e9cialis\u00e9e en naturopathie de Baden-Baden, Allemagne","publisher":{"@id":"https:\/\/lions-pharmacy.com\/fr#organization"},"alternateName":"Lion Pharmacy","potentialAction":[{"@type":"SearchAction","target":{"@type":"EntryPoint","urlTemplate":"https:\/\/lions-pharmacy.com\/fr?s={search_term_string}"},"query-input":{"@type":"PropertyValueSpecification","valueRequired":true,"valueName":"search_term_string"}}],"inLanguage":"fr-FR"},{"@type":"Organization","@id":"https:\/\/lions-pharmacy.com\/fr#organization","name":"Lions Pharmacy","alternateName":"Lions Pharmacy24","url":"https:\/\/lions-pharmacy.com\/fr","logo":{"@type":"ImageObject","inLanguage":"fr-FR","@id":"https:\/\/lions-pharmacy.com\/fr#\/schema\/logo\/image\/","url":"https:\/\/lions-pharmacy.com\/wp-content\/uploads\/2022\/12\/Logo-Lion-Pharmacy-c-o-Loewen-Apotheke-smal.jpg","contentUrl":"https:\/\/lions-pharmacy.com\/wp-content\/uploads\/2022\/12\/Logo-Lion-Pharmacy-c-o-Loewen-Apotheke-smal.jpg","width":298,"height":99,"caption":"Lions Pharmacy"},"image":{"@id":"https:\/\/lions-pharmacy.com\/fr#\/schema\/logo\/image\/"}}]}},"_links":{"self":[{"href":"https:\/\/lions-pharmacy.com\/fr\/wp-json\/wp\/v2\/product\/9239","targetHints":{"allow":["GET"]}}],"collection":[{"href":"https:\/\/lions-pharmacy.com\/fr\/wp-json\/wp\/v2\/product"}],"about":[{"href":"https:\/\/lions-pharmacy.com\/fr\/wp-json\/wp\/v2\/types\/product"}],"replies":[{"embeddable":true,"href":"https:\/\/lions-pharmacy.com\/fr\/wp-json\/wp\/v2\/comments?post=9239"}],"wp:featuredmedia":[{"embeddable":true,"href":"https:\/\/lions-pharmacy.com\/fr\/wp-json\/wp\/v2\/media\/9244"}],"wp:attachment":[{"href":"https:\/\/lions-pharmacy.com\/fr\/wp-json\/wp\/v2\/media?parent=9239"}],"wp:term":[{"taxonomy":"product_brand","embeddable":true,"href":"https:\/\/lions-pharmacy.com\/fr\/wp-json\/wp\/v2\/product_brand?post=9239"},{"taxonomy":"product_cat","embeddable":true,"href":"https:\/\/lions-pharmacy.com\/fr\/wp-json\/wp\/v2\/product_cat?post=9239"},{"taxonomy":"product_tag","embeddable":true,"href":"https:\/\/lions-pharmacy.com\/fr\/wp-json\/wp\/v2\/product_tag?post=9239"}],"curies":[{"name":"wp","href":"https:\/\/api.w.org\/{rel}","templated":true}]}}