{"id":9213,"date":"2025-02-17T14:43:24","date_gmt":"2025-02-17T13:43:24","guid":{"rendered":"https:\/\/lions-pharmacy.com\/?post_type=product&#038;p=9213"},"modified":"2026-01-08T09:45:30","modified_gmt":"2026-01-08T08:45:30","slug":"traumeel-t-ad-us-vet-tablets-250-pc-04055630","status":"publish","type":"product","link":"https:\/\/lions-pharmacy.com\/fr\/produit\/traumeel-t-ad-us-vet-tablets-250-pc-04055630","title":{"rendered":"Traumeel T ad us. vet. comprim\u00e9s (250 pc)"},"content":{"rendered":"<h3>Traumeel T ad us. vet. comprim\u00e9s, 250 pc<\/h3>\n<p>Traumeel T ad us. vet. pour une meilleure cicatrisation des plaies et pour les probl\u00e8mes d&#8217;articulation et de mobilit\u00e9.<\/p>\n<p>La m\u00e9decine v\u00e9t\u00e9rinaire naturelle pour les chiens et les chats soutient les processus de gu\u00e9rison du corps. Bien tol\u00e9r\u00e9 et peu d&#8217;effets secondaires &#8211; pas d&#8217;interactions connues. Peut \u00eatre associ\u00e9 \u00e0 d&#8217;autres m\u00e9dicaments<\/p>\n<p>Fabriqu\u00e9 en Allemagne.<\/p>\n<p>Notice \/ mode d\u2019emploi\/fiche technique de l\u2019article: &#8211; (Lecteur PDF)<\/p>\n<p>Autres produits de : <a href=\"https:\/\/lions-pharmacy.com\/fr\/etiquette-produit\/medecine-veterinaire\">Soins des animaux et produits v\u00e9t\u00e9rinaires<\/a> | <a href=\"https:\/\/lions-pharmacy.com\/fr\/etiquette-produit\/vitamines-et-supplements\">Vitamines et suppl\u00e9ments Produits<\/a><\/p>\n<p>Vous trouverez de plus amples informations sur le produit aupr\u00e8s du fabricant : <a href=\"https:\/\/www.heel.de\/de\/produktsuche.html\" target=\"_blank\" rel=\"noopener\">Biologische <\/a><a href=\"https:\/\/www.heel.de\/de\/produktsuche.html\">Heilmittel<\/a> <a href=\"https:\/\/www.heel.de\/de\/produktsuche.html\" target=\"_blank\" rel=\"noopener\">Heel GmbH<\/a><\/p>\n<p>Les informations contenues dans ce site web sont fournies \u00e0 titre informatif uniquement. Ils ne remplacent en aucun cas l&#8217;examen et le traitement par un m\u00e9decin. Veuillez noter que cela signifie qu&#8217;aucun diagnostic ne peut \u00eatre \u00e9tabli et qu&#8217;aucune th\u00e9rapie ne peut \u00eatre mise en place.<\/p>\n<p>Pour conna\u00eetre les risques et les effets secondaires, lisez la notice et demandez conseil \u00e0 votre m\u00e9decin ou \u00e0 votre pharmacien.<\/p>\n<p>&nbsp;<\/p>\n<h3>Ordonnance | e-prescription disponible ?<\/h3>\n<p>Soumettez votre e-prescription d\u00e8s maintenant. Utilisez notre application <a href=\"https:\/\/e-rezept-app.de\/shop-rezept\" target=\"_blank\" rel=\"noopener\">d\u2019ordonnance \u00e9lectronique<\/a> . Et nous vous donnons les frais de port gratuits en Allemagne !<\/p>\n","protected":false},"excerpt":{"rendered":"<h2>Traumeel T ad us. vet. comprim\u00e9s<\/h2>\n<p>Traumeel T ad us. vet. comprim\u00e9s, 250 pc pour une meilleure cicatrisation des plaies et pour les probl\u00e8mes d&#8217;articulation et de mobilit\u00e9.<\/p>\n<p>&nbsp;<\/p>\n<p><strong>PZN<\/strong>: 04055630<\/p>\n<p><strong>Forme gal\u00e9naire<\/strong> : comprim\u00e9s<\/p>\n<p><strong>Taille de l&#8217;emballage<\/strong>: 250 pi\u00e8ces.<\/p>\n<p><strong>Type de prescription :<\/strong> sans ordonnance<\/p>\n<p><strong>Marque<\/strong>: Traumeel<\/p>\n<p><strong>Fabricant<\/strong>: Biologische Heel, Allemagne<\/p>\n","protected":false},"featured_media":9222,"comment_status":"closed","ping_status":"closed","template":"","meta":[],"product_brand":[],"product_cat":[346,114],"product_tag":[306,602,230,464,264],"class_list":{"0":"post-9213","1":"product","2":"type-product","3":"status-publish","4":"has-post-thumbnail","6":"product_cat-heel","7":"product_cat-non-classifiee","8":"product_tag-homeopathie","9":"product_tag-medecine-veterinaire","10":"product_tag-neydil-fr","11":"product_tag-remedes-naturels","12":"product_tag-vitamines-et-supplements","13":"ts_product_brand-all-fr","14":"ts_product_brand-heel-fr","16":"first","17":"instock","18":"taxable","19":"shipping-taxable","20":"purchasable","21":"product-type-simple"},"yoast_head":"<!-- This site is optimized with the Yoast SEO plugin v26.5 - https:\/\/yoast.com\/wordpress\/plugins\/seo\/ -->\n<title>Traumeel T ad us. vet. comprim\u00e9s (250 pc) &#187; d\u00e9couvrir sur Lion Pharmacy<\/title>\n<meta name=\"description\" content=\"Visitez notre site web pour la m\u00e9decine v\u00e9t\u00e9rinaire et les produits de sant\u00e9 de Heel. Traumeel T ad us. vet. comprim\u00e9s (250 pc) . Id\u00e9al pour les chiens, les chats, les chevaux et les animaux domestiques.\" \/>\n<meta name=\"robots\" content=\"index, follow, max-snippet:-1, max-image-preview:large, max-video-preview:-1\" \/>\n<link rel=\"canonical\" href=\"https:\/\/lions-pharmacy.com\/fr\/produit\/traumeel-t-ad-us-vet-tablets-250-pc-04055630\" \/>\n<meta property=\"og:locale\" content=\"fr_FR\" \/>\n<meta property=\"og:type\" content=\"article\" \/>\n<meta property=\"og:title\" content=\"Traumeel T ad us. vet. comprim\u00e9s (250 pc) &#187; d\u00e9couvrir sur Lion Pharmacy\" \/>\n<meta property=\"og:description\" content=\"Visitez notre site web pour la m\u00e9decine v\u00e9t\u00e9rinaire et les produits de sant\u00e9 de Heel. Traumeel T ad us. vet. comprim\u00e9s (250 pc) . Id\u00e9al pour les chiens, les chats, les chevaux et les animaux domestiques.\" \/>\n<meta property=\"og:url\" content=\"https:\/\/lions-pharmacy.com\/fr\/produit\/traumeel-t-ad-us-vet-tablets-250-pc-04055630\" \/>\n<meta property=\"og:site_name\" content=\"Lion Pharmacy\" \/>\n<meta property=\"article:modified_time\" content=\"2026-01-08T08:45:30+00:00\" \/>\n<meta property=\"og:image\" content=\"https:\/\/lions-pharmacy.com\/wp-content\/uploads\/2025\/02\/Traumeel-T-Heel-250-pc.-PZN-.webp\" \/>\n\t<meta property=\"og:image:width\" content=\"600\" \/>\n\t<meta property=\"og:image:height\" content=\"600\" \/>\n\t<meta property=\"og:image:type\" content=\"image\/webp\" \/>\n<meta name=\"twitter:card\" content=\"summary_large_image\" \/>\n<meta name=\"twitter:label1\" content=\"Dur\u00e9e de lecture estim\u00e9e\" \/>\n\t<meta name=\"twitter:data1\" content=\"1 minute\" \/>\n<script type=\"application\/ld+json\" class=\"yoast-schema-graph\">{\"@context\":\"https:\/\/schema.org\",\"@graph\":[{\"@type\":\"WebPage\",\"@id\":\"https:\/\/lions-pharmacy.com\/fr\/produit\/traumeel-t-ad-us-vet-tablets-250-pc-04055630\",\"url\":\"https:\/\/lions-pharmacy.com\/fr\/produit\/traumeel-t-ad-us-vet-tablets-250-pc-04055630\",\"name\":\"Traumeel T ad us. vet. comprim\u00e9s (250 pc) &#187; d\u00e9couvrir sur Lion Pharmacy\",\"isPartOf\":{\"@id\":\"https:\/\/lions-pharmacy.com\/fr#website\"},\"primaryImageOfPage\":{\"@id\":\"https:\/\/lions-pharmacy.com\/fr\/produit\/traumeel-t-ad-us-vet-tablets-250-pc-04055630#primaryimage\"},\"image\":{\"@id\":\"https:\/\/lions-pharmacy.com\/fr\/produit\/traumeel-t-ad-us-vet-tablets-250-pc-04055630#primaryimage\"},\"thumbnailUrl\":\"https:\/\/lions-pharmacy.com\/wp-content\/uploads\/2025\/02\/Traumeel-T-Heel-250-pc.-PZN-.webp\",\"datePublished\":\"2025-02-17T13:43:24+00:00\",\"dateModified\":\"2026-01-08T08:45:30+00:00\",\"description\":\"Visitez notre site web pour la m\u00e9decine v\u00e9t\u00e9rinaire et les produits de sant\u00e9 de Heel. Traumeel T ad us. vet. comprim\u00e9s (250 pc) . Id\u00e9al pour les chiens, les chats, les chevaux et les animaux domestiques.\",\"breadcrumb\":{\"@id\":\"https:\/\/lions-pharmacy.com\/fr\/produit\/traumeel-t-ad-us-vet-tablets-250-pc-04055630#breadcrumb\"},\"inLanguage\":\"fr-FR\",\"potentialAction\":[{\"@type\":\"ReadAction\",\"target\":[\"https:\/\/lions-pharmacy.com\/fr\/produit\/traumeel-t-ad-us-vet-tablets-250-pc-04055630\"]}]},{\"@type\":\"ImageObject\",\"inLanguage\":\"fr-FR\",\"@id\":\"https:\/\/lions-pharmacy.com\/fr\/produit\/traumeel-t-ad-us-vet-tablets-250-pc-04055630#primaryimage\",\"url\":\"https:\/\/lions-pharmacy.com\/wp-content\/uploads\/2025\/02\/Traumeel-T-Heel-250-pc.-PZN-.webp\",\"contentUrl\":\"https:\/\/lions-pharmacy.com\/wp-content\/uploads\/2025\/02\/Traumeel-T-Heel-250-pc.-PZN-.webp\",\"width\":600,\"height\":600,\"caption\":\"Traumeel T comprim\u00e9s de Heel, une bo\u00eete contient 250 pc, PZN 04055630, Lions Pharmacy\"},{\"@type\":\"BreadcrumbList\",\"@id\":\"https:\/\/lions-pharmacy.com\/fr\/produit\/traumeel-t-ad-us-vet-tablets-250-pc-04055630#breadcrumb\",\"itemListElement\":[{\"@type\":\"ListItem\",\"position\":1,\"name\":\"Home\",\"item\":\"https:\/\/lions-pharmacy.com\/fr\/homepage-lion-pharmacy\"},{\"@type\":\"ListItem\",\"position\":2,\"name\":\"Shop\",\"item\":\"https:\/\/lions-pharmacy.com\/fr\/boutique\"},{\"@type\":\"ListItem\",\"position\":3,\"name\":\"Traumeel T ad us. vet. comprim\u00e9s (250 pc)\"}]},{\"@type\":\"WebSite\",\"@id\":\"https:\/\/lions-pharmacy.com\/fr#website\",\"url\":\"https:\/\/lions-pharmacy.com\/fr\",\"name\":\"Lions Pharmacy\",\"description\":\"Pharmacie sp\u00e9cialis\u00e9e en naturopathie de Baden-Baden, Allemagne\",\"publisher\":{\"@id\":\"https:\/\/lions-pharmacy.com\/fr#organization\"},\"alternateName\":\"Lion Pharmacy\",\"potentialAction\":[{\"@type\":\"SearchAction\",\"target\":{\"@type\":\"EntryPoint\",\"urlTemplate\":\"https:\/\/lions-pharmacy.com\/fr?s={search_term_string}\"},\"query-input\":{\"@type\":\"PropertyValueSpecification\",\"valueRequired\":true,\"valueName\":\"search_term_string\"}}],\"inLanguage\":\"fr-FR\"},{\"@type\":\"Organization\",\"@id\":\"https:\/\/lions-pharmacy.com\/fr#organization\",\"name\":\"Lions Pharmacy\",\"alternateName\":\"Lions Pharmacy24\",\"url\":\"https:\/\/lions-pharmacy.com\/fr\",\"logo\":{\"@type\":\"ImageObject\",\"inLanguage\":\"fr-FR\",\"@id\":\"https:\/\/lions-pharmacy.com\/fr#\/schema\/logo\/image\/\",\"url\":\"https:\/\/lions-pharmacy.com\/wp-content\/uploads\/2022\/12\/Logo-Lion-Pharmacy-c-o-Loewen-Apotheke-smal.jpg\",\"contentUrl\":\"https:\/\/lions-pharmacy.com\/wp-content\/uploads\/2022\/12\/Logo-Lion-Pharmacy-c-o-Loewen-Apotheke-smal.jpg\",\"width\":298,\"height\":99,\"caption\":\"Lions Pharmacy\"},\"image\":{\"@id\":\"https:\/\/lions-pharmacy.com\/fr#\/schema\/logo\/image\/\"}}]}<\/script>\n<!-- \/ Yoast SEO plugin. -->","yoast_head_json":{"title":"Traumeel T ad us. vet. comprim\u00e9s (250 pc) &#187; d\u00e9couvrir sur Lion Pharmacy","description":"Visitez notre site web pour la m\u00e9decine v\u00e9t\u00e9rinaire et les produits de sant\u00e9 de Heel. Traumeel T ad us. vet. comprim\u00e9s (250 pc) . Id\u00e9al pour les chiens, les chats, les chevaux et les animaux domestiques.","robots":{"index":"index","follow":"follow","max-snippet":"max-snippet:-1","max-image-preview":"max-image-preview:large","max-video-preview":"max-video-preview:-1"},"canonical":"https:\/\/lions-pharmacy.com\/fr\/produit\/traumeel-t-ad-us-vet-tablets-250-pc-04055630","og_locale":"fr_FR","og_type":"article","og_title":"Traumeel T ad us. vet. comprim\u00e9s (250 pc) &#187; d\u00e9couvrir sur Lion Pharmacy","og_description":"Visitez notre site web pour la m\u00e9decine v\u00e9t\u00e9rinaire et les produits de sant\u00e9 de Heel. Traumeel T ad us. vet. comprim\u00e9s (250 pc) . Id\u00e9al pour les chiens, les chats, les chevaux et les animaux domestiques.","og_url":"https:\/\/lions-pharmacy.com\/fr\/produit\/traumeel-t-ad-us-vet-tablets-250-pc-04055630","og_site_name":"Lion Pharmacy","article_modified_time":"2026-01-08T08:45:30+00:00","og_image":[{"width":600,"height":600,"url":"https:\/\/lions-pharmacy.com\/wp-content\/uploads\/2025\/02\/Traumeel-T-Heel-250-pc.-PZN-.webp","type":"image\/webp"}],"twitter_card":"summary_large_image","twitter_misc":{"Dur\u00e9e de lecture estim\u00e9e":"1 minute"},"schema":{"@context":"https:\/\/schema.org","@graph":[{"@type":"WebPage","@id":"https:\/\/lions-pharmacy.com\/fr\/produit\/traumeel-t-ad-us-vet-tablets-250-pc-04055630","url":"https:\/\/lions-pharmacy.com\/fr\/produit\/traumeel-t-ad-us-vet-tablets-250-pc-04055630","name":"Traumeel T ad us. vet. comprim\u00e9s (250 pc) &#187; d\u00e9couvrir sur Lion Pharmacy","isPartOf":{"@id":"https:\/\/lions-pharmacy.com\/fr#website"},"primaryImageOfPage":{"@id":"https:\/\/lions-pharmacy.com\/fr\/produit\/traumeel-t-ad-us-vet-tablets-250-pc-04055630#primaryimage"},"image":{"@id":"https:\/\/lions-pharmacy.com\/fr\/produit\/traumeel-t-ad-us-vet-tablets-250-pc-04055630#primaryimage"},"thumbnailUrl":"https:\/\/lions-pharmacy.com\/wp-content\/uploads\/2025\/02\/Traumeel-T-Heel-250-pc.-PZN-.webp","datePublished":"2025-02-17T13:43:24+00:00","dateModified":"2026-01-08T08:45:30+00:00","description":"Visitez notre site web pour la m\u00e9decine v\u00e9t\u00e9rinaire et les produits de sant\u00e9 de Heel. Traumeel T ad us. vet. comprim\u00e9s (250 pc) . Id\u00e9al pour les chiens, les chats, les chevaux et les animaux domestiques.","breadcrumb":{"@id":"https:\/\/lions-pharmacy.com\/fr\/produit\/traumeel-t-ad-us-vet-tablets-250-pc-04055630#breadcrumb"},"inLanguage":"fr-FR","potentialAction":[{"@type":"ReadAction","target":["https:\/\/lions-pharmacy.com\/fr\/produit\/traumeel-t-ad-us-vet-tablets-250-pc-04055630"]}]},{"@type":"ImageObject","inLanguage":"fr-FR","@id":"https:\/\/lions-pharmacy.com\/fr\/produit\/traumeel-t-ad-us-vet-tablets-250-pc-04055630#primaryimage","url":"https:\/\/lions-pharmacy.com\/wp-content\/uploads\/2025\/02\/Traumeel-T-Heel-250-pc.-PZN-.webp","contentUrl":"https:\/\/lions-pharmacy.com\/wp-content\/uploads\/2025\/02\/Traumeel-T-Heel-250-pc.-PZN-.webp","width":600,"height":600,"caption":"Traumeel T comprim\u00e9s de Heel, une bo\u00eete contient 250 pc, PZN 04055630, Lions Pharmacy"},{"@type":"BreadcrumbList","@id":"https:\/\/lions-pharmacy.com\/fr\/produit\/traumeel-t-ad-us-vet-tablets-250-pc-04055630#breadcrumb","itemListElement":[{"@type":"ListItem","position":1,"name":"Home","item":"https:\/\/lions-pharmacy.com\/fr\/homepage-lion-pharmacy"},{"@type":"ListItem","position":2,"name":"Shop","item":"https:\/\/lions-pharmacy.com\/fr\/boutique"},{"@type":"ListItem","position":3,"name":"Traumeel T ad us. vet. comprim\u00e9s (250 pc)"}]},{"@type":"WebSite","@id":"https:\/\/lions-pharmacy.com\/fr#website","url":"https:\/\/lions-pharmacy.com\/fr","name":"Lions Pharmacy","description":"Pharmacie sp\u00e9cialis\u00e9e en naturopathie de Baden-Baden, Allemagne","publisher":{"@id":"https:\/\/lions-pharmacy.com\/fr#organization"},"alternateName":"Lion Pharmacy","potentialAction":[{"@type":"SearchAction","target":{"@type":"EntryPoint","urlTemplate":"https:\/\/lions-pharmacy.com\/fr?s={search_term_string}"},"query-input":{"@type":"PropertyValueSpecification","valueRequired":true,"valueName":"search_term_string"}}],"inLanguage":"fr-FR"},{"@type":"Organization","@id":"https:\/\/lions-pharmacy.com\/fr#organization","name":"Lions Pharmacy","alternateName":"Lions Pharmacy24","url":"https:\/\/lions-pharmacy.com\/fr","logo":{"@type":"ImageObject","inLanguage":"fr-FR","@id":"https:\/\/lions-pharmacy.com\/fr#\/schema\/logo\/image\/","url":"https:\/\/lions-pharmacy.com\/wp-content\/uploads\/2022\/12\/Logo-Lion-Pharmacy-c-o-Loewen-Apotheke-smal.jpg","contentUrl":"https:\/\/lions-pharmacy.com\/wp-content\/uploads\/2022\/12\/Logo-Lion-Pharmacy-c-o-Loewen-Apotheke-smal.jpg","width":298,"height":99,"caption":"Lions Pharmacy"},"image":{"@id":"https:\/\/lions-pharmacy.com\/fr#\/schema\/logo\/image\/"}}]}},"_links":{"self":[{"href":"https:\/\/lions-pharmacy.com\/fr\/wp-json\/wp\/v2\/product\/9213","targetHints":{"allow":["GET"]}}],"collection":[{"href":"https:\/\/lions-pharmacy.com\/fr\/wp-json\/wp\/v2\/product"}],"about":[{"href":"https:\/\/lions-pharmacy.com\/fr\/wp-json\/wp\/v2\/types\/product"}],"replies":[{"embeddable":true,"href":"https:\/\/lions-pharmacy.com\/fr\/wp-json\/wp\/v2\/comments?post=9213"}],"wp:featuredmedia":[{"embeddable":true,"href":"https:\/\/lions-pharmacy.com\/fr\/wp-json\/wp\/v2\/media\/9222"}],"wp:attachment":[{"href":"https:\/\/lions-pharmacy.com\/fr\/wp-json\/wp\/v2\/media?parent=9213"}],"wp:term":[{"taxonomy":"product_brand","embeddable":true,"href":"https:\/\/lions-pharmacy.com\/fr\/wp-json\/wp\/v2\/product_brand?post=9213"},{"taxonomy":"product_cat","embeddable":true,"href":"https:\/\/lions-pharmacy.com\/fr\/wp-json\/wp\/v2\/product_cat?post=9213"},{"taxonomy":"product_tag","embeddable":true,"href":"https:\/\/lions-pharmacy.com\/fr\/wp-json\/wp\/v2\/product_tag?post=9213"}],"curies":[{"name":"wp","href":"https:\/\/api.w.org\/{rel}","templated":true}]}}