{"id":9150,"date":"2025-02-15T06:20:58","date_gmt":"2025-02-15T05:20:58","guid":{"rendered":"https:\/\/lions-pharmacy.com\/?post_type=product&#038;p=9150"},"modified":"2025-02-15T09:08:49","modified_gmt":"2025-02-15T08:08:49","slug":"notakehl-d6-ampoules-10x-1ml","status":"publish","type":"product","link":"https:\/\/lions-pharmacy.com\/fr\/produit\/notakehl-d6-ampoules-10x-1ml","title":{"rendered":"NOTAKEHL D6 Ampoules (10x 1ml)"},"content":{"rendered":"<h3>NOTAKEHL D6 Ampoules<\/h3>\n<p>NOTAKEHL D 6 ampoules dans le corps est un m\u00e9dicament hom\u00e9opathique destin\u00e9 \u00e0 favoriser l&#8217;\u00e9quilibre microbien dans l&#8217;organisme (th\u00e9rapie SANUM). Dilution liquide pour injection dans les infections bact\u00e9riennes et les inflammations.<\/p>\n<p>Chez le fabricant SANUM-KEHLBECK GmbH &amp; Co. KG, vous trouverez de plus amples informations sur le produit NOTAKEHL D 6 ampoules. Adresse du fournisseur\/fabricant SANUM-KEHLBECK GmbH &amp; Co. KG Hasseler Steinweg 9, 27318 Hoya, Allemagne.<\/p>\n<p>La th\u00e9rapie SANUM a un effet r\u00e9gulateur sur l&#8217;\u00e9quilibre microbien dans le corps gr\u00e2ce \u00e0 la puissance des micro-organismes naturels afin de traiter les maladies aigu\u00ebs et chroniques. Les domaines d&#8217;application des m\u00e9dicaments SANUM sont tr\u00e8s vari\u00e9s. Ils sont utilis\u00e9s pour les maladies aigu\u00ebs et chroniques du syst\u00e8me cardiovasculaire, les maladies d\u00e9g\u00e9n\u00e9ratives du tissu conjonctif et du tissu de soutien, ainsi que les maladies infectieuses bact\u00e9riennes, virales et fongiques.<\/p>\n<p>Notice \/ mode d\u2019emploi\/fiche technique de l\u2019article: &#8211; (Lecteur PDF)<\/p>\n<p>Autres produits pour l\u2019application&nbsp;: <a href=\"https:\/\/lions-pharmacy.com\/product-tag\/homeopathy\" rel=\"tag\">Hom\u00e9opathie<\/a> | <a href=\"https:\/\/lions-pharmacy.com\/product-tag\/virus-infection\" rel=\"tag\">Infection virale<\/a> | <a href=\"https:\/\/lions-pharmacy.com\/product-tag\/vitamins-supplements\">Vitamines et suppl\u00e9ments Produits<\/a><\/p>\n<p>En savoir plus sur le fabricant et ce produit : <a href=\"https:\/\/sanum.com\/\" target=\"_blank\" rel=\"noopener\">SANUM-Kelbeck<\/a> (lien vers un site web externe)<\/p>\n<p>Les informations contenues dans ce site web sont fournies \u00e0 titre informatif uniquement. Ils ne remplacent en aucun cas l&#8217;examen et le traitement par un m\u00e9decin. Veuillez noter que cela signifie qu&#8217;aucun diagnostic ne peut \u00eatre \u00e9tabli et qu&#8217;aucune th\u00e9rapie ne peut \u00eatre mise en place.<\/p>\n<p>Pour conna\u00eetre les risques et les effets secondaires, lisez la notice et demandez conseil \u00e0 votre m\u00e9decin ou \u00e0 votre pharmacien.<\/p>\n<p>&nbsp;<\/p>\n<h3>Ordonnance | e-prescription disponible ?<\/h3>\n<p>Soumettez votre e-prescription d\u00e8s maintenant. Utilisez notre application <a href=\"https:\/\/e-rezept-app.de\/shop-rezept\" target=\"_blank\" rel=\"noopener\">d\u2019ordonnance \u00e9lectronique<\/a> . Et nous vous donnons les frais de port gratuits en Allemagne !<\/p>\n","protected":false},"excerpt":{"rendered":"<h2>NOTAKEHL D6 Ampoules<\/h2>\n<p>M\u00e9dicaments favorisant l&#8217;\u00e9quilibre microbien de l&#8217;organisme.<\/p>\n<p>&nbsp;<\/p>\n<p><strong>PZN<\/strong>: 03207061<\/p>\n<p><strong>Forme posologique<\/strong>: Ampoules<\/p>\n<p><strong>Taille de l&#8217;emballage<\/strong>: 10x 1 ml<\/p>\n<p><strong>Type d\u2019ordonnance :<\/strong> sans ordonnance<\/p>\n<p><strong>Marque<\/strong>: SANUM<\/p>\n<p><strong>Fabricant<\/strong>: SANUM-Kehlbeck GmbH, Allemagne<\/p>\n","protected":false},"featured_media":9155,"comment_status":"closed","ping_status":"closed","template":"","meta":[],"product_brand":[],"product_cat":[114],"product_tag":[266,265,306,466,267,464,264],"class_list":{"0":"post-9150","1":"product","2":"type-product","3":"status-publish","4":"has-post-thumbnail","6":"product_cat-non-classifiee","7":"product_tag-bien-etre","8":"product_tag-gestion-du-poids","9":"product_tag-homeopathie","10":"product_tag-ingredient-actif-a-base-de-plantes","11":"product_tag-poids-et-forme","12":"product_tag-remedes-naturels","13":"product_tag-vitamines-et-supplements","14":"ts_product_brand-all-fr","15":"ts_product_brand-sanum-kehlbeck-fr","17":"first","18":"outofstock","19":"sale","20":"taxable","21":"shipping-taxable","22":"purchasable","23":"product-type-simple"},"yoast_head":"<!-- This site is optimized with the Yoast SEO plugin v26.5 - https:\/\/yoast.com\/wordpress\/plugins\/seo\/ -->\n<title>NOTAKEHL D6 Ampoules (10x 1ml) &#187; En savoir plus<\/title>\n<meta name=\"description\" content=\"Pharmacie en ligne allemande enregistr\u00e9e. Nous offrons\u00a0: une livraison rapide dans le monde entier et un service de premier ordre. NOTAKEHL D6 Ampoules (10x 1ml) par SANUM-Kehlbeck. Th\u00e9rapie SANUM.\" \/>\n<meta name=\"robots\" content=\"index, follow, max-snippet:-1, max-image-preview:large, max-video-preview:-1\" \/>\n<link rel=\"canonical\" href=\"https:\/\/lions-pharmacy.com\/fr\/produit\/notakehl-d6-ampoules-10x-1ml\" \/>\n<meta property=\"og:locale\" content=\"fr_FR\" \/>\n<meta property=\"og:type\" content=\"article\" \/>\n<meta property=\"og:title\" content=\"NOTAKEHL D6 Ampoules (10x 1ml) &#187; En savoir plus\" \/>\n<meta property=\"og:description\" content=\"Pharmacie en ligne allemande enregistr\u00e9e. Nous offrons\u00a0: une livraison rapide dans le monde entier et un service de premier ordre. NOTAKEHL D6 Ampoules (10x 1ml) par SANUM-Kehlbeck. Th\u00e9rapie SANUM.\" \/>\n<meta property=\"og:url\" content=\"https:\/\/lions-pharmacy.com\/fr\/produit\/notakehl-d6-ampoules-10x-1ml\" \/>\n<meta property=\"og:site_name\" content=\"Lion Pharmacy\" \/>\n<meta property=\"article:modified_time\" content=\"2025-02-15T08:08:49+00:00\" \/>\n<meta property=\"og:image\" content=\"https:\/\/lions-pharmacy.com\/wp-content\/uploads\/2025\/02\/Packung-NOTAKEHL-D6-Ampoules-10X1-ml-SANUM-KEHLBECK-GmbH-Co.-KG-PZN-03207061.webp\" \/>\n\t<meta property=\"og:image:width\" content=\"600\" \/>\n\t<meta property=\"og:image:height\" content=\"600\" \/>\n\t<meta property=\"og:image:type\" content=\"image\/webp\" \/>\n<meta name=\"twitter:card\" content=\"summary_large_image\" \/>\n<meta name=\"twitter:label1\" content=\"Dur\u00e9e de lecture estim\u00e9e\" \/>\n\t<meta name=\"twitter:data1\" content=\"1 minute\" \/>\n<script type=\"application\/ld+json\" class=\"yoast-schema-graph\">{\"@context\":\"https:\/\/schema.org\",\"@graph\":[{\"@type\":\"WebPage\",\"@id\":\"https:\/\/lions-pharmacy.com\/fr\/produit\/notakehl-d6-ampoules-10x-1ml\",\"url\":\"https:\/\/lions-pharmacy.com\/fr\/produit\/notakehl-d6-ampoules-10x-1ml\",\"name\":\"NOTAKEHL D6 Ampoules (10x 1ml) &#187; En savoir plus\",\"isPartOf\":{\"@id\":\"https:\/\/lions-pharmacy.com\/fr#website\"},\"primaryImageOfPage\":{\"@id\":\"https:\/\/lions-pharmacy.com\/fr\/produit\/notakehl-d6-ampoules-10x-1ml#primaryimage\"},\"image\":{\"@id\":\"https:\/\/lions-pharmacy.com\/fr\/produit\/notakehl-d6-ampoules-10x-1ml#primaryimage\"},\"thumbnailUrl\":\"https:\/\/lions-pharmacy.com\/wp-content\/uploads\/2025\/02\/Packung-NOTAKEHL-D6-Ampoules-10X1-ml-SANUM-KEHLBECK-GmbH-Co.-KG-PZN-03207061.webp\",\"datePublished\":\"2025-02-15T05:20:58+00:00\",\"dateModified\":\"2025-02-15T08:08:49+00:00\",\"description\":\"Pharmacie en ligne allemande enregistr\u00e9e. Nous offrons\u00a0: une livraison rapide dans le monde entier et un service de premier ordre. NOTAKEHL D6 Ampoules (10x 1ml) par SANUM-Kehlbeck. Th\u00e9rapie SANUM.\",\"breadcrumb\":{\"@id\":\"https:\/\/lions-pharmacy.com\/fr\/produit\/notakehl-d6-ampoules-10x-1ml#breadcrumb\"},\"inLanguage\":\"fr-FR\",\"potentialAction\":[{\"@type\":\"ReadAction\",\"target\":[\"https:\/\/lions-pharmacy.com\/fr\/produit\/notakehl-d6-ampoules-10x-1ml\"]}]},{\"@type\":\"ImageObject\",\"inLanguage\":\"fr-FR\",\"@id\":\"https:\/\/lions-pharmacy.com\/fr\/produit\/notakehl-d6-ampoules-10x-1ml#primaryimage\",\"url\":\"https:\/\/lions-pharmacy.com\/wp-content\/uploads\/2025\/02\/Packung-NOTAKEHL-D6-Ampoules-10X1-ml-SANUM-KEHLBECK-GmbH-Co.-KG-PZN-03207061.webp\",\"contentUrl\":\"https:\/\/lions-pharmacy.com\/wp-content\/uploads\/2025\/02\/Packung-NOTAKEHL-D6-Ampoules-10X1-ml-SANUM-KEHLBECK-GmbH-Co.-KG-PZN-03207061.webp\",\"width\":600,\"height\":600,\"caption\":\"Bo\u00eete NOTAKEHL D6 Ampoules, 10X 1ml de SANUM-KEHLBECK-GmbH Co.-KG, PZN 03207061\"},{\"@type\":\"BreadcrumbList\",\"@id\":\"https:\/\/lions-pharmacy.com\/fr\/produit\/notakehl-d6-ampoules-10x-1ml#breadcrumb\",\"itemListElement\":[{\"@type\":\"ListItem\",\"position\":1,\"name\":\"Home\",\"item\":\"https:\/\/lions-pharmacy.com\/fr\/homepage-lion-pharmacy\"},{\"@type\":\"ListItem\",\"position\":2,\"name\":\"Shop\",\"item\":\"https:\/\/lions-pharmacy.com\/fr\/boutique\"},{\"@type\":\"ListItem\",\"position\":3,\"name\":\"NOTAKEHL D6 Ampoules (10x 1ml)\"}]},{\"@type\":\"WebSite\",\"@id\":\"https:\/\/lions-pharmacy.com\/fr#website\",\"url\":\"https:\/\/lions-pharmacy.com\/fr\",\"name\":\"Lions Pharmacy\",\"description\":\"Pharmacie sp\u00e9cialis\u00e9e en naturopathie de Baden-Baden, Allemagne\",\"publisher\":{\"@id\":\"https:\/\/lions-pharmacy.com\/fr#organization\"},\"alternateName\":\"Lion Pharmacy\",\"potentialAction\":[{\"@type\":\"SearchAction\",\"target\":{\"@type\":\"EntryPoint\",\"urlTemplate\":\"https:\/\/lions-pharmacy.com\/fr?s={search_term_string}\"},\"query-input\":{\"@type\":\"PropertyValueSpecification\",\"valueRequired\":true,\"valueName\":\"search_term_string\"}}],\"inLanguage\":\"fr-FR\"},{\"@type\":\"Organization\",\"@id\":\"https:\/\/lions-pharmacy.com\/fr#organization\",\"name\":\"Lions Pharmacy\",\"alternateName\":\"Lions Pharmacy24\",\"url\":\"https:\/\/lions-pharmacy.com\/fr\",\"logo\":{\"@type\":\"ImageObject\",\"inLanguage\":\"fr-FR\",\"@id\":\"https:\/\/lions-pharmacy.com\/fr#\/schema\/logo\/image\/\",\"url\":\"https:\/\/lions-pharmacy.com\/wp-content\/uploads\/2022\/12\/Logo-Lion-Pharmacy-c-o-Loewen-Apotheke-smal.jpg\",\"contentUrl\":\"https:\/\/lions-pharmacy.com\/wp-content\/uploads\/2022\/12\/Logo-Lion-Pharmacy-c-o-Loewen-Apotheke-smal.jpg\",\"width\":298,\"height\":99,\"caption\":\"Lions Pharmacy\"},\"image\":{\"@id\":\"https:\/\/lions-pharmacy.com\/fr#\/schema\/logo\/image\/\"}}]}<\/script>\n<!-- \/ Yoast SEO plugin. -->","yoast_head_json":{"title":"NOTAKEHL D6 Ampoules (10x 1ml) &#187; En savoir plus","description":"Pharmacie en ligne allemande enregistr\u00e9e. Nous offrons\u00a0: une livraison rapide dans le monde entier et un service de premier ordre. NOTAKEHL D6 Ampoules (10x 1ml) par SANUM-Kehlbeck. Th\u00e9rapie SANUM.","robots":{"index":"index","follow":"follow","max-snippet":"max-snippet:-1","max-image-preview":"max-image-preview:large","max-video-preview":"max-video-preview:-1"},"canonical":"https:\/\/lions-pharmacy.com\/fr\/produit\/notakehl-d6-ampoules-10x-1ml","og_locale":"fr_FR","og_type":"article","og_title":"NOTAKEHL D6 Ampoules (10x 1ml) &#187; En savoir plus","og_description":"Pharmacie en ligne allemande enregistr\u00e9e. Nous offrons\u00a0: une livraison rapide dans le monde entier et un service de premier ordre. NOTAKEHL D6 Ampoules (10x 1ml) par SANUM-Kehlbeck. Th\u00e9rapie SANUM.","og_url":"https:\/\/lions-pharmacy.com\/fr\/produit\/notakehl-d6-ampoules-10x-1ml","og_site_name":"Lion Pharmacy","article_modified_time":"2025-02-15T08:08:49+00:00","og_image":[{"width":600,"height":600,"url":"https:\/\/lions-pharmacy.com\/wp-content\/uploads\/2025\/02\/Packung-NOTAKEHL-D6-Ampoules-10X1-ml-SANUM-KEHLBECK-GmbH-Co.-KG-PZN-03207061.webp","type":"image\/webp"}],"twitter_card":"summary_large_image","twitter_misc":{"Dur\u00e9e de lecture estim\u00e9e":"1 minute"},"schema":{"@context":"https:\/\/schema.org","@graph":[{"@type":"WebPage","@id":"https:\/\/lions-pharmacy.com\/fr\/produit\/notakehl-d6-ampoules-10x-1ml","url":"https:\/\/lions-pharmacy.com\/fr\/produit\/notakehl-d6-ampoules-10x-1ml","name":"NOTAKEHL D6 Ampoules (10x 1ml) &#187; En savoir plus","isPartOf":{"@id":"https:\/\/lions-pharmacy.com\/fr#website"},"primaryImageOfPage":{"@id":"https:\/\/lions-pharmacy.com\/fr\/produit\/notakehl-d6-ampoules-10x-1ml#primaryimage"},"image":{"@id":"https:\/\/lions-pharmacy.com\/fr\/produit\/notakehl-d6-ampoules-10x-1ml#primaryimage"},"thumbnailUrl":"https:\/\/lions-pharmacy.com\/wp-content\/uploads\/2025\/02\/Packung-NOTAKEHL-D6-Ampoules-10X1-ml-SANUM-KEHLBECK-GmbH-Co.-KG-PZN-03207061.webp","datePublished":"2025-02-15T05:20:58+00:00","dateModified":"2025-02-15T08:08:49+00:00","description":"Pharmacie en ligne allemande enregistr\u00e9e. Nous offrons\u00a0: une livraison rapide dans le monde entier et un service de premier ordre. NOTAKEHL D6 Ampoules (10x 1ml) par SANUM-Kehlbeck. Th\u00e9rapie SANUM.","breadcrumb":{"@id":"https:\/\/lions-pharmacy.com\/fr\/produit\/notakehl-d6-ampoules-10x-1ml#breadcrumb"},"inLanguage":"fr-FR","potentialAction":[{"@type":"ReadAction","target":["https:\/\/lions-pharmacy.com\/fr\/produit\/notakehl-d6-ampoules-10x-1ml"]}]},{"@type":"ImageObject","inLanguage":"fr-FR","@id":"https:\/\/lions-pharmacy.com\/fr\/produit\/notakehl-d6-ampoules-10x-1ml#primaryimage","url":"https:\/\/lions-pharmacy.com\/wp-content\/uploads\/2025\/02\/Packung-NOTAKEHL-D6-Ampoules-10X1-ml-SANUM-KEHLBECK-GmbH-Co.-KG-PZN-03207061.webp","contentUrl":"https:\/\/lions-pharmacy.com\/wp-content\/uploads\/2025\/02\/Packung-NOTAKEHL-D6-Ampoules-10X1-ml-SANUM-KEHLBECK-GmbH-Co.-KG-PZN-03207061.webp","width":600,"height":600,"caption":"Bo\u00eete NOTAKEHL D6 Ampoules, 10X 1ml de SANUM-KEHLBECK-GmbH Co.-KG, PZN 03207061"},{"@type":"BreadcrumbList","@id":"https:\/\/lions-pharmacy.com\/fr\/produit\/notakehl-d6-ampoules-10x-1ml#breadcrumb","itemListElement":[{"@type":"ListItem","position":1,"name":"Home","item":"https:\/\/lions-pharmacy.com\/fr\/homepage-lion-pharmacy"},{"@type":"ListItem","position":2,"name":"Shop","item":"https:\/\/lions-pharmacy.com\/fr\/boutique"},{"@type":"ListItem","position":3,"name":"NOTAKEHL D6 Ampoules (10x 1ml)"}]},{"@type":"WebSite","@id":"https:\/\/lions-pharmacy.com\/fr#website","url":"https:\/\/lions-pharmacy.com\/fr","name":"Lions Pharmacy","description":"Pharmacie sp\u00e9cialis\u00e9e en naturopathie de Baden-Baden, Allemagne","publisher":{"@id":"https:\/\/lions-pharmacy.com\/fr#organization"},"alternateName":"Lion Pharmacy","potentialAction":[{"@type":"SearchAction","target":{"@type":"EntryPoint","urlTemplate":"https:\/\/lions-pharmacy.com\/fr?s={search_term_string}"},"query-input":{"@type":"PropertyValueSpecification","valueRequired":true,"valueName":"search_term_string"}}],"inLanguage":"fr-FR"},{"@type":"Organization","@id":"https:\/\/lions-pharmacy.com\/fr#organization","name":"Lions Pharmacy","alternateName":"Lions Pharmacy24","url":"https:\/\/lions-pharmacy.com\/fr","logo":{"@type":"ImageObject","inLanguage":"fr-FR","@id":"https:\/\/lions-pharmacy.com\/fr#\/schema\/logo\/image\/","url":"https:\/\/lions-pharmacy.com\/wp-content\/uploads\/2022\/12\/Logo-Lion-Pharmacy-c-o-Loewen-Apotheke-smal.jpg","contentUrl":"https:\/\/lions-pharmacy.com\/wp-content\/uploads\/2022\/12\/Logo-Lion-Pharmacy-c-o-Loewen-Apotheke-smal.jpg","width":298,"height":99,"caption":"Lions Pharmacy"},"image":{"@id":"https:\/\/lions-pharmacy.com\/fr#\/schema\/logo\/image\/"}}]}},"_links":{"self":[{"href":"https:\/\/lions-pharmacy.com\/fr\/wp-json\/wp\/v2\/product\/9150","targetHints":{"allow":["GET"]}}],"collection":[{"href":"https:\/\/lions-pharmacy.com\/fr\/wp-json\/wp\/v2\/product"}],"about":[{"href":"https:\/\/lions-pharmacy.com\/fr\/wp-json\/wp\/v2\/types\/product"}],"replies":[{"embeddable":true,"href":"https:\/\/lions-pharmacy.com\/fr\/wp-json\/wp\/v2\/comments?post=9150"}],"wp:featuredmedia":[{"embeddable":true,"href":"https:\/\/lions-pharmacy.com\/fr\/wp-json\/wp\/v2\/media\/9155"}],"wp:attachment":[{"href":"https:\/\/lions-pharmacy.com\/fr\/wp-json\/wp\/v2\/media?parent=9150"}],"wp:term":[{"taxonomy":"product_brand","embeddable":true,"href":"https:\/\/lions-pharmacy.com\/fr\/wp-json\/wp\/v2\/product_brand?post=9150"},{"taxonomy":"product_cat","embeddable":true,"href":"https:\/\/lions-pharmacy.com\/fr\/wp-json\/wp\/v2\/product_cat?post=9150"},{"taxonomy":"product_tag","embeddable":true,"href":"https:\/\/lions-pharmacy.com\/fr\/wp-json\/wp\/v2\/product_tag?post=9150"}],"curies":[{"name":"wp","href":"https:\/\/api.w.org\/{rel}","templated":true}]}}