{"id":9052,"date":"2025-02-13T15:34:05","date_gmt":"2025-02-13T14:34:05","guid":{"rendered":"https:\/\/lions-pharmacy.com\/?post_type=product&#038;p=9052"},"modified":"2025-02-17T16:08:17","modified_gmt":"2025-02-17T15:08:17","slug":"orthomol-beauty-drink-ampouls-30-pc-14384895","status":"publish","type":"product","link":"https:\/\/lions-pharmacy.com\/fr\/produit\/orthomol-beauty-drink-ampouls-30-pc-14384895","title":{"rendered":"Orthomol Beauty drink ampoules (30 pc)"},"content":{"rendered":"<h3>Orthomol Beauty drink ampoules 30 pc.<\/h3>\n<p>Orthomol Beauty est la boisson de beaut\u00e9 qui utilise des ingr\u00e9dients s\u00e9lectionn\u00e9s pour soutenir la beaut\u00e9 de la peau de l&#8217;int\u00e9rieur, afin qu&#8217;elle puisse rayonner vers l&#8217;ext\u00e9rieur. Seul Orthomol Beauty associe le collag\u00e8ne et l&#8217;acide hyaluronique au complexe phytamine Q10, qui associe de pr\u00e9cieuses vitamines au coenzyme Q10 et \u00e0 l&#8217;extrait phyto d&#8217;olive. Il contient \u00e9galement du zinc, de la biotine et du s\u00e9l\u00e9nium pour une belle peau. Int\u00e9grez cette cure de beaut\u00e9 \u00e0 votre rituel habituel et red\u00e9finissez votre beaut\u00e9 au quotidien.<\/p>\n<p>Produits d\u2019Orthomol: Pionniers de la m\u00e9decine nutritionnelle orthomol\u00e9culaire en Allemagne. Depuis plus de 30 ans, l\u2019entreprise d\u00e9veloppe et vend des doses \u00e9quilibr\u00e9es de combinaisons de micronutriments pour divers domaines d\u2019application. Ce sont des combinaisons de micronutriments bas\u00e9es sur la m\u00e9decine orthomol\u00e9culaire.<\/p>\n<p>Notice \/ mode d\u2019emploi\/fiche technique de l\u2019article: &#8211; (Lecteur PDF)<\/p>\n<p>Autres produits pour l\u2019application: <a href=\"https:\/\/lions-pharmacy.com\/product-tag\/vitamins-supplements\">Vitamines &amp; suppl\u00e9ments Produits<\/a><\/p>\n<p>En savoir plus sur manufactorer et ce produit: <a href=\"https:\/\/www.orthomol.com\/de-de\/produkte\/schoenheit\/orthomol-hair-intense\" target=\"_blank\" rel=\"noopener\">orthomol<\/a> (lien vers site externe)<\/p>\n<p>Les informations contenues dans ce site web sont fournies \u00e0 titre informatif uniquement. Ils ne remplacent en aucun cas l&#8217;examen et le traitement par un m\u00e9decin. Veuillez noter que cela signifie qu&#8217;aucun diagnostic ne peut \u00eatre \u00e9tabli et qu&#8217;aucune th\u00e9rapie ne peut \u00eatre mise en place.<\/p>\n<p>Pour conna\u00eetre les risques et les effets secondaires, lisez la notice et demandez conseil \u00e0 votre m\u00e9decin ou \u00e0 votre pharmacien.<\/p>\n","protected":false},"excerpt":{"rendered":"<h3>Orthomol Beauty drink ampoules 30 pc.<\/h3>\n<p>Orthomol Beauty est la boisson de beaut\u00e9 qui utilise des ingr\u00e9dients s\u00e9lectionn\u00e9s pour soutenir la beaut\u00e9 de la peau de l&#8217;int\u00e9rieur, afin qu&#8217;elle puisse rayonner vers l&#8217;ext\u00e9rieur.<\/p>\n<p>&nbsp;<\/p>\n<p><strong>PZN<\/strong>: 14384895<\/p>\n<p><strong>Forme de dosage<\/strong>: ampoules<\/p>\n<p><strong>Type d\u2019ordonnance<\/strong> : sans ordonnance<\/p>\n<p><strong>Marque<\/strong>: orthomol<\/p>\n<p><strong>Fabricant<\/strong>: orthomol Arzneimittel GmbH, Allemagne<\/p>\n","protected":false},"featured_media":9057,"comment_status":"closed","ping_status":"closed","template":"","meta":[],"product_brand":[],"product_cat":[756,120,114],"product_tag":[266,265,267,464,309,264],"class_list":{"0":"post-9052","1":"product","2":"type-product","3":"status-publish","4":"has-post-thumbnail","6":"product_cat-orthomol-fr","7":"product_cat-sale-fr","8":"product_cat-non-classifiee","9":"product_tag-bien-etre","10":"product_tag-gestion-du-poids","11":"product_tag-poids-et-forme","12":"product_tag-remedes-naturels","13":"product_tag-vente-mensuelle","14":"product_tag-vitamines-et-supplements","15":"ts_product_brand-all-fr","16":"ts_product_brand-orthomol-fr","18":"first","19":"instock","20":"sale","21":"featured","22":"taxable","23":"shipping-taxable","24":"purchasable","25":"product-type-simple"},"yoast_head":"<!-- This site is optimized with the Yoast SEO plugin v26.5 - https:\/\/yoast.com\/wordpress\/plugins\/seo\/ -->\n<title>Orthomol Beauty drink ampoules (30 pc) &#187; Lion Pharmacy &#187; En savoir plus<\/title>\n<meta name=\"description\" content=\"Pharmacie en ligne allemande enregistr\u00e9e. Nous proposons des produits cosm\u00e9tiques et des rem\u00e8des naturels. D\u00e9couvrez plus &gt;Orthomol Beauty drink ampoules (30 pc)\" \/>\n<meta name=\"robots\" content=\"index, follow, max-snippet:-1, max-image-preview:large, max-video-preview:-1\" \/>\n<link rel=\"canonical\" href=\"https:\/\/lions-pharmacy.com\/fr\/produit\/orthomol-beauty-drink-ampouls-30-pc-14384895\" \/>\n<meta property=\"og:locale\" content=\"fr_FR\" \/>\n<meta property=\"og:type\" content=\"article\" \/>\n<meta property=\"og:title\" content=\"Orthomol Beauty drink ampoules (30 pc) &#187; Lion Pharmacy &#187; En savoir plus\" \/>\n<meta property=\"og:description\" content=\"Pharmacie en ligne allemande enregistr\u00e9e. Nous proposons des produits cosm\u00e9tiques et des rem\u00e8des naturels. D\u00e9couvrez plus &gt;Orthomol Beauty drink ampoules (30 pc)\" \/>\n<meta property=\"og:url\" content=\"https:\/\/lions-pharmacy.com\/fr\/produit\/orthomol-beauty-drink-ampouls-30-pc-14384895\" \/>\n<meta property=\"og:site_name\" content=\"Lion Pharmacy\" \/>\n<meta property=\"article:modified_time\" content=\"2025-02-17T15:08:17+00:00\" \/>\n<meta property=\"og:image\" content=\"https:\/\/lions-pharmacy.com\/wp-content\/uploads\/2025\/02\/Orthomol-beauty-30-capsules-Orthomol-Lionspharmacy.webp\" \/>\n\t<meta property=\"og:image:width\" content=\"600\" \/>\n\t<meta property=\"og:image:height\" content=\"600\" \/>\n\t<meta property=\"og:image:type\" content=\"image\/webp\" \/>\n<meta name=\"twitter:card\" content=\"summary_large_image\" \/>\n<meta name=\"twitter:label1\" content=\"Dur\u00e9e de lecture estim\u00e9e\" \/>\n\t<meta name=\"twitter:data1\" content=\"1 minute\" \/>\n<script type=\"application\/ld+json\" class=\"yoast-schema-graph\">{\"@context\":\"https:\/\/schema.org\",\"@graph\":[{\"@type\":\"WebPage\",\"@id\":\"https:\/\/lions-pharmacy.com\/fr\/produit\/orthomol-beauty-drink-ampouls-30-pc-14384895\",\"url\":\"https:\/\/lions-pharmacy.com\/fr\/produit\/orthomol-beauty-drink-ampouls-30-pc-14384895\",\"name\":\"Orthomol Beauty drink ampoules (30 pc) &#187; Lion Pharmacy &#187; En savoir plus\",\"isPartOf\":{\"@id\":\"https:\/\/lions-pharmacy.com\/fr#website\"},\"primaryImageOfPage\":{\"@id\":\"https:\/\/lions-pharmacy.com\/fr\/produit\/orthomol-beauty-drink-ampouls-30-pc-14384895#primaryimage\"},\"image\":{\"@id\":\"https:\/\/lions-pharmacy.com\/fr\/produit\/orthomol-beauty-drink-ampouls-30-pc-14384895#primaryimage\"},\"thumbnailUrl\":\"https:\/\/lions-pharmacy.com\/wp-content\/uploads\/2025\/02\/Orthomol-beauty-30-capsules-Orthomol-Lionspharmacy.webp\",\"datePublished\":\"2025-02-13T14:34:05+00:00\",\"dateModified\":\"2025-02-17T15:08:17+00:00\",\"description\":\"Pharmacie en ligne allemande enregistr\u00e9e. Nous proposons des produits cosm\u00e9tiques et des rem\u00e8des naturels. D\u00e9couvrez plus >Orthomol Beauty drink ampoules (30 pc)\",\"breadcrumb\":{\"@id\":\"https:\/\/lions-pharmacy.com\/fr\/produit\/orthomol-beauty-drink-ampouls-30-pc-14384895#breadcrumb\"},\"inLanguage\":\"fr-FR\",\"potentialAction\":[{\"@type\":\"ReadAction\",\"target\":[\"https:\/\/lions-pharmacy.com\/fr\/produit\/orthomol-beauty-drink-ampouls-30-pc-14384895\"]}]},{\"@type\":\"ImageObject\",\"inLanguage\":\"fr-FR\",\"@id\":\"https:\/\/lions-pharmacy.com\/fr\/produit\/orthomol-beauty-drink-ampouls-30-pc-14384895#primaryimage\",\"url\":\"https:\/\/lions-pharmacy.com\/wp-content\/uploads\/2025\/02\/Orthomol-beauty-30-capsules-Orthomol-Lionspharmacy.webp\",\"contentUrl\":\"https:\/\/lions-pharmacy.com\/wp-content\/uploads\/2025\/02\/Orthomol-beauty-30-capsules-Orthomol-Lionspharmacy.webp\",\"width\":600,\"height\":600,\"caption\":\"Orthomol beauty-30 g\u00e9lules-Orthomol-Lionspharmacy\"},{\"@type\":\"BreadcrumbList\",\"@id\":\"https:\/\/lions-pharmacy.com\/fr\/produit\/orthomol-beauty-drink-ampouls-30-pc-14384895#breadcrumb\",\"itemListElement\":[{\"@type\":\"ListItem\",\"position\":1,\"name\":\"Home\",\"item\":\"https:\/\/lions-pharmacy.com\/fr\/homepage-lion-pharmacy\"},{\"@type\":\"ListItem\",\"position\":2,\"name\":\"Shop\",\"item\":\"https:\/\/lions-pharmacy.com\/fr\/boutique\"},{\"@type\":\"ListItem\",\"position\":3,\"name\":\"Orthomol Beauty drink ampoules (30 pc)\"}]},{\"@type\":\"WebSite\",\"@id\":\"https:\/\/lions-pharmacy.com\/fr#website\",\"url\":\"https:\/\/lions-pharmacy.com\/fr\",\"name\":\"Lions Pharmacy\",\"description\":\"Pharmacie sp\u00e9cialis\u00e9e en naturopathie de Baden-Baden, Allemagne\",\"publisher\":{\"@id\":\"https:\/\/lions-pharmacy.com\/fr#organization\"},\"alternateName\":\"Lion Pharmacy\",\"potentialAction\":[{\"@type\":\"SearchAction\",\"target\":{\"@type\":\"EntryPoint\",\"urlTemplate\":\"https:\/\/lions-pharmacy.com\/fr?s={search_term_string}\"},\"query-input\":{\"@type\":\"PropertyValueSpecification\",\"valueRequired\":true,\"valueName\":\"search_term_string\"}}],\"inLanguage\":\"fr-FR\"},{\"@type\":\"Organization\",\"@id\":\"https:\/\/lions-pharmacy.com\/fr#organization\",\"name\":\"Lions Pharmacy\",\"alternateName\":\"Lions Pharmacy24\",\"url\":\"https:\/\/lions-pharmacy.com\/fr\",\"logo\":{\"@type\":\"ImageObject\",\"inLanguage\":\"fr-FR\",\"@id\":\"https:\/\/lions-pharmacy.com\/fr#\/schema\/logo\/image\/\",\"url\":\"https:\/\/lions-pharmacy.com\/wp-content\/uploads\/2022\/12\/Logo-Lion-Pharmacy-c-o-Loewen-Apotheke-smal.jpg\",\"contentUrl\":\"https:\/\/lions-pharmacy.com\/wp-content\/uploads\/2022\/12\/Logo-Lion-Pharmacy-c-o-Loewen-Apotheke-smal.jpg\",\"width\":298,\"height\":99,\"caption\":\"Lions Pharmacy\"},\"image\":{\"@id\":\"https:\/\/lions-pharmacy.com\/fr#\/schema\/logo\/image\/\"}}]}<\/script>\n<!-- \/ Yoast SEO plugin. -->","yoast_head_json":{"title":"Orthomol Beauty drink ampoules (30 pc) &#187; Lion Pharmacy &#187; En savoir plus","description":"Pharmacie en ligne allemande enregistr\u00e9e. Nous proposons des produits cosm\u00e9tiques et des rem\u00e8des naturels. D\u00e9couvrez plus >Orthomol Beauty drink ampoules (30 pc)","robots":{"index":"index","follow":"follow","max-snippet":"max-snippet:-1","max-image-preview":"max-image-preview:large","max-video-preview":"max-video-preview:-1"},"canonical":"https:\/\/lions-pharmacy.com\/fr\/produit\/orthomol-beauty-drink-ampouls-30-pc-14384895","og_locale":"fr_FR","og_type":"article","og_title":"Orthomol Beauty drink ampoules (30 pc) &#187; Lion Pharmacy &#187; En savoir plus","og_description":"Pharmacie en ligne allemande enregistr\u00e9e. Nous proposons des produits cosm\u00e9tiques et des rem\u00e8des naturels. D\u00e9couvrez plus >Orthomol Beauty drink ampoules (30 pc)","og_url":"https:\/\/lions-pharmacy.com\/fr\/produit\/orthomol-beauty-drink-ampouls-30-pc-14384895","og_site_name":"Lion Pharmacy","article_modified_time":"2025-02-17T15:08:17+00:00","og_image":[{"width":600,"height":600,"url":"https:\/\/lions-pharmacy.com\/wp-content\/uploads\/2025\/02\/Orthomol-beauty-30-capsules-Orthomol-Lionspharmacy.webp","type":"image\/webp"}],"twitter_card":"summary_large_image","twitter_misc":{"Dur\u00e9e de lecture estim\u00e9e":"1 minute"},"schema":{"@context":"https:\/\/schema.org","@graph":[{"@type":"WebPage","@id":"https:\/\/lions-pharmacy.com\/fr\/produit\/orthomol-beauty-drink-ampouls-30-pc-14384895","url":"https:\/\/lions-pharmacy.com\/fr\/produit\/orthomol-beauty-drink-ampouls-30-pc-14384895","name":"Orthomol Beauty drink ampoules (30 pc) &#187; Lion Pharmacy &#187; En savoir plus","isPartOf":{"@id":"https:\/\/lions-pharmacy.com\/fr#website"},"primaryImageOfPage":{"@id":"https:\/\/lions-pharmacy.com\/fr\/produit\/orthomol-beauty-drink-ampouls-30-pc-14384895#primaryimage"},"image":{"@id":"https:\/\/lions-pharmacy.com\/fr\/produit\/orthomol-beauty-drink-ampouls-30-pc-14384895#primaryimage"},"thumbnailUrl":"https:\/\/lions-pharmacy.com\/wp-content\/uploads\/2025\/02\/Orthomol-beauty-30-capsules-Orthomol-Lionspharmacy.webp","datePublished":"2025-02-13T14:34:05+00:00","dateModified":"2025-02-17T15:08:17+00:00","description":"Pharmacie en ligne allemande enregistr\u00e9e. Nous proposons des produits cosm\u00e9tiques et des rem\u00e8des naturels. D\u00e9couvrez plus >Orthomol Beauty drink ampoules (30 pc)","breadcrumb":{"@id":"https:\/\/lions-pharmacy.com\/fr\/produit\/orthomol-beauty-drink-ampouls-30-pc-14384895#breadcrumb"},"inLanguage":"fr-FR","potentialAction":[{"@type":"ReadAction","target":["https:\/\/lions-pharmacy.com\/fr\/produit\/orthomol-beauty-drink-ampouls-30-pc-14384895"]}]},{"@type":"ImageObject","inLanguage":"fr-FR","@id":"https:\/\/lions-pharmacy.com\/fr\/produit\/orthomol-beauty-drink-ampouls-30-pc-14384895#primaryimage","url":"https:\/\/lions-pharmacy.com\/wp-content\/uploads\/2025\/02\/Orthomol-beauty-30-capsules-Orthomol-Lionspharmacy.webp","contentUrl":"https:\/\/lions-pharmacy.com\/wp-content\/uploads\/2025\/02\/Orthomol-beauty-30-capsules-Orthomol-Lionspharmacy.webp","width":600,"height":600,"caption":"Orthomol beauty-30 g\u00e9lules-Orthomol-Lionspharmacy"},{"@type":"BreadcrumbList","@id":"https:\/\/lions-pharmacy.com\/fr\/produit\/orthomol-beauty-drink-ampouls-30-pc-14384895#breadcrumb","itemListElement":[{"@type":"ListItem","position":1,"name":"Home","item":"https:\/\/lions-pharmacy.com\/fr\/homepage-lion-pharmacy"},{"@type":"ListItem","position":2,"name":"Shop","item":"https:\/\/lions-pharmacy.com\/fr\/boutique"},{"@type":"ListItem","position":3,"name":"Orthomol Beauty drink ampoules (30 pc)"}]},{"@type":"WebSite","@id":"https:\/\/lions-pharmacy.com\/fr#website","url":"https:\/\/lions-pharmacy.com\/fr","name":"Lions Pharmacy","description":"Pharmacie sp\u00e9cialis\u00e9e en naturopathie de Baden-Baden, Allemagne","publisher":{"@id":"https:\/\/lions-pharmacy.com\/fr#organization"},"alternateName":"Lion Pharmacy","potentialAction":[{"@type":"SearchAction","target":{"@type":"EntryPoint","urlTemplate":"https:\/\/lions-pharmacy.com\/fr?s={search_term_string}"},"query-input":{"@type":"PropertyValueSpecification","valueRequired":true,"valueName":"search_term_string"}}],"inLanguage":"fr-FR"},{"@type":"Organization","@id":"https:\/\/lions-pharmacy.com\/fr#organization","name":"Lions Pharmacy","alternateName":"Lions Pharmacy24","url":"https:\/\/lions-pharmacy.com\/fr","logo":{"@type":"ImageObject","inLanguage":"fr-FR","@id":"https:\/\/lions-pharmacy.com\/fr#\/schema\/logo\/image\/","url":"https:\/\/lions-pharmacy.com\/wp-content\/uploads\/2022\/12\/Logo-Lion-Pharmacy-c-o-Loewen-Apotheke-smal.jpg","contentUrl":"https:\/\/lions-pharmacy.com\/wp-content\/uploads\/2022\/12\/Logo-Lion-Pharmacy-c-o-Loewen-Apotheke-smal.jpg","width":298,"height":99,"caption":"Lions Pharmacy"},"image":{"@id":"https:\/\/lions-pharmacy.com\/fr#\/schema\/logo\/image\/"}}]}},"_links":{"self":[{"href":"https:\/\/lions-pharmacy.com\/fr\/wp-json\/wp\/v2\/product\/9052","targetHints":{"allow":["GET"]}}],"collection":[{"href":"https:\/\/lions-pharmacy.com\/fr\/wp-json\/wp\/v2\/product"}],"about":[{"href":"https:\/\/lions-pharmacy.com\/fr\/wp-json\/wp\/v2\/types\/product"}],"replies":[{"embeddable":true,"href":"https:\/\/lions-pharmacy.com\/fr\/wp-json\/wp\/v2\/comments?post=9052"}],"wp:featuredmedia":[{"embeddable":true,"href":"https:\/\/lions-pharmacy.com\/fr\/wp-json\/wp\/v2\/media\/9057"}],"wp:attachment":[{"href":"https:\/\/lions-pharmacy.com\/fr\/wp-json\/wp\/v2\/media?parent=9052"}],"wp:term":[{"taxonomy":"product_brand","embeddable":true,"href":"https:\/\/lions-pharmacy.com\/fr\/wp-json\/wp\/v2\/product_brand?post=9052"},{"taxonomy":"product_cat","embeddable":true,"href":"https:\/\/lions-pharmacy.com\/fr\/wp-json\/wp\/v2\/product_cat?post=9052"},{"taxonomy":"product_tag","embeddable":true,"href":"https:\/\/lions-pharmacy.com\/fr\/wp-json\/wp\/v2\/product_tag?post=9052"}],"curies":[{"name":"wp","href":"https:\/\/api.w.org\/{rel}","templated":true}]}}