{"id":7532,"date":"2024-12-13T08:20:46","date_gmt":"2024-12-13T07:20:46","guid":{"rendered":"https:\/\/lions-pharmacy.com\/?post_type=product&#038;p=7532"},"modified":"2025-01-25T12:41:13","modified_gmt":"2025-01-25T11:41:13","slug":"wala-gentiana-stomach-globuli-velata-20g","status":"publish","type":"product","link":"https:\/\/lions-pharmacy.com\/fr\/produit\/wala-gentiana-stomach-globuli-velata-20g","title":{"rendered":"WALA Gentiana Estomac Globuli velata (20g)"},"content":{"rendered":"<h3>WALA Gentiana Estomac Globuli velata<\/h3>\n<p>WALA Gentiana Stomach est un m\u00e9dicament anthroposophique pour le tractus gastro-intestinal, aide \u00e0 l\u2019indigestion, aux naus\u00e9es, aux flatulences, aux vomissements tr\u00e8s bien applicable pendant la grossesse et pour les enfants.<\/p>\n<p>Substances actives anthroposophiques issues de plantes m\u00e9dicinales, dans toutes les phases de la vie et pour de nombreuses affections.<\/p>\n<p>M\u00e9dicaments anthroposophiques que vous pouvez obtenir dans les pharmacies sans ordonnance. Le choix d\u2019un m\u00e9dicament doit \u00eatre bas\u00e9 sur un diagnostic m\u00e9dicalement confirm\u00e9. Veuillez demander conseil \u00e0 votre m\u00e9decin ou \u00e0 votre pharmacien. Nous vous recommandons \u00e9galement de ne pas arr\u00eater de prendre les m\u00e9dicaments prescrits par un m\u00e9decin sans consulter votre m\u00e9decin.<\/p>\n<p>D\u00e9pliant\/mode d\u2019emploi\/fiche technique de l\u2019article : \u2013 (lecteur PDF)<\/p>\n<p>Autres produits pour l\u2019application&nbsp;: <a href=\"https:\/\/lions-pharmacy.com\/product-tag\/homeopathy\" rel=\"tag\">Hom\u00e9opathie<\/a> | <a href=\"https:\/\/lions-pharmacy.com\/product-tag\/virus-infection\" rel=\"tag\">Infection virale<\/a><\/p>\n<p>En savoir plus sur le fabricant et ce produit: <a href=\"https:\/\/www.walaarzneimittel.de\/de\/\" target=\"_blank\" rel=\"noopener\">WALA Arzneimittel <\/a> (lien vers site externe)<\/p>\n<p>Les informations contenues dans ce site web sont fournies \u00e0 titre informatif uniquement. Ils ne remplacent en aucun cas l&#8217;examen et le traitement par un m\u00e9decin. Veuillez noter que cela signifie qu&#8217;aucun diagnostic ne peut \u00eatre \u00e9tabli et qu&#8217;aucune th\u00e9rapie ne peut \u00eatre mise en place.<\/p>\n<p>Pour conna\u00eetre les risques et les effets secondaires, lisez la notice et demandez conseil \u00e0 votre m\u00e9decin ou \u00e0 votre pharmacien.<\/p>\n<p>&nbsp;<\/p>\n<h3>Ordonnance | e-prescription disponible ?<\/h3>\n<p>Soumettez votre e-prescription d\u00e8s maintenant. Utilisez notre application <a href=\"https:\/\/e-rezept-app.de\/shop-rezept\" target=\"_blank\" rel=\"noopener\">d\u2019ordonnance \u00e9lectronique<\/a> . Et nous vous donnons les frais de port gratuits en Allemagne !<\/p>\n","protected":false},"excerpt":{"rendered":"<h2>WALA Gentiana Estomac Globuli velata<\/h2>\n<p>M\u00e9decine anthroposophique pour le tractus gastro-intestinal, aide \u00e0 l\u2019indigestion, aux naus\u00e9es, aux flatulences, aux vomissements<\/p>\n<p>&nbsp;<\/p>\n<p><strong>PZN<\/strong> : 00081441<\/p>\n<p><strong>Forme posologique<\/strong> : Globuli<\/p>\n<p><strong>Contenance de l\u2019emballage<\/strong> : 20g<\/p>\n<p><strong>Type d\u2019ordonnance :<\/strong> sans ordonnance<\/p>\n<p><strong>Marque<\/strong>&nbsp;: &#8211;<\/p>\n<p><strong>Fabricant<\/strong>&nbsp;: WALA Arzneimittel GmbH, Allemagne<\/p>\n","protected":false},"featured_media":7476,"comment_status":"closed","ping_status":"closed","template":"","meta":[],"product_brand":[],"product_cat":[114,126],"product_tag":[266,468,306,233,464,264],"class_list":{"0":"post-7532","1":"product","2":"type-product","3":"status-publish","4":"has-post-thumbnail","6":"product_cat-non-classifiee","7":"product_cat-wala-arzneimittel-fr","8":"product_tag-bien-etre","9":"product_tag-grippe-et-rhume","10":"product_tag-homeopathie","11":"product_tag-infection-virale","12":"product_tag-remedes-naturels","13":"product_tag-vitamines-et-supplements","14":"ts_product_brand-all-fr","15":"ts_product_brand-wala","17":"first","18":"instock","19":"taxable","20":"shipping-taxable","21":"purchasable","22":"product-type-simple"},"yoast_head":"<!-- This site is optimized with the Yoast SEO plugin v26.5 - https:\/\/yoast.com\/wordpress\/plugins\/seo\/ -->\n<title>WALA Gentiana Estomac Globuli velata (20g) &#187; En savoir plus sur le Lion Pharmacy<\/title>\n<meta name=\"description\" content=\"Pharmacie en ligne allemande enregistr\u00e9e. Nous offrons\u00a0: une livraison rapide dans le monde entier et un service de premier ordre. WALA Gentiana Estomac Globuli velata (20g)\" \/>\n<meta name=\"robots\" content=\"index, follow, max-snippet:-1, max-image-preview:large, max-video-preview:-1\" \/>\n<link rel=\"canonical\" href=\"https:\/\/lions-pharmacy.com\/fr\/produit\/wala-gentiana-stomach-globuli-velata-20g\" \/>\n<meta property=\"og:locale\" content=\"fr_FR\" \/>\n<meta property=\"og:type\" content=\"article\" \/>\n<meta property=\"og:title\" content=\"WALA Gentiana Estomac Globuli velata (20g) &#187; En savoir plus sur le Lion Pharmacy\" \/>\n<meta property=\"og:description\" content=\"Pharmacie en ligne allemande enregistr\u00e9e. Nous offrons\u00a0: une livraison rapide dans le monde entier et un service de premier ordre. WALA Gentiana Estomac Globuli velata (20g)\" \/>\n<meta property=\"og:url\" content=\"https:\/\/lions-pharmacy.com\/fr\/produit\/wala-gentiana-stomach-globuli-velata-20g\" \/>\n<meta property=\"og:site_name\" content=\"Lion Pharmacy\" \/>\n<meta property=\"article:modified_time\" content=\"2025-01-25T11:41:13+00:00\" \/>\n<meta property=\"og:image\" content=\"https:\/\/lions-pharmacy.com\/wp-content\/uploads\/2024\/12\/Wala-Gentiana-Stomach-Globuli-Lions-Pharmacy-PZN-00081441.webp\" \/>\n\t<meta property=\"og:image:width\" content=\"600\" \/>\n\t<meta property=\"og:image:height\" content=\"600\" \/>\n\t<meta property=\"og:image:type\" content=\"image\/webp\" \/>\n<meta name=\"twitter:card\" content=\"summary_large_image\" \/>\n<meta name=\"twitter:label1\" content=\"Dur\u00e9e de lecture estim\u00e9e\" \/>\n\t<meta name=\"twitter:data1\" content=\"1 minute\" \/>\n<script type=\"application\/ld+json\" class=\"yoast-schema-graph\">{\"@context\":\"https:\/\/schema.org\",\"@graph\":[{\"@type\":\"WebPage\",\"@id\":\"https:\/\/lions-pharmacy.com\/fr\/produit\/wala-gentiana-stomach-globuli-velata-20g\",\"url\":\"https:\/\/lions-pharmacy.com\/fr\/produit\/wala-gentiana-stomach-globuli-velata-20g\",\"name\":\"WALA Gentiana Estomac Globuli velata (20g) &#187; En savoir plus sur le Lion Pharmacy\",\"isPartOf\":{\"@id\":\"https:\/\/lions-pharmacy.com\/fr#website\"},\"primaryImageOfPage\":{\"@id\":\"https:\/\/lions-pharmacy.com\/fr\/produit\/wala-gentiana-stomach-globuli-velata-20g#primaryimage\"},\"image\":{\"@id\":\"https:\/\/lions-pharmacy.com\/fr\/produit\/wala-gentiana-stomach-globuli-velata-20g#primaryimage\"},\"thumbnailUrl\":\"https:\/\/lions-pharmacy.com\/wp-content\/uploads\/2024\/12\/Wala-Gentiana-Stomach-Globuli-Lions-Pharmacy-PZN-00081441.webp\",\"datePublished\":\"2024-12-13T07:20:46+00:00\",\"dateModified\":\"2025-01-25T11:41:13+00:00\",\"description\":\"Pharmacie en ligne allemande enregistr\u00e9e. Nous offrons\u00a0: une livraison rapide dans le monde entier et un service de premier ordre. WALA Gentiana Estomac Globuli velata (20g)\",\"breadcrumb\":{\"@id\":\"https:\/\/lions-pharmacy.com\/fr\/produit\/wala-gentiana-stomach-globuli-velata-20g#breadcrumb\"},\"inLanguage\":\"fr-FR\",\"potentialAction\":[{\"@type\":\"ReadAction\",\"target\":[\"https:\/\/lions-pharmacy.com\/fr\/produit\/wala-gentiana-stomach-globuli-velata-20g\"]}]},{\"@type\":\"ImageObject\",\"inLanguage\":\"fr-FR\",\"@id\":\"https:\/\/lions-pharmacy.com\/fr\/produit\/wala-gentiana-stomach-globuli-velata-20g#primaryimage\",\"url\":\"https:\/\/lions-pharmacy.com\/wp-content\/uploads\/2024\/12\/Wala-Gentiana-Stomach-Globuli-Lions-Pharmacy-PZN-00081441.webp\",\"contentUrl\":\"https:\/\/lions-pharmacy.com\/wp-content\/uploads\/2024\/12\/Wala-Gentiana-Stomach-Globuli-Lions-Pharmacy-PZN-00081441.webp\",\"width\":600,\"height\":600,\"caption\":\"L\u2019image montre Wala Gentiana Estomac Globuli. Pharmacie Lions. PZN 00081441\"},{\"@type\":\"BreadcrumbList\",\"@id\":\"https:\/\/lions-pharmacy.com\/fr\/produit\/wala-gentiana-stomach-globuli-velata-20g#breadcrumb\",\"itemListElement\":[{\"@type\":\"ListItem\",\"position\":1,\"name\":\"Home\",\"item\":\"https:\/\/lions-pharmacy.com\/fr\/homepage-lion-pharmacy\"},{\"@type\":\"ListItem\",\"position\":2,\"name\":\"Shop\",\"item\":\"https:\/\/lions-pharmacy.com\/fr\/boutique\"},{\"@type\":\"ListItem\",\"position\":3,\"name\":\"WALA Gentiana Estomac Globuli velata (20g)\"}]},{\"@type\":\"WebSite\",\"@id\":\"https:\/\/lions-pharmacy.com\/fr#website\",\"url\":\"https:\/\/lions-pharmacy.com\/fr\",\"name\":\"Lions Pharmacy\",\"description\":\"Pharmacie sp\u00e9cialis\u00e9e en naturopathie de Baden-Baden, Allemagne\",\"publisher\":{\"@id\":\"https:\/\/lions-pharmacy.com\/fr#organization\"},\"alternateName\":\"Lion Pharmacy\",\"potentialAction\":[{\"@type\":\"SearchAction\",\"target\":{\"@type\":\"EntryPoint\",\"urlTemplate\":\"https:\/\/lions-pharmacy.com\/fr?s={search_term_string}\"},\"query-input\":{\"@type\":\"PropertyValueSpecification\",\"valueRequired\":true,\"valueName\":\"search_term_string\"}}],\"inLanguage\":\"fr-FR\"},{\"@type\":\"Organization\",\"@id\":\"https:\/\/lions-pharmacy.com\/fr#organization\",\"name\":\"Lions Pharmacy\",\"alternateName\":\"Lions Pharmacy24\",\"url\":\"https:\/\/lions-pharmacy.com\/fr\",\"logo\":{\"@type\":\"ImageObject\",\"inLanguage\":\"fr-FR\",\"@id\":\"https:\/\/lions-pharmacy.com\/fr#\/schema\/logo\/image\/\",\"url\":\"https:\/\/lions-pharmacy.com\/wp-content\/uploads\/2022\/12\/Logo-Lion-Pharmacy-c-o-Loewen-Apotheke-smal.jpg\",\"contentUrl\":\"https:\/\/lions-pharmacy.com\/wp-content\/uploads\/2022\/12\/Logo-Lion-Pharmacy-c-o-Loewen-Apotheke-smal.jpg\",\"width\":298,\"height\":99,\"caption\":\"Lions Pharmacy\"},\"image\":{\"@id\":\"https:\/\/lions-pharmacy.com\/fr#\/schema\/logo\/image\/\"}}]}<\/script>\n<!-- \/ Yoast SEO plugin. -->","yoast_head_json":{"title":"WALA Gentiana Estomac Globuli velata (20g) &#187; En savoir plus sur le Lion Pharmacy","description":"Pharmacie en ligne allemande enregistr\u00e9e. Nous offrons\u00a0: une livraison rapide dans le monde entier et un service de premier ordre. WALA Gentiana Estomac Globuli velata (20g)","robots":{"index":"index","follow":"follow","max-snippet":"max-snippet:-1","max-image-preview":"max-image-preview:large","max-video-preview":"max-video-preview:-1"},"canonical":"https:\/\/lions-pharmacy.com\/fr\/produit\/wala-gentiana-stomach-globuli-velata-20g","og_locale":"fr_FR","og_type":"article","og_title":"WALA Gentiana Estomac Globuli velata (20g) &#187; En savoir plus sur le Lion Pharmacy","og_description":"Pharmacie en ligne allemande enregistr\u00e9e. Nous offrons\u00a0: une livraison rapide dans le monde entier et un service de premier ordre. WALA Gentiana Estomac Globuli velata (20g)","og_url":"https:\/\/lions-pharmacy.com\/fr\/produit\/wala-gentiana-stomach-globuli-velata-20g","og_site_name":"Lion Pharmacy","article_modified_time":"2025-01-25T11:41:13+00:00","og_image":[{"width":600,"height":600,"url":"https:\/\/lions-pharmacy.com\/wp-content\/uploads\/2024\/12\/Wala-Gentiana-Stomach-Globuli-Lions-Pharmacy-PZN-00081441.webp","type":"image\/webp"}],"twitter_card":"summary_large_image","twitter_misc":{"Dur\u00e9e de lecture estim\u00e9e":"1 minute"},"schema":{"@context":"https:\/\/schema.org","@graph":[{"@type":"WebPage","@id":"https:\/\/lions-pharmacy.com\/fr\/produit\/wala-gentiana-stomach-globuli-velata-20g","url":"https:\/\/lions-pharmacy.com\/fr\/produit\/wala-gentiana-stomach-globuli-velata-20g","name":"WALA Gentiana Estomac Globuli velata (20g) &#187; En savoir plus sur le Lion Pharmacy","isPartOf":{"@id":"https:\/\/lions-pharmacy.com\/fr#website"},"primaryImageOfPage":{"@id":"https:\/\/lions-pharmacy.com\/fr\/produit\/wala-gentiana-stomach-globuli-velata-20g#primaryimage"},"image":{"@id":"https:\/\/lions-pharmacy.com\/fr\/produit\/wala-gentiana-stomach-globuli-velata-20g#primaryimage"},"thumbnailUrl":"https:\/\/lions-pharmacy.com\/wp-content\/uploads\/2024\/12\/Wala-Gentiana-Stomach-Globuli-Lions-Pharmacy-PZN-00081441.webp","datePublished":"2024-12-13T07:20:46+00:00","dateModified":"2025-01-25T11:41:13+00:00","description":"Pharmacie en ligne allemande enregistr\u00e9e. Nous offrons\u00a0: une livraison rapide dans le monde entier et un service de premier ordre. WALA Gentiana Estomac Globuli velata (20g)","breadcrumb":{"@id":"https:\/\/lions-pharmacy.com\/fr\/produit\/wala-gentiana-stomach-globuli-velata-20g#breadcrumb"},"inLanguage":"fr-FR","potentialAction":[{"@type":"ReadAction","target":["https:\/\/lions-pharmacy.com\/fr\/produit\/wala-gentiana-stomach-globuli-velata-20g"]}]},{"@type":"ImageObject","inLanguage":"fr-FR","@id":"https:\/\/lions-pharmacy.com\/fr\/produit\/wala-gentiana-stomach-globuli-velata-20g#primaryimage","url":"https:\/\/lions-pharmacy.com\/wp-content\/uploads\/2024\/12\/Wala-Gentiana-Stomach-Globuli-Lions-Pharmacy-PZN-00081441.webp","contentUrl":"https:\/\/lions-pharmacy.com\/wp-content\/uploads\/2024\/12\/Wala-Gentiana-Stomach-Globuli-Lions-Pharmacy-PZN-00081441.webp","width":600,"height":600,"caption":"L\u2019image montre Wala Gentiana Estomac Globuli. Pharmacie Lions. PZN 00081441"},{"@type":"BreadcrumbList","@id":"https:\/\/lions-pharmacy.com\/fr\/produit\/wala-gentiana-stomach-globuli-velata-20g#breadcrumb","itemListElement":[{"@type":"ListItem","position":1,"name":"Home","item":"https:\/\/lions-pharmacy.com\/fr\/homepage-lion-pharmacy"},{"@type":"ListItem","position":2,"name":"Shop","item":"https:\/\/lions-pharmacy.com\/fr\/boutique"},{"@type":"ListItem","position":3,"name":"WALA Gentiana Estomac Globuli velata (20g)"}]},{"@type":"WebSite","@id":"https:\/\/lions-pharmacy.com\/fr#website","url":"https:\/\/lions-pharmacy.com\/fr","name":"Lions Pharmacy","description":"Pharmacie sp\u00e9cialis\u00e9e en naturopathie de Baden-Baden, Allemagne","publisher":{"@id":"https:\/\/lions-pharmacy.com\/fr#organization"},"alternateName":"Lion Pharmacy","potentialAction":[{"@type":"SearchAction","target":{"@type":"EntryPoint","urlTemplate":"https:\/\/lions-pharmacy.com\/fr?s={search_term_string}"},"query-input":{"@type":"PropertyValueSpecification","valueRequired":true,"valueName":"search_term_string"}}],"inLanguage":"fr-FR"},{"@type":"Organization","@id":"https:\/\/lions-pharmacy.com\/fr#organization","name":"Lions Pharmacy","alternateName":"Lions Pharmacy24","url":"https:\/\/lions-pharmacy.com\/fr","logo":{"@type":"ImageObject","inLanguage":"fr-FR","@id":"https:\/\/lions-pharmacy.com\/fr#\/schema\/logo\/image\/","url":"https:\/\/lions-pharmacy.com\/wp-content\/uploads\/2022\/12\/Logo-Lion-Pharmacy-c-o-Loewen-Apotheke-smal.jpg","contentUrl":"https:\/\/lions-pharmacy.com\/wp-content\/uploads\/2022\/12\/Logo-Lion-Pharmacy-c-o-Loewen-Apotheke-smal.jpg","width":298,"height":99,"caption":"Lions Pharmacy"},"image":{"@id":"https:\/\/lions-pharmacy.com\/fr#\/schema\/logo\/image\/"}}]}},"_links":{"self":[{"href":"https:\/\/lions-pharmacy.com\/fr\/wp-json\/wp\/v2\/product\/7532","targetHints":{"allow":["GET"]}}],"collection":[{"href":"https:\/\/lions-pharmacy.com\/fr\/wp-json\/wp\/v2\/product"}],"about":[{"href":"https:\/\/lions-pharmacy.com\/fr\/wp-json\/wp\/v2\/types\/product"}],"replies":[{"embeddable":true,"href":"https:\/\/lions-pharmacy.com\/fr\/wp-json\/wp\/v2\/comments?post=7532"}],"wp:featuredmedia":[{"embeddable":true,"href":"https:\/\/lions-pharmacy.com\/fr\/wp-json\/wp\/v2\/media\/7476"}],"wp:attachment":[{"href":"https:\/\/lions-pharmacy.com\/fr\/wp-json\/wp\/v2\/media?parent=7532"}],"wp:term":[{"taxonomy":"product_brand","embeddable":true,"href":"https:\/\/lions-pharmacy.com\/fr\/wp-json\/wp\/v2\/product_brand?post=7532"},{"taxonomy":"product_cat","embeddable":true,"href":"https:\/\/lions-pharmacy.com\/fr\/wp-json\/wp\/v2\/product_cat?post=7532"},{"taxonomy":"product_tag","embeddable":true,"href":"https:\/\/lions-pharmacy.com\/fr\/wp-json\/wp\/v2\/product_tag?post=7532"}],"curies":[{"name":"wp","href":"https:\/\/api.w.org\/{rel}","templated":true}]}}