{"id":7331,"date":"2024-12-10T17:10:01","date_gmt":"2024-12-10T16:10:01","guid":{"rendered":"https:\/\/lions-pharmacy.com\/?post_type=product&#038;p=7331"},"modified":"2025-01-24T19:30:22","modified_gmt":"2025-01-24T18:30:22","slug":"vitamin-d3-hevert-tablets-200-pcs-09887387","status":"publish","type":"product","link":"https:\/\/lions-pharmacy.com\/fr\/produit\/vitamin-d3-hevert-tablets-200-pcs-09887387","title":{"rendered":"Vitamine D3 Hevert comprim\u00e9s (200 pi\u00e8ces)"},"content":{"rendered":"<h3>Vitamine D3 Hevert comprim\u00e9s<\/h3>\n<p>Vitamine D3 Hevert comprim\u00e9s : Fournit \u00e0 l\u2019organisme de la vitamine D &#8211; Pr\u00e9vient le rachitisme et l\u2019ost\u00e9oporose. Emp\u00eache une structure osseuse poreuse et cassante.<\/p>\n<p>La sant\u00e9 est le plus grand bien de l\u2019homme. Hevert se consacre donc \u00e0 la naturopathie et au d\u00e9veloppement de m\u00e9dicaments naturels depuis plus de 60 ans et est l\u2019un des principaux fabricants allemands de m\u00e9dicaments hom\u00e9opathiques et \u00e0 base de plantes ainsi que de pr\u00e9parations de micronutriments.<\/p>\n<p>T\u00e2ches de la vitamine D3 dans votre corps :<\/p>\n<ul>\n<li>Construire les os et soutenir une fonction osseuse normale<\/li>\n<li>R\u00e9gulateur des processus dans les cellules, agit comme une hormone<\/li>\n<li>Prot\u00e8ge les cellules nerveuses et les neurones<\/li>\n<li>Est impliqu\u00e9 dans la synth\u00e8se des neurotransmetteurs<\/li>\n<li>Contr\u00f4le divers processus du syst\u00e8me immunitaire<\/li>\n<li>Consommation recommand\u00e9e de Vitamine D3 Hevert<\/li>\n<\/ul>\n<p>Pour la pr\u00e9vention en cas de risque reconnaissable de carence en vitamine D chez des personnes par ailleurs en bonne sant\u00e9 sans troubles d\u2019absorption, prendre 1\/2 comprim\u00e9 de vitamine D3 Hevert\u00ae par jour (\u00e9quivalent \u00e0 0,0125 mg ou 500 UI de vitamine D). Les comprim\u00e9s doivent \u00eatre pris avec suffisamment de liquide. Pour soutenir le traitement de l\u2019ost\u00e9oporose, prendre 1 comprim\u00e9 de vitamine D3 Hevert\u00ae par jour (\u00e9quivalent \u00e0 0,025 mg ou 1000 UI de vitamine D). Pour la pr\u00e9vention du rachitisme, prendre 1\/2 comprim\u00e9 de vitamine D3 Hevert\u00ae par jour (\u00e9quivalent \u00e0 0,0125 mg ou 500 UI de vitamine D). La posologie doit \u00eatre d\u00e9termin\u00e9e par le m\u00e9decin traitant. En g\u00e9n\u00e9ral, 1 comprim\u00e9 de vitamine D3 Hevert\u00ae (\u00e9quivalent \u00e0 0,025 mg ou 1000 UI de vitamine D) est recommand\u00e9 quotidiennement pour pr\u00e9venir le rachitisme chez les b\u00e9b\u00e9s pr\u00e9matur\u00e9s.<\/p>\n<p>Notice \/ mode d\u2019emploi\/fiche technique de l\u2019article: &#8211; (Lecteur PDF)<\/p>\n<p>Autres produits pour l\u2019application: <a href=\"https:\/\/lions-pharmacy.com\/product-tag\/vitamins-supplements\">Vitamines &amp; suppl\u00e9ments Produits<\/a><\/p>\n<p>En savoir plus sur manufactorer et ce produit : <a href=\"https:\/\/hevert.com\/de\/en\" target=\"_blank\" rel=\"noopener\">Hevert<\/a> (lien vers un site externe)<\/p>\n<p>Les informations contenues dans ce site web sont fournies \u00e0 titre informatif uniquement. Ils ne remplacent en aucun cas l&#8217;examen et le traitement par un m\u00e9decin. Veuillez noter que cela signifie qu&#8217;aucun diagnostic ne peut \u00eatre \u00e9tabli et qu&#8217;aucune th\u00e9rapie ne peut \u00eatre mise en place.<\/p>\n<p>Pour conna\u00eetre les risques et les effets secondaires, lisez la notice et demandez conseil \u00e0 votre m\u00e9decin ou \u00e0 votre pharmacien.<\/p>\n","protected":false},"excerpt":{"rendered":"<h2>Vitamine D3 Hevert comprim\u00e9s<\/h2>\n<p>Fournit \u00e0 l\u2019organisme de la vitamine D &#8211; Pr\u00e9vient le rachitisme et l\u2019ost\u00e9oporose. Emp\u00eache une structure osseuse poreuse et cassante.<\/p>\n<p>&nbsp;<\/p>\n<p>PZN : 09887387<\/p>\n<p>Forme posologique: comprim\u00e9s<\/p>\n<p>Type de prescription : sans ordonnance<\/p>\n<p>Marque:-<\/p>\n<p>Fabricant&nbsp;: Hevert Arzneimittel GmbH, Allemagne<\/p>\n<p>Taille de l\u2019emballage&nbsp;: 200 pcs.<\/p>\n","protected":false},"featured_media":7351,"comment_status":"closed","ping_status":"closed","template":"","meta":[],"product_brand":[],"product_cat":[577,120,114],"product_tag":[510,266,265,233,267,464,309,264],"class_list":{"0":"post-7331","1":"product","2":"type-product","3":"status-publish","4":"has-post-thumbnail","6":"product_cat-hevert","7":"product_cat-sale-fr","8":"product_cat-non-classifiee","9":"product_tag-actif-dorigine-vegetale","10":"product_tag-bien-etre","11":"product_tag-gestion-du-poids","12":"product_tag-infection-virale","13":"product_tag-poids-et-forme","14":"product_tag-remedes-naturels","15":"product_tag-vente-mensuelle","16":"product_tag-vitamines-et-supplements","17":"ts_product_brand-all-fr","18":"ts_product_brand-hevert-fr","20":"first","21":"outofstock","22":"featured","23":"taxable","24":"shipping-taxable","25":"purchasable","26":"product-type-simple"},"yoast_head":"<!-- This site is optimized with the Yoast SEO plugin v26.5 - https:\/\/yoast.com\/wordpress\/plugins\/seo\/ -->\n<title>Vitamine D3 Hevert comprim\u00e9s (200 pi\u00e8ces) &#187; Lion Pharmacy &#187; En savoir plus<\/title>\n<meta name=\"description\" content=\"Pharmacie en ligne allemande enregistr\u00e9e. Nous offrons\u00a0: Exp\u00e9dition internationale rapide. Produit fabriqu\u00e9 par Hevert : Vitamine D3 Hevert comprim\u00e9s (200 pi\u00e8ces)\" \/>\n<meta name=\"robots\" content=\"index, follow, max-snippet:-1, max-image-preview:large, max-video-preview:-1\" \/>\n<link rel=\"canonical\" href=\"https:\/\/lions-pharmacy.com\/fr\/produit\/vitamin-d3-hevert-tablets-200-pcs-09887387\" \/>\n<meta property=\"og:locale\" content=\"fr_FR\" \/>\n<meta property=\"og:type\" content=\"article\" \/>\n<meta property=\"og:title\" content=\"Vitamine D3 Hevert comprim\u00e9s (200 pi\u00e8ces) &#187; Lion Pharmacy &#187; En savoir plus\" \/>\n<meta property=\"og:description\" content=\"Pharmacie en ligne allemande enregistr\u00e9e. Nous offrons\u00a0: Exp\u00e9dition internationale rapide. Produit fabriqu\u00e9 par Hevert : Vitamine D3 Hevert comprim\u00e9s (200 pi\u00e8ces)\" \/>\n<meta property=\"og:url\" content=\"https:\/\/lions-pharmacy.com\/fr\/produit\/vitamin-d3-hevert-tablets-200-pcs-09887387\" \/>\n<meta property=\"og:site_name\" content=\"Lion Pharmacy\" \/>\n<meta property=\"article:modified_time\" content=\"2025-01-24T18:30:22+00:00\" \/>\n<meta property=\"og:image\" content=\"https:\/\/lions-pharmacy.com\/wp-content\/uploads\/2024\/12\/VITAMIN-D3-HEVERT-Tabletten-200-St-Loewen-Apotheke24.webp\" \/>\n\t<meta property=\"og:image:width\" content=\"600\" \/>\n\t<meta property=\"og:image:height\" content=\"600\" \/>\n\t<meta property=\"og:image:type\" content=\"image\/webp\" \/>\n<meta name=\"twitter:card\" content=\"summary_large_image\" \/>\n<meta name=\"twitter:label1\" content=\"Dur\u00e9e de lecture estim\u00e9e\" \/>\n\t<meta name=\"twitter:data1\" content=\"2 minutes\" \/>\n<script type=\"application\/ld+json\" class=\"yoast-schema-graph\">{\"@context\":\"https:\/\/schema.org\",\"@graph\":[{\"@type\":\"WebPage\",\"@id\":\"https:\/\/lions-pharmacy.com\/fr\/produit\/vitamin-d3-hevert-tablets-200-pcs-09887387\",\"url\":\"https:\/\/lions-pharmacy.com\/fr\/produit\/vitamin-d3-hevert-tablets-200-pcs-09887387\",\"name\":\"Vitamine D3 Hevert comprim\u00e9s (200 pi\u00e8ces) &#187; Lion Pharmacy &#187; En savoir plus\",\"isPartOf\":{\"@id\":\"https:\/\/lions-pharmacy.com\/fr#website\"},\"primaryImageOfPage\":{\"@id\":\"https:\/\/lions-pharmacy.com\/fr\/produit\/vitamin-d3-hevert-tablets-200-pcs-09887387#primaryimage\"},\"image\":{\"@id\":\"https:\/\/lions-pharmacy.com\/fr\/produit\/vitamin-d3-hevert-tablets-200-pcs-09887387#primaryimage\"},\"thumbnailUrl\":\"https:\/\/lions-pharmacy.com\/wp-content\/uploads\/2024\/12\/VITAMIN-D3-HEVERT-Tabletten-200-St-Loewen-Apotheke24.webp\",\"datePublished\":\"2024-12-10T16:10:01+00:00\",\"dateModified\":\"2025-01-24T18:30:22+00:00\",\"description\":\"Pharmacie en ligne allemande enregistr\u00e9e. Nous offrons\u00a0: Exp\u00e9dition internationale rapide. Produit fabriqu\u00e9 par Hevert : Vitamine D3 Hevert comprim\u00e9s (200 pi\u00e8ces)\",\"breadcrumb\":{\"@id\":\"https:\/\/lions-pharmacy.com\/fr\/produit\/vitamin-d3-hevert-tablets-200-pcs-09887387#breadcrumb\"},\"inLanguage\":\"fr-FR\",\"potentialAction\":[{\"@type\":\"ReadAction\",\"target\":[\"https:\/\/lions-pharmacy.com\/fr\/produit\/vitamin-d3-hevert-tablets-200-pcs-09887387\"]}]},{\"@type\":\"ImageObject\",\"inLanguage\":\"fr-FR\",\"@id\":\"https:\/\/lions-pharmacy.com\/fr\/produit\/vitamin-d3-hevert-tablets-200-pcs-09887387#primaryimage\",\"url\":\"https:\/\/lions-pharmacy.com\/wp-content\/uploads\/2024\/12\/VITAMIN-D3-HEVERT-Tabletten-200-St-Loewen-Apotheke24.webp\",\"contentUrl\":\"https:\/\/lions-pharmacy.com\/wp-content\/uploads\/2024\/12\/VITAMIN-D3-HEVERT-Tabletten-200-St-Loewen-Apotheke24.webp\",\"width\":600,\"height\":600,\"caption\":\"VITAMIN-D3-HEVERT-Comprim\u00e9s-200-St-Lions Pharmacie-PZN 09887387\"},{\"@type\":\"BreadcrumbList\",\"@id\":\"https:\/\/lions-pharmacy.com\/fr\/produit\/vitamin-d3-hevert-tablets-200-pcs-09887387#breadcrumb\",\"itemListElement\":[{\"@type\":\"ListItem\",\"position\":1,\"name\":\"Home\",\"item\":\"https:\/\/lions-pharmacy.com\/fr\/homepage-lion-pharmacy\"},{\"@type\":\"ListItem\",\"position\":2,\"name\":\"Shop\",\"item\":\"https:\/\/lions-pharmacy.com\/fr\/boutique\"},{\"@type\":\"ListItem\",\"position\":3,\"name\":\"Vitamine D3 Hevert comprim\u00e9s (200 pi\u00e8ces)\"}]},{\"@type\":\"WebSite\",\"@id\":\"https:\/\/lions-pharmacy.com\/fr#website\",\"url\":\"https:\/\/lions-pharmacy.com\/fr\",\"name\":\"Lions Pharmacy\",\"description\":\"Pharmacie sp\u00e9cialis\u00e9e en naturopathie de Baden-Baden, Allemagne\",\"publisher\":{\"@id\":\"https:\/\/lions-pharmacy.com\/fr#organization\"},\"alternateName\":\"Lion Pharmacy\",\"potentialAction\":[{\"@type\":\"SearchAction\",\"target\":{\"@type\":\"EntryPoint\",\"urlTemplate\":\"https:\/\/lions-pharmacy.com\/fr?s={search_term_string}\"},\"query-input\":{\"@type\":\"PropertyValueSpecification\",\"valueRequired\":true,\"valueName\":\"search_term_string\"}}],\"inLanguage\":\"fr-FR\"},{\"@type\":\"Organization\",\"@id\":\"https:\/\/lions-pharmacy.com\/fr#organization\",\"name\":\"Lions Pharmacy\",\"alternateName\":\"Lions Pharmacy24\",\"url\":\"https:\/\/lions-pharmacy.com\/fr\",\"logo\":{\"@type\":\"ImageObject\",\"inLanguage\":\"fr-FR\",\"@id\":\"https:\/\/lions-pharmacy.com\/fr#\/schema\/logo\/image\/\",\"url\":\"https:\/\/lions-pharmacy.com\/wp-content\/uploads\/2022\/12\/Logo-Lion-Pharmacy-c-o-Loewen-Apotheke-smal.jpg\",\"contentUrl\":\"https:\/\/lions-pharmacy.com\/wp-content\/uploads\/2022\/12\/Logo-Lion-Pharmacy-c-o-Loewen-Apotheke-smal.jpg\",\"width\":298,\"height\":99,\"caption\":\"Lions Pharmacy\"},\"image\":{\"@id\":\"https:\/\/lions-pharmacy.com\/fr#\/schema\/logo\/image\/\"}}]}<\/script>\n<!-- \/ Yoast SEO plugin. -->","yoast_head_json":{"title":"Vitamine D3 Hevert comprim\u00e9s (200 pi\u00e8ces) &#187; Lion Pharmacy &#187; En savoir plus","description":"Pharmacie en ligne allemande enregistr\u00e9e. Nous offrons\u00a0: Exp\u00e9dition internationale rapide. Produit fabriqu\u00e9 par Hevert : Vitamine D3 Hevert comprim\u00e9s (200 pi\u00e8ces)","robots":{"index":"index","follow":"follow","max-snippet":"max-snippet:-1","max-image-preview":"max-image-preview:large","max-video-preview":"max-video-preview:-1"},"canonical":"https:\/\/lions-pharmacy.com\/fr\/produit\/vitamin-d3-hevert-tablets-200-pcs-09887387","og_locale":"fr_FR","og_type":"article","og_title":"Vitamine D3 Hevert comprim\u00e9s (200 pi\u00e8ces) &#187; Lion Pharmacy &#187; En savoir plus","og_description":"Pharmacie en ligne allemande enregistr\u00e9e. Nous offrons\u00a0: Exp\u00e9dition internationale rapide. Produit fabriqu\u00e9 par Hevert : Vitamine D3 Hevert comprim\u00e9s (200 pi\u00e8ces)","og_url":"https:\/\/lions-pharmacy.com\/fr\/produit\/vitamin-d3-hevert-tablets-200-pcs-09887387","og_site_name":"Lion Pharmacy","article_modified_time":"2025-01-24T18:30:22+00:00","og_image":[{"width":600,"height":600,"url":"https:\/\/lions-pharmacy.com\/wp-content\/uploads\/2024\/12\/VITAMIN-D3-HEVERT-Tabletten-200-St-Loewen-Apotheke24.webp","type":"image\/webp"}],"twitter_card":"summary_large_image","twitter_misc":{"Dur\u00e9e de lecture estim\u00e9e":"2 minutes"},"schema":{"@context":"https:\/\/schema.org","@graph":[{"@type":"WebPage","@id":"https:\/\/lions-pharmacy.com\/fr\/produit\/vitamin-d3-hevert-tablets-200-pcs-09887387","url":"https:\/\/lions-pharmacy.com\/fr\/produit\/vitamin-d3-hevert-tablets-200-pcs-09887387","name":"Vitamine D3 Hevert comprim\u00e9s (200 pi\u00e8ces) &#187; Lion Pharmacy &#187; En savoir plus","isPartOf":{"@id":"https:\/\/lions-pharmacy.com\/fr#website"},"primaryImageOfPage":{"@id":"https:\/\/lions-pharmacy.com\/fr\/produit\/vitamin-d3-hevert-tablets-200-pcs-09887387#primaryimage"},"image":{"@id":"https:\/\/lions-pharmacy.com\/fr\/produit\/vitamin-d3-hevert-tablets-200-pcs-09887387#primaryimage"},"thumbnailUrl":"https:\/\/lions-pharmacy.com\/wp-content\/uploads\/2024\/12\/VITAMIN-D3-HEVERT-Tabletten-200-St-Loewen-Apotheke24.webp","datePublished":"2024-12-10T16:10:01+00:00","dateModified":"2025-01-24T18:30:22+00:00","description":"Pharmacie en ligne allemande enregistr\u00e9e. Nous offrons\u00a0: Exp\u00e9dition internationale rapide. Produit fabriqu\u00e9 par Hevert : Vitamine D3 Hevert comprim\u00e9s (200 pi\u00e8ces)","breadcrumb":{"@id":"https:\/\/lions-pharmacy.com\/fr\/produit\/vitamin-d3-hevert-tablets-200-pcs-09887387#breadcrumb"},"inLanguage":"fr-FR","potentialAction":[{"@type":"ReadAction","target":["https:\/\/lions-pharmacy.com\/fr\/produit\/vitamin-d3-hevert-tablets-200-pcs-09887387"]}]},{"@type":"ImageObject","inLanguage":"fr-FR","@id":"https:\/\/lions-pharmacy.com\/fr\/produit\/vitamin-d3-hevert-tablets-200-pcs-09887387#primaryimage","url":"https:\/\/lions-pharmacy.com\/wp-content\/uploads\/2024\/12\/VITAMIN-D3-HEVERT-Tabletten-200-St-Loewen-Apotheke24.webp","contentUrl":"https:\/\/lions-pharmacy.com\/wp-content\/uploads\/2024\/12\/VITAMIN-D3-HEVERT-Tabletten-200-St-Loewen-Apotheke24.webp","width":600,"height":600,"caption":"VITAMIN-D3-HEVERT-Comprim\u00e9s-200-St-Lions Pharmacie-PZN 09887387"},{"@type":"BreadcrumbList","@id":"https:\/\/lions-pharmacy.com\/fr\/produit\/vitamin-d3-hevert-tablets-200-pcs-09887387#breadcrumb","itemListElement":[{"@type":"ListItem","position":1,"name":"Home","item":"https:\/\/lions-pharmacy.com\/fr\/homepage-lion-pharmacy"},{"@type":"ListItem","position":2,"name":"Shop","item":"https:\/\/lions-pharmacy.com\/fr\/boutique"},{"@type":"ListItem","position":3,"name":"Vitamine D3 Hevert comprim\u00e9s (200 pi\u00e8ces)"}]},{"@type":"WebSite","@id":"https:\/\/lions-pharmacy.com\/fr#website","url":"https:\/\/lions-pharmacy.com\/fr","name":"Lions Pharmacy","description":"Pharmacie sp\u00e9cialis\u00e9e en naturopathie de Baden-Baden, Allemagne","publisher":{"@id":"https:\/\/lions-pharmacy.com\/fr#organization"},"alternateName":"Lion Pharmacy","potentialAction":[{"@type":"SearchAction","target":{"@type":"EntryPoint","urlTemplate":"https:\/\/lions-pharmacy.com\/fr?s={search_term_string}"},"query-input":{"@type":"PropertyValueSpecification","valueRequired":true,"valueName":"search_term_string"}}],"inLanguage":"fr-FR"},{"@type":"Organization","@id":"https:\/\/lions-pharmacy.com\/fr#organization","name":"Lions Pharmacy","alternateName":"Lions Pharmacy24","url":"https:\/\/lions-pharmacy.com\/fr","logo":{"@type":"ImageObject","inLanguage":"fr-FR","@id":"https:\/\/lions-pharmacy.com\/fr#\/schema\/logo\/image\/","url":"https:\/\/lions-pharmacy.com\/wp-content\/uploads\/2022\/12\/Logo-Lion-Pharmacy-c-o-Loewen-Apotheke-smal.jpg","contentUrl":"https:\/\/lions-pharmacy.com\/wp-content\/uploads\/2022\/12\/Logo-Lion-Pharmacy-c-o-Loewen-Apotheke-smal.jpg","width":298,"height":99,"caption":"Lions Pharmacy"},"image":{"@id":"https:\/\/lions-pharmacy.com\/fr#\/schema\/logo\/image\/"}}]}},"_links":{"self":[{"href":"https:\/\/lions-pharmacy.com\/fr\/wp-json\/wp\/v2\/product\/7331","targetHints":{"allow":["GET"]}}],"collection":[{"href":"https:\/\/lions-pharmacy.com\/fr\/wp-json\/wp\/v2\/product"}],"about":[{"href":"https:\/\/lions-pharmacy.com\/fr\/wp-json\/wp\/v2\/types\/product"}],"replies":[{"embeddable":true,"href":"https:\/\/lions-pharmacy.com\/fr\/wp-json\/wp\/v2\/comments?post=7331"}],"wp:featuredmedia":[{"embeddable":true,"href":"https:\/\/lions-pharmacy.com\/fr\/wp-json\/wp\/v2\/media\/7351"}],"wp:attachment":[{"href":"https:\/\/lions-pharmacy.com\/fr\/wp-json\/wp\/v2\/media?parent=7331"}],"wp:term":[{"taxonomy":"product_brand","embeddable":true,"href":"https:\/\/lions-pharmacy.com\/fr\/wp-json\/wp\/v2\/product_brand?post=7331"},{"taxonomy":"product_cat","embeddable":true,"href":"https:\/\/lions-pharmacy.com\/fr\/wp-json\/wp\/v2\/product_cat?post=7331"},{"taxonomy":"product_tag","embeddable":true,"href":"https:\/\/lions-pharmacy.com\/fr\/wp-json\/wp\/v2\/product_tag?post=7331"}],"curies":[{"name":"wp","href":"https:\/\/api.w.org\/{rel}","templated":true}]}}