{"id":7248,"date":"2024-12-06T16:23:43","date_gmt":"2024-12-06T15:23:43","guid":{"rendered":"https:\/\/lions-pharmacy.com\/?post_type=product&#038;p=7248"},"modified":"2025-01-24T19:33:19","modified_gmt":"2025-01-24T18:33:19","slug":"sinusitis-hevert-sl-02785005","status":"publish","type":"product","link":"https:\/\/lions-pharmacy.com\/fr\/produit\/sinusitis-hevert-sl-02785005","title":{"rendered":"Sinusite Hevert SL (100 pi\u00e8ces)"},"content":{"rendered":"<h3>Sinusite Hevert SL<\/h3>\n<p>Sinusite Hevert SL pour la m\u00e9decine naturopathique pour le rhume et l\u2019inflammation des sinus nasaux.<\/p>\n<ul>\n<li>Nettoie en douceur le nez et les sinus<\/li>\n<li>Inhibe l\u2019inflammation<\/li>\n<li>D\u00e9tache le mucus coinc\u00e9<\/li>\n<li>Convient \u00e9galement aux enfants, m\u00eame d\u00e8s la petite enfance<\/li>\n<li>La pastille se d\u00e9sint\u00e8gre dans la bouche d\u2019un enfant<\/li>\n<\/ul>\n<p>Notice \/ mode d\u2019emploi\/fiche technique de l\u2019article: &#8211; (Lecteur PDF)<\/p>\n<p>Autres produits pour l\u2019application: <a href=\"https:\/\/lions-pharmacy.com\/product-tag\/vitamins-supplements\">Vitamines &amp; suppl\u00e9ments Produits<\/a><\/p>\n<p>En savoir plus sur le fabricant et ce produit : <a href=\"https:\/\/hevert.com\/de\/en\" target=\"_blank\" rel=\"noopener\">Hevert<\/a>(lien vers un site externe)<\/p>\n<p>Les informations contenues dans ce site web sont fournies \u00e0 titre informatif uniquement. Ils ne remplacent en aucun cas l&#8217;examen et le traitement par un m\u00e9decin. Veuillez noter que cela signifie qu&#8217;aucun diagnostic ne peut \u00eatre \u00e9tabli et qu&#8217;aucune th\u00e9rapie ne peut \u00eatre mise en place.<\/p>\n<p>Pour conna\u00eetre les risques et les effets secondaires, lisez la notice et demandez conseil \u00e0 votre m\u00e9decin ou \u00e0 votre pharmacien.<\/p>\n","protected":false},"excerpt":{"rendered":"<h2>Sinusite Hevert SL (100 pi\u00e8ces)<\/h2>\n<p>Pour le traitement de l\u2019inflammation de la gorge et des sinus paranasaux.<\/p>\n<p>&nbsp;<\/p>\n<p>PZN : 02785005<\/p>\n<p>Forme posologique: comprim\u00e9s<\/p>\n<p>Type de prescription : sans ordonnance<\/p>\n<p>Marque:-<\/p>\n<p>Fabricant&nbsp;: Hevert Arzneimittel GmbH, Allemagne<\/p>\n<p>Taille de l\u2019emballage&nbsp;: 100 pc.<\/p>\n","protected":false},"featured_media":7253,"comment_status":"closed","ping_status":"closed","template":"","meta":[],"product_brand":[],"product_cat":[577,120,114],"product_tag":[510,511,468,306,233,466,464,264],"class_list":{"0":"post-7248","1":"product","2":"type-product","3":"status-publish","4":"has-post-thumbnail","6":"product_cat-hevert","7":"product_cat-sale-fr","8":"product_cat-non-classifiee","9":"product_tag-actif-dorigine-vegetale","10":"product_tag-corona-et-defense-immunitaire","11":"product_tag-grippe-et-rhume","12":"product_tag-homeopathie","13":"product_tag-infection-virale","14":"product_tag-ingredient-actif-a-base-de-plantes","15":"product_tag-remedes-naturels","16":"product_tag-vitamines-et-supplements","17":"ts_product_brand-all-fr","18":"ts_product_brand-hevert-fr","20":"first","21":"outofstock","22":"sale","23":"taxable","24":"shipping-taxable","25":"purchasable","26":"product-type-simple"},"yoast_head":"<!-- This site is optimized with the Yoast SEO plugin v26.5 - https:\/\/yoast.com\/wordpress\/plugins\/seo\/ -->\n<title>Sinusite Hevert SL (100 pi\u00e8ces) &#187; Lion Pharmacy &#187; En savoir plus<\/title>\n<meta name=\"description\" content=\"Pharmacie en ligne allemande enregistr\u00e9e. Nous offrons\u00a0: Exp\u00e9dition internationale rapide. Produit fabriqu\u00e9 par Hevert : Sinusite Hevert SL (100 pi\u00e8ces)\" \/>\n<meta name=\"robots\" content=\"index, follow, max-snippet:-1, max-image-preview:large, max-video-preview:-1\" \/>\n<link rel=\"canonical\" href=\"https:\/\/lions-pharmacy.com\/fr\/produit\/sinusitis-hevert-sl-02785005\" \/>\n<meta property=\"og:locale\" content=\"fr_FR\" \/>\n<meta property=\"og:type\" content=\"article\" \/>\n<meta property=\"og:title\" content=\"Sinusite Hevert SL (100 pi\u00e8ces) &#187; Lion Pharmacy &#187; En savoir plus\" \/>\n<meta property=\"og:description\" content=\"Pharmacie en ligne allemande enregistr\u00e9e. Nous offrons\u00a0: Exp\u00e9dition internationale rapide. Produit fabriqu\u00e9 par Hevert : Sinusite Hevert SL (100 pi\u00e8ces)\" \/>\n<meta property=\"og:url\" content=\"https:\/\/lions-pharmacy.com\/fr\/produit\/sinusitis-hevert-sl-02785005\" \/>\n<meta property=\"og:site_name\" content=\"Lion Pharmacy\" \/>\n<meta property=\"article:modified_time\" content=\"2025-01-24T18:33:19+00:00\" \/>\n<meta property=\"og:image\" content=\"https:\/\/lions-pharmacy.com\/wp-content\/uploads\/2024\/12\/Sinusitis-Hevert-SL-from-Hevert.-PZN-02785005-Lions-Pharmacy.webp\" \/>\n\t<meta property=\"og:image:width\" content=\"600\" \/>\n\t<meta property=\"og:image:height\" content=\"600\" \/>\n\t<meta property=\"og:image:type\" content=\"image\/webp\" \/>\n<meta name=\"twitter:card\" content=\"summary_large_image\" \/>\n<meta name=\"twitter:label1\" content=\"Dur\u00e9e de lecture estim\u00e9e\" \/>\n\t<meta name=\"twitter:data1\" content=\"1 minute\" \/>\n<script type=\"application\/ld+json\" class=\"yoast-schema-graph\">{\"@context\":\"https:\/\/schema.org\",\"@graph\":[{\"@type\":\"WebPage\",\"@id\":\"https:\/\/lions-pharmacy.com\/fr\/produit\/sinusitis-hevert-sl-02785005\",\"url\":\"https:\/\/lions-pharmacy.com\/fr\/produit\/sinusitis-hevert-sl-02785005\",\"name\":\"Sinusite Hevert SL (100 pi\u00e8ces) &#187; Lion Pharmacy &#187; En savoir plus\",\"isPartOf\":{\"@id\":\"https:\/\/lions-pharmacy.com\/fr#website\"},\"primaryImageOfPage\":{\"@id\":\"https:\/\/lions-pharmacy.com\/fr\/produit\/sinusitis-hevert-sl-02785005#primaryimage\"},\"image\":{\"@id\":\"https:\/\/lions-pharmacy.com\/fr\/produit\/sinusitis-hevert-sl-02785005#primaryimage\"},\"thumbnailUrl\":\"https:\/\/lions-pharmacy.com\/wp-content\/uploads\/2024\/12\/Sinusitis-Hevert-SL-from-Hevert.-PZN-02785005-Lions-Pharmacy.webp\",\"datePublished\":\"2024-12-06T15:23:43+00:00\",\"dateModified\":\"2025-01-24T18:33:19+00:00\",\"description\":\"Pharmacie en ligne allemande enregistr\u00e9e. Nous offrons\u00a0: Exp\u00e9dition internationale rapide. Produit fabriqu\u00e9 par Hevert : Sinusite Hevert SL (100 pi\u00e8ces)\",\"breadcrumb\":{\"@id\":\"https:\/\/lions-pharmacy.com\/fr\/produit\/sinusitis-hevert-sl-02785005#breadcrumb\"},\"inLanguage\":\"fr-FR\",\"potentialAction\":[{\"@type\":\"ReadAction\",\"target\":[\"https:\/\/lions-pharmacy.com\/fr\/produit\/sinusitis-hevert-sl-02785005\"]}]},{\"@type\":\"ImageObject\",\"inLanguage\":\"fr-FR\",\"@id\":\"https:\/\/lions-pharmacy.com\/fr\/produit\/sinusitis-hevert-sl-02785005#primaryimage\",\"url\":\"https:\/\/lions-pharmacy.com\/wp-content\/uploads\/2024\/12\/Sinusitis-Hevert-SL-from-Hevert.-PZN-02785005-Lions-Pharmacy.webp\",\"contentUrl\":\"https:\/\/lions-pharmacy.com\/wp-content\/uploads\/2024\/12\/Sinusitis-Hevert-SL-from-Hevert.-PZN-02785005-Lions-Pharmacy.webp\",\"width\":600,\"height\":600,\"caption\":\"Sinusite Hevert SL de Hevert. Pharmacie PZN 02785005 Lions\"},{\"@type\":\"BreadcrumbList\",\"@id\":\"https:\/\/lions-pharmacy.com\/fr\/produit\/sinusitis-hevert-sl-02785005#breadcrumb\",\"itemListElement\":[{\"@type\":\"ListItem\",\"position\":1,\"name\":\"Home\",\"item\":\"https:\/\/lions-pharmacy.com\/fr\/homepage-lion-pharmacy\"},{\"@type\":\"ListItem\",\"position\":2,\"name\":\"Shop\",\"item\":\"https:\/\/lions-pharmacy.com\/fr\/boutique\"},{\"@type\":\"ListItem\",\"position\":3,\"name\":\"Sinusite Hevert SL (100 pi\u00e8ces)\"}]},{\"@type\":\"WebSite\",\"@id\":\"https:\/\/lions-pharmacy.com\/fr#website\",\"url\":\"https:\/\/lions-pharmacy.com\/fr\",\"name\":\"Lions Pharmacy\",\"description\":\"Pharmacie sp\u00e9cialis\u00e9e en naturopathie de Baden-Baden, Allemagne\",\"publisher\":{\"@id\":\"https:\/\/lions-pharmacy.com\/fr#organization\"},\"alternateName\":\"Lion Pharmacy\",\"potentialAction\":[{\"@type\":\"SearchAction\",\"target\":{\"@type\":\"EntryPoint\",\"urlTemplate\":\"https:\/\/lions-pharmacy.com\/fr?s={search_term_string}\"},\"query-input\":{\"@type\":\"PropertyValueSpecification\",\"valueRequired\":true,\"valueName\":\"search_term_string\"}}],\"inLanguage\":\"fr-FR\"},{\"@type\":\"Organization\",\"@id\":\"https:\/\/lions-pharmacy.com\/fr#organization\",\"name\":\"Lions Pharmacy\",\"alternateName\":\"Lions Pharmacy24\",\"url\":\"https:\/\/lions-pharmacy.com\/fr\",\"logo\":{\"@type\":\"ImageObject\",\"inLanguage\":\"fr-FR\",\"@id\":\"https:\/\/lions-pharmacy.com\/fr#\/schema\/logo\/image\/\",\"url\":\"https:\/\/lions-pharmacy.com\/wp-content\/uploads\/2022\/12\/Logo-Lion-Pharmacy-c-o-Loewen-Apotheke-smal.jpg\",\"contentUrl\":\"https:\/\/lions-pharmacy.com\/wp-content\/uploads\/2022\/12\/Logo-Lion-Pharmacy-c-o-Loewen-Apotheke-smal.jpg\",\"width\":298,\"height\":99,\"caption\":\"Lions Pharmacy\"},\"image\":{\"@id\":\"https:\/\/lions-pharmacy.com\/fr#\/schema\/logo\/image\/\"}}]}<\/script>\n<!-- \/ Yoast SEO plugin. -->","yoast_head_json":{"title":"Sinusite Hevert SL (100 pi\u00e8ces) &#187; Lion Pharmacy &#187; En savoir plus","description":"Pharmacie en ligne allemande enregistr\u00e9e. Nous offrons\u00a0: Exp\u00e9dition internationale rapide. Produit fabriqu\u00e9 par Hevert : Sinusite Hevert SL (100 pi\u00e8ces)","robots":{"index":"index","follow":"follow","max-snippet":"max-snippet:-1","max-image-preview":"max-image-preview:large","max-video-preview":"max-video-preview:-1"},"canonical":"https:\/\/lions-pharmacy.com\/fr\/produit\/sinusitis-hevert-sl-02785005","og_locale":"fr_FR","og_type":"article","og_title":"Sinusite Hevert SL (100 pi\u00e8ces) &#187; Lion Pharmacy &#187; En savoir plus","og_description":"Pharmacie en ligne allemande enregistr\u00e9e. Nous offrons\u00a0: Exp\u00e9dition internationale rapide. Produit fabriqu\u00e9 par Hevert : Sinusite Hevert SL (100 pi\u00e8ces)","og_url":"https:\/\/lions-pharmacy.com\/fr\/produit\/sinusitis-hevert-sl-02785005","og_site_name":"Lion Pharmacy","article_modified_time":"2025-01-24T18:33:19+00:00","og_image":[{"width":600,"height":600,"url":"https:\/\/lions-pharmacy.com\/wp-content\/uploads\/2024\/12\/Sinusitis-Hevert-SL-from-Hevert.-PZN-02785005-Lions-Pharmacy.webp","type":"image\/webp"}],"twitter_card":"summary_large_image","twitter_misc":{"Dur\u00e9e de lecture estim\u00e9e":"1 minute"},"schema":{"@context":"https:\/\/schema.org","@graph":[{"@type":"WebPage","@id":"https:\/\/lions-pharmacy.com\/fr\/produit\/sinusitis-hevert-sl-02785005","url":"https:\/\/lions-pharmacy.com\/fr\/produit\/sinusitis-hevert-sl-02785005","name":"Sinusite Hevert SL (100 pi\u00e8ces) &#187; Lion Pharmacy &#187; En savoir plus","isPartOf":{"@id":"https:\/\/lions-pharmacy.com\/fr#website"},"primaryImageOfPage":{"@id":"https:\/\/lions-pharmacy.com\/fr\/produit\/sinusitis-hevert-sl-02785005#primaryimage"},"image":{"@id":"https:\/\/lions-pharmacy.com\/fr\/produit\/sinusitis-hevert-sl-02785005#primaryimage"},"thumbnailUrl":"https:\/\/lions-pharmacy.com\/wp-content\/uploads\/2024\/12\/Sinusitis-Hevert-SL-from-Hevert.-PZN-02785005-Lions-Pharmacy.webp","datePublished":"2024-12-06T15:23:43+00:00","dateModified":"2025-01-24T18:33:19+00:00","description":"Pharmacie en ligne allemande enregistr\u00e9e. Nous offrons\u00a0: Exp\u00e9dition internationale rapide. Produit fabriqu\u00e9 par Hevert : Sinusite Hevert SL (100 pi\u00e8ces)","breadcrumb":{"@id":"https:\/\/lions-pharmacy.com\/fr\/produit\/sinusitis-hevert-sl-02785005#breadcrumb"},"inLanguage":"fr-FR","potentialAction":[{"@type":"ReadAction","target":["https:\/\/lions-pharmacy.com\/fr\/produit\/sinusitis-hevert-sl-02785005"]}]},{"@type":"ImageObject","inLanguage":"fr-FR","@id":"https:\/\/lions-pharmacy.com\/fr\/produit\/sinusitis-hevert-sl-02785005#primaryimage","url":"https:\/\/lions-pharmacy.com\/wp-content\/uploads\/2024\/12\/Sinusitis-Hevert-SL-from-Hevert.-PZN-02785005-Lions-Pharmacy.webp","contentUrl":"https:\/\/lions-pharmacy.com\/wp-content\/uploads\/2024\/12\/Sinusitis-Hevert-SL-from-Hevert.-PZN-02785005-Lions-Pharmacy.webp","width":600,"height":600,"caption":"Sinusite Hevert SL de Hevert. Pharmacie PZN 02785005 Lions"},{"@type":"BreadcrumbList","@id":"https:\/\/lions-pharmacy.com\/fr\/produit\/sinusitis-hevert-sl-02785005#breadcrumb","itemListElement":[{"@type":"ListItem","position":1,"name":"Home","item":"https:\/\/lions-pharmacy.com\/fr\/homepage-lion-pharmacy"},{"@type":"ListItem","position":2,"name":"Shop","item":"https:\/\/lions-pharmacy.com\/fr\/boutique"},{"@type":"ListItem","position":3,"name":"Sinusite Hevert SL (100 pi\u00e8ces)"}]},{"@type":"WebSite","@id":"https:\/\/lions-pharmacy.com\/fr#website","url":"https:\/\/lions-pharmacy.com\/fr","name":"Lions Pharmacy","description":"Pharmacie sp\u00e9cialis\u00e9e en naturopathie de Baden-Baden, Allemagne","publisher":{"@id":"https:\/\/lions-pharmacy.com\/fr#organization"},"alternateName":"Lion Pharmacy","potentialAction":[{"@type":"SearchAction","target":{"@type":"EntryPoint","urlTemplate":"https:\/\/lions-pharmacy.com\/fr?s={search_term_string}"},"query-input":{"@type":"PropertyValueSpecification","valueRequired":true,"valueName":"search_term_string"}}],"inLanguage":"fr-FR"},{"@type":"Organization","@id":"https:\/\/lions-pharmacy.com\/fr#organization","name":"Lions Pharmacy","alternateName":"Lions Pharmacy24","url":"https:\/\/lions-pharmacy.com\/fr","logo":{"@type":"ImageObject","inLanguage":"fr-FR","@id":"https:\/\/lions-pharmacy.com\/fr#\/schema\/logo\/image\/","url":"https:\/\/lions-pharmacy.com\/wp-content\/uploads\/2022\/12\/Logo-Lion-Pharmacy-c-o-Loewen-Apotheke-smal.jpg","contentUrl":"https:\/\/lions-pharmacy.com\/wp-content\/uploads\/2022\/12\/Logo-Lion-Pharmacy-c-o-Loewen-Apotheke-smal.jpg","width":298,"height":99,"caption":"Lions Pharmacy"},"image":{"@id":"https:\/\/lions-pharmacy.com\/fr#\/schema\/logo\/image\/"}}]}},"_links":{"self":[{"href":"https:\/\/lions-pharmacy.com\/fr\/wp-json\/wp\/v2\/product\/7248","targetHints":{"allow":["GET"]}}],"collection":[{"href":"https:\/\/lions-pharmacy.com\/fr\/wp-json\/wp\/v2\/product"}],"about":[{"href":"https:\/\/lions-pharmacy.com\/fr\/wp-json\/wp\/v2\/types\/product"}],"replies":[{"embeddable":true,"href":"https:\/\/lions-pharmacy.com\/fr\/wp-json\/wp\/v2\/comments?post=7248"}],"wp:featuredmedia":[{"embeddable":true,"href":"https:\/\/lions-pharmacy.com\/fr\/wp-json\/wp\/v2\/media\/7253"}],"wp:attachment":[{"href":"https:\/\/lions-pharmacy.com\/fr\/wp-json\/wp\/v2\/media?parent=7248"}],"wp:term":[{"taxonomy":"product_brand","embeddable":true,"href":"https:\/\/lions-pharmacy.com\/fr\/wp-json\/wp\/v2\/product_brand?post=7248"},{"taxonomy":"product_cat","embeddable":true,"href":"https:\/\/lions-pharmacy.com\/fr\/wp-json\/wp\/v2\/product_cat?post=7248"},{"taxonomy":"product_tag","embeddable":true,"href":"https:\/\/lions-pharmacy.com\/fr\/wp-json\/wp\/v2\/product_tag?post=7248"}],"curies":[{"name":"wp","href":"https:\/\/api.w.org\/{rel}","templated":true}]}}