{"id":6817,"date":"2024-12-07T09:21:05","date_gmt":"2024-12-07T08:21:05","guid":{"rendered":"https:\/\/lions-pharmacy.com\/?post_type=product&#038;p=6817"},"modified":"2025-01-25T20:30:15","modified_gmt":"2025-01-25T19:30:15","slug":"neyskin-cutana-cream-with-coenzyme-q10-50ml-07193427","status":"publish","type":"product","link":"https:\/\/lions-pharmacy.com\/fr\/produit\/neyskin-cutana-cream-with-coenzyme-q10-50ml-07193427","title":{"rendered":"Neyskin Cutana Cr\u00e8me \u00e0 la Coenzyme Q10 50ml"},"content":{"rendered":"<h3>Neyskin Cutana Cr\u00e8me \u00e0 la coenzyme Q10<\/h3>\n<p>Cr\u00e8me Neyskin Cutana \u00e0 la coenzyme Q10. L\u2019huile essentielle de camomille naturelle pure contient du bisabolol anti-inflammatoire, apaise et prend soin de la peau, les facteurs de fixation de l\u2019humidit\u00e9 contrecarrent le vieillissement cutan\u00e9. L\u2019huile de calendula stimule la r\u00e9gulation dermatologique, apaise la peau et la pr\u00e9pare de mani\u00e8re optimale \u00e0 la phase de r\u00e9g\u00e9n\u00e9ration qui s\u2019ensuit. La citronnelle assure une sensation de fra\u00eecheur et une peau bien hydrat\u00e9e.<\/p>\n<p>Extraits cellulaires &#8211; sp\u00e9cialement pr\u00e9par\u00e9s, ils soutiennent le pouvoir de renouvellement cellulaire gr\u00e2ce \u00e0 leurs m\u00e9canismes de stimulation de la r\u00e9paration et pr\u00e9viennent le vieillissement pr\u00e9matur\u00e9 de la peau.<\/p>\n<p>Le processus de vieillissement de chaque peau commence par une perte d\u2019hydratation. Des rides apparaissent, la peau perd de son \u00e9lasticit\u00e9 et de sa tonicit\u00e9. Les influences environnementales nocives et les radicaux libres acc\u00e9l\u00e8rent le vieillissement. La peau devient cassante, craquel\u00e9e, rid\u00e9e et flasque.<\/p>\n<p>Gr\u00e2ce aux extraits cellulaires sp\u00e9cialement pr\u00e9par\u00e9s du soin actif naturel Regena Ney, nous pouvons soutenir les m\u00e9canismes de r\u00e9paration de la peau. De cette fa\u00e7on, nous activons les processus sains de la peau et renfor\u00e7ons les cellules de la peau.<br \/>\nNous avons d\u00e9velopp\u00e9 les ingr\u00e9dients actifs naturels cosm\u00e9tiques \u00e0 l\u2019aide de proc\u00e9d\u00e9s brevet\u00e9s et sommes une innovation en dermatologie. Les extraits cellulaires uniques de l\u2019ingr\u00e9dient actif naturel du soin soutiennent la peau dans toutes les phases de son renouvellement et la renforcent contre les effets du vieillissement et les influences environnementales n\u00e9fastes.<\/p>\n<p>Des soins de la peau 100% naturels pour des besoins cutan\u00e9s tr\u00e8s sp\u00e9cifiques.<\/p>\n<p>Autres produits pour l\u2019application : <a href=\"https:\/\/lions-pharmacy.com\/produkt-kategorie\/vitorgan\">vitOrgan<\/a> | <a href=\"https:\/\/lions-pharmacy.com\/product-tag\/vitamins-supplements\">Vitamines et suppl\u00e9ments Produits<\/a><br \/>\nEn savoir plus sur le fabricant et ce produit : <a href=\"https:\/\/vitorgan.de\/en\/products\/\" target=\"_blank\" rel=\"noopener\">vitOrgan<\/a> (lien vers un site web externe)<\/p>\n<p>Les informations contenues dans ce site web sont fournies \u00e0 titre informatif uniquement. Ils ne remplacent en aucun cas l&#8217;examen et le traitement par un m\u00e9decin. Veuillez noter que cela signifie qu&#8217;aucun diagnostic ne peut \u00eatre \u00e9tabli et qu&#8217;aucune th\u00e9rapie ne peut \u00eatre mise en place.<\/p>\n<p>Pour conna\u00eetre les risques et les effets secondaires, lisez la notice et demandez conseil \u00e0 votre m\u00e9decin ou \u00e0 votre pharmacien.<\/p>\n","protected":false},"excerpt":{"rendered":"<h2>Neyskin Cutana Cr\u00e8me \u00e0 la Coenzyme Q10 50ml<\/h2>\n<p>Des soins de la peau 100% naturels pour des besoins cutan\u00e9s tr\u00e8s sp\u00e9cifiques avec de la coenzyme Q10.<\/p>\n<p>&nbsp;<\/p>\n<p>PZN : 07193427<\/p>\n<p>Forme gal\u00e9nique : cr\u00e8me<\/p>\n<p>Type de prescription : sans ordonnance<\/p>\n<p>Marque&nbsp;: Regena Ney<\/p>\n<p>Fabricant : vitOrgan GmbH &amp; Co.KG, Ostfildern, Allemagne<\/p>\n<p>Contenance de l\u2019emballage : 50 ml<\/p>\n","protected":false},"featured_media":6822,"comment_status":"closed","ping_status":"closed","template":"","meta":[],"product_brand":[],"product_cat":[120,114,129],"product_tag":[266,265,306,466,464,264],"class_list":{"0":"post-6817","1":"product","2":"type-product","3":"status-publish","4":"has-post-thumbnail","6":"product_cat-sale-fr","7":"product_cat-non-classifiee","8":"product_cat-vitorgan-fr","9":"product_tag-bien-etre","10":"product_tag-gestion-du-poids","11":"product_tag-homeopathie","12":"product_tag-ingredient-actif-a-base-de-plantes","13":"product_tag-remedes-naturels","14":"product_tag-vitamines-et-supplements","15":"ts_product_brand-all-fr","16":"ts_product_brand-vitorgan-fr","18":"first","19":"instock","20":"sale","21":"taxable","22":"shipping-taxable","23":"purchasable","24":"product-type-simple"},"yoast_head":"<!-- This site is optimized with the Yoast SEO plugin v26.5 - https:\/\/yoast.com\/wordpress\/plugins\/seo\/ -->\n<title>Neyskin Cutana Cr\u00e8me \u00e0 la Coenzyme Q10 50ml &#187; En savoir plus<\/title>\n<meta name=\"description\" content=\"Pharmacie en ligne allemande enregistr\u00e9e | Exp\u00e9dition internationale rapide | Produit fabriqu\u00e9 par vitOrgan : Neyskin Cutana Cr\u00e8me \u00e0 la Coenzyme Q10 50ml\" \/>\n<meta name=\"robots\" content=\"index, follow, max-snippet:-1, max-image-preview:large, max-video-preview:-1\" \/>\n<link rel=\"canonical\" href=\"https:\/\/lions-pharmacy.com\/fr\/produit\/neyskin-cutana-cream-with-coenzyme-q10-50ml-07193427\" \/>\n<meta property=\"og:locale\" content=\"fr_FR\" \/>\n<meta property=\"og:type\" content=\"article\" \/>\n<meta property=\"og:title\" content=\"Neyskin Cutana Cr\u00e8me \u00e0 la Coenzyme Q10 50ml &#187; En savoir plus\" \/>\n<meta property=\"og:description\" content=\"Pharmacie en ligne allemande enregistr\u00e9e | Exp\u00e9dition internationale rapide | Produit fabriqu\u00e9 par vitOrgan : Neyskin Cutana Cr\u00e8me \u00e0 la Coenzyme Q10 50ml\" \/>\n<meta property=\"og:url\" content=\"https:\/\/lions-pharmacy.com\/fr\/produit\/neyskin-cutana-cream-with-coenzyme-q10-50ml-07193427\" \/>\n<meta property=\"og:site_name\" content=\"Lion Pharmacy\" \/>\n<meta property=\"article:modified_time\" content=\"2025-01-25T19:30:15+00:00\" \/>\n<meta property=\"og:image\" content=\"https:\/\/lions-pharmacy.com\/wp-content\/uploads\/2024\/11\/Neyskin-Cutana-Vitorgan-PZN07193427-Lowenapotheke24.webp\" \/>\n\t<meta property=\"og:image:width\" content=\"600\" \/>\n\t<meta property=\"og:image:height\" content=\"600\" \/>\n\t<meta property=\"og:image:type\" content=\"image\/webp\" \/>\n<meta name=\"twitter:card\" content=\"summary_large_image\" \/>\n<meta name=\"twitter:label1\" content=\"Dur\u00e9e de lecture estim\u00e9e\" \/>\n\t<meta name=\"twitter:data1\" content=\"2 minutes\" \/>\n<script type=\"application\/ld+json\" class=\"yoast-schema-graph\">{\"@context\":\"https:\/\/schema.org\",\"@graph\":[{\"@type\":\"WebPage\",\"@id\":\"https:\/\/lions-pharmacy.com\/fr\/produit\/neyskin-cutana-cream-with-coenzyme-q10-50ml-07193427\",\"url\":\"https:\/\/lions-pharmacy.com\/fr\/produit\/neyskin-cutana-cream-with-coenzyme-q10-50ml-07193427\",\"name\":\"Neyskin Cutana Cr\u00e8me \u00e0 la Coenzyme Q10 50ml &#187; En savoir plus\",\"isPartOf\":{\"@id\":\"https:\/\/lions-pharmacy.com\/fr#website\"},\"primaryImageOfPage\":{\"@id\":\"https:\/\/lions-pharmacy.com\/fr\/produit\/neyskin-cutana-cream-with-coenzyme-q10-50ml-07193427#primaryimage\"},\"image\":{\"@id\":\"https:\/\/lions-pharmacy.com\/fr\/produit\/neyskin-cutana-cream-with-coenzyme-q10-50ml-07193427#primaryimage\"},\"thumbnailUrl\":\"https:\/\/lions-pharmacy.com\/wp-content\/uploads\/2024\/11\/Neyskin-Cutana-Vitorgan-PZN07193427-Lowenapotheke24.webp\",\"datePublished\":\"2024-12-07T08:21:05+00:00\",\"dateModified\":\"2025-01-25T19:30:15+00:00\",\"description\":\"Pharmacie en ligne allemande enregistr\u00e9e | Exp\u00e9dition internationale rapide | Produit fabriqu\u00e9 par vitOrgan : Neyskin Cutana Cr\u00e8me \u00e0 la Coenzyme Q10 50ml\",\"breadcrumb\":{\"@id\":\"https:\/\/lions-pharmacy.com\/fr\/produit\/neyskin-cutana-cream-with-coenzyme-q10-50ml-07193427#breadcrumb\"},\"inLanguage\":\"fr-FR\",\"potentialAction\":[{\"@type\":\"ReadAction\",\"target\":[\"https:\/\/lions-pharmacy.com\/fr\/produit\/neyskin-cutana-cream-with-coenzyme-q10-50ml-07193427\"]}]},{\"@type\":\"ImageObject\",\"inLanguage\":\"fr-FR\",\"@id\":\"https:\/\/lions-pharmacy.com\/fr\/produit\/neyskin-cutana-cream-with-coenzyme-q10-50ml-07193427#primaryimage\",\"url\":\"https:\/\/lions-pharmacy.com\/wp-content\/uploads\/2024\/11\/Neyskin-Cutana-Vitorgan-PZN07193427-Lowenapotheke24.webp\",\"contentUrl\":\"https:\/\/lions-pharmacy.com\/wp-content\/uploads\/2024\/11\/Neyskin-Cutana-Vitorgan-PZN07193427-Lowenapotheke24.webp\",\"width\":600,\"height\":600,\"caption\":\"l\u2019image montre Neyskin Cutana Cream Vitorgan. PZN 07193427. Pharmacie Lions\"},{\"@type\":\"BreadcrumbList\",\"@id\":\"https:\/\/lions-pharmacy.com\/fr\/produit\/neyskin-cutana-cream-with-coenzyme-q10-50ml-07193427#breadcrumb\",\"itemListElement\":[{\"@type\":\"ListItem\",\"position\":1,\"name\":\"Home\",\"item\":\"https:\/\/lions-pharmacy.com\/fr\/homepage-lion-pharmacy\"},{\"@type\":\"ListItem\",\"position\":2,\"name\":\"Shop\",\"item\":\"https:\/\/lions-pharmacy.com\/fr\/boutique\"},{\"@type\":\"ListItem\",\"position\":3,\"name\":\"Neyskin Cutana Cr\u00e8me \u00e0 la Coenzyme Q10 50ml\"}]},{\"@type\":\"WebSite\",\"@id\":\"https:\/\/lions-pharmacy.com\/fr#website\",\"url\":\"https:\/\/lions-pharmacy.com\/fr\",\"name\":\"Lions Pharmacy\",\"description\":\"Pharmacie sp\u00e9cialis\u00e9e en naturopathie de Baden-Baden, Allemagne\",\"publisher\":{\"@id\":\"https:\/\/lions-pharmacy.com\/fr#organization\"},\"alternateName\":\"Lion Pharmacy\",\"potentialAction\":[{\"@type\":\"SearchAction\",\"target\":{\"@type\":\"EntryPoint\",\"urlTemplate\":\"https:\/\/lions-pharmacy.com\/fr?s={search_term_string}\"},\"query-input\":{\"@type\":\"PropertyValueSpecification\",\"valueRequired\":true,\"valueName\":\"search_term_string\"}}],\"inLanguage\":\"fr-FR\"},{\"@type\":\"Organization\",\"@id\":\"https:\/\/lions-pharmacy.com\/fr#organization\",\"name\":\"Lions Pharmacy\",\"alternateName\":\"Lions Pharmacy24\",\"url\":\"https:\/\/lions-pharmacy.com\/fr\",\"logo\":{\"@type\":\"ImageObject\",\"inLanguage\":\"fr-FR\",\"@id\":\"https:\/\/lions-pharmacy.com\/fr#\/schema\/logo\/image\/\",\"url\":\"https:\/\/lions-pharmacy.com\/wp-content\/uploads\/2022\/12\/Logo-Lion-Pharmacy-c-o-Loewen-Apotheke-smal.jpg\",\"contentUrl\":\"https:\/\/lions-pharmacy.com\/wp-content\/uploads\/2022\/12\/Logo-Lion-Pharmacy-c-o-Loewen-Apotheke-smal.jpg\",\"width\":298,\"height\":99,\"caption\":\"Lions Pharmacy\"},\"image\":{\"@id\":\"https:\/\/lions-pharmacy.com\/fr#\/schema\/logo\/image\/\"}}]}<\/script>\n<!-- \/ Yoast SEO plugin. -->","yoast_head_json":{"title":"Neyskin Cutana Cr\u00e8me \u00e0 la Coenzyme Q10 50ml &#187; En savoir plus","description":"Pharmacie en ligne allemande enregistr\u00e9e | Exp\u00e9dition internationale rapide | Produit fabriqu\u00e9 par vitOrgan : Neyskin Cutana Cr\u00e8me \u00e0 la Coenzyme Q10 50ml","robots":{"index":"index","follow":"follow","max-snippet":"max-snippet:-1","max-image-preview":"max-image-preview:large","max-video-preview":"max-video-preview:-1"},"canonical":"https:\/\/lions-pharmacy.com\/fr\/produit\/neyskin-cutana-cream-with-coenzyme-q10-50ml-07193427","og_locale":"fr_FR","og_type":"article","og_title":"Neyskin Cutana Cr\u00e8me \u00e0 la Coenzyme Q10 50ml &#187; En savoir plus","og_description":"Pharmacie en ligne allemande enregistr\u00e9e | Exp\u00e9dition internationale rapide | Produit fabriqu\u00e9 par vitOrgan : Neyskin Cutana Cr\u00e8me \u00e0 la Coenzyme Q10 50ml","og_url":"https:\/\/lions-pharmacy.com\/fr\/produit\/neyskin-cutana-cream-with-coenzyme-q10-50ml-07193427","og_site_name":"Lion Pharmacy","article_modified_time":"2025-01-25T19:30:15+00:00","og_image":[{"width":600,"height":600,"url":"https:\/\/lions-pharmacy.com\/wp-content\/uploads\/2024\/11\/Neyskin-Cutana-Vitorgan-PZN07193427-Lowenapotheke24.webp","type":"image\/webp"}],"twitter_card":"summary_large_image","twitter_misc":{"Dur\u00e9e de lecture estim\u00e9e":"2 minutes"},"schema":{"@context":"https:\/\/schema.org","@graph":[{"@type":"WebPage","@id":"https:\/\/lions-pharmacy.com\/fr\/produit\/neyskin-cutana-cream-with-coenzyme-q10-50ml-07193427","url":"https:\/\/lions-pharmacy.com\/fr\/produit\/neyskin-cutana-cream-with-coenzyme-q10-50ml-07193427","name":"Neyskin Cutana Cr\u00e8me \u00e0 la Coenzyme Q10 50ml &#187; En savoir plus","isPartOf":{"@id":"https:\/\/lions-pharmacy.com\/fr#website"},"primaryImageOfPage":{"@id":"https:\/\/lions-pharmacy.com\/fr\/produit\/neyskin-cutana-cream-with-coenzyme-q10-50ml-07193427#primaryimage"},"image":{"@id":"https:\/\/lions-pharmacy.com\/fr\/produit\/neyskin-cutana-cream-with-coenzyme-q10-50ml-07193427#primaryimage"},"thumbnailUrl":"https:\/\/lions-pharmacy.com\/wp-content\/uploads\/2024\/11\/Neyskin-Cutana-Vitorgan-PZN07193427-Lowenapotheke24.webp","datePublished":"2024-12-07T08:21:05+00:00","dateModified":"2025-01-25T19:30:15+00:00","description":"Pharmacie en ligne allemande enregistr\u00e9e | Exp\u00e9dition internationale rapide | Produit fabriqu\u00e9 par vitOrgan : Neyskin Cutana Cr\u00e8me \u00e0 la Coenzyme Q10 50ml","breadcrumb":{"@id":"https:\/\/lions-pharmacy.com\/fr\/produit\/neyskin-cutana-cream-with-coenzyme-q10-50ml-07193427#breadcrumb"},"inLanguage":"fr-FR","potentialAction":[{"@type":"ReadAction","target":["https:\/\/lions-pharmacy.com\/fr\/produit\/neyskin-cutana-cream-with-coenzyme-q10-50ml-07193427"]}]},{"@type":"ImageObject","inLanguage":"fr-FR","@id":"https:\/\/lions-pharmacy.com\/fr\/produit\/neyskin-cutana-cream-with-coenzyme-q10-50ml-07193427#primaryimage","url":"https:\/\/lions-pharmacy.com\/wp-content\/uploads\/2024\/11\/Neyskin-Cutana-Vitorgan-PZN07193427-Lowenapotheke24.webp","contentUrl":"https:\/\/lions-pharmacy.com\/wp-content\/uploads\/2024\/11\/Neyskin-Cutana-Vitorgan-PZN07193427-Lowenapotheke24.webp","width":600,"height":600,"caption":"l\u2019image montre Neyskin Cutana Cream Vitorgan. PZN 07193427. Pharmacie Lions"},{"@type":"BreadcrumbList","@id":"https:\/\/lions-pharmacy.com\/fr\/produit\/neyskin-cutana-cream-with-coenzyme-q10-50ml-07193427#breadcrumb","itemListElement":[{"@type":"ListItem","position":1,"name":"Home","item":"https:\/\/lions-pharmacy.com\/fr\/homepage-lion-pharmacy"},{"@type":"ListItem","position":2,"name":"Shop","item":"https:\/\/lions-pharmacy.com\/fr\/boutique"},{"@type":"ListItem","position":3,"name":"Neyskin Cutana Cr\u00e8me \u00e0 la Coenzyme Q10 50ml"}]},{"@type":"WebSite","@id":"https:\/\/lions-pharmacy.com\/fr#website","url":"https:\/\/lions-pharmacy.com\/fr","name":"Lions Pharmacy","description":"Pharmacie sp\u00e9cialis\u00e9e en naturopathie de Baden-Baden, Allemagne","publisher":{"@id":"https:\/\/lions-pharmacy.com\/fr#organization"},"alternateName":"Lion Pharmacy","potentialAction":[{"@type":"SearchAction","target":{"@type":"EntryPoint","urlTemplate":"https:\/\/lions-pharmacy.com\/fr?s={search_term_string}"},"query-input":{"@type":"PropertyValueSpecification","valueRequired":true,"valueName":"search_term_string"}}],"inLanguage":"fr-FR"},{"@type":"Organization","@id":"https:\/\/lions-pharmacy.com\/fr#organization","name":"Lions Pharmacy","alternateName":"Lions Pharmacy24","url":"https:\/\/lions-pharmacy.com\/fr","logo":{"@type":"ImageObject","inLanguage":"fr-FR","@id":"https:\/\/lions-pharmacy.com\/fr#\/schema\/logo\/image\/","url":"https:\/\/lions-pharmacy.com\/wp-content\/uploads\/2022\/12\/Logo-Lion-Pharmacy-c-o-Loewen-Apotheke-smal.jpg","contentUrl":"https:\/\/lions-pharmacy.com\/wp-content\/uploads\/2022\/12\/Logo-Lion-Pharmacy-c-o-Loewen-Apotheke-smal.jpg","width":298,"height":99,"caption":"Lions Pharmacy"},"image":{"@id":"https:\/\/lions-pharmacy.com\/fr#\/schema\/logo\/image\/"}}]}},"_links":{"self":[{"href":"https:\/\/lions-pharmacy.com\/fr\/wp-json\/wp\/v2\/product\/6817","targetHints":{"allow":["GET"]}}],"collection":[{"href":"https:\/\/lions-pharmacy.com\/fr\/wp-json\/wp\/v2\/product"}],"about":[{"href":"https:\/\/lions-pharmacy.com\/fr\/wp-json\/wp\/v2\/types\/product"}],"replies":[{"embeddable":true,"href":"https:\/\/lions-pharmacy.com\/fr\/wp-json\/wp\/v2\/comments?post=6817"}],"wp:featuredmedia":[{"embeddable":true,"href":"https:\/\/lions-pharmacy.com\/fr\/wp-json\/wp\/v2\/media\/6822"}],"wp:attachment":[{"href":"https:\/\/lions-pharmacy.com\/fr\/wp-json\/wp\/v2\/media?parent=6817"}],"wp:term":[{"taxonomy":"product_brand","embeddable":true,"href":"https:\/\/lions-pharmacy.com\/fr\/wp-json\/wp\/v2\/product_brand?post=6817"},{"taxonomy":"product_cat","embeddable":true,"href":"https:\/\/lions-pharmacy.com\/fr\/wp-json\/wp\/v2\/product_cat?post=6817"},{"taxonomy":"product_tag","embeddable":true,"href":"https:\/\/lions-pharmacy.com\/fr\/wp-json\/wp\/v2\/product_tag?post=6817"}],"curies":[{"name":"wp","href":"https:\/\/api.w.org\/{rel}","templated":true}]}}