{"id":6718,"date":"2024-11-27T14:09:46","date_gmt":"2024-11-27T13:09:46","guid":{"rendered":"https:\/\/lions-pharmacy.com\/?post_type=product&#038;p=6718"},"modified":"2026-03-06T19:06:59","modified_gmt":"2026-03-06T18:06:59","slug":"omni-biotic-6-9120001430093","status":"publish","type":"product","link":"https:\/\/lions-pharmacy.com\/fr\/produit\/omni-biotic-6-9120001430093","title":{"rendered":"OMNi-BiOTiC 6 (30x 2g)"},"content":{"rendered":"<h3>OMNi-BiOTiC 6<\/h3>\n<p>OMNi-BiOTiC 6 contient six souches germinales importantes et tr\u00e8s actives qui colonisent l\u2019intestin de haut en bas. Pour les troubles gastro-intestinaux actuels et chroniques<br \/>\nCombinaison d\u2019ingr\u00e9dient actif de probiotiques et de pr\u00e9biotiques et de compl\u00e9ment alimentaire pour la flore intestinale.<\/p>\n<p>Les bact\u00e9ries intestinales doivent faire beaucoup pour pouvoir accomplir des t\u00e2ches vitales. Ils sont responsables de la construction de la barri\u00e8re intestinale contre les germes \u00e9trangers et de l\u2019\u00e9limination des substances nocives et toxiques, ainsi que de l\u2019absorption et de la production de substances vitales.<\/p>\n<p>Cependant, le nombre de bact\u00e9ries peut changer et leur fonction peut \u00eatre alt\u00e9r\u00e9e par des habitudes malsaines. Cela est souvent le r\u00e9sultat du stress, d\u2019une alimentation malsaine ou de la prise de m\u00e9dicaments. Omnibiotic 6 aide \u00e0 r\u00e9tablir l\u2019\u00e9quilibre des bact\u00e9ries afin que les substances nocives et toxiques soient \u00e9limin\u00e9es et que les nutriments puissent \u00eatre \u00e0 nouveau absorb\u00e9s. L\u2019intestin peut alors fonctionner \u00e0 nouveau de mani\u00e8re fiable et s\u2019\u00e9quilibrer.<\/p>\n<p>D\u00e9pliant\/Mode d\u2019emploi\/Fiche technique de l\u2019article : OMNi-BiOTiC 6 (lecteur PDF)<\/p>\n<p>Autres produits pour l\u2019application&nbsp;: <a href=\"https:\/\/lions-pharmacy.com\/fr\/etiquette-produit\/homeopathie\">Hom\u00e9opathie<\/a>| <a href=\"https:\/\/lions-pharmacy.com\/fr\/etiquette-produit\/vitamines-et-supplements\">Vitamines et suppl\u00e9ments Produits<\/a><\/p>\n<p>En savoir plus sur le fabricant et le produit : <a href=\"https:\/\/www.allergosan.com\/de\/unsere-produkte\/omni-biotic\/\" target=\"_blank\" rel=\"noopener\">Omni-Biotic<\/a> (lien vers un site web externe)<\/p>\n<p>Les informations contenues dans ce site web sont fournies \u00e0 titre informatif uniquement. Ils ne remplacent en aucun cas l&#8217;examen et le traitement par un m\u00e9decin. Veuillez noter que cela signifie qu&#8217;aucun diagnostic ne peut \u00eatre \u00e9tabli et qu&#8217;aucune th\u00e9rapie ne peut \u00eatre mise en place. Les compl\u00e9ments alimentaires ne remplacent pas une alimentation \u00e9quilibr\u00e9e et vari\u00e9e et un mode de vie sain. La consommation journali\u00e8re recommand\u00e9e ne doit pas \u00eatre d\u00e9pass\u00e9e. Conservez le produit hors de port\u00e9e des jeunes enfants.<\/p>\n<p>Pour conna\u00eetre les risques et les effets secondaires, lisez la notice et demandez conseil \u00e0 votre m\u00e9decin ou \u00e0 votre pharmacien.<\/p>\n","protected":false},"excerpt":{"rendered":"<h3>OMNi-BiOTiC 6 (30x 2g)<\/h3>\n<p>OMNi-BiOTiC\u00ae 6 contient six souches germinales importantes et tr\u00e8s actives qui colonisent l\u2019intestin de haut en bas. Pour les troubles gastro-intestinaux actuels et chroniques.<\/p>\n<p>&nbsp;<\/p>\n<p><strong>PZN<\/strong> : 9066029 (num\u00e9ro central de la pharmacie)<\/p>\n<p><strong>Forme gal\u00e9nique<\/strong> : poudre<\/p>\n<p><strong>Type d\u2019ordonnance<\/strong> : sans ordonnance<\/p>\n<p><strong>Marque<\/strong>&nbsp;: OMNI BiOTiC<\/p>\n<p><strong>Fabricant<\/strong>&nbsp;: INSTITUT ALLERGOSAN Deutschland GmbH<\/p>\n<p><strong>Taille de l\u2019emballage<\/strong> : 30 sachets de 2 g chacun<\/p>\n","protected":false},"featured_media":6723,"comment_status":"closed","ping_status":"closed","template":"","meta":[],"product_brand":[],"product_cat":[611,120,114],"product_tag":[297,265,306,267,309,264],"class_list":{"0":"post-6718","1":"product","2":"type-product","3":"status-publish","4":"has-post-thumbnail","6":"product_cat-omni-biotique","7":"product_cat-sale-fr","8":"product_cat-non-classifiee","9":"product_tag-concentration-stress-fr","10":"product_tag-gestion-du-poids","11":"product_tag-homeopathie","12":"product_tag-poids-et-forme","13":"product_tag-vente-mensuelle","14":"product_tag-vitamines-et-supplements","15":"ts_product_brand-all-fr","16":"ts_product_brand-allergosan","18":"first","19":"instock","20":"sale","21":"taxable","22":"shipping-taxable","23":"purchasable","24":"product-type-simple"},"yoast_head":"<!-- This site is optimized with the Yoast SEO plugin v26.5 - https:\/\/yoast.com\/wordpress\/plugins\/seo\/ -->\n<title>OMNi-BiOTiC 6 (30x 2g) &#187; sur Lion Pharmacy<\/title>\n<meta name=\"description\" content=\"Une pharmacie en ligne enregistr\u00e9e. Nous vous proposons : Une exp\u00e9dition internationale rapide avec DHL. Pour le soutien du syst\u00e8me immunitaire &gt; OMNi-BiOTiC 6 (30x 2g)\" \/>\n<meta name=\"robots\" content=\"index, follow, max-snippet:-1, max-image-preview:large, max-video-preview:-1\" \/>\n<link rel=\"canonical\" href=\"https:\/\/lions-pharmacy.com\/fr\/produit\/omni-biotic-6-9120001430093\" \/>\n<meta property=\"og:locale\" content=\"fr_FR\" \/>\n<meta property=\"og:type\" content=\"article\" \/>\n<meta property=\"og:title\" content=\"OMNi-BiOTiC 6 (30x 2g) &#187; sur Lion Pharmacy\" \/>\n<meta property=\"og:description\" content=\"Une pharmacie en ligne enregistr\u00e9e. Nous vous proposons : Une exp\u00e9dition internationale rapide avec DHL. Pour le soutien du syst\u00e8me immunitaire &gt; OMNi-BiOTiC 6 (30x 2g)\" \/>\n<meta property=\"og:url\" content=\"https:\/\/lions-pharmacy.com\/fr\/produit\/omni-biotic-6-9120001430093\" \/>\n<meta property=\"og:site_name\" content=\"Lion Pharmacy\" \/>\n<meta property=\"article:modified_time\" content=\"2026-03-06T18:06:59+00:00\" \/>\n<meta property=\"og:image\" content=\"https:\/\/lions-pharmacy.com\/wp-content\/uploads\/2024\/11\/Omnibiotic-6-Allergosan-PZN-09066029-Lions-Pharmacy.webp\" \/>\n\t<meta property=\"og:image:width\" content=\"600\" \/>\n\t<meta property=\"og:image:height\" content=\"600\" \/>\n\t<meta property=\"og:image:type\" content=\"image\/webp\" \/>\n<meta name=\"twitter:card\" content=\"summary_large_image\" \/>\n<meta name=\"twitter:label1\" content=\"Dur\u00e9e de lecture estim\u00e9e\" \/>\n\t<meta name=\"twitter:data1\" content=\"2 minutes\" \/>\n<script type=\"application\/ld+json\" class=\"yoast-schema-graph\">{\"@context\":\"https:\/\/schema.org\",\"@graph\":[{\"@type\":\"WebPage\",\"@id\":\"https:\/\/lions-pharmacy.com\/fr\/produit\/omni-biotic-6-9120001430093\",\"url\":\"https:\/\/lions-pharmacy.com\/fr\/produit\/omni-biotic-6-9120001430093\",\"name\":\"OMNi-BiOTiC 6 (30x 2g) &#187; sur Lion Pharmacy\",\"isPartOf\":{\"@id\":\"https:\/\/lions-pharmacy.com\/fr#website\"},\"primaryImageOfPage\":{\"@id\":\"https:\/\/lions-pharmacy.com\/fr\/produit\/omni-biotic-6-9120001430093#primaryimage\"},\"image\":{\"@id\":\"https:\/\/lions-pharmacy.com\/fr\/produit\/omni-biotic-6-9120001430093#primaryimage\"},\"thumbnailUrl\":\"https:\/\/lions-pharmacy.com\/wp-content\/uploads\/2024\/11\/Omnibiotic-6-Allergosan-PZN-09066029-Lions-Pharmacy.webp\",\"datePublished\":\"2024-11-27T13:09:46+00:00\",\"dateModified\":\"2026-03-06T18:06:59+00:00\",\"description\":\"Une pharmacie en ligne enregistr\u00e9e. Nous vous proposons : Une exp\u00e9dition internationale rapide avec DHL. Pour le soutien du syst\u00e8me immunitaire > OMNi-BiOTiC 6 (30x 2g)\",\"breadcrumb\":{\"@id\":\"https:\/\/lions-pharmacy.com\/fr\/produit\/omni-biotic-6-9120001430093#breadcrumb\"},\"inLanguage\":\"fr-FR\",\"potentialAction\":[{\"@type\":\"ReadAction\",\"target\":[\"https:\/\/lions-pharmacy.com\/fr\/produit\/omni-biotic-6-9120001430093\"]}]},{\"@type\":\"ImageObject\",\"inLanguage\":\"fr-FR\",\"@id\":\"https:\/\/lions-pharmacy.com\/fr\/produit\/omni-biotic-6-9120001430093#primaryimage\",\"url\":\"https:\/\/lions-pharmacy.com\/wp-content\/uploads\/2024\/11\/Omnibiotic-6-Allergosan-PZN-09066029-Lions-Pharmacy.webp\",\"contentUrl\":\"https:\/\/lions-pharmacy.com\/wp-content\/uploads\/2024\/11\/Omnibiotic-6-Allergosan-PZN-09066029-Lions-Pharmacy.webp\",\"width\":600,\"height\":600,\"caption\":\"L\u2019image montre OMNi-BiOTiC 6 d\u2019Allergosan. PZN 09066029. Pharmacie Lions\"},{\"@type\":\"BreadcrumbList\",\"@id\":\"https:\/\/lions-pharmacy.com\/fr\/produit\/omni-biotic-6-9120001430093#breadcrumb\",\"itemListElement\":[{\"@type\":\"ListItem\",\"position\":1,\"name\":\"Home\",\"item\":\"https:\/\/lions-pharmacy.com\/fr\/homepage-lion-pharmacy\"},{\"@type\":\"ListItem\",\"position\":2,\"name\":\"Shop\",\"item\":\"https:\/\/lions-pharmacy.com\/fr\/boutique\"},{\"@type\":\"ListItem\",\"position\":3,\"name\":\"OMNi-BiOTiC 6 (30x 2g)\"}]},{\"@type\":\"WebSite\",\"@id\":\"https:\/\/lions-pharmacy.com\/fr#website\",\"url\":\"https:\/\/lions-pharmacy.com\/fr\",\"name\":\"Lions Pharmacy\",\"description\":\"Pharmacie sp\u00e9cialis\u00e9e en naturopathie de Baden-Baden, Allemagne\",\"publisher\":{\"@id\":\"https:\/\/lions-pharmacy.com\/fr#organization\"},\"alternateName\":\"Lion Pharmacy\",\"potentialAction\":[{\"@type\":\"SearchAction\",\"target\":{\"@type\":\"EntryPoint\",\"urlTemplate\":\"https:\/\/lions-pharmacy.com\/fr?s={search_term_string}\"},\"query-input\":{\"@type\":\"PropertyValueSpecification\",\"valueRequired\":true,\"valueName\":\"search_term_string\"}}],\"inLanguage\":\"fr-FR\"},{\"@type\":\"Organization\",\"@id\":\"https:\/\/lions-pharmacy.com\/fr#organization\",\"name\":\"Lions Pharmacy\",\"alternateName\":\"Lions Pharmacy24\",\"url\":\"https:\/\/lions-pharmacy.com\/fr\",\"logo\":{\"@type\":\"ImageObject\",\"inLanguage\":\"fr-FR\",\"@id\":\"https:\/\/lions-pharmacy.com\/fr#\/schema\/logo\/image\/\",\"url\":\"https:\/\/lions-pharmacy.com\/wp-content\/uploads\/2022\/12\/Logo-Lion-Pharmacy-c-o-Loewen-Apotheke-smal.jpg\",\"contentUrl\":\"https:\/\/lions-pharmacy.com\/wp-content\/uploads\/2022\/12\/Logo-Lion-Pharmacy-c-o-Loewen-Apotheke-smal.jpg\",\"width\":298,\"height\":99,\"caption\":\"Lions Pharmacy\"},\"image\":{\"@id\":\"https:\/\/lions-pharmacy.com\/fr#\/schema\/logo\/image\/\"}}]}<\/script>\n<!-- \/ Yoast SEO plugin. -->","yoast_head_json":{"title":"OMNi-BiOTiC 6 (30x 2g) &#187; sur Lion Pharmacy","description":"Une pharmacie en ligne enregistr\u00e9e. Nous vous proposons : Une exp\u00e9dition internationale rapide avec DHL. Pour le soutien du syst\u00e8me immunitaire > OMNi-BiOTiC 6 (30x 2g)","robots":{"index":"index","follow":"follow","max-snippet":"max-snippet:-1","max-image-preview":"max-image-preview:large","max-video-preview":"max-video-preview:-1"},"canonical":"https:\/\/lions-pharmacy.com\/fr\/produit\/omni-biotic-6-9120001430093","og_locale":"fr_FR","og_type":"article","og_title":"OMNi-BiOTiC 6 (30x 2g) &#187; sur Lion Pharmacy","og_description":"Une pharmacie en ligne enregistr\u00e9e. Nous vous proposons : Une exp\u00e9dition internationale rapide avec DHL. Pour le soutien du syst\u00e8me immunitaire > OMNi-BiOTiC 6 (30x 2g)","og_url":"https:\/\/lions-pharmacy.com\/fr\/produit\/omni-biotic-6-9120001430093","og_site_name":"Lion Pharmacy","article_modified_time":"2026-03-06T18:06:59+00:00","og_image":[{"width":600,"height":600,"url":"https:\/\/lions-pharmacy.com\/wp-content\/uploads\/2024\/11\/Omnibiotic-6-Allergosan-PZN-09066029-Lions-Pharmacy.webp","type":"image\/webp"}],"twitter_card":"summary_large_image","twitter_misc":{"Dur\u00e9e de lecture estim\u00e9e":"2 minutes"},"schema":{"@context":"https:\/\/schema.org","@graph":[{"@type":"WebPage","@id":"https:\/\/lions-pharmacy.com\/fr\/produit\/omni-biotic-6-9120001430093","url":"https:\/\/lions-pharmacy.com\/fr\/produit\/omni-biotic-6-9120001430093","name":"OMNi-BiOTiC 6 (30x 2g) &#187; sur Lion Pharmacy","isPartOf":{"@id":"https:\/\/lions-pharmacy.com\/fr#website"},"primaryImageOfPage":{"@id":"https:\/\/lions-pharmacy.com\/fr\/produit\/omni-biotic-6-9120001430093#primaryimage"},"image":{"@id":"https:\/\/lions-pharmacy.com\/fr\/produit\/omni-biotic-6-9120001430093#primaryimage"},"thumbnailUrl":"https:\/\/lions-pharmacy.com\/wp-content\/uploads\/2024\/11\/Omnibiotic-6-Allergosan-PZN-09066029-Lions-Pharmacy.webp","datePublished":"2024-11-27T13:09:46+00:00","dateModified":"2026-03-06T18:06:59+00:00","description":"Une pharmacie en ligne enregistr\u00e9e. Nous vous proposons : Une exp\u00e9dition internationale rapide avec DHL. Pour le soutien du syst\u00e8me immunitaire > OMNi-BiOTiC 6 (30x 2g)","breadcrumb":{"@id":"https:\/\/lions-pharmacy.com\/fr\/produit\/omni-biotic-6-9120001430093#breadcrumb"},"inLanguage":"fr-FR","potentialAction":[{"@type":"ReadAction","target":["https:\/\/lions-pharmacy.com\/fr\/produit\/omni-biotic-6-9120001430093"]}]},{"@type":"ImageObject","inLanguage":"fr-FR","@id":"https:\/\/lions-pharmacy.com\/fr\/produit\/omni-biotic-6-9120001430093#primaryimage","url":"https:\/\/lions-pharmacy.com\/wp-content\/uploads\/2024\/11\/Omnibiotic-6-Allergosan-PZN-09066029-Lions-Pharmacy.webp","contentUrl":"https:\/\/lions-pharmacy.com\/wp-content\/uploads\/2024\/11\/Omnibiotic-6-Allergosan-PZN-09066029-Lions-Pharmacy.webp","width":600,"height":600,"caption":"L\u2019image montre OMNi-BiOTiC 6 d\u2019Allergosan. PZN 09066029. Pharmacie Lions"},{"@type":"BreadcrumbList","@id":"https:\/\/lions-pharmacy.com\/fr\/produit\/omni-biotic-6-9120001430093#breadcrumb","itemListElement":[{"@type":"ListItem","position":1,"name":"Home","item":"https:\/\/lions-pharmacy.com\/fr\/homepage-lion-pharmacy"},{"@type":"ListItem","position":2,"name":"Shop","item":"https:\/\/lions-pharmacy.com\/fr\/boutique"},{"@type":"ListItem","position":3,"name":"OMNi-BiOTiC 6 (30x 2g)"}]},{"@type":"WebSite","@id":"https:\/\/lions-pharmacy.com\/fr#website","url":"https:\/\/lions-pharmacy.com\/fr","name":"Lions Pharmacy","description":"Pharmacie sp\u00e9cialis\u00e9e en naturopathie de Baden-Baden, Allemagne","publisher":{"@id":"https:\/\/lions-pharmacy.com\/fr#organization"},"alternateName":"Lion Pharmacy","potentialAction":[{"@type":"SearchAction","target":{"@type":"EntryPoint","urlTemplate":"https:\/\/lions-pharmacy.com\/fr?s={search_term_string}"},"query-input":{"@type":"PropertyValueSpecification","valueRequired":true,"valueName":"search_term_string"}}],"inLanguage":"fr-FR"},{"@type":"Organization","@id":"https:\/\/lions-pharmacy.com\/fr#organization","name":"Lions Pharmacy","alternateName":"Lions Pharmacy24","url":"https:\/\/lions-pharmacy.com\/fr","logo":{"@type":"ImageObject","inLanguage":"fr-FR","@id":"https:\/\/lions-pharmacy.com\/fr#\/schema\/logo\/image\/","url":"https:\/\/lions-pharmacy.com\/wp-content\/uploads\/2022\/12\/Logo-Lion-Pharmacy-c-o-Loewen-Apotheke-smal.jpg","contentUrl":"https:\/\/lions-pharmacy.com\/wp-content\/uploads\/2022\/12\/Logo-Lion-Pharmacy-c-o-Loewen-Apotheke-smal.jpg","width":298,"height":99,"caption":"Lions Pharmacy"},"image":{"@id":"https:\/\/lions-pharmacy.com\/fr#\/schema\/logo\/image\/"}}]}},"_links":{"self":[{"href":"https:\/\/lions-pharmacy.com\/fr\/wp-json\/wp\/v2\/product\/6718","targetHints":{"allow":["GET"]}}],"collection":[{"href":"https:\/\/lions-pharmacy.com\/fr\/wp-json\/wp\/v2\/product"}],"about":[{"href":"https:\/\/lions-pharmacy.com\/fr\/wp-json\/wp\/v2\/types\/product"}],"replies":[{"embeddable":true,"href":"https:\/\/lions-pharmacy.com\/fr\/wp-json\/wp\/v2\/comments?post=6718"}],"wp:featuredmedia":[{"embeddable":true,"href":"https:\/\/lions-pharmacy.com\/fr\/wp-json\/wp\/v2\/media\/6723"}],"wp:attachment":[{"href":"https:\/\/lions-pharmacy.com\/fr\/wp-json\/wp\/v2\/media?parent=6718"}],"wp:term":[{"taxonomy":"product_brand","embeddable":true,"href":"https:\/\/lions-pharmacy.com\/fr\/wp-json\/wp\/v2\/product_brand?post=6718"},{"taxonomy":"product_cat","embeddable":true,"href":"https:\/\/lions-pharmacy.com\/fr\/wp-json\/wp\/v2\/product_cat?post=6718"},{"taxonomy":"product_tag","embeddable":true,"href":"https:\/\/lions-pharmacy.com\/fr\/wp-json\/wp\/v2\/product_tag?post=6718"}],"curies":[{"name":"wp","href":"https:\/\/api.w.org\/{rel}","templated":true}]}}