{"id":6643,"date":"2024-11-26T15:52:24","date_gmt":"2024-11-26T14:52:24","guid":{"rendered":"https:\/\/lions-pharmacy.com\/?post_type=product&#038;p=6643"},"modified":"2026-02-08T06:50:46","modified_gmt":"2026-02-08T05:50:46","slug":"vitamin-b12-injektopas-100x-1ml-4150075686954","status":"publish","type":"product","link":"https:\/\/lions-pharmacy.com\/fr\/produit\/vitamin-b12-injektopas-100x-1ml-4150075686954","title":{"rendered":"Vitamine B12 Injektopas (100x 1ml)"},"content":{"rendered":"<h2>Vitamine B12 Injektopas 1500 \u03bcg<\/h2>\n<p>Vitamine B12 Injektopas (100x 1ml) solution injectable. La vitamine B 12 est une vitamine hydrosoluble dont l&#8217;organisme a besoin pour le d\u00e9veloppement des cellules nerveuses, pour le m\u00e9tabolisme des prot\u00e9ines et des noyaux et pour l&#8217;absorption de l&#8217;acide folique dans les globules rouges. La vitamine B12 se trouve dans les produits laitiers, les produits \u00e0 base de c\u00e9r\u00e9ales compl\u00e8tes, le poisson et la viande et les \u0153ufs. Diverses maladies, telles que l\u2019inflammation chronique des intestins ou des ann\u00e9es de prise de certains m\u00e9dicaments inhibiteurs de l\u2019acide gastrique, peuvent entra\u00eener une carence en vitamine B12.<\/p>\n<p>Pour une carence en vitamine B12 qui ne peut pas \u00eatre corrig\u00e9e par l\u2019alimentation. Ne vous auto-traitez pas avec des injections. La th\u00e9rapie par injection doit \u00eatre administr\u00e9e professionnellement dans un cabinet.<\/p>\n<p>Ingr\u00e9dient actif : Ac\u00e9tate d&#8217;hydroxocobalamine 1500 \u00b5g par ml de solution injectable.<\/p>\n<p>Le portefeuille Pascoe comprend environ 200 produits. Il s\u2019agit notamment des m\u00e9dicaments \u00e0 base de plantes, des pr\u00e9parations vitamin\u00e9es \u00e0 forte dose, des rem\u00e8des complexes hom\u00e9opathiques et des compl\u00e9ments alimentaires. La vari\u00e9t\u00e9 des m\u00e9dicaments tient compte des exigences complexes des produits de sant\u00e9. Notre succ\u00e8s nous donne \u00e9galement raison \u00e0 l\u2019international : nos produits sont export\u00e9s dans plus de 30 pays \u00e0 travers le monde, et la tendance est \u00e0 la hausse.<\/p>\n<p>Autres produits pour l\u2019application&nbsp;: <a href=\"https:\/\/lions-pharmacy.com\/fr\/etiquette-produit\/homeopathie\">Hom\u00e9opathie<\/a> | <a href=\"https:\/\/lions-pharmacy.com\/fr\/etiquette-produit\/vitamines-et-supplements\">Vitamines<\/a> | <a href=\"https:\/\/lions-pharmacy.com\/fr\/etiquette-produit\/infection-virale\">Infections<\/a><\/p>\n<p>En apprendre plus sur manufactorer et ce produit: <a href=\"https:\/\/www.pascoe.de\/\" target=\"_blank\" rel=\"noopener\">Pascoe pharmazeutische Pr\u00e4parate GmbH<\/a> (lien vers site Web externe)<\/p>\n<p data-pm-slice=\"1 1 []\">Les compl\u00e9ments alimentaires ne remplacent pas une alimentation \u00e9quilibr\u00e9e et vari\u00e9e et un mode de vie sain. La consommation journali\u00e8re recommand\u00e9e ne doit pas \u00eatre d\u00e9pass\u00e9e. Les informations contenues dans ce site web sont fournies \u00e0 titre informatif uniquement. Ils ne remplacent en aucun cas l&#8217;examen et le traitement par un m\u00e9decin. Veuillez noter que ces informations ne peuvent pas \u00eatre utilis\u00e9es pour \u00e9tablir un diagnostic ou initier une th\u00e9rapie.<\/p>\n<p>Pour plus d&#8217;informations sur les risques et les effets secondaires, lisez la notice et demandez conseil \u00e0 votre m\u00e9decin ou \u00e0 votre pharmacien.<\/p>\n<p><strong>Ordonnance | Ordonnance \u00e9lectronique disponible ?<\/strong><\/p>\n<p>Soumettez votre e-prescription d\u00e8s maintenant. Utilisez notre <a class=\"ProsemirrorEditor-link\" href=\"https:\/\/e-rezept-app.de\/\">application de prescription \u00e9lectronique.<\/a> Et nous vous offrons la livraison gratuite en Allemagne !<\/p>\n","protected":false},"excerpt":{"rendered":"<h2>Vitamine B12 Injektopas (100x 1ml) &#8211; 1500\u03bcg<\/h2>\n<p>Solution injectable de vitamine B12. Ac\u00e9tate d&#8217;hydroxocobalamine 1500 \u00b5g par ml de solution injectable.<\/p>\n<p>&nbsp;<\/p>\n<p><strong>PZN<\/strong> : 07568695 (num\u00e9ro central de la pharmacie)<\/p>\n<p><strong>Forme posologique<\/strong> : Liquide d\u2019injection<\/p>\n<p><strong>Type d\u2019ordonnance<\/strong> : sans ordonnance<\/p>\n<p><strong>Fabricant<\/strong>&nbsp;: Pascoe pharmazeutische Pr\u00e4parate GmbH, Allemagne<\/p>\n<p><strong>Taille de l\u2019emballage<\/strong>&nbsp;: 100 pcs. un 1ml<\/p>\n","protected":false},"featured_media":6649,"comment_status":"closed","ping_status":"closed","template":"","meta":[],"product_brand":[],"product_cat":[598,114],"product_tag":[266,297,306,264],"class_list":{"0":"post-6643","1":"product","2":"type-product","3":"status-publish","4":"has-post-thumbnail","6":"product_cat-pascoe-fr","7":"product_cat-non-classifiee","8":"product_tag-bien-etre","9":"product_tag-concentration-stress-fr","10":"product_tag-homeopathie","11":"product_tag-vitamines-et-supplements","12":"ts_product_brand-all-fr","13":"ts_product_brand-pascoe","15":"first","16":"instock","17":"sale","18":"taxable","19":"shipping-taxable","20":"purchasable","21":"product-type-simple"},"yoast_head":"<!-- This site is optimized with the Yoast SEO plugin v26.5 - https:\/\/yoast.com\/wordpress\/plugins\/seo\/ -->\n<title>Vitamine B12 Injektopas (100x 1ml) &#187; sur Lion Pharmacy<\/title>\n<meta name=\"description\" content=\"Lions Pharmacy est une pharmacie allemande enregistr\u00e9e. Exp\u00e9dition internationale rapide avec DHL. En savoir plus sur Pascoe et Vitamine B12 Injektopas (100x 1ml)\" \/>\n<meta name=\"robots\" content=\"index, follow, max-snippet:-1, max-image-preview:large, max-video-preview:-1\" \/>\n<link rel=\"canonical\" href=\"https:\/\/lions-pharmacy.com\/fr\/produit\/vitamin-b12-injektopas-100x-1ml-4150075686954\" \/>\n<meta property=\"og:locale\" content=\"fr_FR\" \/>\n<meta property=\"og:type\" content=\"article\" \/>\n<meta property=\"og:title\" content=\"Vitamine B12 Injektopas (100x 1ml) &#187; sur Lion Pharmacy\" \/>\n<meta property=\"og:description\" content=\"Lions Pharmacy est une pharmacie allemande enregistr\u00e9e. Exp\u00e9dition internationale rapide avec DHL. En savoir plus sur Pascoe et Vitamine B12 Injektopas (100x 1ml)\" \/>\n<meta property=\"og:url\" content=\"https:\/\/lions-pharmacy.com\/fr\/produit\/vitamin-b12-injektopas-100x-1ml-4150075686954\" \/>\n<meta property=\"og:site_name\" content=\"Lion Pharmacy\" \/>\n<meta property=\"article:modified_time\" content=\"2026-02-08T05:50:46+00:00\" \/>\n<meta property=\"og:image\" content=\"https:\/\/lions-pharmacy.com\/wp-content\/uploads\/2024\/11\/Vitamin-B12-Depot-Injektopass-100-ml-PZN-07568695-Pascoe-Lionspharmacy.webp\" \/>\n\t<meta property=\"og:image:width\" content=\"600\" \/>\n\t<meta property=\"og:image:height\" content=\"600\" \/>\n\t<meta property=\"og:image:type\" content=\"image\/webp\" \/>\n<meta name=\"twitter:card\" content=\"summary_large_image\" \/>\n<meta name=\"twitter:label1\" content=\"Dur\u00e9e de lecture estim\u00e9e\" \/>\n\t<meta name=\"twitter:data1\" content=\"2 minutes\" \/>\n<script type=\"application\/ld+json\" class=\"yoast-schema-graph\">{\"@context\":\"https:\/\/schema.org\",\"@graph\":[{\"@type\":\"WebPage\",\"@id\":\"https:\/\/lions-pharmacy.com\/fr\/produit\/vitamin-b12-injektopas-100x-1ml-4150075686954\",\"url\":\"https:\/\/lions-pharmacy.com\/fr\/produit\/vitamin-b12-injektopas-100x-1ml-4150075686954\",\"name\":\"Vitamine B12 Injektopas (100x 1ml) &#187; sur Lion Pharmacy\",\"isPartOf\":{\"@id\":\"https:\/\/lions-pharmacy.com\/fr#website\"},\"primaryImageOfPage\":{\"@id\":\"https:\/\/lions-pharmacy.com\/fr\/produit\/vitamin-b12-injektopas-100x-1ml-4150075686954#primaryimage\"},\"image\":{\"@id\":\"https:\/\/lions-pharmacy.com\/fr\/produit\/vitamin-b12-injektopas-100x-1ml-4150075686954#primaryimage\"},\"thumbnailUrl\":\"https:\/\/lions-pharmacy.com\/wp-content\/uploads\/2024\/11\/Vitamin-B12-Depot-Injektopass-100-ml-PZN-07568695-Pascoe-Lionspharmacy.webp\",\"datePublished\":\"2024-11-26T14:52:24+00:00\",\"dateModified\":\"2026-02-08T05:50:46+00:00\",\"description\":\"Lions Pharmacy est une pharmacie allemande enregistr\u00e9e. Exp\u00e9dition internationale rapide avec DHL. En savoir plus sur Pascoe et Vitamine B12 Injektopas (100x 1ml)\",\"breadcrumb\":{\"@id\":\"https:\/\/lions-pharmacy.com\/fr\/produit\/vitamin-b12-injektopas-100x-1ml-4150075686954#breadcrumb\"},\"inLanguage\":\"fr-FR\",\"potentialAction\":[{\"@type\":\"ReadAction\",\"target\":[\"https:\/\/lions-pharmacy.com\/fr\/produit\/vitamin-b12-injektopas-100x-1ml-4150075686954\"]}]},{\"@type\":\"ImageObject\",\"inLanguage\":\"fr-FR\",\"@id\":\"https:\/\/lions-pharmacy.com\/fr\/produit\/vitamin-b12-injektopas-100x-1ml-4150075686954#primaryimage\",\"url\":\"https:\/\/lions-pharmacy.com\/wp-content\/uploads\/2024\/11\/Vitamin-B12-Depot-Injektopass-100-ml-PZN-07568695-Pascoe-Lionspharmacy.webp\",\"contentUrl\":\"https:\/\/lions-pharmacy.com\/wp-content\/uploads\/2024\/11\/Vitamin-B12-Depot-Injektopass-100-ml-PZN-07568695-Pascoe-Lionspharmacy.webp\",\"width\":600,\"height\":600,\"caption\":\"Vitamine B12 Depot Injektopass 100 ml -PZN 07568695 - Pascoe - Lionspharmacy\"},{\"@type\":\"BreadcrumbList\",\"@id\":\"https:\/\/lions-pharmacy.com\/fr\/produit\/vitamin-b12-injektopas-100x-1ml-4150075686954#breadcrumb\",\"itemListElement\":[{\"@type\":\"ListItem\",\"position\":1,\"name\":\"Home\",\"item\":\"https:\/\/lions-pharmacy.com\/fr\/homepage-lion-pharmacy\"},{\"@type\":\"ListItem\",\"position\":2,\"name\":\"Shop\",\"item\":\"https:\/\/lions-pharmacy.com\/fr\/boutique\"},{\"@type\":\"ListItem\",\"position\":3,\"name\":\"Vitamine B12 Injektopas (100x 1ml)\"}]},{\"@type\":\"WebSite\",\"@id\":\"https:\/\/lions-pharmacy.com\/fr#website\",\"url\":\"https:\/\/lions-pharmacy.com\/fr\",\"name\":\"Lions Pharmacy\",\"description\":\"Pharmacie sp\u00e9cialis\u00e9e en naturopathie de Baden-Baden, Allemagne\",\"publisher\":{\"@id\":\"https:\/\/lions-pharmacy.com\/fr#organization\"},\"alternateName\":\"Lion Pharmacy\",\"potentialAction\":[{\"@type\":\"SearchAction\",\"target\":{\"@type\":\"EntryPoint\",\"urlTemplate\":\"https:\/\/lions-pharmacy.com\/fr?s={search_term_string}\"},\"query-input\":{\"@type\":\"PropertyValueSpecification\",\"valueRequired\":true,\"valueName\":\"search_term_string\"}}],\"inLanguage\":\"fr-FR\"},{\"@type\":\"Organization\",\"@id\":\"https:\/\/lions-pharmacy.com\/fr#organization\",\"name\":\"Lions Pharmacy\",\"alternateName\":\"Lions Pharmacy24\",\"url\":\"https:\/\/lions-pharmacy.com\/fr\",\"logo\":{\"@type\":\"ImageObject\",\"inLanguage\":\"fr-FR\",\"@id\":\"https:\/\/lions-pharmacy.com\/fr#\/schema\/logo\/image\/\",\"url\":\"https:\/\/lions-pharmacy.com\/wp-content\/uploads\/2022\/12\/Logo-Lion-Pharmacy-c-o-Loewen-Apotheke-smal.jpg\",\"contentUrl\":\"https:\/\/lions-pharmacy.com\/wp-content\/uploads\/2022\/12\/Logo-Lion-Pharmacy-c-o-Loewen-Apotheke-smal.jpg\",\"width\":298,\"height\":99,\"caption\":\"Lions Pharmacy\"},\"image\":{\"@id\":\"https:\/\/lions-pharmacy.com\/fr#\/schema\/logo\/image\/\"}}]}<\/script>\n<!-- \/ Yoast SEO plugin. -->","yoast_head_json":{"title":"Vitamine B12 Injektopas (100x 1ml) &#187; sur Lion Pharmacy","description":"Lions Pharmacy est une pharmacie allemande enregistr\u00e9e. Exp\u00e9dition internationale rapide avec DHL. En savoir plus sur Pascoe et Vitamine B12 Injektopas (100x 1ml)","robots":{"index":"index","follow":"follow","max-snippet":"max-snippet:-1","max-image-preview":"max-image-preview:large","max-video-preview":"max-video-preview:-1"},"canonical":"https:\/\/lions-pharmacy.com\/fr\/produit\/vitamin-b12-injektopas-100x-1ml-4150075686954","og_locale":"fr_FR","og_type":"article","og_title":"Vitamine B12 Injektopas (100x 1ml) &#187; sur Lion Pharmacy","og_description":"Lions Pharmacy est une pharmacie allemande enregistr\u00e9e. Exp\u00e9dition internationale rapide avec DHL. En savoir plus sur Pascoe et Vitamine B12 Injektopas (100x 1ml)","og_url":"https:\/\/lions-pharmacy.com\/fr\/produit\/vitamin-b12-injektopas-100x-1ml-4150075686954","og_site_name":"Lion Pharmacy","article_modified_time":"2026-02-08T05:50:46+00:00","og_image":[{"width":600,"height":600,"url":"https:\/\/lions-pharmacy.com\/wp-content\/uploads\/2024\/11\/Vitamin-B12-Depot-Injektopass-100-ml-PZN-07568695-Pascoe-Lionspharmacy.webp","type":"image\/webp"}],"twitter_card":"summary_large_image","twitter_misc":{"Dur\u00e9e de lecture estim\u00e9e":"2 minutes"},"schema":{"@context":"https:\/\/schema.org","@graph":[{"@type":"WebPage","@id":"https:\/\/lions-pharmacy.com\/fr\/produit\/vitamin-b12-injektopas-100x-1ml-4150075686954","url":"https:\/\/lions-pharmacy.com\/fr\/produit\/vitamin-b12-injektopas-100x-1ml-4150075686954","name":"Vitamine B12 Injektopas (100x 1ml) &#187; sur Lion Pharmacy","isPartOf":{"@id":"https:\/\/lions-pharmacy.com\/fr#website"},"primaryImageOfPage":{"@id":"https:\/\/lions-pharmacy.com\/fr\/produit\/vitamin-b12-injektopas-100x-1ml-4150075686954#primaryimage"},"image":{"@id":"https:\/\/lions-pharmacy.com\/fr\/produit\/vitamin-b12-injektopas-100x-1ml-4150075686954#primaryimage"},"thumbnailUrl":"https:\/\/lions-pharmacy.com\/wp-content\/uploads\/2024\/11\/Vitamin-B12-Depot-Injektopass-100-ml-PZN-07568695-Pascoe-Lionspharmacy.webp","datePublished":"2024-11-26T14:52:24+00:00","dateModified":"2026-02-08T05:50:46+00:00","description":"Lions Pharmacy est une pharmacie allemande enregistr\u00e9e. Exp\u00e9dition internationale rapide avec DHL. En savoir plus sur Pascoe et Vitamine B12 Injektopas (100x 1ml)","breadcrumb":{"@id":"https:\/\/lions-pharmacy.com\/fr\/produit\/vitamin-b12-injektopas-100x-1ml-4150075686954#breadcrumb"},"inLanguage":"fr-FR","potentialAction":[{"@type":"ReadAction","target":["https:\/\/lions-pharmacy.com\/fr\/produit\/vitamin-b12-injektopas-100x-1ml-4150075686954"]}]},{"@type":"ImageObject","inLanguage":"fr-FR","@id":"https:\/\/lions-pharmacy.com\/fr\/produit\/vitamin-b12-injektopas-100x-1ml-4150075686954#primaryimage","url":"https:\/\/lions-pharmacy.com\/wp-content\/uploads\/2024\/11\/Vitamin-B12-Depot-Injektopass-100-ml-PZN-07568695-Pascoe-Lionspharmacy.webp","contentUrl":"https:\/\/lions-pharmacy.com\/wp-content\/uploads\/2024\/11\/Vitamin-B12-Depot-Injektopass-100-ml-PZN-07568695-Pascoe-Lionspharmacy.webp","width":600,"height":600,"caption":"Vitamine B12 Depot Injektopass 100 ml -PZN 07568695 - Pascoe - Lionspharmacy"},{"@type":"BreadcrumbList","@id":"https:\/\/lions-pharmacy.com\/fr\/produit\/vitamin-b12-injektopas-100x-1ml-4150075686954#breadcrumb","itemListElement":[{"@type":"ListItem","position":1,"name":"Home","item":"https:\/\/lions-pharmacy.com\/fr\/homepage-lion-pharmacy"},{"@type":"ListItem","position":2,"name":"Shop","item":"https:\/\/lions-pharmacy.com\/fr\/boutique"},{"@type":"ListItem","position":3,"name":"Vitamine B12 Injektopas (100x 1ml)"}]},{"@type":"WebSite","@id":"https:\/\/lions-pharmacy.com\/fr#website","url":"https:\/\/lions-pharmacy.com\/fr","name":"Lions Pharmacy","description":"Pharmacie sp\u00e9cialis\u00e9e en naturopathie de Baden-Baden, Allemagne","publisher":{"@id":"https:\/\/lions-pharmacy.com\/fr#organization"},"alternateName":"Lion Pharmacy","potentialAction":[{"@type":"SearchAction","target":{"@type":"EntryPoint","urlTemplate":"https:\/\/lions-pharmacy.com\/fr?s={search_term_string}"},"query-input":{"@type":"PropertyValueSpecification","valueRequired":true,"valueName":"search_term_string"}}],"inLanguage":"fr-FR"},{"@type":"Organization","@id":"https:\/\/lions-pharmacy.com\/fr#organization","name":"Lions Pharmacy","alternateName":"Lions Pharmacy24","url":"https:\/\/lions-pharmacy.com\/fr","logo":{"@type":"ImageObject","inLanguage":"fr-FR","@id":"https:\/\/lions-pharmacy.com\/fr#\/schema\/logo\/image\/","url":"https:\/\/lions-pharmacy.com\/wp-content\/uploads\/2022\/12\/Logo-Lion-Pharmacy-c-o-Loewen-Apotheke-smal.jpg","contentUrl":"https:\/\/lions-pharmacy.com\/wp-content\/uploads\/2022\/12\/Logo-Lion-Pharmacy-c-o-Loewen-Apotheke-smal.jpg","width":298,"height":99,"caption":"Lions Pharmacy"},"image":{"@id":"https:\/\/lions-pharmacy.com\/fr#\/schema\/logo\/image\/"}}]}},"_links":{"self":[{"href":"https:\/\/lions-pharmacy.com\/fr\/wp-json\/wp\/v2\/product\/6643","targetHints":{"allow":["GET"]}}],"collection":[{"href":"https:\/\/lions-pharmacy.com\/fr\/wp-json\/wp\/v2\/product"}],"about":[{"href":"https:\/\/lions-pharmacy.com\/fr\/wp-json\/wp\/v2\/types\/product"}],"replies":[{"embeddable":true,"href":"https:\/\/lions-pharmacy.com\/fr\/wp-json\/wp\/v2\/comments?post=6643"}],"wp:featuredmedia":[{"embeddable":true,"href":"https:\/\/lions-pharmacy.com\/fr\/wp-json\/wp\/v2\/media\/6649"}],"wp:attachment":[{"href":"https:\/\/lions-pharmacy.com\/fr\/wp-json\/wp\/v2\/media?parent=6643"}],"wp:term":[{"taxonomy":"product_brand","embeddable":true,"href":"https:\/\/lions-pharmacy.com\/fr\/wp-json\/wp\/v2\/product_brand?post=6643"},{"taxonomy":"product_cat","embeddable":true,"href":"https:\/\/lions-pharmacy.com\/fr\/wp-json\/wp\/v2\/product_cat?post=6643"},{"taxonomy":"product_tag","embeddable":true,"href":"https:\/\/lions-pharmacy.com\/fr\/wp-json\/wp\/v2\/product_tag?post=6643"}],"curies":[{"name":"wp","href":"https:\/\/api.w.org\/{rel}","templated":true}]}}