{"id":6491,"date":"2024-11-22T07:03:56","date_gmt":"2024-11-22T06:03:56","guid":{"rendered":"https:\/\/lions-pharmacy.com\/?post_type=product&#038;p=6491"},"modified":"2025-01-25T11:15:49","modified_gmt":"2025-01-25T10:15:49","slug":"omni-biotic-10-40x-5g-9120001433322","status":"publish","type":"product","link":"https:\/\/lions-pharmacy.com\/fr\/produit\/omni-biotic-10-40x-5g-9120001433322","title":{"rendered":"OMNI BiOTiC 10 (40x 5g)"},"content":{"rendered":"<h3>OMNI BiOTiC 10<\/h3>\n<p>L\u2019utilisation d\u2019OMNi-BiOTiC 10 peut am\u00e9liorer les d\u00e9fenses de l\u2019organisme et est particuli\u00e8rement recommand\u00e9e pendant ou apr\u00e8s la prise d\u2019antibiotiques. Cultures bact\u00e9riennes reproductibles.<\/p>\n<p>Notre syst\u00e8me immunitaire et l\u2019intestin en tant que centre sont confront\u00e9s quotidiennement \u00e0 des d\u00e9fis li\u00e9s aux germes pathog\u00e8nes tels que les virus et autres agents pathog\u00e8nes, \u00e0 une mauvaise alimentation et aux carences en vitamines et nutriments qui en r\u00e9sultent. Cela peut avoir un effet n\u00e9gatif \u00e0 la fois sur la colonisation bact\u00e9rienne dans l\u2019intestin et sur notre syst\u00e8me immunitaire. Il offre un soutien particulier apr\u00e8s la prise d\u2019antibiotiques pour r\u00e9guler \u00e0 nouveau l\u2019intestin et d\u00e9velopper des souches bact\u00e9riennes.<\/p>\n<p>Notice \/ mode d\u2019emploi\/fiche technique de l\u2019article: &#8211; (Lecteur PDF)<\/p>\n<p>Autres produits pour l\u2019application: Perte de cheveux &#8211; <a href=\"https:\/\/lions-pharmacy.com\/product-tag\/coronavirus\">Coronavirus<\/a> | <a href=\"https:\/\/lions-pharmacy.com\/product-tag\/vitamins-supplements\">Produits de vitamines et suppl\u00e9ments<\/a><\/p>\n<p>En savoir plus sur manufactorer et ce produit: <a href=\"https:\/\/www.allergosan.com\/de\/unsere-produkte\/omni-biotic\/\" target=\"_blank\" rel=\"noopener\">Omni-Biotic<\/a> (lien vers un site Web externe)<\/p>\n<p>Les informations contenues dans ce site web sont fournies \u00e0 titre informatif uniquement. Ils ne remplacent en aucun cas l&#8217;examen et le traitement par un m\u00e9decin. Veuillez noter que cela signifie qu&#8217;aucun diagnostic ne peut \u00eatre \u00e9tabli et qu&#8217;aucune th\u00e9rapie ne peut \u00eatre mise en place.<\/p>\n<p>Pour conna\u00eetre les risques et les effets secondaires, lisez la notice et demandez conseil \u00e0 votre m\u00e9decin ou \u00e0 votre pharmacien.<\/p>\n","protected":false},"excerpt":{"rendered":"<h2>OMNI BiOTiC 10 (40x 5g)<\/h2>\n<p>Am\u00e9liorer les d\u00e9fenses de l\u2019organisme, cultures bact\u00e9riennes reproductibles.<\/p>\n<p>&nbsp;<\/p>\n<p><strong>PZN<\/strong> : 13584830 (num\u00e9ro central de la pharmacie)<\/p>\n<p><strong>Forme gal\u00e9nique<\/strong> : poudre<\/p>\n<p><strong>Type d\u2019ordonnance<\/strong> : sans ordonnance<\/p>\n<p><strong>Marque<\/strong>&nbsp;: OMNI BiOTiC<\/p>\n<p><strong>Fabricant<\/strong>&nbsp;: INSTITUT ALLERGOSAN Deutschland GmbH<\/p>\n<p><strong>Taille de l\u2019emballage<\/strong> : 40 sachets de 5 g chacun<\/p>\n","protected":false},"featured_media":6750,"comment_status":"closed","ping_status":"closed","template":"","meta":[],"product_brand":[],"product_cat":[611,120,114],"product_tag":[297,265,267,309,264],"class_list":{"0":"post-6491","1":"product","2":"type-product","3":"status-publish","4":"has-post-thumbnail","6":"product_cat-omni-biotique","7":"product_cat-sale-fr","8":"product_cat-non-classifiee","9":"product_tag-concentration-stress-fr","10":"product_tag-gestion-du-poids","11":"product_tag-poids-et-forme","12":"product_tag-vente-mensuelle","13":"product_tag-vitamines-et-supplements","14":"ts_product_brand-all-fr","15":"ts_product_brand-allergosan","17":"first","18":"instock","19":"sale","20":"taxable","21":"shipping-taxable","22":"purchasable","23":"product-type-simple"},"yoast_head":"<!-- This site is optimized with the Yoast SEO plugin v26.5 - https:\/\/yoast.com\/wordpress\/plugins\/seo\/ -->\n<title>OMNI BiOTiC 10 (40x 5g) &#187; En savoir plus sur le Lion Pharmacy<\/title>\n<meta name=\"description\" content=\"Une pharmacie en ligne enregistr\u00e9e. Nous offrons\u00a0: Exp\u00e9dition internationale rapide et achats en ligne s\u00e9curis\u00e9s. Pour votre syst\u00e8me immunitaire, le soutien &gt; OMNI BiOTiC 10 (40x 5g)\" \/>\n<meta name=\"robots\" content=\"index, follow, max-snippet:-1, max-image-preview:large, max-video-preview:-1\" \/>\n<link rel=\"canonical\" href=\"https:\/\/lions-pharmacy.com\/fr\/produit\/omni-biotic-10-40x-5g-9120001433322\" \/>\n<meta property=\"og:locale\" content=\"fr_FR\" \/>\n<meta property=\"og:type\" content=\"article\" \/>\n<meta property=\"og:title\" content=\"OMNI BiOTiC 10 (40x 5g) &#187; En savoir plus sur le Lion Pharmacy\" \/>\n<meta property=\"og:description\" content=\"Une pharmacie en ligne enregistr\u00e9e. Nous offrons\u00a0: Exp\u00e9dition internationale rapide et achats en ligne s\u00e9curis\u00e9s. Pour votre syst\u00e8me immunitaire, le soutien &gt; OMNI BiOTiC 10 (40x 5g)\" \/>\n<meta property=\"og:url\" content=\"https:\/\/lions-pharmacy.com\/fr\/produit\/omni-biotic-10-40x-5g-9120001433322\" \/>\n<meta property=\"og:site_name\" content=\"Lion Pharmacy\" \/>\n<meta property=\"article:modified_time\" content=\"2025-01-25T10:15:49+00:00\" \/>\n<meta property=\"og:image\" content=\"https:\/\/lions-pharmacy.com\/wp-content\/uploads\/2024\/11\/Omnibiotic-10-Allergosan-PZN-13584830-Lions-Pharmacy.webp\" \/>\n\t<meta property=\"og:image:width\" content=\"600\" \/>\n\t<meta property=\"og:image:height\" content=\"600\" \/>\n\t<meta property=\"og:image:type\" content=\"image\/webp\" \/>\n<meta name=\"twitter:card\" content=\"summary_large_image\" \/>\n<meta name=\"twitter:label1\" content=\"Dur\u00e9e de lecture estim\u00e9e\" \/>\n\t<meta name=\"twitter:data1\" content=\"1 minute\" \/>\n<script type=\"application\/ld+json\" class=\"yoast-schema-graph\">{\"@context\":\"https:\/\/schema.org\",\"@graph\":[{\"@type\":\"WebPage\",\"@id\":\"https:\/\/lions-pharmacy.com\/fr\/produit\/omni-biotic-10-40x-5g-9120001433322\",\"url\":\"https:\/\/lions-pharmacy.com\/fr\/produit\/omni-biotic-10-40x-5g-9120001433322\",\"name\":\"OMNI BiOTiC 10 (40x 5g) &#187; En savoir plus sur le Lion Pharmacy\",\"isPartOf\":{\"@id\":\"https:\/\/lions-pharmacy.com\/fr#website\"},\"primaryImageOfPage\":{\"@id\":\"https:\/\/lions-pharmacy.com\/fr\/produit\/omni-biotic-10-40x-5g-9120001433322#primaryimage\"},\"image\":{\"@id\":\"https:\/\/lions-pharmacy.com\/fr\/produit\/omni-biotic-10-40x-5g-9120001433322#primaryimage\"},\"thumbnailUrl\":\"https:\/\/lions-pharmacy.com\/wp-content\/uploads\/2024\/11\/Omnibiotic-10-Allergosan-PZN-13584830-Lions-Pharmacy.webp\",\"datePublished\":\"2024-11-22T06:03:56+00:00\",\"dateModified\":\"2025-01-25T10:15:49+00:00\",\"description\":\"Une pharmacie en ligne enregistr\u00e9e. Nous offrons\u00a0: Exp\u00e9dition internationale rapide et achats en ligne s\u00e9curis\u00e9s. Pour votre syst\u00e8me immunitaire, le soutien > OMNI BiOTiC 10 (40x 5g)\",\"breadcrumb\":{\"@id\":\"https:\/\/lions-pharmacy.com\/fr\/produit\/omni-biotic-10-40x-5g-9120001433322#breadcrumb\"},\"inLanguage\":\"fr-FR\",\"potentialAction\":[{\"@type\":\"ReadAction\",\"target\":[\"https:\/\/lions-pharmacy.com\/fr\/produit\/omni-biotic-10-40x-5g-9120001433322\"]}]},{\"@type\":\"ImageObject\",\"inLanguage\":\"fr-FR\",\"@id\":\"https:\/\/lions-pharmacy.com\/fr\/produit\/omni-biotic-10-40x-5g-9120001433322#primaryimage\",\"url\":\"https:\/\/lions-pharmacy.com\/wp-content\/uploads\/2024\/11\/Omnibiotic-10-Allergosan-PZN-13584830-Lions-Pharmacy.webp\",\"contentUrl\":\"https:\/\/lions-pharmacy.com\/wp-content\/uploads\/2024\/11\/Omnibiotic-10-Allergosan-PZN-13584830-Lions-Pharmacy.webp\",\"width\":600,\"height\":600,\"caption\":\"L\u2019image montre&nbsp;: Omni biotic 10 - Allergosan. PZN 13584830. Pharmacie Lions\"},{\"@type\":\"BreadcrumbList\",\"@id\":\"https:\/\/lions-pharmacy.com\/fr\/produit\/omni-biotic-10-40x-5g-9120001433322#breadcrumb\",\"itemListElement\":[{\"@type\":\"ListItem\",\"position\":1,\"name\":\"Home\",\"item\":\"https:\/\/lions-pharmacy.com\/fr\/homepage-lion-pharmacy\"},{\"@type\":\"ListItem\",\"position\":2,\"name\":\"Shop\",\"item\":\"https:\/\/lions-pharmacy.com\/fr\/boutique\"},{\"@type\":\"ListItem\",\"position\":3,\"name\":\"OMNI BiOTiC 10 (40x 5g)\"}]},{\"@type\":\"WebSite\",\"@id\":\"https:\/\/lions-pharmacy.com\/fr#website\",\"url\":\"https:\/\/lions-pharmacy.com\/fr\",\"name\":\"Lions Pharmacy\",\"description\":\"Pharmacie sp\u00e9cialis\u00e9e en naturopathie de Baden-Baden, Allemagne\",\"publisher\":{\"@id\":\"https:\/\/lions-pharmacy.com\/fr#organization\"},\"alternateName\":\"Lion Pharmacy\",\"potentialAction\":[{\"@type\":\"SearchAction\",\"target\":{\"@type\":\"EntryPoint\",\"urlTemplate\":\"https:\/\/lions-pharmacy.com\/fr?s={search_term_string}\"},\"query-input\":{\"@type\":\"PropertyValueSpecification\",\"valueRequired\":true,\"valueName\":\"search_term_string\"}}],\"inLanguage\":\"fr-FR\"},{\"@type\":\"Organization\",\"@id\":\"https:\/\/lions-pharmacy.com\/fr#organization\",\"name\":\"Lions Pharmacy\",\"alternateName\":\"Lions Pharmacy24\",\"url\":\"https:\/\/lions-pharmacy.com\/fr\",\"logo\":{\"@type\":\"ImageObject\",\"inLanguage\":\"fr-FR\",\"@id\":\"https:\/\/lions-pharmacy.com\/fr#\/schema\/logo\/image\/\",\"url\":\"https:\/\/lions-pharmacy.com\/wp-content\/uploads\/2022\/12\/Logo-Lion-Pharmacy-c-o-Loewen-Apotheke-smal.jpg\",\"contentUrl\":\"https:\/\/lions-pharmacy.com\/wp-content\/uploads\/2022\/12\/Logo-Lion-Pharmacy-c-o-Loewen-Apotheke-smal.jpg\",\"width\":298,\"height\":99,\"caption\":\"Lions Pharmacy\"},\"image\":{\"@id\":\"https:\/\/lions-pharmacy.com\/fr#\/schema\/logo\/image\/\"}}]}<\/script>\n<!-- \/ Yoast SEO plugin. -->","yoast_head_json":{"title":"OMNI BiOTiC 10 (40x 5g) &#187; En savoir plus sur le Lion Pharmacy","description":"Une pharmacie en ligne enregistr\u00e9e. Nous offrons\u00a0: Exp\u00e9dition internationale rapide et achats en ligne s\u00e9curis\u00e9s. Pour votre syst\u00e8me immunitaire, le soutien > OMNI BiOTiC 10 (40x 5g)","robots":{"index":"index","follow":"follow","max-snippet":"max-snippet:-1","max-image-preview":"max-image-preview:large","max-video-preview":"max-video-preview:-1"},"canonical":"https:\/\/lions-pharmacy.com\/fr\/produit\/omni-biotic-10-40x-5g-9120001433322","og_locale":"fr_FR","og_type":"article","og_title":"OMNI BiOTiC 10 (40x 5g) &#187; En savoir plus sur le Lion Pharmacy","og_description":"Une pharmacie en ligne enregistr\u00e9e. Nous offrons\u00a0: Exp\u00e9dition internationale rapide et achats en ligne s\u00e9curis\u00e9s. Pour votre syst\u00e8me immunitaire, le soutien > OMNI BiOTiC 10 (40x 5g)","og_url":"https:\/\/lions-pharmacy.com\/fr\/produit\/omni-biotic-10-40x-5g-9120001433322","og_site_name":"Lion Pharmacy","article_modified_time":"2025-01-25T10:15:49+00:00","og_image":[{"width":600,"height":600,"url":"https:\/\/lions-pharmacy.com\/wp-content\/uploads\/2024\/11\/Omnibiotic-10-Allergosan-PZN-13584830-Lions-Pharmacy.webp","type":"image\/webp"}],"twitter_card":"summary_large_image","twitter_misc":{"Dur\u00e9e de lecture estim\u00e9e":"1 minute"},"schema":{"@context":"https:\/\/schema.org","@graph":[{"@type":"WebPage","@id":"https:\/\/lions-pharmacy.com\/fr\/produit\/omni-biotic-10-40x-5g-9120001433322","url":"https:\/\/lions-pharmacy.com\/fr\/produit\/omni-biotic-10-40x-5g-9120001433322","name":"OMNI BiOTiC 10 (40x 5g) &#187; En savoir plus sur le Lion Pharmacy","isPartOf":{"@id":"https:\/\/lions-pharmacy.com\/fr#website"},"primaryImageOfPage":{"@id":"https:\/\/lions-pharmacy.com\/fr\/produit\/omni-biotic-10-40x-5g-9120001433322#primaryimage"},"image":{"@id":"https:\/\/lions-pharmacy.com\/fr\/produit\/omni-biotic-10-40x-5g-9120001433322#primaryimage"},"thumbnailUrl":"https:\/\/lions-pharmacy.com\/wp-content\/uploads\/2024\/11\/Omnibiotic-10-Allergosan-PZN-13584830-Lions-Pharmacy.webp","datePublished":"2024-11-22T06:03:56+00:00","dateModified":"2025-01-25T10:15:49+00:00","description":"Une pharmacie en ligne enregistr\u00e9e. Nous offrons\u00a0: Exp\u00e9dition internationale rapide et achats en ligne s\u00e9curis\u00e9s. Pour votre syst\u00e8me immunitaire, le soutien > OMNI BiOTiC 10 (40x 5g)","breadcrumb":{"@id":"https:\/\/lions-pharmacy.com\/fr\/produit\/omni-biotic-10-40x-5g-9120001433322#breadcrumb"},"inLanguage":"fr-FR","potentialAction":[{"@type":"ReadAction","target":["https:\/\/lions-pharmacy.com\/fr\/produit\/omni-biotic-10-40x-5g-9120001433322"]}]},{"@type":"ImageObject","inLanguage":"fr-FR","@id":"https:\/\/lions-pharmacy.com\/fr\/produit\/omni-biotic-10-40x-5g-9120001433322#primaryimage","url":"https:\/\/lions-pharmacy.com\/wp-content\/uploads\/2024\/11\/Omnibiotic-10-Allergosan-PZN-13584830-Lions-Pharmacy.webp","contentUrl":"https:\/\/lions-pharmacy.com\/wp-content\/uploads\/2024\/11\/Omnibiotic-10-Allergosan-PZN-13584830-Lions-Pharmacy.webp","width":600,"height":600,"caption":"L\u2019image montre&nbsp;: Omni biotic 10 - Allergosan. PZN 13584830. Pharmacie Lions"},{"@type":"BreadcrumbList","@id":"https:\/\/lions-pharmacy.com\/fr\/produit\/omni-biotic-10-40x-5g-9120001433322#breadcrumb","itemListElement":[{"@type":"ListItem","position":1,"name":"Home","item":"https:\/\/lions-pharmacy.com\/fr\/homepage-lion-pharmacy"},{"@type":"ListItem","position":2,"name":"Shop","item":"https:\/\/lions-pharmacy.com\/fr\/boutique"},{"@type":"ListItem","position":3,"name":"OMNI BiOTiC 10 (40x 5g)"}]},{"@type":"WebSite","@id":"https:\/\/lions-pharmacy.com\/fr#website","url":"https:\/\/lions-pharmacy.com\/fr","name":"Lions Pharmacy","description":"Pharmacie sp\u00e9cialis\u00e9e en naturopathie de Baden-Baden, Allemagne","publisher":{"@id":"https:\/\/lions-pharmacy.com\/fr#organization"},"alternateName":"Lion Pharmacy","potentialAction":[{"@type":"SearchAction","target":{"@type":"EntryPoint","urlTemplate":"https:\/\/lions-pharmacy.com\/fr?s={search_term_string}"},"query-input":{"@type":"PropertyValueSpecification","valueRequired":true,"valueName":"search_term_string"}}],"inLanguage":"fr-FR"},{"@type":"Organization","@id":"https:\/\/lions-pharmacy.com\/fr#organization","name":"Lions Pharmacy","alternateName":"Lions Pharmacy24","url":"https:\/\/lions-pharmacy.com\/fr","logo":{"@type":"ImageObject","inLanguage":"fr-FR","@id":"https:\/\/lions-pharmacy.com\/fr#\/schema\/logo\/image\/","url":"https:\/\/lions-pharmacy.com\/wp-content\/uploads\/2022\/12\/Logo-Lion-Pharmacy-c-o-Loewen-Apotheke-smal.jpg","contentUrl":"https:\/\/lions-pharmacy.com\/wp-content\/uploads\/2022\/12\/Logo-Lion-Pharmacy-c-o-Loewen-Apotheke-smal.jpg","width":298,"height":99,"caption":"Lions Pharmacy"},"image":{"@id":"https:\/\/lions-pharmacy.com\/fr#\/schema\/logo\/image\/"}}]}},"_links":{"self":[{"href":"https:\/\/lions-pharmacy.com\/fr\/wp-json\/wp\/v2\/product\/6491","targetHints":{"allow":["GET"]}}],"collection":[{"href":"https:\/\/lions-pharmacy.com\/fr\/wp-json\/wp\/v2\/product"}],"about":[{"href":"https:\/\/lions-pharmacy.com\/fr\/wp-json\/wp\/v2\/types\/product"}],"replies":[{"embeddable":true,"href":"https:\/\/lions-pharmacy.com\/fr\/wp-json\/wp\/v2\/comments?post=6491"}],"wp:featuredmedia":[{"embeddable":true,"href":"https:\/\/lions-pharmacy.com\/fr\/wp-json\/wp\/v2\/media\/6750"}],"wp:attachment":[{"href":"https:\/\/lions-pharmacy.com\/fr\/wp-json\/wp\/v2\/media?parent=6491"}],"wp:term":[{"taxonomy":"product_brand","embeddable":true,"href":"https:\/\/lions-pharmacy.com\/fr\/wp-json\/wp\/v2\/product_brand?post=6491"},{"taxonomy":"product_cat","embeddable":true,"href":"https:\/\/lions-pharmacy.com\/fr\/wp-json\/wp\/v2\/product_cat?post=6491"},{"taxonomy":"product_tag","embeddable":true,"href":"https:\/\/lions-pharmacy.com\/fr\/wp-json\/wp\/v2\/product_tag?post=6491"}],"curies":[{"name":"wp","href":"https:\/\/api.w.org\/{rel}","templated":true}]}}