{"id":4578,"date":"2024-09-12T08:06:19","date_gmt":"2024-09-12T07:06:19","guid":{"rendered":"https:\/\/lions-pharmacy.com\/?post_type=product&#038;p=4578"},"modified":"2024-09-20T14:40:09","modified_gmt":"2024-09-20T13:40:09","slug":"umckaloabo-liquide-50-ml-01062049-copy","status":"publish","type":"product","link":"https:\/\/lions-pharmacy.com\/fr\/produit\/umckaloabo-liquide-50-ml-01062049-copy","title":{"rendered":"Ratiopharm Spray nasal adultes 15 ml"},"content":{"rendered":"<h2>Ratiopharm Spray nasal adultes 15 ml<\/h2>\n<p>Le spray nasal sans conservateurs Ratiopharm a un effet cibl\u00e9 sur les muqueuses nasales.<\/p>\n<p>La xylom\u00e9tazoline qu\u2019il contient, qui a des propri\u00e9t\u00e9s vasoconstrictrices, a un effet d\u00e9congestionnant sur les muqueuses nasales. Le spray nasal peut \u00eatre utilis\u00e9 en particulier pour les rhumes, les nez qui coulent et les rhinites allergiques. Il est utilis\u00e9 pour faciliter le drainage du s\u00e9rum dans le cas d\u2019une sinusite et d\u2019un catarrhe de l\u2019oreille moyenne associ\u00e9 \u00e0 un rhume.<\/p>\n<p>Il est facile d\u2019attraper un rhume ou d\u2019avoir le nez qui coule si le syst\u00e8me immunitaire est affaibli. Votre syst\u00e8me immunitaire peut \u00eatre renforc\u00e9 par divers moyens ; Renseignez-vous aupr\u00e8s de notre pharmacie \u00e0 ce sujet. Vous pouvez \u00e9galement renforcer votre corps et votre syst\u00e8me immunitaire en lui donnant du repos et en dormant suffisamment. Le spray nasal peut \u00eatre utile ici pour dormir toute la nuit et donner au corps le repos dont il a besoin.<\/p>\n<p>Le spray nasal d\u00e9congestionnant est tr\u00e8s appropri\u00e9 pour traiter les sympt\u00f4mes et vous permet de respirer \u00e0 nouveau librement.<\/p>\n<p>Il ne doit pas \u00eatre utilis\u00e9 pendant plus de 7 jours.<\/p>\n<p>Le vaporisateur nasal Ratiopharm contient l\u2019ingr\u00e9dient actif chlorhydrate de xylom\u00e9tazoline. Spray nasal-ratiopharm\u00ae adultes. Utilisez toujours ce m\u00e9dicament exactement comme d\u00e9crit dans cette notice ou comme indiqu\u00e9 par votre m\u00e9decin ou pharmacien. Demandez \u00e0 votre m\u00e9decin ou \u00e0 votre pharmacien si vous n\u2019\u00eates pas s\u00fbr. Le spray nasal Ratiopharm convient aux adultes et aux \u00e9coliers \u00e2g\u00e9s de 6 ans et plus.<\/p>\n<p><strong>Ingr\u00e9dient actif :<\/strong><\/p>\n<p>Chlorhydrate de xylom\u00e9tazoline<\/p>\n<p>Les meilleurs ingr\u00e9dients sont : Citronens\u00e4ure-Monohydrat Natriumcitrat x 2 H2O Glyc\u00e9rol 85 % Gereinigtes Wasser<\/p>\n<p>Autres produits pour l\u2019application: <a href=\"https:\/\/lions-pharmacy.com\/produkt-schlagwort\/cold-flu\">Rhume et grippe<\/a><\/p>\n<p>&nbsp;<\/p>\n<p>Les informations contenues dans ce site web sont fournies \u00e0 titre informatif uniquement. Ils ne remplacent en aucun cas l&#8217;examen et le traitement par un m\u00e9decin. Veuillez noter que cela signifie qu&#8217;aucun diagnostic ne peut \u00eatre \u00e9tabli et qu&#8217;aucune th\u00e9rapie ne peut \u00eatre mise en place.<\/p>\n<p>Pour conna\u00eetre les risques et les effets secondaires, lisez la notice et demandez conseil \u00e0 votre m\u00e9decin ou \u00e0 votre pharmacien.<\/p>\n<h3 style=\"text-align: left;\">Ordonnance | e-prescription disponible ?<\/h3>\n<p>Soumettez votre e-prescription d\u00e8s maintenant. Utilisez notre application <a href=\"https:\/\/e-rezept-app.de\/shop-rezept\" target=\"_blank\" rel=\"noopener\">d\u2019ordonnance \u00e9lectronique<\/a> . Et nous vous donnons les frais de port gratuits en Allemagne !<\/p>\n","protected":false},"excerpt":{"rendered":"<h2 style=\"text-align: left;\">Ratiopharm Spray nasal adultes 15 ml<\/h2>\n<div class=\"rating__wrap\">\n<p>Ratiopharm Spray nasal. Le spray nasal sans conservateur pour les adultes et les enfants \u00e0 partir de 6 ans.<\/p>\n<p>&nbsp;<\/p>\n<p><strong>PZN<\/strong> : 00999848 (num\u00e9ro central pharmaceutique)<\/p>\n<p><strong>Forme gal\u00e9nique<\/strong> : Spray &#8211; 15 ml<\/p>\n<p><strong>Type de r\u00e9glementation :<\/strong> Sans ordonnance<\/p>\n<p><strong>Marque<\/strong>&nbsp;: Ratiopharm\u00ae<\/p>\n<p><strong>Fabricant<\/strong>&nbsp;: Ratiopharm GmbH, Ulm, Allemagne<\/p>\n<\/div>\n","protected":false},"featured_media":4567,"comment_status":"closed","ping_status":"closed","template":"","meta":[],"product_brand":[],"product_cat":[120,114],"product_tag":[511,468],"class_list":{"0":"post-4578","1":"product","2":"type-product","3":"status-publish","4":"has-post-thumbnail","6":"product_cat-sale-fr","7":"product_cat-non-classifiee","8":"product_tag-corona-et-defense-immunitaire","9":"product_tag-grippe-et-rhume","10":"ts_product_brand-all-fr","12":"first","13":"instock","14":"taxable","15":"shipping-taxable","16":"purchasable","17":"product-type-simple"},"yoast_head":"<!-- This site is optimized with the Yoast SEO plugin v26.5 - https:\/\/yoast.com\/wordpress\/plugins\/seo\/ -->\n<title>Ratiopharm Spray nasal adultes 15 ml &#187; Lion Pharmacy<\/title>\n<meta name=\"description\" content=\"Lions Pharmacy | Pharmacie en ligne allemande enregistr\u00e9e | Exp\u00e9dition internationale rapide | Achats en ligne pratiques et s\u00fbrs. Ratiopharm Spray nasal adultes 15 ml\" \/>\n<meta name=\"robots\" content=\"index, follow, max-snippet:-1, max-image-preview:large, max-video-preview:-1\" \/>\n<link rel=\"canonical\" href=\"https:\/\/lions-pharmacy.com\/fr\/produit\/umckaloabo-liquide-50-ml-01062049-copy\" \/>\n<meta property=\"og:locale\" content=\"fr_FR\" \/>\n<meta property=\"og:type\" content=\"article\" \/>\n<meta property=\"og:title\" content=\"Ratiopharm Spray nasal adultes 15 ml &#187; Lion Pharmacy\" \/>\n<meta property=\"og:description\" content=\"Lions Pharmacy | Pharmacie en ligne allemande enregistr\u00e9e | Exp\u00e9dition internationale rapide | Achats en ligne pratiques et s\u00fbrs. Ratiopharm Spray nasal adultes 15 ml\" \/>\n<meta property=\"og:url\" content=\"https:\/\/lions-pharmacy.com\/fr\/produit\/umckaloabo-liquide-50-ml-01062049-copy\" \/>\n<meta property=\"og:site_name\" content=\"Lion Pharmacy\" \/>\n<meta property=\"article:modified_time\" content=\"2024-09-20T13:40:09+00:00\" \/>\n<meta property=\"og:image\" content=\"https:\/\/lions-pharmacy.com\/wp-content\/uploads\/2024\/09\/Ratiopharm-Nasenspray-Erwachsene-15-ml.webp\" \/>\n\t<meta property=\"og:image:width\" content=\"600\" \/>\n\t<meta property=\"og:image:height\" content=\"600\" \/>\n\t<meta property=\"og:image:type\" content=\"image\/webp\" \/>\n<meta name=\"twitter:card\" content=\"summary_large_image\" \/>\n<meta name=\"twitter:label1\" content=\"Dur\u00e9e de lecture estim\u00e9e\" \/>\n\t<meta name=\"twitter:data1\" content=\"2 minutes\" \/>\n<script type=\"application\/ld+json\" class=\"yoast-schema-graph\">{\"@context\":\"https:\/\/schema.org\",\"@graph\":[{\"@type\":\"WebPage\",\"@id\":\"https:\/\/lions-pharmacy.com\/fr\/produit\/umckaloabo-liquide-50-ml-01062049-copy\",\"url\":\"https:\/\/lions-pharmacy.com\/fr\/produit\/umckaloabo-liquide-50-ml-01062049-copy\",\"name\":\"Ratiopharm Spray nasal adultes 15 ml &#187; Lion Pharmacy\",\"isPartOf\":{\"@id\":\"https:\/\/lions-pharmacy.com\/fr#website\"},\"primaryImageOfPage\":{\"@id\":\"https:\/\/lions-pharmacy.com\/fr\/produit\/umckaloabo-liquide-50-ml-01062049-copy#primaryimage\"},\"image\":{\"@id\":\"https:\/\/lions-pharmacy.com\/fr\/produit\/umckaloabo-liquide-50-ml-01062049-copy#primaryimage\"},\"thumbnailUrl\":\"https:\/\/lions-pharmacy.com\/wp-content\/uploads\/2024\/09\/Ratiopharm-Nasenspray-Erwachsene-15-ml.webp\",\"datePublished\":\"2024-09-12T07:06:19+00:00\",\"dateModified\":\"2024-09-20T13:40:09+00:00\",\"description\":\"Lions Pharmacy | Pharmacie en ligne allemande enregistr\u00e9e | Exp\u00e9dition internationale rapide | Achats en ligne pratiques et s\u00fbrs. Ratiopharm Spray nasal adultes 15 ml\",\"breadcrumb\":{\"@id\":\"https:\/\/lions-pharmacy.com\/fr\/produit\/umckaloabo-liquide-50-ml-01062049-copy#breadcrumb\"},\"inLanguage\":\"fr-FR\",\"potentialAction\":[{\"@type\":\"ReadAction\",\"target\":[\"https:\/\/lions-pharmacy.com\/fr\/produit\/umckaloabo-liquide-50-ml-01062049-copy\"]}]},{\"@type\":\"ImageObject\",\"inLanguage\":\"fr-FR\",\"@id\":\"https:\/\/lions-pharmacy.com\/fr\/produit\/umckaloabo-liquide-50-ml-01062049-copy#primaryimage\",\"url\":\"https:\/\/lions-pharmacy.com\/wp-content\/uploads\/2024\/09\/Ratiopharm-Nasenspray-Erwachsene-15-ml.webp\",\"contentUrl\":\"https:\/\/lions-pharmacy.com\/wp-content\/uploads\/2024\/09\/Ratiopharm-Nasenspray-Erwachsene-15-ml.webp\",\"width\":600,\"height\":600,\"caption\":\"Spray nasal Ratiopharm 15 ml adultes 00999848 Lions Pharmacy\"},{\"@type\":\"BreadcrumbList\",\"@id\":\"https:\/\/lions-pharmacy.com\/fr\/produit\/umckaloabo-liquide-50-ml-01062049-copy#breadcrumb\",\"itemListElement\":[{\"@type\":\"ListItem\",\"position\":1,\"name\":\"Home\",\"item\":\"https:\/\/lions-pharmacy.com\/fr\/homepage-lion-pharmacy\"},{\"@type\":\"ListItem\",\"position\":2,\"name\":\"Shop\",\"item\":\"https:\/\/lions-pharmacy.com\/fr\/boutique\"},{\"@type\":\"ListItem\",\"position\":3,\"name\":\"Ratiopharm Spray nasal adultes 15 ml\"}]},{\"@type\":\"WebSite\",\"@id\":\"https:\/\/lions-pharmacy.com\/fr#website\",\"url\":\"https:\/\/lions-pharmacy.com\/fr\",\"name\":\"Lions Pharmacy\",\"description\":\"Pharmacie sp\u00e9cialis\u00e9e en naturopathie de Baden-Baden, Allemagne\",\"publisher\":{\"@id\":\"https:\/\/lions-pharmacy.com\/fr#organization\"},\"alternateName\":\"Lion Pharmacy\",\"potentialAction\":[{\"@type\":\"SearchAction\",\"target\":{\"@type\":\"EntryPoint\",\"urlTemplate\":\"https:\/\/lions-pharmacy.com\/fr?s={search_term_string}\"},\"query-input\":{\"@type\":\"PropertyValueSpecification\",\"valueRequired\":true,\"valueName\":\"search_term_string\"}}],\"inLanguage\":\"fr-FR\"},{\"@type\":\"Organization\",\"@id\":\"https:\/\/lions-pharmacy.com\/fr#organization\",\"name\":\"Lions Pharmacy\",\"alternateName\":\"Lions Pharmacy24\",\"url\":\"https:\/\/lions-pharmacy.com\/fr\",\"logo\":{\"@type\":\"ImageObject\",\"inLanguage\":\"fr-FR\",\"@id\":\"https:\/\/lions-pharmacy.com\/fr#\/schema\/logo\/image\/\",\"url\":\"https:\/\/lions-pharmacy.com\/wp-content\/uploads\/2022\/12\/Logo-Lion-Pharmacy-c-o-Loewen-Apotheke-smal.jpg\",\"contentUrl\":\"https:\/\/lions-pharmacy.com\/wp-content\/uploads\/2022\/12\/Logo-Lion-Pharmacy-c-o-Loewen-Apotheke-smal.jpg\",\"width\":298,\"height\":99,\"caption\":\"Lions Pharmacy\"},\"image\":{\"@id\":\"https:\/\/lions-pharmacy.com\/fr#\/schema\/logo\/image\/\"}}]}<\/script>\n<!-- \/ Yoast SEO plugin. -->","yoast_head_json":{"title":"Ratiopharm Spray nasal adultes 15 ml &#187; Lion Pharmacy","description":"Lions Pharmacy | Pharmacie en ligne allemande enregistr\u00e9e | Exp\u00e9dition internationale rapide | Achats en ligne pratiques et s\u00fbrs. Ratiopharm Spray nasal adultes 15 ml","robots":{"index":"index","follow":"follow","max-snippet":"max-snippet:-1","max-image-preview":"max-image-preview:large","max-video-preview":"max-video-preview:-1"},"canonical":"https:\/\/lions-pharmacy.com\/fr\/produit\/umckaloabo-liquide-50-ml-01062049-copy","og_locale":"fr_FR","og_type":"article","og_title":"Ratiopharm Spray nasal adultes 15 ml &#187; Lion Pharmacy","og_description":"Lions Pharmacy | Pharmacie en ligne allemande enregistr\u00e9e | Exp\u00e9dition internationale rapide | Achats en ligne pratiques et s\u00fbrs. Ratiopharm Spray nasal adultes 15 ml","og_url":"https:\/\/lions-pharmacy.com\/fr\/produit\/umckaloabo-liquide-50-ml-01062049-copy","og_site_name":"Lion Pharmacy","article_modified_time":"2024-09-20T13:40:09+00:00","og_image":[{"width":600,"height":600,"url":"https:\/\/lions-pharmacy.com\/wp-content\/uploads\/2024\/09\/Ratiopharm-Nasenspray-Erwachsene-15-ml.webp","type":"image\/webp"}],"twitter_card":"summary_large_image","twitter_misc":{"Dur\u00e9e de lecture estim\u00e9e":"2 minutes"},"schema":{"@context":"https:\/\/schema.org","@graph":[{"@type":"WebPage","@id":"https:\/\/lions-pharmacy.com\/fr\/produit\/umckaloabo-liquide-50-ml-01062049-copy","url":"https:\/\/lions-pharmacy.com\/fr\/produit\/umckaloabo-liquide-50-ml-01062049-copy","name":"Ratiopharm Spray nasal adultes 15 ml &#187; Lion Pharmacy","isPartOf":{"@id":"https:\/\/lions-pharmacy.com\/fr#website"},"primaryImageOfPage":{"@id":"https:\/\/lions-pharmacy.com\/fr\/produit\/umckaloabo-liquide-50-ml-01062049-copy#primaryimage"},"image":{"@id":"https:\/\/lions-pharmacy.com\/fr\/produit\/umckaloabo-liquide-50-ml-01062049-copy#primaryimage"},"thumbnailUrl":"https:\/\/lions-pharmacy.com\/wp-content\/uploads\/2024\/09\/Ratiopharm-Nasenspray-Erwachsene-15-ml.webp","datePublished":"2024-09-12T07:06:19+00:00","dateModified":"2024-09-20T13:40:09+00:00","description":"Lions Pharmacy | Pharmacie en ligne allemande enregistr\u00e9e | Exp\u00e9dition internationale rapide | Achats en ligne pratiques et s\u00fbrs. Ratiopharm Spray nasal adultes 15 ml","breadcrumb":{"@id":"https:\/\/lions-pharmacy.com\/fr\/produit\/umckaloabo-liquide-50-ml-01062049-copy#breadcrumb"},"inLanguage":"fr-FR","potentialAction":[{"@type":"ReadAction","target":["https:\/\/lions-pharmacy.com\/fr\/produit\/umckaloabo-liquide-50-ml-01062049-copy"]}]},{"@type":"ImageObject","inLanguage":"fr-FR","@id":"https:\/\/lions-pharmacy.com\/fr\/produit\/umckaloabo-liquide-50-ml-01062049-copy#primaryimage","url":"https:\/\/lions-pharmacy.com\/wp-content\/uploads\/2024\/09\/Ratiopharm-Nasenspray-Erwachsene-15-ml.webp","contentUrl":"https:\/\/lions-pharmacy.com\/wp-content\/uploads\/2024\/09\/Ratiopharm-Nasenspray-Erwachsene-15-ml.webp","width":600,"height":600,"caption":"Spray nasal Ratiopharm 15 ml adultes 00999848 Lions Pharmacy"},{"@type":"BreadcrumbList","@id":"https:\/\/lions-pharmacy.com\/fr\/produit\/umckaloabo-liquide-50-ml-01062049-copy#breadcrumb","itemListElement":[{"@type":"ListItem","position":1,"name":"Home","item":"https:\/\/lions-pharmacy.com\/fr\/homepage-lion-pharmacy"},{"@type":"ListItem","position":2,"name":"Shop","item":"https:\/\/lions-pharmacy.com\/fr\/boutique"},{"@type":"ListItem","position":3,"name":"Ratiopharm Spray nasal adultes 15 ml"}]},{"@type":"WebSite","@id":"https:\/\/lions-pharmacy.com\/fr#website","url":"https:\/\/lions-pharmacy.com\/fr","name":"Lions Pharmacy","description":"Pharmacie sp\u00e9cialis\u00e9e en naturopathie de Baden-Baden, Allemagne","publisher":{"@id":"https:\/\/lions-pharmacy.com\/fr#organization"},"alternateName":"Lion Pharmacy","potentialAction":[{"@type":"SearchAction","target":{"@type":"EntryPoint","urlTemplate":"https:\/\/lions-pharmacy.com\/fr?s={search_term_string}"},"query-input":{"@type":"PropertyValueSpecification","valueRequired":true,"valueName":"search_term_string"}}],"inLanguage":"fr-FR"},{"@type":"Organization","@id":"https:\/\/lions-pharmacy.com\/fr#organization","name":"Lions Pharmacy","alternateName":"Lions Pharmacy24","url":"https:\/\/lions-pharmacy.com\/fr","logo":{"@type":"ImageObject","inLanguage":"fr-FR","@id":"https:\/\/lions-pharmacy.com\/fr#\/schema\/logo\/image\/","url":"https:\/\/lions-pharmacy.com\/wp-content\/uploads\/2022\/12\/Logo-Lion-Pharmacy-c-o-Loewen-Apotheke-smal.jpg","contentUrl":"https:\/\/lions-pharmacy.com\/wp-content\/uploads\/2022\/12\/Logo-Lion-Pharmacy-c-o-Loewen-Apotheke-smal.jpg","width":298,"height":99,"caption":"Lions Pharmacy"},"image":{"@id":"https:\/\/lions-pharmacy.com\/fr#\/schema\/logo\/image\/"}}]}},"_links":{"self":[{"href":"https:\/\/lions-pharmacy.com\/fr\/wp-json\/wp\/v2\/product\/4578","targetHints":{"allow":["GET"]}}],"collection":[{"href":"https:\/\/lions-pharmacy.com\/fr\/wp-json\/wp\/v2\/product"}],"about":[{"href":"https:\/\/lions-pharmacy.com\/fr\/wp-json\/wp\/v2\/types\/product"}],"replies":[{"embeddable":true,"href":"https:\/\/lions-pharmacy.com\/fr\/wp-json\/wp\/v2\/comments?post=4578"}],"wp:featuredmedia":[{"embeddable":true,"href":"https:\/\/lions-pharmacy.com\/fr\/wp-json\/wp\/v2\/media\/4567"}],"wp:attachment":[{"href":"https:\/\/lions-pharmacy.com\/fr\/wp-json\/wp\/v2\/media?parent=4578"}],"wp:term":[{"taxonomy":"product_brand","embeddable":true,"href":"https:\/\/lions-pharmacy.com\/fr\/wp-json\/wp\/v2\/product_brand?post=4578"},{"taxonomy":"product_cat","embeddable":true,"href":"https:\/\/lions-pharmacy.com\/fr\/wp-json\/wp\/v2\/product_cat?post=4578"},{"taxonomy":"product_tag","embeddable":true,"href":"https:\/\/lions-pharmacy.com\/fr\/wp-json\/wp\/v2\/product_tag?post=4578"}],"curies":[{"name":"wp","href":"https:\/\/api.w.org\/{rel}","templated":true}]}}