{"id":4421,"date":"2024-09-06T15:24:02","date_gmt":"2024-09-06T14:24:02","guid":{"rendered":"https:\/\/lions-pharmacy.com\/?post_type=product&#038;p=4421"},"modified":"2025-01-26T15:40:39","modified_gmt":"2025-01-26T14:40:39","slug":"neygas-no-31-d7-ampules-5x2ml-06486759","status":"publish","type":"product","link":"https:\/\/lions-pharmacy.com\/fr\/produit\/neygas-no-31-d7-ampules-5x2ml-06486759","title":{"rendered":"NeyGas n\u00b031\nD7 ampoules 5x2ml"},"content":{"rendered":"<h3 class=\"product_title entry-title\" style=\"text-align: left;\">NeyGas n\u00b031<br \/>\nAmpoules D7 <\/h3>\n<p>\u00ab&nbsp;Muqueuse ventrici\u00e8re&nbsp;\u00bb NeyGas n\u00b031 D7 ampoules.<\/p>\n<p>Les pr\u00e9parations hom\u00e9opathiques pour organes propos\u00e9es par vitOrgan pour la th\u00e9rapie biomol\u00e9culaire utilisent des substances organiques naturelles ayant un effet r\u00e9gulateur et m\u00e9tabolique afin de normaliser physiologiquement les processus d\u00e9s\u00e9quilibr\u00e9s. La th\u00e9rapie biomol\u00e9culaire des organes vitaux est une th\u00e9rapie tr\u00e8s efficace depuis 60 ans. Elle constitue un pont entre les domaines dits de la m\u00e9decine orthodoxe et de la naturopathie. Il utilise des substances naturelles, r\u00e9gulatrices et m\u00e9taboliques, qui sont disponibles chez les humains et les animaux, pour normaliser les maladies en modifiant les processus physiologiques qui ne sont plus en \u00e9quilibre &#8211; et avec cela, traiter le patient non seulement de mani\u00e8re symptomatique, mais aussi causale. Selon le principe \u00ab&nbsp;le c\u0153ur gu\u00e9rit le c\u0153ur, le rein gu\u00e9rit le rein, l\u2019organe gu\u00e9rit l\u2019organe&nbsp;\u00bb, il est important d\u2019\u00e9veiller le pouvoir des cellules affaiblies par une r\u00e9gulation cibl\u00e9e.<\/p>\n<p>La vaste gamme vous propose des m\u00e9dicaments de haute qualit\u00e9 et enregistr\u00e9s pour le traitement holistique de maladies allant de A pour les allergies \u00e0 Z pour la cirrhose. La gamme est compl\u00e9t\u00e9e par des cosm\u00e9tiques naturels, des compl\u00e9ments alimentaires, des restaurateurs de cheveux et des complexes d\u2019organes floraux de Bach de nos filiales Regena Ney et Innovapharm.<\/p>\n<p>En savoir plus sur manufactorer &#8211; lien vers le site web&nbsp;: <a href=\"https:\/\/vitorgan.de\/produkte\/nahrungsergaenzungspraeparate\/augennahrung\/\" target=\"_blank\" rel=\"noopener noreferrer\">zur Webseite<\/a><br \/>\nD\u2019autres produits vitOrgan peuvent \u00eatre trouv\u00e9s ici : <a href=\"\/de?product_cat=vitorgan\">vitOrgan<\/a><\/p>\n<p>Pour conna\u00eetre les risques et les effets secondaires, lisez la notice et demandez conseil \u00e0 votre m\u00e9decin ou \u00e0 votre pharmacien.<\/p>\n","protected":false},"excerpt":{"rendered":"<h3 class=\"product_title entry-title\" style=\"text-align: left;\">NeyGas n\u00b031 Ampoules D7<\/h3>\n<p>Muqueuse ventrici\u00e8re&#8221;<\/p>\n<p>&nbsp;<\/p>\n<p><strong>PZN<\/strong> : 06486759 (num\u00e9ro central de la pharmacie)<\/p>\n<p><strong>Forme gal\u00e9nologique<\/strong> : ampoules<\/p>\n<p><strong>Taille de l\u2019emballage<\/strong>&nbsp;: 5x2ml<\/p>\n<p><strong>Marque<\/strong>&nbsp;: <a href=\"https:\/\/www.loewen-apotheke24.com\/de\/product_tag\/vitorgan\/\">vitorgan<\/a><\/p>\n<p><strong>Fabricant<\/strong> : vitOrgan GmbH &amp; Co.KG<\/p>\n","protected":false},"featured_media":5337,"comment_status":"closed","ping_status":"closed","template":"","meta":[],"product_brand":[],"product_cat":[120,114,129],"product_tag":[306,230],"class_list":{"0":"post-4421","1":"product","2":"type-product","3":"status-publish","4":"has-post-thumbnail","6":"product_cat-sale-fr","7":"product_cat-non-classifiee","8":"product_cat-vitorgan-fr","9":"product_tag-homeopathie","10":"product_tag-neydil-fr","11":"ts_product_brand-all-fr","12":"ts_product_brand-vitorgan-fr","14":"first","15":"outofstock","16":"sale","17":"taxable","18":"shipping-taxable","19":"purchasable","20":"product-type-simple"},"yoast_head":"<!-- This site is optimized with the Yoast SEO plugin v26.5 - https:\/\/yoast.com\/wordpress\/plugins\/seo\/ -->\n<title>NeyGas n\u00b031 D7 ampoules 5x2ml &#187; Lion Pharmacy<\/title>\n<meta name=\"description\" content=\"Lions Pharmacy | Pharmacie en ligne allemande enregistr\u00e9e. Nous offrons : une livraison internationale rapide et des achats pratiques. vitOrgan | NeyGas n\u00b031 D7 ampoules 5x2ml\" \/>\n<meta name=\"robots\" content=\"index, follow, max-snippet:-1, max-image-preview:large, max-video-preview:-1\" \/>\n<link rel=\"canonical\" href=\"https:\/\/lions-pharmacy.com\/fr\/produit\/neygas-no-31-d7-ampules-5x2ml-06486759\" \/>\n<meta property=\"og:locale\" content=\"fr_FR\" \/>\n<meta property=\"og:type\" content=\"article\" \/>\n<meta property=\"og:title\" content=\"NeyGas n\u00b031 D7 ampoules 5x2ml &#187; Lion Pharmacy\" \/>\n<meta property=\"og:description\" content=\"Lions Pharmacy | Pharmacie en ligne allemande enregistr\u00e9e. Nous offrons : une livraison internationale rapide et des achats pratiques. vitOrgan | NeyGas n\u00b031 D7 ampoules 5x2ml\" \/>\n<meta property=\"og:url\" content=\"https:\/\/lions-pharmacy.com\/fr\/produit\/neygas-no-31-d7-ampules-5x2ml-06486759\" \/>\n<meta property=\"og:site_name\" content=\"Lion Pharmacy\" \/>\n<meta property=\"article:modified_time\" content=\"2025-01-26T14:40:39+00:00\" \/>\n<meta property=\"og:image\" content=\"https:\/\/lions-pharmacy.com\/wp-content\/uploads\/2024\/09\/neygas-.webp\" \/>\n\t<meta property=\"og:image:width\" content=\"600\" \/>\n\t<meta property=\"og:image:height\" content=\"600\" \/>\n\t<meta property=\"og:image:type\" content=\"image\/webp\" \/>\n<meta name=\"twitter:card\" content=\"summary_large_image\" \/>\n<meta name=\"twitter:label1\" content=\"Dur\u00e9e de lecture estim\u00e9e\" \/>\n\t<meta name=\"twitter:data1\" content=\"1 minute\" \/>\n<script type=\"application\/ld+json\" class=\"yoast-schema-graph\">{\"@context\":\"https:\/\/schema.org\",\"@graph\":[{\"@type\":\"WebPage\",\"@id\":\"https:\/\/lions-pharmacy.com\/fr\/produit\/neygas-no-31-d7-ampules-5x2ml-06486759\",\"url\":\"https:\/\/lions-pharmacy.com\/fr\/produit\/neygas-no-31-d7-ampules-5x2ml-06486759\",\"name\":\"NeyGas n\u00b031 D7 ampoules 5x2ml &#187; Lion Pharmacy\",\"isPartOf\":{\"@id\":\"https:\/\/lions-pharmacy.com\/fr#website\"},\"primaryImageOfPage\":{\"@id\":\"https:\/\/lions-pharmacy.com\/fr\/produit\/neygas-no-31-d7-ampules-5x2ml-06486759#primaryimage\"},\"image\":{\"@id\":\"https:\/\/lions-pharmacy.com\/fr\/produit\/neygas-no-31-d7-ampules-5x2ml-06486759#primaryimage\"},\"thumbnailUrl\":\"https:\/\/lions-pharmacy.com\/wp-content\/uploads\/2024\/09\/neygas-.webp\",\"datePublished\":\"2024-09-06T14:24:02+00:00\",\"dateModified\":\"2025-01-26T14:40:39+00:00\",\"description\":\"Lions Pharmacy | Pharmacie en ligne allemande enregistr\u00e9e. Nous offrons : une livraison internationale rapide et des achats pratiques. vitOrgan | NeyGas n\u00b031 D7 ampoules 5x2ml\",\"breadcrumb\":{\"@id\":\"https:\/\/lions-pharmacy.com\/fr\/produit\/neygas-no-31-d7-ampules-5x2ml-06486759#breadcrumb\"},\"inLanguage\":\"fr-FR\",\"potentialAction\":[{\"@type\":\"ReadAction\",\"target\":[\"https:\/\/lions-pharmacy.com\/fr\/produit\/neygas-no-31-d7-ampules-5x2ml-06486759\"]}]},{\"@type\":\"ImageObject\",\"inLanguage\":\"fr-FR\",\"@id\":\"https:\/\/lions-pharmacy.com\/fr\/produit\/neygas-no-31-d7-ampules-5x2ml-06486759#primaryimage\",\"url\":\"https:\/\/lions-pharmacy.com\/wp-content\/uploads\/2024\/09\/neygas-.webp\",\"contentUrl\":\"https:\/\/lions-pharmacy.com\/wp-content\/uploads\/2024\/09\/neygas-.webp\",\"width\":600,\"height\":600,\"caption\":\"Neygas No.31 D7 ampoules 5x2ml 06486759 Lions Pharmacy\"},{\"@type\":\"BreadcrumbList\",\"@id\":\"https:\/\/lions-pharmacy.com\/fr\/produit\/neygas-no-31-d7-ampules-5x2ml-06486759#breadcrumb\",\"itemListElement\":[{\"@type\":\"ListItem\",\"position\":1,\"name\":\"Home\",\"item\":\"https:\/\/lions-pharmacy.com\/fr\/homepage-lion-pharmacy\"},{\"@type\":\"ListItem\",\"position\":2,\"name\":\"Shop\",\"item\":\"https:\/\/lions-pharmacy.com\/fr\/boutique\"},{\"@type\":\"ListItem\",\"position\":3,\"name\":\"NeyGas n\u00b031 D7 ampoules 5x2ml\"}]},{\"@type\":\"WebSite\",\"@id\":\"https:\/\/lions-pharmacy.com\/fr#website\",\"url\":\"https:\/\/lions-pharmacy.com\/fr\",\"name\":\"Lions Pharmacy\",\"description\":\"Pharmacie sp\u00e9cialis\u00e9e en naturopathie de Baden-Baden, Allemagne\",\"publisher\":{\"@id\":\"https:\/\/lions-pharmacy.com\/fr#organization\"},\"alternateName\":\"Lion Pharmacy\",\"potentialAction\":[{\"@type\":\"SearchAction\",\"target\":{\"@type\":\"EntryPoint\",\"urlTemplate\":\"https:\/\/lions-pharmacy.com\/fr?s={search_term_string}\"},\"query-input\":{\"@type\":\"PropertyValueSpecification\",\"valueRequired\":true,\"valueName\":\"search_term_string\"}}],\"inLanguage\":\"fr-FR\"},{\"@type\":\"Organization\",\"@id\":\"https:\/\/lions-pharmacy.com\/fr#organization\",\"name\":\"Lions Pharmacy\",\"alternateName\":\"Lions Pharmacy24\",\"url\":\"https:\/\/lions-pharmacy.com\/fr\",\"logo\":{\"@type\":\"ImageObject\",\"inLanguage\":\"fr-FR\",\"@id\":\"https:\/\/lions-pharmacy.com\/fr#\/schema\/logo\/image\/\",\"url\":\"https:\/\/lions-pharmacy.com\/wp-content\/uploads\/2022\/12\/Logo-Lion-Pharmacy-c-o-Loewen-Apotheke-smal.jpg\",\"contentUrl\":\"https:\/\/lions-pharmacy.com\/wp-content\/uploads\/2022\/12\/Logo-Lion-Pharmacy-c-o-Loewen-Apotheke-smal.jpg\",\"width\":298,\"height\":99,\"caption\":\"Lions Pharmacy\"},\"image\":{\"@id\":\"https:\/\/lions-pharmacy.com\/fr#\/schema\/logo\/image\/\"}}]}<\/script>\n<!-- \/ Yoast SEO plugin. -->","yoast_head_json":{"title":"NeyGas n\u00b031 D7 ampoules 5x2ml &#187; Lion Pharmacy","description":"Lions Pharmacy | Pharmacie en ligne allemande enregistr\u00e9e. Nous offrons : une livraison internationale rapide et des achats pratiques. vitOrgan | NeyGas n\u00b031 D7 ampoules 5x2ml","robots":{"index":"index","follow":"follow","max-snippet":"max-snippet:-1","max-image-preview":"max-image-preview:large","max-video-preview":"max-video-preview:-1"},"canonical":"https:\/\/lions-pharmacy.com\/fr\/produit\/neygas-no-31-d7-ampules-5x2ml-06486759","og_locale":"fr_FR","og_type":"article","og_title":"NeyGas n\u00b031 D7 ampoules 5x2ml &#187; Lion Pharmacy","og_description":"Lions Pharmacy | Pharmacie en ligne allemande enregistr\u00e9e. Nous offrons : une livraison internationale rapide et des achats pratiques. vitOrgan | NeyGas n\u00b031 D7 ampoules 5x2ml","og_url":"https:\/\/lions-pharmacy.com\/fr\/produit\/neygas-no-31-d7-ampules-5x2ml-06486759","og_site_name":"Lion Pharmacy","article_modified_time":"2025-01-26T14:40:39+00:00","og_image":[{"width":600,"height":600,"url":"https:\/\/lions-pharmacy.com\/wp-content\/uploads\/2024\/09\/neygas-.webp","type":"image\/webp"}],"twitter_card":"summary_large_image","twitter_misc":{"Dur\u00e9e de lecture estim\u00e9e":"1 minute"},"schema":{"@context":"https:\/\/schema.org","@graph":[{"@type":"WebPage","@id":"https:\/\/lions-pharmacy.com\/fr\/produit\/neygas-no-31-d7-ampules-5x2ml-06486759","url":"https:\/\/lions-pharmacy.com\/fr\/produit\/neygas-no-31-d7-ampules-5x2ml-06486759","name":"NeyGas n\u00b031 D7 ampoules 5x2ml &#187; Lion Pharmacy","isPartOf":{"@id":"https:\/\/lions-pharmacy.com\/fr#website"},"primaryImageOfPage":{"@id":"https:\/\/lions-pharmacy.com\/fr\/produit\/neygas-no-31-d7-ampules-5x2ml-06486759#primaryimage"},"image":{"@id":"https:\/\/lions-pharmacy.com\/fr\/produit\/neygas-no-31-d7-ampules-5x2ml-06486759#primaryimage"},"thumbnailUrl":"https:\/\/lions-pharmacy.com\/wp-content\/uploads\/2024\/09\/neygas-.webp","datePublished":"2024-09-06T14:24:02+00:00","dateModified":"2025-01-26T14:40:39+00:00","description":"Lions Pharmacy | Pharmacie en ligne allemande enregistr\u00e9e. Nous offrons : une livraison internationale rapide et des achats pratiques. vitOrgan | NeyGas n\u00b031 D7 ampoules 5x2ml","breadcrumb":{"@id":"https:\/\/lions-pharmacy.com\/fr\/produit\/neygas-no-31-d7-ampules-5x2ml-06486759#breadcrumb"},"inLanguage":"fr-FR","potentialAction":[{"@type":"ReadAction","target":["https:\/\/lions-pharmacy.com\/fr\/produit\/neygas-no-31-d7-ampules-5x2ml-06486759"]}]},{"@type":"ImageObject","inLanguage":"fr-FR","@id":"https:\/\/lions-pharmacy.com\/fr\/produit\/neygas-no-31-d7-ampules-5x2ml-06486759#primaryimage","url":"https:\/\/lions-pharmacy.com\/wp-content\/uploads\/2024\/09\/neygas-.webp","contentUrl":"https:\/\/lions-pharmacy.com\/wp-content\/uploads\/2024\/09\/neygas-.webp","width":600,"height":600,"caption":"Neygas No.31 D7 ampoules 5x2ml 06486759 Lions Pharmacy"},{"@type":"BreadcrumbList","@id":"https:\/\/lions-pharmacy.com\/fr\/produit\/neygas-no-31-d7-ampules-5x2ml-06486759#breadcrumb","itemListElement":[{"@type":"ListItem","position":1,"name":"Home","item":"https:\/\/lions-pharmacy.com\/fr\/homepage-lion-pharmacy"},{"@type":"ListItem","position":2,"name":"Shop","item":"https:\/\/lions-pharmacy.com\/fr\/boutique"},{"@type":"ListItem","position":3,"name":"NeyGas n\u00b031 D7 ampoules 5x2ml"}]},{"@type":"WebSite","@id":"https:\/\/lions-pharmacy.com\/fr#website","url":"https:\/\/lions-pharmacy.com\/fr","name":"Lions Pharmacy","description":"Pharmacie sp\u00e9cialis\u00e9e en naturopathie de Baden-Baden, Allemagne","publisher":{"@id":"https:\/\/lions-pharmacy.com\/fr#organization"},"alternateName":"Lion Pharmacy","potentialAction":[{"@type":"SearchAction","target":{"@type":"EntryPoint","urlTemplate":"https:\/\/lions-pharmacy.com\/fr?s={search_term_string}"},"query-input":{"@type":"PropertyValueSpecification","valueRequired":true,"valueName":"search_term_string"}}],"inLanguage":"fr-FR"},{"@type":"Organization","@id":"https:\/\/lions-pharmacy.com\/fr#organization","name":"Lions Pharmacy","alternateName":"Lions Pharmacy24","url":"https:\/\/lions-pharmacy.com\/fr","logo":{"@type":"ImageObject","inLanguage":"fr-FR","@id":"https:\/\/lions-pharmacy.com\/fr#\/schema\/logo\/image\/","url":"https:\/\/lions-pharmacy.com\/wp-content\/uploads\/2022\/12\/Logo-Lion-Pharmacy-c-o-Loewen-Apotheke-smal.jpg","contentUrl":"https:\/\/lions-pharmacy.com\/wp-content\/uploads\/2022\/12\/Logo-Lion-Pharmacy-c-o-Loewen-Apotheke-smal.jpg","width":298,"height":99,"caption":"Lions Pharmacy"},"image":{"@id":"https:\/\/lions-pharmacy.com\/fr#\/schema\/logo\/image\/"}}]}},"_links":{"self":[{"href":"https:\/\/lions-pharmacy.com\/fr\/wp-json\/wp\/v2\/product\/4421","targetHints":{"allow":["GET"]}}],"collection":[{"href":"https:\/\/lions-pharmacy.com\/fr\/wp-json\/wp\/v2\/product"}],"about":[{"href":"https:\/\/lions-pharmacy.com\/fr\/wp-json\/wp\/v2\/types\/product"}],"replies":[{"embeddable":true,"href":"https:\/\/lions-pharmacy.com\/fr\/wp-json\/wp\/v2\/comments?post=4421"}],"wp:featuredmedia":[{"embeddable":true,"href":"https:\/\/lions-pharmacy.com\/fr\/wp-json\/wp\/v2\/media\/5337"}],"wp:attachment":[{"href":"https:\/\/lions-pharmacy.com\/fr\/wp-json\/wp\/v2\/media?parent=4421"}],"wp:term":[{"taxonomy":"product_brand","embeddable":true,"href":"https:\/\/lions-pharmacy.com\/fr\/wp-json\/wp\/v2\/product_brand?post=4421"},{"taxonomy":"product_cat","embeddable":true,"href":"https:\/\/lions-pharmacy.com\/fr\/wp-json\/wp\/v2\/product_cat?post=4421"},{"taxonomy":"product_tag","embeddable":true,"href":"https:\/\/lions-pharmacy.com\/fr\/wp-json\/wp\/v2\/product_tag?post=4421"}],"curies":[{"name":"wp","href":"https:\/\/api.w.org\/{rel}","templated":true}]}}