{"id":4416,"date":"2024-09-06T14:58:54","date_gmt":"2024-09-06T13:58:54","guid":{"rendered":"https:\/\/lions-pharmacy.com\/?post_type=product&#038;p=4416"},"modified":"2026-02-25T09:12:32","modified_gmt":"2026-02-25T08:12:32","slug":"tebonin-intens-120-mg-120-pcs-08692575","status":"publish","type":"product","link":"https:\/\/lions-pharmacy.com\/fr\/produit\/tebonin-intens-120-mg-120-pcs-08692575","title":{"rendered":"Tebonin intens 120 mg 120 pcs."},"content":{"rendered":"<h2 style=\"text-align: left;\">Tebonin intens 120 mg, comprim\u00e9s pellicul\u00e9s<\/h2>\n<p>Tebonin intens 120 mg comprim\u00e9s pellicul\u00e9s est un m\u00e9dicament \u00e0 base de plantes de haute qualit\u00e9 utilis\u00e9 pour le traitement de l&#8217;oubli et du manque de concentration chez les personnes \u00e2g\u00e9es, de certaines formes de vertiges ainsi que des bourdonnements d&#8217;oreille et des acouph\u00e8nes.<\/p>\n<p>Tebonin Intens aide \u00e9galement \u00e0 soulager les acouph\u00e8nes aigus et les bruits dans les oreilles tels que les bourdonnements, les sifflements, les sonneries ou les bips. Cela peut \u00eatre d\u00fb \u00e0 des troubles circulatoires, mais il soutient \u00e9galement la m\u00e9moire et contribue \u00e0 am\u00e9liorer les performances c\u00e9r\u00e9brales.<\/p>\n<p>En am\u00e9liorant la circulation sanguine, Tebonin peut \u00e9galement \u00eatre utilis\u00e9 pour traiter la d\u00e9mence.<\/p>\n<p>Autres produits de <a href=\"https:\/\/lions-pharmacy.com\/fr\/product-category\/dr-schwabe\">Dr. Schwabe dans notre assortiment<\/a><\/p>\n<p>Vous trouverez d\u2019autres d\u00e9tails sur le produit aupr\u00e8s du fabricant : <a href=\"https:\/\/www.tebonin.de\/\" target=\"_blank\" rel=\"noopener\">Informations sur le produit et le fabricant Dr. Schwabe<\/a><\/p>\n<p>D\u2019autres clients ont \u00e9galement \u00e9t\u00e9 int\u00e9ress\u00e9s par des produits li\u00e9s \u00e0 : Dememz | <a href=\"\/de?product_tag=vital\">Vitalit\u00e9, perte de performance et oubli<\/a> | Manque de concentration<\/p>\n<p>Pour conna\u00eetre les risques et les effets secondaires, lisez la notice et demandez conseil \u00e0 votre m\u00e9decin ou \u00e0 votre pharmacien.<\/p>\n<p>&nbsp;<\/p>\n<h3 style=\"text-align: left;\">Ordonnance | e-prescription disponible ?<\/h3>\n<p>Soumettez votre e-prescription d\u00e8s maintenant. Utilisez notre application <a href=\"https:\/\/e-rezept-app.de\/shop-rezept\" target=\"_blank\" rel=\"noopener\">d\u2019ordonnance \u00e9lectronique<\/a> . Et nous vous donnons les frais de port gratuitement&nbsp;!<\/p>\n","protected":false},"excerpt":{"rendered":"<h2 style=\"text-align: left;\">Tebonin intens 120 mg, comprim\u00e9s pellicul\u00e9s<\/h2>\n<p>Tebonin intensive 120 mg. Pour les \u00e9tourdissements d\u2019origine circulatoire ou li\u00e9e \u00e0 l\u2019\u00e2ge.<\/p>\n<p>&nbsp;<\/p>\n<p><strong>PZN :<\/strong> 08692575 (num\u00e9ro pharmaceutique central)<\/p>\n<p><strong>Forme pharmaceutique<\/strong>: comprim\u00e9s pellicul\u00e9s &#8211; 120 pi\u00e8ces.<\/p>\n<p><strong>Type d\u2019ordonnance<\/strong> : sans ordonnance<\/p>\n<p><strong>Marque<\/strong>&nbsp;: Tebonin<\/p>\n<p><strong>Fabricant<\/strong>: Willmar Schwabe GmbH &amp; Co.KG<\/p>\n","protected":false},"featured_media":4336,"comment_status":"closed","ping_status":"closed","template":"","meta":[],"product_brand":[],"product_cat":[460,114],"product_tag":[510,465,464,535,498],"class_list":{"0":"post-4416","1":"product","2":"type-product","3":"status-publish","4":"has-post-thumbnail","6":"product_cat-dr-schwabe","7":"product_cat-non-classifiee","8":"product_tag-actif-dorigine-vegetale","9":"product_tag-dr-schwabe-fr","10":"product_tag-remedes-naturels","11":"product_tag-tebonin-fr","12":"product_tag-vertiges","13":"ts_product_brand-all-fr","14":"ts_product_brand-dr-schwabe-fr","16":"first","17":"instock","18":"sale","19":"taxable","20":"shipping-taxable","21":"purchasable","22":"product-type-simple"},"yoast_head":"<!-- This site is optimized with the Yoast SEO plugin v26.5 - https:\/\/yoast.com\/wordpress\/plugins\/seo\/ -->\n<title>Tebonin intens 120 mg 120 pcs. &#187; Lion Pharmacy<\/title>\n<meta name=\"description\" content=\"Lions Pharmacy est une pharmacie en ligne allemande enregistr\u00e9e | Livraison internationale rapide | Achats en ligne pratiques et s\u00fbrs Tebonin intens 120 mg 120 pcs.%.\" \/>\n<meta name=\"robots\" content=\"index, follow, max-snippet:-1, max-image-preview:large, max-video-preview:-1\" \/>\n<link rel=\"canonical\" href=\"https:\/\/lions-pharmacy.com\/fr\/produit\/tebonin-intens-120-mg-120-pcs-08692575\" \/>\n<meta property=\"og:locale\" content=\"fr_FR\" \/>\n<meta property=\"og:type\" content=\"article\" \/>\n<meta property=\"og:title\" content=\"Tebonin intens 120 mg 120 pcs. &#187; Lion Pharmacy\" \/>\n<meta property=\"og:description\" content=\"Lions Pharmacy est une pharmacie en ligne allemande enregistr\u00e9e | Livraison internationale rapide | Achats en ligne pratiques et s\u00fbrs Tebonin intens 120 mg 120 pcs.%.\" \/>\n<meta property=\"og:url\" content=\"https:\/\/lions-pharmacy.com\/fr\/produit\/tebonin-intens-120-mg-120-pcs-08692575\" \/>\n<meta property=\"og:site_name\" content=\"Lion Pharmacy\" \/>\n<meta property=\"article:modified_time\" content=\"2026-02-25T08:12:32+00:00\" \/>\n<meta property=\"og:image\" content=\"https:\/\/lions-pharmacy.com\/wp-content\/uploads\/2024\/09\/tebonin-intens-60-pcs.webp\" \/>\n\t<meta property=\"og:image:width\" content=\"600\" \/>\n\t<meta property=\"og:image:height\" content=\"600\" \/>\n\t<meta property=\"og:image:type\" content=\"image\/webp\" \/>\n<meta name=\"twitter:card\" content=\"summary_large_image\" \/>\n<meta name=\"twitter:label1\" content=\"Dur\u00e9e de lecture estim\u00e9e\" \/>\n\t<meta name=\"twitter:data1\" content=\"1 minute\" \/>\n<script type=\"application\/ld+json\" class=\"yoast-schema-graph\">{\"@context\":\"https:\/\/schema.org\",\"@graph\":[{\"@type\":\"WebPage\",\"@id\":\"https:\/\/lions-pharmacy.com\/fr\/produit\/tebonin-intens-120-mg-120-pcs-08692575\",\"url\":\"https:\/\/lions-pharmacy.com\/fr\/produit\/tebonin-intens-120-mg-120-pcs-08692575\",\"name\":\"Tebonin intens 120 mg 120 pcs. &#187; Lion Pharmacy\",\"isPartOf\":{\"@id\":\"https:\/\/lions-pharmacy.com\/fr#website\"},\"primaryImageOfPage\":{\"@id\":\"https:\/\/lions-pharmacy.com\/fr\/produit\/tebonin-intens-120-mg-120-pcs-08692575#primaryimage\"},\"image\":{\"@id\":\"https:\/\/lions-pharmacy.com\/fr\/produit\/tebonin-intens-120-mg-120-pcs-08692575#primaryimage\"},\"thumbnailUrl\":\"https:\/\/lions-pharmacy.com\/wp-content\/uploads\/2024\/09\/tebonin-intens-60-pcs.webp\",\"datePublished\":\"2024-09-06T13:58:54+00:00\",\"dateModified\":\"2026-02-25T08:12:32+00:00\",\"description\":\"Lions Pharmacy est une pharmacie en ligne allemande enregistr\u00e9e | Livraison internationale rapide | Achats en ligne pratiques et s\u00fbrs Tebonin intens 120 mg 120 pcs.%.\",\"breadcrumb\":{\"@id\":\"https:\/\/lions-pharmacy.com\/fr\/produit\/tebonin-intens-120-mg-120-pcs-08692575#breadcrumb\"},\"inLanguage\":\"fr-FR\",\"potentialAction\":[{\"@type\":\"ReadAction\",\"target\":[\"https:\/\/lions-pharmacy.com\/fr\/produit\/tebonin-intens-120-mg-120-pcs-08692575\"]}]},{\"@type\":\"ImageObject\",\"inLanguage\":\"fr-FR\",\"@id\":\"https:\/\/lions-pharmacy.com\/fr\/produit\/tebonin-intens-120-mg-120-pcs-08692575#primaryimage\",\"url\":\"https:\/\/lions-pharmacy.com\/wp-content\/uploads\/2024\/09\/tebonin-intens-60-pcs.webp\",\"contentUrl\":\"https:\/\/lions-pharmacy.com\/wp-content\/uploads\/2024\/09\/tebonin-intens-60-pcs.webp\",\"width\":600,\"height\":600,\"caption\":\"tebonin intens 120mg capsoules, Dr. W. Schwabe, Lions Pharmacy, PZN 03379106\"},{\"@type\":\"BreadcrumbList\",\"@id\":\"https:\/\/lions-pharmacy.com\/fr\/produit\/tebonin-intens-120-mg-120-pcs-08692575#breadcrumb\",\"itemListElement\":[{\"@type\":\"ListItem\",\"position\":1,\"name\":\"Home\",\"item\":\"https:\/\/lions-pharmacy.com\/fr\/homepage-lion-pharmacy\"},{\"@type\":\"ListItem\",\"position\":2,\"name\":\"Shop\",\"item\":\"https:\/\/lions-pharmacy.com\/fr\/boutique\"},{\"@type\":\"ListItem\",\"position\":3,\"name\":\"Tebonin intens 120 mg 120 pcs.\"}]},{\"@type\":\"WebSite\",\"@id\":\"https:\/\/lions-pharmacy.com\/fr#website\",\"url\":\"https:\/\/lions-pharmacy.com\/fr\",\"name\":\"Lions Pharmacy\",\"description\":\"Pharmacie sp\u00e9cialis\u00e9e en naturopathie de Baden-Baden, Allemagne\",\"publisher\":{\"@id\":\"https:\/\/lions-pharmacy.com\/fr#organization\"},\"alternateName\":\"Lion Pharmacy\",\"potentialAction\":[{\"@type\":\"SearchAction\",\"target\":{\"@type\":\"EntryPoint\",\"urlTemplate\":\"https:\/\/lions-pharmacy.com\/fr?s={search_term_string}\"},\"query-input\":{\"@type\":\"PropertyValueSpecification\",\"valueRequired\":true,\"valueName\":\"search_term_string\"}}],\"inLanguage\":\"fr-FR\"},{\"@type\":\"Organization\",\"@id\":\"https:\/\/lions-pharmacy.com\/fr#organization\",\"name\":\"Lions Pharmacy\",\"alternateName\":\"Lions Pharmacy24\",\"url\":\"https:\/\/lions-pharmacy.com\/fr\",\"logo\":{\"@type\":\"ImageObject\",\"inLanguage\":\"fr-FR\",\"@id\":\"https:\/\/lions-pharmacy.com\/fr#\/schema\/logo\/image\/\",\"url\":\"https:\/\/lions-pharmacy.com\/wp-content\/uploads\/2022\/12\/Logo-Lion-Pharmacy-c-o-Loewen-Apotheke-smal.jpg\",\"contentUrl\":\"https:\/\/lions-pharmacy.com\/wp-content\/uploads\/2022\/12\/Logo-Lion-Pharmacy-c-o-Loewen-Apotheke-smal.jpg\",\"width\":298,\"height\":99,\"caption\":\"Lions Pharmacy\"},\"image\":{\"@id\":\"https:\/\/lions-pharmacy.com\/fr#\/schema\/logo\/image\/\"}}]}<\/script>\n<!-- \/ Yoast SEO plugin. -->","yoast_head_json":{"title":"Tebonin intens 120 mg 120 pcs. &#187; Lion Pharmacy","description":"Lions Pharmacy est une pharmacie en ligne allemande enregistr\u00e9e | Livraison internationale rapide | Achats en ligne pratiques et s\u00fbrs Tebonin intens 120 mg 120 pcs.%.","robots":{"index":"index","follow":"follow","max-snippet":"max-snippet:-1","max-image-preview":"max-image-preview:large","max-video-preview":"max-video-preview:-1"},"canonical":"https:\/\/lions-pharmacy.com\/fr\/produit\/tebonin-intens-120-mg-120-pcs-08692575","og_locale":"fr_FR","og_type":"article","og_title":"Tebonin intens 120 mg 120 pcs. &#187; Lion Pharmacy","og_description":"Lions Pharmacy est une pharmacie en ligne allemande enregistr\u00e9e | Livraison internationale rapide | Achats en ligne pratiques et s\u00fbrs Tebonin intens 120 mg 120 pcs.%.","og_url":"https:\/\/lions-pharmacy.com\/fr\/produit\/tebonin-intens-120-mg-120-pcs-08692575","og_site_name":"Lion Pharmacy","article_modified_time":"2026-02-25T08:12:32+00:00","og_image":[{"width":600,"height":600,"url":"https:\/\/lions-pharmacy.com\/wp-content\/uploads\/2024\/09\/tebonin-intens-60-pcs.webp","type":"image\/webp"}],"twitter_card":"summary_large_image","twitter_misc":{"Dur\u00e9e de lecture estim\u00e9e":"1 minute"},"schema":{"@context":"https:\/\/schema.org","@graph":[{"@type":"WebPage","@id":"https:\/\/lions-pharmacy.com\/fr\/produit\/tebonin-intens-120-mg-120-pcs-08692575","url":"https:\/\/lions-pharmacy.com\/fr\/produit\/tebonin-intens-120-mg-120-pcs-08692575","name":"Tebonin intens 120 mg 120 pcs. &#187; Lion Pharmacy","isPartOf":{"@id":"https:\/\/lions-pharmacy.com\/fr#website"},"primaryImageOfPage":{"@id":"https:\/\/lions-pharmacy.com\/fr\/produit\/tebonin-intens-120-mg-120-pcs-08692575#primaryimage"},"image":{"@id":"https:\/\/lions-pharmacy.com\/fr\/produit\/tebonin-intens-120-mg-120-pcs-08692575#primaryimage"},"thumbnailUrl":"https:\/\/lions-pharmacy.com\/wp-content\/uploads\/2024\/09\/tebonin-intens-60-pcs.webp","datePublished":"2024-09-06T13:58:54+00:00","dateModified":"2026-02-25T08:12:32+00:00","description":"Lions Pharmacy est une pharmacie en ligne allemande enregistr\u00e9e | Livraison internationale rapide | Achats en ligne pratiques et s\u00fbrs Tebonin intens 120 mg 120 pcs.%.","breadcrumb":{"@id":"https:\/\/lions-pharmacy.com\/fr\/produit\/tebonin-intens-120-mg-120-pcs-08692575#breadcrumb"},"inLanguage":"fr-FR","potentialAction":[{"@type":"ReadAction","target":["https:\/\/lions-pharmacy.com\/fr\/produit\/tebonin-intens-120-mg-120-pcs-08692575"]}]},{"@type":"ImageObject","inLanguage":"fr-FR","@id":"https:\/\/lions-pharmacy.com\/fr\/produit\/tebonin-intens-120-mg-120-pcs-08692575#primaryimage","url":"https:\/\/lions-pharmacy.com\/wp-content\/uploads\/2024\/09\/tebonin-intens-60-pcs.webp","contentUrl":"https:\/\/lions-pharmacy.com\/wp-content\/uploads\/2024\/09\/tebonin-intens-60-pcs.webp","width":600,"height":600,"caption":"tebonin intens 120mg capsoules, Dr. W. Schwabe, Lions Pharmacy, PZN 03379106"},{"@type":"BreadcrumbList","@id":"https:\/\/lions-pharmacy.com\/fr\/produit\/tebonin-intens-120-mg-120-pcs-08692575#breadcrumb","itemListElement":[{"@type":"ListItem","position":1,"name":"Home","item":"https:\/\/lions-pharmacy.com\/fr\/homepage-lion-pharmacy"},{"@type":"ListItem","position":2,"name":"Shop","item":"https:\/\/lions-pharmacy.com\/fr\/boutique"},{"@type":"ListItem","position":3,"name":"Tebonin intens 120 mg 120 pcs."}]},{"@type":"WebSite","@id":"https:\/\/lions-pharmacy.com\/fr#website","url":"https:\/\/lions-pharmacy.com\/fr","name":"Lions Pharmacy","description":"Pharmacie sp\u00e9cialis\u00e9e en naturopathie de Baden-Baden, Allemagne","publisher":{"@id":"https:\/\/lions-pharmacy.com\/fr#organization"},"alternateName":"Lion Pharmacy","potentialAction":[{"@type":"SearchAction","target":{"@type":"EntryPoint","urlTemplate":"https:\/\/lions-pharmacy.com\/fr?s={search_term_string}"},"query-input":{"@type":"PropertyValueSpecification","valueRequired":true,"valueName":"search_term_string"}}],"inLanguage":"fr-FR"},{"@type":"Organization","@id":"https:\/\/lions-pharmacy.com\/fr#organization","name":"Lions Pharmacy","alternateName":"Lions Pharmacy24","url":"https:\/\/lions-pharmacy.com\/fr","logo":{"@type":"ImageObject","inLanguage":"fr-FR","@id":"https:\/\/lions-pharmacy.com\/fr#\/schema\/logo\/image\/","url":"https:\/\/lions-pharmacy.com\/wp-content\/uploads\/2022\/12\/Logo-Lion-Pharmacy-c-o-Loewen-Apotheke-smal.jpg","contentUrl":"https:\/\/lions-pharmacy.com\/wp-content\/uploads\/2022\/12\/Logo-Lion-Pharmacy-c-o-Loewen-Apotheke-smal.jpg","width":298,"height":99,"caption":"Lions Pharmacy"},"image":{"@id":"https:\/\/lions-pharmacy.com\/fr#\/schema\/logo\/image\/"}}]}},"_links":{"self":[{"href":"https:\/\/lions-pharmacy.com\/fr\/wp-json\/wp\/v2\/product\/4416","targetHints":{"allow":["GET"]}}],"collection":[{"href":"https:\/\/lions-pharmacy.com\/fr\/wp-json\/wp\/v2\/product"}],"about":[{"href":"https:\/\/lions-pharmacy.com\/fr\/wp-json\/wp\/v2\/types\/product"}],"replies":[{"embeddable":true,"href":"https:\/\/lions-pharmacy.com\/fr\/wp-json\/wp\/v2\/comments?post=4416"}],"wp:featuredmedia":[{"embeddable":true,"href":"https:\/\/lions-pharmacy.com\/fr\/wp-json\/wp\/v2\/media\/4336"}],"wp:attachment":[{"href":"https:\/\/lions-pharmacy.com\/fr\/wp-json\/wp\/v2\/media?parent=4416"}],"wp:term":[{"taxonomy":"product_brand","embeddable":true,"href":"https:\/\/lions-pharmacy.com\/fr\/wp-json\/wp\/v2\/product_brand?post=4416"},{"taxonomy":"product_cat","embeddable":true,"href":"https:\/\/lions-pharmacy.com\/fr\/wp-json\/wp\/v2\/product_cat?post=4416"},{"taxonomy":"product_tag","embeddable":true,"href":"https:\/\/lions-pharmacy.com\/fr\/wp-json\/wp\/v2\/product_tag?post=4416"}],"curies":[{"name":"wp","href":"https:\/\/api.w.org\/{rel}","templated":true}]}}