{"id":4408,"date":"2024-09-06T07:18:56","date_gmt":"2024-09-06T06:18:56","guid":{"rendered":"https:\/\/lions-pharmacy.com\/?post_type=product&#038;p=4408"},"modified":"2025-01-24T18:04:33","modified_gmt":"2025-01-24T17:04:33","slug":"carmenthin-softgels-42-pcs-10327618","status":"publish","type":"product","link":"https:\/\/lions-pharmacy.com\/fr\/produit\/carmenthin-softgels-42-pcs-10327618","title":{"rendered":"G\u00e9lules de carmenthin 42 pcs."},"content":{"rendered":"<h3 style=\"text-align: left;\">G\u00e9lules de carmenthine<\/h3>\n<p>Les g\u00e9lules de carmenthine sont efficaces pour les crampes abdominales, les flatulences et les ballonnements.<\/p>\n<p>Qu\u2019il s\u2019agisse de flatulences ou de ballonnements, de ballonnements ou de douleurs abdominales : les probl\u00e8mes gastro-intestinaux font partie des probl\u00e8mes quotidiens les plus courants. Le travail quotidien et la vie de famille sont g\u00e9n\u00e9ralement tr\u00e9pidants. Les gens mangent souvent \u00e0 c\u00f4t\u00e9 et ont recours \u00e0 des repas de restauration rapide riches en graisses et en sucre. S\u2019il y a aussi la pression de r\u00e9ussir, les d\u00e9lais et le manque d\u2019exercice, la vie quotidienne nous frappe souvent \u00e0 l\u2019estomac et aux intestins. Les cons\u00e9quences sont des probl\u00e8mes digestifs tels que des flatulences, des ballonnements ou des douleurs abdominales.<\/p>\n<p>Vous trouverez d\u2019autres d\u00e9tails sur le produit aupr\u00e8s du fabricant : <a href=\"https:\/\/www.carmenthin.de\" target=\"_blank\" rel=\"noopener\">Dr. Willmar Schwabe GmbH &amp; Co. KG<\/a><\/p>\n<p>Les clients de Carmenthin sont \u00e9galement int\u00e9ress\u00e9s par des produits li\u00e9s \u00e0 : <a href=\"\/de?product_tag=blaehungen\">Digestion, Flatulences<\/a> | <a href=\"\/de?product_tag=reiseapotheke\">Trousse de premiers secours <\/a> <\/p>\n<p>Les informations contenues dans ce site web sont fournies \u00e0 titre informatif uniquement. Ils ne remplacent en aucun cas l&#8217;examen et le traitement par un m\u00e9decin. Veuillez noter que cela signifie qu&#8217;aucun diagnostic ne peut \u00eatre \u00e9tabli et qu&#8217;aucune th\u00e9rapie ne peut \u00eatre mise en place.<\/p>\n<p>Pour conna\u00eetre les risques et les effets secondaires, lisez la notice et demandez conseil \u00e0 votre m\u00e9decin ou \u00e0 votre pharmacien.<\/p>\n<h3>Ordonnance | e-prescription disponible ?<\/h3>\n<p>Soumettez votre e-prescription d\u00e8s maintenant. Utilisez notre application <a href=\"https:\/\/e-rezept-app.de\/shop-rezept\" target=\"_blank\" rel=\"noopener\">d\u2019ordonnance \u00e9lectronique<\/a> . Et nous vous donnons les frais de port gratuits en Allemagne !<\/p>\n","protected":false},"excerpt":{"rendered":"<h2>G\u00e9lules de carmenthin 42 pcs.<\/h2>\n<p>La carmenthine\u00ae est efficace pour les crampes abdominales, les flatulences et les ballonnements<\/p>\n<p>&nbsp;<\/p>\n<p><strong>PZN :<\/strong> 10327618 (num\u00e9ro pharmaceutique central)<\/p>\n<p><strong>Forme gal\u00e9nique<\/strong> : g\u00e9lules<\/p>\n<p><strong>Type d\u2019ordonnance<\/strong> : sans ordonnance<\/p>\n<p><strong>Fabricant<\/strong> : Dr. Willmar Schwabe GmbH &amp; Co. KG<\/p>\n<p><strong>Taille de l\u2019emballage<\/strong>&nbsp;: 42 pcs.<\/p>\n","protected":false},"featured_media":4311,"comment_status":"closed","ping_status":"closed","template":"","meta":[],"product_brand":[],"product_cat":[460,120,114],"product_tag":[510,464],"class_list":{"0":"post-4408","1":"product","2":"type-product","3":"status-publish","4":"has-post-thumbnail","6":"product_cat-dr-schwabe","7":"product_cat-sale-fr","8":"product_cat-non-classifiee","9":"product_tag-actif-dorigine-vegetale","10":"product_tag-remedes-naturels","11":"ts_product_brand-all-fr","12":"ts_product_brand-dr-schwabe-fr","14":"first","15":"instock","16":"sale","17":"taxable","18":"shipping-taxable","19":"purchasable","20":"product-type-simple"},"yoast_head":"<!-- This site is optimized with the Yoast SEO plugin v26.5 - https:\/\/yoast.com\/wordpress\/plugins\/seo\/ -->\n<title>G\u00e9lules de carmenthin 42 pcs. , Dr. Schwabe &#187; ici\u00a0: Lion Pharmacy<\/title>\n<meta name=\"description\" content=\"Pharmacie Lions | Pharmacie en ligne allemande enregistr\u00e9e. Nous proposons une exp\u00e9dition internationale rapide et des achats en ligne pratiques. G\u00e9lules de carmenthin 42 pcs.\" \/>\n<meta name=\"robots\" content=\"index, follow, max-snippet:-1, max-image-preview:large, max-video-preview:-1\" \/>\n<link rel=\"canonical\" href=\"https:\/\/lions-pharmacy.com\/fr\/produit\/carmenthin-softgels-42-pcs-10327618\" \/>\n<meta property=\"og:locale\" content=\"fr_FR\" \/>\n<meta property=\"og:type\" content=\"article\" \/>\n<meta property=\"og:title\" content=\"G\u00e9lules de carmenthin 42 pcs. , Dr. Schwabe &#187; ici\u00a0: Lion Pharmacy\" \/>\n<meta property=\"og:description\" content=\"Pharmacie Lions | Pharmacie en ligne allemande enregistr\u00e9e. Nous proposons une exp\u00e9dition internationale rapide et des achats en ligne pratiques. G\u00e9lules de carmenthin 42 pcs.\" \/>\n<meta property=\"og:url\" content=\"https:\/\/lions-pharmacy.com\/fr\/produit\/carmenthin-softgels-42-pcs-10327618\" \/>\n<meta property=\"og:site_name\" content=\"Lion Pharmacy\" \/>\n<meta property=\"article:modified_time\" content=\"2025-01-24T17:04:33+00:00\" \/>\n<meta property=\"og:image\" content=\"https:\/\/lions-pharmacy.com\/wp-content\/uploads\/2024\/09\/Carmenthin.webp\" \/>\n\t<meta property=\"og:image:width\" content=\"600\" \/>\n\t<meta property=\"og:image:height\" content=\"600\" \/>\n\t<meta property=\"og:image:type\" content=\"image\/webp\" \/>\n<meta name=\"twitter:card\" content=\"summary_large_image\" \/>\n<meta name=\"twitter:label1\" content=\"Dur\u00e9e de lecture estim\u00e9e\" \/>\n\t<meta name=\"twitter:data1\" content=\"1 minute\" \/>\n<script type=\"application\/ld+json\" class=\"yoast-schema-graph\">{\"@context\":\"https:\/\/schema.org\",\"@graph\":[{\"@type\":\"WebPage\",\"@id\":\"https:\/\/lions-pharmacy.com\/fr\/produit\/carmenthin-softgels-42-pcs-10327618\",\"url\":\"https:\/\/lions-pharmacy.com\/fr\/produit\/carmenthin-softgels-42-pcs-10327618\",\"name\":\"G\u00e9lules de carmenthin 42 pcs. , Dr. Schwabe &#187; ici\u00a0: Lion Pharmacy\",\"isPartOf\":{\"@id\":\"https:\/\/lions-pharmacy.com\/fr#website\"},\"primaryImageOfPage\":{\"@id\":\"https:\/\/lions-pharmacy.com\/fr\/produit\/carmenthin-softgels-42-pcs-10327618#primaryimage\"},\"image\":{\"@id\":\"https:\/\/lions-pharmacy.com\/fr\/produit\/carmenthin-softgels-42-pcs-10327618#primaryimage\"},\"thumbnailUrl\":\"https:\/\/lions-pharmacy.com\/wp-content\/uploads\/2024\/09\/Carmenthin.webp\",\"datePublished\":\"2024-09-06T06:18:56+00:00\",\"dateModified\":\"2025-01-24T17:04:33+00:00\",\"description\":\"Pharmacie Lions | Pharmacie en ligne allemande enregistr\u00e9e. Nous proposons une exp\u00e9dition internationale rapide et des achats en ligne pratiques. G\u00e9lules de carmenthin 42 pcs.\",\"breadcrumb\":{\"@id\":\"https:\/\/lions-pharmacy.com\/fr\/produit\/carmenthin-softgels-42-pcs-10327618#breadcrumb\"},\"inLanguage\":\"fr-FR\",\"potentialAction\":[{\"@type\":\"ReadAction\",\"target\":[\"https:\/\/lions-pharmacy.com\/fr\/produit\/carmenthin-softgels-42-pcs-10327618\"]}]},{\"@type\":\"ImageObject\",\"inLanguage\":\"fr-FR\",\"@id\":\"https:\/\/lions-pharmacy.com\/fr\/produit\/carmenthin-softgels-42-pcs-10327618#primaryimage\",\"url\":\"https:\/\/lions-pharmacy.com\/wp-content\/uploads\/2024\/09\/Carmenthin.webp\",\"contentUrl\":\"https:\/\/lions-pharmacy.com\/wp-content\/uploads\/2024\/09\/Carmenthin.webp\",\"width\":600,\"height\":600,\"caption\":\"Carmenthin 42 pcs. 10327618 Schwabe Lions Pharmacy\"},{\"@type\":\"BreadcrumbList\",\"@id\":\"https:\/\/lions-pharmacy.com\/fr\/produit\/carmenthin-softgels-42-pcs-10327618#breadcrumb\",\"itemListElement\":[{\"@type\":\"ListItem\",\"position\":1,\"name\":\"Home\",\"item\":\"https:\/\/lions-pharmacy.com\/fr\/homepage-lion-pharmacy\"},{\"@type\":\"ListItem\",\"position\":2,\"name\":\"Shop\",\"item\":\"https:\/\/lions-pharmacy.com\/fr\/boutique\"},{\"@type\":\"ListItem\",\"position\":3,\"name\":\"G\u00e9lules de carmenthin 42 pcs.\"}]},{\"@type\":\"WebSite\",\"@id\":\"https:\/\/lions-pharmacy.com\/fr#website\",\"url\":\"https:\/\/lions-pharmacy.com\/fr\",\"name\":\"Lions Pharmacy\",\"description\":\"Pharmacie sp\u00e9cialis\u00e9e en naturopathie de Baden-Baden, Allemagne\",\"publisher\":{\"@id\":\"https:\/\/lions-pharmacy.com\/fr#organization\"},\"alternateName\":\"Lion Pharmacy\",\"potentialAction\":[{\"@type\":\"SearchAction\",\"target\":{\"@type\":\"EntryPoint\",\"urlTemplate\":\"https:\/\/lions-pharmacy.com\/fr?s={search_term_string}\"},\"query-input\":{\"@type\":\"PropertyValueSpecification\",\"valueRequired\":true,\"valueName\":\"search_term_string\"}}],\"inLanguage\":\"fr-FR\"},{\"@type\":\"Organization\",\"@id\":\"https:\/\/lions-pharmacy.com\/fr#organization\",\"name\":\"Lions Pharmacy\",\"alternateName\":\"Lions Pharmacy24\",\"url\":\"https:\/\/lions-pharmacy.com\/fr\",\"logo\":{\"@type\":\"ImageObject\",\"inLanguage\":\"fr-FR\",\"@id\":\"https:\/\/lions-pharmacy.com\/fr#\/schema\/logo\/image\/\",\"url\":\"https:\/\/lions-pharmacy.com\/wp-content\/uploads\/2022\/12\/Logo-Lion-Pharmacy-c-o-Loewen-Apotheke-smal.jpg\",\"contentUrl\":\"https:\/\/lions-pharmacy.com\/wp-content\/uploads\/2022\/12\/Logo-Lion-Pharmacy-c-o-Loewen-Apotheke-smal.jpg\",\"width\":298,\"height\":99,\"caption\":\"Lions Pharmacy\"},\"image\":{\"@id\":\"https:\/\/lions-pharmacy.com\/fr#\/schema\/logo\/image\/\"}}]}<\/script>\n<!-- \/ Yoast SEO plugin. -->","yoast_head_json":{"title":"G\u00e9lules de carmenthin 42 pcs. , Dr. Schwabe &#187; ici\u00a0: Lion Pharmacy","description":"Pharmacie Lions | Pharmacie en ligne allemande enregistr\u00e9e. Nous proposons une exp\u00e9dition internationale rapide et des achats en ligne pratiques. G\u00e9lules de carmenthin 42 pcs.","robots":{"index":"index","follow":"follow","max-snippet":"max-snippet:-1","max-image-preview":"max-image-preview:large","max-video-preview":"max-video-preview:-1"},"canonical":"https:\/\/lions-pharmacy.com\/fr\/produit\/carmenthin-softgels-42-pcs-10327618","og_locale":"fr_FR","og_type":"article","og_title":"G\u00e9lules de carmenthin 42 pcs. , Dr. Schwabe &#187; ici\u00a0: Lion Pharmacy","og_description":"Pharmacie Lions | Pharmacie en ligne allemande enregistr\u00e9e. Nous proposons une exp\u00e9dition internationale rapide et des achats en ligne pratiques. G\u00e9lules de carmenthin 42 pcs.","og_url":"https:\/\/lions-pharmacy.com\/fr\/produit\/carmenthin-softgels-42-pcs-10327618","og_site_name":"Lion Pharmacy","article_modified_time":"2025-01-24T17:04:33+00:00","og_image":[{"width":600,"height":600,"url":"https:\/\/lions-pharmacy.com\/wp-content\/uploads\/2024\/09\/Carmenthin.webp","type":"image\/webp"}],"twitter_card":"summary_large_image","twitter_misc":{"Dur\u00e9e de lecture estim\u00e9e":"1 minute"},"schema":{"@context":"https:\/\/schema.org","@graph":[{"@type":"WebPage","@id":"https:\/\/lions-pharmacy.com\/fr\/produit\/carmenthin-softgels-42-pcs-10327618","url":"https:\/\/lions-pharmacy.com\/fr\/produit\/carmenthin-softgels-42-pcs-10327618","name":"G\u00e9lules de carmenthin 42 pcs. , Dr. Schwabe &#187; ici\u00a0: Lion Pharmacy","isPartOf":{"@id":"https:\/\/lions-pharmacy.com\/fr#website"},"primaryImageOfPage":{"@id":"https:\/\/lions-pharmacy.com\/fr\/produit\/carmenthin-softgels-42-pcs-10327618#primaryimage"},"image":{"@id":"https:\/\/lions-pharmacy.com\/fr\/produit\/carmenthin-softgels-42-pcs-10327618#primaryimage"},"thumbnailUrl":"https:\/\/lions-pharmacy.com\/wp-content\/uploads\/2024\/09\/Carmenthin.webp","datePublished":"2024-09-06T06:18:56+00:00","dateModified":"2025-01-24T17:04:33+00:00","description":"Pharmacie Lions | Pharmacie en ligne allemande enregistr\u00e9e. Nous proposons une exp\u00e9dition internationale rapide et des achats en ligne pratiques. G\u00e9lules de carmenthin 42 pcs.","breadcrumb":{"@id":"https:\/\/lions-pharmacy.com\/fr\/produit\/carmenthin-softgels-42-pcs-10327618#breadcrumb"},"inLanguage":"fr-FR","potentialAction":[{"@type":"ReadAction","target":["https:\/\/lions-pharmacy.com\/fr\/produit\/carmenthin-softgels-42-pcs-10327618"]}]},{"@type":"ImageObject","inLanguage":"fr-FR","@id":"https:\/\/lions-pharmacy.com\/fr\/produit\/carmenthin-softgels-42-pcs-10327618#primaryimage","url":"https:\/\/lions-pharmacy.com\/wp-content\/uploads\/2024\/09\/Carmenthin.webp","contentUrl":"https:\/\/lions-pharmacy.com\/wp-content\/uploads\/2024\/09\/Carmenthin.webp","width":600,"height":600,"caption":"Carmenthin 42 pcs. 10327618 Schwabe Lions Pharmacy"},{"@type":"BreadcrumbList","@id":"https:\/\/lions-pharmacy.com\/fr\/produit\/carmenthin-softgels-42-pcs-10327618#breadcrumb","itemListElement":[{"@type":"ListItem","position":1,"name":"Home","item":"https:\/\/lions-pharmacy.com\/fr\/homepage-lion-pharmacy"},{"@type":"ListItem","position":2,"name":"Shop","item":"https:\/\/lions-pharmacy.com\/fr\/boutique"},{"@type":"ListItem","position":3,"name":"G\u00e9lules de carmenthin 42 pcs."}]},{"@type":"WebSite","@id":"https:\/\/lions-pharmacy.com\/fr#website","url":"https:\/\/lions-pharmacy.com\/fr","name":"Lions Pharmacy","description":"Pharmacie sp\u00e9cialis\u00e9e en naturopathie de Baden-Baden, Allemagne","publisher":{"@id":"https:\/\/lions-pharmacy.com\/fr#organization"},"alternateName":"Lion Pharmacy","potentialAction":[{"@type":"SearchAction","target":{"@type":"EntryPoint","urlTemplate":"https:\/\/lions-pharmacy.com\/fr?s={search_term_string}"},"query-input":{"@type":"PropertyValueSpecification","valueRequired":true,"valueName":"search_term_string"}}],"inLanguage":"fr-FR"},{"@type":"Organization","@id":"https:\/\/lions-pharmacy.com\/fr#organization","name":"Lions Pharmacy","alternateName":"Lions Pharmacy24","url":"https:\/\/lions-pharmacy.com\/fr","logo":{"@type":"ImageObject","inLanguage":"fr-FR","@id":"https:\/\/lions-pharmacy.com\/fr#\/schema\/logo\/image\/","url":"https:\/\/lions-pharmacy.com\/wp-content\/uploads\/2022\/12\/Logo-Lion-Pharmacy-c-o-Loewen-Apotheke-smal.jpg","contentUrl":"https:\/\/lions-pharmacy.com\/wp-content\/uploads\/2022\/12\/Logo-Lion-Pharmacy-c-o-Loewen-Apotheke-smal.jpg","width":298,"height":99,"caption":"Lions Pharmacy"},"image":{"@id":"https:\/\/lions-pharmacy.com\/fr#\/schema\/logo\/image\/"}}]}},"_links":{"self":[{"href":"https:\/\/lions-pharmacy.com\/fr\/wp-json\/wp\/v2\/product\/4408","targetHints":{"allow":["GET"]}}],"collection":[{"href":"https:\/\/lions-pharmacy.com\/fr\/wp-json\/wp\/v2\/product"}],"about":[{"href":"https:\/\/lions-pharmacy.com\/fr\/wp-json\/wp\/v2\/types\/product"}],"replies":[{"embeddable":true,"href":"https:\/\/lions-pharmacy.com\/fr\/wp-json\/wp\/v2\/comments?post=4408"}],"wp:featuredmedia":[{"embeddable":true,"href":"https:\/\/lions-pharmacy.com\/fr\/wp-json\/wp\/v2\/media\/4311"}],"wp:attachment":[{"href":"https:\/\/lions-pharmacy.com\/fr\/wp-json\/wp\/v2\/media?parent=4408"}],"wp:term":[{"taxonomy":"product_brand","embeddable":true,"href":"https:\/\/lions-pharmacy.com\/fr\/wp-json\/wp\/v2\/product_brand?post=4408"},{"taxonomy":"product_cat","embeddable":true,"href":"https:\/\/lions-pharmacy.com\/fr\/wp-json\/wp\/v2\/product_cat?post=4408"},{"taxonomy":"product_tag","embeddable":true,"href":"https:\/\/lions-pharmacy.com\/fr\/wp-json\/wp\/v2\/product_tag?post=4408"}],"curies":[{"name":"wp","href":"https:\/\/api.w.org\/{rel}","templated":true}]}}