{"id":4395,"date":"2024-09-07T09:10:51","date_gmt":"2024-09-07T08:10:51","guid":{"rendered":"https:\/\/lions-pharmacy.com\/?post_type=product&#038;p=4395"},"modified":"2026-02-25T07:02:06","modified_gmt":"2026-02-25T06:02:06","slug":"umckaloabo-20-mg-tablets-60-pcs-00148843","status":"publish","type":"product","link":"https:\/\/lions-pharmacy.com\/fr\/produit\/umckaloabo-20-mg-tablets-60-pcs-00148843","title":{"rendered":"Umckaloabo 20 mg comprim\u00e9s pellicul\u00e9s 60 pcs"},"content":{"rendered":"<h2 style=\"text-align: left;\">Umckaloabo 20 mg comprim\u00e9s pellicul\u00e9s<\/h2>\n<p>Umckaloabo 20 mg comprim\u00e9s pellicul\u00e9s : Pour le traitement symptomatique de la bronchite aigu\u00eb. Les comprim\u00e9s pellicul\u00e9s Umckaloabo sont utilis\u00e9s comme m\u00e9dicament \u00e0 base de plantes pour le traitement symptomatique des sympt\u00f4mes de la bronchite aigu\u00eb. Le m\u00e9dicament contient l&#8217;extrait sp\u00e9cial anti-infectieux et expectorant EPs 7630 du p\u00e9largonium du Cap (Pelargonium spp.) d&#8217;Afrique du Sud. Ce m\u00e9dicament contient donc le m\u00eame principe actif, contrairement aux gouttes Umckaloabo\u00ae qui sont utilis\u00e9es pour le traitement de la bronchite aigu\u00eb.<\/p>\n<p>Principe actif : 20 mg d&#8217;extrait sec de racine de Pelargonium sidoides (6,25-11,11:1) ; agent d&#8217;extraction : \u00e9thanol 11% (m\/m)<\/p>\n<ul style=\"list-style-type: square;\">\n<li>\u00c0 l\u2019extrait sec anti-infectieux EPs\u00ae 7630 de racines de Pelargonium sidoides<\/li>\n<li>Soulager les sympt\u00f4mes p\u00e9nibles de la bronchite aigu\u00eb<\/li>\n<li>Acc\u00e9l\u00e9rer la cicatrisation<\/li>\n<li>Sont pratiques pour les d\u00e9placements<\/li>\n<li>Sont sans alcool<\/li>\n<\/ul>\n<p>Vous trouverez ici plus d&#8217;informations sur le <strong>produit Umckaloabo 20 mg comprim\u00e9s pellicul\u00e9s<\/strong> et le <a href=\"https:\/\/www.schwabe.de\/produkte\/umckaloabo\/\" target=\"_blank\" rel=\"noopener\">fabricant Dr.<\/a><\/p>\n<p>Willmar Schwabe GmbH &amp; Co. KG est la soci\u00e9t\u00e9 m\u00e8re du groupe Schwabe et est \u00e9galement d\u00e9sign\u00e9e sous le nom de groupe de soci\u00e9t\u00e9s Schwabe ou groupe Schwabe. L&#8217;entreprise pharmaceutique a \u00e9t\u00e9 fond\u00e9e \u00e0 Leipzig en 1865. Le si\u00e8ge a \u00e9t\u00e9 transf\u00e9r\u00e9 \u00e0 Karlsruhe en 1946. Le groupe se concentre sur les secteurs de la sant\u00e9 et de la pharmacie, se sp\u00e9cialisant dans les m\u00e9dicaments \u00e0 base de plantes m\u00e9dicinales et hom\u00e9opathiques, les produits phytopharmaceutiques et hom\u00e9opathiques, les compl\u00e9ments alimentaires \u00e0 base de plantes m\u00e9dicinales et les services compl\u00e9mentaires de sant\u00e9 holistique et d&#8217;auto-assistance, tels que les programmes de formation \u00e0 la sant\u00e9 mentale et physique. Il s&#8217;agit notamment des marques Tebonin, Umckaloabo.<\/p>\n<p>Autres produits de la <a href=\"https:\/\/lions-pharmacy.com\/fr\/product-category\/dr-schwabe\">gamme Dr. Schwabe<\/a><\/p>\n<p>Pour conna\u00eetre les risques et les effets secondaires, lisez la notice et demandez conseil \u00e0 votre m\u00e9decin ou \u00e0 votre pharmacien.<\/p>\n","protected":false},"excerpt":{"rendered":"<h2 style=\"text-align: left;\">Umckaloabo 20 mg comprim\u00e9s pellicul\u00e9s<\/h2>\n<div class=\"rating__wrap\">\n<p>Pour le traitement symptomatique de la bronchite aigu\u00eb.<\/p>\n<p>&nbsp;<\/p>\n<p><strong>PZN<\/strong>: 00148843 (num\u00e9ro central de pharmacie)<\/p>\n<p><strong>Forme pharmaceutique<\/strong>: comprim\u00e9s pellicul\u00e9s<\/p>\n<p><strong>Taille de l&#8217;emballage :<\/strong> 60 pi\u00e8ces.<\/p>\n<p><strong>Type d\u2019ordonnance<\/strong> : sans ordonnance<\/p>\n<p><strong>Marque<\/strong>: Umckaloabo\u00ae<\/p>\n<p><strong>Fabricant<\/strong>: <a href=\"https:\/\/www.loewen-apotheke24.com\/de\/product_cat\/schwabe\/\">Willmar Schwabe GmbH &amp; Co.KG<\/a><\/p>\n<\/div>\n","protected":false},"featured_media":4324,"comment_status":"closed","ping_status":"closed","template":"","meta":[],"product_brand":[],"product_cat":[460,120,114],"product_tag":[510,465,468,464],"class_list":{"0":"post-4395","1":"product","2":"type-product","3":"status-publish","4":"has-post-thumbnail","6":"product_cat-dr-schwabe","7":"product_cat-sale-fr","8":"product_cat-non-classifiee","9":"product_tag-actif-dorigine-vegetale","10":"product_tag-dr-schwabe-fr","11":"product_tag-grippe-et-rhume","12":"product_tag-remedes-naturels","13":"ts_product_brand-all-fr","14":"ts_product_brand-dr-schwabe-fr","16":"first","17":"instock","18":"sale","19":"taxable","20":"shipping-taxable","21":"purchasable","22":"product-type-simple"},"yoast_head":"<!-- This site is optimized with the Yoast SEO plugin v26.5 - https:\/\/yoast.com\/wordpress\/plugins\/seo\/ -->\n<title>Umckaloabo 20 mg comprim\u00e9s pellicul\u00e9s 60 pcs &#187; Lion Pharmacy<\/title>\n<meta name=\"description\" content=\"Pharmacie allemande agr\u00e9\u00e9e : livraison rapide, service de qualit\u00e9. Umckaloabo 20 mg comprim\u00e9s pour le traitement symptomatique des sympt\u00f4mes de la bronchite aigu\u00eb.\" \/>\n<meta name=\"robots\" content=\"index, follow, max-snippet:-1, max-image-preview:large, max-video-preview:-1\" \/>\n<link rel=\"canonical\" href=\"https:\/\/lions-pharmacy.com\/fr\/produit\/umckaloabo-20-mg-tablets-60-pcs-00148843\" \/>\n<meta property=\"og:locale\" content=\"fr_FR\" \/>\n<meta property=\"og:type\" content=\"article\" \/>\n<meta property=\"og:title\" content=\"Umckaloabo 20 mg comprim\u00e9s pellicul\u00e9s 60 pcs &#187; Lion Pharmacy\" \/>\n<meta property=\"og:description\" content=\"Pharmacie allemande agr\u00e9\u00e9e : livraison rapide, service de qualit\u00e9. Umckaloabo 20 mg comprim\u00e9s pour le traitement symptomatique des sympt\u00f4mes de la bronchite aigu\u00eb.\" \/>\n<meta property=\"og:url\" content=\"https:\/\/lions-pharmacy.com\/fr\/produit\/umckaloabo-20-mg-tablets-60-pcs-00148843\" \/>\n<meta property=\"og:site_name\" content=\"Lion Pharmacy\" \/>\n<meta property=\"article:modified_time\" content=\"2026-02-25T06:02:06+00:00\" \/>\n<meta property=\"og:image\" content=\"https:\/\/lions-pharmacy.com\/wp-content\/uploads\/2024\/09\/umckaloabo-tablets.webp\" \/>\n\t<meta property=\"og:image:width\" content=\"600\" \/>\n\t<meta property=\"og:image:height\" content=\"600\" \/>\n\t<meta property=\"og:image:type\" content=\"image\/webp\" \/>\n<meta name=\"twitter:card\" content=\"summary_large_image\" \/>\n<meta name=\"twitter:label1\" content=\"Dur\u00e9e de lecture estim\u00e9e\" \/>\n\t<meta name=\"twitter:data1\" content=\"2 minutes\" \/>\n<script type=\"application\/ld+json\" class=\"yoast-schema-graph\">{\"@context\":\"https:\/\/schema.org\",\"@graph\":[{\"@type\":\"WebPage\",\"@id\":\"https:\/\/lions-pharmacy.com\/fr\/produit\/umckaloabo-20-mg-tablets-60-pcs-00148843\",\"url\":\"https:\/\/lions-pharmacy.com\/fr\/produit\/umckaloabo-20-mg-tablets-60-pcs-00148843\",\"name\":\"Umckaloabo 20 mg comprim\u00e9s pellicul\u00e9s 60 pcs &#187; Lion Pharmacy\",\"isPartOf\":{\"@id\":\"https:\/\/lions-pharmacy.com\/fr#website\"},\"primaryImageOfPage\":{\"@id\":\"https:\/\/lions-pharmacy.com\/fr\/produit\/umckaloabo-20-mg-tablets-60-pcs-00148843#primaryimage\"},\"image\":{\"@id\":\"https:\/\/lions-pharmacy.com\/fr\/produit\/umckaloabo-20-mg-tablets-60-pcs-00148843#primaryimage\"},\"thumbnailUrl\":\"https:\/\/lions-pharmacy.com\/wp-content\/uploads\/2024\/09\/umckaloabo-tablets.webp\",\"datePublished\":\"2024-09-07T08:10:51+00:00\",\"dateModified\":\"2026-02-25T06:02:06+00:00\",\"description\":\"Pharmacie allemande agr\u00e9\u00e9e : livraison rapide, service de qualit\u00e9. Umckaloabo 20 mg comprim\u00e9s pour le traitement symptomatique des sympt\u00f4mes de la bronchite aigu\u00eb.\",\"breadcrumb\":{\"@id\":\"https:\/\/lions-pharmacy.com\/fr\/produit\/umckaloabo-20-mg-tablets-60-pcs-00148843#breadcrumb\"},\"inLanguage\":\"fr-FR\",\"potentialAction\":[{\"@type\":\"ReadAction\",\"target\":[\"https:\/\/lions-pharmacy.com\/fr\/produit\/umckaloabo-20-mg-tablets-60-pcs-00148843\"]}]},{\"@type\":\"ImageObject\",\"inLanguage\":\"fr-FR\",\"@id\":\"https:\/\/lions-pharmacy.com\/fr\/produit\/umckaloabo-20-mg-tablets-60-pcs-00148843#primaryimage\",\"url\":\"https:\/\/lions-pharmacy.com\/wp-content\/uploads\/2024\/09\/umckaloabo-tablets.webp\",\"contentUrl\":\"https:\/\/lions-pharmacy.com\/wp-content\/uploads\/2024\/09\/umckaloabo-tablets.webp\",\"width\":600,\"height\":600,\"caption\":\"umckaloabo 20 mg 60 pcs. comprim\u00e9s, Dr. Schwabe, Lions Pharmacy, PZN 00148843\"},{\"@type\":\"BreadcrumbList\",\"@id\":\"https:\/\/lions-pharmacy.com\/fr\/produit\/umckaloabo-20-mg-tablets-60-pcs-00148843#breadcrumb\",\"itemListElement\":[{\"@type\":\"ListItem\",\"position\":1,\"name\":\"Home\",\"item\":\"https:\/\/lions-pharmacy.com\/fr\/homepage-lion-pharmacy\"},{\"@type\":\"ListItem\",\"position\":2,\"name\":\"Shop\",\"item\":\"https:\/\/lions-pharmacy.com\/fr\/boutique\"},{\"@type\":\"ListItem\",\"position\":3,\"name\":\"Umckaloabo 20 mg comprim\u00e9s pellicul\u00e9s 60 pcs\"}]},{\"@type\":\"WebSite\",\"@id\":\"https:\/\/lions-pharmacy.com\/fr#website\",\"url\":\"https:\/\/lions-pharmacy.com\/fr\",\"name\":\"Lions Pharmacy\",\"description\":\"Pharmacie sp\u00e9cialis\u00e9e en naturopathie de Baden-Baden, Allemagne\",\"publisher\":{\"@id\":\"https:\/\/lions-pharmacy.com\/fr#organization\"},\"alternateName\":\"Lion Pharmacy\",\"potentialAction\":[{\"@type\":\"SearchAction\",\"target\":{\"@type\":\"EntryPoint\",\"urlTemplate\":\"https:\/\/lions-pharmacy.com\/fr?s={search_term_string}\"},\"query-input\":{\"@type\":\"PropertyValueSpecification\",\"valueRequired\":true,\"valueName\":\"search_term_string\"}}],\"inLanguage\":\"fr-FR\"},{\"@type\":\"Organization\",\"@id\":\"https:\/\/lions-pharmacy.com\/fr#organization\",\"name\":\"Lions Pharmacy\",\"alternateName\":\"Lions Pharmacy24\",\"url\":\"https:\/\/lions-pharmacy.com\/fr\",\"logo\":{\"@type\":\"ImageObject\",\"inLanguage\":\"fr-FR\",\"@id\":\"https:\/\/lions-pharmacy.com\/fr#\/schema\/logo\/image\/\",\"url\":\"https:\/\/lions-pharmacy.com\/wp-content\/uploads\/2022\/12\/Logo-Lion-Pharmacy-c-o-Loewen-Apotheke-smal.jpg\",\"contentUrl\":\"https:\/\/lions-pharmacy.com\/wp-content\/uploads\/2022\/12\/Logo-Lion-Pharmacy-c-o-Loewen-Apotheke-smal.jpg\",\"width\":298,\"height\":99,\"caption\":\"Lions Pharmacy\"},\"image\":{\"@id\":\"https:\/\/lions-pharmacy.com\/fr#\/schema\/logo\/image\/\"}}]}<\/script>\n<!-- \/ Yoast SEO plugin. -->","yoast_head_json":{"title":"Umckaloabo 20 mg comprim\u00e9s pellicul\u00e9s 60 pcs &#187; Lion Pharmacy","description":"Pharmacie allemande agr\u00e9\u00e9e : livraison rapide, service de qualit\u00e9. Umckaloabo 20 mg comprim\u00e9s pour le traitement symptomatique des sympt\u00f4mes de la bronchite aigu\u00eb.","robots":{"index":"index","follow":"follow","max-snippet":"max-snippet:-1","max-image-preview":"max-image-preview:large","max-video-preview":"max-video-preview:-1"},"canonical":"https:\/\/lions-pharmacy.com\/fr\/produit\/umckaloabo-20-mg-tablets-60-pcs-00148843","og_locale":"fr_FR","og_type":"article","og_title":"Umckaloabo 20 mg comprim\u00e9s pellicul\u00e9s 60 pcs &#187; Lion Pharmacy","og_description":"Pharmacie allemande agr\u00e9\u00e9e : livraison rapide, service de qualit\u00e9. Umckaloabo 20 mg comprim\u00e9s pour le traitement symptomatique des sympt\u00f4mes de la bronchite aigu\u00eb.","og_url":"https:\/\/lions-pharmacy.com\/fr\/produit\/umckaloabo-20-mg-tablets-60-pcs-00148843","og_site_name":"Lion Pharmacy","article_modified_time":"2026-02-25T06:02:06+00:00","og_image":[{"width":600,"height":600,"url":"https:\/\/lions-pharmacy.com\/wp-content\/uploads\/2024\/09\/umckaloabo-tablets.webp","type":"image\/webp"}],"twitter_card":"summary_large_image","twitter_misc":{"Dur\u00e9e de lecture estim\u00e9e":"2 minutes"},"schema":{"@context":"https:\/\/schema.org","@graph":[{"@type":"WebPage","@id":"https:\/\/lions-pharmacy.com\/fr\/produit\/umckaloabo-20-mg-tablets-60-pcs-00148843","url":"https:\/\/lions-pharmacy.com\/fr\/produit\/umckaloabo-20-mg-tablets-60-pcs-00148843","name":"Umckaloabo 20 mg comprim\u00e9s pellicul\u00e9s 60 pcs &#187; Lion Pharmacy","isPartOf":{"@id":"https:\/\/lions-pharmacy.com\/fr#website"},"primaryImageOfPage":{"@id":"https:\/\/lions-pharmacy.com\/fr\/produit\/umckaloabo-20-mg-tablets-60-pcs-00148843#primaryimage"},"image":{"@id":"https:\/\/lions-pharmacy.com\/fr\/produit\/umckaloabo-20-mg-tablets-60-pcs-00148843#primaryimage"},"thumbnailUrl":"https:\/\/lions-pharmacy.com\/wp-content\/uploads\/2024\/09\/umckaloabo-tablets.webp","datePublished":"2024-09-07T08:10:51+00:00","dateModified":"2026-02-25T06:02:06+00:00","description":"Pharmacie allemande agr\u00e9\u00e9e : livraison rapide, service de qualit\u00e9. Umckaloabo 20 mg comprim\u00e9s pour le traitement symptomatique des sympt\u00f4mes de la bronchite aigu\u00eb.","breadcrumb":{"@id":"https:\/\/lions-pharmacy.com\/fr\/produit\/umckaloabo-20-mg-tablets-60-pcs-00148843#breadcrumb"},"inLanguage":"fr-FR","potentialAction":[{"@type":"ReadAction","target":["https:\/\/lions-pharmacy.com\/fr\/produit\/umckaloabo-20-mg-tablets-60-pcs-00148843"]}]},{"@type":"ImageObject","inLanguage":"fr-FR","@id":"https:\/\/lions-pharmacy.com\/fr\/produit\/umckaloabo-20-mg-tablets-60-pcs-00148843#primaryimage","url":"https:\/\/lions-pharmacy.com\/wp-content\/uploads\/2024\/09\/umckaloabo-tablets.webp","contentUrl":"https:\/\/lions-pharmacy.com\/wp-content\/uploads\/2024\/09\/umckaloabo-tablets.webp","width":600,"height":600,"caption":"umckaloabo 20 mg 60 pcs. comprim\u00e9s, Dr. Schwabe, Lions Pharmacy, PZN 00148843"},{"@type":"BreadcrumbList","@id":"https:\/\/lions-pharmacy.com\/fr\/produit\/umckaloabo-20-mg-tablets-60-pcs-00148843#breadcrumb","itemListElement":[{"@type":"ListItem","position":1,"name":"Home","item":"https:\/\/lions-pharmacy.com\/fr\/homepage-lion-pharmacy"},{"@type":"ListItem","position":2,"name":"Shop","item":"https:\/\/lions-pharmacy.com\/fr\/boutique"},{"@type":"ListItem","position":3,"name":"Umckaloabo 20 mg comprim\u00e9s pellicul\u00e9s 60 pcs"}]},{"@type":"WebSite","@id":"https:\/\/lions-pharmacy.com\/fr#website","url":"https:\/\/lions-pharmacy.com\/fr","name":"Lions Pharmacy","description":"Pharmacie sp\u00e9cialis\u00e9e en naturopathie de Baden-Baden, Allemagne","publisher":{"@id":"https:\/\/lions-pharmacy.com\/fr#organization"},"alternateName":"Lion Pharmacy","potentialAction":[{"@type":"SearchAction","target":{"@type":"EntryPoint","urlTemplate":"https:\/\/lions-pharmacy.com\/fr?s={search_term_string}"},"query-input":{"@type":"PropertyValueSpecification","valueRequired":true,"valueName":"search_term_string"}}],"inLanguage":"fr-FR"},{"@type":"Organization","@id":"https:\/\/lions-pharmacy.com\/fr#organization","name":"Lions Pharmacy","alternateName":"Lions Pharmacy24","url":"https:\/\/lions-pharmacy.com\/fr","logo":{"@type":"ImageObject","inLanguage":"fr-FR","@id":"https:\/\/lions-pharmacy.com\/fr#\/schema\/logo\/image\/","url":"https:\/\/lions-pharmacy.com\/wp-content\/uploads\/2022\/12\/Logo-Lion-Pharmacy-c-o-Loewen-Apotheke-smal.jpg","contentUrl":"https:\/\/lions-pharmacy.com\/wp-content\/uploads\/2022\/12\/Logo-Lion-Pharmacy-c-o-Loewen-Apotheke-smal.jpg","width":298,"height":99,"caption":"Lions Pharmacy"},"image":{"@id":"https:\/\/lions-pharmacy.com\/fr#\/schema\/logo\/image\/"}}]}},"_links":{"self":[{"href":"https:\/\/lions-pharmacy.com\/fr\/wp-json\/wp\/v2\/product\/4395","targetHints":{"allow":["GET"]}}],"collection":[{"href":"https:\/\/lions-pharmacy.com\/fr\/wp-json\/wp\/v2\/product"}],"about":[{"href":"https:\/\/lions-pharmacy.com\/fr\/wp-json\/wp\/v2\/types\/product"}],"replies":[{"embeddable":true,"href":"https:\/\/lions-pharmacy.com\/fr\/wp-json\/wp\/v2\/comments?post=4395"}],"wp:featuredmedia":[{"embeddable":true,"href":"https:\/\/lions-pharmacy.com\/fr\/wp-json\/wp\/v2\/media\/4324"}],"wp:attachment":[{"href":"https:\/\/lions-pharmacy.com\/fr\/wp-json\/wp\/v2\/media?parent=4395"}],"wp:term":[{"taxonomy":"product_brand","embeddable":true,"href":"https:\/\/lions-pharmacy.com\/fr\/wp-json\/wp\/v2\/product_brand?post=4395"},{"taxonomy":"product_cat","embeddable":true,"href":"https:\/\/lions-pharmacy.com\/fr\/wp-json\/wp\/v2\/product_cat?post=4395"},{"taxonomy":"product_tag","embeddable":true,"href":"https:\/\/lions-pharmacy.com\/fr\/wp-json\/wp\/v2\/product_tag?post=4395"}],"curies":[{"name":"wp","href":"https:\/\/api.w.org\/{rel}","templated":true}]}}