{"id":4387,"date":"2024-09-07T09:26:18","date_gmt":"2024-09-07T08:26:18","guid":{"rendered":"https:\/\/lions-pharmacy.com\/?post_type=product&#038;p=4387"},"modified":"2026-02-25T09:46:01","modified_gmt":"2026-02-25T08:46:01","slug":"umckaloabo-liquid-100-ml-00930673","status":"publish","type":"product","link":"https:\/\/lions-pharmacy.com\/fr\/produit\/umckaloabo-liquid-100-ml-00930673","title":{"rendered":"Umckaloabo liquide 100 ml"},"content":{"rendered":"<h3 style=\"text-align: left;\">Liquide Umckaloabo<\/h3>\n<p>Umckaloabo liquid : Dans le traitement des infections des voies respiratoires telles que la bronchite aigu\u00eb avec ses sympt\u00f4mes typiques, il est particuli\u00e8rement important de ne pas traiter uniquement les sympt\u00f4mes, mais avant tout de combattre les agents pathog\u00e8nes responsables avec un m\u00e9dicament bien adapt\u00e9. C&#8217;est l\u00e0 qu&#8217;intervient Umckaloabo. Le principe actif sp\u00e9cial EPs\u00ae 7630 du m\u00e9dicament agit sp\u00e9cifiquement contre la cause de l&#8217;infection. L&#8217;anti-infectieux \u00e0 base de plantes pour la bronchite aigu\u00eb.<\/p>\n<p>M\u00eame en cas de l\u00e9g\u00e8re sensation initiale de gorge irrit\u00e9e et de rhume, l&#8217;Umckaloabo a un effet expectorant et renforce le syst\u00e8me immunitaire.<\/p>\n<ul style=\"list-style-type: square;\">\n<li>Umckaloabo\u00ae agit sp\u00e9cifiquement contre la cause de l\u2019infection.<\/li>\n<li>Il combat les agents pathog\u00e8nes, soulage les sympt\u00f4mes et acc\u00e9l\u00e8re la cicatrisation<\/li>\n<li>Purement \u00e0 base de plantes et bien tol\u00e9r\u00e9<\/li>\n<li>Pour toute la famille (\u00e0 partir de 1 an)<\/li>\n<\/ul>\n<p>Vous trouverez ici plus d&#8217;informations sur le produit Umckaloabo liquide et le <a href=\"https:\/\/www.umckaloabo.de\/de\/umckaloabo-produkte\/umckaloabo-tropfen\" target=\"_blank\" rel=\"noopener\">fabricant Dr.<\/a><\/p>\n<p>Willmar Schwabe GmbH &amp; Co. KG est la soci\u00e9t\u00e9 m\u00e8re du groupe Schwabe et est \u00e9galement d\u00e9sign\u00e9e sous le nom de groupe de soci\u00e9t\u00e9s Schwabe ou groupe Schwabe. L&#8217;entreprise pharmaceutique a \u00e9t\u00e9 fond\u00e9e \u00e0 Leipzig en 1865. Le si\u00e8ge a \u00e9t\u00e9 transf\u00e9r\u00e9 \u00e0 Karlsruhe en 1946. Le groupe se concentre sur les secteurs de la sant\u00e9 et de la pharmacie, se sp\u00e9cialisant dans les m\u00e9dicaments \u00e0 base de plantes m\u00e9dicinales et hom\u00e9opathiques, les produits phytopharmaceutiques et hom\u00e9opathiques, les compl\u00e9ments alimentaires \u00e0 base de plantes m\u00e9dicinales et les services compl\u00e9mentaires de sant\u00e9 holistique et d&#8217;auto-assistance, tels que les programmes de formation \u00e0 la sant\u00e9 mentale et physique. Il s&#8217;agit notamment des marques Tebonin, Umckaloabo.<\/p>\n<p>Autres produits de <a href=\"https:\/\/lions-pharmacy.com\/fr\/product-category\/dr-schwabe\">Dr. Schwabe <\/a>dans la gamme Umckaloabo liquid.<\/p>\n<p>Pour conna\u00eetre les risques et les effets secondaires, lisez la notice et demandez conseil \u00e0 votre m\u00e9decin ou \u00e0 votre pharmacien.<\/p>\n<h3 style=\"text-align: left;\">Ordonnance | e-prescription disponible ?<\/h3>\n<p>Soumettez votre e-prescription d\u00e8s maintenant. Utilisez notre application <a href=\"https:\/\/e-rezept-app.de\/shop-rezept\" target=\"_blank\" rel=\"noopener\">d\u2019ordonnance \u00e9lectronique<\/a> . Et nous vous donnons les frais de port gratuits en Allemagne !<\/p>\n","protected":false},"excerpt":{"rendered":"<h2 style=\"text-align: left;\">Liquide Umckaloabo<\/h2>\n<div class=\"rating__wrap\">\n<p>L&#8217;anti-infectieux \u00e0 base de plantes pour la bronchite aigu\u00eb.<\/p>\n<p>&nbsp;<\/p>\n<p><strong>PZN<\/strong>: 00930673 (num\u00e9ro central de pharmacie)<\/p>\n<p><strong>Forme gal\u00e9nique<\/strong>: gouttes &#8211; 100ml<\/p>\n<p><strong>Type d\u2019ordonnance<\/strong> : sans ordonnance<\/p>\n<p><strong>Marque<\/strong>: <a href=\"https:\/\/www.umckaloabo.de\/de\" target=\"_blank\" rel=\"noopener\">Umckaloabo <\/a>\u00ae<\/p>\n<p><strong>Fabricant<\/strong>: <a href=\"https:\/\/www.loewen-apotheke24.com\/de\/product_cat\/schwabe\/\">Willmar Schwabe GmbH &amp; Co.KG<\/a><\/p>\n<\/div>\n","protected":false},"featured_media":4317,"comment_status":"closed","ping_status":"closed","template":"","meta":[],"product_brand":[],"product_cat":[460,120,114],"product_tag":[465,468,466,464],"class_list":{"0":"post-4387","1":"product","2":"type-product","3":"status-publish","4":"has-post-thumbnail","6":"product_cat-dr-schwabe","7":"product_cat-sale-fr","8":"product_cat-non-classifiee","9":"product_tag-dr-schwabe-fr","10":"product_tag-grippe-et-rhume","11":"product_tag-ingredient-actif-a-base-de-plantes","12":"product_tag-remedes-naturels","13":"ts_product_brand-all-fr","14":"ts_product_brand-dr-schwabe-fr","16":"first","17":"instock","18":"sale","19":"taxable","20":"shipping-taxable","21":"purchasable","22":"product-type-simple"},"yoast_head":"<!-- This site is optimized with the Yoast SEO plugin v26.5 - https:\/\/yoast.com\/wordpress\/plugins\/seo\/ -->\n<title>Umckaloabo liquide 100 ml &#187; Lion Pharmacy<\/title>\n<meta name=\"description\" content=\"Pharmacie Lions | Pharmacie en ligne allemande enregistr\u00e9e | Exp\u00e9dition internationale rapide | Achats en ligne pratiques et s\u00fbrs | Umckaloabo liquide 100 ml\" \/>\n<meta name=\"robots\" content=\"index, follow, max-snippet:-1, max-image-preview:large, max-video-preview:-1\" \/>\n<link rel=\"canonical\" href=\"https:\/\/lions-pharmacy.com\/fr\/produit\/umckaloabo-liquid-100-ml-00930673\" \/>\n<meta property=\"og:locale\" content=\"fr_FR\" \/>\n<meta property=\"og:type\" content=\"article\" \/>\n<meta property=\"og:title\" content=\"Umckaloabo liquide 100 ml &#187; Lion Pharmacy\" \/>\n<meta property=\"og:description\" content=\"Pharmacie Lions | Pharmacie en ligne allemande enregistr\u00e9e | Exp\u00e9dition internationale rapide | Achats en ligne pratiques et s\u00fbrs | Umckaloabo liquide 100 ml\" \/>\n<meta property=\"og:url\" content=\"https:\/\/lions-pharmacy.com\/fr\/produit\/umckaloabo-liquid-100-ml-00930673\" \/>\n<meta property=\"og:site_name\" content=\"Lion Pharmacy\" \/>\n<meta property=\"article:modified_time\" content=\"2026-02-25T08:46:01+00:00\" \/>\n<meta property=\"og:image\" content=\"https:\/\/lions-pharmacy.com\/wp-content\/uploads\/2024\/09\/umckaloabo.webp\" \/>\n\t<meta property=\"og:image:width\" content=\"600\" \/>\n\t<meta property=\"og:image:height\" content=\"600\" \/>\n\t<meta property=\"og:image:type\" content=\"image\/webp\" \/>\n<meta name=\"twitter:card\" content=\"summary_large_image\" \/>\n<meta name=\"twitter:label1\" content=\"Dur\u00e9e de lecture estim\u00e9e\" \/>\n\t<meta name=\"twitter:data1\" content=\"2 minutes\" \/>\n<script type=\"application\/ld+json\" class=\"yoast-schema-graph\">{\"@context\":\"https:\/\/schema.org\",\"@graph\":[{\"@type\":\"WebPage\",\"@id\":\"https:\/\/lions-pharmacy.com\/fr\/produit\/umckaloabo-liquid-100-ml-00930673\",\"url\":\"https:\/\/lions-pharmacy.com\/fr\/produit\/umckaloabo-liquid-100-ml-00930673\",\"name\":\"Umckaloabo liquide 100 ml &#187; Lion Pharmacy\",\"isPartOf\":{\"@id\":\"https:\/\/lions-pharmacy.com\/fr#website\"},\"primaryImageOfPage\":{\"@id\":\"https:\/\/lions-pharmacy.com\/fr\/produit\/umckaloabo-liquid-100-ml-00930673#primaryimage\"},\"image\":{\"@id\":\"https:\/\/lions-pharmacy.com\/fr\/produit\/umckaloabo-liquid-100-ml-00930673#primaryimage\"},\"thumbnailUrl\":\"https:\/\/lions-pharmacy.com\/wp-content\/uploads\/2024\/09\/umckaloabo.webp\",\"datePublished\":\"2024-09-07T08:26:18+00:00\",\"dateModified\":\"2026-02-25T08:46:01+00:00\",\"description\":\"Pharmacie Lions | Pharmacie en ligne allemande enregistr\u00e9e | Exp\u00e9dition internationale rapide | Achats en ligne pratiques et s\u00fbrs | Umckaloabo liquide 100 ml\",\"breadcrumb\":{\"@id\":\"https:\/\/lions-pharmacy.com\/fr\/produit\/umckaloabo-liquid-100-ml-00930673#breadcrumb\"},\"inLanguage\":\"fr-FR\",\"potentialAction\":[{\"@type\":\"ReadAction\",\"target\":[\"https:\/\/lions-pharmacy.com\/fr\/produit\/umckaloabo-liquid-100-ml-00930673\"]}]},{\"@type\":\"ImageObject\",\"inLanguage\":\"fr-FR\",\"@id\":\"https:\/\/lions-pharmacy.com\/fr\/produit\/umckaloabo-liquid-100-ml-00930673#primaryimage\",\"url\":\"https:\/\/lions-pharmacy.com\/wp-content\/uploads\/2024\/09\/umckaloabo.webp\",\"contentUrl\":\"https:\/\/lions-pharmacy.com\/wp-content\/uploads\/2024\/09\/umckaloabo.webp\",\"width\":600,\"height\":600,\"caption\":\"umckaloabo liquide 100ml, PZN 00930673, Dr. Schwabe, Lions Pharmacy\"},{\"@type\":\"BreadcrumbList\",\"@id\":\"https:\/\/lions-pharmacy.com\/fr\/produit\/umckaloabo-liquid-100-ml-00930673#breadcrumb\",\"itemListElement\":[{\"@type\":\"ListItem\",\"position\":1,\"name\":\"Home\",\"item\":\"https:\/\/lions-pharmacy.com\/fr\/homepage-lion-pharmacy\"},{\"@type\":\"ListItem\",\"position\":2,\"name\":\"Shop\",\"item\":\"https:\/\/lions-pharmacy.com\/fr\/boutique\"},{\"@type\":\"ListItem\",\"position\":3,\"name\":\"Umckaloabo liquide 100 ml\"}]},{\"@type\":\"WebSite\",\"@id\":\"https:\/\/lions-pharmacy.com\/fr#website\",\"url\":\"https:\/\/lions-pharmacy.com\/fr\",\"name\":\"Lions Pharmacy\",\"description\":\"Pharmacie sp\u00e9cialis\u00e9e en naturopathie de Baden-Baden, Allemagne\",\"publisher\":{\"@id\":\"https:\/\/lions-pharmacy.com\/fr#organization\"},\"alternateName\":\"Lion Pharmacy\",\"potentialAction\":[{\"@type\":\"SearchAction\",\"target\":{\"@type\":\"EntryPoint\",\"urlTemplate\":\"https:\/\/lions-pharmacy.com\/fr?s={search_term_string}\"},\"query-input\":{\"@type\":\"PropertyValueSpecification\",\"valueRequired\":true,\"valueName\":\"search_term_string\"}}],\"inLanguage\":\"fr-FR\"},{\"@type\":\"Organization\",\"@id\":\"https:\/\/lions-pharmacy.com\/fr#organization\",\"name\":\"Lions Pharmacy\",\"alternateName\":\"Lions Pharmacy24\",\"url\":\"https:\/\/lions-pharmacy.com\/fr\",\"logo\":{\"@type\":\"ImageObject\",\"inLanguage\":\"fr-FR\",\"@id\":\"https:\/\/lions-pharmacy.com\/fr#\/schema\/logo\/image\/\",\"url\":\"https:\/\/lions-pharmacy.com\/wp-content\/uploads\/2022\/12\/Logo-Lion-Pharmacy-c-o-Loewen-Apotheke-smal.jpg\",\"contentUrl\":\"https:\/\/lions-pharmacy.com\/wp-content\/uploads\/2022\/12\/Logo-Lion-Pharmacy-c-o-Loewen-Apotheke-smal.jpg\",\"width\":298,\"height\":99,\"caption\":\"Lions Pharmacy\"},\"image\":{\"@id\":\"https:\/\/lions-pharmacy.com\/fr#\/schema\/logo\/image\/\"}}]}<\/script>\n<!-- \/ Yoast SEO plugin. -->","yoast_head_json":{"title":"Umckaloabo liquide 100 ml &#187; Lion Pharmacy","description":"Pharmacie Lions | Pharmacie en ligne allemande enregistr\u00e9e | Exp\u00e9dition internationale rapide | Achats en ligne pratiques et s\u00fbrs | Umckaloabo liquide 100 ml","robots":{"index":"index","follow":"follow","max-snippet":"max-snippet:-1","max-image-preview":"max-image-preview:large","max-video-preview":"max-video-preview:-1"},"canonical":"https:\/\/lions-pharmacy.com\/fr\/produit\/umckaloabo-liquid-100-ml-00930673","og_locale":"fr_FR","og_type":"article","og_title":"Umckaloabo liquide 100 ml &#187; Lion Pharmacy","og_description":"Pharmacie Lions | Pharmacie en ligne allemande enregistr\u00e9e | Exp\u00e9dition internationale rapide | Achats en ligne pratiques et s\u00fbrs | Umckaloabo liquide 100 ml","og_url":"https:\/\/lions-pharmacy.com\/fr\/produit\/umckaloabo-liquid-100-ml-00930673","og_site_name":"Lion Pharmacy","article_modified_time":"2026-02-25T08:46:01+00:00","og_image":[{"width":600,"height":600,"url":"https:\/\/lions-pharmacy.com\/wp-content\/uploads\/2024\/09\/umckaloabo.webp","type":"image\/webp"}],"twitter_card":"summary_large_image","twitter_misc":{"Dur\u00e9e de lecture estim\u00e9e":"2 minutes"},"schema":{"@context":"https:\/\/schema.org","@graph":[{"@type":"WebPage","@id":"https:\/\/lions-pharmacy.com\/fr\/produit\/umckaloabo-liquid-100-ml-00930673","url":"https:\/\/lions-pharmacy.com\/fr\/produit\/umckaloabo-liquid-100-ml-00930673","name":"Umckaloabo liquide 100 ml &#187; Lion Pharmacy","isPartOf":{"@id":"https:\/\/lions-pharmacy.com\/fr#website"},"primaryImageOfPage":{"@id":"https:\/\/lions-pharmacy.com\/fr\/produit\/umckaloabo-liquid-100-ml-00930673#primaryimage"},"image":{"@id":"https:\/\/lions-pharmacy.com\/fr\/produit\/umckaloabo-liquid-100-ml-00930673#primaryimage"},"thumbnailUrl":"https:\/\/lions-pharmacy.com\/wp-content\/uploads\/2024\/09\/umckaloabo.webp","datePublished":"2024-09-07T08:26:18+00:00","dateModified":"2026-02-25T08:46:01+00:00","description":"Pharmacie Lions | Pharmacie en ligne allemande enregistr\u00e9e | Exp\u00e9dition internationale rapide | Achats en ligne pratiques et s\u00fbrs | Umckaloabo liquide 100 ml","breadcrumb":{"@id":"https:\/\/lions-pharmacy.com\/fr\/produit\/umckaloabo-liquid-100-ml-00930673#breadcrumb"},"inLanguage":"fr-FR","potentialAction":[{"@type":"ReadAction","target":["https:\/\/lions-pharmacy.com\/fr\/produit\/umckaloabo-liquid-100-ml-00930673"]}]},{"@type":"ImageObject","inLanguage":"fr-FR","@id":"https:\/\/lions-pharmacy.com\/fr\/produit\/umckaloabo-liquid-100-ml-00930673#primaryimage","url":"https:\/\/lions-pharmacy.com\/wp-content\/uploads\/2024\/09\/umckaloabo.webp","contentUrl":"https:\/\/lions-pharmacy.com\/wp-content\/uploads\/2024\/09\/umckaloabo.webp","width":600,"height":600,"caption":"umckaloabo liquide 100ml, PZN 00930673, Dr. Schwabe, Lions Pharmacy"},{"@type":"BreadcrumbList","@id":"https:\/\/lions-pharmacy.com\/fr\/produit\/umckaloabo-liquid-100-ml-00930673#breadcrumb","itemListElement":[{"@type":"ListItem","position":1,"name":"Home","item":"https:\/\/lions-pharmacy.com\/fr\/homepage-lion-pharmacy"},{"@type":"ListItem","position":2,"name":"Shop","item":"https:\/\/lions-pharmacy.com\/fr\/boutique"},{"@type":"ListItem","position":3,"name":"Umckaloabo liquide 100 ml"}]},{"@type":"WebSite","@id":"https:\/\/lions-pharmacy.com\/fr#website","url":"https:\/\/lions-pharmacy.com\/fr","name":"Lions Pharmacy","description":"Pharmacie sp\u00e9cialis\u00e9e en naturopathie de Baden-Baden, Allemagne","publisher":{"@id":"https:\/\/lions-pharmacy.com\/fr#organization"},"alternateName":"Lion Pharmacy","potentialAction":[{"@type":"SearchAction","target":{"@type":"EntryPoint","urlTemplate":"https:\/\/lions-pharmacy.com\/fr?s={search_term_string}"},"query-input":{"@type":"PropertyValueSpecification","valueRequired":true,"valueName":"search_term_string"}}],"inLanguage":"fr-FR"},{"@type":"Organization","@id":"https:\/\/lions-pharmacy.com\/fr#organization","name":"Lions Pharmacy","alternateName":"Lions Pharmacy24","url":"https:\/\/lions-pharmacy.com\/fr","logo":{"@type":"ImageObject","inLanguage":"fr-FR","@id":"https:\/\/lions-pharmacy.com\/fr#\/schema\/logo\/image\/","url":"https:\/\/lions-pharmacy.com\/wp-content\/uploads\/2022\/12\/Logo-Lion-Pharmacy-c-o-Loewen-Apotheke-smal.jpg","contentUrl":"https:\/\/lions-pharmacy.com\/wp-content\/uploads\/2022\/12\/Logo-Lion-Pharmacy-c-o-Loewen-Apotheke-smal.jpg","width":298,"height":99,"caption":"Lions Pharmacy"},"image":{"@id":"https:\/\/lions-pharmacy.com\/fr#\/schema\/logo\/image\/"}}]}},"_links":{"self":[{"href":"https:\/\/lions-pharmacy.com\/fr\/wp-json\/wp\/v2\/product\/4387","targetHints":{"allow":["GET"]}}],"collection":[{"href":"https:\/\/lions-pharmacy.com\/fr\/wp-json\/wp\/v2\/product"}],"about":[{"href":"https:\/\/lions-pharmacy.com\/fr\/wp-json\/wp\/v2\/types\/product"}],"replies":[{"embeddable":true,"href":"https:\/\/lions-pharmacy.com\/fr\/wp-json\/wp\/v2\/comments?post=4387"}],"wp:featuredmedia":[{"embeddable":true,"href":"https:\/\/lions-pharmacy.com\/fr\/wp-json\/wp\/v2\/media\/4317"}],"wp:attachment":[{"href":"https:\/\/lions-pharmacy.com\/fr\/wp-json\/wp\/v2\/media?parent=4387"}],"wp:term":[{"taxonomy":"product_brand","embeddable":true,"href":"https:\/\/lions-pharmacy.com\/fr\/wp-json\/wp\/v2\/product_brand?post=4387"},{"taxonomy":"product_cat","embeddable":true,"href":"https:\/\/lions-pharmacy.com\/fr\/wp-json\/wp\/v2\/product_cat?post=4387"},{"taxonomy":"product_tag","embeddable":true,"href":"https:\/\/lions-pharmacy.com\/fr\/wp-json\/wp\/v2\/product_tag?post=4387"}],"curies":[{"name":"wp","href":"https:\/\/api.w.org\/{rel}","templated":true}]}}