{"id":3809,"date":"2024-05-15T13:14:06","date_gmt":"2024-05-15T12:14:06","guid":{"rendered":"https:\/\/lions-pharmacy.com\/?post_type=product&#038;p=3809"},"modified":"2026-02-17T09:11:37","modified_gmt":"2026-02-17T08:11:37","slug":"wobenzym-comprimes-360-pcs-13751854","status":"publish","type":"product","link":"https:\/\/lions-pharmacy.com\/fr\/produit\/wobenzym-comprimes-360-pcs-13751854","title":{"rendered":"WOBENZYM Comprim\u00e9s 360 pcs."},"content":{"rendered":"<h3>WOBENZYM Comprim\u00e9s ent\u00e9rosolubles<\/h3>\n<p>Wobenzym comprim\u00e9s 360 pcs pour l\u2019inconfort articulaire et musculaire d\u00fb \u00e0 une blessure ou \u00e0 l\u2019arthrose. La combinaison sp\u00e9ciale d\u2019enzymes contenues dans Wobenzym pour les plaintes dont la cause est due \u00e0 un processus inflammatoire. Contrairement aux agents antirhumatismaux et anti-inflammatoires conventionnels, Wobenzym acc\u00e9l\u00e8re le processus d\u2019auto-gu\u00e9rison du corps plut\u00f4t que de simplement supprimer l\u2019inflammation.<\/p>\n<p>Pour soutenir le syst\u00e8me immunitaire.<\/p>\n<p>Le pouvoir enzymatique sp\u00e9cial du m\u00e9dicament va \u00e0 l\u2019inflammation comme cause de la douleur et favorise la gu\u00e9rison de mani\u00e8re naturelle. Il vous aide \u00e0 \u00eatre actif et \u00e0 profiter de la vie de mani\u00e8re naturelle. Les compl\u00e9ments alimentaires ne remplacent pas une alimentation vari\u00e9e et \u00e9quilibr\u00e9e ou un mode de vie sain. Ne pas d\u00e9passer la dose journali\u00e8re recommand\u00e9e.<\/p>\n<p>Vous trouverez d\u2019autres d\u00e9tails sur le produit aupr\u00e8s du fabricant&nbsp;: <a href=\"https:\/\/www.wobenzym.de\/\" target=\"_blank\" rel=\"noopener\">Wobenzym &#8211; MUCOS Pharma GmbH &amp; Co KG<\/a><\/p>\n<p>Notice \/ mode d\u2019emploi\/fiche technique de l\u2019article: &#8211; (Lecteur PDF)<\/p>\n<p>Autres produits pour l&#8217;application : <a href=\"https:\/\/lions-pharmacy.com\/fr\/etiquette-produit\/rhume\">Infections<\/a> | <a href=\"https:\/\/lions-pharmacy.com\/fr\/etiquette-produit\/vitamines-et-supplements\" rel=\"tag\">Vitamines et suppl\u00e9ments<\/a> | <a href=\"https:\/\/lions-pharmacy.com\/fr\/etiquette-produit\/poids-et-forme\" rel=\"tag\">Poids et forme<\/a><\/p>\n<p>Les informations contenues dans ce site web sont fournies \u00e0 titre informatif uniquement. Ils ne remplacent en aucun cas l&#8217;examen et le traitement par un m\u00e9decin. Veuillez noter que cela signifie qu&#8217;aucun diagnostic ne peut \u00eatre \u00e9tabli et qu&#8217;aucune th\u00e9rapie ne peut \u00eatre mise en place.<\/p>\n<p>Pour conna\u00eetre les risques et les effets secondaires, lisez la notice et demandez conseil \u00e0 votre m\u00e9decin ou \u00e0 votre pharmacien.<\/p>\n","protected":false},"excerpt":{"rendered":"<h2>WOBENZYM Comprim\u00e9s 360 pcs.<\/h2>\n<p>Comprim\u00e9s ent\u00e9rosolubles WOBENZYM pour le traitement de soutien des adultes souffrant d\u2019enflure, d\u2019inflammation ou de douleur. Pour soutenir le syst\u00e8me immunitaire.<\/p>\n<p>&nbsp;<\/p>\n<p><strong>PZN<\/strong>: 13751854 (num\u00e9ro central de pharmacie)<\/p>\n<p><strong>Forme gal\u00e9naire<\/strong> : comprim\u00e9s<\/p>\n<p><strong>Type d\u2019ordonnance<\/strong> : sans ordonnance<\/p>\n<p><strong>Marque<\/strong>: Wobenzym<\/p>\n<p><strong>Fabricant<\/strong>: MUCOS Pharma GmbH &amp; Co KG<\/p>\n<p><strong>Taille de l&#8217;emballage<\/strong>: 360 pi\u00e8ces.<\/p>\n","protected":false},"featured_media":3814,"comment_status":"closed","ping_status":"closed","template":"","meta":[],"product_brand":[911],"product_cat":[120,114],"product_tag":[233,309],"class_list":{"0":"post-3809","1":"product","2":"type-product","3":"status-publish","4":"has-post-thumbnail","6":"product_brand-wobenzym","7":"product_cat-sale-fr","8":"product_cat-non-classifiee","9":"product_tag-infection-virale","10":"product_tag-vente-mensuelle","11":"ts_product_brand-all-fr","13":"first","14":"outofstock","15":"sale","16":"featured","17":"sold-individually","18":"taxable","19":"shipping-taxable","20":"purchasable","21":"product-type-simple"},"yoast_head":"<!-- This site is optimized with the Yoast SEO plugin v26.5 - https:\/\/yoast.com\/wordpress\/plugins\/seo\/ -->\n<title>WOBENZYM Comprim\u00e9s 360 pcs. &#187; Lion Pharmacy &#187; commander ici<\/title>\n<meta name=\"description\" content=\"WOBENZYM Comprim\u00e9s 360 pcs. M\u00e9dicament anti-inflammatoire. Douleurs articulaires, inflammation, processus de gu\u00e9rison ? Les enzymes activent l&#039;autogu\u00e9rison. Demandez nos exportations.\" \/>\n<meta name=\"robots\" content=\"index, follow, max-snippet:-1, max-image-preview:large, max-video-preview:-1\" \/>\n<link rel=\"canonical\" href=\"https:\/\/lions-pharmacy.com\/fr\/produit\/wobenzym-comprimes-360-pcs-13751854\" \/>\n<meta property=\"og:locale\" content=\"fr_FR\" \/>\n<meta property=\"og:type\" content=\"article\" \/>\n<meta property=\"og:title\" content=\"WOBENZYM Comprim\u00e9s 360 pcs. &#187; Lion Pharmacy &#187; commander ici\" \/>\n<meta property=\"og:description\" content=\"WOBENZYM Comprim\u00e9s 360 pcs. M\u00e9dicament anti-inflammatoire. Douleurs articulaires, inflammation, processus de gu\u00e9rison ? Les enzymes activent l&#039;autogu\u00e9rison. Demandez nos exportations.\" \/>\n<meta property=\"og:url\" content=\"https:\/\/lions-pharmacy.com\/fr\/produit\/wobenzym-comprimes-360-pcs-13751854\" \/>\n<meta property=\"og:site_name\" content=\"Lion Pharmacy\" \/>\n<meta property=\"article:modified_time\" content=\"2026-02-17T08:11:37+00:00\" \/>\n<meta property=\"og:image\" content=\"https:\/\/lions-pharmacy.com\/wp-content\/uploads\/2024\/05\/WOBENZYM-Tablets-360-pcs-13751854.webp\" \/>\n\t<meta property=\"og:image:width\" content=\"600\" \/>\n\t<meta property=\"og:image:height\" content=\"600\" \/>\n\t<meta property=\"og:image:type\" content=\"image\/webp\" \/>\n<meta name=\"twitter:card\" content=\"summary_large_image\" \/>\n<meta name=\"twitter:label1\" content=\"Dur\u00e9e de lecture estim\u00e9e\" \/>\n\t<meta name=\"twitter:data1\" content=\"1 minute\" \/>\n<script type=\"application\/ld+json\" class=\"yoast-schema-graph\">{\"@context\":\"https:\/\/schema.org\",\"@graph\":[{\"@type\":\"WebPage\",\"@id\":\"https:\/\/lions-pharmacy.com\/fr\/produit\/wobenzym-comprimes-360-pcs-13751854\",\"url\":\"https:\/\/lions-pharmacy.com\/fr\/produit\/wobenzym-comprimes-360-pcs-13751854\",\"name\":\"WOBENZYM Comprim\u00e9s 360 pcs. &#187; Lion Pharmacy &#187; commander ici\",\"isPartOf\":{\"@id\":\"https:\/\/lions-pharmacy.com\/fr#website\"},\"primaryImageOfPage\":{\"@id\":\"https:\/\/lions-pharmacy.com\/fr\/produit\/wobenzym-comprimes-360-pcs-13751854#primaryimage\"},\"image\":{\"@id\":\"https:\/\/lions-pharmacy.com\/fr\/produit\/wobenzym-comprimes-360-pcs-13751854#primaryimage\"},\"thumbnailUrl\":\"https:\/\/lions-pharmacy.com\/wp-content\/uploads\/2024\/05\/WOBENZYM-Tablets-360-pcs-13751854.webp\",\"datePublished\":\"2024-05-15T12:14:06+00:00\",\"dateModified\":\"2026-02-17T08:11:37+00:00\",\"description\":\"WOBENZYM Comprim\u00e9s 360 pcs. M\u00e9dicament anti-inflammatoire. Douleurs articulaires, inflammation, processus de gu\u00e9rison ? Les enzymes activent l'autogu\u00e9rison. Demandez nos exportations.\",\"breadcrumb\":{\"@id\":\"https:\/\/lions-pharmacy.com\/fr\/produit\/wobenzym-comprimes-360-pcs-13751854#breadcrumb\"},\"inLanguage\":\"fr-FR\",\"potentialAction\":[{\"@type\":\"ReadAction\",\"target\":[\"https:\/\/lions-pharmacy.com\/fr\/produit\/wobenzym-comprimes-360-pcs-13751854\"]}]},{\"@type\":\"ImageObject\",\"inLanguage\":\"fr-FR\",\"@id\":\"https:\/\/lions-pharmacy.com\/fr\/produit\/wobenzym-comprimes-360-pcs-13751854#primaryimage\",\"url\":\"https:\/\/lions-pharmacy.com\/wp-content\/uploads\/2024\/05\/WOBENZYM-Tablets-360-pcs-13751854.webp\",\"contentUrl\":\"https:\/\/lions-pharmacy.com\/wp-content\/uploads\/2024\/05\/WOBENZYM-Tablets-360-pcs-13751854.webp\",\"width\":600,\"height\":600,\"caption\":\"WOBENZYM Comprim\u00e9s 360 pcs 13751854\"},{\"@type\":\"BreadcrumbList\",\"@id\":\"https:\/\/lions-pharmacy.com\/fr\/produit\/wobenzym-comprimes-360-pcs-13751854#breadcrumb\",\"itemListElement\":[{\"@type\":\"ListItem\",\"position\":1,\"name\":\"Home\",\"item\":\"https:\/\/lions-pharmacy.com\/fr\/homepage-lion-pharmacy\"},{\"@type\":\"ListItem\",\"position\":2,\"name\":\"Shop\",\"item\":\"https:\/\/lions-pharmacy.com\/fr\/boutique\"},{\"@type\":\"ListItem\",\"position\":3,\"name\":\"WOBENZYM Comprim\u00e9s 360 pcs.\"}]},{\"@type\":\"WebSite\",\"@id\":\"https:\/\/lions-pharmacy.com\/fr#website\",\"url\":\"https:\/\/lions-pharmacy.com\/fr\",\"name\":\"Lions Pharmacy\",\"description\":\"Pharmacie sp\u00e9cialis\u00e9e en naturopathie de Baden-Baden, Allemagne\",\"publisher\":{\"@id\":\"https:\/\/lions-pharmacy.com\/fr#organization\"},\"alternateName\":\"Lion Pharmacy\",\"potentialAction\":[{\"@type\":\"SearchAction\",\"target\":{\"@type\":\"EntryPoint\",\"urlTemplate\":\"https:\/\/lions-pharmacy.com\/fr?s={search_term_string}\"},\"query-input\":{\"@type\":\"PropertyValueSpecification\",\"valueRequired\":true,\"valueName\":\"search_term_string\"}}],\"inLanguage\":\"fr-FR\"},{\"@type\":\"Organization\",\"@id\":\"https:\/\/lions-pharmacy.com\/fr#organization\",\"name\":\"Lions Pharmacy\",\"alternateName\":\"Lions Pharmacy24\",\"url\":\"https:\/\/lions-pharmacy.com\/fr\",\"logo\":{\"@type\":\"ImageObject\",\"inLanguage\":\"fr-FR\",\"@id\":\"https:\/\/lions-pharmacy.com\/fr#\/schema\/logo\/image\/\",\"url\":\"https:\/\/lions-pharmacy.com\/wp-content\/uploads\/2022\/12\/Logo-Lion-Pharmacy-c-o-Loewen-Apotheke-smal.jpg\",\"contentUrl\":\"https:\/\/lions-pharmacy.com\/wp-content\/uploads\/2022\/12\/Logo-Lion-Pharmacy-c-o-Loewen-Apotheke-smal.jpg\",\"width\":298,\"height\":99,\"caption\":\"Lions Pharmacy\"},\"image\":{\"@id\":\"https:\/\/lions-pharmacy.com\/fr#\/schema\/logo\/image\/\"}}]}<\/script>\n<!-- \/ Yoast SEO plugin. -->","yoast_head_json":{"title":"WOBENZYM Comprim\u00e9s 360 pcs. &#187; Lion Pharmacy &#187; commander ici","description":"WOBENZYM Comprim\u00e9s 360 pcs. M\u00e9dicament anti-inflammatoire. Douleurs articulaires, inflammation, processus de gu\u00e9rison ? Les enzymes activent l'autogu\u00e9rison. Demandez nos exportations.","robots":{"index":"index","follow":"follow","max-snippet":"max-snippet:-1","max-image-preview":"max-image-preview:large","max-video-preview":"max-video-preview:-1"},"canonical":"https:\/\/lions-pharmacy.com\/fr\/produit\/wobenzym-comprimes-360-pcs-13751854","og_locale":"fr_FR","og_type":"article","og_title":"WOBENZYM Comprim\u00e9s 360 pcs. &#187; Lion Pharmacy &#187; commander ici","og_description":"WOBENZYM Comprim\u00e9s 360 pcs. M\u00e9dicament anti-inflammatoire. Douleurs articulaires, inflammation, processus de gu\u00e9rison ? Les enzymes activent l'autogu\u00e9rison. Demandez nos exportations.","og_url":"https:\/\/lions-pharmacy.com\/fr\/produit\/wobenzym-comprimes-360-pcs-13751854","og_site_name":"Lion Pharmacy","article_modified_time":"2026-02-17T08:11:37+00:00","og_image":[{"width":600,"height":600,"url":"https:\/\/lions-pharmacy.com\/wp-content\/uploads\/2024\/05\/WOBENZYM-Tablets-360-pcs-13751854.webp","type":"image\/webp"}],"twitter_card":"summary_large_image","twitter_misc":{"Dur\u00e9e de lecture estim\u00e9e":"1 minute"},"schema":{"@context":"https:\/\/schema.org","@graph":[{"@type":"WebPage","@id":"https:\/\/lions-pharmacy.com\/fr\/produit\/wobenzym-comprimes-360-pcs-13751854","url":"https:\/\/lions-pharmacy.com\/fr\/produit\/wobenzym-comprimes-360-pcs-13751854","name":"WOBENZYM Comprim\u00e9s 360 pcs. &#187; Lion Pharmacy &#187; commander ici","isPartOf":{"@id":"https:\/\/lions-pharmacy.com\/fr#website"},"primaryImageOfPage":{"@id":"https:\/\/lions-pharmacy.com\/fr\/produit\/wobenzym-comprimes-360-pcs-13751854#primaryimage"},"image":{"@id":"https:\/\/lions-pharmacy.com\/fr\/produit\/wobenzym-comprimes-360-pcs-13751854#primaryimage"},"thumbnailUrl":"https:\/\/lions-pharmacy.com\/wp-content\/uploads\/2024\/05\/WOBENZYM-Tablets-360-pcs-13751854.webp","datePublished":"2024-05-15T12:14:06+00:00","dateModified":"2026-02-17T08:11:37+00:00","description":"WOBENZYM Comprim\u00e9s 360 pcs. M\u00e9dicament anti-inflammatoire. Douleurs articulaires, inflammation, processus de gu\u00e9rison ? Les enzymes activent l'autogu\u00e9rison. Demandez nos exportations.","breadcrumb":{"@id":"https:\/\/lions-pharmacy.com\/fr\/produit\/wobenzym-comprimes-360-pcs-13751854#breadcrumb"},"inLanguage":"fr-FR","potentialAction":[{"@type":"ReadAction","target":["https:\/\/lions-pharmacy.com\/fr\/produit\/wobenzym-comprimes-360-pcs-13751854"]}]},{"@type":"ImageObject","inLanguage":"fr-FR","@id":"https:\/\/lions-pharmacy.com\/fr\/produit\/wobenzym-comprimes-360-pcs-13751854#primaryimage","url":"https:\/\/lions-pharmacy.com\/wp-content\/uploads\/2024\/05\/WOBENZYM-Tablets-360-pcs-13751854.webp","contentUrl":"https:\/\/lions-pharmacy.com\/wp-content\/uploads\/2024\/05\/WOBENZYM-Tablets-360-pcs-13751854.webp","width":600,"height":600,"caption":"WOBENZYM Comprim\u00e9s 360 pcs 13751854"},{"@type":"BreadcrumbList","@id":"https:\/\/lions-pharmacy.com\/fr\/produit\/wobenzym-comprimes-360-pcs-13751854#breadcrumb","itemListElement":[{"@type":"ListItem","position":1,"name":"Home","item":"https:\/\/lions-pharmacy.com\/fr\/homepage-lion-pharmacy"},{"@type":"ListItem","position":2,"name":"Shop","item":"https:\/\/lions-pharmacy.com\/fr\/boutique"},{"@type":"ListItem","position":3,"name":"WOBENZYM Comprim\u00e9s 360 pcs."}]},{"@type":"WebSite","@id":"https:\/\/lions-pharmacy.com\/fr#website","url":"https:\/\/lions-pharmacy.com\/fr","name":"Lions Pharmacy","description":"Pharmacie sp\u00e9cialis\u00e9e en naturopathie de Baden-Baden, Allemagne","publisher":{"@id":"https:\/\/lions-pharmacy.com\/fr#organization"},"alternateName":"Lion Pharmacy","potentialAction":[{"@type":"SearchAction","target":{"@type":"EntryPoint","urlTemplate":"https:\/\/lions-pharmacy.com\/fr?s={search_term_string}"},"query-input":{"@type":"PropertyValueSpecification","valueRequired":true,"valueName":"search_term_string"}}],"inLanguage":"fr-FR"},{"@type":"Organization","@id":"https:\/\/lions-pharmacy.com\/fr#organization","name":"Lions Pharmacy","alternateName":"Lions Pharmacy24","url":"https:\/\/lions-pharmacy.com\/fr","logo":{"@type":"ImageObject","inLanguage":"fr-FR","@id":"https:\/\/lions-pharmacy.com\/fr#\/schema\/logo\/image\/","url":"https:\/\/lions-pharmacy.com\/wp-content\/uploads\/2022\/12\/Logo-Lion-Pharmacy-c-o-Loewen-Apotheke-smal.jpg","contentUrl":"https:\/\/lions-pharmacy.com\/wp-content\/uploads\/2022\/12\/Logo-Lion-Pharmacy-c-o-Loewen-Apotheke-smal.jpg","width":298,"height":99,"caption":"Lions Pharmacy"},"image":{"@id":"https:\/\/lions-pharmacy.com\/fr#\/schema\/logo\/image\/"}}]}},"_links":{"self":[{"href":"https:\/\/lions-pharmacy.com\/fr\/wp-json\/wp\/v2\/product\/3809","targetHints":{"allow":["GET"]}}],"collection":[{"href":"https:\/\/lions-pharmacy.com\/fr\/wp-json\/wp\/v2\/product"}],"about":[{"href":"https:\/\/lions-pharmacy.com\/fr\/wp-json\/wp\/v2\/types\/product"}],"replies":[{"embeddable":true,"href":"https:\/\/lions-pharmacy.com\/fr\/wp-json\/wp\/v2\/comments?post=3809"}],"wp:featuredmedia":[{"embeddable":true,"href":"https:\/\/lions-pharmacy.com\/fr\/wp-json\/wp\/v2\/media\/3814"}],"wp:attachment":[{"href":"https:\/\/lions-pharmacy.com\/fr\/wp-json\/wp\/v2\/media?parent=3809"}],"wp:term":[{"taxonomy":"product_brand","embeddable":true,"href":"https:\/\/lions-pharmacy.com\/fr\/wp-json\/wp\/v2\/product_brand?post=3809"},{"taxonomy":"product_cat","embeddable":true,"href":"https:\/\/lions-pharmacy.com\/fr\/wp-json\/wp\/v2\/product_cat?post=3809"},{"taxonomy":"product_tag","embeddable":true,"href":"https:\/\/lions-pharmacy.com\/fr\/wp-json\/wp\/v2\/product_tag?post=3809"}],"curies":[{"name":"wp","href":"https:\/\/api.w.org\/{rel}","templated":true}]}}