{"id":3258,"date":"2024-02-04T08:12:59","date_gmt":"2024-02-04T07:12:59","guid":{"rendered":"https:\/\/lions-pharmacy.com\/?post_type=product&#038;p=3258"},"modified":"2025-03-05T14:58:08","modified_gmt":"2025-03-05T13:58:08","slug":"hashimoto-vitalis-capsules-60-pcs-18681124","status":"publish","type":"product","link":"https:\/\/lions-pharmacy.com\/fr\/produit\/hashimoto-vitalis-capsules-60-pcs-18681124","title":{"rendered":"Capsules Hashimoto Vitalis \u2013 60 pcs."},"content":{"rendered":"<h3>Capsules Hashimoto Vitalis \u2013 60 pcs.<\/h3>\n<p>Pour soutenir la fonction thyro\u00efdienne normale, avec des vitamines, de la L-tyrosine, des micro-organismes, des min\u00e9raux, de la coenzyme Q10 et des extraits de plantes \u2013 g\u00e9lules Hashimoto Vitalis.<\/p>\n<p>Le produit Hashimoto Vitalis contient&nbsp;: Magn\u00e9sium, s\u00e9l\u00e9nium, Q10, resvertol, ashwagandha, vitamine D, vitamine B6, vitamine B129, acide folique, vitamine C, mangan\u00e8se, cuivre, zinc, chrome. divers lactobacilles.<\/p>\n<p>Fabricant et distribution : Belvita GmbH, Allemagne<\/p>\n<p>Qu\u2019est-ce que la thro\u00efdite de Hashimoto ? Dans ce que l\u2019on appelle la thyro\u00efdite de Hashimoto, la glande thyro\u00efde est chroniquement enflamm\u00e9e. La cause est une r\u00e9action auto-immune. Il en r\u00e9sulte souvent que la glande ne produit plus suffisamment d\u2019hormones. Au d\u00e9but de la maladie, l\u2019hyperthyro\u00efdie est temporairement possible en raison de l\u2019inflammation. Lire la suite (Site web externe)<\/p>\n<p>Notice \/ mode d\u2019emploi\/fiche technique de l\u2019article: &#8211; (Lecteur PDF)<\/p>\n<p>Autres produits pour l\u2019application: <a href=\"https:\/\/lions-pharmacy.com\/product-tag\/vitamins-supplements\">Vitamines &amp; suppl\u00e9ments Produits<\/a><br \/>\nEn savoir plus sur manufactorer et ce produit&nbsp;: <a href=\"https:\/\/hashimoto-vitalis.de\/\" target=\"_blank\" rel=\"noopener\">Hashimoto Vitalis<\/a> (lien vers site Web externe)<\/p>\n<p>Les informations contenues dans ce site web sont fournies \u00e0 titre informatif uniquement. Ils ne remplacent en aucun cas l&#8217;examen et le traitement par un m\u00e9decin. Veuillez noter que cela signifie qu&#8217;aucun diagnostic ne peut \u00eatre \u00e9tabli et qu&#8217;aucune th\u00e9rapie ne peut \u00eatre mise en place.<\/p>\n<p>Pour conna\u00eetre les risques et les effets secondaires, lisez la notice et demandez conseil \u00e0 votre m\u00e9decin ou \u00e0 votre pharmacien.<\/p>\n<h3>Ordonnance | e-prescription disponible ?<\/h3>\n<p>Soumettez votre e-prescription d\u00e8s maintenant. Utilisez notre application <a href=\"https:\/\/e-rezept-app.de\/shop-rezept\" target=\"_blank\" rel=\"noopener\">d\u2019ordonnance \u00e9lectronique<\/a> . Et nous vous donnons les frais de port gratuits en Allemagne !<\/p>\n","protected":false},"excerpt":{"rendered":"<h2>Capsules Hashimoto Vitalis \u2013 60 pcs.<\/h2>\n<p>Pour soutenir une fonction thyro\u00efdienne normale, avec des vitamines, des min\u00e9raux, de la coenzyme Q10 et des extraits de plantes.<\/p>\n<p>&nbsp;<\/p>\n<p>PZN : 18681124 (num\u00e9ro central de la pharmacie)<\/p>\n<p>Forme posologique: capsules<\/p>\n<p>Type de prescription : sans ordonnance<\/p>\n<p>Marque:<\/p>\n<p>Fabricant : Belvita GmbH, Baden-Baden, Allemagne<\/p>\n<p>Taille d\u2019emballage: 60 pc.<\/p>\n","protected":false},"featured_media":3263,"comment_status":"closed","ping_status":"closed","template":"","meta":[],"product_brand":[],"product_cat":[120,114],"product_tag":[309,264],"class_list":{"0":"post-3258","1":"product","2":"type-product","3":"status-publish","4":"has-post-thumbnail","6":"product_cat-sale-fr","7":"product_cat-non-classifiee","8":"product_tag-vente-mensuelle","9":"product_tag-vitamines-et-supplements","10":"ts_product_brand-all-fr","12":"first","13":"outofstock","14":"sale","15":"featured","16":"taxable","17":"shipping-taxable","18":"purchasable","19":"product-type-simple"},"yoast_head":"<!-- This site is optimized with the Yoast SEO plugin v26.5 - https:\/\/yoast.com\/wordpress\/plugins\/seo\/ -->\n<title>Capsules Hashimoto Vitalis \u2013 60 pcs. &#187; Lion Pharmacy &#187; commander ici<\/title>\n<meta name=\"description\" content=\"Pharmacie Lions | pharmacie en ligne allemande enregistr\u00e9e | Exp\u00e9dition internationale rapide et achats en ligne en toute s\u00e9curit\u00e9. Capsules Hashimoto Vitalis \u2013 60 pcs.\" \/>\n<meta name=\"robots\" content=\"index, follow, max-snippet:-1, max-image-preview:large, max-video-preview:-1\" \/>\n<link rel=\"canonical\" href=\"https:\/\/lions-pharmacy.com\/fr\/produit\/hashimoto-vitalis-capsules-60-pcs-18681124\" \/>\n<meta property=\"og:locale\" content=\"fr_FR\" \/>\n<meta property=\"og:type\" content=\"article\" \/>\n<meta property=\"og:title\" content=\"Capsules Hashimoto Vitalis \u2013 60 pcs. &#187; Lion Pharmacy &#187; commander ici\" \/>\n<meta property=\"og:description\" content=\"Pharmacie Lions | pharmacie en ligne allemande enregistr\u00e9e | Exp\u00e9dition internationale rapide et achats en ligne en toute s\u00e9curit\u00e9. Capsules Hashimoto Vitalis \u2013 60 pcs.\" \/>\n<meta property=\"og:url\" content=\"https:\/\/lions-pharmacy.com\/fr\/produit\/hashimoto-vitalis-capsules-60-pcs-18681124\" \/>\n<meta property=\"og:site_name\" content=\"Lion Pharmacy\" \/>\n<meta property=\"article:modified_time\" content=\"2025-03-05T13:58:08+00:00\" \/>\n<meta property=\"og:image\" content=\"https:\/\/lions-pharmacy.com\/wp-content\/uploads\/2024\/02\/hashimoto-vitalis-schilddruese-pzn-18681124.jpg\" \/>\n\t<meta property=\"og:image:width\" content=\"600\" \/>\n\t<meta property=\"og:image:height\" content=\"600\" \/>\n\t<meta property=\"og:image:type\" content=\"image\/jpeg\" \/>\n<meta name=\"twitter:card\" content=\"summary_large_image\" \/>\n<meta name=\"twitter:label1\" content=\"Dur\u00e9e de lecture estim\u00e9e\" \/>\n\t<meta name=\"twitter:data1\" content=\"1 minute\" \/>\n<script type=\"application\/ld+json\" class=\"yoast-schema-graph\">{\"@context\":\"https:\/\/schema.org\",\"@graph\":[{\"@type\":\"WebPage\",\"@id\":\"https:\/\/lions-pharmacy.com\/fr\/produit\/hashimoto-vitalis-capsules-60-pcs-18681124\",\"url\":\"https:\/\/lions-pharmacy.com\/fr\/produit\/hashimoto-vitalis-capsules-60-pcs-18681124\",\"name\":\"Capsules Hashimoto Vitalis \u2013 60 pcs. &#187; Lion Pharmacy &#187; commander ici\",\"isPartOf\":{\"@id\":\"https:\/\/lions-pharmacy.com\/fr#website\"},\"primaryImageOfPage\":{\"@id\":\"https:\/\/lions-pharmacy.com\/fr\/produit\/hashimoto-vitalis-capsules-60-pcs-18681124#primaryimage\"},\"image\":{\"@id\":\"https:\/\/lions-pharmacy.com\/fr\/produit\/hashimoto-vitalis-capsules-60-pcs-18681124#primaryimage\"},\"thumbnailUrl\":\"https:\/\/lions-pharmacy.com\/wp-content\/uploads\/2024\/02\/hashimoto-vitalis-schilddruese-pzn-18681124.jpg\",\"datePublished\":\"2024-02-04T07:12:59+00:00\",\"dateModified\":\"2025-03-05T13:58:08+00:00\",\"description\":\"Pharmacie Lions | pharmacie en ligne allemande enregistr\u00e9e | Exp\u00e9dition internationale rapide et achats en ligne en toute s\u00e9curit\u00e9. Capsules Hashimoto Vitalis \u2013 60 pcs.\",\"breadcrumb\":{\"@id\":\"https:\/\/lions-pharmacy.com\/fr\/produit\/hashimoto-vitalis-capsules-60-pcs-18681124#breadcrumb\"},\"inLanguage\":\"fr-FR\",\"potentialAction\":[{\"@type\":\"ReadAction\",\"target\":[\"https:\/\/lions-pharmacy.com\/fr\/produit\/hashimoto-vitalis-capsules-60-pcs-18681124\"]}]},{\"@type\":\"ImageObject\",\"inLanguage\":\"fr-FR\",\"@id\":\"https:\/\/lions-pharmacy.com\/fr\/produit\/hashimoto-vitalis-capsules-60-pcs-18681124#primaryimage\",\"url\":\"https:\/\/lions-pharmacy.com\/wp-content\/uploads\/2024\/02\/hashimoto-vitalis-schilddruese-pzn-18681124.jpg\",\"contentUrl\":\"https:\/\/lions-pharmacy.com\/wp-content\/uploads\/2024\/02\/hashimoto-vitalis-schilddruese-pzn-18681124.jpg\",\"width\":600,\"height\":600,\"caption\":\"hashimoto-vitalis-schilddruese-pzn-18681124\"},{\"@type\":\"BreadcrumbList\",\"@id\":\"https:\/\/lions-pharmacy.com\/fr\/produit\/hashimoto-vitalis-capsules-60-pcs-18681124#breadcrumb\",\"itemListElement\":[{\"@type\":\"ListItem\",\"position\":1,\"name\":\"Home\",\"item\":\"https:\/\/lions-pharmacy.com\/fr\/homepage-lion-pharmacy\"},{\"@type\":\"ListItem\",\"position\":2,\"name\":\"Shop\",\"item\":\"https:\/\/lions-pharmacy.com\/fr\/boutique\"},{\"@type\":\"ListItem\",\"position\":3,\"name\":\"Capsules Hashimoto Vitalis \u2013 60 pcs.\"}]},{\"@type\":\"WebSite\",\"@id\":\"https:\/\/lions-pharmacy.com\/fr#website\",\"url\":\"https:\/\/lions-pharmacy.com\/fr\",\"name\":\"Lions Pharmacy\",\"description\":\"Pharmacie sp\u00e9cialis\u00e9e en naturopathie de Baden-Baden, Allemagne\",\"publisher\":{\"@id\":\"https:\/\/lions-pharmacy.com\/fr#organization\"},\"alternateName\":\"Lion Pharmacy\",\"potentialAction\":[{\"@type\":\"SearchAction\",\"target\":{\"@type\":\"EntryPoint\",\"urlTemplate\":\"https:\/\/lions-pharmacy.com\/fr?s={search_term_string}\"},\"query-input\":{\"@type\":\"PropertyValueSpecification\",\"valueRequired\":true,\"valueName\":\"search_term_string\"}}],\"inLanguage\":\"fr-FR\"},{\"@type\":\"Organization\",\"@id\":\"https:\/\/lions-pharmacy.com\/fr#organization\",\"name\":\"Lions Pharmacy\",\"alternateName\":\"Lions Pharmacy24\",\"url\":\"https:\/\/lions-pharmacy.com\/fr\",\"logo\":{\"@type\":\"ImageObject\",\"inLanguage\":\"fr-FR\",\"@id\":\"https:\/\/lions-pharmacy.com\/fr#\/schema\/logo\/image\/\",\"url\":\"https:\/\/lions-pharmacy.com\/wp-content\/uploads\/2022\/12\/Logo-Lion-Pharmacy-c-o-Loewen-Apotheke-smal.jpg\",\"contentUrl\":\"https:\/\/lions-pharmacy.com\/wp-content\/uploads\/2022\/12\/Logo-Lion-Pharmacy-c-o-Loewen-Apotheke-smal.jpg\",\"width\":298,\"height\":99,\"caption\":\"Lions Pharmacy\"},\"image\":{\"@id\":\"https:\/\/lions-pharmacy.com\/fr#\/schema\/logo\/image\/\"}}]}<\/script>\n<!-- \/ Yoast SEO plugin. -->","yoast_head_json":{"title":"Capsules Hashimoto Vitalis \u2013 60 pcs. &#187; Lion Pharmacy &#187; commander ici","description":"Pharmacie Lions | pharmacie en ligne allemande enregistr\u00e9e | Exp\u00e9dition internationale rapide et achats en ligne en toute s\u00e9curit\u00e9. Capsules Hashimoto Vitalis \u2013 60 pcs.","robots":{"index":"index","follow":"follow","max-snippet":"max-snippet:-1","max-image-preview":"max-image-preview:large","max-video-preview":"max-video-preview:-1"},"canonical":"https:\/\/lions-pharmacy.com\/fr\/produit\/hashimoto-vitalis-capsules-60-pcs-18681124","og_locale":"fr_FR","og_type":"article","og_title":"Capsules Hashimoto Vitalis \u2013 60 pcs. &#187; Lion Pharmacy &#187; commander ici","og_description":"Pharmacie Lions | pharmacie en ligne allemande enregistr\u00e9e | Exp\u00e9dition internationale rapide et achats en ligne en toute s\u00e9curit\u00e9. Capsules Hashimoto Vitalis \u2013 60 pcs.","og_url":"https:\/\/lions-pharmacy.com\/fr\/produit\/hashimoto-vitalis-capsules-60-pcs-18681124","og_site_name":"Lion Pharmacy","article_modified_time":"2025-03-05T13:58:08+00:00","og_image":[{"width":600,"height":600,"url":"https:\/\/lions-pharmacy.com\/wp-content\/uploads\/2024\/02\/hashimoto-vitalis-schilddruese-pzn-18681124.jpg","type":"image\/jpeg"}],"twitter_card":"summary_large_image","twitter_misc":{"Dur\u00e9e de lecture estim\u00e9e":"1 minute"},"schema":{"@context":"https:\/\/schema.org","@graph":[{"@type":"WebPage","@id":"https:\/\/lions-pharmacy.com\/fr\/produit\/hashimoto-vitalis-capsules-60-pcs-18681124","url":"https:\/\/lions-pharmacy.com\/fr\/produit\/hashimoto-vitalis-capsules-60-pcs-18681124","name":"Capsules Hashimoto Vitalis \u2013 60 pcs. &#187; Lion Pharmacy &#187; commander ici","isPartOf":{"@id":"https:\/\/lions-pharmacy.com\/fr#website"},"primaryImageOfPage":{"@id":"https:\/\/lions-pharmacy.com\/fr\/produit\/hashimoto-vitalis-capsules-60-pcs-18681124#primaryimage"},"image":{"@id":"https:\/\/lions-pharmacy.com\/fr\/produit\/hashimoto-vitalis-capsules-60-pcs-18681124#primaryimage"},"thumbnailUrl":"https:\/\/lions-pharmacy.com\/wp-content\/uploads\/2024\/02\/hashimoto-vitalis-schilddruese-pzn-18681124.jpg","datePublished":"2024-02-04T07:12:59+00:00","dateModified":"2025-03-05T13:58:08+00:00","description":"Pharmacie Lions | pharmacie en ligne allemande enregistr\u00e9e | Exp\u00e9dition internationale rapide et achats en ligne en toute s\u00e9curit\u00e9. Capsules Hashimoto Vitalis \u2013 60 pcs.","breadcrumb":{"@id":"https:\/\/lions-pharmacy.com\/fr\/produit\/hashimoto-vitalis-capsules-60-pcs-18681124#breadcrumb"},"inLanguage":"fr-FR","potentialAction":[{"@type":"ReadAction","target":["https:\/\/lions-pharmacy.com\/fr\/produit\/hashimoto-vitalis-capsules-60-pcs-18681124"]}]},{"@type":"ImageObject","inLanguage":"fr-FR","@id":"https:\/\/lions-pharmacy.com\/fr\/produit\/hashimoto-vitalis-capsules-60-pcs-18681124#primaryimage","url":"https:\/\/lions-pharmacy.com\/wp-content\/uploads\/2024\/02\/hashimoto-vitalis-schilddruese-pzn-18681124.jpg","contentUrl":"https:\/\/lions-pharmacy.com\/wp-content\/uploads\/2024\/02\/hashimoto-vitalis-schilddruese-pzn-18681124.jpg","width":600,"height":600,"caption":"hashimoto-vitalis-schilddruese-pzn-18681124"},{"@type":"BreadcrumbList","@id":"https:\/\/lions-pharmacy.com\/fr\/produit\/hashimoto-vitalis-capsules-60-pcs-18681124#breadcrumb","itemListElement":[{"@type":"ListItem","position":1,"name":"Home","item":"https:\/\/lions-pharmacy.com\/fr\/homepage-lion-pharmacy"},{"@type":"ListItem","position":2,"name":"Shop","item":"https:\/\/lions-pharmacy.com\/fr\/boutique"},{"@type":"ListItem","position":3,"name":"Capsules Hashimoto Vitalis \u2013 60 pcs."}]},{"@type":"WebSite","@id":"https:\/\/lions-pharmacy.com\/fr#website","url":"https:\/\/lions-pharmacy.com\/fr","name":"Lions Pharmacy","description":"Pharmacie sp\u00e9cialis\u00e9e en naturopathie de Baden-Baden, Allemagne","publisher":{"@id":"https:\/\/lions-pharmacy.com\/fr#organization"},"alternateName":"Lion Pharmacy","potentialAction":[{"@type":"SearchAction","target":{"@type":"EntryPoint","urlTemplate":"https:\/\/lions-pharmacy.com\/fr?s={search_term_string}"},"query-input":{"@type":"PropertyValueSpecification","valueRequired":true,"valueName":"search_term_string"}}],"inLanguage":"fr-FR"},{"@type":"Organization","@id":"https:\/\/lions-pharmacy.com\/fr#organization","name":"Lions Pharmacy","alternateName":"Lions Pharmacy24","url":"https:\/\/lions-pharmacy.com\/fr","logo":{"@type":"ImageObject","inLanguage":"fr-FR","@id":"https:\/\/lions-pharmacy.com\/fr#\/schema\/logo\/image\/","url":"https:\/\/lions-pharmacy.com\/wp-content\/uploads\/2022\/12\/Logo-Lion-Pharmacy-c-o-Loewen-Apotheke-smal.jpg","contentUrl":"https:\/\/lions-pharmacy.com\/wp-content\/uploads\/2022\/12\/Logo-Lion-Pharmacy-c-o-Loewen-Apotheke-smal.jpg","width":298,"height":99,"caption":"Lions Pharmacy"},"image":{"@id":"https:\/\/lions-pharmacy.com\/fr#\/schema\/logo\/image\/"}}]}},"_links":{"self":[{"href":"https:\/\/lions-pharmacy.com\/fr\/wp-json\/wp\/v2\/product\/3258","targetHints":{"allow":["GET"]}}],"collection":[{"href":"https:\/\/lions-pharmacy.com\/fr\/wp-json\/wp\/v2\/product"}],"about":[{"href":"https:\/\/lions-pharmacy.com\/fr\/wp-json\/wp\/v2\/types\/product"}],"replies":[{"embeddable":true,"href":"https:\/\/lions-pharmacy.com\/fr\/wp-json\/wp\/v2\/comments?post=3258"}],"wp:featuredmedia":[{"embeddable":true,"href":"https:\/\/lions-pharmacy.com\/fr\/wp-json\/wp\/v2\/media\/3263"}],"wp:attachment":[{"href":"https:\/\/lions-pharmacy.com\/fr\/wp-json\/wp\/v2\/media?parent=3258"}],"wp:term":[{"taxonomy":"product_brand","embeddable":true,"href":"https:\/\/lions-pharmacy.com\/fr\/wp-json\/wp\/v2\/product_brand?post=3258"},{"taxonomy":"product_cat","embeddable":true,"href":"https:\/\/lions-pharmacy.com\/fr\/wp-json\/wp\/v2\/product_cat?post=3258"},{"taxonomy":"product_tag","embeddable":true,"href":"https:\/\/lions-pharmacy.com\/fr\/wp-json\/wp\/v2\/product_tag?post=3258"}],"curies":[{"name":"wp","href":"https:\/\/api.w.org\/{rel}","templated":true}]}}