{"id":3174,"date":"2024-01-23T10:13:11","date_gmt":"2024-01-23T09:13:11","guid":{"rendered":"https:\/\/lions-pharmacy.com\/?post_type=product&#038;p=3174"},"modified":"2025-01-25T12:44:00","modified_gmt":"2025-01-25T11:44:00","slug":"nervus-opticus-gl-d5-ampoules-10-pcs-3355206","status":"publish","type":"product","link":"https:\/\/lions-pharmacy.com\/fr\/produit\/nervus-opticus-gl-d5-ampoules-10-pcs-3355206","title":{"rendered":"Nervus Opticus GL D5 ampoules 10 pcs."},"content":{"rendered":"<h3>Ampoules Nervus Opticus GL D5<\/h3>\n<p>La dilution liquide injectable Nervus Opticus GL est l\u2019un des nombreux m\u00e9dicaments WALA. 1 ml de Nervus opticus bovis Glycerolauszug (hom.\/anthr.) D6<\/p>\n<p>Substances actives anthroposophiques issues de plantes m\u00e9dicinales, dans toutes les phases de la vie et pour de nombreuses affections.<\/p>\n<p>M\u00e9dicaments anthroposophiques que vous pouvez obtenir dans les pharmacies sans ordonnance. Le choix d\u2019un m\u00e9dicament doit \u00eatre bas\u00e9 sur un diagnostic m\u00e9dicalement confirm\u00e9. Veuillez demander conseil \u00e0 votre m\u00e9decin ou \u00e0 votre pharmacien. Nous vous recommandons \u00e9galement de ne pas arr\u00eater de prendre les m\u00e9dicaments prescrits par un m\u00e9decin sans consulter votre m\u00e9decin.<\/p>\n<p>Notice \/ mode d\u2019emploi\/fiche technique de l\u2019article: &#8211; (Lecteur PDF)<\/p>\n<p>Autres produits pour l\u2019application&nbsp;: <a href=\"https:\/\/lions-pharmacy.com\/fr\/product-tag\/asthma-allergies\">Allergies<\/a> | <a href=\"https:\/\/lions-pharmacy.com\/product-tag\/homeopathy\">Hom\u00e9opathie<\/a><\/p>\n<p>En savoir plus sur le fabricant et ce produit: <a href=\"https:\/\/www.walaarzneimittel.de\/de\/\" target=\"_blank\" rel=\"noopener\">WALA Arzneimittel <\/a> (lien vers site externe)<\/p>\n<p>Les informations contenues dans ce site web sont fournies \u00e0 titre informatif uniquement. Ils ne remplacent en aucun cas l&#8217;examen et le traitement par un m\u00e9decin. Veuillez noter que cela signifie qu&#8217;aucun diagnostic ne peut \u00eatre \u00e9tabli et qu&#8217;aucune th\u00e9rapie ne peut \u00eatre mise en place.<\/p>\n<p>Pour conna\u00eetre les risques et les effets secondaires, lisez la notice et demandez conseil \u00e0 votre m\u00e9decin ou \u00e0 votre pharmacien.<\/p>\n","protected":false},"excerpt":{"rendered":"<h2>Ampoules Nervus Opticus GL D5<\/h2>\n<p>La dilution liquide pour injection est l\u2019un des nombreux m\u00e9dicaments WALA. 10 flacons de 1 ml<\/p>\n<p>&nbsp;<\/p>\n<p>PZN&nbsp;: 03355206 (Pharmazentralnummer)<\/p>\n<p>Forme posologique : gouttes<\/p>\n<p>Type de prescription : sans ordonnance<\/p>\n<p>Marque:-<\/p>\n<p>Fabricant: WALA Arzneimittel GmbH, Allemagne<\/p>\n","protected":false},"featured_media":3169,"comment_status":"closed","ping_status":"closed","template":"","meta":[],"product_brand":[],"product_cat":[120,114,126],"product_tag":[306],"class_list":{"0":"post-3174","1":"product","2":"type-product","3":"status-publish","4":"has-post-thumbnail","6":"product_cat-sale-fr","7":"product_cat-non-classifiee","8":"product_cat-wala-arzneimittel-fr","9":"product_tag-homeopathie","10":"ts_product_brand-all-fr","11":"ts_product_brand-wala","13":"first","14":"outofstock","15":"sale","16":"taxable","17":"shipping-taxable","18":"purchasable","19":"product-type-simple"},"yoast_head":"<!-- This site is optimized with the Yoast SEO plugin v26.5 - https:\/\/yoast.com\/wordpress\/plugins\/seo\/ -->\n<title>Nervus Opticus GL D5 ampoules 10 pcs. &#187; Lion Pharmacy<\/title>\n<meta name=\"description\" content=\"Lion Pharmacy | Pharmacie en ligne allemande enregistr\u00e9e | Exp\u00e9dition internationale rapide | Achats en ligne s\u00e9curis\u00e9s | Allergies &gt; Nervus Opticus GL D5 ampoules 10 pcs.\" \/>\n<meta name=\"robots\" content=\"index, follow, max-snippet:-1, max-image-preview:large, max-video-preview:-1\" \/>\n<link rel=\"canonical\" href=\"https:\/\/lions-pharmacy.com\/fr\/produit\/nervus-opticus-gl-d5-ampoules-10-pcs-3355206\" \/>\n<meta property=\"og:locale\" content=\"fr_FR\" \/>\n<meta property=\"og:type\" content=\"article\" \/>\n<meta property=\"og:title\" content=\"Nervus Opticus GL D5 ampoules 10 pcs. &#187; Lion Pharmacy\" \/>\n<meta property=\"og:description\" content=\"Lion Pharmacy | Pharmacie en ligne allemande enregistr\u00e9e | Exp\u00e9dition internationale rapide | Achats en ligne s\u00e9curis\u00e9s | Allergies &gt; Nervus Opticus GL D5 ampoules 10 pcs.\" \/>\n<meta property=\"og:url\" content=\"https:\/\/lions-pharmacy.com\/fr\/produit\/nervus-opticus-gl-d5-ampoules-10-pcs-3355206\" \/>\n<meta property=\"og:site_name\" content=\"Lion Pharmacy\" \/>\n<meta property=\"article:modified_time\" content=\"2025-01-25T11:44:00+00:00\" \/>\n<meta property=\"og:image\" content=\"https:\/\/lions-pharmacy.com\/wp-content\/uploads\/2024\/01\/Nervus-Opticus-GL-D6-Ampoules-10-Wala-Heilmittel-lions-pharmacy-Loewen-Apotheke24.webp\" \/>\n\t<meta property=\"og:image:width\" content=\"600\" \/>\n\t<meta property=\"og:image:height\" content=\"600\" \/>\n\t<meta property=\"og:image:type\" content=\"image\/webp\" \/>\n<meta name=\"twitter:card\" content=\"summary_large_image\" \/>\n<meta name=\"twitter:label1\" content=\"Dur\u00e9e de lecture estim\u00e9e\" \/>\n\t<meta name=\"twitter:data1\" content=\"1 minute\" \/>\n<script type=\"application\/ld+json\" class=\"yoast-schema-graph\">{\"@context\":\"https:\/\/schema.org\",\"@graph\":[{\"@type\":\"WebPage\",\"@id\":\"https:\/\/lions-pharmacy.com\/fr\/produit\/nervus-opticus-gl-d5-ampoules-10-pcs-3355206\",\"url\":\"https:\/\/lions-pharmacy.com\/fr\/produit\/nervus-opticus-gl-d5-ampoules-10-pcs-3355206\",\"name\":\"Nervus Opticus GL D5 ampoules 10 pcs. &#187; Lion Pharmacy\",\"isPartOf\":{\"@id\":\"https:\/\/lions-pharmacy.com\/fr#website\"},\"primaryImageOfPage\":{\"@id\":\"https:\/\/lions-pharmacy.com\/fr\/produit\/nervus-opticus-gl-d5-ampoules-10-pcs-3355206#primaryimage\"},\"image\":{\"@id\":\"https:\/\/lions-pharmacy.com\/fr\/produit\/nervus-opticus-gl-d5-ampoules-10-pcs-3355206#primaryimage\"},\"thumbnailUrl\":\"https:\/\/lions-pharmacy.com\/wp-content\/uploads\/2024\/01\/Nervus-Opticus-GL-D6-Ampoules-10-Wala-Heilmittel-lions-pharmacy-Loewen-Apotheke24.webp\",\"datePublished\":\"2024-01-23T09:13:11+00:00\",\"dateModified\":\"2025-01-25T11:44:00+00:00\",\"description\":\"Lion Pharmacy | Pharmacie en ligne allemande enregistr\u00e9e | Exp\u00e9dition internationale rapide | Achats en ligne s\u00e9curis\u00e9s | Allergies > Nervus Opticus GL D5 ampoules 10 pcs.\",\"breadcrumb\":{\"@id\":\"https:\/\/lions-pharmacy.com\/fr\/produit\/nervus-opticus-gl-d5-ampoules-10-pcs-3355206#breadcrumb\"},\"inLanguage\":\"fr-FR\",\"potentialAction\":[{\"@type\":\"ReadAction\",\"target\":[\"https:\/\/lions-pharmacy.com\/fr\/produit\/nervus-opticus-gl-d5-ampoules-10-pcs-3355206\"]}]},{\"@type\":\"ImageObject\",\"inLanguage\":\"fr-FR\",\"@id\":\"https:\/\/lions-pharmacy.com\/fr\/produit\/nervus-opticus-gl-d5-ampoules-10-pcs-3355206#primaryimage\",\"url\":\"https:\/\/lions-pharmacy.com\/wp-content\/uploads\/2024\/01\/Nervus-Opticus-GL-D6-Ampoules-10-Wala-Heilmittel-lions-pharmacy-Loewen-Apotheke24.webp\",\"contentUrl\":\"https:\/\/lions-pharmacy.com\/wp-content\/uploads\/2024\/01\/Nervus-Opticus-GL-D6-Ampoules-10-Wala-Heilmittel-lions-pharmacy-Loewen-Apotheke24.webp\",\"width\":600,\"height\":600,\"caption\":\"L\u2019image du produit peut \u00eatre similaire\"},{\"@type\":\"BreadcrumbList\",\"@id\":\"https:\/\/lions-pharmacy.com\/fr\/produit\/nervus-opticus-gl-d5-ampoules-10-pcs-3355206#breadcrumb\",\"itemListElement\":[{\"@type\":\"ListItem\",\"position\":1,\"name\":\"Home\",\"item\":\"https:\/\/lions-pharmacy.com\/fr\/homepage-lion-pharmacy\"},{\"@type\":\"ListItem\",\"position\":2,\"name\":\"Shop\",\"item\":\"https:\/\/lions-pharmacy.com\/fr\/boutique\"},{\"@type\":\"ListItem\",\"position\":3,\"name\":\"Nervus Opticus GL D5 ampoules 10 pcs.\"}]},{\"@type\":\"WebSite\",\"@id\":\"https:\/\/lions-pharmacy.com\/fr#website\",\"url\":\"https:\/\/lions-pharmacy.com\/fr\",\"name\":\"Lions Pharmacy\",\"description\":\"Pharmacie sp\u00e9cialis\u00e9e en naturopathie de Baden-Baden, Allemagne\",\"publisher\":{\"@id\":\"https:\/\/lions-pharmacy.com\/fr#organization\"},\"alternateName\":\"Lion Pharmacy\",\"potentialAction\":[{\"@type\":\"SearchAction\",\"target\":{\"@type\":\"EntryPoint\",\"urlTemplate\":\"https:\/\/lions-pharmacy.com\/fr?s={search_term_string}\"},\"query-input\":{\"@type\":\"PropertyValueSpecification\",\"valueRequired\":true,\"valueName\":\"search_term_string\"}}],\"inLanguage\":\"fr-FR\"},{\"@type\":\"Organization\",\"@id\":\"https:\/\/lions-pharmacy.com\/fr#organization\",\"name\":\"Lions Pharmacy\",\"alternateName\":\"Lions Pharmacy24\",\"url\":\"https:\/\/lions-pharmacy.com\/fr\",\"logo\":{\"@type\":\"ImageObject\",\"inLanguage\":\"fr-FR\",\"@id\":\"https:\/\/lions-pharmacy.com\/fr#\/schema\/logo\/image\/\",\"url\":\"https:\/\/lions-pharmacy.com\/wp-content\/uploads\/2022\/12\/Logo-Lion-Pharmacy-c-o-Loewen-Apotheke-smal.jpg\",\"contentUrl\":\"https:\/\/lions-pharmacy.com\/wp-content\/uploads\/2022\/12\/Logo-Lion-Pharmacy-c-o-Loewen-Apotheke-smal.jpg\",\"width\":298,\"height\":99,\"caption\":\"Lions Pharmacy\"},\"image\":{\"@id\":\"https:\/\/lions-pharmacy.com\/fr#\/schema\/logo\/image\/\"}}]}<\/script>\n<!-- \/ Yoast SEO plugin. -->","yoast_head_json":{"title":"Nervus Opticus GL D5 ampoules 10 pcs. &#187; Lion Pharmacy","description":"Lion Pharmacy | Pharmacie en ligne allemande enregistr\u00e9e | Exp\u00e9dition internationale rapide | Achats en ligne s\u00e9curis\u00e9s | Allergies > Nervus Opticus GL D5 ampoules 10 pcs.","robots":{"index":"index","follow":"follow","max-snippet":"max-snippet:-1","max-image-preview":"max-image-preview:large","max-video-preview":"max-video-preview:-1"},"canonical":"https:\/\/lions-pharmacy.com\/fr\/produit\/nervus-opticus-gl-d5-ampoules-10-pcs-3355206","og_locale":"fr_FR","og_type":"article","og_title":"Nervus Opticus GL D5 ampoules 10 pcs. &#187; Lion Pharmacy","og_description":"Lion Pharmacy | Pharmacie en ligne allemande enregistr\u00e9e | Exp\u00e9dition internationale rapide | Achats en ligne s\u00e9curis\u00e9s | Allergies > Nervus Opticus GL D5 ampoules 10 pcs.","og_url":"https:\/\/lions-pharmacy.com\/fr\/produit\/nervus-opticus-gl-d5-ampoules-10-pcs-3355206","og_site_name":"Lion Pharmacy","article_modified_time":"2025-01-25T11:44:00+00:00","og_image":[{"width":600,"height":600,"url":"https:\/\/lions-pharmacy.com\/wp-content\/uploads\/2024\/01\/Nervus-Opticus-GL-D6-Ampoules-10-Wala-Heilmittel-lions-pharmacy-Loewen-Apotheke24.webp","type":"image\/webp"}],"twitter_card":"summary_large_image","twitter_misc":{"Dur\u00e9e de lecture estim\u00e9e":"1 minute"},"schema":{"@context":"https:\/\/schema.org","@graph":[{"@type":"WebPage","@id":"https:\/\/lions-pharmacy.com\/fr\/produit\/nervus-opticus-gl-d5-ampoules-10-pcs-3355206","url":"https:\/\/lions-pharmacy.com\/fr\/produit\/nervus-opticus-gl-d5-ampoules-10-pcs-3355206","name":"Nervus Opticus GL D5 ampoules 10 pcs. &#187; Lion Pharmacy","isPartOf":{"@id":"https:\/\/lions-pharmacy.com\/fr#website"},"primaryImageOfPage":{"@id":"https:\/\/lions-pharmacy.com\/fr\/produit\/nervus-opticus-gl-d5-ampoules-10-pcs-3355206#primaryimage"},"image":{"@id":"https:\/\/lions-pharmacy.com\/fr\/produit\/nervus-opticus-gl-d5-ampoules-10-pcs-3355206#primaryimage"},"thumbnailUrl":"https:\/\/lions-pharmacy.com\/wp-content\/uploads\/2024\/01\/Nervus-Opticus-GL-D6-Ampoules-10-Wala-Heilmittel-lions-pharmacy-Loewen-Apotheke24.webp","datePublished":"2024-01-23T09:13:11+00:00","dateModified":"2025-01-25T11:44:00+00:00","description":"Lion Pharmacy | Pharmacie en ligne allemande enregistr\u00e9e | Exp\u00e9dition internationale rapide | Achats en ligne s\u00e9curis\u00e9s | Allergies > Nervus Opticus GL D5 ampoules 10 pcs.","breadcrumb":{"@id":"https:\/\/lions-pharmacy.com\/fr\/produit\/nervus-opticus-gl-d5-ampoules-10-pcs-3355206#breadcrumb"},"inLanguage":"fr-FR","potentialAction":[{"@type":"ReadAction","target":["https:\/\/lions-pharmacy.com\/fr\/produit\/nervus-opticus-gl-d5-ampoules-10-pcs-3355206"]}]},{"@type":"ImageObject","inLanguage":"fr-FR","@id":"https:\/\/lions-pharmacy.com\/fr\/produit\/nervus-opticus-gl-d5-ampoules-10-pcs-3355206#primaryimage","url":"https:\/\/lions-pharmacy.com\/wp-content\/uploads\/2024\/01\/Nervus-Opticus-GL-D6-Ampoules-10-Wala-Heilmittel-lions-pharmacy-Loewen-Apotheke24.webp","contentUrl":"https:\/\/lions-pharmacy.com\/wp-content\/uploads\/2024\/01\/Nervus-Opticus-GL-D6-Ampoules-10-Wala-Heilmittel-lions-pharmacy-Loewen-Apotheke24.webp","width":600,"height":600,"caption":"L\u2019image du produit peut \u00eatre similaire"},{"@type":"BreadcrumbList","@id":"https:\/\/lions-pharmacy.com\/fr\/produit\/nervus-opticus-gl-d5-ampoules-10-pcs-3355206#breadcrumb","itemListElement":[{"@type":"ListItem","position":1,"name":"Home","item":"https:\/\/lions-pharmacy.com\/fr\/homepage-lion-pharmacy"},{"@type":"ListItem","position":2,"name":"Shop","item":"https:\/\/lions-pharmacy.com\/fr\/boutique"},{"@type":"ListItem","position":3,"name":"Nervus Opticus GL D5 ampoules 10 pcs."}]},{"@type":"WebSite","@id":"https:\/\/lions-pharmacy.com\/fr#website","url":"https:\/\/lions-pharmacy.com\/fr","name":"Lions Pharmacy","description":"Pharmacie sp\u00e9cialis\u00e9e en naturopathie de Baden-Baden, Allemagne","publisher":{"@id":"https:\/\/lions-pharmacy.com\/fr#organization"},"alternateName":"Lion Pharmacy","potentialAction":[{"@type":"SearchAction","target":{"@type":"EntryPoint","urlTemplate":"https:\/\/lions-pharmacy.com\/fr?s={search_term_string}"},"query-input":{"@type":"PropertyValueSpecification","valueRequired":true,"valueName":"search_term_string"}}],"inLanguage":"fr-FR"},{"@type":"Organization","@id":"https:\/\/lions-pharmacy.com\/fr#organization","name":"Lions Pharmacy","alternateName":"Lions Pharmacy24","url":"https:\/\/lions-pharmacy.com\/fr","logo":{"@type":"ImageObject","inLanguage":"fr-FR","@id":"https:\/\/lions-pharmacy.com\/fr#\/schema\/logo\/image\/","url":"https:\/\/lions-pharmacy.com\/wp-content\/uploads\/2022\/12\/Logo-Lion-Pharmacy-c-o-Loewen-Apotheke-smal.jpg","contentUrl":"https:\/\/lions-pharmacy.com\/wp-content\/uploads\/2022\/12\/Logo-Lion-Pharmacy-c-o-Loewen-Apotheke-smal.jpg","width":298,"height":99,"caption":"Lions Pharmacy"},"image":{"@id":"https:\/\/lions-pharmacy.com\/fr#\/schema\/logo\/image\/"}}]}},"_links":{"self":[{"href":"https:\/\/lions-pharmacy.com\/fr\/wp-json\/wp\/v2\/product\/3174","targetHints":{"allow":["GET"]}}],"collection":[{"href":"https:\/\/lions-pharmacy.com\/fr\/wp-json\/wp\/v2\/product"}],"about":[{"href":"https:\/\/lions-pharmacy.com\/fr\/wp-json\/wp\/v2\/types\/product"}],"replies":[{"embeddable":true,"href":"https:\/\/lions-pharmacy.com\/fr\/wp-json\/wp\/v2\/comments?post=3174"}],"wp:featuredmedia":[{"embeddable":true,"href":"https:\/\/lions-pharmacy.com\/fr\/wp-json\/wp\/v2\/media\/3169"}],"wp:attachment":[{"href":"https:\/\/lions-pharmacy.com\/fr\/wp-json\/wp\/v2\/media?parent=3174"}],"wp:term":[{"taxonomy":"product_brand","embeddable":true,"href":"https:\/\/lions-pharmacy.com\/fr\/wp-json\/wp\/v2\/product_brand?post=3174"},{"taxonomy":"product_cat","embeddable":true,"href":"https:\/\/lions-pharmacy.com\/fr\/wp-json\/wp\/v2\/product_cat?post=3174"},{"taxonomy":"product_tag","embeddable":true,"href":"https:\/\/lions-pharmacy.com\/fr\/wp-json\/wp\/v2\/product_tag?post=3174"}],"curies":[{"name":"wp","href":"https:\/\/api.w.org\/{rel}","templated":true}]}}