{"id":3048,"date":"2024-01-17T15:04:24","date_gmt":"2024-01-17T14:04:24","guid":{"rendered":"https:\/\/lions-pharmacy.com\/?post_type=product&#038;p=3048"},"modified":"2025-11-29T23:00:35","modified_gmt":"2025-11-29T22:00:35","slug":"labo-life-2lcl2","status":"publish","type":"product","link":"https:\/\/lions-pharmacy.com\/fr\/produit\/labo-life-2lcl2","title":{"rendered":"Labo Life 2LCL2"},"content":{"rendered":"<h2>Labo Life 2LCL2<\/h2>\n<p>La Pharmacie Lion importe pour vous les g\u00e9lules Labo Life 2LCL2 ainsi que toutes les pr\u00e9parations de Labo Life Belgium \u00e0 votre demande.<\/p>\n<p>Notice d&#8217;information\/instructions d&#8217;utilisation\/fiche technique de l&#8217;article : <a href=\"https:\/\/lions-pharmacy.com\/wp-content\/uploads\/2023\/01\/EN_patient_info.pdf\" target=\"_blank\" rel=\"noopener\">EN<\/a> | <a href=\"https:\/\/lions-pharmacy.com\/wp-content\/uploads\/2023\/01\/FR_info_patient.pdf\" target=\"_blank\" rel=\"noopener\">FR<\/a> | <a href=\"https:\/\/lions-pharmacy.com\/wp-content\/uploads\/2023\/01\/ES_info_paciente.pdf\">ES<\/a> | <a href=\"https:\/\/lions-pharmacy.com\/wp-content\/uploads\/2022\/12\/labolife-Patientenflyer-lobo-life-customer-information-lion-pharmacy-lowen-apotheke.pdf\" target=\"_blank\" rel=\"noopener\">DE<\/a> (lecteur PDF)<\/p>\n<p>Nom alternatif du produit&nbsp;: <a href=\"https:\/\/lions-pharmacy.com\/fr\/product-brand\/labo-life-fr\">Labo Life<\/a> 2L CL2<\/p>\n<p>Autres produits pour l&#8217;application :<\/p>\n<p>En savoir plus sur le fabricant et ce produit : <a href=\"https:\/\/www.labolife.com\/en\" target=\"_blank\" rel=\"noopener\">Labo Life<\/a> (lien vers un site web externe)<\/p>\n<p>Pour conna\u00eetre les risques et les effets secondaires, lisez la notice et demandez conseil \u00e0 votre m\u00e9decin ou \u00e0 votre pharmacien.<\/p>\n<p>Les informations contenues dans ce site web sont fournies \u00e0 titre informatif uniquement. Ils ne remplacent en aucun cas l&#8217;examen et le traitement par un m\u00e9decin. Veuillez noter que cela signifie qu&#8217;aucun diagnostic ne peut \u00eatre \u00e9tabli et qu&#8217;aucune th\u00e9rapie ne peut \u00eatre mise en place.<\/p>\n<h3>Micro-immunoth\u00e9rapie<\/h3>\n<p>La <a href=\"https:\/\/lions-pharmacy.com\/fr\/etiquette-produit\/micro-immunotherapie\">micro-immunoth\u00e9rapie<\/a> est une th\u00e9rapie d&#8217;immunomodulation qui utilise les m\u00eames messagers que le syst\u00e8me immunitaire (par exemple, les cytokines, les hormones, les facteurs de croissance, les acides nucl\u00e9iques) pour transmettre des informations \u00e0 l&#8217;organisme et &#8220;r\u00e9ajuster&#8221; la r\u00e9ponse immunitaire. En d&#8217;autres termes, son objectif est de r\u00e9tablir une communication correcte entre les cellules du syst\u00e8me immunitaire pour les aider \u00e0 retrouver leur capacit\u00e9 inn\u00e9e \u00e0 nous d\u00e9fendre contre les agresseurs ou \u00e0 limiter leur r\u00e9ponse lorsqu&#8217;elle est exag\u00e9r\u00e9e.<\/p>\n<p>Contrairement \u00e0 l&#8217;immunoth\u00e9rapie classique, les formules de <a href=\"https:\/\/lions-pharmacy.com\/fr\/etiquette-produit\/micro-immunotherapie\">micro-immunoth\u00e9rapie<\/a> utilisent un large \u00e9ventail de substances immunitaires (les &#8220;messagers&#8221;). Ils sont pr\u00e9par\u00e9s en faibles concentrations (faibles doses) par un processus de dilution-dynamisation, garantissant ainsi une haute tol\u00e9rance. En outre, selon que l&#8217;on souhaite stimuler, moduler ou inhiber l&#8217;organisme, les niveaux de concentration utilis\u00e9s peuvent varier au sein d&#8217;une m\u00eame formule.  Tout comme cela se passe naturellement dans le corps, les substances sont administr\u00e9es selon une s\u00e9quence sp\u00e9cifique, un ordre pr\u00e9cis.<\/p>\n<p>La micro-immunoth\u00e9rapie peut \u00eatre un alli\u00e9 fid\u00e8le dans le traitement des maladies r\u00e9sultant d&#8217;un d\u00e9s\u00e9quilibre du syst\u00e8me immunitaire, qu&#8217;elles soient aigu\u00ebs ou chroniques. Les pathologies infectieuses et oncologiques, ou les maladies auto-immunes en font partie. La micro-immunoth\u00e9rapie ne remplace pas le syst\u00e8me immunitaire, ne le force pas et ne le bloque pas, mais l&#8217;informe subtilement, ce qui la rend compatible avec d&#8217;autres traitements.<\/p>\n<p>Pour en savoir plus sur <a href=\"https:\/\/www.labolife.com\/de\" target=\"_blank\" rel=\"noopener noreferrer\">Labo&#8217;Life<\/a> et la micro-immunoth\u00e9rapie, consultez la page web des fabricants.<\/p>\n<p data-pm-slice=\"1 1 []\">Les compl\u00e9ments alimentaires ne remplacent pas une alimentation \u00e9quilibr\u00e9e et vari\u00e9e et un mode de vie sain. La consommation journali\u00e8re recommand\u00e9e ne doit pas \u00eatre d\u00e9pass\u00e9e.<\/p>\n<p>Les informations contenues dans ce site web sont fournies \u00e0 titre informatif uniquement. Ils ne remplacent en aucun cas l&#8217;examen et le traitement par un m\u00e9decin. Veuillez noter que ces informations ne peuvent pas \u00eatre utilis\u00e9es pour \u00e9tablir un diagnostic ou initier une th\u00e9rapie.<\/p>\n<p>Pour plus d&#8217;informations sur les risques et les effets secondaires, lisez la notice et demandez conseil \u00e0 votre m\u00e9decin ou \u00e0 votre pharmacien.<\/p>\n","protected":false},"excerpt":{"rendered":"<h2>Labo Life 2LCL2<\/h2>\n<p>La Lion Pharmacy peut vous fournir toutes les pr\u00e9parations Labo Life Belgium \u00e0 votre demande.<\/p>\n<p>&nbsp;<\/p>\n<p>PZN : &#8211; (Pharmacy Central Number)<\/p>\n<p>Forme posologique : G\u00e9lules, sans lactose<\/p>\n<p>Type de prescription : sans ordonnance<\/p>\n<p><a href=\"https:\/\/lions-pharmacy.com\/fr\/product-brand\/labo-life-fr\">Marque<\/a> : Labo Life<\/p>\n<p>Fabricant : Labo&#8217;Life Belgium, Rue Camille Hubert 11, 5032 Gembloux.<\/p>\n<p>Taille de l&#8217;emballage : 30 pi\u00e8ces<\/p>\n","protected":false},"featured_media":3053,"comment_status":"closed","ping_status":"closed","template":"","meta":[],"product_brand":[],"product_cat":[117,114],"product_tag":[229,783],"class_list":{"0":"post-3048","1":"product","2":"type-product","3":"status-publish","4":"has-post-thumbnail","6":"product_cat-labo-life-fr","7":"product_cat-non-classifiee","8":"product_tag-micro-immunotherapie","9":"product_tag-individual-import-product-fr","10":"product_shipping_class-standard-fr","11":"ts_product_brand-all-fr","12":"ts_product_brand-labo-life-fr","14":"first","15":"instock","16":"taxable","17":"shipping-taxable","18":"purchasable","19":"product-type-simple"},"yoast_head":"<!-- This site is optimized with the Yoast SEO plugin v26.5 - https:\/\/yoast.com\/wordpress\/plugins\/seo\/ -->\n<title>Labo Life 2LCL2 &#187; Lion Pharmacy<\/title>\n<meta name=\"description\" content=\"Lion Pharmacy | pharmacie en ligne allemande enregistr\u00e9e | Livraison internationale rapide | En savoir plus sur la micro-immunoth\u00e9rapie | Labo Life 2LCL2.\" \/>\n<meta name=\"robots\" content=\"index, follow, max-snippet:-1, max-image-preview:large, max-video-preview:-1\" \/>\n<link rel=\"canonical\" href=\"https:\/\/lions-pharmacy.com\/fr\/produit\/labo-life-2lcl2\" \/>\n<meta property=\"og:locale\" content=\"fr_FR\" \/>\n<meta property=\"og:type\" content=\"article\" \/>\n<meta property=\"og:title\" content=\"Labo Life 2LCL2 &#187; Lion Pharmacy\" \/>\n<meta property=\"og:description\" content=\"Lion Pharmacy | pharmacie en ligne allemande enregistr\u00e9e | Livraison internationale rapide | En savoir plus sur la micro-immunoth\u00e9rapie | Labo Life 2LCL2.\" \/>\n<meta property=\"og:url\" content=\"https:\/\/lions-pharmacy.com\/fr\/produit\/labo-life-2lcl2\" \/>\n<meta property=\"og:site_name\" content=\"Lion Pharmacy\" \/>\n<meta property=\"article:modified_time\" content=\"2025-11-29T22:00:35+00:00\" \/>\n<meta property=\"og:image\" content=\"https:\/\/lions-pharmacy.com\/wp-content\/uploads\/2024\/01\/Labo-Life-2lcl2-2L-CL2-Lions-Pharmacy-Lowen-Apotheke.webp\" \/>\n\t<meta property=\"og:image:width\" content=\"600\" \/>\n\t<meta property=\"og:image:height\" content=\"600\" \/>\n\t<meta property=\"og:image:type\" content=\"image\/webp\" \/>\n<meta name=\"twitter:card\" content=\"summary_large_image\" \/>\n<meta name=\"twitter:label1\" content=\"Dur\u00e9e de lecture estim\u00e9e\" \/>\n\t<meta name=\"twitter:data1\" content=\"3 minutes\" \/>\n<script type=\"application\/ld+json\" class=\"yoast-schema-graph\">{\"@context\":\"https:\/\/schema.org\",\"@graph\":[{\"@type\":\"WebPage\",\"@id\":\"https:\/\/lions-pharmacy.com\/fr\/produit\/labo-life-2lcl2\",\"url\":\"https:\/\/lions-pharmacy.com\/fr\/produit\/labo-life-2lcl2\",\"name\":\"Labo Life 2LCL2 &#187; Lion Pharmacy\",\"isPartOf\":{\"@id\":\"https:\/\/lions-pharmacy.com\/fr#website\"},\"primaryImageOfPage\":{\"@id\":\"https:\/\/lions-pharmacy.com\/fr\/produit\/labo-life-2lcl2#primaryimage\"},\"image\":{\"@id\":\"https:\/\/lions-pharmacy.com\/fr\/produit\/labo-life-2lcl2#primaryimage\"},\"thumbnailUrl\":\"https:\/\/lions-pharmacy.com\/wp-content\/uploads\/2024\/01\/Labo-Life-2lcl2-2L-CL2-Lions-Pharmacy-Lowen-Apotheke.webp\",\"datePublished\":\"2024-01-17T14:04:24+00:00\",\"dateModified\":\"2025-11-29T22:00:35+00:00\",\"description\":\"Lion Pharmacy | pharmacie en ligne allemande enregistr\u00e9e | Livraison internationale rapide | En savoir plus sur la micro-immunoth\u00e9rapie | Labo Life 2LCL2.\",\"breadcrumb\":{\"@id\":\"https:\/\/lions-pharmacy.com\/fr\/produit\/labo-life-2lcl2#breadcrumb\"},\"inLanguage\":\"fr-FR\",\"potentialAction\":[{\"@type\":\"ReadAction\",\"target\":[\"https:\/\/lions-pharmacy.com\/fr\/produit\/labo-life-2lcl2\"]}]},{\"@type\":\"ImageObject\",\"inLanguage\":\"fr-FR\",\"@id\":\"https:\/\/lions-pharmacy.com\/fr\/produit\/labo-life-2lcl2#primaryimage\",\"url\":\"https:\/\/lions-pharmacy.com\/wp-content\/uploads\/2024\/01\/Labo-Life-2lcl2-2L-CL2-Lions-Pharmacy-Lowen-Apotheke.webp\",\"contentUrl\":\"https:\/\/lions-pharmacy.com\/wp-content\/uploads\/2024\/01\/Labo-Life-2lcl2-2L-CL2-Lions-Pharmacy-Lowen-Apotheke.webp\",\"width\":600,\"height\":600,\"caption\":\"Labo Life 2lcl2, 2L CL2, Lions Pharmacy L\u00f6wen Apotheke\"},{\"@type\":\"BreadcrumbList\",\"@id\":\"https:\/\/lions-pharmacy.com\/fr\/produit\/labo-life-2lcl2#breadcrumb\",\"itemListElement\":[{\"@type\":\"ListItem\",\"position\":1,\"name\":\"Home\",\"item\":\"https:\/\/lions-pharmacy.com\/fr\/homepage-lion-pharmacy\"},{\"@type\":\"ListItem\",\"position\":2,\"name\":\"Shop\",\"item\":\"https:\/\/lions-pharmacy.com\/fr\/boutique\"},{\"@type\":\"ListItem\",\"position\":3,\"name\":\"Labo Life 2LCL2\"}]},{\"@type\":\"WebSite\",\"@id\":\"https:\/\/lions-pharmacy.com\/fr#website\",\"url\":\"https:\/\/lions-pharmacy.com\/fr\",\"name\":\"Lions Pharmacy\",\"description\":\"Pharmacie sp\u00e9cialis\u00e9e en naturopathie de Baden-Baden, Allemagne\",\"publisher\":{\"@id\":\"https:\/\/lions-pharmacy.com\/fr#organization\"},\"alternateName\":\"Lion Pharmacy\",\"potentialAction\":[{\"@type\":\"SearchAction\",\"target\":{\"@type\":\"EntryPoint\",\"urlTemplate\":\"https:\/\/lions-pharmacy.com\/fr?s={search_term_string}\"},\"query-input\":{\"@type\":\"PropertyValueSpecification\",\"valueRequired\":true,\"valueName\":\"search_term_string\"}}],\"inLanguage\":\"fr-FR\"},{\"@type\":\"Organization\",\"@id\":\"https:\/\/lions-pharmacy.com\/fr#organization\",\"name\":\"Lions Pharmacy\",\"alternateName\":\"Lions Pharmacy24\",\"url\":\"https:\/\/lions-pharmacy.com\/fr\",\"logo\":{\"@type\":\"ImageObject\",\"inLanguage\":\"fr-FR\",\"@id\":\"https:\/\/lions-pharmacy.com\/fr#\/schema\/logo\/image\/\",\"url\":\"https:\/\/lions-pharmacy.com\/wp-content\/uploads\/2022\/12\/Logo-Lion-Pharmacy-c-o-Loewen-Apotheke-smal.jpg\",\"contentUrl\":\"https:\/\/lions-pharmacy.com\/wp-content\/uploads\/2022\/12\/Logo-Lion-Pharmacy-c-o-Loewen-Apotheke-smal.jpg\",\"width\":298,\"height\":99,\"caption\":\"Lions Pharmacy\"},\"image\":{\"@id\":\"https:\/\/lions-pharmacy.com\/fr#\/schema\/logo\/image\/\"}}]}<\/script>\n<!-- \/ Yoast SEO plugin. -->","yoast_head_json":{"title":"Labo Life 2LCL2 &#187; Lion Pharmacy","description":"Lion Pharmacy | pharmacie en ligne allemande enregistr\u00e9e | Livraison internationale rapide | En savoir plus sur la micro-immunoth\u00e9rapie | Labo Life 2LCL2.","robots":{"index":"index","follow":"follow","max-snippet":"max-snippet:-1","max-image-preview":"max-image-preview:large","max-video-preview":"max-video-preview:-1"},"canonical":"https:\/\/lions-pharmacy.com\/fr\/produit\/labo-life-2lcl2","og_locale":"fr_FR","og_type":"article","og_title":"Labo Life 2LCL2 &#187; Lion Pharmacy","og_description":"Lion Pharmacy | pharmacie en ligne allemande enregistr\u00e9e | Livraison internationale rapide | En savoir plus sur la micro-immunoth\u00e9rapie | Labo Life 2LCL2.","og_url":"https:\/\/lions-pharmacy.com\/fr\/produit\/labo-life-2lcl2","og_site_name":"Lion Pharmacy","article_modified_time":"2025-11-29T22:00:35+00:00","og_image":[{"width":600,"height":600,"url":"https:\/\/lions-pharmacy.com\/wp-content\/uploads\/2024\/01\/Labo-Life-2lcl2-2L-CL2-Lions-Pharmacy-Lowen-Apotheke.webp","type":"image\/webp"}],"twitter_card":"summary_large_image","twitter_misc":{"Dur\u00e9e de lecture estim\u00e9e":"3 minutes"},"schema":{"@context":"https:\/\/schema.org","@graph":[{"@type":"WebPage","@id":"https:\/\/lions-pharmacy.com\/fr\/produit\/labo-life-2lcl2","url":"https:\/\/lions-pharmacy.com\/fr\/produit\/labo-life-2lcl2","name":"Labo Life 2LCL2 &#187; Lion Pharmacy","isPartOf":{"@id":"https:\/\/lions-pharmacy.com\/fr#website"},"primaryImageOfPage":{"@id":"https:\/\/lions-pharmacy.com\/fr\/produit\/labo-life-2lcl2#primaryimage"},"image":{"@id":"https:\/\/lions-pharmacy.com\/fr\/produit\/labo-life-2lcl2#primaryimage"},"thumbnailUrl":"https:\/\/lions-pharmacy.com\/wp-content\/uploads\/2024\/01\/Labo-Life-2lcl2-2L-CL2-Lions-Pharmacy-Lowen-Apotheke.webp","datePublished":"2024-01-17T14:04:24+00:00","dateModified":"2025-11-29T22:00:35+00:00","description":"Lion Pharmacy | pharmacie en ligne allemande enregistr\u00e9e | Livraison internationale rapide | En savoir plus sur la micro-immunoth\u00e9rapie | Labo Life 2LCL2.","breadcrumb":{"@id":"https:\/\/lions-pharmacy.com\/fr\/produit\/labo-life-2lcl2#breadcrumb"},"inLanguage":"fr-FR","potentialAction":[{"@type":"ReadAction","target":["https:\/\/lions-pharmacy.com\/fr\/produit\/labo-life-2lcl2"]}]},{"@type":"ImageObject","inLanguage":"fr-FR","@id":"https:\/\/lions-pharmacy.com\/fr\/produit\/labo-life-2lcl2#primaryimage","url":"https:\/\/lions-pharmacy.com\/wp-content\/uploads\/2024\/01\/Labo-Life-2lcl2-2L-CL2-Lions-Pharmacy-Lowen-Apotheke.webp","contentUrl":"https:\/\/lions-pharmacy.com\/wp-content\/uploads\/2024\/01\/Labo-Life-2lcl2-2L-CL2-Lions-Pharmacy-Lowen-Apotheke.webp","width":600,"height":600,"caption":"Labo Life 2lcl2, 2L CL2, Lions Pharmacy L\u00f6wen Apotheke"},{"@type":"BreadcrumbList","@id":"https:\/\/lions-pharmacy.com\/fr\/produit\/labo-life-2lcl2#breadcrumb","itemListElement":[{"@type":"ListItem","position":1,"name":"Home","item":"https:\/\/lions-pharmacy.com\/fr\/homepage-lion-pharmacy"},{"@type":"ListItem","position":2,"name":"Shop","item":"https:\/\/lions-pharmacy.com\/fr\/boutique"},{"@type":"ListItem","position":3,"name":"Labo Life 2LCL2"}]},{"@type":"WebSite","@id":"https:\/\/lions-pharmacy.com\/fr#website","url":"https:\/\/lions-pharmacy.com\/fr","name":"Lions Pharmacy","description":"Pharmacie sp\u00e9cialis\u00e9e en naturopathie de Baden-Baden, Allemagne","publisher":{"@id":"https:\/\/lions-pharmacy.com\/fr#organization"},"alternateName":"Lion Pharmacy","potentialAction":[{"@type":"SearchAction","target":{"@type":"EntryPoint","urlTemplate":"https:\/\/lions-pharmacy.com\/fr?s={search_term_string}"},"query-input":{"@type":"PropertyValueSpecification","valueRequired":true,"valueName":"search_term_string"}}],"inLanguage":"fr-FR"},{"@type":"Organization","@id":"https:\/\/lions-pharmacy.com\/fr#organization","name":"Lions Pharmacy","alternateName":"Lions Pharmacy24","url":"https:\/\/lions-pharmacy.com\/fr","logo":{"@type":"ImageObject","inLanguage":"fr-FR","@id":"https:\/\/lions-pharmacy.com\/fr#\/schema\/logo\/image\/","url":"https:\/\/lions-pharmacy.com\/wp-content\/uploads\/2022\/12\/Logo-Lion-Pharmacy-c-o-Loewen-Apotheke-smal.jpg","contentUrl":"https:\/\/lions-pharmacy.com\/wp-content\/uploads\/2022\/12\/Logo-Lion-Pharmacy-c-o-Loewen-Apotheke-smal.jpg","width":298,"height":99,"caption":"Lions Pharmacy"},"image":{"@id":"https:\/\/lions-pharmacy.com\/fr#\/schema\/logo\/image\/"}}]}},"_links":{"self":[{"href":"https:\/\/lions-pharmacy.com\/fr\/wp-json\/wp\/v2\/product\/3048","targetHints":{"allow":["GET"]}}],"collection":[{"href":"https:\/\/lions-pharmacy.com\/fr\/wp-json\/wp\/v2\/product"}],"about":[{"href":"https:\/\/lions-pharmacy.com\/fr\/wp-json\/wp\/v2\/types\/product"}],"replies":[{"embeddable":true,"href":"https:\/\/lions-pharmacy.com\/fr\/wp-json\/wp\/v2\/comments?post=3048"}],"wp:featuredmedia":[{"embeddable":true,"href":"https:\/\/lions-pharmacy.com\/fr\/wp-json\/wp\/v2\/media\/3053"}],"wp:attachment":[{"href":"https:\/\/lions-pharmacy.com\/fr\/wp-json\/wp\/v2\/media?parent=3048"}],"wp:term":[{"taxonomy":"product_brand","embeddable":true,"href":"https:\/\/lions-pharmacy.com\/fr\/wp-json\/wp\/v2\/product_brand?post=3048"},{"taxonomy":"product_cat","embeddable":true,"href":"https:\/\/lions-pharmacy.com\/fr\/wp-json\/wp\/v2\/product_cat?post=3048"},{"taxonomy":"product_tag","embeddable":true,"href":"https:\/\/lions-pharmacy.com\/fr\/wp-json\/wp\/v2\/product_tag?post=3048"}],"curies":[{"name":"wp","href":"https:\/\/api.w.org\/{rel}","templated":true}]}}