{"id":2368,"date":"2023-09-18T16:32:16","date_gmt":"2023-09-18T15:32:16","guid":{"rendered":"https:\/\/lions-pharmacy.com\/?post_type=product&#038;p=2368"},"modified":"2025-01-24T20:25:41","modified_gmt":"2025-01-24T19:25:41","slug":"apis-homaccord-ampoules-10-pc-00059476","status":"publish","type":"product","link":"https:\/\/lions-pharmacy.com\/fr\/produit\/apis-homaccord-ampoules-10-pc-00059476","title":{"rendered":"Apis Homaccord ampoules 10 pcs."},"content":{"rendered":"<h3>Apis Homaccord ampoules 10 pcs.<\/h3>\n<p>Apis Homaccord Ampoules &#8211; M\u00e9dicament hom\u00e9opathique enregistr\u00e9, donc sans indication th\u00e9rapeutique. Un avis m\u00e9dical doit \u00eatre obtenu si les sympt\u00f4mes de la maladie persistent pendant l\u2019utilisation.<\/p>\n<p>Dans le cadre de notre approche th\u00e9rapeutique centr\u00e9e sur le patient, les m\u00e9dicaments Heel se concentrent sur la capacit\u00e9 du corps \u00e0 s\u2019autor\u00e9guler. Ils soutiennent l\u2019activation des propres m\u00e9canismes du corps pour favoriser la r\u00e9cup\u00e9ration, plut\u00f4t que de simplement supprimer les sympt\u00f4mes de la maladie. Les m\u00e9dicaments \u00e0 base d\u2019ingr\u00e9dients actifs naturels stimulent et renforcent ce processus, et les patients b\u00e9n\u00e9ficient de l\u2019approche th\u00e9rapeutique s\u00fbre et durable.<\/p>\n<p>Autres produits pour l\u2019application: infections | <a href=\"https:\/\/lions-pharmacy.com\/product-tag\/vitamins-supplements\">Produits de vitamines et suppl\u00e9ments<\/a><br \/>\nEn apprendre plus sur manufactorer et ce <a href=\"https:\/\/www.heel.de\/de\/zeel-comp-n.html\" target=\"_blank\" rel=\"noopener\">produit Apis Homaccord ampoules<\/a> : ou visitez la page fabricant: <a href=\"https:\/\/www.heel.de\/de\/produktsuche.html\" target=\"_blank\" rel=\"noopener\">Biologische <\/a><a href=\"https:\/\/www.heel.de\/de\/produktsuche.html\">Heilmittel<\/a> <a href=\"https:\/\/www.heel.de\/de\/produktsuche.html\" target=\"_blank\" rel=\"noopener\">Heel GmbH<\/a><\/p>\n<p>Les informations contenues dans ce site web sont fournies \u00e0 titre informatif uniquement. Ils ne remplacent en aucun cas l&#8217;examen et le traitement par un m\u00e9decin. Veuillez noter que cela signifie qu&#8217;aucun diagnostic ne peut \u00eatre \u00e9tabli et qu&#8217;aucune th\u00e9rapie ne peut \u00eatre mise en place.<\/p>\n<p>Pour conna\u00eetre les risques et les effets secondaires, lisez la notice et demandez conseil \u00e0 votre m\u00e9decin ou \u00e0 votre pharmacien.<\/p>\n","protected":false},"excerpt":{"rendered":"<h2>Apis Homaccord ampoules 10 pcs.<\/h2>\n<p>&nbsp;<\/p>\n<p>PZN : 00059476 (num\u00e9ro central pharmaceutique)<\/p>\n<p>Forme pharmaceutique : ampoules<\/p>\n<p>Type de prescription : sans ordonnance<\/p>\n<p>Marque:-<\/p>\n<p>Fabricant: Biologische Heilmittel Heel GmbH<\/p>\n<p>Taille d\u2019emballage: 10 pcs.<\/p>\n","protected":false},"featured_media":2204,"comment_status":"closed","ping_status":"closed","template":"","meta":[],"product_brand":[],"product_cat":[346,114],"product_tag":[],"class_list":{"0":"post-2368","1":"product","2":"type-product","3":"status-publish","4":"has-post-thumbnail","6":"product_cat-heel","7":"product_cat-non-classifiee","8":"product_shipping_class-standard-fr","9":"ts_product_brand-all-fr","10":"ts_product_brand-heel-fr","12":"first","13":"instock","14":"sale","15":"taxable","16":"shipping-taxable","17":"purchasable","18":"product-type-simple"},"yoast_head":"<!-- This site is optimized with the Yoast SEO plugin v26.5 - https:\/\/yoast.com\/wordpress\/plugins\/seo\/ -->\n<title>Apis Homaccord ampoules 10 pcs. &#187; Lion Pharmacy &#187; commander ici<\/title>\n<meta name=\"description\" content=\"Pharmacie en ligne allemande enregistr\u00e9e. Exp\u00e9dition internationale rapide et achats en ligne en toute s\u00e9curit\u00e9. M\u00e9dicaments pour talons: Apis Homaccord ampoules 10 pcs. &gt; commander directement ici\" \/>\n<meta name=\"robots\" content=\"index, follow, max-snippet:-1, max-image-preview:large, max-video-preview:-1\" \/>\n<link rel=\"canonical\" href=\"https:\/\/lions-pharmacy.com\/fr\/produit\/apis-homaccord-ampoules-10-pc-00059476\" \/>\n<meta property=\"og:locale\" content=\"fr_FR\" \/>\n<meta property=\"og:type\" content=\"article\" \/>\n<meta property=\"og:title\" content=\"Apis Homaccord ampoules 10 pcs. &#187; Lion Pharmacy &#187; commander ici\" \/>\n<meta property=\"og:description\" content=\"Pharmacie en ligne allemande enregistr\u00e9e. Exp\u00e9dition internationale rapide et achats en ligne en toute s\u00e9curit\u00e9. M\u00e9dicaments pour talons: Apis Homaccord ampoules 10 pcs. &gt; commander directement ici\" \/>\n<meta property=\"og:url\" content=\"https:\/\/lions-pharmacy.com\/fr\/produit\/apis-homaccord-ampoules-10-pc-00059476\" \/>\n<meta property=\"og:site_name\" content=\"Lion Pharmacy\" \/>\n<meta property=\"article:modified_time\" content=\"2025-01-24T19:25:41+00:00\" \/>\n<meta property=\"og:image\" content=\"https:\/\/lions-pharmacy.com\/wp-content\/uploads\/2023\/09\/Apis-Homaccord-Ampullen-Heel-Lowen-Apotheke-1.webp\" \/>\n\t<meta property=\"og:image:width\" content=\"600\" \/>\n\t<meta property=\"og:image:height\" content=\"600\" \/>\n\t<meta property=\"og:image:type\" content=\"image\/webp\" \/>\n<meta name=\"twitter:card\" content=\"summary_large_image\" \/>\n<meta name=\"twitter:label1\" content=\"Dur\u00e9e de lecture estim\u00e9e\" \/>\n\t<meta name=\"twitter:data1\" content=\"1 minute\" \/>\n<script type=\"application\/ld+json\" class=\"yoast-schema-graph\">{\"@context\":\"https:\/\/schema.org\",\"@graph\":[{\"@type\":\"WebPage\",\"@id\":\"https:\/\/lions-pharmacy.com\/fr\/produit\/apis-homaccord-ampoules-10-pc-00059476\",\"url\":\"https:\/\/lions-pharmacy.com\/fr\/produit\/apis-homaccord-ampoules-10-pc-00059476\",\"name\":\"Apis Homaccord ampoules 10 pcs. &#187; Lion Pharmacy &#187; commander ici\",\"isPartOf\":{\"@id\":\"https:\/\/lions-pharmacy.com\/fr#website\"},\"primaryImageOfPage\":{\"@id\":\"https:\/\/lions-pharmacy.com\/fr\/produit\/apis-homaccord-ampoules-10-pc-00059476#primaryimage\"},\"image\":{\"@id\":\"https:\/\/lions-pharmacy.com\/fr\/produit\/apis-homaccord-ampoules-10-pc-00059476#primaryimage\"},\"thumbnailUrl\":\"https:\/\/lions-pharmacy.com\/wp-content\/uploads\/2023\/09\/Apis-Homaccord-Ampullen-Heel-Lowen-Apotheke-1.webp\",\"datePublished\":\"2023-09-18T15:32:16+00:00\",\"dateModified\":\"2025-01-24T19:25:41+00:00\",\"description\":\"Pharmacie en ligne allemande enregistr\u00e9e. Exp\u00e9dition internationale rapide et achats en ligne en toute s\u00e9curit\u00e9. M\u00e9dicaments pour talons: Apis Homaccord ampoules 10 pcs. > commander directement ici\",\"breadcrumb\":{\"@id\":\"https:\/\/lions-pharmacy.com\/fr\/produit\/apis-homaccord-ampoules-10-pc-00059476#breadcrumb\"},\"inLanguage\":\"fr-FR\",\"potentialAction\":[{\"@type\":\"ReadAction\",\"target\":[\"https:\/\/lions-pharmacy.com\/fr\/produit\/apis-homaccord-ampoules-10-pc-00059476\"]}]},{\"@type\":\"ImageObject\",\"inLanguage\":\"fr-FR\",\"@id\":\"https:\/\/lions-pharmacy.com\/fr\/produit\/apis-homaccord-ampoules-10-pc-00059476#primaryimage\",\"url\":\"https:\/\/lions-pharmacy.com\/wp-content\/uploads\/2023\/09\/Apis-Homaccord-Ampullen-Heel-Lowen-Apotheke-1.webp\",\"contentUrl\":\"https:\/\/lions-pharmacy.com\/wp-content\/uploads\/2023\/09\/Apis-Homaccord-Ampullen-Heel-Lowen-Apotheke-1.webp\",\"width\":600,\"height\":600,\"caption\":\"Apis Homaccord Ampullen Heel L\u00f6wen Apotheke\"},{\"@type\":\"BreadcrumbList\",\"@id\":\"https:\/\/lions-pharmacy.com\/fr\/produit\/apis-homaccord-ampoules-10-pc-00059476#breadcrumb\",\"itemListElement\":[{\"@type\":\"ListItem\",\"position\":1,\"name\":\"Home\",\"item\":\"https:\/\/lions-pharmacy.com\/fr\/homepage-lion-pharmacy\"},{\"@type\":\"ListItem\",\"position\":2,\"name\":\"Shop\",\"item\":\"https:\/\/lions-pharmacy.com\/fr\/boutique\"},{\"@type\":\"ListItem\",\"position\":3,\"name\":\"Apis Homaccord ampoules 10 pcs.\"}]},{\"@type\":\"WebSite\",\"@id\":\"https:\/\/lions-pharmacy.com\/fr#website\",\"url\":\"https:\/\/lions-pharmacy.com\/fr\",\"name\":\"Lions Pharmacy\",\"description\":\"Pharmacie sp\u00e9cialis\u00e9e en naturopathie de Baden-Baden, Allemagne\",\"publisher\":{\"@id\":\"https:\/\/lions-pharmacy.com\/fr#organization\"},\"alternateName\":\"Lion Pharmacy\",\"potentialAction\":[{\"@type\":\"SearchAction\",\"target\":{\"@type\":\"EntryPoint\",\"urlTemplate\":\"https:\/\/lions-pharmacy.com\/fr?s={search_term_string}\"},\"query-input\":{\"@type\":\"PropertyValueSpecification\",\"valueRequired\":true,\"valueName\":\"search_term_string\"}}],\"inLanguage\":\"fr-FR\"},{\"@type\":\"Organization\",\"@id\":\"https:\/\/lions-pharmacy.com\/fr#organization\",\"name\":\"Lions Pharmacy\",\"alternateName\":\"Lions Pharmacy24\",\"url\":\"https:\/\/lions-pharmacy.com\/fr\",\"logo\":{\"@type\":\"ImageObject\",\"inLanguage\":\"fr-FR\",\"@id\":\"https:\/\/lions-pharmacy.com\/fr#\/schema\/logo\/image\/\",\"url\":\"https:\/\/lions-pharmacy.com\/wp-content\/uploads\/2022\/12\/Logo-Lion-Pharmacy-c-o-Loewen-Apotheke-smal.jpg\",\"contentUrl\":\"https:\/\/lions-pharmacy.com\/wp-content\/uploads\/2022\/12\/Logo-Lion-Pharmacy-c-o-Loewen-Apotheke-smal.jpg\",\"width\":298,\"height\":99,\"caption\":\"Lions Pharmacy\"},\"image\":{\"@id\":\"https:\/\/lions-pharmacy.com\/fr#\/schema\/logo\/image\/\"}}]}<\/script>\n<!-- \/ Yoast SEO plugin. -->","yoast_head_json":{"title":"Apis Homaccord ampoules 10 pcs. &#187; Lion Pharmacy &#187; commander ici","description":"Pharmacie en ligne allemande enregistr\u00e9e. Exp\u00e9dition internationale rapide et achats en ligne en toute s\u00e9curit\u00e9. M\u00e9dicaments pour talons: Apis Homaccord ampoules 10 pcs. > commander directement ici","robots":{"index":"index","follow":"follow","max-snippet":"max-snippet:-1","max-image-preview":"max-image-preview:large","max-video-preview":"max-video-preview:-1"},"canonical":"https:\/\/lions-pharmacy.com\/fr\/produit\/apis-homaccord-ampoules-10-pc-00059476","og_locale":"fr_FR","og_type":"article","og_title":"Apis Homaccord ampoules 10 pcs. &#187; Lion Pharmacy &#187; commander ici","og_description":"Pharmacie en ligne allemande enregistr\u00e9e. Exp\u00e9dition internationale rapide et achats en ligne en toute s\u00e9curit\u00e9. M\u00e9dicaments pour talons: Apis Homaccord ampoules 10 pcs. > commander directement ici","og_url":"https:\/\/lions-pharmacy.com\/fr\/produit\/apis-homaccord-ampoules-10-pc-00059476","og_site_name":"Lion Pharmacy","article_modified_time":"2025-01-24T19:25:41+00:00","og_image":[{"width":600,"height":600,"url":"https:\/\/lions-pharmacy.com\/wp-content\/uploads\/2023\/09\/Apis-Homaccord-Ampullen-Heel-Lowen-Apotheke-1.webp","type":"image\/webp"}],"twitter_card":"summary_large_image","twitter_misc":{"Dur\u00e9e de lecture estim\u00e9e":"1 minute"},"schema":{"@context":"https:\/\/schema.org","@graph":[{"@type":"WebPage","@id":"https:\/\/lions-pharmacy.com\/fr\/produit\/apis-homaccord-ampoules-10-pc-00059476","url":"https:\/\/lions-pharmacy.com\/fr\/produit\/apis-homaccord-ampoules-10-pc-00059476","name":"Apis Homaccord ampoules 10 pcs. &#187; Lion Pharmacy &#187; commander ici","isPartOf":{"@id":"https:\/\/lions-pharmacy.com\/fr#website"},"primaryImageOfPage":{"@id":"https:\/\/lions-pharmacy.com\/fr\/produit\/apis-homaccord-ampoules-10-pc-00059476#primaryimage"},"image":{"@id":"https:\/\/lions-pharmacy.com\/fr\/produit\/apis-homaccord-ampoules-10-pc-00059476#primaryimage"},"thumbnailUrl":"https:\/\/lions-pharmacy.com\/wp-content\/uploads\/2023\/09\/Apis-Homaccord-Ampullen-Heel-Lowen-Apotheke-1.webp","datePublished":"2023-09-18T15:32:16+00:00","dateModified":"2025-01-24T19:25:41+00:00","description":"Pharmacie en ligne allemande enregistr\u00e9e. Exp\u00e9dition internationale rapide et achats en ligne en toute s\u00e9curit\u00e9. M\u00e9dicaments pour talons: Apis Homaccord ampoules 10 pcs. > commander directement ici","breadcrumb":{"@id":"https:\/\/lions-pharmacy.com\/fr\/produit\/apis-homaccord-ampoules-10-pc-00059476#breadcrumb"},"inLanguage":"fr-FR","potentialAction":[{"@type":"ReadAction","target":["https:\/\/lions-pharmacy.com\/fr\/produit\/apis-homaccord-ampoules-10-pc-00059476"]}]},{"@type":"ImageObject","inLanguage":"fr-FR","@id":"https:\/\/lions-pharmacy.com\/fr\/produit\/apis-homaccord-ampoules-10-pc-00059476#primaryimage","url":"https:\/\/lions-pharmacy.com\/wp-content\/uploads\/2023\/09\/Apis-Homaccord-Ampullen-Heel-Lowen-Apotheke-1.webp","contentUrl":"https:\/\/lions-pharmacy.com\/wp-content\/uploads\/2023\/09\/Apis-Homaccord-Ampullen-Heel-Lowen-Apotheke-1.webp","width":600,"height":600,"caption":"Apis Homaccord Ampullen Heel L\u00f6wen Apotheke"},{"@type":"BreadcrumbList","@id":"https:\/\/lions-pharmacy.com\/fr\/produit\/apis-homaccord-ampoules-10-pc-00059476#breadcrumb","itemListElement":[{"@type":"ListItem","position":1,"name":"Home","item":"https:\/\/lions-pharmacy.com\/fr\/homepage-lion-pharmacy"},{"@type":"ListItem","position":2,"name":"Shop","item":"https:\/\/lions-pharmacy.com\/fr\/boutique"},{"@type":"ListItem","position":3,"name":"Apis Homaccord ampoules 10 pcs."}]},{"@type":"WebSite","@id":"https:\/\/lions-pharmacy.com\/fr#website","url":"https:\/\/lions-pharmacy.com\/fr","name":"Lions Pharmacy","description":"Pharmacie sp\u00e9cialis\u00e9e en naturopathie de Baden-Baden, Allemagne","publisher":{"@id":"https:\/\/lions-pharmacy.com\/fr#organization"},"alternateName":"Lion Pharmacy","potentialAction":[{"@type":"SearchAction","target":{"@type":"EntryPoint","urlTemplate":"https:\/\/lions-pharmacy.com\/fr?s={search_term_string}"},"query-input":{"@type":"PropertyValueSpecification","valueRequired":true,"valueName":"search_term_string"}}],"inLanguage":"fr-FR"},{"@type":"Organization","@id":"https:\/\/lions-pharmacy.com\/fr#organization","name":"Lions Pharmacy","alternateName":"Lions Pharmacy24","url":"https:\/\/lions-pharmacy.com\/fr","logo":{"@type":"ImageObject","inLanguage":"fr-FR","@id":"https:\/\/lions-pharmacy.com\/fr#\/schema\/logo\/image\/","url":"https:\/\/lions-pharmacy.com\/wp-content\/uploads\/2022\/12\/Logo-Lion-Pharmacy-c-o-Loewen-Apotheke-smal.jpg","contentUrl":"https:\/\/lions-pharmacy.com\/wp-content\/uploads\/2022\/12\/Logo-Lion-Pharmacy-c-o-Loewen-Apotheke-smal.jpg","width":298,"height":99,"caption":"Lions Pharmacy"},"image":{"@id":"https:\/\/lions-pharmacy.com\/fr#\/schema\/logo\/image\/"}}]}},"_links":{"self":[{"href":"https:\/\/lions-pharmacy.com\/fr\/wp-json\/wp\/v2\/product\/2368","targetHints":{"allow":["GET"]}}],"collection":[{"href":"https:\/\/lions-pharmacy.com\/fr\/wp-json\/wp\/v2\/product"}],"about":[{"href":"https:\/\/lions-pharmacy.com\/fr\/wp-json\/wp\/v2\/types\/product"}],"replies":[{"embeddable":true,"href":"https:\/\/lions-pharmacy.com\/fr\/wp-json\/wp\/v2\/comments?post=2368"}],"wp:featuredmedia":[{"embeddable":true,"href":"https:\/\/lions-pharmacy.com\/fr\/wp-json\/wp\/v2\/media\/2204"}],"wp:attachment":[{"href":"https:\/\/lions-pharmacy.com\/fr\/wp-json\/wp\/v2\/media?parent=2368"}],"wp:term":[{"taxonomy":"product_brand","embeddable":true,"href":"https:\/\/lions-pharmacy.com\/fr\/wp-json\/wp\/v2\/product_brand?post=2368"},{"taxonomy":"product_cat","embeddable":true,"href":"https:\/\/lions-pharmacy.com\/fr\/wp-json\/wp\/v2\/product_cat?post=2368"},{"taxonomy":"product_tag","embeddable":true,"href":"https:\/\/lions-pharmacy.com\/fr\/wp-json\/wp\/v2\/product_tag?post=2368"}],"curies":[{"name":"wp","href":"https:\/\/api.w.org\/{rel}","templated":true}]}}