{"id":2323,"date":"2023-09-16T21:47:19","date_gmt":"2023-09-16T20:47:19","guid":{"rendered":"https:\/\/lions-pharmacy.com\/?post_type=product&#038;p=2323"},"modified":"2025-01-24T20:44:31","modified_gmt":"2025-01-24T19:44:31","slug":"vertigoheel-comprimes-250-pcs-01088971","status":"publish","type":"product","link":"https:\/\/lions-pharmacy.com\/fr\/produit\/vertigoheel-comprimes-250-pcs-01088971","title":{"rendered":"Vertigoheel comprim\u00e9s 250 pcs."},"content":{"rendered":"<h3>Comprim\u00e9s Vertigoheel<\/h3>\n<p>Vertigoheel comprim\u00e9s: Vertigoheel est un m\u00e9dicament naturel pour le vertige.<\/p>\n<p>Dans le cadre de notre approche th\u00e9rapeutique centr\u00e9e sur le patient, les m\u00e9dicaments Heel se concentrent sur la capacit\u00e9 du corps \u00e0 s\u2019autor\u00e9guler. Ils soutiennent l\u2019activation des propres m\u00e9canismes du corps pour favoriser la r\u00e9cup\u00e9ration, plut\u00f4t que de simplement supprimer les sympt\u00f4mes de la maladie. Les m\u00e9dicaments \u00e0 base d\u2019ingr\u00e9dients actifs naturels stimulent et renforcent ce processus, et les patients b\u00e9n\u00e9ficient de l\u2019approche th\u00e9rapeutique s\u00fbre et durable.<\/p>\n<p>Vertigoheel comprim\u00e9s &#8211; m\u00e9dicament hom\u00e9opathique enregistr\u00e9, donc sans indication d\u2019usage th\u00e9rapeutique. Un avis m\u00e9dical doit \u00eatre demand\u00e9 si les sympt\u00f4mes de la maladie persistent pendant l\u2019utilisation.<\/p>\n<p>Autres produits pour l\u2019application: infections | <a href=\"https:\/\/lions-pharmacy.com\/product-tag\/vitamins-supplements\">Produits de vitamines et suppl\u00e9ments<\/a><br \/>\nEn savoir plus sur fabricant et ce produit: <a href=\"https:\/\/www.heel.de\/de\/produktsuche.html\" target=\"_blank\" rel=\"noopener\">Biologische Heilmittel Heel GmbH<\/a> (lien vers site Web externe)<\/p>\n<p>Les informations contenues dans ce site web sont fournies \u00e0 titre informatif uniquement. Ils ne remplacent en aucun cas l&#8217;examen et le traitement par un m\u00e9decin. Veuillez noter que cela signifie qu&#8217;aucun diagnostic ne peut \u00eatre \u00e9tabli et qu&#8217;aucune th\u00e9rapie ne peut \u00eatre mise en place.<\/p>\n<p>Pour conna\u00eetre les risques et les effets secondaires, lisez la notice et demandez conseil \u00e0 votre m\u00e9decin ou \u00e0 votre pharmacien.<\/p>\n","protected":false},"excerpt":{"rendered":"<h2>Vertigoheel comprim\u00e9s 250 pcs.<\/h2>\n<p>Vertigoheel est un m\u00e9dicament naturel pour le vertige<\/p>\n<p>&nbsp;<\/p>\n<p>PZN : 01088971 (num\u00e9ro central pharmaceutique)<\/p>\n<p>Forme posologique: comprim\u00e9s<\/p>\n<p>Type de prescription : sans ordonnance<\/p>\n<p>Marque: Vertigoheel<\/p>\n<p>Fabricant: Biologische Heilmittel Heel GmbH<\/p>\n<p>Taille d\u2019emballage: 250 pc<\/p>\n","protected":false},"featured_media":2327,"comment_status":"closed","ping_status":"closed","template":"","meta":[],"product_brand":[],"product_cat":[346,120,114],"product_tag":[309],"class_list":{"0":"post-2323","1":"product","2":"type-product","3":"status-publish","4":"has-post-thumbnail","6":"product_cat-heel","7":"product_cat-sale-fr","8":"product_cat-non-classifiee","9":"product_tag-vente-mensuelle","10":"product_shipping_class-standard-fr","11":"ts_product_brand-heel-fr","13":"first","14":"instock","15":"sale","16":"taxable","17":"shipping-taxable","18":"purchasable","19":"product-type-simple"},"yoast_head":"<!-- This site is optimized with the Yoast SEO plugin v26.5 - https:\/\/yoast.com\/wordpress\/plugins\/seo\/ -->\n<title>Vertigoheel comprim\u00e9s 250 pcs. &#187; Lion Pharmacy &#187; commander ici<\/title>\n<meta name=\"description\" content=\"Pharmacie en ligne allemande enregistr\u00e9e. Exp\u00e9dition internationale rapide et achats en ligne en toute s\u00e9curit\u00e9. M\u00e9dicaments pour talons: Vertigoheel comprim\u00e9s 250 pcs. &gt; commander directement ici\" \/>\n<meta name=\"robots\" content=\"index, follow, max-snippet:-1, max-image-preview:large, max-video-preview:-1\" \/>\n<link rel=\"canonical\" href=\"https:\/\/lions-pharmacy.com\/fr\/produit\/vertigoheel-comprimes-250-pcs-01088971\" \/>\n<meta property=\"og:locale\" content=\"fr_FR\" \/>\n<meta property=\"og:type\" content=\"article\" \/>\n<meta property=\"og:title\" content=\"Vertigoheel comprim\u00e9s 250 pcs. &#187; Lion Pharmacy &#187; commander ici\" \/>\n<meta property=\"og:description\" content=\"Pharmacie en ligne allemande enregistr\u00e9e. Exp\u00e9dition internationale rapide et achats en ligne en toute s\u00e9curit\u00e9. M\u00e9dicaments pour talons: Vertigoheel comprim\u00e9s 250 pcs. &gt; commander directement ici\" \/>\n<meta property=\"og:url\" content=\"https:\/\/lions-pharmacy.com\/fr\/produit\/vertigoheel-comprimes-250-pcs-01088971\" \/>\n<meta property=\"og:site_name\" content=\"Lion Pharmacy\" \/>\n<meta property=\"article:modified_time\" content=\"2025-01-24T19:44:31+00:00\" \/>\n<meta property=\"og:image\" content=\"https:\/\/lions-pharmacy.com\/wp-content\/uploads\/2023\/09\/Vertigoheel-Tabs-250-Heel-Lions-Pharmacy.webp\" \/>\n\t<meta property=\"og:image:width\" content=\"600\" \/>\n\t<meta property=\"og:image:height\" content=\"600\" \/>\n\t<meta property=\"og:image:type\" content=\"image\/webp\" \/>\n<meta name=\"twitter:card\" content=\"summary_large_image\" \/>\n<meta name=\"twitter:label1\" content=\"Dur\u00e9e de lecture estim\u00e9e\" \/>\n\t<meta name=\"twitter:data1\" content=\"1 minute\" \/>\n<script type=\"application\/ld+json\" class=\"yoast-schema-graph\">{\"@context\":\"https:\/\/schema.org\",\"@graph\":[{\"@type\":\"WebPage\",\"@id\":\"https:\/\/lions-pharmacy.com\/fr\/produit\/vertigoheel-comprimes-250-pcs-01088971\",\"url\":\"https:\/\/lions-pharmacy.com\/fr\/produit\/vertigoheel-comprimes-250-pcs-01088971\",\"name\":\"Vertigoheel comprim\u00e9s 250 pcs. &#187; Lion Pharmacy &#187; commander ici\",\"isPartOf\":{\"@id\":\"https:\/\/lions-pharmacy.com\/fr#website\"},\"primaryImageOfPage\":{\"@id\":\"https:\/\/lions-pharmacy.com\/fr\/produit\/vertigoheel-comprimes-250-pcs-01088971#primaryimage\"},\"image\":{\"@id\":\"https:\/\/lions-pharmacy.com\/fr\/produit\/vertigoheel-comprimes-250-pcs-01088971#primaryimage\"},\"thumbnailUrl\":\"https:\/\/lions-pharmacy.com\/wp-content\/uploads\/2023\/09\/Vertigoheel-Tabs-250-Heel-Lions-Pharmacy.webp\",\"datePublished\":\"2023-09-16T20:47:19+00:00\",\"dateModified\":\"2025-01-24T19:44:31+00:00\",\"description\":\"Pharmacie en ligne allemande enregistr\u00e9e. Exp\u00e9dition internationale rapide et achats en ligne en toute s\u00e9curit\u00e9. M\u00e9dicaments pour talons: Vertigoheel comprim\u00e9s 250 pcs. > commander directement ici\",\"breadcrumb\":{\"@id\":\"https:\/\/lions-pharmacy.com\/fr\/produit\/vertigoheel-comprimes-250-pcs-01088971#breadcrumb\"},\"inLanguage\":\"fr-FR\",\"potentialAction\":[{\"@type\":\"ReadAction\",\"target\":[\"https:\/\/lions-pharmacy.com\/fr\/produit\/vertigoheel-comprimes-250-pcs-01088971\"]}]},{\"@type\":\"ImageObject\",\"inLanguage\":\"fr-FR\",\"@id\":\"https:\/\/lions-pharmacy.com\/fr\/produit\/vertigoheel-comprimes-250-pcs-01088971#primaryimage\",\"url\":\"https:\/\/lions-pharmacy.com\/wp-content\/uploads\/2023\/09\/Vertigoheel-Tabs-250-Heel-Lions-Pharmacy.webp\",\"contentUrl\":\"https:\/\/lions-pharmacy.com\/wp-content\/uploads\/2023\/09\/Vertigoheel-Tabs-250-Heel-Lions-Pharmacy.webp\",\"width\":600,\"height\":600,\"caption\":\"Vertigoheel Tablets 250 01088971 Heel Lions Pharmacie\"},{\"@type\":\"BreadcrumbList\",\"@id\":\"https:\/\/lions-pharmacy.com\/fr\/produit\/vertigoheel-comprimes-250-pcs-01088971#breadcrumb\",\"itemListElement\":[{\"@type\":\"ListItem\",\"position\":1,\"name\":\"Home\",\"item\":\"https:\/\/lions-pharmacy.com\/fr\/homepage-lion-pharmacy\"},{\"@type\":\"ListItem\",\"position\":2,\"name\":\"Shop\",\"item\":\"https:\/\/lions-pharmacy.com\/fr\/boutique\"},{\"@type\":\"ListItem\",\"position\":3,\"name\":\"Vertigoheel comprim\u00e9s 250 pcs.\"}]},{\"@type\":\"WebSite\",\"@id\":\"https:\/\/lions-pharmacy.com\/fr#website\",\"url\":\"https:\/\/lions-pharmacy.com\/fr\",\"name\":\"Lions Pharmacy\",\"description\":\"Pharmacie sp\u00e9cialis\u00e9e en naturopathie de Baden-Baden, Allemagne\",\"publisher\":{\"@id\":\"https:\/\/lions-pharmacy.com\/fr#organization\"},\"alternateName\":\"Lion Pharmacy\",\"potentialAction\":[{\"@type\":\"SearchAction\",\"target\":{\"@type\":\"EntryPoint\",\"urlTemplate\":\"https:\/\/lions-pharmacy.com\/fr?s={search_term_string}\"},\"query-input\":{\"@type\":\"PropertyValueSpecification\",\"valueRequired\":true,\"valueName\":\"search_term_string\"}}],\"inLanguage\":\"fr-FR\"},{\"@type\":\"Organization\",\"@id\":\"https:\/\/lions-pharmacy.com\/fr#organization\",\"name\":\"Lions Pharmacy\",\"alternateName\":\"Lions Pharmacy24\",\"url\":\"https:\/\/lions-pharmacy.com\/fr\",\"logo\":{\"@type\":\"ImageObject\",\"inLanguage\":\"fr-FR\",\"@id\":\"https:\/\/lions-pharmacy.com\/fr#\/schema\/logo\/image\/\",\"url\":\"https:\/\/lions-pharmacy.com\/wp-content\/uploads\/2022\/12\/Logo-Lion-Pharmacy-c-o-Loewen-Apotheke-smal.jpg\",\"contentUrl\":\"https:\/\/lions-pharmacy.com\/wp-content\/uploads\/2022\/12\/Logo-Lion-Pharmacy-c-o-Loewen-Apotheke-smal.jpg\",\"width\":298,\"height\":99,\"caption\":\"Lions Pharmacy\"},\"image\":{\"@id\":\"https:\/\/lions-pharmacy.com\/fr#\/schema\/logo\/image\/\"}}]}<\/script>\n<!-- \/ Yoast SEO plugin. -->","yoast_head_json":{"title":"Vertigoheel comprim\u00e9s 250 pcs. &#187; Lion Pharmacy &#187; commander ici","description":"Pharmacie en ligne allemande enregistr\u00e9e. Exp\u00e9dition internationale rapide et achats en ligne en toute s\u00e9curit\u00e9. M\u00e9dicaments pour talons: Vertigoheel comprim\u00e9s 250 pcs. > commander directement ici","robots":{"index":"index","follow":"follow","max-snippet":"max-snippet:-1","max-image-preview":"max-image-preview:large","max-video-preview":"max-video-preview:-1"},"canonical":"https:\/\/lions-pharmacy.com\/fr\/produit\/vertigoheel-comprimes-250-pcs-01088971","og_locale":"fr_FR","og_type":"article","og_title":"Vertigoheel comprim\u00e9s 250 pcs. &#187; Lion Pharmacy &#187; commander ici","og_description":"Pharmacie en ligne allemande enregistr\u00e9e. Exp\u00e9dition internationale rapide et achats en ligne en toute s\u00e9curit\u00e9. M\u00e9dicaments pour talons: Vertigoheel comprim\u00e9s 250 pcs. > commander directement ici","og_url":"https:\/\/lions-pharmacy.com\/fr\/produit\/vertigoheel-comprimes-250-pcs-01088971","og_site_name":"Lion Pharmacy","article_modified_time":"2025-01-24T19:44:31+00:00","og_image":[{"width":600,"height":600,"url":"https:\/\/lions-pharmacy.com\/wp-content\/uploads\/2023\/09\/Vertigoheel-Tabs-250-Heel-Lions-Pharmacy.webp","type":"image\/webp"}],"twitter_card":"summary_large_image","twitter_misc":{"Dur\u00e9e de lecture estim\u00e9e":"1 minute"},"schema":{"@context":"https:\/\/schema.org","@graph":[{"@type":"WebPage","@id":"https:\/\/lions-pharmacy.com\/fr\/produit\/vertigoheel-comprimes-250-pcs-01088971","url":"https:\/\/lions-pharmacy.com\/fr\/produit\/vertigoheel-comprimes-250-pcs-01088971","name":"Vertigoheel comprim\u00e9s 250 pcs. &#187; Lion Pharmacy &#187; commander ici","isPartOf":{"@id":"https:\/\/lions-pharmacy.com\/fr#website"},"primaryImageOfPage":{"@id":"https:\/\/lions-pharmacy.com\/fr\/produit\/vertigoheel-comprimes-250-pcs-01088971#primaryimage"},"image":{"@id":"https:\/\/lions-pharmacy.com\/fr\/produit\/vertigoheel-comprimes-250-pcs-01088971#primaryimage"},"thumbnailUrl":"https:\/\/lions-pharmacy.com\/wp-content\/uploads\/2023\/09\/Vertigoheel-Tabs-250-Heel-Lions-Pharmacy.webp","datePublished":"2023-09-16T20:47:19+00:00","dateModified":"2025-01-24T19:44:31+00:00","description":"Pharmacie en ligne allemande enregistr\u00e9e. Exp\u00e9dition internationale rapide et achats en ligne en toute s\u00e9curit\u00e9. M\u00e9dicaments pour talons: Vertigoheel comprim\u00e9s 250 pcs. > commander directement ici","breadcrumb":{"@id":"https:\/\/lions-pharmacy.com\/fr\/produit\/vertigoheel-comprimes-250-pcs-01088971#breadcrumb"},"inLanguage":"fr-FR","potentialAction":[{"@type":"ReadAction","target":["https:\/\/lions-pharmacy.com\/fr\/produit\/vertigoheel-comprimes-250-pcs-01088971"]}]},{"@type":"ImageObject","inLanguage":"fr-FR","@id":"https:\/\/lions-pharmacy.com\/fr\/produit\/vertigoheel-comprimes-250-pcs-01088971#primaryimage","url":"https:\/\/lions-pharmacy.com\/wp-content\/uploads\/2023\/09\/Vertigoheel-Tabs-250-Heel-Lions-Pharmacy.webp","contentUrl":"https:\/\/lions-pharmacy.com\/wp-content\/uploads\/2023\/09\/Vertigoheel-Tabs-250-Heel-Lions-Pharmacy.webp","width":600,"height":600,"caption":"Vertigoheel Tablets 250 01088971 Heel Lions Pharmacie"},{"@type":"BreadcrumbList","@id":"https:\/\/lions-pharmacy.com\/fr\/produit\/vertigoheel-comprimes-250-pcs-01088971#breadcrumb","itemListElement":[{"@type":"ListItem","position":1,"name":"Home","item":"https:\/\/lions-pharmacy.com\/fr\/homepage-lion-pharmacy"},{"@type":"ListItem","position":2,"name":"Shop","item":"https:\/\/lions-pharmacy.com\/fr\/boutique"},{"@type":"ListItem","position":3,"name":"Vertigoheel comprim\u00e9s 250 pcs."}]},{"@type":"WebSite","@id":"https:\/\/lions-pharmacy.com\/fr#website","url":"https:\/\/lions-pharmacy.com\/fr","name":"Lions Pharmacy","description":"Pharmacie sp\u00e9cialis\u00e9e en naturopathie de Baden-Baden, Allemagne","publisher":{"@id":"https:\/\/lions-pharmacy.com\/fr#organization"},"alternateName":"Lion Pharmacy","potentialAction":[{"@type":"SearchAction","target":{"@type":"EntryPoint","urlTemplate":"https:\/\/lions-pharmacy.com\/fr?s={search_term_string}"},"query-input":{"@type":"PropertyValueSpecification","valueRequired":true,"valueName":"search_term_string"}}],"inLanguage":"fr-FR"},{"@type":"Organization","@id":"https:\/\/lions-pharmacy.com\/fr#organization","name":"Lions Pharmacy","alternateName":"Lions Pharmacy24","url":"https:\/\/lions-pharmacy.com\/fr","logo":{"@type":"ImageObject","inLanguage":"fr-FR","@id":"https:\/\/lions-pharmacy.com\/fr#\/schema\/logo\/image\/","url":"https:\/\/lions-pharmacy.com\/wp-content\/uploads\/2022\/12\/Logo-Lion-Pharmacy-c-o-Loewen-Apotheke-smal.jpg","contentUrl":"https:\/\/lions-pharmacy.com\/wp-content\/uploads\/2022\/12\/Logo-Lion-Pharmacy-c-o-Loewen-Apotheke-smal.jpg","width":298,"height":99,"caption":"Lions Pharmacy"},"image":{"@id":"https:\/\/lions-pharmacy.com\/fr#\/schema\/logo\/image\/"}}]}},"_links":{"self":[{"href":"https:\/\/lions-pharmacy.com\/fr\/wp-json\/wp\/v2\/product\/2323","targetHints":{"allow":["GET"]}}],"collection":[{"href":"https:\/\/lions-pharmacy.com\/fr\/wp-json\/wp\/v2\/product"}],"about":[{"href":"https:\/\/lions-pharmacy.com\/fr\/wp-json\/wp\/v2\/types\/product"}],"replies":[{"embeddable":true,"href":"https:\/\/lions-pharmacy.com\/fr\/wp-json\/wp\/v2\/comments?post=2323"}],"wp:featuredmedia":[{"embeddable":true,"href":"https:\/\/lions-pharmacy.com\/fr\/wp-json\/wp\/v2\/media\/2327"}],"wp:attachment":[{"href":"https:\/\/lions-pharmacy.com\/fr\/wp-json\/wp\/v2\/media?parent=2323"}],"wp:term":[{"taxonomy":"product_brand","embeddable":true,"href":"https:\/\/lions-pharmacy.com\/fr\/wp-json\/wp\/v2\/product_brand?post=2323"},{"taxonomy":"product_cat","embeddable":true,"href":"https:\/\/lions-pharmacy.com\/fr\/wp-json\/wp\/v2\/product_cat?post=2323"},{"taxonomy":"product_tag","embeddable":true,"href":"https:\/\/lions-pharmacy.com\/fr\/wp-json\/wp\/v2\/product_tag?post=2323"}],"curies":[{"name":"wp","href":"https:\/\/api.w.org\/{rel}","templated":true}]}}