{"id":22993,"date":"2026-04-24T13:11:18","date_gmt":"2026-04-24T12:11:18","guid":{"rendered":"https:\/\/lions-pharmacy.com\/?post_type=product&#038;p=22993"},"modified":"2026-04-24T13:21:07","modified_gmt":"2026-04-24T12:21:07","slug":"orthomol-vital-tabletscapsules-30-pc-20182782","status":"publish","type":"product","link":"https:\/\/lions-pharmacy.com\/fr\/produit\/orthomol-vital-tabletscapsules-30-pc-20182782","title":{"rendered":"Orthomol Vital Comprim\u00e9s+Capsules (30 pc)"},"content":{"rendered":"<h3>Orthomol Vital Comprim\u00e9s+Capsules<\/h3>\n<p>Le nouvel Orthomol Vital allie une qualit\u00e9 \u00e9prouv\u00e9e et certifi\u00e9e \u00e0 une formule am\u00e9lior\u00e9e : Il contient 26 nutriments sp\u00e9cifiques, dont l&#8217;ensemble du complexe de vitamines B, des acides gras om\u00e9ga-3 et d&#8217;autres vitamines et min\u00e9raux. Orthomol Vital contient 26 nutriments sp\u00e9cifiques. Elle comprend le complexe complet de vitamines B, dont 1 000 \u00b5g de vitamine B12 par portion journali\u00e8re. Avec des acides gras om\u00e9ga-3.<\/p>\n<p>Les vitamines B et le magn\u00e9sium contribuent non seulement \u00e0 r\u00e9duire la fatigue et l&#8217;\u00e9puisement, mais aussi \u00e0 assurer un m\u00e9tabolisme \u00e9nerg\u00e9tique normal et un fonctionnement normal du syst\u00e8me nerveux.<\/p>\n<p>Les compl\u00e9ments alimentaires ne remplacent pas un r\u00e9gime alimentaire vari\u00e9. Une alimentation \u00e9quilibr\u00e9e et un mode de vie sain sont importants. Ne d\u00e9passez pas la dose journali\u00e8re recommand\u00e9e. Tenir hors de port\u00e9e des jeunes enfants.<\/p>\n<p>Produits d\u2019Orthomol: Pionniers de la m\u00e9decine nutritionnelle orthomol\u00e9culaire en Allemagne. Depuis plus de 30 ans, l\u2019entreprise d\u00e9veloppe et vend des doses \u00e9quilibr\u00e9es de combinaisons de micronutriments pour divers domaines d\u2019application. Ce sont des combinaisons de micronutriments bas\u00e9es sur la m\u00e9decine orthomol\u00e9culaire.<\/p>\n<p>Notice\/instructions d&#8217;utilisation\/fiche de donn\u00e9es sur les articles : &#8211; (lecteur PDF) et informations sur les denr\u00e9es alimentaires : &#8211; (lecteur PDF).<\/p>\n<p>Autres produits pour l&#8217;application : <a href=\"https:\/\/lions-pharmacy.com\/fr\/etiquette-produit\/vitamines-et-supplements\">Vitamines et compl\u00e9ments alimentaires<\/a> | <a href=\"https:\/\/lions-pharmacy.com\/fr\/etiquette-produit\/remedes-naturels\" rel=\"tag\">Rem\u00e8des naturels<\/a> | <a href=\"https:\/\/lions-pharmacy.com\/fr\/etiquette-produit\/bien-etre\" rel=\"tag\">Bien-\u00eatre<\/a><\/p>\n<p>En savoir plus sur manufactorer et ce produit: <a href=\"https:\/\/www.orthomol.com\/de-de\/produkte\/\" target=\"_blank\" rel=\"noopener\">orthomol<\/a> (lien vers site externe)<\/p>\n<p>Les informations contenues dans ce site web sont fournies \u00e0 titre informatif uniquement. Ils ne remplacent en aucun cas l&#8217;examen et le traitement par un m\u00e9decin. Veuillez noter que cela signifie qu&#8217;aucun diagnostic ne peut \u00eatre \u00e9tabli et qu&#8217;aucune th\u00e9rapie ne peut \u00eatre mise en place.<\/p>\n<p>Pour conna\u00eetre les risques et les effets secondaires, lisez la notice et demandez conseil \u00e0 votre m\u00e9decin ou \u00e0 votre pharmacien.<\/p>\n","protected":false},"excerpt":{"rendered":"<h2>Orthomol Vital &#8211; NOUVEAU<\/h2>\n<p>Contient des micronutriments importants, notamment des vitamines B et du magn\u00e9sium pour r\u00e9duire la fatigue : Vitamines B et magn\u00e9sium pour r\u00e9duire la fatigue. Avec des acides gras om\u00e9ga-3.<\/p>\n<p>&nbsp;<\/p>\n<p><strong>PZN<\/strong>: 20182782<\/p>\n<p><strong>Forme posologique<\/strong>: g\u00e9lules, comprim\u00e9s, granul\u00e9s, combo pack<\/p>\n<p><strong>Type d\u2019ordonnance<\/strong> : sans ordonnance<\/p>\n<p><strong>Marque<\/strong>: orthomol<\/p>\n<p><strong>Fabricant<\/strong>: orthomol Arzneimittel GmbH, Langenfeld, Allemagne<\/p>\n","protected":false},"featured_media":22999,"comment_status":"closed","ping_status":"closed","template":"","meta":[],"product_brand":[],"product_cat":[756,114],"product_tag":[266,466,267,264],"class_list":{"0":"post-22993","1":"product","2":"type-product","3":"status-publish","4":"has-post-thumbnail","6":"product_cat-orthomol-fr","7":"product_cat-non-classifiee","8":"product_tag-bien-etre","9":"product_tag-ingredient-actif-a-base-de-plantes","10":"product_tag-poids-et-forme","11":"product_tag-vitamines-et-supplements","12":"ts_product_brand-all-fr","13":"ts_product_brand-orthomol-fr","15":"first","16":"instock","17":"taxable","18":"shipping-taxable","19":"purchasable","20":"product-type-simple"},"yoast_head":"<!-- This site is optimized with the Yoast SEO plugin v26.5 - https:\/\/yoast.com\/wordpress\/plugins\/seo\/ -->\n<title>Orthomol Vital &#187; go\u00fbt orange &#187; d\u00e9couvrir plus &amp; montrer maintenant<\/title>\n<meta name=\"description\" content=\"Fabricant : Orthomol. En savoir plus sur Orthomol Vital combo pack (30 pc). Nous vous offrons : Une exp\u00e9dition internationale rapide et des achats en ligne en toute s\u00e9curit\u00e9.\" \/>\n<meta name=\"robots\" content=\"index, follow, max-snippet:-1, max-image-preview:large, max-video-preview:-1\" \/>\n<link rel=\"canonical\" href=\"https:\/\/lions-pharmacy.com\/fr\/produit\/orthomol-vital-tabletscapsules-30-pc-20182782\" \/>\n<meta property=\"og:locale\" content=\"fr_FR\" \/>\n<meta property=\"og:type\" content=\"article\" \/>\n<meta property=\"og:title\" content=\"Orthomol Vital &#187; go\u00fbt orange &#187; d\u00e9couvrir plus &amp; montrer maintenant\" \/>\n<meta property=\"og:description\" content=\"Fabricant : Orthomol. En savoir plus sur Orthomol Vital combo pack (30 pc). Nous vous offrons : Une exp\u00e9dition internationale rapide et des achats en ligne en toute s\u00e9curit\u00e9.\" \/>\n<meta property=\"og:url\" content=\"https:\/\/lions-pharmacy.com\/fr\/produit\/orthomol-vital-tabletscapsules-30-pc-20182782\" \/>\n<meta property=\"og:site_name\" content=\"Lion Pharmacy\" \/>\n<meta property=\"article:modified_time\" content=\"2026-04-24T12:21:07+00:00\" \/>\n<meta property=\"og:image\" content=\"https:\/\/lions-pharmacy.com\/wp-content\/uploads\/2026\/04\/Neu-Orthomol-Vital-Orthomol-PZN-20182782-German-Pharmacy.webp\" \/>\n\t<meta property=\"og:image:width\" content=\"600\" \/>\n\t<meta property=\"og:image:height\" content=\"600\" \/>\n\t<meta property=\"og:image:type\" content=\"image\/webp\" \/>\n<meta name=\"twitter:card\" content=\"summary_large_image\" \/>\n<meta name=\"twitter:label1\" content=\"Dur\u00e9e de lecture estim\u00e9e\" \/>\n\t<meta name=\"twitter:data1\" content=\"2 minutes\" \/>\n<script type=\"application\/ld+json\" class=\"yoast-schema-graph\">{\"@context\":\"https:\/\/schema.org\",\"@graph\":[{\"@type\":\"WebPage\",\"@id\":\"https:\/\/lions-pharmacy.com\/fr\/produit\/orthomol-vital-tabletscapsules-30-pc-20182782\",\"url\":\"https:\/\/lions-pharmacy.com\/fr\/produit\/orthomol-vital-tabletscapsules-30-pc-20182782\",\"name\":\"Orthomol Vital &#187; go\u00fbt orange &#187; d\u00e9couvrir plus & montrer maintenant\",\"isPartOf\":{\"@id\":\"https:\/\/lions-pharmacy.com\/fr#website\"},\"primaryImageOfPage\":{\"@id\":\"https:\/\/lions-pharmacy.com\/fr\/produit\/orthomol-vital-tabletscapsules-30-pc-20182782#primaryimage\"},\"image\":{\"@id\":\"https:\/\/lions-pharmacy.com\/fr\/produit\/orthomol-vital-tabletscapsules-30-pc-20182782#primaryimage\"},\"thumbnailUrl\":\"https:\/\/lions-pharmacy.com\/wp-content\/uploads\/2026\/04\/Neu-Orthomol-Vital-Orthomol-PZN-20182782-German-Pharmacy.webp\",\"datePublished\":\"2026-04-24T12:11:18+00:00\",\"dateModified\":\"2026-04-24T12:21:07+00:00\",\"description\":\"Fabricant : Orthomol. En savoir plus sur Orthomol Vital combo pack (30 pc). Nous vous offrons : Une exp\u00e9dition internationale rapide et des achats en ligne en toute s\u00e9curit\u00e9.\",\"breadcrumb\":{\"@id\":\"https:\/\/lions-pharmacy.com\/fr\/produit\/orthomol-vital-tabletscapsules-30-pc-20182782#breadcrumb\"},\"inLanguage\":\"fr-FR\",\"potentialAction\":[{\"@type\":\"ReadAction\",\"target\":[\"https:\/\/lions-pharmacy.com\/fr\/produit\/orthomol-vital-tabletscapsules-30-pc-20182782\"]}]},{\"@type\":\"ImageObject\",\"inLanguage\":\"fr-FR\",\"@id\":\"https:\/\/lions-pharmacy.com\/fr\/produit\/orthomol-vital-tabletscapsules-30-pc-20182782#primaryimage\",\"url\":\"https:\/\/lions-pharmacy.com\/wp-content\/uploads\/2026\/04\/Neu-Orthomol-Vital-Orthomol-PZN-20182782-German-Pharmacy.webp\",\"contentUrl\":\"https:\/\/lions-pharmacy.com\/wp-content\/uploads\/2026\/04\/Neu-Orthomol-Vital-Orthomol-PZN-20182782-German-Pharmacy.webp\",\"width\":600,\"height\":600,\"caption\":\"Neu Orthomol Vital Orthomol PZN-20182782 pharmacie allemande\"},{\"@type\":\"BreadcrumbList\",\"@id\":\"https:\/\/lions-pharmacy.com\/fr\/produit\/orthomol-vital-tabletscapsules-30-pc-20182782#breadcrumb\",\"itemListElement\":[{\"@type\":\"ListItem\",\"position\":1,\"name\":\"Home\",\"item\":\"https:\/\/lions-pharmacy.com\/fr\/homepage-lion-pharmacy\"},{\"@type\":\"ListItem\",\"position\":2,\"name\":\"Shop\",\"item\":\"https:\/\/lions-pharmacy.com\/fr\/boutique\"},{\"@type\":\"ListItem\",\"position\":3,\"name\":\"Orthomol Vital Comprim\u00e9s+Capsules (30 pc)\"}]},{\"@type\":\"WebSite\",\"@id\":\"https:\/\/lions-pharmacy.com\/fr#website\",\"url\":\"https:\/\/lions-pharmacy.com\/fr\",\"name\":\"Lions Pharmacy\",\"description\":\"Pharmacie sp\u00e9cialis\u00e9e en naturopathie de Baden-Baden, Allemagne\",\"publisher\":{\"@id\":\"https:\/\/lions-pharmacy.com\/fr#organization\"},\"alternateName\":\"Lion Pharmacy\",\"potentialAction\":[{\"@type\":\"SearchAction\",\"target\":{\"@type\":\"EntryPoint\",\"urlTemplate\":\"https:\/\/lions-pharmacy.com\/fr?s={search_term_string}\"},\"query-input\":{\"@type\":\"PropertyValueSpecification\",\"valueRequired\":true,\"valueName\":\"search_term_string\"}}],\"inLanguage\":\"fr-FR\"},{\"@type\":\"Organization\",\"@id\":\"https:\/\/lions-pharmacy.com\/fr#organization\",\"name\":\"Lions Pharmacy\",\"alternateName\":\"Lions Pharmacy24\",\"url\":\"https:\/\/lions-pharmacy.com\/fr\",\"logo\":{\"@type\":\"ImageObject\",\"inLanguage\":\"fr-FR\",\"@id\":\"https:\/\/lions-pharmacy.com\/fr#\/schema\/logo\/image\/\",\"url\":\"https:\/\/lions-pharmacy.com\/wp-content\/uploads\/2022\/12\/Logo-Lion-Pharmacy-c-o-Loewen-Apotheke-smal.jpg\",\"contentUrl\":\"https:\/\/lions-pharmacy.com\/wp-content\/uploads\/2022\/12\/Logo-Lion-Pharmacy-c-o-Loewen-Apotheke-smal.jpg\",\"width\":298,\"height\":99,\"caption\":\"Lions Pharmacy\"},\"image\":{\"@id\":\"https:\/\/lions-pharmacy.com\/fr#\/schema\/logo\/image\/\"}}]}<\/script>\n<!-- \/ Yoast SEO plugin. -->","yoast_head_json":{"title":"Orthomol Vital &#187; go\u00fbt orange &#187; d\u00e9couvrir plus & montrer maintenant","description":"Fabricant : Orthomol. En savoir plus sur Orthomol Vital combo pack (30 pc). Nous vous offrons : Une exp\u00e9dition internationale rapide et des achats en ligne en toute s\u00e9curit\u00e9.","robots":{"index":"index","follow":"follow","max-snippet":"max-snippet:-1","max-image-preview":"max-image-preview:large","max-video-preview":"max-video-preview:-1"},"canonical":"https:\/\/lions-pharmacy.com\/fr\/produit\/orthomol-vital-tabletscapsules-30-pc-20182782","og_locale":"fr_FR","og_type":"article","og_title":"Orthomol Vital &#187; go\u00fbt orange &#187; d\u00e9couvrir plus & montrer maintenant","og_description":"Fabricant : Orthomol. En savoir plus sur Orthomol Vital combo pack (30 pc). Nous vous offrons : Une exp\u00e9dition internationale rapide et des achats en ligne en toute s\u00e9curit\u00e9.","og_url":"https:\/\/lions-pharmacy.com\/fr\/produit\/orthomol-vital-tabletscapsules-30-pc-20182782","og_site_name":"Lion Pharmacy","article_modified_time":"2026-04-24T12:21:07+00:00","og_image":[{"width":600,"height":600,"url":"https:\/\/lions-pharmacy.com\/wp-content\/uploads\/2026\/04\/Neu-Orthomol-Vital-Orthomol-PZN-20182782-German-Pharmacy.webp","type":"image\/webp"}],"twitter_card":"summary_large_image","twitter_misc":{"Dur\u00e9e de lecture estim\u00e9e":"2 minutes"},"schema":{"@context":"https:\/\/schema.org","@graph":[{"@type":"WebPage","@id":"https:\/\/lions-pharmacy.com\/fr\/produit\/orthomol-vital-tabletscapsules-30-pc-20182782","url":"https:\/\/lions-pharmacy.com\/fr\/produit\/orthomol-vital-tabletscapsules-30-pc-20182782","name":"Orthomol Vital &#187; go\u00fbt orange &#187; d\u00e9couvrir plus & montrer maintenant","isPartOf":{"@id":"https:\/\/lions-pharmacy.com\/fr#website"},"primaryImageOfPage":{"@id":"https:\/\/lions-pharmacy.com\/fr\/produit\/orthomol-vital-tabletscapsules-30-pc-20182782#primaryimage"},"image":{"@id":"https:\/\/lions-pharmacy.com\/fr\/produit\/orthomol-vital-tabletscapsules-30-pc-20182782#primaryimage"},"thumbnailUrl":"https:\/\/lions-pharmacy.com\/wp-content\/uploads\/2026\/04\/Neu-Orthomol-Vital-Orthomol-PZN-20182782-German-Pharmacy.webp","datePublished":"2026-04-24T12:11:18+00:00","dateModified":"2026-04-24T12:21:07+00:00","description":"Fabricant : Orthomol. En savoir plus sur Orthomol Vital combo pack (30 pc). Nous vous offrons : Une exp\u00e9dition internationale rapide et des achats en ligne en toute s\u00e9curit\u00e9.","breadcrumb":{"@id":"https:\/\/lions-pharmacy.com\/fr\/produit\/orthomol-vital-tabletscapsules-30-pc-20182782#breadcrumb"},"inLanguage":"fr-FR","potentialAction":[{"@type":"ReadAction","target":["https:\/\/lions-pharmacy.com\/fr\/produit\/orthomol-vital-tabletscapsules-30-pc-20182782"]}]},{"@type":"ImageObject","inLanguage":"fr-FR","@id":"https:\/\/lions-pharmacy.com\/fr\/produit\/orthomol-vital-tabletscapsules-30-pc-20182782#primaryimage","url":"https:\/\/lions-pharmacy.com\/wp-content\/uploads\/2026\/04\/Neu-Orthomol-Vital-Orthomol-PZN-20182782-German-Pharmacy.webp","contentUrl":"https:\/\/lions-pharmacy.com\/wp-content\/uploads\/2026\/04\/Neu-Orthomol-Vital-Orthomol-PZN-20182782-German-Pharmacy.webp","width":600,"height":600,"caption":"Neu Orthomol Vital Orthomol PZN-20182782 pharmacie allemande"},{"@type":"BreadcrumbList","@id":"https:\/\/lions-pharmacy.com\/fr\/produit\/orthomol-vital-tabletscapsules-30-pc-20182782#breadcrumb","itemListElement":[{"@type":"ListItem","position":1,"name":"Home","item":"https:\/\/lions-pharmacy.com\/fr\/homepage-lion-pharmacy"},{"@type":"ListItem","position":2,"name":"Shop","item":"https:\/\/lions-pharmacy.com\/fr\/boutique"},{"@type":"ListItem","position":3,"name":"Orthomol Vital Comprim\u00e9s+Capsules (30 pc)"}]},{"@type":"WebSite","@id":"https:\/\/lions-pharmacy.com\/fr#website","url":"https:\/\/lions-pharmacy.com\/fr","name":"Lions Pharmacy","description":"Pharmacie sp\u00e9cialis\u00e9e en naturopathie de Baden-Baden, Allemagne","publisher":{"@id":"https:\/\/lions-pharmacy.com\/fr#organization"},"alternateName":"Lion Pharmacy","potentialAction":[{"@type":"SearchAction","target":{"@type":"EntryPoint","urlTemplate":"https:\/\/lions-pharmacy.com\/fr?s={search_term_string}"},"query-input":{"@type":"PropertyValueSpecification","valueRequired":true,"valueName":"search_term_string"}}],"inLanguage":"fr-FR"},{"@type":"Organization","@id":"https:\/\/lions-pharmacy.com\/fr#organization","name":"Lions Pharmacy","alternateName":"Lions Pharmacy24","url":"https:\/\/lions-pharmacy.com\/fr","logo":{"@type":"ImageObject","inLanguage":"fr-FR","@id":"https:\/\/lions-pharmacy.com\/fr#\/schema\/logo\/image\/","url":"https:\/\/lions-pharmacy.com\/wp-content\/uploads\/2022\/12\/Logo-Lion-Pharmacy-c-o-Loewen-Apotheke-smal.jpg","contentUrl":"https:\/\/lions-pharmacy.com\/wp-content\/uploads\/2022\/12\/Logo-Lion-Pharmacy-c-o-Loewen-Apotheke-smal.jpg","width":298,"height":99,"caption":"Lions Pharmacy"},"image":{"@id":"https:\/\/lions-pharmacy.com\/fr#\/schema\/logo\/image\/"}}]}},"_links":{"self":[{"href":"https:\/\/lions-pharmacy.com\/fr\/wp-json\/wp\/v2\/product\/22993","targetHints":{"allow":["GET"]}}],"collection":[{"href":"https:\/\/lions-pharmacy.com\/fr\/wp-json\/wp\/v2\/product"}],"about":[{"href":"https:\/\/lions-pharmacy.com\/fr\/wp-json\/wp\/v2\/types\/product"}],"replies":[{"embeddable":true,"href":"https:\/\/lions-pharmacy.com\/fr\/wp-json\/wp\/v2\/comments?post=22993"}],"wp:featuredmedia":[{"embeddable":true,"href":"https:\/\/lions-pharmacy.com\/fr\/wp-json\/wp\/v2\/media\/22999"}],"wp:attachment":[{"href":"https:\/\/lions-pharmacy.com\/fr\/wp-json\/wp\/v2\/media?parent=22993"}],"wp:term":[{"taxonomy":"product_brand","embeddable":true,"href":"https:\/\/lions-pharmacy.com\/fr\/wp-json\/wp\/v2\/product_brand?post=22993"},{"taxonomy":"product_cat","embeddable":true,"href":"https:\/\/lions-pharmacy.com\/fr\/wp-json\/wp\/v2\/product_cat?post=22993"},{"taxonomy":"product_tag","embeddable":true,"href":"https:\/\/lions-pharmacy.com\/fr\/wp-json\/wp\/v2\/product_tag?post=22993"}],"curies":[{"name":"wp","href":"https:\/\/api.w.org\/{rel}","templated":true}]}}