{"id":2266,"date":"2023-09-15T05:23:24","date_gmt":"2023-09-15T04:23:24","guid":{"rendered":"https:\/\/lions-pharmacy.com\/?post_type=product&#038;p=2266"},"modified":"2025-01-25T13:20:17","modified_gmt":"2025-01-25T12:20:17","slug":"delima-oil-10ml-18904682","status":"publish","type":"product","link":"https:\/\/lions-pharmacy.com\/fr\/produit\/delima-oil-10ml-18904682","title":{"rendered":"delima Huile 10ml"},"content":{"rendered":"<h3>Huile delima<\/h3>\n<p>delima oil de PEKANA est une huile pour la f\u00e9minit\u00e9 insouciante. Le m\u00e9lange de grenade et d\u2019huile de p\u00e9pins de raisin fournit des ingr\u00e9dients actifs qui soutiennent les fonctions naturelles du corps f\u00e9minin.<\/p>\n<p>Les femmes traversent des phases de la vie qui affectent diff\u00e9remment leur sant\u00e9 et leur bien-\u00eatre g\u00e9n\u00e9ral. La composition d\u2019huiles v\u00e9g\u00e9tales de haute qualit\u00e9 leur permet de se sentir compl\u00e8tement bien dans toutes les phases de la vie.<\/p>\n<p>Ingr\u00e9dients: Huile de graines de Vitis Vinifera, huile de graines de Punica Granatum, tocoph\u00e9rol, huile de graines d\u2019Helianthus annus, extrait de feuille de Rosmarinus officinalis, extrait d\u2019humulus lupulus<\/p>\n<p>Huile de soin \u00e0 base de grenade et de p\u00e9pins de raisin biologiques contre la peau s\u00e8che et pour une utilisation sur les muqueuses.<\/p>\n<p>Notes importantes: Veuillez toujours conserver l\u2019huile de delima \u00e0 l\u2019abri de la lumi\u00e8re et \u00e0 temp\u00e9rature ambiante. Utiliser dans les 6 semaines suivant l\u2019ouverture.<\/p>\n<p>PEKANA Naturheilmittel GmbH impose les exigences les plus \u00e9lev\u00e9es \u00e0 ses produits, tant dans la s\u00e9lection que dans le traitement des mati\u00e8res premi\u00e8res. Des produits de haute qualit\u00e9 sur une base naturelle \u2013 c\u2019est ce dans quoi nous nous sp\u00e9cialisons.<\/p>\n<p>\u2013 S\u00e9lection rigoureuse des mati\u00e8res premi\u00e8res<\/p>\n<p>\u2013 Des m\u00e9thodes de production douces et naturelles<\/p>\n<p>\u2013 Renonciation compl\u00e8te aux ingr\u00e9dients d\u2019origine animale<\/p>\n<p>\u2013 Combinaison naturelle et \u00e9quilibr\u00e9e des diff\u00e9rentes substances v\u00e9g\u00e9tales<\/p>\n<p>Autres produits pour l\u2019application: <a href=\"https:\/\/lions-pharmacy.com\/fr\/product-tag\/asthma-allergies\">Allergies<\/a> | <a href=\"https:\/\/lions-pharmacy.com\/product-tag\/vitamins-supplements\">Produits de vitamines et suppl\u00e9ments<\/a><br \/>\nEn apprendre plus sur fabricant et ce produit: <a href=\"https:\/\/www.pekana.com\/en-EN\/\" target=\"_blank\" rel=\"noopener\">PEKANA Naturheilmittel GmbH<\/a> (lien vers site Web externe)<\/p>\n<p>Les informations contenues dans ce site web sont fournies \u00e0 titre informatif uniquement. Ils ne remplacent en aucun cas l&#8217;examen et le traitement par un m\u00e9decin. Veuillez noter que cela signifie qu&#8217;aucun diagnostic ne peut \u00eatre \u00e9tabli et qu&#8217;aucune th\u00e9rapie ne peut \u00eatre mise en place.<\/p>\n<p>Pour conna\u00eetre les risques et les effets secondaires, lisez la notice et demandez conseil \u00e0 votre m\u00e9decin ou \u00e0 votre pharmacien.<\/p>\n","protected":false},"excerpt":{"rendered":"<h2>Huile delima<\/h2>\n<p>Delima Oil est une huile pour la f\u00e9minit\u00e9 insouciante. L\u2019huile contient de l\u2019huile pr\u00e9cieuse de grenade et de p\u00e9pins de raisin.<\/p>\n<p>&nbsp;<\/p>\n<p>PZN : 18904682 (num\u00e9ro central pharmaceutique)<\/p>\n<p>Forme posologique : gouttes<\/p>\n<p>Type de prescription : sans ordonnance<\/p>\n<p>Marque: delima<\/p>\n<p>Fabricant: PEKANA Naturheilmittel GmbH<\/p>\n<p>Taille d\u2019emballage: 10ml<\/p>\n","protected":false},"featured_media":2270,"comment_status":"closed","ping_status":"closed","template":"","meta":[],"product_brand":[],"product_cat":[342,120,114],"product_tag":[228,309,264],"class_list":{"0":"post-2266","1":"product","2":"type-product","3":"status-publish","4":"has-post-thumbnail","6":"product_cat-pekana-fr","7":"product_cat-sale-fr","8":"product_cat-non-classifiee","9":"product_tag-asthme-et-allergies","10":"product_tag-vente-mensuelle","11":"product_tag-vitamines-et-supplements","12":"ts_product_brand-all-fr","13":"ts_product_brand-pekana-fr","15":"first","16":"instock","17":"taxable","18":"shipping-taxable","19":"purchasable","20":"product-type-simple"},"yoast_head":"<!-- This site is optimized with the Yoast SEO plugin v26.5 - https:\/\/yoast.com\/wordpress\/plugins\/seo\/ -->\n<title>delima Huile 10ml &#187; Lion Pharmacy &#187; soins de la peau<\/title>\n<meta name=\"description\" content=\"Pharmacie en ligne allemande enregistr\u00e9e. Exp\u00e9dition internationale rapide et achats en ligne en toute s\u00e9curit\u00e9. Pekana m\u00e9dicaments: delima Huile 10ml &gt; commander ici\" \/>\n<meta name=\"robots\" content=\"index, follow, max-snippet:-1, max-image-preview:large, max-video-preview:-1\" \/>\n<link rel=\"canonical\" href=\"https:\/\/lions-pharmacy.com\/fr\/produit\/delima-oil-10ml-18904682\" \/>\n<meta property=\"og:locale\" content=\"fr_FR\" \/>\n<meta property=\"og:type\" content=\"article\" \/>\n<meta property=\"og:title\" content=\"delima Huile 10ml &#187; Lion Pharmacy &#187; soins de la peau\" \/>\n<meta property=\"og:description\" content=\"Pharmacie en ligne allemande enregistr\u00e9e. Exp\u00e9dition internationale rapide et achats en ligne en toute s\u00e9curit\u00e9. Pekana m\u00e9dicaments: delima Huile 10ml &gt; commander ici\" \/>\n<meta property=\"og:url\" content=\"https:\/\/lions-pharmacy.com\/fr\/produit\/delima-oil-10ml-18904682\" \/>\n<meta property=\"og:site_name\" content=\"Lion Pharmacy\" \/>\n<meta property=\"article:modified_time\" content=\"2025-01-25T12:20:17+00:00\" \/>\n<meta property=\"og:image\" content=\"https:\/\/lions-pharmacy.com\/wp-content\/uploads\/2023\/09\/delima-oeo-10ml-Wala-Heilmittel-Arzneimittel-Lowen-Apotheke.webp\" \/>\n\t<meta property=\"og:image:width\" content=\"600\" \/>\n\t<meta property=\"og:image:height\" content=\"600\" \/>\n\t<meta property=\"og:image:type\" content=\"image\/webp\" \/>\n<meta name=\"twitter:card\" content=\"summary_large_image\" \/>\n<meta name=\"twitter:label1\" content=\"Dur\u00e9e de lecture estim\u00e9e\" \/>\n\t<meta name=\"twitter:data1\" content=\"2 minutes\" \/>\n<script type=\"application\/ld+json\" class=\"yoast-schema-graph\">{\"@context\":\"https:\/\/schema.org\",\"@graph\":[{\"@type\":\"WebPage\",\"@id\":\"https:\/\/lions-pharmacy.com\/fr\/produit\/delima-oil-10ml-18904682\",\"url\":\"https:\/\/lions-pharmacy.com\/fr\/produit\/delima-oil-10ml-18904682\",\"name\":\"delima Huile 10ml &#187; Lion Pharmacy &#187; soins de la peau\",\"isPartOf\":{\"@id\":\"https:\/\/lions-pharmacy.com\/fr#website\"},\"primaryImageOfPage\":{\"@id\":\"https:\/\/lions-pharmacy.com\/fr\/produit\/delima-oil-10ml-18904682#primaryimage\"},\"image\":{\"@id\":\"https:\/\/lions-pharmacy.com\/fr\/produit\/delima-oil-10ml-18904682#primaryimage\"},\"thumbnailUrl\":\"https:\/\/lions-pharmacy.com\/wp-content\/uploads\/2023\/09\/delima-oeo-10ml-Wala-Heilmittel-Arzneimittel-Lowen-Apotheke.webp\",\"datePublished\":\"2023-09-15T04:23:24+00:00\",\"dateModified\":\"2025-01-25T12:20:17+00:00\",\"description\":\"Pharmacie en ligne allemande enregistr\u00e9e. Exp\u00e9dition internationale rapide et achats en ligne en toute s\u00e9curit\u00e9. Pekana m\u00e9dicaments: delima Huile 10ml > commander ici\",\"breadcrumb\":{\"@id\":\"https:\/\/lions-pharmacy.com\/fr\/produit\/delima-oil-10ml-18904682#breadcrumb\"},\"inLanguage\":\"fr-FR\",\"potentialAction\":[{\"@type\":\"ReadAction\",\"target\":[\"https:\/\/lions-pharmacy.com\/fr\/produit\/delima-oil-10ml-18904682\"]}]},{\"@type\":\"ImageObject\",\"inLanguage\":\"fr-FR\",\"@id\":\"https:\/\/lions-pharmacy.com\/fr\/produit\/delima-oil-10ml-18904682#primaryimage\",\"url\":\"https:\/\/lions-pharmacy.com\/wp-content\/uploads\/2023\/09\/delima-oeo-10ml-Wala-Heilmittel-Arzneimittel-Lowen-Apotheke.webp\",\"contentUrl\":\"https:\/\/lions-pharmacy.com\/wp-content\/uploads\/2023\/09\/delima-oeo-10ml-Wala-Heilmittel-Arzneimittel-Lowen-Apotheke.webp\",\"width\":600,\"height\":600,\"caption\":\"delima oil10ml Wala heilmittel Arzneimittel L\u00f6wen Apotheke\"},{\"@type\":\"BreadcrumbList\",\"@id\":\"https:\/\/lions-pharmacy.com\/fr\/produit\/delima-oil-10ml-18904682#breadcrumb\",\"itemListElement\":[{\"@type\":\"ListItem\",\"position\":1,\"name\":\"Home\",\"item\":\"https:\/\/lions-pharmacy.com\/fr\/homepage-lion-pharmacy\"},{\"@type\":\"ListItem\",\"position\":2,\"name\":\"Shop\",\"item\":\"https:\/\/lions-pharmacy.com\/fr\/boutique\"},{\"@type\":\"ListItem\",\"position\":3,\"name\":\"delima Huile 10ml\"}]},{\"@type\":\"WebSite\",\"@id\":\"https:\/\/lions-pharmacy.com\/fr#website\",\"url\":\"https:\/\/lions-pharmacy.com\/fr\",\"name\":\"Lions Pharmacy\",\"description\":\"Pharmacie sp\u00e9cialis\u00e9e en naturopathie de Baden-Baden, Allemagne\",\"publisher\":{\"@id\":\"https:\/\/lions-pharmacy.com\/fr#organization\"},\"alternateName\":\"Lion Pharmacy\",\"potentialAction\":[{\"@type\":\"SearchAction\",\"target\":{\"@type\":\"EntryPoint\",\"urlTemplate\":\"https:\/\/lions-pharmacy.com\/fr?s={search_term_string}\"},\"query-input\":{\"@type\":\"PropertyValueSpecification\",\"valueRequired\":true,\"valueName\":\"search_term_string\"}}],\"inLanguage\":\"fr-FR\"},{\"@type\":\"Organization\",\"@id\":\"https:\/\/lions-pharmacy.com\/fr#organization\",\"name\":\"Lions Pharmacy\",\"alternateName\":\"Lions Pharmacy24\",\"url\":\"https:\/\/lions-pharmacy.com\/fr\",\"logo\":{\"@type\":\"ImageObject\",\"inLanguage\":\"fr-FR\",\"@id\":\"https:\/\/lions-pharmacy.com\/fr#\/schema\/logo\/image\/\",\"url\":\"https:\/\/lions-pharmacy.com\/wp-content\/uploads\/2022\/12\/Logo-Lion-Pharmacy-c-o-Loewen-Apotheke-smal.jpg\",\"contentUrl\":\"https:\/\/lions-pharmacy.com\/wp-content\/uploads\/2022\/12\/Logo-Lion-Pharmacy-c-o-Loewen-Apotheke-smal.jpg\",\"width\":298,\"height\":99,\"caption\":\"Lions Pharmacy\"},\"image\":{\"@id\":\"https:\/\/lions-pharmacy.com\/fr#\/schema\/logo\/image\/\"}}]}<\/script>\n<!-- \/ Yoast SEO plugin. -->","yoast_head_json":{"title":"delima Huile 10ml &#187; Lion Pharmacy &#187; soins de la peau","description":"Pharmacie en ligne allemande enregistr\u00e9e. Exp\u00e9dition internationale rapide et achats en ligne en toute s\u00e9curit\u00e9. Pekana m\u00e9dicaments: delima Huile 10ml > commander ici","robots":{"index":"index","follow":"follow","max-snippet":"max-snippet:-1","max-image-preview":"max-image-preview:large","max-video-preview":"max-video-preview:-1"},"canonical":"https:\/\/lions-pharmacy.com\/fr\/produit\/delima-oil-10ml-18904682","og_locale":"fr_FR","og_type":"article","og_title":"delima Huile 10ml &#187; Lion Pharmacy &#187; soins de la peau","og_description":"Pharmacie en ligne allemande enregistr\u00e9e. Exp\u00e9dition internationale rapide et achats en ligne en toute s\u00e9curit\u00e9. Pekana m\u00e9dicaments: delima Huile 10ml > commander ici","og_url":"https:\/\/lions-pharmacy.com\/fr\/produit\/delima-oil-10ml-18904682","og_site_name":"Lion Pharmacy","article_modified_time":"2025-01-25T12:20:17+00:00","og_image":[{"width":600,"height":600,"url":"https:\/\/lions-pharmacy.com\/wp-content\/uploads\/2023\/09\/delima-oeo-10ml-Wala-Heilmittel-Arzneimittel-Lowen-Apotheke.webp","type":"image\/webp"}],"twitter_card":"summary_large_image","twitter_misc":{"Dur\u00e9e de lecture estim\u00e9e":"2 minutes"},"schema":{"@context":"https:\/\/schema.org","@graph":[{"@type":"WebPage","@id":"https:\/\/lions-pharmacy.com\/fr\/produit\/delima-oil-10ml-18904682","url":"https:\/\/lions-pharmacy.com\/fr\/produit\/delima-oil-10ml-18904682","name":"delima Huile 10ml &#187; Lion Pharmacy &#187; soins de la peau","isPartOf":{"@id":"https:\/\/lions-pharmacy.com\/fr#website"},"primaryImageOfPage":{"@id":"https:\/\/lions-pharmacy.com\/fr\/produit\/delima-oil-10ml-18904682#primaryimage"},"image":{"@id":"https:\/\/lions-pharmacy.com\/fr\/produit\/delima-oil-10ml-18904682#primaryimage"},"thumbnailUrl":"https:\/\/lions-pharmacy.com\/wp-content\/uploads\/2023\/09\/delima-oeo-10ml-Wala-Heilmittel-Arzneimittel-Lowen-Apotheke.webp","datePublished":"2023-09-15T04:23:24+00:00","dateModified":"2025-01-25T12:20:17+00:00","description":"Pharmacie en ligne allemande enregistr\u00e9e. Exp\u00e9dition internationale rapide et achats en ligne en toute s\u00e9curit\u00e9. Pekana m\u00e9dicaments: delima Huile 10ml > commander ici","breadcrumb":{"@id":"https:\/\/lions-pharmacy.com\/fr\/produit\/delima-oil-10ml-18904682#breadcrumb"},"inLanguage":"fr-FR","potentialAction":[{"@type":"ReadAction","target":["https:\/\/lions-pharmacy.com\/fr\/produit\/delima-oil-10ml-18904682"]}]},{"@type":"ImageObject","inLanguage":"fr-FR","@id":"https:\/\/lions-pharmacy.com\/fr\/produit\/delima-oil-10ml-18904682#primaryimage","url":"https:\/\/lions-pharmacy.com\/wp-content\/uploads\/2023\/09\/delima-oeo-10ml-Wala-Heilmittel-Arzneimittel-Lowen-Apotheke.webp","contentUrl":"https:\/\/lions-pharmacy.com\/wp-content\/uploads\/2023\/09\/delima-oeo-10ml-Wala-Heilmittel-Arzneimittel-Lowen-Apotheke.webp","width":600,"height":600,"caption":"delima oil10ml Wala heilmittel Arzneimittel L\u00f6wen Apotheke"},{"@type":"BreadcrumbList","@id":"https:\/\/lions-pharmacy.com\/fr\/produit\/delima-oil-10ml-18904682#breadcrumb","itemListElement":[{"@type":"ListItem","position":1,"name":"Home","item":"https:\/\/lions-pharmacy.com\/fr\/homepage-lion-pharmacy"},{"@type":"ListItem","position":2,"name":"Shop","item":"https:\/\/lions-pharmacy.com\/fr\/boutique"},{"@type":"ListItem","position":3,"name":"delima Huile 10ml"}]},{"@type":"WebSite","@id":"https:\/\/lions-pharmacy.com\/fr#website","url":"https:\/\/lions-pharmacy.com\/fr","name":"Lions Pharmacy","description":"Pharmacie sp\u00e9cialis\u00e9e en naturopathie de Baden-Baden, Allemagne","publisher":{"@id":"https:\/\/lions-pharmacy.com\/fr#organization"},"alternateName":"Lion Pharmacy","potentialAction":[{"@type":"SearchAction","target":{"@type":"EntryPoint","urlTemplate":"https:\/\/lions-pharmacy.com\/fr?s={search_term_string}"},"query-input":{"@type":"PropertyValueSpecification","valueRequired":true,"valueName":"search_term_string"}}],"inLanguage":"fr-FR"},{"@type":"Organization","@id":"https:\/\/lions-pharmacy.com\/fr#organization","name":"Lions Pharmacy","alternateName":"Lions Pharmacy24","url":"https:\/\/lions-pharmacy.com\/fr","logo":{"@type":"ImageObject","inLanguage":"fr-FR","@id":"https:\/\/lions-pharmacy.com\/fr#\/schema\/logo\/image\/","url":"https:\/\/lions-pharmacy.com\/wp-content\/uploads\/2022\/12\/Logo-Lion-Pharmacy-c-o-Loewen-Apotheke-smal.jpg","contentUrl":"https:\/\/lions-pharmacy.com\/wp-content\/uploads\/2022\/12\/Logo-Lion-Pharmacy-c-o-Loewen-Apotheke-smal.jpg","width":298,"height":99,"caption":"Lions Pharmacy"},"image":{"@id":"https:\/\/lions-pharmacy.com\/fr#\/schema\/logo\/image\/"}}]}},"_links":{"self":[{"href":"https:\/\/lions-pharmacy.com\/fr\/wp-json\/wp\/v2\/product\/2266","targetHints":{"allow":["GET"]}}],"collection":[{"href":"https:\/\/lions-pharmacy.com\/fr\/wp-json\/wp\/v2\/product"}],"about":[{"href":"https:\/\/lions-pharmacy.com\/fr\/wp-json\/wp\/v2\/types\/product"}],"replies":[{"embeddable":true,"href":"https:\/\/lions-pharmacy.com\/fr\/wp-json\/wp\/v2\/comments?post=2266"}],"wp:featuredmedia":[{"embeddable":true,"href":"https:\/\/lions-pharmacy.com\/fr\/wp-json\/wp\/v2\/media\/2270"}],"wp:attachment":[{"href":"https:\/\/lions-pharmacy.com\/fr\/wp-json\/wp\/v2\/media?parent=2266"}],"wp:term":[{"taxonomy":"product_brand","embeddable":true,"href":"https:\/\/lions-pharmacy.com\/fr\/wp-json\/wp\/v2\/product_brand?post=2266"},{"taxonomy":"product_cat","embeddable":true,"href":"https:\/\/lions-pharmacy.com\/fr\/wp-json\/wp\/v2\/product_cat?post=2266"},{"taxonomy":"product_tag","embeddable":true,"href":"https:\/\/lions-pharmacy.com\/fr\/wp-json\/wp\/v2\/product_tag?post=2266"}],"curies":[{"name":"wp","href":"https:\/\/api.w.org\/{rel}","templated":true}]}}