{"id":22152,"date":"2026-03-29T06:51:44","date_gmt":"2026-03-29T05:51:44","guid":{"rendered":"https:\/\/lions-pharmacy.com\/?post_type=product&#038;p=22152"},"modified":"2026-04-02T07:26:01","modified_gmt":"2026-04-02T06:26:01","slug":"zinzino-balanceoil-grapefruit-300-ml","status":"publish","type":"product","link":"https:\/\/lions-pharmacy.com\/fr\/produit\/zinzino-balanceoil-grapefruit-300-ml","title":{"rendered":"ZINZINO BalanceOil+ Pamplemousse (300 ml)"},"content":{"rendered":"<h3>ZINZINO BalanceOil+ 300 ml<\/h3>\n<p>ZINZINO BalanceOil+ est propos\u00e9 en diff\u00e9rents ar\u00f4mes naturels. Un m\u00e9lange d&#8217;huile de poisson pure provenant de petits poissons captur\u00e9s \u00e0 l&#8217;\u00e9tat sauvage avec des om\u00e9ga-3 sous forme de triglyc\u00e9rides inalt\u00e9r\u00e9s. L&#8217;huile d&#8217;olive extra vierge de premi\u00e8re qualit\u00e9, obtenue \u00e0 partir d&#8217;olives pr\u00e9-r\u00e9colt\u00e9es, pr\u00e9serve la fra\u00eecheur et la puissance des nutriments om\u00e9ga-3 essentiels pour qu&#8217;ils soient pleinement absorb\u00e9s par votre organisme.<\/p>\n<p>Utilisation sugg\u00e9r\u00e9e : 0,15 ml par kilo de poids corporel. Ajustez la taille de la portion en fonction du poids corporel, par exemple pour les adultes pesant 50 kg : 7,5 ml par jour et pour les adultes pesant 80 kg : 12 ml par jour. Ne pas d\u00e9passer la dose journali\u00e8re recommand\u00e9e. Un compl\u00e9ment alimentaire ne doit pas se substituer \u00e0 une alimentation vari\u00e9e et \u00e9quilibr\u00e9e et \u00e0 un mode de vie sain.<\/p>\n<p>Attention : Si vous prenez des m\u00e9dicaments anticoagulants, consultez votre m\u00e9decin avant d&#8217;utiliser BalanceOil+.<\/p>\n<p>Domaine d&#8217;application : Yeux, fonction cardiaque et circulatoire, syst\u00e8me immunitaire, manque de concentration, vitalit\u00e9<\/p>\n<h3>D\u00e9tails du produit et informations obligatoires<\/h3>\n<p>Notice d&#8217;information : &#8211; (lecteur PDF) et Informations sur les aliments.<\/p>\n<p>Ingr\u00e9dients : Informations nutritionnelles et contenu de : 12 ml, Huile de poisson 6627 mg, Acides gras om\u00e9ga-3 2478 mg, dont C20:5 EPA 1283 mg, dont C22:6 DHA 683 mg, Huile d&#8217;olive 4092 mg, dont acides gras (om\u00e9ga-9) 3069 mg, dont polyph\u00e9nols 3.5 mg, Vitamine D3 20 \u00b5g<\/p>\n<p>En savoir plus sur le fabricant et ce produit : <a href=\"https:\/\/www.zinzino.com\/shop\/2020670485\/DE\/de-DE\/products\/shop\" target=\"_blank\" rel=\"noopener\">Zinzino<\/a> (lien vers un site web externe)<\/p>\n<p>Les informations contenues dans ce site web sont fournies \u00e0 titre informatif uniquement. Ils ne remplacent en aucun cas l&#8217;examen et le traitement par un m\u00e9decin. Veuillez noter que cela signifie qu&#8217;aucun diagnostic ne peut \u00eatre \u00e9tabli et qu&#8217;aucune th\u00e9rapie ne peut \u00eatre mise en place. Importation unique &#8211; Nous importons ce m\u00e9dicament pour vous. Le d\u00e9lai de livraison est donc plus long. Les retours pour les importations individuelles sont exclus.<\/p>\n<p>Pour conna\u00eetre les risques et les effets secondaires, lisez la notice et demandez conseil \u00e0 votre m\u00e9decin ou \u00e0 votre pharmacien.<\/p>\n<h4><\/h4>\n<h3>Conseil d&#8217;expert de la pharmacie :<\/h3>\n<p>Notre pharmacien vous recommande les produits suivants pour la long\u00e9vit\u00e9, la concentration et le stress : <a href=\"https:\/\/lions-pharmacy.com\/fr\/produit\/neurapas-balance-100-pcs-4150014981430\">Neurapas balance<\/a> &#8211; efficacit\u00e9 prouv\u00e9e et sp\u00e9cifique.<\/p>\n<p>Autres produits pour l&#8217;application : <a href=\"https:\/\/lions-pharmacy.com\/fr\/etiquette-produit\/vitamines-et-supplements\">Vitamines et compl\u00e9ments alimentaires<\/a> | <a href=\"https:\/\/lions-pharmacy.com\/fr\/etiquette-produit\/remedes-naturels\" rel=\"tag\">Rem\u00e8des naturels<\/a> | <a href=\"https:\/\/lions-pharmacy.com\/fr\/etiquette-produit\/bien-etre\" rel=\"tag\">Bien-\u00eatre<\/a><\/p>\n<h3>Des questions sur le produit ? Nous sommes l\u00e0 pour vous !<\/h3>\n<p>Notre pharmacienne responsable, Dr. Sandra Hoff, et son \u00e9quipe se feront un plaisir de vous conseiller personnellement &#8211; par t\u00e9l\u00e9phone ou par e-mail. En tant que v\u00e9ritable pharmacie locale et pharmacie de vente par correspondance agr\u00e9\u00e9e, nous vous offrons un soutien comp\u00e9tent, en particulier dans les domaines de la <a href=\"https:\/\/lions-pharmacy.com\/fr\/etiquette-produit\/remedes-naturels\">naturopathie<\/a> et des <a href=\"https:\/\/lions-pharmacy.com\/fr\/etiquette-produit\/vitamines-et-supplements\">compl\u00e9ments alimentaires<\/a>. Vous trouverez notre autorisation dans le <a href=\"https:\/\/versandhandel.dimdi.de\/websearch\/servlet\/Gate;jsessionid=0D29D15655BE1174E9178A340E8FE6BC?accessid=dimdi_var&amp;term=3c387956690121ccc8763184f052b93f\" target=\"_blank\" rel=\"noopener\">registre de la vente par correspondance<\/a>.<\/p>\n<h3>Remplir une ordonnance ou une prescription \u00e9lectronique :<\/h3>\n<p>Avez-vous une ordonnance ou une prescription \u00e9lectronique ? Soumettez-la confortablement via notre application de <a href=\"https:\/\/e-rezept-app.de\/shop-rezept\" target=\"_blank\" rel=\"noopener\">prescription \u00e9lectronique<\/a> &#8211; les ordonnances priv\u00e9es pour les personnes qui paient elles-m\u00eames sont \u00e9galement possibles. Rapide, s\u00fbr et facile.<\/p>\n","protected":false},"excerpt":{"rendered":"<h2>ZINZINO BalanceOil<\/h2>\n<p>Acides gras om\u00e9ga-3 EPA et DHA : peuvent contribuer \u00e0 une fonction cardiaque normale avec un apport quotidien de 250 mg. Ar\u00f4me : Pamplemousse &#8211; Citron<\/p>\n<p>&nbsp;<\/p>\n<p><strong>PZN<\/strong>: 08000051 (Pharma Central Number)<\/p>\n<p><strong>Forme pharmaceutique<\/strong>: liquide<\/p>\n<p><strong>Type d\u2019ordonnance<\/strong> : sans ordonnance<\/p>\n<p><strong>Marque<\/strong>: Zinzino<\/p>\n<p><strong>Fabricant<\/strong>: Zinzino AB, Gotenbourg, Su\u00e8de.<\/p>\n","protected":false},"featured_media":21489,"comment_status":"closed","ping_status":"closed","template":"","meta":[],"product_brand":[905],"product_cat":[114],"product_tag":[510,297,265,466,267,464,264],"class_list":{"0":"post-22152","1":"product","2":"type-product","3":"status-publish","4":"has-post-thumbnail","6":"product_brand-zinzino","7":"product_cat-non-classifiee","8":"product_tag-actif-dorigine-vegetale","9":"product_tag-concentration-stress-fr","10":"product_tag-gestion-du-poids","11":"product_tag-ingredient-actif-a-base-de-plantes","12":"product_tag-poids-et-forme","13":"product_tag-remedes-naturels","14":"product_tag-vitamines-et-supplements","15":"ts_product_brand-all-fr","17":"first","18":"instock","19":"taxable","20":"shipping-taxable","21":"purchasable","22":"product-type-simple"},"yoast_head":"<!-- This site is optimized with the Yoast SEO plugin v26.5 - https:\/\/yoast.com\/wordpress\/plugins\/seo\/ -->\n<title>ZINZINO BalanceOil+ Pamplemousse (300 ml) &#187; commander ici<\/title>\n<meta name=\"description\" content=\"Huile om\u00e9ga-3 : riche en EPA et DHA. En savoir plus sur ZINZINO BalanceOil+ Pamplemousse (300 ml). Nous vous offrons : Une livraison rapide et des achats en ligne en toute s\u00e9curit\u00e9.\" \/>\n<meta name=\"robots\" content=\"index, follow, max-snippet:-1, max-image-preview:large, max-video-preview:-1\" \/>\n<link rel=\"canonical\" href=\"https:\/\/lions-pharmacy.com\/fr\/produit\/zinzino-balanceoil-grapefruit-300-ml\" \/>\n<meta property=\"og:locale\" content=\"fr_FR\" \/>\n<meta property=\"og:type\" content=\"article\" \/>\n<meta property=\"og:title\" content=\"ZINZINO BalanceOil+ Pamplemousse (300 ml) &#187; commander ici\" \/>\n<meta property=\"og:description\" content=\"Huile om\u00e9ga-3 : riche en EPA et DHA. En savoir plus sur ZINZINO BalanceOil+ Pamplemousse (300 ml). Nous vous offrons : Une livraison rapide et des achats en ligne en toute s\u00e9curit\u00e9.\" \/>\n<meta property=\"og:url\" content=\"https:\/\/lions-pharmacy.com\/fr\/produit\/zinzino-balanceoil-grapefruit-300-ml\" \/>\n<meta property=\"og:site_name\" content=\"Lion Pharmacy\" \/>\n<meta property=\"article:modified_time\" content=\"2026-04-02T06:26:01+00:00\" \/>\n<meta property=\"og:image\" content=\"https:\/\/lions-pharmacy.com\/wp-content\/uploads\/2025\/12\/Zinzino-balanceoil-with-omega-3.webp\" \/>\n\t<meta property=\"og:image:width\" content=\"600\" \/>\n\t<meta property=\"og:image:height\" content=\"600\" \/>\n\t<meta property=\"og:image:type\" content=\"image\/webp\" \/>\n<meta name=\"twitter:card\" content=\"summary_large_image\" \/>\n<meta name=\"twitter:label1\" content=\"Dur\u00e9e de lecture estim\u00e9e\" \/>\n\t<meta name=\"twitter:data1\" content=\"3 minutes\" \/>\n<script type=\"application\/ld+json\" class=\"yoast-schema-graph\">{\"@context\":\"https:\/\/schema.org\",\"@graph\":[{\"@type\":\"WebPage\",\"@id\":\"https:\/\/lions-pharmacy.com\/fr\/produit\/zinzino-balanceoil-grapefruit-300-ml\",\"url\":\"https:\/\/lions-pharmacy.com\/fr\/produit\/zinzino-balanceoil-grapefruit-300-ml\",\"name\":\"ZINZINO BalanceOil+ Pamplemousse (300 ml) &#187; commander ici\",\"isPartOf\":{\"@id\":\"https:\/\/lions-pharmacy.com\/fr#website\"},\"primaryImageOfPage\":{\"@id\":\"https:\/\/lions-pharmacy.com\/fr\/produit\/zinzino-balanceoil-grapefruit-300-ml#primaryimage\"},\"image\":{\"@id\":\"https:\/\/lions-pharmacy.com\/fr\/produit\/zinzino-balanceoil-grapefruit-300-ml#primaryimage\"},\"thumbnailUrl\":\"https:\/\/lions-pharmacy.com\/wp-content\/uploads\/2025\/12\/Zinzino-balanceoil-with-omega-3.webp\",\"datePublished\":\"2026-03-29T05:51:44+00:00\",\"dateModified\":\"2026-04-02T06:26:01+00:00\",\"description\":\"Huile om\u00e9ga-3 : riche en EPA et DHA. En savoir plus sur ZINZINO BalanceOil+ Pamplemousse (300 ml). Nous vous offrons : Une livraison rapide et des achats en ligne en toute s\u00e9curit\u00e9.\",\"breadcrumb\":{\"@id\":\"https:\/\/lions-pharmacy.com\/fr\/produit\/zinzino-balanceoil-grapefruit-300-ml#breadcrumb\"},\"inLanguage\":\"fr-FR\",\"potentialAction\":[{\"@type\":\"ReadAction\",\"target\":[\"https:\/\/lions-pharmacy.com\/fr\/produit\/zinzino-balanceoil-grapefruit-300-ml\"]}]},{\"@type\":\"ImageObject\",\"inLanguage\":\"fr-FR\",\"@id\":\"https:\/\/lions-pharmacy.com\/fr\/produit\/zinzino-balanceoil-grapefruit-300-ml#primaryimage\",\"url\":\"https:\/\/lions-pharmacy.com\/wp-content\/uploads\/2025\/12\/Zinzino-balanceoil-with-omega-3.webp\",\"contentUrl\":\"https:\/\/lions-pharmacy.com\/wp-content\/uploads\/2025\/12\/Zinzino-balanceoil-with-omega-3.webp\",\"width\":600,\"height\":600,\"caption\":\"Zinzino balanceoil avec om\u00e9ga-3\"},{\"@type\":\"BreadcrumbList\",\"@id\":\"https:\/\/lions-pharmacy.com\/fr\/produit\/zinzino-balanceoil-grapefruit-300-ml#breadcrumb\",\"itemListElement\":[{\"@type\":\"ListItem\",\"position\":1,\"name\":\"Home\",\"item\":\"https:\/\/lions-pharmacy.com\/fr\/homepage-lion-pharmacy\"},{\"@type\":\"ListItem\",\"position\":2,\"name\":\"Shop\",\"item\":\"https:\/\/lions-pharmacy.com\/fr\/boutique\"},{\"@type\":\"ListItem\",\"position\":3,\"name\":\"ZINZINO BalanceOil+ Pamplemousse (300 ml)\"}]},{\"@type\":\"WebSite\",\"@id\":\"https:\/\/lions-pharmacy.com\/fr#website\",\"url\":\"https:\/\/lions-pharmacy.com\/fr\",\"name\":\"Lions Pharmacy\",\"description\":\"Pharmacie sp\u00e9cialis\u00e9e en naturopathie de Baden-Baden, Allemagne\",\"publisher\":{\"@id\":\"https:\/\/lions-pharmacy.com\/fr#organization\"},\"alternateName\":\"Lion Pharmacy\",\"potentialAction\":[{\"@type\":\"SearchAction\",\"target\":{\"@type\":\"EntryPoint\",\"urlTemplate\":\"https:\/\/lions-pharmacy.com\/fr?s={search_term_string}\"},\"query-input\":{\"@type\":\"PropertyValueSpecification\",\"valueRequired\":true,\"valueName\":\"search_term_string\"}}],\"inLanguage\":\"fr-FR\"},{\"@type\":\"Organization\",\"@id\":\"https:\/\/lions-pharmacy.com\/fr#organization\",\"name\":\"Lions Pharmacy\",\"alternateName\":\"Lions Pharmacy24\",\"url\":\"https:\/\/lions-pharmacy.com\/fr\",\"logo\":{\"@type\":\"ImageObject\",\"inLanguage\":\"fr-FR\",\"@id\":\"https:\/\/lions-pharmacy.com\/fr#\/schema\/logo\/image\/\",\"url\":\"https:\/\/lions-pharmacy.com\/wp-content\/uploads\/2022\/12\/Logo-Lion-Pharmacy-c-o-Loewen-Apotheke-smal.jpg\",\"contentUrl\":\"https:\/\/lions-pharmacy.com\/wp-content\/uploads\/2022\/12\/Logo-Lion-Pharmacy-c-o-Loewen-Apotheke-smal.jpg\",\"width\":298,\"height\":99,\"caption\":\"Lions Pharmacy\"},\"image\":{\"@id\":\"https:\/\/lions-pharmacy.com\/fr#\/schema\/logo\/image\/\"}}]}<\/script>\n<!-- \/ Yoast SEO plugin. -->","yoast_head_json":{"title":"ZINZINO BalanceOil+ Pamplemousse (300 ml) &#187; commander ici","description":"Huile om\u00e9ga-3 : riche en EPA et DHA. En savoir plus sur ZINZINO BalanceOil+ Pamplemousse (300 ml). Nous vous offrons : Une livraison rapide et des achats en ligne en toute s\u00e9curit\u00e9.","robots":{"index":"index","follow":"follow","max-snippet":"max-snippet:-1","max-image-preview":"max-image-preview:large","max-video-preview":"max-video-preview:-1"},"canonical":"https:\/\/lions-pharmacy.com\/fr\/produit\/zinzino-balanceoil-grapefruit-300-ml","og_locale":"fr_FR","og_type":"article","og_title":"ZINZINO BalanceOil+ Pamplemousse (300 ml) &#187; commander ici","og_description":"Huile om\u00e9ga-3 : riche en EPA et DHA. En savoir plus sur ZINZINO BalanceOil+ Pamplemousse (300 ml). Nous vous offrons : Une livraison rapide et des achats en ligne en toute s\u00e9curit\u00e9.","og_url":"https:\/\/lions-pharmacy.com\/fr\/produit\/zinzino-balanceoil-grapefruit-300-ml","og_site_name":"Lion Pharmacy","article_modified_time":"2026-04-02T06:26:01+00:00","og_image":[{"width":600,"height":600,"url":"https:\/\/lions-pharmacy.com\/wp-content\/uploads\/2025\/12\/Zinzino-balanceoil-with-omega-3.webp","type":"image\/webp"}],"twitter_card":"summary_large_image","twitter_misc":{"Dur\u00e9e de lecture estim\u00e9e":"3 minutes"},"schema":{"@context":"https:\/\/schema.org","@graph":[{"@type":"WebPage","@id":"https:\/\/lions-pharmacy.com\/fr\/produit\/zinzino-balanceoil-grapefruit-300-ml","url":"https:\/\/lions-pharmacy.com\/fr\/produit\/zinzino-balanceoil-grapefruit-300-ml","name":"ZINZINO BalanceOil+ Pamplemousse (300 ml) &#187; commander ici","isPartOf":{"@id":"https:\/\/lions-pharmacy.com\/fr#website"},"primaryImageOfPage":{"@id":"https:\/\/lions-pharmacy.com\/fr\/produit\/zinzino-balanceoil-grapefruit-300-ml#primaryimage"},"image":{"@id":"https:\/\/lions-pharmacy.com\/fr\/produit\/zinzino-balanceoil-grapefruit-300-ml#primaryimage"},"thumbnailUrl":"https:\/\/lions-pharmacy.com\/wp-content\/uploads\/2025\/12\/Zinzino-balanceoil-with-omega-3.webp","datePublished":"2026-03-29T05:51:44+00:00","dateModified":"2026-04-02T06:26:01+00:00","description":"Huile om\u00e9ga-3 : riche en EPA et DHA. En savoir plus sur ZINZINO BalanceOil+ Pamplemousse (300 ml). Nous vous offrons : Une livraison rapide et des achats en ligne en toute s\u00e9curit\u00e9.","breadcrumb":{"@id":"https:\/\/lions-pharmacy.com\/fr\/produit\/zinzino-balanceoil-grapefruit-300-ml#breadcrumb"},"inLanguage":"fr-FR","potentialAction":[{"@type":"ReadAction","target":["https:\/\/lions-pharmacy.com\/fr\/produit\/zinzino-balanceoil-grapefruit-300-ml"]}]},{"@type":"ImageObject","inLanguage":"fr-FR","@id":"https:\/\/lions-pharmacy.com\/fr\/produit\/zinzino-balanceoil-grapefruit-300-ml#primaryimage","url":"https:\/\/lions-pharmacy.com\/wp-content\/uploads\/2025\/12\/Zinzino-balanceoil-with-omega-3.webp","contentUrl":"https:\/\/lions-pharmacy.com\/wp-content\/uploads\/2025\/12\/Zinzino-balanceoil-with-omega-3.webp","width":600,"height":600,"caption":"Zinzino balanceoil avec om\u00e9ga-3"},{"@type":"BreadcrumbList","@id":"https:\/\/lions-pharmacy.com\/fr\/produit\/zinzino-balanceoil-grapefruit-300-ml#breadcrumb","itemListElement":[{"@type":"ListItem","position":1,"name":"Home","item":"https:\/\/lions-pharmacy.com\/fr\/homepage-lion-pharmacy"},{"@type":"ListItem","position":2,"name":"Shop","item":"https:\/\/lions-pharmacy.com\/fr\/boutique"},{"@type":"ListItem","position":3,"name":"ZINZINO BalanceOil+ Pamplemousse (300 ml)"}]},{"@type":"WebSite","@id":"https:\/\/lions-pharmacy.com\/fr#website","url":"https:\/\/lions-pharmacy.com\/fr","name":"Lions Pharmacy","description":"Pharmacie sp\u00e9cialis\u00e9e en naturopathie de Baden-Baden, Allemagne","publisher":{"@id":"https:\/\/lions-pharmacy.com\/fr#organization"},"alternateName":"Lion Pharmacy","potentialAction":[{"@type":"SearchAction","target":{"@type":"EntryPoint","urlTemplate":"https:\/\/lions-pharmacy.com\/fr?s={search_term_string}"},"query-input":{"@type":"PropertyValueSpecification","valueRequired":true,"valueName":"search_term_string"}}],"inLanguage":"fr-FR"},{"@type":"Organization","@id":"https:\/\/lions-pharmacy.com\/fr#organization","name":"Lions Pharmacy","alternateName":"Lions Pharmacy24","url":"https:\/\/lions-pharmacy.com\/fr","logo":{"@type":"ImageObject","inLanguage":"fr-FR","@id":"https:\/\/lions-pharmacy.com\/fr#\/schema\/logo\/image\/","url":"https:\/\/lions-pharmacy.com\/wp-content\/uploads\/2022\/12\/Logo-Lion-Pharmacy-c-o-Loewen-Apotheke-smal.jpg","contentUrl":"https:\/\/lions-pharmacy.com\/wp-content\/uploads\/2022\/12\/Logo-Lion-Pharmacy-c-o-Loewen-Apotheke-smal.jpg","width":298,"height":99,"caption":"Lions Pharmacy"},"image":{"@id":"https:\/\/lions-pharmacy.com\/fr#\/schema\/logo\/image\/"}}]}},"_links":{"self":[{"href":"https:\/\/lions-pharmacy.com\/fr\/wp-json\/wp\/v2\/product\/22152","targetHints":{"allow":["GET"]}}],"collection":[{"href":"https:\/\/lions-pharmacy.com\/fr\/wp-json\/wp\/v2\/product"}],"about":[{"href":"https:\/\/lions-pharmacy.com\/fr\/wp-json\/wp\/v2\/types\/product"}],"replies":[{"embeddable":true,"href":"https:\/\/lions-pharmacy.com\/fr\/wp-json\/wp\/v2\/comments?post=22152"}],"wp:featuredmedia":[{"embeddable":true,"href":"https:\/\/lions-pharmacy.com\/fr\/wp-json\/wp\/v2\/media\/21489"}],"wp:attachment":[{"href":"https:\/\/lions-pharmacy.com\/fr\/wp-json\/wp\/v2\/media?parent=22152"}],"wp:term":[{"taxonomy":"product_brand","embeddable":true,"href":"https:\/\/lions-pharmacy.com\/fr\/wp-json\/wp\/v2\/product_brand?post=22152"},{"taxonomy":"product_cat","embeddable":true,"href":"https:\/\/lions-pharmacy.com\/fr\/wp-json\/wp\/v2\/product_cat?post=22152"},{"taxonomy":"product_tag","embeddable":true,"href":"https:\/\/lions-pharmacy.com\/fr\/wp-json\/wp\/v2\/product_tag?post=22152"}],"curies":[{"name":"wp","href":"https:\/\/api.w.org\/{rel}","templated":true}]}}