{"id":21342,"date":"2026-03-08T06:29:08","date_gmt":"2026-03-08T05:29:08","guid":{"rendered":"https:\/\/lions-pharmacy.com\/?post_type=product&#038;p=21342"},"modified":"2026-03-08T06:53:04","modified_gmt":"2026-03-08T05:53:04","slug":"cerebrum-compositum-nm-ampoules-10-pc-01674841","status":"publish","type":"product","link":"https:\/\/lions-pharmacy.com\/fr\/produit\/cerebrum-compositum-nm-ampoules-10-pc-01674841","title":{"rendered":"Cerebrum compositum NM Ampoules (10 pc)"},"content":{"rendered":"<h3>Cerebrum compositum NM<\/h3>\n<p>Cerebrum compositum NM ampoules un m\u00e9dicament hom\u00e9opathique enregistr\u00e9, donc sans indication th\u00e9rapeutique.<\/p>\n<p>Notice d&#8217;information\/instructions d&#8217;utilisation\/fiche technique de l&#8217;article : <a href=\"https:\/\/lions-pharmacy.com\/wp-content\/uploads\/2026\/03\/Cerebrum_compositum_NM_Amp_019600_11_BPZ_Mrz2023.pdf\">Cerebrum_compositum_NM_Amp<\/a> (lecteur PDF)<\/p>\n<p>Ingr\u00e9dients : Cerebrum suis, Embryo suis, Hepar suis, Placenta suis, Kalium phosphoricum, Selenium, Thuja occidentalis, Strychnos ignatii, Acidum phosphoricum, Cinchona pubescens, Kalium bichromicum, Gelsemium sempervirens, Ruta graveolens, Arnica montana, Aesculus hippocastanum, Manganum phosphoricum, Magnesium phosphoricum, Semecarpus anacardium, Conium maculatum, Hyoscyamus niger, Aconitum napellus, Anamirta cocculus, Ambra grisea<\/p>\n<p>Autres produits de : <a href=\"https:\/\/lions-pharmacy.com\/fr\/etiquette-produit\/homeopathie\" rel=\"tag\">Hom\u00e9opathie<\/a> | <a href=\"https:\/\/lions-pharmacy.com\/fr\/etiquette-produit\/vitamines-et-supplements\">Vitamines et suppl\u00e9ments Produits<\/a><\/p>\n<p>Vous trouverez de plus amples informations sur le produit aupr\u00e8s du fabricant : <a href=\"https:\/\/www.heel.de\/de\/produktsuche.html\" target=\"_blank\" rel=\"noopener\">Biologische <\/a><a href=\"https:\/\/www.heel.de\/de\/produktsuche.html\">Heilmittel<\/a> <a href=\"https:\/\/www.heel.de\/de\/produktsuche.html\" target=\"_blank\" rel=\"noopener\">Heel GmbH<\/a><\/p>\n<p>Les informations contenues dans ce site web sont fournies \u00e0 titre informatif uniquement. Ils ne remplacent en aucun cas l&#8217;examen et le traitement par un m\u00e9decin. Veuillez noter que cela signifie qu&#8217;aucun diagnostic ne peut \u00eatre \u00e9tabli et qu&#8217;aucune th\u00e9rapie ne peut \u00eatre mise en place.<\/p>\n<p>Pour conna\u00eetre les risques et les effets secondaires, lisez la notice et demandez conseil \u00e0 votre m\u00e9decin ou \u00e0 votre pharmacien.<\/p>\n<p>&nbsp;<\/p>\n<h3>Ordonnance | e-prescription disponible ?<\/h3>\n<p>Soumettez votre e-prescription d\u00e8s maintenant. Utilisez notre application <a href=\"https:\/\/e-rezept-app.de\/shop-rezept\" target=\"_blank\" rel=\"noopener\">d\u2019ordonnance \u00e9lectronique<\/a> . Et nous vous donnons les frais de port gratuits en Allemagne !<\/p>\n","protected":false},"excerpt":{"rendered":"<h2>Cerebrum compositum NM Ampoules<\/h2>\n<p>M\u00e9dicament hom\u00e9opathique enregistr\u00e9.<\/p>\n<p>&nbsp;<\/p>\n<p><strong>PZN<\/strong>: 01674841<\/p>\n<p><strong>Forme gal\u00e9nologique<\/strong> : ampoules<\/p>\n<p><strong>Taille de l&#8217;emballage<\/strong>: 10 pi\u00e8ces.<\/p>\n<p><strong>Type de prescription :<\/strong> sans prescription<\/p>\n<p><strong>Marque<\/strong>&nbsp;: &#8211;<\/p>\n<p><strong>Fabricant<\/strong>: Biologische Heel, Allemagne<\/p>\n","protected":false},"featured_media":21348,"comment_status":"closed","ping_status":"closed","template":"","meta":[],"product_brand":[],"product_cat":[346,114],"product_tag":[510,306,466,464],"class_list":{"0":"post-21342","1":"product","2":"type-product","3":"status-publish","4":"has-post-thumbnail","6":"product_cat-heel","7":"product_cat-non-classifiee","8":"product_tag-actif-dorigine-vegetale","9":"product_tag-homeopathie","10":"product_tag-ingredient-actif-a-base-de-plantes","11":"product_tag-remedes-naturels","12":"ts_product_brand-all-fr","13":"ts_product_brand-heel-fr","15":"first","16":"instock","17":"sale","18":"taxable","19":"shipping-taxable","20":"purchasable","21":"product-type-simple"},"yoast_head":"<!-- This site is optimized with the Yoast SEO plugin v26.5 - https:\/\/yoast.com\/wordpress\/plugins\/seo\/ -->\n<title>Cerebrum compositum NM Ampoules (10 pc) &#187; acheter sur Lion Pharmacy<\/title>\n<meta name=\"description\" content=\"De Biologische Heel. Cerebrum compositum NM Ampoules (10 pc). Commandez ici aupr\u00e8s d&#039;une pharmacie en ligne allemande enregistr\u00e9e. Exp\u00e9dition rapide dans le monde entier.\" \/>\n<meta name=\"robots\" content=\"index, follow, max-snippet:-1, max-image-preview:large, max-video-preview:-1\" \/>\n<link rel=\"canonical\" href=\"https:\/\/lions-pharmacy.com\/fr\/produit\/cerebrum-compositum-nm-ampoules-10-pc-01674841\" \/>\n<meta property=\"og:locale\" content=\"fr_FR\" \/>\n<meta property=\"og:type\" content=\"article\" \/>\n<meta property=\"og:title\" content=\"Cerebrum compositum NM Ampoules (10 pc) &#187; acheter sur Lion Pharmacy\" \/>\n<meta property=\"og:description\" content=\"De Biologische Heel. Cerebrum compositum NM Ampoules (10 pc). Commandez ici aupr\u00e8s d&#039;une pharmacie en ligne allemande enregistr\u00e9e. Exp\u00e9dition rapide dans le monde entier.\" \/>\n<meta property=\"og:url\" content=\"https:\/\/lions-pharmacy.com\/fr\/produit\/cerebrum-compositum-nm-ampoules-10-pc-01674841\" \/>\n<meta property=\"og:site_name\" content=\"Lion Pharmacy\" \/>\n<meta property=\"article:modified_time\" content=\"2026-03-08T05:53:04+00:00\" \/>\n<meta property=\"og:image\" content=\"https:\/\/lions-pharmacy.com\/wp-content\/uploads\/2026\/03\/Cerebrum-compositum-NM-Ampoules-from-biologische-Heel-PZN-01674841-Lions-Pharmacy.webp\" \/>\n\t<meta property=\"og:image:width\" content=\"600\" \/>\n\t<meta property=\"og:image:height\" content=\"600\" \/>\n\t<meta property=\"og:image:type\" content=\"image\/webp\" \/>\n<meta name=\"twitter:card\" content=\"summary_large_image\" \/>\n<meta name=\"twitter:label1\" content=\"Dur\u00e9e de lecture estim\u00e9e\" \/>\n\t<meta name=\"twitter:data1\" content=\"1 minute\" \/>\n<script type=\"application\/ld+json\" class=\"yoast-schema-graph\">{\"@context\":\"https:\/\/schema.org\",\"@graph\":[{\"@type\":\"WebPage\",\"@id\":\"https:\/\/lions-pharmacy.com\/fr\/produit\/cerebrum-compositum-nm-ampoules-10-pc-01674841\",\"url\":\"https:\/\/lions-pharmacy.com\/fr\/produit\/cerebrum-compositum-nm-ampoules-10-pc-01674841\",\"name\":\"Cerebrum compositum NM Ampoules (10 pc) &#187; acheter sur Lion Pharmacy\",\"isPartOf\":{\"@id\":\"https:\/\/lions-pharmacy.com\/fr#website\"},\"primaryImageOfPage\":{\"@id\":\"https:\/\/lions-pharmacy.com\/fr\/produit\/cerebrum-compositum-nm-ampoules-10-pc-01674841#primaryimage\"},\"image\":{\"@id\":\"https:\/\/lions-pharmacy.com\/fr\/produit\/cerebrum-compositum-nm-ampoules-10-pc-01674841#primaryimage\"},\"thumbnailUrl\":\"https:\/\/lions-pharmacy.com\/wp-content\/uploads\/2026\/03\/Cerebrum-compositum-NM-Ampoules-from-biologische-Heel-PZN-01674841-Lions-Pharmacy.webp\",\"datePublished\":\"2026-03-08T05:29:08+00:00\",\"dateModified\":\"2026-03-08T05:53:04+00:00\",\"description\":\"De Biologische Heel. Cerebrum compositum NM Ampoules (10 pc). Commandez ici aupr\u00e8s d'une pharmacie en ligne allemande enregistr\u00e9e. Exp\u00e9dition rapide dans le monde entier.\",\"breadcrumb\":{\"@id\":\"https:\/\/lions-pharmacy.com\/fr\/produit\/cerebrum-compositum-nm-ampoules-10-pc-01674841#breadcrumb\"},\"inLanguage\":\"fr-FR\",\"potentialAction\":[{\"@type\":\"ReadAction\",\"target\":[\"https:\/\/lions-pharmacy.com\/fr\/produit\/cerebrum-compositum-nm-ampoules-10-pc-01674841\"]}]},{\"@type\":\"ImageObject\",\"inLanguage\":\"fr-FR\",\"@id\":\"https:\/\/lions-pharmacy.com\/fr\/produit\/cerebrum-compositum-nm-ampoules-10-pc-01674841#primaryimage\",\"url\":\"https:\/\/lions-pharmacy.com\/wp-content\/uploads\/2026\/03\/Cerebrum-compositum-NM-Ampoules-from-biologische-Heel-PZN-01674841-Lions-Pharmacy.webp\",\"contentUrl\":\"https:\/\/lions-pharmacy.com\/wp-content\/uploads\/2026\/03\/Cerebrum-compositum-NM-Ampoules-from-biologische-Heel-PZN-01674841-Lions-Pharmacy.webp\",\"width\":600,\"height\":600,\"caption\":\"Cerebrum compositum NM Ampoules de biologische Heel, PZN-01674841, Lions-Pharmacy\"},{\"@type\":\"BreadcrumbList\",\"@id\":\"https:\/\/lions-pharmacy.com\/fr\/produit\/cerebrum-compositum-nm-ampoules-10-pc-01674841#breadcrumb\",\"itemListElement\":[{\"@type\":\"ListItem\",\"position\":1,\"name\":\"Home\",\"item\":\"https:\/\/lions-pharmacy.com\/fr\/homepage-lion-pharmacy\"},{\"@type\":\"ListItem\",\"position\":2,\"name\":\"Shop\",\"item\":\"https:\/\/lions-pharmacy.com\/fr\/boutique\"},{\"@type\":\"ListItem\",\"position\":3,\"name\":\"Cerebrum compositum NM Ampoules (10 pc)\"}]},{\"@type\":\"WebSite\",\"@id\":\"https:\/\/lions-pharmacy.com\/fr#website\",\"url\":\"https:\/\/lions-pharmacy.com\/fr\",\"name\":\"Lions Pharmacy\",\"description\":\"Pharmacie sp\u00e9cialis\u00e9e en naturopathie de Baden-Baden, Allemagne\",\"publisher\":{\"@id\":\"https:\/\/lions-pharmacy.com\/fr#organization\"},\"alternateName\":\"Lion Pharmacy\",\"potentialAction\":[{\"@type\":\"SearchAction\",\"target\":{\"@type\":\"EntryPoint\",\"urlTemplate\":\"https:\/\/lions-pharmacy.com\/fr?s={search_term_string}\"},\"query-input\":{\"@type\":\"PropertyValueSpecification\",\"valueRequired\":true,\"valueName\":\"search_term_string\"}}],\"inLanguage\":\"fr-FR\"},{\"@type\":\"Organization\",\"@id\":\"https:\/\/lions-pharmacy.com\/fr#organization\",\"name\":\"Lions Pharmacy\",\"alternateName\":\"Lions Pharmacy24\",\"url\":\"https:\/\/lions-pharmacy.com\/fr\",\"logo\":{\"@type\":\"ImageObject\",\"inLanguage\":\"fr-FR\",\"@id\":\"https:\/\/lions-pharmacy.com\/fr#\/schema\/logo\/image\/\",\"url\":\"https:\/\/lions-pharmacy.com\/wp-content\/uploads\/2022\/12\/Logo-Lion-Pharmacy-c-o-Loewen-Apotheke-smal.jpg\",\"contentUrl\":\"https:\/\/lions-pharmacy.com\/wp-content\/uploads\/2022\/12\/Logo-Lion-Pharmacy-c-o-Loewen-Apotheke-smal.jpg\",\"width\":298,\"height\":99,\"caption\":\"Lions Pharmacy\"},\"image\":{\"@id\":\"https:\/\/lions-pharmacy.com\/fr#\/schema\/logo\/image\/\"}}]}<\/script>\n<!-- \/ Yoast SEO plugin. -->","yoast_head_json":{"title":"Cerebrum compositum NM Ampoules (10 pc) &#187; acheter sur Lion Pharmacy","description":"De Biologische Heel. Cerebrum compositum NM Ampoules (10 pc). Commandez ici aupr\u00e8s d'une pharmacie en ligne allemande enregistr\u00e9e. Exp\u00e9dition rapide dans le monde entier.","robots":{"index":"index","follow":"follow","max-snippet":"max-snippet:-1","max-image-preview":"max-image-preview:large","max-video-preview":"max-video-preview:-1"},"canonical":"https:\/\/lions-pharmacy.com\/fr\/produit\/cerebrum-compositum-nm-ampoules-10-pc-01674841","og_locale":"fr_FR","og_type":"article","og_title":"Cerebrum compositum NM Ampoules (10 pc) &#187; acheter sur Lion Pharmacy","og_description":"De Biologische Heel. Cerebrum compositum NM Ampoules (10 pc). Commandez ici aupr\u00e8s d'une pharmacie en ligne allemande enregistr\u00e9e. Exp\u00e9dition rapide dans le monde entier.","og_url":"https:\/\/lions-pharmacy.com\/fr\/produit\/cerebrum-compositum-nm-ampoules-10-pc-01674841","og_site_name":"Lion Pharmacy","article_modified_time":"2026-03-08T05:53:04+00:00","og_image":[{"width":600,"height":600,"url":"https:\/\/lions-pharmacy.com\/wp-content\/uploads\/2026\/03\/Cerebrum-compositum-NM-Ampoules-from-biologische-Heel-PZN-01674841-Lions-Pharmacy.webp","type":"image\/webp"}],"twitter_card":"summary_large_image","twitter_misc":{"Dur\u00e9e de lecture estim\u00e9e":"1 minute"},"schema":{"@context":"https:\/\/schema.org","@graph":[{"@type":"WebPage","@id":"https:\/\/lions-pharmacy.com\/fr\/produit\/cerebrum-compositum-nm-ampoules-10-pc-01674841","url":"https:\/\/lions-pharmacy.com\/fr\/produit\/cerebrum-compositum-nm-ampoules-10-pc-01674841","name":"Cerebrum compositum NM Ampoules (10 pc) &#187; acheter sur Lion Pharmacy","isPartOf":{"@id":"https:\/\/lions-pharmacy.com\/fr#website"},"primaryImageOfPage":{"@id":"https:\/\/lions-pharmacy.com\/fr\/produit\/cerebrum-compositum-nm-ampoules-10-pc-01674841#primaryimage"},"image":{"@id":"https:\/\/lions-pharmacy.com\/fr\/produit\/cerebrum-compositum-nm-ampoules-10-pc-01674841#primaryimage"},"thumbnailUrl":"https:\/\/lions-pharmacy.com\/wp-content\/uploads\/2026\/03\/Cerebrum-compositum-NM-Ampoules-from-biologische-Heel-PZN-01674841-Lions-Pharmacy.webp","datePublished":"2026-03-08T05:29:08+00:00","dateModified":"2026-03-08T05:53:04+00:00","description":"De Biologische Heel. Cerebrum compositum NM Ampoules (10 pc). Commandez ici aupr\u00e8s d'une pharmacie en ligne allemande enregistr\u00e9e. Exp\u00e9dition rapide dans le monde entier.","breadcrumb":{"@id":"https:\/\/lions-pharmacy.com\/fr\/produit\/cerebrum-compositum-nm-ampoules-10-pc-01674841#breadcrumb"},"inLanguage":"fr-FR","potentialAction":[{"@type":"ReadAction","target":["https:\/\/lions-pharmacy.com\/fr\/produit\/cerebrum-compositum-nm-ampoules-10-pc-01674841"]}]},{"@type":"ImageObject","inLanguage":"fr-FR","@id":"https:\/\/lions-pharmacy.com\/fr\/produit\/cerebrum-compositum-nm-ampoules-10-pc-01674841#primaryimage","url":"https:\/\/lions-pharmacy.com\/wp-content\/uploads\/2026\/03\/Cerebrum-compositum-NM-Ampoules-from-biologische-Heel-PZN-01674841-Lions-Pharmacy.webp","contentUrl":"https:\/\/lions-pharmacy.com\/wp-content\/uploads\/2026\/03\/Cerebrum-compositum-NM-Ampoules-from-biologische-Heel-PZN-01674841-Lions-Pharmacy.webp","width":600,"height":600,"caption":"Cerebrum compositum NM Ampoules de biologische Heel, PZN-01674841, Lions-Pharmacy"},{"@type":"BreadcrumbList","@id":"https:\/\/lions-pharmacy.com\/fr\/produit\/cerebrum-compositum-nm-ampoules-10-pc-01674841#breadcrumb","itemListElement":[{"@type":"ListItem","position":1,"name":"Home","item":"https:\/\/lions-pharmacy.com\/fr\/homepage-lion-pharmacy"},{"@type":"ListItem","position":2,"name":"Shop","item":"https:\/\/lions-pharmacy.com\/fr\/boutique"},{"@type":"ListItem","position":3,"name":"Cerebrum compositum NM Ampoules (10 pc)"}]},{"@type":"WebSite","@id":"https:\/\/lions-pharmacy.com\/fr#website","url":"https:\/\/lions-pharmacy.com\/fr","name":"Lions Pharmacy","description":"Pharmacie sp\u00e9cialis\u00e9e en naturopathie de Baden-Baden, Allemagne","publisher":{"@id":"https:\/\/lions-pharmacy.com\/fr#organization"},"alternateName":"Lion Pharmacy","potentialAction":[{"@type":"SearchAction","target":{"@type":"EntryPoint","urlTemplate":"https:\/\/lions-pharmacy.com\/fr?s={search_term_string}"},"query-input":{"@type":"PropertyValueSpecification","valueRequired":true,"valueName":"search_term_string"}}],"inLanguage":"fr-FR"},{"@type":"Organization","@id":"https:\/\/lions-pharmacy.com\/fr#organization","name":"Lions Pharmacy","alternateName":"Lions Pharmacy24","url":"https:\/\/lions-pharmacy.com\/fr","logo":{"@type":"ImageObject","inLanguage":"fr-FR","@id":"https:\/\/lions-pharmacy.com\/fr#\/schema\/logo\/image\/","url":"https:\/\/lions-pharmacy.com\/wp-content\/uploads\/2022\/12\/Logo-Lion-Pharmacy-c-o-Loewen-Apotheke-smal.jpg","contentUrl":"https:\/\/lions-pharmacy.com\/wp-content\/uploads\/2022\/12\/Logo-Lion-Pharmacy-c-o-Loewen-Apotheke-smal.jpg","width":298,"height":99,"caption":"Lions Pharmacy"},"image":{"@id":"https:\/\/lions-pharmacy.com\/fr#\/schema\/logo\/image\/"}}]}},"_links":{"self":[{"href":"https:\/\/lions-pharmacy.com\/fr\/wp-json\/wp\/v2\/product\/21342","targetHints":{"allow":["GET"]}}],"collection":[{"href":"https:\/\/lions-pharmacy.com\/fr\/wp-json\/wp\/v2\/product"}],"about":[{"href":"https:\/\/lions-pharmacy.com\/fr\/wp-json\/wp\/v2\/types\/product"}],"replies":[{"embeddable":true,"href":"https:\/\/lions-pharmacy.com\/fr\/wp-json\/wp\/v2\/comments?post=21342"}],"wp:featuredmedia":[{"embeddable":true,"href":"https:\/\/lions-pharmacy.com\/fr\/wp-json\/wp\/v2\/media\/21348"}],"wp:attachment":[{"href":"https:\/\/lions-pharmacy.com\/fr\/wp-json\/wp\/v2\/media?parent=21342"}],"wp:term":[{"taxonomy":"product_brand","embeddable":true,"href":"https:\/\/lions-pharmacy.com\/fr\/wp-json\/wp\/v2\/product_brand?post=21342"},{"taxonomy":"product_cat","embeddable":true,"href":"https:\/\/lions-pharmacy.com\/fr\/wp-json\/wp\/v2\/product_cat?post=21342"},{"taxonomy":"product_tag","embeddable":true,"href":"https:\/\/lions-pharmacy.com\/fr\/wp-json\/wp\/v2\/product_tag?post=21342"}],"curies":[{"name":"wp","href":"https:\/\/api.w.org\/{rel}","templated":true}]}}