{"id":20935,"date":"2026-02-24T20:46:37","date_gmt":"2026-02-24T19:46:37","guid":{"rendered":"https:\/\/lions-pharmacy.com\/?post_type=product&#038;p=20935"},"modified":"2026-02-24T22:00:24","modified_gmt":"2026-02-24T21:00:24","slug":"hametum-wound-and-healing-ointment-25-g-09673019","status":"publish","type":"product","link":"https:\/\/lions-pharmacy.com\/fr\/produit\/hametum-wound-and-healing-ointment-25-g-09673019","title":{"rendered":"Hametum Pommade pour plaies et cicatrisation (25 g)"},"content":{"rendered":"<h3 style=\"text-align: left;\">Hametum Pommade pour plaies et cicatrisation (25 g)<\/h3>\n<p>La pommade Hametum pour plaies et cicatrisation s&#8217;utilise en cas de blessures cutan\u00e9es mineures, d&#8217;inflammations peu \u00e9tendues de la peau et des muqueuses.<\/p>\n<p>Principes actifs : 62,5 mg de distillat frais de feuilles et de rameaux d&#8217;hamam\u00e9lis (1:1,12-2,08) ; solvant de distillation : 6% p\/p d&#8217;\u00e9thanol<\/p>\n<p>La gu\u00e9rison par les plantes ou les parties de plantes est une longue tradition dans de nombreuses cultures \u00e0 travers le monde. Le Dr Willmar Schwabe est fascin\u00e9 par les vertus curatives des plantes et convaincu que la nature rec\u00e8le de nombreux principes actifs importants pour nous.<\/p>\n<p>Pour plus d&#8217;informations sur le produit Lasea softgels, veuillez contacter le fabricant : <a href=\"https:\/\/www.lasea.de\/\" target=\"_blank\" rel=\"noopener\">Willmar Schwabe GmbH &amp; Co. KG<\/a><\/p>\n<p>D&#8217;autres clients sont \u00e9galement int\u00e9ress\u00e9s par les produits li\u00e9s \u00e0 : <a href=\"https:\/\/lions-pharmacy.com\/fr\/etiquette-produit\/remedes-naturels\" rel=\"tag\">rem\u00e8des naturels<\/a> | <a href=\"https:\/\/lions-pharmacy.com\/fr\/etiquette-produit\/actif-dorigine-vegetale\" rel=\"tag\">Actifs d&#8217;origine v\u00e9g\u00e9tale<\/a> | <a href=\"\/de?product_tag=reiseapotheke\">Trousse de premiers secours <\/a> <\/p>\n<p>Les informations contenues dans ce site web sont fournies \u00e0 titre informatif uniquement. Ils ne remplacent en aucun cas l&#8217;examen et le traitement par un m\u00e9decin. Veuillez noter que cela signifie qu&#8217;aucun diagnostic ne peut \u00eatre \u00e9tabli et qu&#8217;aucune th\u00e9rapie ne peut \u00eatre mise en place.<\/p>\n<p>Pour conna\u00eetre les risques et les effets secondaires, lisez la notice et demandez conseil \u00e0 votre m\u00e9decin ou \u00e0 votre pharmacien.<\/p>\n","protected":false},"excerpt":{"rendered":"<h2>Hametum Pommade pour plaies et cicatrisation (25 g)<\/h2>\n<p>Utilisation en cas de l\u00e9sions cutan\u00e9es mineures, d&#8217;inflammations superficielles de la peau et des muqueuses.<\/p>\n<p>&nbsp;<\/p>\n<p><strong>PZN :<\/strong> 09673019 (num\u00e9ro central de pharmacie)<\/p>\n<p><strong>Forme pharmaceutique<\/strong>: cr\u00e8me<\/p>\n<p><strong>Type d\u2019ordonnance<\/strong> : sans ordonnance<\/p>\n<p><strong>Fabricant<\/strong>: Willmar Schwabe GmbH &amp; Co. KG, Karlsruhe, Allemagne<\/p>\n<p><strong>Taille de l&#8217;emballage<\/strong>: 25g<\/p>\n","protected":false},"featured_media":20940,"comment_status":"closed","ping_status":"closed","template":"","meta":[],"product_brand":[],"product_cat":[460,120,114],"product_tag":[510,464,309,264],"class_list":{"0":"post-20935","1":"product","2":"type-product","3":"status-publish","4":"has-post-thumbnail","6":"product_cat-dr-schwabe","7":"product_cat-sale-fr","8":"product_cat-non-classifiee","9":"product_tag-actif-dorigine-vegetale","10":"product_tag-remedes-naturels","11":"product_tag-vente-mensuelle","12":"product_tag-vitamines-et-supplements","13":"ts_product_brand-all-fr","14":"ts_product_brand-dr-schwabe-fr","16":"first","17":"instock","18":"sale","19":"taxable","20":"shipping-taxable","21":"purchasable","22":"product-type-simple"},"yoast_head":"<!-- This site is optimized with the Yoast SEO plugin v26.5 - https:\/\/yoast.com\/wordpress\/plugins\/seo\/ -->\n<title>Hametum Pommade pour plaies et cicatrisation (25 g) &#187; commander ici<\/title>\n<meta name=\"description\" content=\"Lions Pharmacy est une pharmacie allemande enregistr\u00e9e. Nous vous offrons : Une exp\u00e9dition internationale rapide et des achats en ligne en toute s\u00e9curit\u00e9. Hametum Pommade pour plaies et cicatrisation (25 g)\" \/>\n<meta name=\"robots\" content=\"index, follow, max-snippet:-1, max-image-preview:large, max-video-preview:-1\" \/>\n<link rel=\"canonical\" href=\"https:\/\/lions-pharmacy.com\/fr\/produit\/hametum-wound-and-healing-ointment-25-g-09673019\" \/>\n<meta property=\"og:locale\" content=\"fr_FR\" \/>\n<meta property=\"og:type\" content=\"article\" \/>\n<meta property=\"og:title\" content=\"Hametum Pommade pour plaies et cicatrisation (25 g) &#187; commander ici\" \/>\n<meta property=\"og:description\" content=\"Lions Pharmacy est une pharmacie allemande enregistr\u00e9e. Nous vous offrons : Une exp\u00e9dition internationale rapide et des achats en ligne en toute s\u00e9curit\u00e9. Hametum Pommade pour plaies et cicatrisation (25 g)\" \/>\n<meta property=\"og:url\" content=\"https:\/\/lions-pharmacy.com\/fr\/produit\/hametum-wound-and-healing-ointment-25-g-09673019\" \/>\n<meta property=\"og:site_name\" content=\"Lion Pharmacy\" \/>\n<meta property=\"article:modified_time\" content=\"2026-02-24T21:00:24+00:00\" \/>\n<meta property=\"og:image\" content=\"https:\/\/lions-pharmacy.com\/wp-content\/uploads\/2026\/02\/Hametum-Wound-and-Healing-Ointment-25-g-Dr-Schwabe.webp\" \/>\n\t<meta property=\"og:image:width\" content=\"600\" \/>\n\t<meta property=\"og:image:height\" content=\"600\" \/>\n\t<meta property=\"og:image:type\" content=\"image\/webp\" \/>\n<meta name=\"twitter:card\" content=\"summary_large_image\" \/>\n<meta name=\"twitter:label1\" content=\"Dur\u00e9e de lecture estim\u00e9e\" \/>\n\t<meta name=\"twitter:data1\" content=\"1 minute\" \/>\n<script type=\"application\/ld+json\" class=\"yoast-schema-graph\">{\"@context\":\"https:\/\/schema.org\",\"@graph\":[{\"@type\":\"WebPage\",\"@id\":\"https:\/\/lions-pharmacy.com\/fr\/produit\/hametum-wound-and-healing-ointment-25-g-09673019\",\"url\":\"https:\/\/lions-pharmacy.com\/fr\/produit\/hametum-wound-and-healing-ointment-25-g-09673019\",\"name\":\"Hametum Pommade pour plaies et cicatrisation (25 g) &#187; commander ici\",\"isPartOf\":{\"@id\":\"https:\/\/lions-pharmacy.com\/fr#website\"},\"primaryImageOfPage\":{\"@id\":\"https:\/\/lions-pharmacy.com\/fr\/produit\/hametum-wound-and-healing-ointment-25-g-09673019#primaryimage\"},\"image\":{\"@id\":\"https:\/\/lions-pharmacy.com\/fr\/produit\/hametum-wound-and-healing-ointment-25-g-09673019#primaryimage\"},\"thumbnailUrl\":\"https:\/\/lions-pharmacy.com\/wp-content\/uploads\/2026\/02\/Hametum-Wound-and-Healing-Ointment-25-g-Dr-Schwabe.webp\",\"datePublished\":\"2026-02-24T19:46:37+00:00\",\"dateModified\":\"2026-02-24T21:00:24+00:00\",\"description\":\"Lions Pharmacy est une pharmacie allemande enregistr\u00e9e. Nous vous offrons : Une exp\u00e9dition internationale rapide et des achats en ligne en toute s\u00e9curit\u00e9. Hametum Pommade pour plaies et cicatrisation (25 g)\",\"breadcrumb\":{\"@id\":\"https:\/\/lions-pharmacy.com\/fr\/produit\/hametum-wound-and-healing-ointment-25-g-09673019#breadcrumb\"},\"inLanguage\":\"fr-FR\",\"potentialAction\":[{\"@type\":\"ReadAction\",\"target\":[\"https:\/\/lions-pharmacy.com\/fr\/produit\/hametum-wound-and-healing-ointment-25-g-09673019\"]}]},{\"@type\":\"ImageObject\",\"inLanguage\":\"fr-FR\",\"@id\":\"https:\/\/lions-pharmacy.com\/fr\/produit\/hametum-wound-and-healing-ointment-25-g-09673019#primaryimage\",\"url\":\"https:\/\/lions-pharmacy.com\/wp-content\/uploads\/2026\/02\/Hametum-Wound-and-Healing-Ointment-25-g-Dr-Schwabe.webp\",\"contentUrl\":\"https:\/\/lions-pharmacy.com\/wp-content\/uploads\/2026\/02\/Hametum-Wound-and-Healing-Ointment-25-g-Dr-Schwabe.webp\",\"width\":600,\"height\":600,\"caption\":\"Hametum Pommade pour plaies et cicatrisation 25 g Dr Schwabe\"},{\"@type\":\"BreadcrumbList\",\"@id\":\"https:\/\/lions-pharmacy.com\/fr\/produit\/hametum-wound-and-healing-ointment-25-g-09673019#breadcrumb\",\"itemListElement\":[{\"@type\":\"ListItem\",\"position\":1,\"name\":\"Home\",\"item\":\"https:\/\/lions-pharmacy.com\/fr\/homepage-lion-pharmacy\"},{\"@type\":\"ListItem\",\"position\":2,\"name\":\"Shop\",\"item\":\"https:\/\/lions-pharmacy.com\/fr\/boutique\"},{\"@type\":\"ListItem\",\"position\":3,\"name\":\"Hametum Pommade pour plaies et cicatrisation (25 g)\"}]},{\"@type\":\"WebSite\",\"@id\":\"https:\/\/lions-pharmacy.com\/fr#website\",\"url\":\"https:\/\/lions-pharmacy.com\/fr\",\"name\":\"Lions Pharmacy\",\"description\":\"Pharmacie sp\u00e9cialis\u00e9e en naturopathie de Baden-Baden, Allemagne\",\"publisher\":{\"@id\":\"https:\/\/lions-pharmacy.com\/fr#organization\"},\"alternateName\":\"Lion Pharmacy\",\"potentialAction\":[{\"@type\":\"SearchAction\",\"target\":{\"@type\":\"EntryPoint\",\"urlTemplate\":\"https:\/\/lions-pharmacy.com\/fr?s={search_term_string}\"},\"query-input\":{\"@type\":\"PropertyValueSpecification\",\"valueRequired\":true,\"valueName\":\"search_term_string\"}}],\"inLanguage\":\"fr-FR\"},{\"@type\":\"Organization\",\"@id\":\"https:\/\/lions-pharmacy.com\/fr#organization\",\"name\":\"Lions Pharmacy\",\"alternateName\":\"Lions Pharmacy24\",\"url\":\"https:\/\/lions-pharmacy.com\/fr\",\"logo\":{\"@type\":\"ImageObject\",\"inLanguage\":\"fr-FR\",\"@id\":\"https:\/\/lions-pharmacy.com\/fr#\/schema\/logo\/image\/\",\"url\":\"https:\/\/lions-pharmacy.com\/wp-content\/uploads\/2022\/12\/Logo-Lion-Pharmacy-c-o-Loewen-Apotheke-smal.jpg\",\"contentUrl\":\"https:\/\/lions-pharmacy.com\/wp-content\/uploads\/2022\/12\/Logo-Lion-Pharmacy-c-o-Loewen-Apotheke-smal.jpg\",\"width\":298,\"height\":99,\"caption\":\"Lions Pharmacy\"},\"image\":{\"@id\":\"https:\/\/lions-pharmacy.com\/fr#\/schema\/logo\/image\/\"}}]}<\/script>\n<!-- \/ Yoast SEO plugin. -->","yoast_head_json":{"title":"Hametum Pommade pour plaies et cicatrisation (25 g) &#187; commander ici","description":"Lions Pharmacy est une pharmacie allemande enregistr\u00e9e. Nous vous offrons : Une exp\u00e9dition internationale rapide et des achats en ligne en toute s\u00e9curit\u00e9. Hametum Pommade pour plaies et cicatrisation (25 g)","robots":{"index":"index","follow":"follow","max-snippet":"max-snippet:-1","max-image-preview":"max-image-preview:large","max-video-preview":"max-video-preview:-1"},"canonical":"https:\/\/lions-pharmacy.com\/fr\/produit\/hametum-wound-and-healing-ointment-25-g-09673019","og_locale":"fr_FR","og_type":"article","og_title":"Hametum Pommade pour plaies et cicatrisation (25 g) &#187; commander ici","og_description":"Lions Pharmacy est une pharmacie allemande enregistr\u00e9e. Nous vous offrons : Une exp\u00e9dition internationale rapide et des achats en ligne en toute s\u00e9curit\u00e9. Hametum Pommade pour plaies et cicatrisation (25 g)","og_url":"https:\/\/lions-pharmacy.com\/fr\/produit\/hametum-wound-and-healing-ointment-25-g-09673019","og_site_name":"Lion Pharmacy","article_modified_time":"2026-02-24T21:00:24+00:00","og_image":[{"width":600,"height":600,"url":"https:\/\/lions-pharmacy.com\/wp-content\/uploads\/2026\/02\/Hametum-Wound-and-Healing-Ointment-25-g-Dr-Schwabe.webp","type":"image\/webp"}],"twitter_card":"summary_large_image","twitter_misc":{"Dur\u00e9e de lecture estim\u00e9e":"1 minute"},"schema":{"@context":"https:\/\/schema.org","@graph":[{"@type":"WebPage","@id":"https:\/\/lions-pharmacy.com\/fr\/produit\/hametum-wound-and-healing-ointment-25-g-09673019","url":"https:\/\/lions-pharmacy.com\/fr\/produit\/hametum-wound-and-healing-ointment-25-g-09673019","name":"Hametum Pommade pour plaies et cicatrisation (25 g) &#187; commander ici","isPartOf":{"@id":"https:\/\/lions-pharmacy.com\/fr#website"},"primaryImageOfPage":{"@id":"https:\/\/lions-pharmacy.com\/fr\/produit\/hametum-wound-and-healing-ointment-25-g-09673019#primaryimage"},"image":{"@id":"https:\/\/lions-pharmacy.com\/fr\/produit\/hametum-wound-and-healing-ointment-25-g-09673019#primaryimage"},"thumbnailUrl":"https:\/\/lions-pharmacy.com\/wp-content\/uploads\/2026\/02\/Hametum-Wound-and-Healing-Ointment-25-g-Dr-Schwabe.webp","datePublished":"2026-02-24T19:46:37+00:00","dateModified":"2026-02-24T21:00:24+00:00","description":"Lions Pharmacy est une pharmacie allemande enregistr\u00e9e. Nous vous offrons : Une exp\u00e9dition internationale rapide et des achats en ligne en toute s\u00e9curit\u00e9. Hametum Pommade pour plaies et cicatrisation (25 g)","breadcrumb":{"@id":"https:\/\/lions-pharmacy.com\/fr\/produit\/hametum-wound-and-healing-ointment-25-g-09673019#breadcrumb"},"inLanguage":"fr-FR","potentialAction":[{"@type":"ReadAction","target":["https:\/\/lions-pharmacy.com\/fr\/produit\/hametum-wound-and-healing-ointment-25-g-09673019"]}]},{"@type":"ImageObject","inLanguage":"fr-FR","@id":"https:\/\/lions-pharmacy.com\/fr\/produit\/hametum-wound-and-healing-ointment-25-g-09673019#primaryimage","url":"https:\/\/lions-pharmacy.com\/wp-content\/uploads\/2026\/02\/Hametum-Wound-and-Healing-Ointment-25-g-Dr-Schwabe.webp","contentUrl":"https:\/\/lions-pharmacy.com\/wp-content\/uploads\/2026\/02\/Hametum-Wound-and-Healing-Ointment-25-g-Dr-Schwabe.webp","width":600,"height":600,"caption":"Hametum Pommade pour plaies et cicatrisation 25 g Dr Schwabe"},{"@type":"BreadcrumbList","@id":"https:\/\/lions-pharmacy.com\/fr\/produit\/hametum-wound-and-healing-ointment-25-g-09673019#breadcrumb","itemListElement":[{"@type":"ListItem","position":1,"name":"Home","item":"https:\/\/lions-pharmacy.com\/fr\/homepage-lion-pharmacy"},{"@type":"ListItem","position":2,"name":"Shop","item":"https:\/\/lions-pharmacy.com\/fr\/boutique"},{"@type":"ListItem","position":3,"name":"Hametum Pommade pour plaies et cicatrisation (25 g)"}]},{"@type":"WebSite","@id":"https:\/\/lions-pharmacy.com\/fr#website","url":"https:\/\/lions-pharmacy.com\/fr","name":"Lions Pharmacy","description":"Pharmacie sp\u00e9cialis\u00e9e en naturopathie de Baden-Baden, Allemagne","publisher":{"@id":"https:\/\/lions-pharmacy.com\/fr#organization"},"alternateName":"Lion Pharmacy","potentialAction":[{"@type":"SearchAction","target":{"@type":"EntryPoint","urlTemplate":"https:\/\/lions-pharmacy.com\/fr?s={search_term_string}"},"query-input":{"@type":"PropertyValueSpecification","valueRequired":true,"valueName":"search_term_string"}}],"inLanguage":"fr-FR"},{"@type":"Organization","@id":"https:\/\/lions-pharmacy.com\/fr#organization","name":"Lions Pharmacy","alternateName":"Lions Pharmacy24","url":"https:\/\/lions-pharmacy.com\/fr","logo":{"@type":"ImageObject","inLanguage":"fr-FR","@id":"https:\/\/lions-pharmacy.com\/fr#\/schema\/logo\/image\/","url":"https:\/\/lions-pharmacy.com\/wp-content\/uploads\/2022\/12\/Logo-Lion-Pharmacy-c-o-Loewen-Apotheke-smal.jpg","contentUrl":"https:\/\/lions-pharmacy.com\/wp-content\/uploads\/2022\/12\/Logo-Lion-Pharmacy-c-o-Loewen-Apotheke-smal.jpg","width":298,"height":99,"caption":"Lions Pharmacy"},"image":{"@id":"https:\/\/lions-pharmacy.com\/fr#\/schema\/logo\/image\/"}}]}},"_links":{"self":[{"href":"https:\/\/lions-pharmacy.com\/fr\/wp-json\/wp\/v2\/product\/20935","targetHints":{"allow":["GET"]}}],"collection":[{"href":"https:\/\/lions-pharmacy.com\/fr\/wp-json\/wp\/v2\/product"}],"about":[{"href":"https:\/\/lions-pharmacy.com\/fr\/wp-json\/wp\/v2\/types\/product"}],"replies":[{"embeddable":true,"href":"https:\/\/lions-pharmacy.com\/fr\/wp-json\/wp\/v2\/comments?post=20935"}],"wp:featuredmedia":[{"embeddable":true,"href":"https:\/\/lions-pharmacy.com\/fr\/wp-json\/wp\/v2\/media\/20940"}],"wp:attachment":[{"href":"https:\/\/lions-pharmacy.com\/fr\/wp-json\/wp\/v2\/media?parent=20935"}],"wp:term":[{"taxonomy":"product_brand","embeddable":true,"href":"https:\/\/lions-pharmacy.com\/fr\/wp-json\/wp\/v2\/product_brand?post=20935"},{"taxonomy":"product_cat","embeddable":true,"href":"https:\/\/lions-pharmacy.com\/fr\/wp-json\/wp\/v2\/product_cat?post=20935"},{"taxonomy":"product_tag","embeddable":true,"href":"https:\/\/lions-pharmacy.com\/fr\/wp-json\/wp\/v2\/product_tag?post=20935"}],"curies":[{"name":"wp","href":"https:\/\/api.w.org\/{rel}","templated":true}]}}