{"id":20930,"date":"2026-02-24T20:30:50","date_gmt":"2026-02-24T19:30:50","guid":{"rendered":"https:\/\/lions-pharmacy.com\/?post_type=product&#038;p=20930"},"modified":"2026-02-24T21:36:13","modified_gmt":"2026-02-24T20:36:13","slug":"tebonin-intens-120-mg-film-coated-tablets-30-pcs-07682333","status":"publish","type":"product","link":"https:\/\/lions-pharmacy.com\/fr\/produit\/tebonin-intens-120-mg-film-coated-tablets-30-pcs-07682333","title":{"rendered":"Tebonin intens 120 mg comprim\u00e9s pellicul\u00e9s (30 pcs.)"},"content":{"rendered":"<h2 style=\"text-align: left;\">Tebonin intens 120 mg, comprim\u00e9s pellicul\u00e9s<\/h2>\n<p>Tebonin intens 120 mg est un m\u00e9dicament \u00e0 base de plantes de haute qualit\u00e9 utilis\u00e9 pour le traitement des oublis et du manque de concentration chez les personnes \u00e2g\u00e9es, de certaines formes d\u2019\u00e9tourdissements ainsi que des bourdonnements d\u2019oreilles et des acouph\u00e8nes.<\/p>\n<p>L\u2019intens Tebonin original avec un dosage de 120 mg d\u2019extrait de gingko contribue \u00e0 une meilleure circulation sanguine et peut \u00eatre utilis\u00e9 pour les bruits d\u2019oreille aigus ou chroniques tels que les acouph\u00e8nes, les bourdonnements ou les sifflements comme les acouph\u00e8nes. Tebonin intens convient \u00e9galement \u00e0 la maladie d\u2019Alzheimer et peut aider \u00e0 am\u00e9liorer les sympt\u00f4mes associ\u00e9s \u00e0 la d\u00e9mence.<br \/>\nLe cerveau est mieux aliment\u00e9 en sang avec des intensit\u00e9s de t\u00e9bonine et son activit\u00e9 c\u00e9r\u00e9brale est renforc\u00e9e.<br \/>\nL\u2019effet favorisant la circulation sanguine convient \u00e9galement aux \u00e9tourdissements et aux sensations de froid dans les mains et les pieds<\/p>\n<p>Willmar Schwabe GmbH &amp; Co. KG est la soci\u00e9t\u00e9 m\u00e8re du groupe Schwabe et est \u00e9galement d\u00e9sign\u00e9e sous le nom de groupe de soci\u00e9t\u00e9s Schwabe ou groupe Schwabe. L&#8217;entreprise pharmaceutique a \u00e9t\u00e9 fond\u00e9e \u00e0 Leipzig en 1865. Le si\u00e8ge a \u00e9t\u00e9 transf\u00e9r\u00e9 \u00e0 Karlsruhe en 1946. Le groupe se concentre sur les secteurs de la sant\u00e9 et de la pharmacie, se sp\u00e9cialisant dans les m\u00e9dicaments \u00e0 base de plantes m\u00e9dicinales et hom\u00e9opathiques, les produits phytopharmaceutiques et hom\u00e9opathiques, les compl\u00e9ments alimentaires \u00e0 base de plantes m\u00e9dicinales et les services compl\u00e9mentaires de sant\u00e9 holistique et d&#8217;auto-assistance, tels que les programmes de formation \u00e0 la sant\u00e9 mentale et physique. Il s&#8217;agit notamment des marques Tebonin, Umckaloabo.<\/p>\n<p>Autres produits de <a href=\"https:\/\/lions-pharmacy.com\/fr\/product-category\/dr-schwabe\">Dr. Schwabe dans notre assortiment<\/a><\/p>\n<p>Vous trouverez d\u2019autres d\u00e9tails sur le produit aupr\u00e8s du fabricant : <a href=\"https:\/\/www.tebonin.de\/\" target=\"_blank\" rel=\"noopener\">Informations sur le produit et le fabricant Dr. Schwabe<\/a><\/p>\n<p>D\u2019autres clients ont \u00e9galement \u00e9t\u00e9 int\u00e9ress\u00e9s par des produits li\u00e9s \u00e0 : Dememz | <a href=\"https:\/\/lions-pharmacy.com\/de?product_tag=vital\">Vitalit\u00e9, perte de performance et oubli<\/a> | Manque de concentration<\/p>\n<p>Pour conna\u00eetre les risques et les effets secondaires, lisez la notice et demandez conseil \u00e0 votre m\u00e9decin ou \u00e0 votre pharmacien.<\/p>\n","protected":false},"excerpt":{"rendered":"<h2 style=\"text-align: left;\">Tebonin intens 120 mg<\/h2>\n<p>Pour les \u00e9tourdissements d\u2019origine circulatoire ou li\u00e9e \u00e0 l\u2019\u00e2ge.<\/p>\n<p>&nbsp;<\/p>\n<p><strong>PZN<\/strong>: 07682333 (num\u00e9ro pharmaceutique central)<\/p>\n<p><strong>Forme pharmaceutique<\/strong>: comprim\u00e9s pellicul\u00e9s &#8211; 30 pi\u00e8ces.<\/p>\n<p><strong>Type d\u2019ordonnance<\/strong> : sans ordonnance<\/p>\n<p><strong>Marque<\/strong>&nbsp;: Tebonin<\/p>\n<p><strong>Fabricant<\/strong>: Willmar Schwabe GmbH &amp; Co.KG<\/p>\n","protected":false},"featured_media":4336,"comment_status":"closed","ping_status":"closed","template":"","meta":[],"product_brand":[],"product_cat":[460,120,114],"product_tag":[318,465,466,464,535,498],"class_list":{"0":"post-20930","1":"product","2":"type-product","3":"status-publish","4":"has-post-thumbnail","6":"product_cat-dr-schwabe","7":"product_cat-sale-fr","8":"product_cat-non-classifiee","9":"product_tag-acouphene","10":"product_tag-dr-schwabe-fr","11":"product_tag-ingredient-actif-a-base-de-plantes","12":"product_tag-remedes-naturels","13":"product_tag-tebonin-fr","14":"product_tag-vertiges","15":"ts_product_brand-all-fr","16":"ts_product_brand-dr-schwabe-fr","18":"first","19":"instock","20":"sale","21":"taxable","22":"shipping-taxable","23":"purchasable","24":"product-type-simple"},"yoast_head":"<!-- This site is optimized with the Yoast SEO plugin v26.5 - https:\/\/yoast.com\/wordpress\/plugins\/seo\/ -->\n<title>Tebonin intens 120 mg comprim\u00e9s pellicul\u00e9s (30 pcs.) &#187; Lion Pharmacy<\/title>\n<meta name=\"description\" content=\"Lions Pharmacy | Pharmacie allemande agr\u00e9\u00e9e. Nous offrons : une exp\u00e9dition internationale rapide. Dr W. Schwabe | Tebonin intens 120 mg comprim\u00e9s pellicul\u00e9s (30 pcs.)\" \/>\n<meta name=\"robots\" content=\"index, follow, max-snippet:-1, max-image-preview:large, max-video-preview:-1\" \/>\n<link rel=\"canonical\" href=\"https:\/\/lions-pharmacy.com\/fr\/produit\/tebonin-intens-120-mg-film-coated-tablets-30-pcs-07682333\" \/>\n<meta property=\"og:locale\" content=\"fr_FR\" \/>\n<meta property=\"og:type\" content=\"article\" \/>\n<meta property=\"og:title\" content=\"Tebonin intens 120 mg comprim\u00e9s pellicul\u00e9s (30 pcs.) &#187; Lion Pharmacy\" \/>\n<meta property=\"og:description\" content=\"Lions Pharmacy | Pharmacie allemande agr\u00e9\u00e9e. Nous offrons : une exp\u00e9dition internationale rapide. Dr W. Schwabe | Tebonin intens 120 mg comprim\u00e9s pellicul\u00e9s (30 pcs.)\" \/>\n<meta property=\"og:url\" content=\"https:\/\/lions-pharmacy.com\/fr\/produit\/tebonin-intens-120-mg-film-coated-tablets-30-pcs-07682333\" \/>\n<meta property=\"og:site_name\" content=\"Lion Pharmacy\" \/>\n<meta property=\"article:modified_time\" content=\"2026-02-24T20:36:13+00:00\" \/>\n<meta property=\"og:image\" content=\"https:\/\/lions-pharmacy.com\/wp-content\/uploads\/2024\/09\/tebonin-intens-60-pcs.webp\" \/>\n\t<meta property=\"og:image:width\" content=\"600\" \/>\n\t<meta property=\"og:image:height\" content=\"600\" \/>\n\t<meta property=\"og:image:type\" content=\"image\/webp\" \/>\n<meta name=\"twitter:card\" content=\"summary_large_image\" \/>\n<meta name=\"twitter:label1\" content=\"Dur\u00e9e de lecture estim\u00e9e\" \/>\n\t<meta name=\"twitter:data1\" content=\"2 minutes\" \/>\n<script type=\"application\/ld+json\" class=\"yoast-schema-graph\">{\"@context\":\"https:\/\/schema.org\",\"@graph\":[{\"@type\":\"WebPage\",\"@id\":\"https:\/\/lions-pharmacy.com\/fr\/produit\/tebonin-intens-120-mg-film-coated-tablets-30-pcs-07682333\",\"url\":\"https:\/\/lions-pharmacy.com\/fr\/produit\/tebonin-intens-120-mg-film-coated-tablets-30-pcs-07682333\",\"name\":\"Tebonin intens 120 mg comprim\u00e9s pellicul\u00e9s (30 pcs.) &#187; Lion Pharmacy\",\"isPartOf\":{\"@id\":\"https:\/\/lions-pharmacy.com\/fr#website\"},\"primaryImageOfPage\":{\"@id\":\"https:\/\/lions-pharmacy.com\/fr\/produit\/tebonin-intens-120-mg-film-coated-tablets-30-pcs-07682333#primaryimage\"},\"image\":{\"@id\":\"https:\/\/lions-pharmacy.com\/fr\/produit\/tebonin-intens-120-mg-film-coated-tablets-30-pcs-07682333#primaryimage\"},\"thumbnailUrl\":\"https:\/\/lions-pharmacy.com\/wp-content\/uploads\/2024\/09\/tebonin-intens-60-pcs.webp\",\"datePublished\":\"2026-02-24T19:30:50+00:00\",\"dateModified\":\"2026-02-24T20:36:13+00:00\",\"description\":\"Lions Pharmacy | Pharmacie allemande agr\u00e9\u00e9e. Nous offrons : une exp\u00e9dition internationale rapide. Dr W. Schwabe | Tebonin intens 120 mg comprim\u00e9s pellicul\u00e9s (30 pcs.)\",\"breadcrumb\":{\"@id\":\"https:\/\/lions-pharmacy.com\/fr\/produit\/tebonin-intens-120-mg-film-coated-tablets-30-pcs-07682333#breadcrumb\"},\"inLanguage\":\"fr-FR\",\"potentialAction\":[{\"@type\":\"ReadAction\",\"target\":[\"https:\/\/lions-pharmacy.com\/fr\/produit\/tebonin-intens-120-mg-film-coated-tablets-30-pcs-07682333\"]}]},{\"@type\":\"ImageObject\",\"inLanguage\":\"fr-FR\",\"@id\":\"https:\/\/lions-pharmacy.com\/fr\/produit\/tebonin-intens-120-mg-film-coated-tablets-30-pcs-07682333#primaryimage\",\"url\":\"https:\/\/lions-pharmacy.com\/wp-content\/uploads\/2024\/09\/tebonin-intens-60-pcs.webp\",\"contentUrl\":\"https:\/\/lions-pharmacy.com\/wp-content\/uploads\/2024\/09\/tebonin-intens-60-pcs.webp\",\"width\":600,\"height\":600,\"caption\":\"tebonin intens 120mg capsoules, Dr. W. Schwabe, Lions Pharmacy, PZN 03379106\"},{\"@type\":\"BreadcrumbList\",\"@id\":\"https:\/\/lions-pharmacy.com\/fr\/produit\/tebonin-intens-120-mg-film-coated-tablets-30-pcs-07682333#breadcrumb\",\"itemListElement\":[{\"@type\":\"ListItem\",\"position\":1,\"name\":\"Home\",\"item\":\"https:\/\/lions-pharmacy.com\/fr\/homepage-lion-pharmacy\"},{\"@type\":\"ListItem\",\"position\":2,\"name\":\"Shop\",\"item\":\"https:\/\/lions-pharmacy.com\/fr\/boutique\"},{\"@type\":\"ListItem\",\"position\":3,\"name\":\"Tebonin intens 120 mg comprim\u00e9s pellicul\u00e9s (30 pcs.)\"}]},{\"@type\":\"WebSite\",\"@id\":\"https:\/\/lions-pharmacy.com\/fr#website\",\"url\":\"https:\/\/lions-pharmacy.com\/fr\",\"name\":\"Lions Pharmacy\",\"description\":\"Pharmacie sp\u00e9cialis\u00e9e en naturopathie de Baden-Baden, Allemagne\",\"publisher\":{\"@id\":\"https:\/\/lions-pharmacy.com\/fr#organization\"},\"alternateName\":\"Lion Pharmacy\",\"potentialAction\":[{\"@type\":\"SearchAction\",\"target\":{\"@type\":\"EntryPoint\",\"urlTemplate\":\"https:\/\/lions-pharmacy.com\/fr?s={search_term_string}\"},\"query-input\":{\"@type\":\"PropertyValueSpecification\",\"valueRequired\":true,\"valueName\":\"search_term_string\"}}],\"inLanguage\":\"fr-FR\"},{\"@type\":\"Organization\",\"@id\":\"https:\/\/lions-pharmacy.com\/fr#organization\",\"name\":\"Lions Pharmacy\",\"alternateName\":\"Lions Pharmacy24\",\"url\":\"https:\/\/lions-pharmacy.com\/fr\",\"logo\":{\"@type\":\"ImageObject\",\"inLanguage\":\"fr-FR\",\"@id\":\"https:\/\/lions-pharmacy.com\/fr#\/schema\/logo\/image\/\",\"url\":\"https:\/\/lions-pharmacy.com\/wp-content\/uploads\/2022\/12\/Logo-Lion-Pharmacy-c-o-Loewen-Apotheke-smal.jpg\",\"contentUrl\":\"https:\/\/lions-pharmacy.com\/wp-content\/uploads\/2022\/12\/Logo-Lion-Pharmacy-c-o-Loewen-Apotheke-smal.jpg\",\"width\":298,\"height\":99,\"caption\":\"Lions Pharmacy\"},\"image\":{\"@id\":\"https:\/\/lions-pharmacy.com\/fr#\/schema\/logo\/image\/\"}}]}<\/script>\n<!-- \/ Yoast SEO plugin. -->","yoast_head_json":{"title":"Tebonin intens 120 mg comprim\u00e9s pellicul\u00e9s (30 pcs.) &#187; Lion Pharmacy","description":"Lions Pharmacy | Pharmacie allemande agr\u00e9\u00e9e. Nous offrons : une exp\u00e9dition internationale rapide. Dr W. Schwabe | Tebonin intens 120 mg comprim\u00e9s pellicul\u00e9s (30 pcs.)","robots":{"index":"index","follow":"follow","max-snippet":"max-snippet:-1","max-image-preview":"max-image-preview:large","max-video-preview":"max-video-preview:-1"},"canonical":"https:\/\/lions-pharmacy.com\/fr\/produit\/tebonin-intens-120-mg-film-coated-tablets-30-pcs-07682333","og_locale":"fr_FR","og_type":"article","og_title":"Tebonin intens 120 mg comprim\u00e9s pellicul\u00e9s (30 pcs.) &#187; Lion Pharmacy","og_description":"Lions Pharmacy | Pharmacie allemande agr\u00e9\u00e9e. Nous offrons : une exp\u00e9dition internationale rapide. Dr W. Schwabe | Tebonin intens 120 mg comprim\u00e9s pellicul\u00e9s (30 pcs.)","og_url":"https:\/\/lions-pharmacy.com\/fr\/produit\/tebonin-intens-120-mg-film-coated-tablets-30-pcs-07682333","og_site_name":"Lion Pharmacy","article_modified_time":"2026-02-24T20:36:13+00:00","og_image":[{"width":600,"height":600,"url":"https:\/\/lions-pharmacy.com\/wp-content\/uploads\/2024\/09\/tebonin-intens-60-pcs.webp","type":"image\/webp"}],"twitter_card":"summary_large_image","twitter_misc":{"Dur\u00e9e de lecture estim\u00e9e":"2 minutes"},"schema":{"@context":"https:\/\/schema.org","@graph":[{"@type":"WebPage","@id":"https:\/\/lions-pharmacy.com\/fr\/produit\/tebonin-intens-120-mg-film-coated-tablets-30-pcs-07682333","url":"https:\/\/lions-pharmacy.com\/fr\/produit\/tebonin-intens-120-mg-film-coated-tablets-30-pcs-07682333","name":"Tebonin intens 120 mg comprim\u00e9s pellicul\u00e9s (30 pcs.) &#187; Lion Pharmacy","isPartOf":{"@id":"https:\/\/lions-pharmacy.com\/fr#website"},"primaryImageOfPage":{"@id":"https:\/\/lions-pharmacy.com\/fr\/produit\/tebonin-intens-120-mg-film-coated-tablets-30-pcs-07682333#primaryimage"},"image":{"@id":"https:\/\/lions-pharmacy.com\/fr\/produit\/tebonin-intens-120-mg-film-coated-tablets-30-pcs-07682333#primaryimage"},"thumbnailUrl":"https:\/\/lions-pharmacy.com\/wp-content\/uploads\/2024\/09\/tebonin-intens-60-pcs.webp","datePublished":"2026-02-24T19:30:50+00:00","dateModified":"2026-02-24T20:36:13+00:00","description":"Lions Pharmacy | Pharmacie allemande agr\u00e9\u00e9e. Nous offrons : une exp\u00e9dition internationale rapide. Dr W. Schwabe | Tebonin intens 120 mg comprim\u00e9s pellicul\u00e9s (30 pcs.)","breadcrumb":{"@id":"https:\/\/lions-pharmacy.com\/fr\/produit\/tebonin-intens-120-mg-film-coated-tablets-30-pcs-07682333#breadcrumb"},"inLanguage":"fr-FR","potentialAction":[{"@type":"ReadAction","target":["https:\/\/lions-pharmacy.com\/fr\/produit\/tebonin-intens-120-mg-film-coated-tablets-30-pcs-07682333"]}]},{"@type":"ImageObject","inLanguage":"fr-FR","@id":"https:\/\/lions-pharmacy.com\/fr\/produit\/tebonin-intens-120-mg-film-coated-tablets-30-pcs-07682333#primaryimage","url":"https:\/\/lions-pharmacy.com\/wp-content\/uploads\/2024\/09\/tebonin-intens-60-pcs.webp","contentUrl":"https:\/\/lions-pharmacy.com\/wp-content\/uploads\/2024\/09\/tebonin-intens-60-pcs.webp","width":600,"height":600,"caption":"tebonin intens 120mg capsoules, Dr. W. Schwabe, Lions Pharmacy, PZN 03379106"},{"@type":"BreadcrumbList","@id":"https:\/\/lions-pharmacy.com\/fr\/produit\/tebonin-intens-120-mg-film-coated-tablets-30-pcs-07682333#breadcrumb","itemListElement":[{"@type":"ListItem","position":1,"name":"Home","item":"https:\/\/lions-pharmacy.com\/fr\/homepage-lion-pharmacy"},{"@type":"ListItem","position":2,"name":"Shop","item":"https:\/\/lions-pharmacy.com\/fr\/boutique"},{"@type":"ListItem","position":3,"name":"Tebonin intens 120 mg comprim\u00e9s pellicul\u00e9s (30 pcs.)"}]},{"@type":"WebSite","@id":"https:\/\/lions-pharmacy.com\/fr#website","url":"https:\/\/lions-pharmacy.com\/fr","name":"Lions Pharmacy","description":"Pharmacie sp\u00e9cialis\u00e9e en naturopathie de Baden-Baden, Allemagne","publisher":{"@id":"https:\/\/lions-pharmacy.com\/fr#organization"},"alternateName":"Lion Pharmacy","potentialAction":[{"@type":"SearchAction","target":{"@type":"EntryPoint","urlTemplate":"https:\/\/lions-pharmacy.com\/fr?s={search_term_string}"},"query-input":{"@type":"PropertyValueSpecification","valueRequired":true,"valueName":"search_term_string"}}],"inLanguage":"fr-FR"},{"@type":"Organization","@id":"https:\/\/lions-pharmacy.com\/fr#organization","name":"Lions Pharmacy","alternateName":"Lions Pharmacy24","url":"https:\/\/lions-pharmacy.com\/fr","logo":{"@type":"ImageObject","inLanguage":"fr-FR","@id":"https:\/\/lions-pharmacy.com\/fr#\/schema\/logo\/image\/","url":"https:\/\/lions-pharmacy.com\/wp-content\/uploads\/2022\/12\/Logo-Lion-Pharmacy-c-o-Loewen-Apotheke-smal.jpg","contentUrl":"https:\/\/lions-pharmacy.com\/wp-content\/uploads\/2022\/12\/Logo-Lion-Pharmacy-c-o-Loewen-Apotheke-smal.jpg","width":298,"height":99,"caption":"Lions Pharmacy"},"image":{"@id":"https:\/\/lions-pharmacy.com\/fr#\/schema\/logo\/image\/"}}]}},"_links":{"self":[{"href":"https:\/\/lions-pharmacy.com\/fr\/wp-json\/wp\/v2\/product\/20930","targetHints":{"allow":["GET"]}}],"collection":[{"href":"https:\/\/lions-pharmacy.com\/fr\/wp-json\/wp\/v2\/product"}],"about":[{"href":"https:\/\/lions-pharmacy.com\/fr\/wp-json\/wp\/v2\/types\/product"}],"replies":[{"embeddable":true,"href":"https:\/\/lions-pharmacy.com\/fr\/wp-json\/wp\/v2\/comments?post=20930"}],"wp:featuredmedia":[{"embeddable":true,"href":"https:\/\/lions-pharmacy.com\/fr\/wp-json\/wp\/v2\/media\/4336"}],"wp:attachment":[{"href":"https:\/\/lions-pharmacy.com\/fr\/wp-json\/wp\/v2\/media?parent=20930"}],"wp:term":[{"taxonomy":"product_brand","embeddable":true,"href":"https:\/\/lions-pharmacy.com\/fr\/wp-json\/wp\/v2\/product_brand?post=20930"},{"taxonomy":"product_cat","embeddable":true,"href":"https:\/\/lions-pharmacy.com\/fr\/wp-json\/wp\/v2\/product_cat?post=20930"},{"taxonomy":"product_tag","embeddable":true,"href":"https:\/\/lions-pharmacy.com\/fr\/wp-json\/wp\/v2\/product_tag?post=20930"}],"curies":[{"name":"wp","href":"https:\/\/api.w.org\/{rel}","templated":true}]}}