{"id":20412,"date":"2026-02-07T07:11:17","date_gmt":"2026-02-07T06:11:17","guid":{"rendered":"https:\/\/lions-pharmacy.com\/?post_type=product&#038;p=20412"},"modified":"2026-02-07T07:29:48","modified_gmt":"2026-02-07T06:29:48","slug":"yohimbin-vitalcomplex-hevert-drops-50ml-00352621","status":"publish","type":"product","link":"https:\/\/lions-pharmacy.com\/fr\/produit\/yohimbin-vitalcomplex-hevert-drops-50ml-00352621","title":{"rendered":"Yohimbin Vitalcomplex Hevert gouttes (50ml)"},"content":{"rendered":"<h3>Yohimbin Vitalcomplex Hevert<\/h3>\n<p>Yohimbin Vitalcomplex Hevert Drops est un m\u00e9dicament hom\u00e9opathique pour les troubles nerveux. Les indications sont d\u00e9riv\u00e9es des images des m\u00e9dicaments hom\u00e9opathiques. Il s&#8217;agit notamment de Faiblesse sexuelle due \u00e0 des troubles nerveux.<\/p>\n<p>Les m\u00e9dicaments hom\u00e9opathiques ne doivent pas \u00eatre utilis\u00e9s de mani\u00e8re prolong\u00e9e sans avis m\u00e9dical. Si vous avez d&#8217;autres questions sur l&#8217;utilisation de ce m\u00e9dicament, demandez \u00e0 votre m\u00e9decin ou \u00e0 votre pharmacien.<\/p>\n<p>Lors de l&#8217;utilisation d&#8217;un m\u00e9dicament hom\u00e9opathique, les sympt\u00f4mes existants peuvent s&#8217;aggraver temporairement (aggravation initiale). Dans ce cas, vous devez cesser d&#8217;utiliser le m\u00e9dicament et consulter un m\u00e9decin.<\/p>\n<p>Notice \/ mode d\u2019emploi\/fiche technique de l\u2019article: &#8211; (Lecteur PDF)<\/p>\n<p>Autres produits pour l&#8217;application : <a href=\"https:\/\/lions-pharmacy.com\/fr\/etiquette-produit\/homeopathie\">Hom\u00e9opathie<\/a> | <a href=\"https:\/\/lions-pharmacy.com\/fr\/etiquette-produit\/vitamines-et-supplements\">Vitamines et compl\u00e9ments alimentaires<\/a> | <a href=\"https:\/\/lions-pharmacy.com\/fr\/etiquette-produit\/bien-etre\" rel=\"tag\">Bien-\u00eatre<\/a><\/p>\n<p>En savoir plus sur manufactorer et ce produit : <a href=\"https:\/\/hevert.com\/de\/en\" target=\"_blank\" rel=\"noopener\">Hevert<\/a> (lien vers un site externe)<\/p>\n<p>Les informations contenues dans ce site web sont fournies \u00e0 titre informatif uniquement. Ils ne remplacent en aucun cas l&#8217;examen et le traitement par un m\u00e9decin. Veuillez noter que cela signifie qu&#8217;aucun diagnostic ne peut \u00eatre \u00e9tabli et qu&#8217;aucune th\u00e9rapie ne peut \u00eatre mise en place.<\/p>\n<p>Pour conna\u00eetre les risques et les effets secondaires, lisez la notice et demandez conseil \u00e0 votre m\u00e9decin ou \u00e0 votre pharmacien.<\/p>\n<p class=\"TypographyPresentation TypographyPresentation--medium RichText3-paragraph--withVSpacingNormal RichText3-paragraph HighlightSol HighlightSol--buildingBlock\"><strong>Des questions ? Nous sommes l\u00e0 pour vous !<\/strong><\/p>\n<p class=\"TypographyPresentation TypographyPresentation--medium RichText3-paragraph--withVSpacingNormal RichText3-paragraph HighlightSol HighlightSol--buildingBlock\">Notre pharmacienne responsable, <strong>Dr. Sandra Hoff<\/strong>, et son \u00e9quipe se feront un plaisir de vous conseiller personnellement &#8211; par t\u00e9l\u00e9phone ou par e-mail. En tant que <strong>v\u00e9ritable pharmacie de quartier<\/strong> et <strong>pharmacie de vente par correspondance agr\u00e9\u00e9e<\/strong>, nous vous offrons un soutien comp\u00e9tent, en particulier dans les domaines de la <strong>naturopathie<\/strong> et des <strong>compl\u00e9ments alimentaires<\/strong>, ici les produits de Pascoe pharmazeutische Pr\u00e4parate GmbH, vitOrgan Arzneimittel et Labo Life. <a href=\"https:\/\/versandhandel.dimdi.de\/websearch\/servlet\/Gate;jsessionid=0D29D15655BE1174E9178A340E8FE6BC?accessid=dimdi_var&amp;term=3c387956690121ccc8763184f052b93f\" target=\"_blank\" rel=\"noopener\">Pour l&#8217;inscription au registre de la vente par correspondance.<\/a><\/p>\n","protected":false},"excerpt":{"rendered":"<h2>Yohimbin Vitalcomplex Hevert<\/h2>\n<p>En cas de faiblesse sexuelle due \u00e0 des troubles nerveux. Convient aux hommes et aux femmes<\/p>\n<p>&nbsp;<\/p>\n<p><strong>PZN<\/strong>: 00352621<\/p>\n<p><strong>Forme gal\u00e9nique<\/strong> : gouttes<\/p>\n<p><strong>Type d\u2019ordonnance<\/strong> : sans ordonnance<\/p>\n<p><strong>Marque<\/strong>&nbsp;: &#8211;<\/p>\n<p><strong>Fabricant<\/strong>: Hevert Arzneimittel GmbH, Allemagne<\/p>\n<p><strong>Conditionnement<\/strong>: 50 ml<\/p>\n","protected":false},"featured_media":20417,"comment_status":"closed","ping_status":"closed","template":"","meta":[],"product_brand":[],"product_cat":[577,114],"product_tag":[309,264],"class_list":{"0":"post-20412","1":"product","2":"type-product","3":"status-publish","4":"has-post-thumbnail","6":"product_cat-hevert","7":"product_cat-non-classifiee","8":"product_tag-vente-mensuelle","9":"product_tag-vitamines-et-supplements","10":"ts_product_brand-all-fr","11":"ts_product_brand-hevert-fr","13":"first","14":"instock","15":"taxable","16":"shipping-taxable","17":"purchasable","18":"product-type-simple"},"yoast_head":"<!-- This site is optimized with the Yoast SEO plugin v26.5 - https:\/\/yoast.com\/wordpress\/plugins\/seo\/ -->\n<title>Yohimbin Vitalcomplex Hevert gouttes (50ml) &#187; En savoir plus sur le Lion Pharmacy<\/title>\n<meta name=\"description\" content=\"Pharmacie allemande enregistr\u00e9e. Nous offrons\u00a0: Exp\u00e9dition internationale rapide. Produit fabriqu\u00e9 par Hevert : Yohimbin Vitalcomplex Hevert gouttes (50ml) Pour elle et lui.\" \/>\n<meta name=\"robots\" content=\"index, follow, max-snippet:-1, max-image-preview:large, max-video-preview:-1\" \/>\n<link rel=\"canonical\" href=\"https:\/\/lions-pharmacy.com\/fr\/produit\/yohimbin-vitalcomplex-hevert-drops-50ml-00352621\" \/>\n<meta property=\"og:locale\" content=\"fr_FR\" \/>\n<meta property=\"og:type\" content=\"article\" \/>\n<meta property=\"og:title\" content=\"Yohimbin Vitalcomplex Hevert gouttes (50ml) &#187; En savoir plus sur le Lion Pharmacy\" \/>\n<meta property=\"og:description\" content=\"Pharmacie allemande enregistr\u00e9e. Nous offrons\u00a0: Exp\u00e9dition internationale rapide. Produit fabriqu\u00e9 par Hevert : Yohimbin Vitalcomplex Hevert gouttes (50ml) Pour elle et lui.\" \/>\n<meta property=\"og:url\" content=\"https:\/\/lions-pharmacy.com\/fr\/produit\/yohimbin-vitalcomplex-hevert-drops-50ml-00352621\" \/>\n<meta property=\"og:site_name\" content=\"Lion Pharmacy\" \/>\n<meta property=\"article:modified_time\" content=\"2026-02-07T06:29:48+00:00\" \/>\n<meta property=\"og:image\" content=\"https:\/\/lions-pharmacy.com\/wp-content\/uploads\/2026\/02\/Yohimbin-Vitalcomplex-Hevert-drops-50-ml-PZN-00352851.webp\" \/>\n\t<meta property=\"og:image:width\" content=\"600\" \/>\n\t<meta property=\"og:image:height\" content=\"600\" \/>\n\t<meta property=\"og:image:type\" content=\"image\/webp\" \/>\n<meta name=\"twitter:card\" content=\"summary_large_image\" \/>\n<meta name=\"twitter:label1\" content=\"Dur\u00e9e de lecture estim\u00e9e\" \/>\n\t<meta name=\"twitter:data1\" content=\"2 minutes\" \/>\n<script type=\"application\/ld+json\" class=\"yoast-schema-graph\">{\"@context\":\"https:\/\/schema.org\",\"@graph\":[{\"@type\":\"WebPage\",\"@id\":\"https:\/\/lions-pharmacy.com\/fr\/produit\/yohimbin-vitalcomplex-hevert-drops-50ml-00352621\",\"url\":\"https:\/\/lions-pharmacy.com\/fr\/produit\/yohimbin-vitalcomplex-hevert-drops-50ml-00352621\",\"name\":\"Yohimbin Vitalcomplex Hevert gouttes (50ml) &#187; En savoir plus sur le Lion Pharmacy\",\"isPartOf\":{\"@id\":\"https:\/\/lions-pharmacy.com\/fr#website\"},\"primaryImageOfPage\":{\"@id\":\"https:\/\/lions-pharmacy.com\/fr\/produit\/yohimbin-vitalcomplex-hevert-drops-50ml-00352621#primaryimage\"},\"image\":{\"@id\":\"https:\/\/lions-pharmacy.com\/fr\/produit\/yohimbin-vitalcomplex-hevert-drops-50ml-00352621#primaryimage\"},\"thumbnailUrl\":\"https:\/\/lions-pharmacy.com\/wp-content\/uploads\/2026\/02\/Yohimbin-Vitalcomplex-Hevert-drops-50-ml-PZN-00352851.webp\",\"datePublished\":\"2026-02-07T06:11:17+00:00\",\"dateModified\":\"2026-02-07T06:29:48+00:00\",\"description\":\"Pharmacie allemande enregistr\u00e9e. Nous offrons\u00a0: Exp\u00e9dition internationale rapide. Produit fabriqu\u00e9 par Hevert : Yohimbin Vitalcomplex Hevert gouttes (50ml) Pour elle et lui.\",\"breadcrumb\":{\"@id\":\"https:\/\/lions-pharmacy.com\/fr\/produit\/yohimbin-vitalcomplex-hevert-drops-50ml-00352621#breadcrumb\"},\"inLanguage\":\"fr-FR\",\"potentialAction\":[{\"@type\":\"ReadAction\",\"target\":[\"https:\/\/lions-pharmacy.com\/fr\/produit\/yohimbin-vitalcomplex-hevert-drops-50ml-00352621\"]}]},{\"@type\":\"ImageObject\",\"inLanguage\":\"fr-FR\",\"@id\":\"https:\/\/lions-pharmacy.com\/fr\/produit\/yohimbin-vitalcomplex-hevert-drops-50ml-00352621#primaryimage\",\"url\":\"https:\/\/lions-pharmacy.com\/wp-content\/uploads\/2026\/02\/Yohimbin-Vitalcomplex-Hevert-drops-50-ml-PZN-00352851.webp\",\"contentUrl\":\"https:\/\/lions-pharmacy.com\/wp-content\/uploads\/2026\/02\/Yohimbin-Vitalcomplex-Hevert-drops-50-ml-PZN-00352851.webp\",\"width\":600,\"height\":600,\"caption\":\"Yohimbin Vitalcomplex Hevert gouttes 50 ml PZN 00352851\"},{\"@type\":\"BreadcrumbList\",\"@id\":\"https:\/\/lions-pharmacy.com\/fr\/produit\/yohimbin-vitalcomplex-hevert-drops-50ml-00352621#breadcrumb\",\"itemListElement\":[{\"@type\":\"ListItem\",\"position\":1,\"name\":\"Home\",\"item\":\"https:\/\/lions-pharmacy.com\/fr\/homepage-lion-pharmacy\"},{\"@type\":\"ListItem\",\"position\":2,\"name\":\"Shop\",\"item\":\"https:\/\/lions-pharmacy.com\/fr\/boutique\"},{\"@type\":\"ListItem\",\"position\":3,\"name\":\"Yohimbin Vitalcomplex Hevert gouttes (50ml)\"}]},{\"@type\":\"WebSite\",\"@id\":\"https:\/\/lions-pharmacy.com\/fr#website\",\"url\":\"https:\/\/lions-pharmacy.com\/fr\",\"name\":\"Lions Pharmacy\",\"description\":\"Pharmacie sp\u00e9cialis\u00e9e en naturopathie de Baden-Baden, Allemagne\",\"publisher\":{\"@id\":\"https:\/\/lions-pharmacy.com\/fr#organization\"},\"alternateName\":\"Lion Pharmacy\",\"potentialAction\":[{\"@type\":\"SearchAction\",\"target\":{\"@type\":\"EntryPoint\",\"urlTemplate\":\"https:\/\/lions-pharmacy.com\/fr?s={search_term_string}\"},\"query-input\":{\"@type\":\"PropertyValueSpecification\",\"valueRequired\":true,\"valueName\":\"search_term_string\"}}],\"inLanguage\":\"fr-FR\"},{\"@type\":\"Organization\",\"@id\":\"https:\/\/lions-pharmacy.com\/fr#organization\",\"name\":\"Lions Pharmacy\",\"alternateName\":\"Lions Pharmacy24\",\"url\":\"https:\/\/lions-pharmacy.com\/fr\",\"logo\":{\"@type\":\"ImageObject\",\"inLanguage\":\"fr-FR\",\"@id\":\"https:\/\/lions-pharmacy.com\/fr#\/schema\/logo\/image\/\",\"url\":\"https:\/\/lions-pharmacy.com\/wp-content\/uploads\/2022\/12\/Logo-Lion-Pharmacy-c-o-Loewen-Apotheke-smal.jpg\",\"contentUrl\":\"https:\/\/lions-pharmacy.com\/wp-content\/uploads\/2022\/12\/Logo-Lion-Pharmacy-c-o-Loewen-Apotheke-smal.jpg\",\"width\":298,\"height\":99,\"caption\":\"Lions Pharmacy\"},\"image\":{\"@id\":\"https:\/\/lions-pharmacy.com\/fr#\/schema\/logo\/image\/\"}}]}<\/script>\n<!-- \/ Yoast SEO plugin. -->","yoast_head_json":{"title":"Yohimbin Vitalcomplex Hevert gouttes (50ml) &#187; En savoir plus sur le Lion Pharmacy","description":"Pharmacie allemande enregistr\u00e9e. Nous offrons\u00a0: Exp\u00e9dition internationale rapide. Produit fabriqu\u00e9 par Hevert : Yohimbin Vitalcomplex Hevert gouttes (50ml) Pour elle et lui.","robots":{"index":"index","follow":"follow","max-snippet":"max-snippet:-1","max-image-preview":"max-image-preview:large","max-video-preview":"max-video-preview:-1"},"canonical":"https:\/\/lions-pharmacy.com\/fr\/produit\/yohimbin-vitalcomplex-hevert-drops-50ml-00352621","og_locale":"fr_FR","og_type":"article","og_title":"Yohimbin Vitalcomplex Hevert gouttes (50ml) &#187; En savoir plus sur le Lion Pharmacy","og_description":"Pharmacie allemande enregistr\u00e9e. Nous offrons\u00a0: Exp\u00e9dition internationale rapide. Produit fabriqu\u00e9 par Hevert : Yohimbin Vitalcomplex Hevert gouttes (50ml) Pour elle et lui.","og_url":"https:\/\/lions-pharmacy.com\/fr\/produit\/yohimbin-vitalcomplex-hevert-drops-50ml-00352621","og_site_name":"Lion Pharmacy","article_modified_time":"2026-02-07T06:29:48+00:00","og_image":[{"width":600,"height":600,"url":"https:\/\/lions-pharmacy.com\/wp-content\/uploads\/2026\/02\/Yohimbin-Vitalcomplex-Hevert-drops-50-ml-PZN-00352851.webp","type":"image\/webp"}],"twitter_card":"summary_large_image","twitter_misc":{"Dur\u00e9e de lecture estim\u00e9e":"2 minutes"},"schema":{"@context":"https:\/\/schema.org","@graph":[{"@type":"WebPage","@id":"https:\/\/lions-pharmacy.com\/fr\/produit\/yohimbin-vitalcomplex-hevert-drops-50ml-00352621","url":"https:\/\/lions-pharmacy.com\/fr\/produit\/yohimbin-vitalcomplex-hevert-drops-50ml-00352621","name":"Yohimbin Vitalcomplex Hevert gouttes (50ml) &#187; En savoir plus sur le Lion Pharmacy","isPartOf":{"@id":"https:\/\/lions-pharmacy.com\/fr#website"},"primaryImageOfPage":{"@id":"https:\/\/lions-pharmacy.com\/fr\/produit\/yohimbin-vitalcomplex-hevert-drops-50ml-00352621#primaryimage"},"image":{"@id":"https:\/\/lions-pharmacy.com\/fr\/produit\/yohimbin-vitalcomplex-hevert-drops-50ml-00352621#primaryimage"},"thumbnailUrl":"https:\/\/lions-pharmacy.com\/wp-content\/uploads\/2026\/02\/Yohimbin-Vitalcomplex-Hevert-drops-50-ml-PZN-00352851.webp","datePublished":"2026-02-07T06:11:17+00:00","dateModified":"2026-02-07T06:29:48+00:00","description":"Pharmacie allemande enregistr\u00e9e. Nous offrons\u00a0: Exp\u00e9dition internationale rapide. Produit fabriqu\u00e9 par Hevert : Yohimbin Vitalcomplex Hevert gouttes (50ml) Pour elle et lui.","breadcrumb":{"@id":"https:\/\/lions-pharmacy.com\/fr\/produit\/yohimbin-vitalcomplex-hevert-drops-50ml-00352621#breadcrumb"},"inLanguage":"fr-FR","potentialAction":[{"@type":"ReadAction","target":["https:\/\/lions-pharmacy.com\/fr\/produit\/yohimbin-vitalcomplex-hevert-drops-50ml-00352621"]}]},{"@type":"ImageObject","inLanguage":"fr-FR","@id":"https:\/\/lions-pharmacy.com\/fr\/produit\/yohimbin-vitalcomplex-hevert-drops-50ml-00352621#primaryimage","url":"https:\/\/lions-pharmacy.com\/wp-content\/uploads\/2026\/02\/Yohimbin-Vitalcomplex-Hevert-drops-50-ml-PZN-00352851.webp","contentUrl":"https:\/\/lions-pharmacy.com\/wp-content\/uploads\/2026\/02\/Yohimbin-Vitalcomplex-Hevert-drops-50-ml-PZN-00352851.webp","width":600,"height":600,"caption":"Yohimbin Vitalcomplex Hevert gouttes 50 ml PZN 00352851"},{"@type":"BreadcrumbList","@id":"https:\/\/lions-pharmacy.com\/fr\/produit\/yohimbin-vitalcomplex-hevert-drops-50ml-00352621#breadcrumb","itemListElement":[{"@type":"ListItem","position":1,"name":"Home","item":"https:\/\/lions-pharmacy.com\/fr\/homepage-lion-pharmacy"},{"@type":"ListItem","position":2,"name":"Shop","item":"https:\/\/lions-pharmacy.com\/fr\/boutique"},{"@type":"ListItem","position":3,"name":"Yohimbin Vitalcomplex Hevert gouttes (50ml)"}]},{"@type":"WebSite","@id":"https:\/\/lions-pharmacy.com\/fr#website","url":"https:\/\/lions-pharmacy.com\/fr","name":"Lions Pharmacy","description":"Pharmacie sp\u00e9cialis\u00e9e en naturopathie de Baden-Baden, Allemagne","publisher":{"@id":"https:\/\/lions-pharmacy.com\/fr#organization"},"alternateName":"Lion Pharmacy","potentialAction":[{"@type":"SearchAction","target":{"@type":"EntryPoint","urlTemplate":"https:\/\/lions-pharmacy.com\/fr?s={search_term_string}"},"query-input":{"@type":"PropertyValueSpecification","valueRequired":true,"valueName":"search_term_string"}}],"inLanguage":"fr-FR"},{"@type":"Organization","@id":"https:\/\/lions-pharmacy.com\/fr#organization","name":"Lions Pharmacy","alternateName":"Lions Pharmacy24","url":"https:\/\/lions-pharmacy.com\/fr","logo":{"@type":"ImageObject","inLanguage":"fr-FR","@id":"https:\/\/lions-pharmacy.com\/fr#\/schema\/logo\/image\/","url":"https:\/\/lions-pharmacy.com\/wp-content\/uploads\/2022\/12\/Logo-Lion-Pharmacy-c-o-Loewen-Apotheke-smal.jpg","contentUrl":"https:\/\/lions-pharmacy.com\/wp-content\/uploads\/2022\/12\/Logo-Lion-Pharmacy-c-o-Loewen-Apotheke-smal.jpg","width":298,"height":99,"caption":"Lions Pharmacy"},"image":{"@id":"https:\/\/lions-pharmacy.com\/fr#\/schema\/logo\/image\/"}}]}},"_links":{"self":[{"href":"https:\/\/lions-pharmacy.com\/fr\/wp-json\/wp\/v2\/product\/20412","targetHints":{"allow":["GET"]}}],"collection":[{"href":"https:\/\/lions-pharmacy.com\/fr\/wp-json\/wp\/v2\/product"}],"about":[{"href":"https:\/\/lions-pharmacy.com\/fr\/wp-json\/wp\/v2\/types\/product"}],"replies":[{"embeddable":true,"href":"https:\/\/lions-pharmacy.com\/fr\/wp-json\/wp\/v2\/comments?post=20412"}],"wp:featuredmedia":[{"embeddable":true,"href":"https:\/\/lions-pharmacy.com\/fr\/wp-json\/wp\/v2\/media\/20417"}],"wp:attachment":[{"href":"https:\/\/lions-pharmacy.com\/fr\/wp-json\/wp\/v2\/media?parent=20412"}],"wp:term":[{"taxonomy":"product_brand","embeddable":true,"href":"https:\/\/lions-pharmacy.com\/fr\/wp-json\/wp\/v2\/product_brand?post=20412"},{"taxonomy":"product_cat","embeddable":true,"href":"https:\/\/lions-pharmacy.com\/fr\/wp-json\/wp\/v2\/product_cat?post=20412"},{"taxonomy":"product_tag","embeddable":true,"href":"https:\/\/lions-pharmacy.com\/fr\/wp-json\/wp\/v2\/product_tag?post=20412"}],"curies":[{"name":"wp","href":"https:\/\/api.w.org\/{rel}","templated":true}]}}