{"id":19480,"date":"2026-01-17T09:00:40","date_gmt":"2026-01-17T08:00:40","guid":{"rendered":"https:\/\/lions-pharmacy.com\/?post_type=product&#038;p=19480"},"modified":"2026-01-17T09:36:31","modified_gmt":"2026-01-17T08:36:31","slug":"se-onsil-spagyric-peka-drops-100ml","status":"publish","type":"product","link":"https:\/\/lions-pharmacy.com\/fr\/produit\/se-onsil-spagyric-peka-drops-100ml","title":{"rendered":"SE-ONSIL gouttes spagyriques Peka (100ml)"},"content":{"rendered":"<h3>SE-ONSIL spagyrique Peka gouttes<\/h3>\n<p>SE-ONSIL gouttes spagyriques Peka m\u00e9dicament hom\u00e9opathique principalement utilis\u00e9 pour le traitement de soutien des maux de gorge, des irritations de la gorge et des probl\u00e8mes d&#8217;amygdales. M\u00e9dicament hom\u00e9opathique enregistr\u00e9, donc sans indication th\u00e9rapeutique. Si les sympt\u00f4mes persistent pendant l\u2019utilisation, consultez un m\u00e9decin. &#8220;SEPTONSIL&#8221;.<\/p>\n<p>PEKANA Naturheilmittel GmbH impose les exigences les plus \u00e9lev\u00e9es \u00e0 ses produits, tant dans la s\u00e9lection que dans le traitement des mati\u00e8res premi\u00e8res. Des produits de haute qualit\u00e9 sur une base naturelle \u2013 c\u2019est ce dans quoi nous nous sp\u00e9cialisons.<\/p>\n<p>\u2013 S\u00e9lection rigoureuse des mati\u00e8res premi\u00e8res<\/p>\n<p>\u2013 Des m\u00e9thodes de production douces et naturelles<\/p>\n<p>\u2013 Renonciation compl\u00e8te aux ingr\u00e9dients d\u2019origine animale<\/p>\n<p>\u2013 Combinaison naturelle et \u00e9quilibr\u00e9e des diff\u00e9rentes substances v\u00e9g\u00e9tales<\/p>\n<p>Autres produits pour l\u2019application: <a href=\"https:\/\/lions-pharmacy.com\/fr\/etiquette-produit\/vitamines-et-supplements\">Vitamines &amp; suppl\u00e9ments Produits<\/a><br \/>\nEn apprendre plus sur fabricant et ce produit: <a href=\"https:\/\/www.pekana.com\/en-EN\/\" target=\"_blank\" rel=\"noopener\">PEKANA Naturheilmittel GmbH<\/a> (lien vers site Web externe)<\/p>\n<p>Les informations contenues dans ce site web sont fournies \u00e0 titre informatif uniquement. Ils ne remplacent en aucun cas l&#8217;examen et le traitement par un m\u00e9decin. Veuillez noter que cela signifie qu&#8217;aucun diagnostic ne peut \u00eatre \u00e9tabli et qu&#8217;aucune th\u00e9rapie ne peut \u00eatre mise en place.<\/p>\n<p>Pour conna\u00eetre les risques et les effets secondaires, lisez la notice et demandez conseil \u00e0 votre m\u00e9decin ou \u00e0 votre pharmacien.<\/p>\n","protected":false},"excerpt":{"rendered":"<h2>SE-ONSIL spagyrique Peka gouttes<\/h2>\n<p>m\u00e9dicament hom\u00e9opathique enregistr\u00e9.<\/p>\n<p>&nbsp;<\/p>\n<p>PZN : 04970296 (num\u00e9ro central de pharmacie)<\/p>\n<p>Forme posologique : gouttes<\/p>\n<p>Type de prescription : sans ordonnance<\/p>\n<p>Marque&nbsp;: Peka<\/p>\n<p>Fabricant: PEKANA Naturheilmittel GmbH<\/p>\n<p>Taille d\u2019emballage: 100ml<\/p>\n","protected":false},"featured_media":19488,"comment_status":"closed","ping_status":"closed","template":"","meta":[],"product_brand":[],"product_cat":[342,120,114],"product_tag":[468,306,233,466,464,294,309],"class_list":{"0":"post-19480","1":"product","2":"type-product","3":"status-publish","4":"has-post-thumbnail","6":"product_cat-pekana-fr","7":"product_cat-sale-fr","8":"product_cat-non-classifiee","9":"product_tag-grippe-et-rhume","10":"product_tag-homeopathie","11":"product_tag-infection-virale","12":"product_tag-ingredient-actif-a-base-de-plantes","13":"product_tag-remedes-naturels","14":"product_tag-rhume","15":"product_tag-vente-mensuelle","16":"ts_product_brand-all-fr","17":"ts_product_brand-pekana-fr","19":"first","20":"instock","21":"taxable","22":"shipping-taxable","23":"purchasable","24":"product-type-simple"},"yoast_head":"<!-- This site is optimized with the Yoast SEO plugin v26.5 - https:\/\/yoast.com\/wordpress\/plugins\/seo\/ -->\n<title>SE-ONSIL gouttes spagyriques Peka (100ml) &#187; sur Lion Pharmacy<\/title>\n<meta name=\"description\" content=\"Pharmacie en ligne allemande enregistr\u00e9e. Exp\u00e9dition internationale rapide et achats en ligne en toute s\u00e9curit\u00e9. Pekana m\u00e9dicaments: SE-ONSIL gouttes spagyriques Peka (100ml) &gt; commander ici\" \/>\n<meta name=\"robots\" content=\"index, follow, max-snippet:-1, max-image-preview:large, max-video-preview:-1\" \/>\n<link rel=\"canonical\" href=\"https:\/\/lions-pharmacy.com\/fr\/produit\/se-onsil-spagyric-peka-drops-100ml\" \/>\n<meta property=\"og:locale\" content=\"fr_FR\" \/>\n<meta property=\"og:type\" content=\"article\" \/>\n<meta property=\"og:title\" content=\"SE-ONSIL gouttes spagyriques Peka (100ml) &#187; sur Lion Pharmacy\" \/>\n<meta property=\"og:description\" content=\"Pharmacie en ligne allemande enregistr\u00e9e. Exp\u00e9dition internationale rapide et achats en ligne en toute s\u00e9curit\u00e9. Pekana m\u00e9dicaments: SE-ONSIL gouttes spagyriques Peka (100ml) &gt; commander ici\" \/>\n<meta property=\"og:url\" content=\"https:\/\/lions-pharmacy.com\/fr\/produit\/se-onsil-spagyric-peka-drops-100ml\" \/>\n<meta property=\"og:site_name\" content=\"Lion Pharmacy\" \/>\n<meta property=\"article:modified_time\" content=\"2026-01-17T08:36:31+00:00\" \/>\n<meta property=\"og:image\" content=\"https:\/\/lions-pharmacy.com\/wp-content\/uploads\/2026\/01\/SE-ONSIL-spagyrische-Peka-Tropfen-von-Pekana-PZN-04970304.webp\" \/>\n\t<meta property=\"og:image:width\" content=\"600\" \/>\n\t<meta property=\"og:image:height\" content=\"600\" \/>\n\t<meta property=\"og:image:type\" content=\"image\/webp\" \/>\n<meta name=\"twitter:card\" content=\"summary_large_image\" \/>\n<meta name=\"twitter:label1\" content=\"Dur\u00e9e de lecture estim\u00e9e\" \/>\n\t<meta name=\"twitter:data1\" content=\"1 minute\" \/>\n<script type=\"application\/ld+json\" class=\"yoast-schema-graph\">{\"@context\":\"https:\/\/schema.org\",\"@graph\":[{\"@type\":\"WebPage\",\"@id\":\"https:\/\/lions-pharmacy.com\/fr\/produit\/se-onsil-spagyric-peka-drops-100ml\",\"url\":\"https:\/\/lions-pharmacy.com\/fr\/produit\/se-onsil-spagyric-peka-drops-100ml\",\"name\":\"SE-ONSIL gouttes spagyriques Peka (100ml) &#187; sur Lion Pharmacy\",\"isPartOf\":{\"@id\":\"https:\/\/lions-pharmacy.com\/fr#website\"},\"primaryImageOfPage\":{\"@id\":\"https:\/\/lions-pharmacy.com\/fr\/produit\/se-onsil-spagyric-peka-drops-100ml#primaryimage\"},\"image\":{\"@id\":\"https:\/\/lions-pharmacy.com\/fr\/produit\/se-onsil-spagyric-peka-drops-100ml#primaryimage\"},\"thumbnailUrl\":\"https:\/\/lions-pharmacy.com\/wp-content\/uploads\/2026\/01\/SE-ONSIL-spagyrische-Peka-Tropfen-von-Pekana-PZN-04970304.webp\",\"datePublished\":\"2026-01-17T08:00:40+00:00\",\"dateModified\":\"2026-01-17T08:36:31+00:00\",\"description\":\"Pharmacie en ligne allemande enregistr\u00e9e. Exp\u00e9dition internationale rapide et achats en ligne en toute s\u00e9curit\u00e9. Pekana m\u00e9dicaments: SE-ONSIL gouttes spagyriques Peka (100ml) > commander ici\",\"breadcrumb\":{\"@id\":\"https:\/\/lions-pharmacy.com\/fr\/produit\/se-onsil-spagyric-peka-drops-100ml#breadcrumb\"},\"inLanguage\":\"fr-FR\",\"potentialAction\":[{\"@type\":\"ReadAction\",\"target\":[\"https:\/\/lions-pharmacy.com\/fr\/produit\/se-onsil-spagyric-peka-drops-100ml\"]}]},{\"@type\":\"ImageObject\",\"inLanguage\":\"fr-FR\",\"@id\":\"https:\/\/lions-pharmacy.com\/fr\/produit\/se-onsil-spagyric-peka-drops-100ml#primaryimage\",\"url\":\"https:\/\/lions-pharmacy.com\/wp-content\/uploads\/2026\/01\/SE-ONSIL-spagyrische-Peka-Tropfen-von-Pekana-PZN-04970304.webp\",\"contentUrl\":\"https:\/\/lions-pharmacy.com\/wp-content\/uploads\/2026\/01\/SE-ONSIL-spagyrische-Peka-Tropfen-von-Pekana-PZN-04970304.webp\",\"width\":600,\"height\":600,\"caption\":\"SE-ONSIL spagyrique Peka gouttes\"},{\"@type\":\"BreadcrumbList\",\"@id\":\"https:\/\/lions-pharmacy.com\/fr\/produit\/se-onsil-spagyric-peka-drops-100ml#breadcrumb\",\"itemListElement\":[{\"@type\":\"ListItem\",\"position\":1,\"name\":\"Home\",\"item\":\"https:\/\/lions-pharmacy.com\/fr\/homepage-lion-pharmacy\"},{\"@type\":\"ListItem\",\"position\":2,\"name\":\"Shop\",\"item\":\"https:\/\/lions-pharmacy.com\/fr\/boutique\"},{\"@type\":\"ListItem\",\"position\":3,\"name\":\"SE-ONSIL gouttes spagyriques Peka (100ml)\"}]},{\"@type\":\"WebSite\",\"@id\":\"https:\/\/lions-pharmacy.com\/fr#website\",\"url\":\"https:\/\/lions-pharmacy.com\/fr\",\"name\":\"Lions Pharmacy\",\"description\":\"Pharmacie sp\u00e9cialis\u00e9e en naturopathie de Baden-Baden, Allemagne\",\"publisher\":{\"@id\":\"https:\/\/lions-pharmacy.com\/fr#organization\"},\"alternateName\":\"Lion Pharmacy\",\"potentialAction\":[{\"@type\":\"SearchAction\",\"target\":{\"@type\":\"EntryPoint\",\"urlTemplate\":\"https:\/\/lions-pharmacy.com\/fr?s={search_term_string}\"},\"query-input\":{\"@type\":\"PropertyValueSpecification\",\"valueRequired\":true,\"valueName\":\"search_term_string\"}}],\"inLanguage\":\"fr-FR\"},{\"@type\":\"Organization\",\"@id\":\"https:\/\/lions-pharmacy.com\/fr#organization\",\"name\":\"Lions Pharmacy\",\"alternateName\":\"Lions Pharmacy24\",\"url\":\"https:\/\/lions-pharmacy.com\/fr\",\"logo\":{\"@type\":\"ImageObject\",\"inLanguage\":\"fr-FR\",\"@id\":\"https:\/\/lions-pharmacy.com\/fr#\/schema\/logo\/image\/\",\"url\":\"https:\/\/lions-pharmacy.com\/wp-content\/uploads\/2022\/12\/Logo-Lion-Pharmacy-c-o-Loewen-Apotheke-smal.jpg\",\"contentUrl\":\"https:\/\/lions-pharmacy.com\/wp-content\/uploads\/2022\/12\/Logo-Lion-Pharmacy-c-o-Loewen-Apotheke-smal.jpg\",\"width\":298,\"height\":99,\"caption\":\"Lions Pharmacy\"},\"image\":{\"@id\":\"https:\/\/lions-pharmacy.com\/fr#\/schema\/logo\/image\/\"}}]}<\/script>\n<!-- \/ Yoast SEO plugin. -->","yoast_head_json":{"title":"SE-ONSIL gouttes spagyriques Peka (100ml) &#187; sur Lion Pharmacy","description":"Pharmacie en ligne allemande enregistr\u00e9e. Exp\u00e9dition internationale rapide et achats en ligne en toute s\u00e9curit\u00e9. Pekana m\u00e9dicaments: SE-ONSIL gouttes spagyriques Peka (100ml) > commander ici","robots":{"index":"index","follow":"follow","max-snippet":"max-snippet:-1","max-image-preview":"max-image-preview:large","max-video-preview":"max-video-preview:-1"},"canonical":"https:\/\/lions-pharmacy.com\/fr\/produit\/se-onsil-spagyric-peka-drops-100ml","og_locale":"fr_FR","og_type":"article","og_title":"SE-ONSIL gouttes spagyriques Peka (100ml) &#187; sur Lion Pharmacy","og_description":"Pharmacie en ligne allemande enregistr\u00e9e. Exp\u00e9dition internationale rapide et achats en ligne en toute s\u00e9curit\u00e9. Pekana m\u00e9dicaments: SE-ONSIL gouttes spagyriques Peka (100ml) > commander ici","og_url":"https:\/\/lions-pharmacy.com\/fr\/produit\/se-onsil-spagyric-peka-drops-100ml","og_site_name":"Lion Pharmacy","article_modified_time":"2026-01-17T08:36:31+00:00","og_image":[{"width":600,"height":600,"url":"https:\/\/lions-pharmacy.com\/wp-content\/uploads\/2026\/01\/SE-ONSIL-spagyrische-Peka-Tropfen-von-Pekana-PZN-04970304.webp","type":"image\/webp"}],"twitter_card":"summary_large_image","twitter_misc":{"Dur\u00e9e de lecture estim\u00e9e":"1 minute"},"schema":{"@context":"https:\/\/schema.org","@graph":[{"@type":"WebPage","@id":"https:\/\/lions-pharmacy.com\/fr\/produit\/se-onsil-spagyric-peka-drops-100ml","url":"https:\/\/lions-pharmacy.com\/fr\/produit\/se-onsil-spagyric-peka-drops-100ml","name":"SE-ONSIL gouttes spagyriques Peka (100ml) &#187; sur Lion Pharmacy","isPartOf":{"@id":"https:\/\/lions-pharmacy.com\/fr#website"},"primaryImageOfPage":{"@id":"https:\/\/lions-pharmacy.com\/fr\/produit\/se-onsil-spagyric-peka-drops-100ml#primaryimage"},"image":{"@id":"https:\/\/lions-pharmacy.com\/fr\/produit\/se-onsil-spagyric-peka-drops-100ml#primaryimage"},"thumbnailUrl":"https:\/\/lions-pharmacy.com\/wp-content\/uploads\/2026\/01\/SE-ONSIL-spagyrische-Peka-Tropfen-von-Pekana-PZN-04970304.webp","datePublished":"2026-01-17T08:00:40+00:00","dateModified":"2026-01-17T08:36:31+00:00","description":"Pharmacie en ligne allemande enregistr\u00e9e. Exp\u00e9dition internationale rapide et achats en ligne en toute s\u00e9curit\u00e9. Pekana m\u00e9dicaments: SE-ONSIL gouttes spagyriques Peka (100ml) > commander ici","breadcrumb":{"@id":"https:\/\/lions-pharmacy.com\/fr\/produit\/se-onsil-spagyric-peka-drops-100ml#breadcrumb"},"inLanguage":"fr-FR","potentialAction":[{"@type":"ReadAction","target":["https:\/\/lions-pharmacy.com\/fr\/produit\/se-onsil-spagyric-peka-drops-100ml"]}]},{"@type":"ImageObject","inLanguage":"fr-FR","@id":"https:\/\/lions-pharmacy.com\/fr\/produit\/se-onsil-spagyric-peka-drops-100ml#primaryimage","url":"https:\/\/lions-pharmacy.com\/wp-content\/uploads\/2026\/01\/SE-ONSIL-spagyrische-Peka-Tropfen-von-Pekana-PZN-04970304.webp","contentUrl":"https:\/\/lions-pharmacy.com\/wp-content\/uploads\/2026\/01\/SE-ONSIL-spagyrische-Peka-Tropfen-von-Pekana-PZN-04970304.webp","width":600,"height":600,"caption":"SE-ONSIL spagyrique Peka gouttes"},{"@type":"BreadcrumbList","@id":"https:\/\/lions-pharmacy.com\/fr\/produit\/se-onsil-spagyric-peka-drops-100ml#breadcrumb","itemListElement":[{"@type":"ListItem","position":1,"name":"Home","item":"https:\/\/lions-pharmacy.com\/fr\/homepage-lion-pharmacy"},{"@type":"ListItem","position":2,"name":"Shop","item":"https:\/\/lions-pharmacy.com\/fr\/boutique"},{"@type":"ListItem","position":3,"name":"SE-ONSIL gouttes spagyriques Peka (100ml)"}]},{"@type":"WebSite","@id":"https:\/\/lions-pharmacy.com\/fr#website","url":"https:\/\/lions-pharmacy.com\/fr","name":"Lions Pharmacy","description":"Pharmacie sp\u00e9cialis\u00e9e en naturopathie de Baden-Baden, Allemagne","publisher":{"@id":"https:\/\/lions-pharmacy.com\/fr#organization"},"alternateName":"Lion Pharmacy","potentialAction":[{"@type":"SearchAction","target":{"@type":"EntryPoint","urlTemplate":"https:\/\/lions-pharmacy.com\/fr?s={search_term_string}"},"query-input":{"@type":"PropertyValueSpecification","valueRequired":true,"valueName":"search_term_string"}}],"inLanguage":"fr-FR"},{"@type":"Organization","@id":"https:\/\/lions-pharmacy.com\/fr#organization","name":"Lions Pharmacy","alternateName":"Lions Pharmacy24","url":"https:\/\/lions-pharmacy.com\/fr","logo":{"@type":"ImageObject","inLanguage":"fr-FR","@id":"https:\/\/lions-pharmacy.com\/fr#\/schema\/logo\/image\/","url":"https:\/\/lions-pharmacy.com\/wp-content\/uploads\/2022\/12\/Logo-Lion-Pharmacy-c-o-Loewen-Apotheke-smal.jpg","contentUrl":"https:\/\/lions-pharmacy.com\/wp-content\/uploads\/2022\/12\/Logo-Lion-Pharmacy-c-o-Loewen-Apotheke-smal.jpg","width":298,"height":99,"caption":"Lions Pharmacy"},"image":{"@id":"https:\/\/lions-pharmacy.com\/fr#\/schema\/logo\/image\/"}}]}},"_links":{"self":[{"href":"https:\/\/lions-pharmacy.com\/fr\/wp-json\/wp\/v2\/product\/19480","targetHints":{"allow":["GET"]}}],"collection":[{"href":"https:\/\/lions-pharmacy.com\/fr\/wp-json\/wp\/v2\/product"}],"about":[{"href":"https:\/\/lions-pharmacy.com\/fr\/wp-json\/wp\/v2\/types\/product"}],"replies":[{"embeddable":true,"href":"https:\/\/lions-pharmacy.com\/fr\/wp-json\/wp\/v2\/comments?post=19480"}],"wp:featuredmedia":[{"embeddable":true,"href":"https:\/\/lions-pharmacy.com\/fr\/wp-json\/wp\/v2\/media\/19488"}],"wp:attachment":[{"href":"https:\/\/lions-pharmacy.com\/fr\/wp-json\/wp\/v2\/media?parent=19480"}],"wp:term":[{"taxonomy":"product_brand","embeddable":true,"href":"https:\/\/lions-pharmacy.com\/fr\/wp-json\/wp\/v2\/product_brand?post=19480"},{"taxonomy":"product_cat","embeddable":true,"href":"https:\/\/lions-pharmacy.com\/fr\/wp-json\/wp\/v2\/product_cat?post=19480"},{"taxonomy":"product_tag","embeddable":true,"href":"https:\/\/lions-pharmacy.com\/fr\/wp-json\/wp\/v2\/product_tag?post=19480"}],"curies":[{"name":"wp","href":"https:\/\/api.w.org\/{rel}","templated":true}]}}