{"id":1909,"date":"2022-12-29T21:15:38","date_gmt":"2022-12-29T20:15:38","guid":{"rendered":"https:\/\/lions-pharmacy.com\/product\/test-rapide-fluorecare-4en1-sars-cov-2-influenza-a-b-vrs"},"modified":"2022-12-29T21:15:38","modified_gmt":"2022-12-29T20:15:38","slug":"fluorecare-antigene-test-4in1-sars-cov-2-influenza-a-b-rsv","status":"publish","type":"product","link":"https:\/\/lions-pharmacy.com\/fr\/produit\/fluorecare-antigene-test-4in1-sars-cov-2-influenza-a-b-rsv","title":{"rendered":"Test rapide FluoreCare 4en1 SARS-Cov-2, Influenza A\/B, VRS"},"content":{"rendered":"<h3>Test rapide FluoreCare 4en1 SARS-Cov-2, Influenza A\/B, VRS<\/h3>\n<p>Test rapide Fluorecare 4en1 SRAS-Cov-2, grippe A\/B, VRS<\/p>\n<p>Test antig\u00e9nique rapide pour les variantes Alpha, Delta &amp; Omicron, BA.4 et BA.5 et d\u00e9tection qualitative du SARS-CoV-2, de la grippe A\/B et du VRS dans le nez ou le nasopharynx adapt\u00e9 aux auto-utilisateurs.<\/p>\n<ul>\n<li>Autotest 4 en 1<\/li>\n<li>R\u00e9sultat de test fiable en 15 minutes<\/li>\n<li>Sensibilit\u00e9 au SARS-CoV-2 : 92,93 %<\/li>\n<li>Sp\u00e9cificit\u00e9 du SARS-CoV-2 : 100 %<\/li>\n<\/ul>\n<p>Produits pour le domaine d\u2019application: <a href=\"https:\/\/lions-pharmacy.com\/product-tag\/coronavirus\">Tests antig\u00e9niques rapides &amp; Corona<\/a><\/p>\n<p>D\u2019autres clients sont \u00e9galement int\u00e9ress\u00e9s par des produits sur le sujet: Trousse de premiers soins<\/p>\n<p>La pharmacienne recommande \u00e0 ses clients atteints d\u2019infections virales : <a href=\"https:\/\/lions-pharmacy.com\/product\/labo-life-2leid\">Labo Life 2L EID<\/a> | Omni-Biotique Pro-Vi<\/p>\n<p>Notice d&#8217;information\/instructions d&#8217;utilisation\/fiche technique de l&#8217;article : (lecteur PDF)<\/p>\n<p>Nom alternatif du produit: fluorecare combi test 4en1 (commandez un emballage avec 5 kits de test <a href=\"https:\/\/www.loewen-apotheke24.com\/en\/shop\/angebot\/fluorecare-schnelltest-4in1-sars-cov-2-influenza-ab-rsv-antigene\/\" target=\"_blank\" rel=\"noopener\">ici<\/a>)<\/p>\n<p>Autres produits pour l\u2019application: <a href=\"https:\/\/lions-pharmacy.com\/produkt-schlagwort\/cold-flu\">Rhume et grippe<\/a><\/p>\n<p>En savoir plus sur manufactorer et ce produit: (lien vers site Web externe)<\/p>\n<p>Les informations contenues dans ce site web sont fournies \u00e0 titre informatif uniquement. Ils ne remplacent en aucun cas l&#8217;examen et le traitement par un m\u00e9decin. Veuillez noter que cela signifie qu&#8217;aucun diagnostic ne peut \u00eatre \u00e9tabli et qu&#8217;aucune th\u00e9rapie ne peut \u00eatre mise en place.<\/p>\n<p><span style=\"color: #ff0000;\">Pour les groupes de sp\u00e9cialistes selon l\u2019ordonnance sur la livraison de dispositifs m\u00e9dicaux (MPAV) &#8211; pas de livraison aux auto-utilisateurs.<\/span><\/p>\n<p>Pour conna\u00eetre les risques et les effets secondaires, lisez la notice et demandez conseil \u00e0 votre m\u00e9decin ou \u00e0 votre pharmacien.<\/p>\n","protected":false},"excerpt":{"rendered":"<h2>Test antig\u00e9nique FluoreCare 4EN1 &#8211; 10 pc.<\/h2>\n<p>Test rapide combin\u00e9 4en1 (antig\u00e8nes) pour la grippe A\/B + COVID-19 + VRS. <span style=\"color: #ff0000;\">Pour les groupes sp\u00e9cialis\u00e9s<\/span> &#8211; pas de livraison aux auto-utilisateurs.<\/p>\n<p>&nbsp;<\/p>\n<p>PZN: &#8211; (Pharmazentralnummer)<\/p>\n<p>Forme posologique : kit de test<\/p>\n<p>Type de prescription : sans ordonnance<\/p>\n<p>Marque:-<\/p>\n<p>Fabricant: Shenzhen Microprofit Biotech Co., Ltd.<\/p>\n<p>Taille d\u2019emballage: 10 pc (2 paquets avec 5)<\/p>\n","protected":false},"featured_media":1449,"comment_status":"closed","ping_status":"closed","template":"","meta":[],"product_brand":[],"product_cat":[114],"product_tag":[253,233,294,309],"class_list":{"0":"post-1909","1":"product","2":"type-product","3":"status-publish","4":"has-post-thumbnail","6":"product_cat-non-classifiee","7":"product_tag-coronavirus-fr","8":"product_tag-infection-virale","9":"product_tag-rhume","10":"product_tag-vente-mensuelle","11":"ts_product_brand-all-fr","13":"first","14":"outofstock","15":"sale","16":"taxable","17":"shipping-taxable","18":"purchasable","19":"product-type-simple"},"yoast_head":"<!-- This site is optimized with the Yoast SEO plugin v26.5 - https:\/\/yoast.com\/wordpress\/plugins\/seo\/ -->\n<title>Test rapide FluoreCare 4en1 SARS-Cov-2, Influenza A\/B, VRS<\/title>\n<meta name=\"description\" content=\"Lion Pharmacy | Pharmacie en ligne allemande | Exp\u00e9dition internationale rapide | V\u00e9rification antivirus 4en1 | Test rapide FluoreCare 4en1 SARS-Cov-2, Influenza A\/B, VRS\" \/>\n<meta name=\"robots\" content=\"index, follow, max-snippet:-1, max-image-preview:large, max-video-preview:-1\" \/>\n<link rel=\"canonical\" href=\"https:\/\/lions-pharmacy.com\/fr\/produit\/fluorecare-antigene-test-4in1-sars-cov-2-influenza-a-b-rsv\" \/>\n<meta property=\"og:locale\" content=\"fr_FR\" \/>\n<meta property=\"og:type\" content=\"article\" \/>\n<meta property=\"og:title\" content=\"Test rapide FluoreCare 4en1 SARS-Cov-2, Influenza A\/B, VRS\" \/>\n<meta property=\"og:description\" content=\"Lion Pharmacy | Pharmacie en ligne allemande | Exp\u00e9dition internationale rapide | V\u00e9rification antivirus 4en1 | Test rapide FluoreCare 4en1 SARS-Cov-2, Influenza A\/B, VRS\" \/>\n<meta property=\"og:url\" content=\"https:\/\/lions-pharmacy.com\/fr\/produit\/fluorecare-antigene-test-4in1-sars-cov-2-influenza-a-b-rsv\" \/>\n<meta property=\"og:site_name\" content=\"Lion Pharmacy\" \/>\n<meta property=\"og:image\" content=\"https:\/\/lions-pharmacy.com\/wp-content\/uploads\/2022\/12\/fluorecare-rapid-test-antigene-SARS-CoV-2-Influenza-A-B-RSV-virus-Antigen-Kombi-Test-Lion-Pharmacy-Loewen-Apptheke.jpg\" \/>\n\t<meta property=\"og:image:width\" content=\"600\" \/>\n\t<meta property=\"og:image:height\" content=\"600\" \/>\n\t<meta property=\"og:image:type\" content=\"image\/jpeg\" \/>\n<meta name=\"twitter:card\" content=\"summary_large_image\" \/>\n<meta name=\"twitter:label1\" content=\"Dur\u00e9e de lecture estim\u00e9e\" \/>\n\t<meta name=\"twitter:data1\" content=\"1 minute\" \/>\n<script type=\"application\/ld+json\" class=\"yoast-schema-graph\">{\"@context\":\"https:\/\/schema.org\",\"@graph\":[{\"@type\":\"WebPage\",\"@id\":\"https:\/\/lions-pharmacy.com\/fr\/produit\/fluorecare-antigene-test-4in1-sars-cov-2-influenza-a-b-rsv\",\"url\":\"https:\/\/lions-pharmacy.com\/fr\/produit\/fluorecare-antigene-test-4in1-sars-cov-2-influenza-a-b-rsv\",\"name\":\"Test rapide FluoreCare 4en1 SARS-Cov-2, Influenza A\/B, VRS\",\"isPartOf\":{\"@id\":\"https:\/\/lions-pharmacy.com\/fr#website\"},\"primaryImageOfPage\":{\"@id\":\"https:\/\/lions-pharmacy.com\/fr\/produit\/fluorecare-antigene-test-4in1-sars-cov-2-influenza-a-b-rsv#primaryimage\"},\"image\":{\"@id\":\"https:\/\/lions-pharmacy.com\/fr\/produit\/fluorecare-antigene-test-4in1-sars-cov-2-influenza-a-b-rsv#primaryimage\"},\"thumbnailUrl\":\"https:\/\/lions-pharmacy.com\/wp-content\/uploads\/2022\/12\/fluorecare-rapid-test-antigene-SARS-CoV-2-Influenza-A-B-RSV-virus-Antigen-Kombi-Test-Lion-Pharmacy-Loewen-Apptheke.jpg\",\"datePublished\":\"2022-12-29T20:15:38+00:00\",\"description\":\"Lion Pharmacy | Pharmacie en ligne allemande | Exp\u00e9dition internationale rapide | V\u00e9rification antivirus 4en1 | Test rapide FluoreCare 4en1 SARS-Cov-2, Influenza A\/B, VRS\",\"breadcrumb\":{\"@id\":\"https:\/\/lions-pharmacy.com\/fr\/produit\/fluorecare-antigene-test-4in1-sars-cov-2-influenza-a-b-rsv#breadcrumb\"},\"inLanguage\":\"fr-FR\",\"potentialAction\":[{\"@type\":\"ReadAction\",\"target\":[\"https:\/\/lions-pharmacy.com\/fr\/produit\/fluorecare-antigene-test-4in1-sars-cov-2-influenza-a-b-rsv\"]}]},{\"@type\":\"ImageObject\",\"inLanguage\":\"fr-FR\",\"@id\":\"https:\/\/lions-pharmacy.com\/fr\/produit\/fluorecare-antigene-test-4in1-sars-cov-2-influenza-a-b-rsv#primaryimage\",\"url\":\"https:\/\/lions-pharmacy.com\/wp-content\/uploads\/2022\/12\/fluorecare-rapid-test-antigene-SARS-CoV-2-Influenza-A-B-RSV-virus-Antigen-Kombi-Test-Lion-Pharmacy-Loewen-Apptheke.jpg\",\"contentUrl\":\"https:\/\/lions-pharmacy.com\/wp-content\/uploads\/2022\/12\/fluorecare-rapid-test-antigene-SARS-CoV-2-Influenza-A-B-RSV-virus-Antigen-Kombi-Test-Lion-Pharmacy-Loewen-Apptheke.jpg\",\"width\":600,\"height\":600,\"caption\":\"fluorecare-test rapide antig\u00e8ne SARS-CoV-2 Influenza-A-B VRS virus Antig\u00e8ne-Kombi-Test Lion Pharmacie Loewen-Apptheke\"},{\"@type\":\"BreadcrumbList\",\"@id\":\"https:\/\/lions-pharmacy.com\/fr\/produit\/fluorecare-antigene-test-4in1-sars-cov-2-influenza-a-b-rsv#breadcrumb\",\"itemListElement\":[{\"@type\":\"ListItem\",\"position\":1,\"name\":\"Home\",\"item\":\"https:\/\/lions-pharmacy.com\/fr\/homepage-lion-pharmacy\"},{\"@type\":\"ListItem\",\"position\":2,\"name\":\"Shop\",\"item\":\"https:\/\/lions-pharmacy.com\/fr\/boutique\"},{\"@type\":\"ListItem\",\"position\":3,\"name\":\"Test rapide FluoreCare 4en1 SARS-Cov-2, Influenza A\/B, VRS\"}]},{\"@type\":\"WebSite\",\"@id\":\"https:\/\/lions-pharmacy.com\/fr#website\",\"url\":\"https:\/\/lions-pharmacy.com\/fr\",\"name\":\"Lions Pharmacy\",\"description\":\"Pharmacie sp\u00e9cialis\u00e9e en naturopathie de Baden-Baden, Allemagne\",\"publisher\":{\"@id\":\"https:\/\/lions-pharmacy.com\/fr#organization\"},\"alternateName\":\"Lion Pharmacy\",\"potentialAction\":[{\"@type\":\"SearchAction\",\"target\":{\"@type\":\"EntryPoint\",\"urlTemplate\":\"https:\/\/lions-pharmacy.com\/fr?s={search_term_string}\"},\"query-input\":{\"@type\":\"PropertyValueSpecification\",\"valueRequired\":true,\"valueName\":\"search_term_string\"}}],\"inLanguage\":\"fr-FR\"},{\"@type\":\"Organization\",\"@id\":\"https:\/\/lions-pharmacy.com\/fr#organization\",\"name\":\"Lions Pharmacy\",\"alternateName\":\"Lions Pharmacy24\",\"url\":\"https:\/\/lions-pharmacy.com\/fr\",\"logo\":{\"@type\":\"ImageObject\",\"inLanguage\":\"fr-FR\",\"@id\":\"https:\/\/lions-pharmacy.com\/fr#\/schema\/logo\/image\/\",\"url\":\"https:\/\/lions-pharmacy.com\/wp-content\/uploads\/2022\/12\/Logo-Lion-Pharmacy-c-o-Loewen-Apotheke-smal.jpg\",\"contentUrl\":\"https:\/\/lions-pharmacy.com\/wp-content\/uploads\/2022\/12\/Logo-Lion-Pharmacy-c-o-Loewen-Apotheke-smal.jpg\",\"width\":298,\"height\":99,\"caption\":\"Lions Pharmacy\"},\"image\":{\"@id\":\"https:\/\/lions-pharmacy.com\/fr#\/schema\/logo\/image\/\"}}]}<\/script>\n<!-- \/ Yoast SEO plugin. -->","yoast_head_json":{"title":"Test rapide FluoreCare 4en1 SARS-Cov-2, Influenza A\/B, VRS","description":"Lion Pharmacy | Pharmacie en ligne allemande | Exp\u00e9dition internationale rapide | V\u00e9rification antivirus 4en1 | Test rapide FluoreCare 4en1 SARS-Cov-2, Influenza A\/B, VRS","robots":{"index":"index","follow":"follow","max-snippet":"max-snippet:-1","max-image-preview":"max-image-preview:large","max-video-preview":"max-video-preview:-1"},"canonical":"https:\/\/lions-pharmacy.com\/fr\/produit\/fluorecare-antigene-test-4in1-sars-cov-2-influenza-a-b-rsv","og_locale":"fr_FR","og_type":"article","og_title":"Test rapide FluoreCare 4en1 SARS-Cov-2, Influenza A\/B, VRS","og_description":"Lion Pharmacy | Pharmacie en ligne allemande | Exp\u00e9dition internationale rapide | V\u00e9rification antivirus 4en1 | Test rapide FluoreCare 4en1 SARS-Cov-2, Influenza A\/B, VRS","og_url":"https:\/\/lions-pharmacy.com\/fr\/produit\/fluorecare-antigene-test-4in1-sars-cov-2-influenza-a-b-rsv","og_site_name":"Lion Pharmacy","og_image":[{"width":600,"height":600,"url":"https:\/\/lions-pharmacy.com\/wp-content\/uploads\/2022\/12\/fluorecare-rapid-test-antigene-SARS-CoV-2-Influenza-A-B-RSV-virus-Antigen-Kombi-Test-Lion-Pharmacy-Loewen-Apptheke.jpg","type":"image\/jpeg"}],"twitter_card":"summary_large_image","twitter_misc":{"Dur\u00e9e de lecture estim\u00e9e":"1 minute"},"schema":{"@context":"https:\/\/schema.org","@graph":[{"@type":"WebPage","@id":"https:\/\/lions-pharmacy.com\/fr\/produit\/fluorecare-antigene-test-4in1-sars-cov-2-influenza-a-b-rsv","url":"https:\/\/lions-pharmacy.com\/fr\/produit\/fluorecare-antigene-test-4in1-sars-cov-2-influenza-a-b-rsv","name":"Test rapide FluoreCare 4en1 SARS-Cov-2, Influenza A\/B, VRS","isPartOf":{"@id":"https:\/\/lions-pharmacy.com\/fr#website"},"primaryImageOfPage":{"@id":"https:\/\/lions-pharmacy.com\/fr\/produit\/fluorecare-antigene-test-4in1-sars-cov-2-influenza-a-b-rsv#primaryimage"},"image":{"@id":"https:\/\/lions-pharmacy.com\/fr\/produit\/fluorecare-antigene-test-4in1-sars-cov-2-influenza-a-b-rsv#primaryimage"},"thumbnailUrl":"https:\/\/lions-pharmacy.com\/wp-content\/uploads\/2022\/12\/fluorecare-rapid-test-antigene-SARS-CoV-2-Influenza-A-B-RSV-virus-Antigen-Kombi-Test-Lion-Pharmacy-Loewen-Apptheke.jpg","datePublished":"2022-12-29T20:15:38+00:00","description":"Lion Pharmacy | Pharmacie en ligne allemande | Exp\u00e9dition internationale rapide | V\u00e9rification antivirus 4en1 | Test rapide FluoreCare 4en1 SARS-Cov-2, Influenza A\/B, VRS","breadcrumb":{"@id":"https:\/\/lions-pharmacy.com\/fr\/produit\/fluorecare-antigene-test-4in1-sars-cov-2-influenza-a-b-rsv#breadcrumb"},"inLanguage":"fr-FR","potentialAction":[{"@type":"ReadAction","target":["https:\/\/lions-pharmacy.com\/fr\/produit\/fluorecare-antigene-test-4in1-sars-cov-2-influenza-a-b-rsv"]}]},{"@type":"ImageObject","inLanguage":"fr-FR","@id":"https:\/\/lions-pharmacy.com\/fr\/produit\/fluorecare-antigene-test-4in1-sars-cov-2-influenza-a-b-rsv#primaryimage","url":"https:\/\/lions-pharmacy.com\/wp-content\/uploads\/2022\/12\/fluorecare-rapid-test-antigene-SARS-CoV-2-Influenza-A-B-RSV-virus-Antigen-Kombi-Test-Lion-Pharmacy-Loewen-Apptheke.jpg","contentUrl":"https:\/\/lions-pharmacy.com\/wp-content\/uploads\/2022\/12\/fluorecare-rapid-test-antigene-SARS-CoV-2-Influenza-A-B-RSV-virus-Antigen-Kombi-Test-Lion-Pharmacy-Loewen-Apptheke.jpg","width":600,"height":600,"caption":"fluorecare-test rapide antig\u00e8ne SARS-CoV-2 Influenza-A-B VRS virus Antig\u00e8ne-Kombi-Test Lion Pharmacie Loewen-Apptheke"},{"@type":"BreadcrumbList","@id":"https:\/\/lions-pharmacy.com\/fr\/produit\/fluorecare-antigene-test-4in1-sars-cov-2-influenza-a-b-rsv#breadcrumb","itemListElement":[{"@type":"ListItem","position":1,"name":"Home","item":"https:\/\/lions-pharmacy.com\/fr\/homepage-lion-pharmacy"},{"@type":"ListItem","position":2,"name":"Shop","item":"https:\/\/lions-pharmacy.com\/fr\/boutique"},{"@type":"ListItem","position":3,"name":"Test rapide FluoreCare 4en1 SARS-Cov-2, Influenza A\/B, VRS"}]},{"@type":"WebSite","@id":"https:\/\/lions-pharmacy.com\/fr#website","url":"https:\/\/lions-pharmacy.com\/fr","name":"Lions Pharmacy","description":"Pharmacie sp\u00e9cialis\u00e9e en naturopathie de Baden-Baden, Allemagne","publisher":{"@id":"https:\/\/lions-pharmacy.com\/fr#organization"},"alternateName":"Lion Pharmacy","potentialAction":[{"@type":"SearchAction","target":{"@type":"EntryPoint","urlTemplate":"https:\/\/lions-pharmacy.com\/fr?s={search_term_string}"},"query-input":{"@type":"PropertyValueSpecification","valueRequired":true,"valueName":"search_term_string"}}],"inLanguage":"fr-FR"},{"@type":"Organization","@id":"https:\/\/lions-pharmacy.com\/fr#organization","name":"Lions Pharmacy","alternateName":"Lions Pharmacy24","url":"https:\/\/lions-pharmacy.com\/fr","logo":{"@type":"ImageObject","inLanguage":"fr-FR","@id":"https:\/\/lions-pharmacy.com\/fr#\/schema\/logo\/image\/","url":"https:\/\/lions-pharmacy.com\/wp-content\/uploads\/2022\/12\/Logo-Lion-Pharmacy-c-o-Loewen-Apotheke-smal.jpg","contentUrl":"https:\/\/lions-pharmacy.com\/wp-content\/uploads\/2022\/12\/Logo-Lion-Pharmacy-c-o-Loewen-Apotheke-smal.jpg","width":298,"height":99,"caption":"Lions Pharmacy"},"image":{"@id":"https:\/\/lions-pharmacy.com\/fr#\/schema\/logo\/image\/"}}]}},"_links":{"self":[{"href":"https:\/\/lions-pharmacy.com\/fr\/wp-json\/wp\/v2\/product\/1909","targetHints":{"allow":["GET"]}}],"collection":[{"href":"https:\/\/lions-pharmacy.com\/fr\/wp-json\/wp\/v2\/product"}],"about":[{"href":"https:\/\/lions-pharmacy.com\/fr\/wp-json\/wp\/v2\/types\/product"}],"replies":[{"embeddable":true,"href":"https:\/\/lions-pharmacy.com\/fr\/wp-json\/wp\/v2\/comments?post=1909"}],"wp:featuredmedia":[{"embeddable":true,"href":"https:\/\/lions-pharmacy.com\/fr\/wp-json\/wp\/v2\/media\/1449"}],"wp:attachment":[{"href":"https:\/\/lions-pharmacy.com\/fr\/wp-json\/wp\/v2\/media?parent=1909"}],"wp:term":[{"taxonomy":"product_brand","embeddable":true,"href":"https:\/\/lions-pharmacy.com\/fr\/wp-json\/wp\/v2\/product_brand?post=1909"},{"taxonomy":"product_cat","embeddable":true,"href":"https:\/\/lions-pharmacy.com\/fr\/wp-json\/wp\/v2\/product_cat?post=1909"},{"taxonomy":"product_tag","embeddable":true,"href":"https:\/\/lions-pharmacy.com\/fr\/wp-json\/wp\/v2\/product_tag?post=1909"}],"curies":[{"name":"wp","href":"https:\/\/api.w.org\/{rel}","templated":true}]}}