{"id":1888,"date":"2022-12-30T19:55:19","date_gmt":"2022-12-30T18:55:19","guid":{"rendered":"https:\/\/lions-pharmacy.com\/product\/orthomol-hair-capsules-intenses-180-pc"},"modified":"2022-12-30T19:55:19","modified_gmt":"2022-12-30T18:55:19","slug":"orthomol-cheveux-capsules-intenses-180-pc-16866061","status":"publish","type":"product","link":"https:\/\/lions-pharmacy.com\/fr\/produit\/orthomol-cheveux-capsules-intenses-180-pc-16866061","title":{"rendered":"Orthomol Hair capsules intenses 180 pc"},"content":{"rendered":"<h3>Orthomol Hair capsules intenses 180 pc<\/h3>\n<p>Orthomol Hair Intense est un compl\u00e9ment alimentaire. Avec du s\u00e9l\u00e9nium, de la biotine et du zinc pour aider \u00e0 maintenir des cheveux normaux et d\u2019autres micronutriments.<\/p>\n<p>Produits d\u2019Orthomol: Pionniers de la m\u00e9decine nutritionnelle orthomol\u00e9culaire en Allemagne. Depuis plus de 30 ans, l\u2019entreprise d\u00e9veloppe et vend des doses \u00e9quilibr\u00e9es de combinaisons de micronutriments pour divers domaines d\u2019application. Ce sont des combinaisons de micronutriments bas\u00e9es sur la m\u00e9decine orthomol\u00e9culaire.<\/p>\n<p>Notice \/ mode d\u2019emploi\/fiche technique de l\u2019article: &#8211; (Lecteur PDF)<\/p>\n<p>Autres produits pour l\u2019application: Perte de cheveux &#8211; <a href=\"https:\/\/lions-pharmacy.com\/product-tag\/coronavirus\">Coronavirus<\/a> | <a href=\"https:\/\/lions-pharmacy.com\/product-tag\/vitamins-supplements\">Produits de vitamines et suppl\u00e9ments<\/a><\/p>\n<p>En savoir plus sur manufactorer et ce produit: <a href=\"https:\/\/www.orthomol.com\/de-de\/produkte\/schoenheit\/orthomol-hair-intense\" target=\"_blank\" rel=\"noopener\">orthomol<\/a> (lien vers site externe)<\/p>\n<p>Les informations contenues dans ce site web sont fournies \u00e0 titre informatif uniquement. Ils ne remplacent en aucun cas l&#8217;examen et le traitement par un m\u00e9decin. Veuillez noter que cela signifie qu&#8217;aucun diagnostic ne peut \u00eatre \u00e9tabli et qu&#8217;aucune th\u00e9rapie ne peut \u00eatre mise en place.<\/p>\n<p>Pour conna\u00eetre les risques et les effets secondaires, lisez la notice et demandez conseil \u00e0 votre m\u00e9decin ou \u00e0 votre pharmacien.<\/p>\n","protected":false},"excerpt":{"rendered":"<h2>Orthomol Hair capsules intenses 180 pc<\/h2>\n<p>Orthomol Hair Intense est un compl\u00e9ment alimentaire. Avec du s\u00e9l\u00e9nium, de la biotine et du zinc pour aider \u00e0 maintenir des cheveux normaux et d\u2019autres micronutriments.<\/p>\n<p>&nbsp;<\/p>\n<p>PZN: 16866061 (Pharmazentralnummer)<\/p>\n<p>Forme posologique: capsules<\/p>\n<p>Type de prescription : sans ordonnance<\/p>\n<p>Marque: orthomol<\/p>\n<p>Fabricant: orthomol Arzneimittel GmbH, Allemagne<\/p>\n<p>Taille d\u2019emballage: 180 pc.<\/p>\n","protected":false},"featured_media":4744,"comment_status":"closed","ping_status":"closed","template":"","meta":[],"product_brand":[],"product_cat":[120,114],"product_tag":[253,309,264],"class_list":{"0":"post-1888","1":"product","2":"type-product","3":"status-publish","4":"has-post-thumbnail","6":"product_cat-sale-fr","7":"product_cat-non-classifiee","8":"product_tag-coronavirus-fr","9":"product_tag-vente-mensuelle","10":"product_tag-vitamines-et-supplements","11":"ts_product_brand-all-fr","12":"ts_product_brand-orthomol-fr","14":"first","15":"instock","16":"sale","17":"featured","18":"taxable","19":"shipping-taxable","20":"purchasable","21":"product-type-simple"},"yoast_head":"<!-- This site is optimized with the Yoast SEO plugin v26.5 - https:\/\/yoast.com\/wordpress\/plugins\/seo\/ -->\n<title>Orthomol Hair capsules intenses 180 pc &#187; Lion Pharmacy<\/title>\n<meta name=\"description\" content=\"Lion Pharmacy | Pharmacie en ligne allemande enregistr\u00e9e | Exp\u00e9dition internationale rapide | Achats en ligne s\u00e9curis\u00e9s | Perte de cheveux &gt; Orthomol Hair capsules intenses 180 pc\" \/>\n<meta name=\"robots\" content=\"index, follow, max-snippet:-1, max-image-preview:large, max-video-preview:-1\" \/>\n<link rel=\"canonical\" href=\"https:\/\/lions-pharmacy.com\/fr\/produit\/orthomol-cheveux-capsules-intenses-180-pc-16866061\" \/>\n<meta property=\"og:locale\" content=\"fr_FR\" \/>\n<meta property=\"og:type\" content=\"article\" \/>\n<meta property=\"og:title\" content=\"Orthomol Hair capsules intenses 180 pc &#187; Lion Pharmacy\" \/>\n<meta property=\"og:description\" content=\"Lion Pharmacy | Pharmacie en ligne allemande enregistr\u00e9e | Exp\u00e9dition internationale rapide | Achats en ligne s\u00e9curis\u00e9s | Perte de cheveux &gt; Orthomol Hair capsules intenses 180 pc\" \/>\n<meta property=\"og:url\" content=\"https:\/\/lions-pharmacy.com\/fr\/produit\/orthomol-cheveux-capsules-intenses-180-pc-16866061\" \/>\n<meta property=\"og:site_name\" content=\"Lion Pharmacy\" \/>\n<meta property=\"og:image\" content=\"https:\/\/lions-pharmacy.com\/wp-content\/uploads\/2022\/12\/orthomol-hair-intense-180-pc-Lion-Pharmacy-or-Loewen-Apotheke24.jpg\" \/>\n\t<meta property=\"og:image:width\" content=\"600\" \/>\n\t<meta property=\"og:image:height\" content=\"600\" \/>\n\t<meta property=\"og:image:type\" content=\"image\/jpeg\" \/>\n<meta name=\"twitter:card\" content=\"summary_large_image\" \/>\n<meta name=\"twitter:label1\" content=\"Dur\u00e9e de lecture estim\u00e9e\" \/>\n\t<meta name=\"twitter:data1\" content=\"1 minute\" \/>\n<script type=\"application\/ld+json\" class=\"yoast-schema-graph\">{\"@context\":\"https:\/\/schema.org\",\"@graph\":[{\"@type\":\"WebPage\",\"@id\":\"https:\/\/lions-pharmacy.com\/fr\/produit\/orthomol-cheveux-capsules-intenses-180-pc-16866061\",\"url\":\"https:\/\/lions-pharmacy.com\/fr\/produit\/orthomol-cheveux-capsules-intenses-180-pc-16866061\",\"name\":\"Orthomol Hair capsules intenses 180 pc &#187; Lion Pharmacy\",\"isPartOf\":{\"@id\":\"https:\/\/lions-pharmacy.com\/fr#website\"},\"primaryImageOfPage\":{\"@id\":\"https:\/\/lions-pharmacy.com\/fr\/produit\/orthomol-cheveux-capsules-intenses-180-pc-16866061#primaryimage\"},\"image\":{\"@id\":\"https:\/\/lions-pharmacy.com\/fr\/produit\/orthomol-cheveux-capsules-intenses-180-pc-16866061#primaryimage\"},\"thumbnailUrl\":\"https:\/\/lions-pharmacy.com\/wp-content\/uploads\/2022\/12\/orthomol-hair-intense-180-pc-Lions-Pharmacy.webp\",\"datePublished\":\"2022-12-30T18:55:19+00:00\",\"description\":\"Lion Pharmacy | Pharmacie en ligne allemande enregistr\u00e9e | Exp\u00e9dition internationale rapide | Achats en ligne s\u00e9curis\u00e9s | Perte de cheveux > Orthomol Hair capsules intenses 180 pc\",\"breadcrumb\":{\"@id\":\"https:\/\/lions-pharmacy.com\/fr\/produit\/orthomol-cheveux-capsules-intenses-180-pc-16866061#breadcrumb\"},\"inLanguage\":\"fr-FR\",\"potentialAction\":[{\"@type\":\"ReadAction\",\"target\":[\"https:\/\/lions-pharmacy.com\/fr\/produit\/orthomol-cheveux-capsules-intenses-180-pc-16866061\"]}]},{\"@type\":\"ImageObject\",\"inLanguage\":\"fr-FR\",\"@id\":\"https:\/\/lions-pharmacy.com\/fr\/produit\/orthomol-cheveux-capsules-intenses-180-pc-16866061#primaryimage\",\"url\":\"https:\/\/lions-pharmacy.com\/wp-content\/uploads\/2022\/12\/orthomol-hair-intense-180-pc-Lions-Pharmacy.webp\",\"contentUrl\":\"https:\/\/lions-pharmacy.com\/wp-content\/uploads\/2022\/12\/orthomol-hair-intense-180-pc-Lions-Pharmacy.webp\",\"width\":600,\"height\":600,\"caption\":\"orthomol hair intense 180 pc Lions Pharmacy\"},{\"@type\":\"BreadcrumbList\",\"@id\":\"https:\/\/lions-pharmacy.com\/fr\/produit\/orthomol-cheveux-capsules-intenses-180-pc-16866061#breadcrumb\",\"itemListElement\":[{\"@type\":\"ListItem\",\"position\":1,\"name\":\"Home\",\"item\":\"https:\/\/lions-pharmacy.com\/fr\/homepage-lion-pharmacy\"},{\"@type\":\"ListItem\",\"position\":2,\"name\":\"Shop\",\"item\":\"https:\/\/lions-pharmacy.com\/fr\/boutique\"},{\"@type\":\"ListItem\",\"position\":3,\"name\":\"Orthomol Hair capsules intenses 180 pc\"}]},{\"@type\":\"WebSite\",\"@id\":\"https:\/\/lions-pharmacy.com\/fr#website\",\"url\":\"https:\/\/lions-pharmacy.com\/fr\",\"name\":\"Lions Pharmacy\",\"description\":\"Pharmacie sp\u00e9cialis\u00e9e en naturopathie de Baden-Baden, Allemagne\",\"publisher\":{\"@id\":\"https:\/\/lions-pharmacy.com\/fr#organization\"},\"alternateName\":\"Lion Pharmacy\",\"potentialAction\":[{\"@type\":\"SearchAction\",\"target\":{\"@type\":\"EntryPoint\",\"urlTemplate\":\"https:\/\/lions-pharmacy.com\/fr?s={search_term_string}\"},\"query-input\":{\"@type\":\"PropertyValueSpecification\",\"valueRequired\":true,\"valueName\":\"search_term_string\"}}],\"inLanguage\":\"fr-FR\"},{\"@type\":\"Organization\",\"@id\":\"https:\/\/lions-pharmacy.com\/fr#organization\",\"name\":\"Lions Pharmacy\",\"alternateName\":\"Lions Pharmacy24\",\"url\":\"https:\/\/lions-pharmacy.com\/fr\",\"logo\":{\"@type\":\"ImageObject\",\"inLanguage\":\"fr-FR\",\"@id\":\"https:\/\/lions-pharmacy.com\/fr#\/schema\/logo\/image\/\",\"url\":\"https:\/\/lions-pharmacy.com\/wp-content\/uploads\/2022\/12\/Logo-Lion-Pharmacy-c-o-Loewen-Apotheke-smal.jpg\",\"contentUrl\":\"https:\/\/lions-pharmacy.com\/wp-content\/uploads\/2022\/12\/Logo-Lion-Pharmacy-c-o-Loewen-Apotheke-smal.jpg\",\"width\":298,\"height\":99,\"caption\":\"Lions Pharmacy\"},\"image\":{\"@id\":\"https:\/\/lions-pharmacy.com\/fr#\/schema\/logo\/image\/\"}}]}<\/script>\n<!-- \/ Yoast SEO plugin. -->","yoast_head_json":{"title":"Orthomol Hair capsules intenses 180 pc &#187; Lion Pharmacy","description":"Lion Pharmacy | Pharmacie en ligne allemande enregistr\u00e9e | Exp\u00e9dition internationale rapide | Achats en ligne s\u00e9curis\u00e9s | Perte de cheveux > Orthomol Hair capsules intenses 180 pc","robots":{"index":"index","follow":"follow","max-snippet":"max-snippet:-1","max-image-preview":"max-image-preview:large","max-video-preview":"max-video-preview:-1"},"canonical":"https:\/\/lions-pharmacy.com\/fr\/produit\/orthomol-cheveux-capsules-intenses-180-pc-16866061","og_locale":"fr_FR","og_type":"article","og_title":"Orthomol Hair capsules intenses 180 pc &#187; Lion Pharmacy","og_description":"Lion Pharmacy | Pharmacie en ligne allemande enregistr\u00e9e | Exp\u00e9dition internationale rapide | Achats en ligne s\u00e9curis\u00e9s | Perte de cheveux > Orthomol Hair capsules intenses 180 pc","og_url":"https:\/\/lions-pharmacy.com\/fr\/produit\/orthomol-cheveux-capsules-intenses-180-pc-16866061","og_site_name":"Lion Pharmacy","og_image":[{"width":600,"height":600,"url":"https:\/\/lions-pharmacy.com\/wp-content\/uploads\/2022\/12\/orthomol-hair-intense-180-pc-Lion-Pharmacy-or-Loewen-Apotheke24.jpg","type":"image\/jpeg"}],"twitter_card":"summary_large_image","twitter_misc":{"Dur\u00e9e de lecture estim\u00e9e":"1 minute"},"schema":{"@context":"https:\/\/schema.org","@graph":[{"@type":"WebPage","@id":"https:\/\/lions-pharmacy.com\/fr\/produit\/orthomol-cheveux-capsules-intenses-180-pc-16866061","url":"https:\/\/lions-pharmacy.com\/fr\/produit\/orthomol-cheveux-capsules-intenses-180-pc-16866061","name":"Orthomol Hair capsules intenses 180 pc &#187; Lion Pharmacy","isPartOf":{"@id":"https:\/\/lions-pharmacy.com\/fr#website"},"primaryImageOfPage":{"@id":"https:\/\/lions-pharmacy.com\/fr\/produit\/orthomol-cheveux-capsules-intenses-180-pc-16866061#primaryimage"},"image":{"@id":"https:\/\/lions-pharmacy.com\/fr\/produit\/orthomol-cheveux-capsules-intenses-180-pc-16866061#primaryimage"},"thumbnailUrl":"https:\/\/lions-pharmacy.com\/wp-content\/uploads\/2022\/12\/orthomol-hair-intense-180-pc-Lions-Pharmacy.webp","datePublished":"2022-12-30T18:55:19+00:00","description":"Lion Pharmacy | Pharmacie en ligne allemande enregistr\u00e9e | Exp\u00e9dition internationale rapide | Achats en ligne s\u00e9curis\u00e9s | Perte de cheveux > Orthomol Hair capsules intenses 180 pc","breadcrumb":{"@id":"https:\/\/lions-pharmacy.com\/fr\/produit\/orthomol-cheveux-capsules-intenses-180-pc-16866061#breadcrumb"},"inLanguage":"fr-FR","potentialAction":[{"@type":"ReadAction","target":["https:\/\/lions-pharmacy.com\/fr\/produit\/orthomol-cheveux-capsules-intenses-180-pc-16866061"]}]},{"@type":"ImageObject","inLanguage":"fr-FR","@id":"https:\/\/lions-pharmacy.com\/fr\/produit\/orthomol-cheveux-capsules-intenses-180-pc-16866061#primaryimage","url":"https:\/\/lions-pharmacy.com\/wp-content\/uploads\/2022\/12\/orthomol-hair-intense-180-pc-Lions-Pharmacy.webp","contentUrl":"https:\/\/lions-pharmacy.com\/wp-content\/uploads\/2022\/12\/orthomol-hair-intense-180-pc-Lions-Pharmacy.webp","width":600,"height":600,"caption":"orthomol hair intense 180 pc Lions Pharmacy"},{"@type":"BreadcrumbList","@id":"https:\/\/lions-pharmacy.com\/fr\/produit\/orthomol-cheveux-capsules-intenses-180-pc-16866061#breadcrumb","itemListElement":[{"@type":"ListItem","position":1,"name":"Home","item":"https:\/\/lions-pharmacy.com\/fr\/homepage-lion-pharmacy"},{"@type":"ListItem","position":2,"name":"Shop","item":"https:\/\/lions-pharmacy.com\/fr\/boutique"},{"@type":"ListItem","position":3,"name":"Orthomol Hair capsules intenses 180 pc"}]},{"@type":"WebSite","@id":"https:\/\/lions-pharmacy.com\/fr#website","url":"https:\/\/lions-pharmacy.com\/fr","name":"Lions Pharmacy","description":"Pharmacie sp\u00e9cialis\u00e9e en naturopathie de Baden-Baden, Allemagne","publisher":{"@id":"https:\/\/lions-pharmacy.com\/fr#organization"},"alternateName":"Lion Pharmacy","potentialAction":[{"@type":"SearchAction","target":{"@type":"EntryPoint","urlTemplate":"https:\/\/lions-pharmacy.com\/fr?s={search_term_string}"},"query-input":{"@type":"PropertyValueSpecification","valueRequired":true,"valueName":"search_term_string"}}],"inLanguage":"fr-FR"},{"@type":"Organization","@id":"https:\/\/lions-pharmacy.com\/fr#organization","name":"Lions Pharmacy","alternateName":"Lions Pharmacy24","url":"https:\/\/lions-pharmacy.com\/fr","logo":{"@type":"ImageObject","inLanguage":"fr-FR","@id":"https:\/\/lions-pharmacy.com\/fr#\/schema\/logo\/image\/","url":"https:\/\/lions-pharmacy.com\/wp-content\/uploads\/2022\/12\/Logo-Lion-Pharmacy-c-o-Loewen-Apotheke-smal.jpg","contentUrl":"https:\/\/lions-pharmacy.com\/wp-content\/uploads\/2022\/12\/Logo-Lion-Pharmacy-c-o-Loewen-Apotheke-smal.jpg","width":298,"height":99,"caption":"Lions Pharmacy"},"image":{"@id":"https:\/\/lions-pharmacy.com\/fr#\/schema\/logo\/image\/"}}]}},"_links":{"self":[{"href":"https:\/\/lions-pharmacy.com\/fr\/wp-json\/wp\/v2\/product\/1888","targetHints":{"allow":["GET"]}}],"collection":[{"href":"https:\/\/lions-pharmacy.com\/fr\/wp-json\/wp\/v2\/product"}],"about":[{"href":"https:\/\/lions-pharmacy.com\/fr\/wp-json\/wp\/v2\/types\/product"}],"replies":[{"embeddable":true,"href":"https:\/\/lions-pharmacy.com\/fr\/wp-json\/wp\/v2\/comments?post=1888"}],"wp:featuredmedia":[{"embeddable":true,"href":"https:\/\/lions-pharmacy.com\/fr\/wp-json\/wp\/v2\/media\/4744"}],"wp:attachment":[{"href":"https:\/\/lions-pharmacy.com\/fr\/wp-json\/wp\/v2\/media?parent=1888"}],"wp:term":[{"taxonomy":"product_brand","embeddable":true,"href":"https:\/\/lions-pharmacy.com\/fr\/wp-json\/wp\/v2\/product_brand?post=1888"},{"taxonomy":"product_cat","embeddable":true,"href":"https:\/\/lions-pharmacy.com\/fr\/wp-json\/wp\/v2\/product_cat?post=1888"},{"taxonomy":"product_tag","embeddable":true,"href":"https:\/\/lions-pharmacy.com\/fr\/wp-json\/wp\/v2\/product_tag?post=1888"}],"curies":[{"name":"wp","href":"https:\/\/api.w.org\/{rel}","templated":true}]}}