{"id":1873,"date":"2022-12-15T14:34:39","date_gmt":"2022-12-15T13:34:39","guid":{"rendered":"https:\/\/lions-pharmacy.com\/product\/algovir-enfants-spray-froid"},"modified":"2022-12-15T14:34:39","modified_gmt":"2022-12-15T13:34:39","slug":"algovir-enfants-spray-froid","status":"publish","type":"product","link":"https:\/\/lions-pharmacy.com\/fr\/produit\/algovir-enfants-spray-froid","title":{"rendered":"Algovir enfants spray froid"},"content":{"rendered":"<h3>Algovir enfants spray froid<\/h3>\n<p>Algovir Children cold Spray est utilis\u00e9 pour soutenir le traitement du rhume ou des infections pseudo-grippales ayant des causes virales. Il peut \u00e9galement \u00eatre utilis\u00e9 \u00e0 titre pr\u00e9ventif. L\u2019humidification soutenue de la muqueuse nasale soutient la d\u00e9fense naturelle.<\/p>\n<p>Maux de gorge, \u00e9coulement nasal, toux \u2013 les petits enfants en particulier doivent souvent faire face aux sympt\u00f4mes typiques du rhume. Les jeunes enfants attrapent un rhume jusqu\u2019\u00e0 dix fois par an. Ce n\u2019est pas seulement \u00e9puisant pour la prog\u00e9niture, les parents peuvent aussi atteindre leurs limites. Il serait pr\u00e9f\u00e9rable que le froid n\u2019\u00e9clate pas en premier lieu et cela fonctionne: algovir enfants emp\u00eache le virus de p\u00e9n\u00e9trer dans les cellules de la muqueuse nasale afin de s\u2019y multiplier.<\/p>\n<h4>Spray pour la protection pr\u00e9ventive<\/h4>\n<p>L\u2019ingr\u00e9dient actif carrag\u00e9lose\u00ae forme un film protecteur sur la muqueuse nasale et repr\u00e9sente ainsi une barri\u00e8re physique contre les virus du rhume p\u00e9n\u00e9trants.<\/p>\n<h4>Importamt sur l\u2019application<\/h4>\n<p>Algovir Children convient aux enfants \u00e0 partir d\u2019un an et a \u00e9t\u00e9 test\u00e9 dans le cadre d\u2019une \u00e9tude clinique. Le spray froid a un volume de pulv\u00e9risation sp\u00e9cialement con\u00e7u pour le nez des enfants. Algovir Children doit \u00eatre utilis\u00e9 trois fois par jour dans les 48 heures suivant les premiers signes d\u2019un rhume. Un spray est pulv\u00e9ris\u00e9 dans chaque narine pour chaque application. Autre avantage : l\u2019algovir ne contient aucun conservateur et il n\u2019y a pas d\u2019effet d\u2019accoutumance.<\/p>\n<p>Notice d&#8217;information\/instructions d&#8217;utilisation\/fiche technique de l&#8217;article : (lecteur PDF)<\/p>\n<p>Nom alternatif du produit: Algovir kids cold spray<\/p>\n<p>Autres produits pour l\u2019application: <a href=\"https:\/\/lions-pharmacy.com\/produkt-schlagwort\/cold-flu\">Rhume et grippe<\/a><\/p>\n<p>En apprendre plus sur fabricant et ce produit: <a href=\"https:\/\/www.algovir.de\/algovir-effekt\/\" target=\"_blank\" rel=\"noopener\">Hermes Arzneimittel GmbH<\/a> (lien vers site Web externe)<\/p>\n<p>Les informations contenues dans ce site web sont fournies \u00e0 titre informatif uniquement. Ils ne remplacent en aucun cas l&#8217;examen et le traitement par un m\u00e9decin. Veuillez noter que cela signifie qu&#8217;aucun diagnostic ne peut \u00eatre \u00e9tabli et qu&#8217;aucune th\u00e9rapie ne peut \u00eatre mise en place.<\/p>\n<p>Pour conna\u00eetre les risques et les effets secondaires, lisez la notice et demandez conseil \u00e0 votre m\u00e9decin ou \u00e0 votre pharmacien.<\/p>\n","protected":false},"excerpt":{"rendered":"<h2>Algovir enfants spray froid<\/h2>\n<p>Algovir Children\u2019s Cold Spray est utilis\u00e9 pour soutenir le traitement du rhume ou des infections pseudo-grippales ayant des causes virales.<\/p>\n<p>&nbsp;<\/p>\n<p>PZN: 12579962 (Pharmazentralnummer)<\/p>\n<p>Forme posologique: spray<\/p>\n<p>Type de prescription : sans ordonnance<\/p>\n<p>Marque: Algovir<\/p>\n<p>Fabricant: Hermes Arzneimittel GmbH, Allemagne<\/p>\n<p>Taille d\u2019emballage: 20ml<\/p>\n","protected":false},"featured_media":4694,"comment_status":"closed","ping_status":"closed","template":"","meta":[],"product_brand":[],"product_cat":[120,114],"product_tag":[253,233,294,309],"class_list":{"0":"post-1873","1":"product","2":"type-product","3":"status-publish","4":"has-post-thumbnail","6":"product_cat-sale-fr","7":"product_cat-non-classifiee","8":"product_tag-coronavirus-fr","9":"product_tag-infection-virale","10":"product_tag-rhume","11":"product_tag-vente-mensuelle","12":"ts_product_brand-all-fr","14":"first","15":"instock","16":"featured","17":"taxable","18":"shipping-taxable","19":"purchasable","20":"product-type-simple"},"yoast_head":"<!-- This site is optimized with the Yoast SEO plugin v26.5 - https:\/\/yoast.com\/wordpress\/plugins\/seo\/ -->\n<title>Algovir enfants spray froid &#187; Lion Pharmacy<\/title>\n<meta name=\"description\" content=\"Lion Pharmacy | pharmacie en ligne allemande enregistr\u00e9e | livraison internationale rapide | achat en ligne s\u00e9curis\u00e9 | Algovir enfants spray froid.\" \/>\n<meta name=\"robots\" content=\"index, follow, max-snippet:-1, max-image-preview:large, max-video-preview:-1\" \/>\n<link rel=\"canonical\" href=\"https:\/\/lions-pharmacy.com\/fr\/produit\/algovir-enfants-spray-froid\" \/>\n<meta property=\"og:locale\" content=\"fr_FR\" \/>\n<meta property=\"og:type\" content=\"article\" \/>\n<meta property=\"og:title\" content=\"Algovir enfants spray froid &#187; Lion Pharmacy\" \/>\n<meta property=\"og:description\" content=\"Lion Pharmacy | pharmacie en ligne allemande enregistr\u00e9e | livraison internationale rapide | achat en ligne s\u00e9curis\u00e9 | Algovir enfants spray froid.\" \/>\n<meta property=\"og:url\" content=\"https:\/\/lions-pharmacy.com\/fr\/produit\/algovir-enfants-spray-froid\" \/>\n<meta property=\"og:site_name\" content=\"Lion Pharmacy\" \/>\n<meta property=\"og:image\" content=\"https:\/\/lions-pharmacy.com\/wp-content\/uploads\/2022\/12\/algovir-children-flu-spray-kinder-erkaeltungsspray-20ml-PZN-12579962.jpg\" \/>\n\t<meta property=\"og:image:width\" content=\"600\" \/>\n\t<meta property=\"og:image:height\" content=\"600\" \/>\n\t<meta property=\"og:image:type\" content=\"image\/jpeg\" \/>\n<meta name=\"twitter:card\" content=\"summary_large_image\" \/>\n<meta name=\"twitter:label1\" content=\"Dur\u00e9e de lecture estim\u00e9e\" \/>\n\t<meta name=\"twitter:data1\" content=\"2 minutes\" \/>\n<script type=\"application\/ld+json\" class=\"yoast-schema-graph\">{\"@context\":\"https:\/\/schema.org\",\"@graph\":[{\"@type\":\"WebPage\",\"@id\":\"https:\/\/lions-pharmacy.com\/fr\/produit\/algovir-enfants-spray-froid\",\"url\":\"https:\/\/lions-pharmacy.com\/fr\/produit\/algovir-enfants-spray-froid\",\"name\":\"Algovir enfants spray froid &#187; Lion Pharmacy\",\"isPartOf\":{\"@id\":\"https:\/\/lions-pharmacy.com\/fr#website\"},\"primaryImageOfPage\":{\"@id\":\"https:\/\/lions-pharmacy.com\/fr\/produit\/algovir-enfants-spray-froid#primaryimage\"},\"image\":{\"@id\":\"https:\/\/lions-pharmacy.com\/fr\/produit\/algovir-enfants-spray-froid#primaryimage\"},\"thumbnailUrl\":\"https:\/\/lions-pharmacy.com\/wp-content\/uploads\/2022\/12\/algovir-children-cold-flu-spray-20ml-PZN-12579962.webp\",\"datePublished\":\"2022-12-15T13:34:39+00:00\",\"description\":\"Lion Pharmacy | pharmacie en ligne allemande enregistr\u00e9e | livraison internationale rapide | achat en ligne s\u00e9curis\u00e9 | Algovir enfants spray froid.\",\"breadcrumb\":{\"@id\":\"https:\/\/lions-pharmacy.com\/fr\/produit\/algovir-enfants-spray-froid#breadcrumb\"},\"inLanguage\":\"fr-FR\",\"potentialAction\":[{\"@type\":\"ReadAction\",\"target\":[\"https:\/\/lions-pharmacy.com\/fr\/produit\/algovir-enfants-spray-froid\"]}]},{\"@type\":\"ImageObject\",\"inLanguage\":\"fr-FR\",\"@id\":\"https:\/\/lions-pharmacy.com\/fr\/produit\/algovir-enfants-spray-froid#primaryimage\",\"url\":\"https:\/\/lions-pharmacy.com\/wp-content\/uploads\/2022\/12\/algovir-children-cold-flu-spray-20ml-PZN-12579962.webp\",\"contentUrl\":\"https:\/\/lions-pharmacy.com\/wp-content\/uploads\/2022\/12\/algovir-children-cold-flu-spray-20ml-PZN-12579962.webp\",\"width\":600,\"height\":600,\"caption\":\"algovir children cold flu spray 20ml PZN 12579962\"},{\"@type\":\"BreadcrumbList\",\"@id\":\"https:\/\/lions-pharmacy.com\/fr\/produit\/algovir-enfants-spray-froid#breadcrumb\",\"itemListElement\":[{\"@type\":\"ListItem\",\"position\":1,\"name\":\"Home\",\"item\":\"https:\/\/lions-pharmacy.com\/fr\/homepage-lion-pharmacy\"},{\"@type\":\"ListItem\",\"position\":2,\"name\":\"Shop\",\"item\":\"https:\/\/lions-pharmacy.com\/fr\/boutique\"},{\"@type\":\"ListItem\",\"position\":3,\"name\":\"Algovir enfants spray froid\"}]},{\"@type\":\"WebSite\",\"@id\":\"https:\/\/lions-pharmacy.com\/fr#website\",\"url\":\"https:\/\/lions-pharmacy.com\/fr\",\"name\":\"Lions Pharmacy\",\"description\":\"Pharmacie sp\u00e9cialis\u00e9e en naturopathie de Baden-Baden, Allemagne\",\"publisher\":{\"@id\":\"https:\/\/lions-pharmacy.com\/fr#organization\"},\"alternateName\":\"Lion Pharmacy\",\"potentialAction\":[{\"@type\":\"SearchAction\",\"target\":{\"@type\":\"EntryPoint\",\"urlTemplate\":\"https:\/\/lions-pharmacy.com\/fr?s={search_term_string}\"},\"query-input\":{\"@type\":\"PropertyValueSpecification\",\"valueRequired\":true,\"valueName\":\"search_term_string\"}}],\"inLanguage\":\"fr-FR\"},{\"@type\":\"Organization\",\"@id\":\"https:\/\/lions-pharmacy.com\/fr#organization\",\"name\":\"Lions Pharmacy\",\"alternateName\":\"Lions Pharmacy24\",\"url\":\"https:\/\/lions-pharmacy.com\/fr\",\"logo\":{\"@type\":\"ImageObject\",\"inLanguage\":\"fr-FR\",\"@id\":\"https:\/\/lions-pharmacy.com\/fr#\/schema\/logo\/image\/\",\"url\":\"https:\/\/lions-pharmacy.com\/wp-content\/uploads\/2022\/12\/Logo-Lion-Pharmacy-c-o-Loewen-Apotheke-smal.jpg\",\"contentUrl\":\"https:\/\/lions-pharmacy.com\/wp-content\/uploads\/2022\/12\/Logo-Lion-Pharmacy-c-o-Loewen-Apotheke-smal.jpg\",\"width\":298,\"height\":99,\"caption\":\"Lions Pharmacy\"},\"image\":{\"@id\":\"https:\/\/lions-pharmacy.com\/fr#\/schema\/logo\/image\/\"}}]}<\/script>\n<!-- \/ Yoast SEO plugin. -->","yoast_head_json":{"title":"Algovir enfants spray froid &#187; Lion Pharmacy","description":"Lion Pharmacy | pharmacie en ligne allemande enregistr\u00e9e | livraison internationale rapide | achat en ligne s\u00e9curis\u00e9 | Algovir enfants spray froid.","robots":{"index":"index","follow":"follow","max-snippet":"max-snippet:-1","max-image-preview":"max-image-preview:large","max-video-preview":"max-video-preview:-1"},"canonical":"https:\/\/lions-pharmacy.com\/fr\/produit\/algovir-enfants-spray-froid","og_locale":"fr_FR","og_type":"article","og_title":"Algovir enfants spray froid &#187; Lion Pharmacy","og_description":"Lion Pharmacy | pharmacie en ligne allemande enregistr\u00e9e | livraison internationale rapide | achat en ligne s\u00e9curis\u00e9 | Algovir enfants spray froid.","og_url":"https:\/\/lions-pharmacy.com\/fr\/produit\/algovir-enfants-spray-froid","og_site_name":"Lion Pharmacy","og_image":[{"width":600,"height":600,"url":"https:\/\/lions-pharmacy.com\/wp-content\/uploads\/2022\/12\/algovir-children-flu-spray-kinder-erkaeltungsspray-20ml-PZN-12579962.jpg","type":"image\/jpeg"}],"twitter_card":"summary_large_image","twitter_misc":{"Dur\u00e9e de lecture estim\u00e9e":"2 minutes"},"schema":{"@context":"https:\/\/schema.org","@graph":[{"@type":"WebPage","@id":"https:\/\/lions-pharmacy.com\/fr\/produit\/algovir-enfants-spray-froid","url":"https:\/\/lions-pharmacy.com\/fr\/produit\/algovir-enfants-spray-froid","name":"Algovir enfants spray froid &#187; Lion Pharmacy","isPartOf":{"@id":"https:\/\/lions-pharmacy.com\/fr#website"},"primaryImageOfPage":{"@id":"https:\/\/lions-pharmacy.com\/fr\/produit\/algovir-enfants-spray-froid#primaryimage"},"image":{"@id":"https:\/\/lions-pharmacy.com\/fr\/produit\/algovir-enfants-spray-froid#primaryimage"},"thumbnailUrl":"https:\/\/lions-pharmacy.com\/wp-content\/uploads\/2022\/12\/algovir-children-cold-flu-spray-20ml-PZN-12579962.webp","datePublished":"2022-12-15T13:34:39+00:00","description":"Lion Pharmacy | pharmacie en ligne allemande enregistr\u00e9e | livraison internationale rapide | achat en ligne s\u00e9curis\u00e9 | Algovir enfants spray froid.","breadcrumb":{"@id":"https:\/\/lions-pharmacy.com\/fr\/produit\/algovir-enfants-spray-froid#breadcrumb"},"inLanguage":"fr-FR","potentialAction":[{"@type":"ReadAction","target":["https:\/\/lions-pharmacy.com\/fr\/produit\/algovir-enfants-spray-froid"]}]},{"@type":"ImageObject","inLanguage":"fr-FR","@id":"https:\/\/lions-pharmacy.com\/fr\/produit\/algovir-enfants-spray-froid#primaryimage","url":"https:\/\/lions-pharmacy.com\/wp-content\/uploads\/2022\/12\/algovir-children-cold-flu-spray-20ml-PZN-12579962.webp","contentUrl":"https:\/\/lions-pharmacy.com\/wp-content\/uploads\/2022\/12\/algovir-children-cold-flu-spray-20ml-PZN-12579962.webp","width":600,"height":600,"caption":"algovir children cold flu spray 20ml PZN 12579962"},{"@type":"BreadcrumbList","@id":"https:\/\/lions-pharmacy.com\/fr\/produit\/algovir-enfants-spray-froid#breadcrumb","itemListElement":[{"@type":"ListItem","position":1,"name":"Home","item":"https:\/\/lions-pharmacy.com\/fr\/homepage-lion-pharmacy"},{"@type":"ListItem","position":2,"name":"Shop","item":"https:\/\/lions-pharmacy.com\/fr\/boutique"},{"@type":"ListItem","position":3,"name":"Algovir enfants spray froid"}]},{"@type":"WebSite","@id":"https:\/\/lions-pharmacy.com\/fr#website","url":"https:\/\/lions-pharmacy.com\/fr","name":"Lions Pharmacy","description":"Pharmacie sp\u00e9cialis\u00e9e en naturopathie de Baden-Baden, Allemagne","publisher":{"@id":"https:\/\/lions-pharmacy.com\/fr#organization"},"alternateName":"Lion Pharmacy","potentialAction":[{"@type":"SearchAction","target":{"@type":"EntryPoint","urlTemplate":"https:\/\/lions-pharmacy.com\/fr?s={search_term_string}"},"query-input":{"@type":"PropertyValueSpecification","valueRequired":true,"valueName":"search_term_string"}}],"inLanguage":"fr-FR"},{"@type":"Organization","@id":"https:\/\/lions-pharmacy.com\/fr#organization","name":"Lions Pharmacy","alternateName":"Lions Pharmacy24","url":"https:\/\/lions-pharmacy.com\/fr","logo":{"@type":"ImageObject","inLanguage":"fr-FR","@id":"https:\/\/lions-pharmacy.com\/fr#\/schema\/logo\/image\/","url":"https:\/\/lions-pharmacy.com\/wp-content\/uploads\/2022\/12\/Logo-Lion-Pharmacy-c-o-Loewen-Apotheke-smal.jpg","contentUrl":"https:\/\/lions-pharmacy.com\/wp-content\/uploads\/2022\/12\/Logo-Lion-Pharmacy-c-o-Loewen-Apotheke-smal.jpg","width":298,"height":99,"caption":"Lions Pharmacy"},"image":{"@id":"https:\/\/lions-pharmacy.com\/fr#\/schema\/logo\/image\/"}}]}},"_links":{"self":[{"href":"https:\/\/lions-pharmacy.com\/fr\/wp-json\/wp\/v2\/product\/1873","targetHints":{"allow":["GET"]}}],"collection":[{"href":"https:\/\/lions-pharmacy.com\/fr\/wp-json\/wp\/v2\/product"}],"about":[{"href":"https:\/\/lions-pharmacy.com\/fr\/wp-json\/wp\/v2\/types\/product"}],"replies":[{"embeddable":true,"href":"https:\/\/lions-pharmacy.com\/fr\/wp-json\/wp\/v2\/comments?post=1873"}],"wp:featuredmedia":[{"embeddable":true,"href":"https:\/\/lions-pharmacy.com\/fr\/wp-json\/wp\/v2\/media\/4694"}],"wp:attachment":[{"href":"https:\/\/lions-pharmacy.com\/fr\/wp-json\/wp\/v2\/media?parent=1873"}],"wp:term":[{"taxonomy":"product_brand","embeddable":true,"href":"https:\/\/lions-pharmacy.com\/fr\/wp-json\/wp\/v2\/product_brand?post=1873"},{"taxonomy":"product_cat","embeddable":true,"href":"https:\/\/lions-pharmacy.com\/fr\/wp-json\/wp\/v2\/product_cat?post=1873"},{"taxonomy":"product_tag","embeddable":true,"href":"https:\/\/lions-pharmacy.com\/fr\/wp-json\/wp\/v2\/product_tag?post=1873"}],"curies":[{"name":"wp","href":"https:\/\/api.w.org\/{rel}","templated":true}]}}