{"id":1864,"date":"2023-09-07T08:30:13","date_gmt":"2023-09-07T07:30:13","guid":{"rendered":"https:\/\/lions-pharmacy.com\/?post_type=product&#038;p=1864"},"modified":"2026-02-28T07:37:46","modified_gmt":"2026-02-28T06:37:46","slug":"pascorbin-injection-75g-60x50ml-12507170","status":"publish","type":"product","link":"https:\/\/lions-pharmacy.com\/fr\/produit\/pascorbin-injection-75g-60x50ml-12507170","title":{"rendered":"PASCORBIN Injection 7,5g\/ 60x50ml"},"content":{"rendered":"<h2>PASCORBINE injection 7,5g<\/h2>\n<p>Injection de PASCORBINE &#8211; cela n\u2019a approuv\u00e9 que la perfusion de vitamine C \u00e0 forte dose en Allemagne et dans d\u2019autres pays europ\u00e9ens. Pascorbin p\u00e9n\u00e8tre directement dans la circulation sanguine et fournit imm\u00e9diatement de la vitamine C. Pour le traitement des carences cliniques en vitamine C qui ne peuvent pas \u00eatre corrig\u00e9es par la nutrition ou substitu\u00e9es par voie orale.<\/p>\n<p>Substance active: acide ascorbique 150 mg par ml solution injectable.<\/p>\n<h4>Rendre la vitamine C plus disponible, plus rapidement<\/h4>\n<p>En cas de carence en vitamine C qui ne peut \u00eatre corrig\u00e9e par un r\u00e9gime alimentaire ou une suppl\u00e9mentation orale, les infusions sont un moyen possible de compenser la carence. Dans l&#8217;intestin gr\u00eale, la vitamine C est absorb\u00e9e par des mol\u00e9cules de transport sp\u00e9ciales et transport\u00e9e dans la circulation sanguine. Le nombre de ces transporteurs est limit\u00e9, c&#8217;est pourquoi seule une partie de la vitamine C atteint le sang. La perfusion permet \u00e0 l&#8217;organisme d&#8217;absorber une quantit\u00e9 nettement plus importante de vitamine C. Des taux sanguins aussi \u00e9lev\u00e9s ne peuvent pas \u00eatre atteints uniquement par l&#8217;alimentation ou les comprim\u00e9s.<\/p>\n<h4>Avantages des infusions de vitamine C<\/h4>\n<p>Pour renforcer leur syst\u00e8me immunitaire, de nombreuses personnes prennent de la vitamine C sous forme de poudre ou de comprim\u00e9s. Cependant, la quantit\u00e9 qui peut \u00eatre absorb\u00e9e par l&#8217;organisme \u00e0 travers le tube digestif est limit\u00e9e. Une dose excessive de vitamine C est excr\u00e9t\u00e9e sans \u00eatre dig\u00e9r\u00e9e, ce qui se manifeste g\u00e9n\u00e9ralement par une diarrh\u00e9e. Si une dose plus \u00e9lev\u00e9e de vitamine C est n\u00e9cessaire pour des raisons th\u00e9rapeutiques, la th\u00e9rapie par perfusion peut \u00eatre b\u00e9n\u00e9fique. Gr\u00e2ce \u00e0 cette m\u00e9thode, la vitamine C p\u00e9n\u00e8tre directement dans la circulation sanguine et n&#8217;a pas besoin d&#8217;\u00eatre absorb\u00e9e au pr\u00e9alable par la muqueuse intestinale. M\u00eame les personnes dont la capacit\u00e9 d&#8217;absorption intestinale est r\u00e9duite peuvent b\u00e9n\u00e9ficier d&#8217;une infusion de vitamine C.<\/p>\n<p>Le portefeuille Pascoe comprend environ 200 produits. Il s\u2019agit notamment des m\u00e9dicaments \u00e0 base de plantes, des pr\u00e9parations vitamin\u00e9es \u00e0 forte dose, des rem\u00e8des complexes hom\u00e9opathiques et des compl\u00e9ments alimentaires. La vari\u00e9t\u00e9 des m\u00e9dicaments tient compte des exigences complexes des produits de sant\u00e9. Notre succ\u00e8s nous donne \u00e9galement raison \u00e0 l\u2019international : nos produits sont export\u00e9s dans plus de 30 pays \u00e0 travers le monde, et la tendance est \u00e0 la hausse.<\/p>\n<p>Le portefeuille Pascoe comprend environ 200 produits. Il s\u2019agit notamment des m\u00e9dicaments \u00e0 base de plantes, des pr\u00e9parations vitamin\u00e9es \u00e0 forte dose, des rem\u00e8des complexes hom\u00e9opathiques et des compl\u00e9ments alimentaires. La vari\u00e9t\u00e9 des m\u00e9dicaments tient compte des exigences complexes des produits de sant\u00e9. Notre succ\u00e8s nous donne \u00e9galement raison \u00e0 l\u2019international : nos produits sont export\u00e9s dans plus de 30 pays \u00e0 travers le monde, et la tendance est \u00e0 la hausse.<\/p>\n<p>Autres produits pour l\u2019application: <a href=\"https:\/\/lions-pharmacy.com\/fr\/etiquette-produit\/vitamines-et-supplements\">Vitamines<\/a><br \/>\nEn apprendre plus sur manufactorer et ce produit: <a href=\"https:\/\/www.pascoe.de\/\" target=\"_blank\" rel=\"noopener\">Pascoe pharmazeutische Pr\u00e4parate GmbH<\/a> (lien vers site Web externe)<\/p>\n<p>Les informations contenues dans ce site web sont fournies \u00e0 titre informatif uniquement. Ils ne remplacent en aucun cas l&#8217;examen et le traitement par un m\u00e9decin. Veuillez noter que cela signifie qu&#8217;aucun diagnostic ne peut \u00eatre \u00e9tabli et qu&#8217;aucune th\u00e9rapie ne peut \u00eatre mise en place.<\/p>\n<p>Pour conna\u00eetre les risques et les effets secondaires, lisez la notice et demandez conseil \u00e0 votre m\u00e9decin ou \u00e0 votre pharmacien.<\/p>\n","protected":false},"excerpt":{"rendered":"<h2>PASCORBIN injection 7,5g\/ 60x 50ml<\/h2>\n<p>Acide ascorbique pour injection &#8211; Pour une utilisation chez les adultes et les enfants.<\/p>\n<p>&nbsp;<\/p>\n<p><strong>PZN<\/strong> : 12507170 (num\u00e9ro central de la pharmacie)<\/p>\n<p><strong>Forme posologique<\/strong> : G\u00e9lules<\/p>\n<p><strong>Type d\u2019ordonnance<\/strong> : sans ordonnance<\/p>\n<p><strong>Marque<\/strong>&nbsp;: PASCORBIN<\/p>\n<p><strong>Fabricant&nbsp;:<\/strong> Pascoe pharmazeutische Pr\u00e4parate GmbH<\/p>\n<p><strong>Taille de l&#8217;emballage<\/strong>: 60x 50ml<\/p>\n","protected":false},"featured_media":4717,"comment_status":"closed","ping_status":"closed","template":"","meta":[],"product_brand":[],"product_cat":[598,120,114],"product_tag":[266,264],"class_list":{"0":"post-1864","1":"product","2":"type-product","3":"status-publish","4":"has-post-thumbnail","6":"product_cat-pascoe-fr","7":"product_cat-sale-fr","8":"product_cat-non-classifiee","9":"product_tag-bien-etre","10":"product_tag-vitamines-et-supplements","11":"ts_product_brand-all-fr","12":"ts_product_brand-pascoe","14":"first","15":"instock","16":"sale","17":"taxable","18":"shipping-taxable","19":"purchasable","20":"product-type-simple"},"yoast_head":"<!-- This site is optimized with the Yoast SEO plugin v26.5 - https:\/\/yoast.com\/wordpress\/plugins\/seo\/ -->\n<title>PASCORBIN Injection 7,5g\/ 60x50ml &#187; Lion Pharmacy - Commandez ici<\/title>\n<meta name=\"description\" content=\"Pharmacie en ligne allemande enregistr\u00e9e : Nous offrons : les meilleurs prix et une livraison internationale rapide. En savoir plus sur la vitamine C | PASCORBIN Injection 7,5g\/ 60x50ml.\" \/>\n<meta name=\"robots\" content=\"index, follow, max-snippet:-1, max-image-preview:large, max-video-preview:-1\" \/>\n<link rel=\"canonical\" href=\"https:\/\/lions-pharmacy.com\/fr\/produit\/pascorbin-injection-75g-60x50ml-12507170\" \/>\n<meta property=\"og:locale\" content=\"fr_FR\" \/>\n<meta property=\"og:type\" content=\"article\" \/>\n<meta property=\"og:title\" content=\"PASCORBIN Injection 7,5g\/ 60x50ml &#187; Lion Pharmacy - Commandez ici\" \/>\n<meta property=\"og:description\" content=\"Pharmacie en ligne allemande enregistr\u00e9e : Nous offrons : les meilleurs prix et une livraison internationale rapide. En savoir plus sur la vitamine C | PASCORBIN Injection 7,5g\/ 60x50ml.\" \/>\n<meta property=\"og:url\" content=\"https:\/\/lions-pharmacy.com\/fr\/produit\/pascorbin-injection-75g-60x50ml-12507170\" \/>\n<meta property=\"og:site_name\" content=\"Lion Pharmacy\" \/>\n<meta property=\"article:modified_time\" content=\"2026-02-28T06:37:46+00:00\" \/>\n<meta property=\"og:image\" content=\"https:\/\/lions-pharmacy.com\/wp-content\/uploads\/2022\/12\/PASCORBIN-Injection-liquid-75g-20x-50ml-00581310-Pascoe-pharmazeutische-Preparate-GmbH-Lions-Pharmacy.webp\" \/>\n\t<meta property=\"og:image:width\" content=\"600\" \/>\n\t<meta property=\"og:image:height\" content=\"600\" \/>\n\t<meta property=\"og:image:type\" content=\"image\/webp\" \/>\n<meta name=\"twitter:card\" content=\"summary_large_image\" \/>\n<meta name=\"twitter:label1\" content=\"Dur\u00e9e de lecture estim\u00e9e\" \/>\n\t<meta name=\"twitter:data1\" content=\"3 minutes\" \/>\n<script type=\"application\/ld+json\" class=\"yoast-schema-graph\">{\"@context\":\"https:\/\/schema.org\",\"@graph\":[{\"@type\":\"WebPage\",\"@id\":\"https:\/\/lions-pharmacy.com\/fr\/produit\/pascorbin-injection-75g-60x50ml-12507170\",\"url\":\"https:\/\/lions-pharmacy.com\/fr\/produit\/pascorbin-injection-75g-60x50ml-12507170\",\"name\":\"PASCORBIN Injection 7,5g\/ 60x50ml &#187; Lion Pharmacy - Commandez ici\",\"isPartOf\":{\"@id\":\"https:\/\/lions-pharmacy.com\/fr#website\"},\"primaryImageOfPage\":{\"@id\":\"https:\/\/lions-pharmacy.com\/fr\/produit\/pascorbin-injection-75g-60x50ml-12507170#primaryimage\"},\"image\":{\"@id\":\"https:\/\/lions-pharmacy.com\/fr\/produit\/pascorbin-injection-75g-60x50ml-12507170#primaryimage\"},\"thumbnailUrl\":\"https:\/\/lions-pharmacy.com\/wp-content\/uploads\/2022\/12\/PASCORBIN-Injection-liquid-75g-20x-50ml-00581310-Pascoe-pharmazeutische-Preparate-GmbH-Lions-Pharmacy.webp\",\"datePublished\":\"2023-09-07T07:30:13+00:00\",\"dateModified\":\"2026-02-28T06:37:46+00:00\",\"description\":\"Pharmacie en ligne allemande enregistr\u00e9e : Nous offrons : les meilleurs prix et une livraison internationale rapide. En savoir plus sur la vitamine C | PASCORBIN Injection 7,5g\/ 60x50ml.\",\"breadcrumb\":{\"@id\":\"https:\/\/lions-pharmacy.com\/fr\/produit\/pascorbin-injection-75g-60x50ml-12507170#breadcrumb\"},\"inLanguage\":\"fr-FR\",\"potentialAction\":[{\"@type\":\"ReadAction\",\"target\":[\"https:\/\/lions-pharmacy.com\/fr\/produit\/pascorbin-injection-75g-60x50ml-12507170\"]}]},{\"@type\":\"ImageObject\",\"inLanguage\":\"fr-FR\",\"@id\":\"https:\/\/lions-pharmacy.com\/fr\/produit\/pascorbin-injection-75g-60x50ml-12507170#primaryimage\",\"url\":\"https:\/\/lions-pharmacy.com\/wp-content\/uploads\/2022\/12\/PASCORBIN-Injection-liquid-75g-20x-50ml-00581310-Pascoe-pharmazeutische-Preparate-GmbH-Lions-Pharmacy.webp\",\"contentUrl\":\"https:\/\/lions-pharmacy.com\/wp-content\/uploads\/2022\/12\/PASCORBIN-Injection-liquid-75g-20x-50ml-00581310-Pascoe-pharmazeutische-Preparate-GmbH-Lions-Pharmacy.webp\",\"width\":600,\"height\":600,\"caption\":\"PASCORBIN Liquide d\u2019injection 75g 20x 50ml 00581310 Pascoe pharma preparations GmbH-Lions Pharmacy\"},{\"@type\":\"BreadcrumbList\",\"@id\":\"https:\/\/lions-pharmacy.com\/fr\/produit\/pascorbin-injection-75g-60x50ml-12507170#breadcrumb\",\"itemListElement\":[{\"@type\":\"ListItem\",\"position\":1,\"name\":\"Home\",\"item\":\"https:\/\/lions-pharmacy.com\/fr\/homepage-lion-pharmacy\"},{\"@type\":\"ListItem\",\"position\":2,\"name\":\"Shop\",\"item\":\"https:\/\/lions-pharmacy.com\/fr\/boutique\"},{\"@type\":\"ListItem\",\"position\":3,\"name\":\"PASCORBIN Injection 7,5g\/ 60x50ml\"}]},{\"@type\":\"WebSite\",\"@id\":\"https:\/\/lions-pharmacy.com\/fr#website\",\"url\":\"https:\/\/lions-pharmacy.com\/fr\",\"name\":\"Lions Pharmacy\",\"description\":\"Pharmacie sp\u00e9cialis\u00e9e en naturopathie de Baden-Baden, Allemagne\",\"publisher\":{\"@id\":\"https:\/\/lions-pharmacy.com\/fr#organization\"},\"alternateName\":\"Lion Pharmacy\",\"potentialAction\":[{\"@type\":\"SearchAction\",\"target\":{\"@type\":\"EntryPoint\",\"urlTemplate\":\"https:\/\/lions-pharmacy.com\/fr?s={search_term_string}\"},\"query-input\":{\"@type\":\"PropertyValueSpecification\",\"valueRequired\":true,\"valueName\":\"search_term_string\"}}],\"inLanguage\":\"fr-FR\"},{\"@type\":\"Organization\",\"@id\":\"https:\/\/lions-pharmacy.com\/fr#organization\",\"name\":\"Lions Pharmacy\",\"alternateName\":\"Lions Pharmacy24\",\"url\":\"https:\/\/lions-pharmacy.com\/fr\",\"logo\":{\"@type\":\"ImageObject\",\"inLanguage\":\"fr-FR\",\"@id\":\"https:\/\/lions-pharmacy.com\/fr#\/schema\/logo\/image\/\",\"url\":\"https:\/\/lions-pharmacy.com\/wp-content\/uploads\/2022\/12\/Logo-Lion-Pharmacy-c-o-Loewen-Apotheke-smal.jpg\",\"contentUrl\":\"https:\/\/lions-pharmacy.com\/wp-content\/uploads\/2022\/12\/Logo-Lion-Pharmacy-c-o-Loewen-Apotheke-smal.jpg\",\"width\":298,\"height\":99,\"caption\":\"Lions Pharmacy\"},\"image\":{\"@id\":\"https:\/\/lions-pharmacy.com\/fr#\/schema\/logo\/image\/\"}}]}<\/script>\n<!-- \/ Yoast SEO plugin. -->","yoast_head_json":{"title":"PASCORBIN Injection 7,5g\/ 60x50ml &#187; Lion Pharmacy - Commandez ici","description":"Pharmacie en ligne allemande enregistr\u00e9e : Nous offrons : les meilleurs prix et une livraison internationale rapide. En savoir plus sur la vitamine C | PASCORBIN Injection 7,5g\/ 60x50ml.","robots":{"index":"index","follow":"follow","max-snippet":"max-snippet:-1","max-image-preview":"max-image-preview:large","max-video-preview":"max-video-preview:-1"},"canonical":"https:\/\/lions-pharmacy.com\/fr\/produit\/pascorbin-injection-75g-60x50ml-12507170","og_locale":"fr_FR","og_type":"article","og_title":"PASCORBIN Injection 7,5g\/ 60x50ml &#187; Lion Pharmacy - Commandez ici","og_description":"Pharmacie en ligne allemande enregistr\u00e9e : Nous offrons : les meilleurs prix et une livraison internationale rapide. En savoir plus sur la vitamine C | PASCORBIN Injection 7,5g\/ 60x50ml.","og_url":"https:\/\/lions-pharmacy.com\/fr\/produit\/pascorbin-injection-75g-60x50ml-12507170","og_site_name":"Lion Pharmacy","article_modified_time":"2026-02-28T06:37:46+00:00","og_image":[{"width":600,"height":600,"url":"https:\/\/lions-pharmacy.com\/wp-content\/uploads\/2022\/12\/PASCORBIN-Injection-liquid-75g-20x-50ml-00581310-Pascoe-pharmazeutische-Preparate-GmbH-Lions-Pharmacy.webp","type":"image\/webp"}],"twitter_card":"summary_large_image","twitter_misc":{"Dur\u00e9e de lecture estim\u00e9e":"3 minutes"},"schema":{"@context":"https:\/\/schema.org","@graph":[{"@type":"WebPage","@id":"https:\/\/lions-pharmacy.com\/fr\/produit\/pascorbin-injection-75g-60x50ml-12507170","url":"https:\/\/lions-pharmacy.com\/fr\/produit\/pascorbin-injection-75g-60x50ml-12507170","name":"PASCORBIN Injection 7,5g\/ 60x50ml &#187; Lion Pharmacy - Commandez ici","isPartOf":{"@id":"https:\/\/lions-pharmacy.com\/fr#website"},"primaryImageOfPage":{"@id":"https:\/\/lions-pharmacy.com\/fr\/produit\/pascorbin-injection-75g-60x50ml-12507170#primaryimage"},"image":{"@id":"https:\/\/lions-pharmacy.com\/fr\/produit\/pascorbin-injection-75g-60x50ml-12507170#primaryimage"},"thumbnailUrl":"https:\/\/lions-pharmacy.com\/wp-content\/uploads\/2022\/12\/PASCORBIN-Injection-liquid-75g-20x-50ml-00581310-Pascoe-pharmazeutische-Preparate-GmbH-Lions-Pharmacy.webp","datePublished":"2023-09-07T07:30:13+00:00","dateModified":"2026-02-28T06:37:46+00:00","description":"Pharmacie en ligne allemande enregistr\u00e9e : Nous offrons : les meilleurs prix et une livraison internationale rapide. En savoir plus sur la vitamine C | PASCORBIN Injection 7,5g\/ 60x50ml.","breadcrumb":{"@id":"https:\/\/lions-pharmacy.com\/fr\/produit\/pascorbin-injection-75g-60x50ml-12507170#breadcrumb"},"inLanguage":"fr-FR","potentialAction":[{"@type":"ReadAction","target":["https:\/\/lions-pharmacy.com\/fr\/produit\/pascorbin-injection-75g-60x50ml-12507170"]}]},{"@type":"ImageObject","inLanguage":"fr-FR","@id":"https:\/\/lions-pharmacy.com\/fr\/produit\/pascorbin-injection-75g-60x50ml-12507170#primaryimage","url":"https:\/\/lions-pharmacy.com\/wp-content\/uploads\/2022\/12\/PASCORBIN-Injection-liquid-75g-20x-50ml-00581310-Pascoe-pharmazeutische-Preparate-GmbH-Lions-Pharmacy.webp","contentUrl":"https:\/\/lions-pharmacy.com\/wp-content\/uploads\/2022\/12\/PASCORBIN-Injection-liquid-75g-20x-50ml-00581310-Pascoe-pharmazeutische-Preparate-GmbH-Lions-Pharmacy.webp","width":600,"height":600,"caption":"PASCORBIN Liquide d\u2019injection 75g 20x 50ml 00581310 Pascoe pharma preparations GmbH-Lions Pharmacy"},{"@type":"BreadcrumbList","@id":"https:\/\/lions-pharmacy.com\/fr\/produit\/pascorbin-injection-75g-60x50ml-12507170#breadcrumb","itemListElement":[{"@type":"ListItem","position":1,"name":"Home","item":"https:\/\/lions-pharmacy.com\/fr\/homepage-lion-pharmacy"},{"@type":"ListItem","position":2,"name":"Shop","item":"https:\/\/lions-pharmacy.com\/fr\/boutique"},{"@type":"ListItem","position":3,"name":"PASCORBIN Injection 7,5g\/ 60x50ml"}]},{"@type":"WebSite","@id":"https:\/\/lions-pharmacy.com\/fr#website","url":"https:\/\/lions-pharmacy.com\/fr","name":"Lions Pharmacy","description":"Pharmacie sp\u00e9cialis\u00e9e en naturopathie de Baden-Baden, Allemagne","publisher":{"@id":"https:\/\/lions-pharmacy.com\/fr#organization"},"alternateName":"Lion Pharmacy","potentialAction":[{"@type":"SearchAction","target":{"@type":"EntryPoint","urlTemplate":"https:\/\/lions-pharmacy.com\/fr?s={search_term_string}"},"query-input":{"@type":"PropertyValueSpecification","valueRequired":true,"valueName":"search_term_string"}}],"inLanguage":"fr-FR"},{"@type":"Organization","@id":"https:\/\/lions-pharmacy.com\/fr#organization","name":"Lions Pharmacy","alternateName":"Lions Pharmacy24","url":"https:\/\/lions-pharmacy.com\/fr","logo":{"@type":"ImageObject","inLanguage":"fr-FR","@id":"https:\/\/lions-pharmacy.com\/fr#\/schema\/logo\/image\/","url":"https:\/\/lions-pharmacy.com\/wp-content\/uploads\/2022\/12\/Logo-Lion-Pharmacy-c-o-Loewen-Apotheke-smal.jpg","contentUrl":"https:\/\/lions-pharmacy.com\/wp-content\/uploads\/2022\/12\/Logo-Lion-Pharmacy-c-o-Loewen-Apotheke-smal.jpg","width":298,"height":99,"caption":"Lions Pharmacy"},"image":{"@id":"https:\/\/lions-pharmacy.com\/fr#\/schema\/logo\/image\/"}}]}},"_links":{"self":[{"href":"https:\/\/lions-pharmacy.com\/fr\/wp-json\/wp\/v2\/product\/1864","targetHints":{"allow":["GET"]}}],"collection":[{"href":"https:\/\/lions-pharmacy.com\/fr\/wp-json\/wp\/v2\/product"}],"about":[{"href":"https:\/\/lions-pharmacy.com\/fr\/wp-json\/wp\/v2\/types\/product"}],"replies":[{"embeddable":true,"href":"https:\/\/lions-pharmacy.com\/fr\/wp-json\/wp\/v2\/comments?post=1864"}],"wp:featuredmedia":[{"embeddable":true,"href":"https:\/\/lions-pharmacy.com\/fr\/wp-json\/wp\/v2\/media\/4717"}],"wp:attachment":[{"href":"https:\/\/lions-pharmacy.com\/fr\/wp-json\/wp\/v2\/media?parent=1864"}],"wp:term":[{"taxonomy":"product_brand","embeddable":true,"href":"https:\/\/lions-pharmacy.com\/fr\/wp-json\/wp\/v2\/product_brand?post=1864"},{"taxonomy":"product_cat","embeddable":true,"href":"https:\/\/lions-pharmacy.com\/fr\/wp-json\/wp\/v2\/product_cat?post=1864"},{"taxonomy":"product_tag","embeddable":true,"href":"https:\/\/lions-pharmacy.com\/fr\/wp-json\/wp\/v2\/product_tag?post=1864"}],"curies":[{"name":"wp","href":"https:\/\/api.w.org\/{rel}","templated":true}]}}