{"id":18578,"date":"2025-12-16T09:18:17","date_gmt":"2025-12-16T08:18:17","guid":{"rendered":"https:\/\/lions-pharmacy.com\/?post_type=product&#038;p=18578"},"modified":"2025-12-16T09:33:44","modified_gmt":"2025-12-16T08:33:44","slug":"priorin-capsules-120-pcs-04002065","status":"publish","type":"product","link":"https:\/\/lions-pharmacy.com\/fr\/produit\/priorin-capsules-120-pcs-04002065","title":{"rendered":"Priorin G\u00e9lules (120 pcs.)"},"content":{"rendered":"<h3>Priorin G\u00e9lules<\/h3>\n<p>Priorin pour les troubles de la croissance des cheveux d&#8217;origine hormonale et la perte de cheveux chez les femmes.<\/p>\n<p>En savoir plus sur le fabricant et ce produit : <a href=\"https:\/\/www.priorin.de\/\" target=\"_blank\" rel=\"noopener\">Priorin <\/a>(lien vers un site web externe)<\/p>\n<p>Note sur l&#8217;utilisation et l&#8217;emploi : Les informations fournies sur ce site web le sont \u00e0 titre d&#8217;information g\u00e9n\u00e9rale uniquement et ne remplacent pas les conseils, le diagnostic ou le traitement d&#8217;un m\u00e9decin. Les compl\u00e9ments alimentaires ne remplacent pas une alimentation \u00e9quilibr\u00e9e et vari\u00e9e et un mode de vie sain.<\/p>\n<p>Les compl\u00e9ments alimentaires ne remplacent pas un r\u00e9gime alimentaire vari\u00e9. Une alimentation \u00e9quilibr\u00e9e et un mode de vie sain sont importants. Ne d\u00e9passez pas la dose journali\u00e8re recommand\u00e9e. Tenir hors de port\u00e9e des jeunes enfants. Conserver dans un endroit frais et sec.<\/p>\n<p>Pour conna\u00eetre les risques et les effets secondaires, lisez la notice et demandez conseil \u00e0 votre m\u00e9decin ou \u00e0 votre pharmacien.<\/p>\n<h3>Conseil d&#8217;expert de la pharmacie :<\/h3>\n<p>Notre pharmacien vous recommande les produits suivants pour la long\u00e9vit\u00e9, la concentration et le stress : <a href=\"https:\/\/lions-pharmacy.com\/fr\/produit\/zinzino-balanceoil-premium-300-ml-5905997895026\">BalanceOil+ Premium<\/a> &#8211; prouv\u00e9 et sp\u00e9cifiquement efficace.<\/p>\n<h3>Remplir la prescription ou l&#8217;ordonnance \u00e9lectronique :<\/h3>\n<p>Avez-vous une ordonnance ou une prescription \u00e9lectronique ? Soumettez-la confortablement via notre application de <a class=\"ProsemirrorEditor-link\" href=\"https:\/\/e-rezept-app.de\/shop-rezept\">prescription \u00e9lectronique<\/a> &#8211; les ordonnances priv\u00e9es pour les personnes qui paient elles-m\u00eames sont \u00e9galement possibles. Rapide, s\u00fbr et facile.<\/p>\n<h3 class=\"TypographyPresentation TypographyPresentation--medium RichText3-paragraph--withVSpacingNormal RichText3-paragraph HighlightSol HighlightSol--buildingBlock\">Des questions sur le produit ? Nous sommes l\u00e0 pour vous !<\/h3>\n<p class=\"TypographyPresentation TypographyPresentation--medium RichText3-paragraph--withVSpacingNormal RichText3-paragraph HighlightSol HighlightSol--buildingBlock\">Notre pharmacienne responsable, <strong>Dr. Sandra Hoff<\/strong>, et son \u00e9quipe se feront un plaisir de vous conseiller personnellement &#8211; par t\u00e9l\u00e9phone ou par e-mail. En tant que <strong>v\u00e9ritable pharmacie locale<\/strong> et <strong>pharmacie de vente par correspondance agr\u00e9\u00e9e<\/strong>, nous vous offrons un soutien comp\u00e9tent, en particulier dans les domaines de la naturopathie et des compl\u00e9ments alimentaires. Vous trouverez notre autorisation dans <a href=\"https:\/\/versandhandel.dimdi.de\/websearch\/servlet\/Gate;jsessionid=0D29D15655BE1174E9178A340E8FE6BC?accessid=dimdi_var&amp;term=3c387956690121ccc8763184f052b93f\" target=\"_blank\" rel=\"noopener\">le registre de la vente par correspondance<\/a>.<\/p>\n","protected":false},"excerpt":{"rendered":"<h2>Priorin G\u00e9lules<\/h2>\n<p>Pour les troubles de la croissance des cheveux d&#8217;origine hormonale et la perte de cheveux chez les femmes.<\/p>\n<p>&nbsp;<\/p>\n<p><strong>PZN<\/strong> (Pharmacy Central Number) : 04002065<br \/>\n<strong>Forme posologique<\/strong> : G\u00e9lules<br \/>\n<strong>Type d\u2019ordonnance<\/strong> : sans ordonnance<br \/>\n<strong>Marque<\/strong>: Priorin<br \/>\n<strong>Fabricant<\/strong>&nbsp;: Bayer Vital GmbH, Allemagne<br \/>\n<strong>Taille de l&#8217;emballage<\/strong>: 120 pi\u00e8ces.<\/p>\n","protected":false},"featured_media":18588,"comment_status":"closed","ping_status":"closed","template":"","meta":[],"product_brand":[],"product_cat":[120,114],"product_tag":[510,896,265,466,267,464,264],"class_list":{"0":"post-18578","1":"product","2":"type-product","3":"status-publish","4":"has-post-thumbnail","6":"product_cat-sale-fr","7":"product_cat-non-classifiee","8":"product_tag-actif-dorigine-vegetale","9":"product_tag-cheveux","10":"product_tag-gestion-du-poids","11":"product_tag-ingredient-actif-a-base-de-plantes","12":"product_tag-poids-et-forme","13":"product_tag-remedes-naturels","14":"product_tag-vitamines-et-supplements","15":"ts_product_brand-all-fr","17":"first","18":"instock","19":"featured","20":"taxable","21":"shipping-taxable","22":"purchasable","23":"product-type-simple"},"yoast_head":"<!-- This site is optimized with the Yoast SEO plugin v26.5 - https:\/\/yoast.com\/wordpress\/plugins\/seo\/ -->\n<title>Priorin G\u00e9lules (120 pcs.) &#187; commander ici<\/title>\n<meta name=\"description\" content=\"sant\u00e9 de la peau et des cheveux, perte de cheveux. En savoir plus sur Priorin G\u00e9lules (120 pcs.). Nous vous offrons : Une livraison rapide et des achats en ligne en toute s\u00e9curit\u00e9.\" \/>\n<meta name=\"robots\" content=\"index, follow, max-snippet:-1, max-image-preview:large, max-video-preview:-1\" \/>\n<link rel=\"canonical\" href=\"https:\/\/lions-pharmacy.com\/fr\/produit\/priorin-capsules-120-pcs-04002065\" \/>\n<meta property=\"og:locale\" content=\"fr_FR\" \/>\n<meta property=\"og:type\" content=\"article\" \/>\n<meta property=\"og:title\" content=\"Priorin G\u00e9lules (120 pcs.) &#187; commander ici\" \/>\n<meta property=\"og:description\" content=\"sant\u00e9 de la peau et des cheveux, perte de cheveux. En savoir plus sur Priorin G\u00e9lules (120 pcs.). Nous vous offrons : Une livraison rapide et des achats en ligne en toute s\u00e9curit\u00e9.\" \/>\n<meta property=\"og:url\" content=\"https:\/\/lions-pharmacy.com\/fr\/produit\/priorin-capsules-120-pcs-04002065\" \/>\n<meta property=\"og:site_name\" content=\"Lion Pharmacy\" \/>\n<meta property=\"article:modified_time\" content=\"2025-12-16T08:33:44+00:00\" \/>\n<meta property=\"og:image\" content=\"https:\/\/lions-pharmacy.com\/wp-content\/uploads\/2025\/12\/Priorin-von-Bayer-Vital-Hairverlust-PZN-04002065-1.webp\" \/>\n\t<meta property=\"og:image:width\" content=\"600\" \/>\n\t<meta property=\"og:image:height\" content=\"600\" \/>\n\t<meta property=\"og:image:type\" content=\"image\/webp\" \/>\n<meta name=\"twitter:card\" content=\"summary_large_image\" \/>\n<meta name=\"twitter:label1\" content=\"Dur\u00e9e de lecture estim\u00e9e\" \/>\n\t<meta name=\"twitter:data1\" content=\"2 minutes\" \/>\n<script type=\"application\/ld+json\" class=\"yoast-schema-graph\">{\"@context\":\"https:\/\/schema.org\",\"@graph\":[{\"@type\":\"WebPage\",\"@id\":\"https:\/\/lions-pharmacy.com\/fr\/produit\/priorin-capsules-120-pcs-04002065\",\"url\":\"https:\/\/lions-pharmacy.com\/fr\/produit\/priorin-capsules-120-pcs-04002065\",\"name\":\"Priorin G\u00e9lules (120 pcs.) &#187; commander ici\",\"isPartOf\":{\"@id\":\"https:\/\/lions-pharmacy.com\/fr#website\"},\"primaryImageOfPage\":{\"@id\":\"https:\/\/lions-pharmacy.com\/fr\/produit\/priorin-capsules-120-pcs-04002065#primaryimage\"},\"image\":{\"@id\":\"https:\/\/lions-pharmacy.com\/fr\/produit\/priorin-capsules-120-pcs-04002065#primaryimage\"},\"thumbnailUrl\":\"https:\/\/lions-pharmacy.com\/wp-content\/uploads\/2025\/12\/Priorin-von-Bayer-Vital-Hairverlust-PZN-04002065-1.webp\",\"datePublished\":\"2025-12-16T08:18:17+00:00\",\"dateModified\":\"2025-12-16T08:33:44+00:00\",\"description\":\"sant\u00e9 de la peau et des cheveux, perte de cheveux. En savoir plus sur Priorin G\u00e9lules (120 pcs.). Nous vous offrons : Une livraison rapide et des achats en ligne en toute s\u00e9curit\u00e9.\",\"breadcrumb\":{\"@id\":\"https:\/\/lions-pharmacy.com\/fr\/produit\/priorin-capsules-120-pcs-04002065#breadcrumb\"},\"inLanguage\":\"fr-FR\",\"potentialAction\":[{\"@type\":\"ReadAction\",\"target\":[\"https:\/\/lions-pharmacy.com\/fr\/produit\/priorin-capsules-120-pcs-04002065\"]}]},{\"@type\":\"ImageObject\",\"inLanguage\":\"fr-FR\",\"@id\":\"https:\/\/lions-pharmacy.com\/fr\/produit\/priorin-capsules-120-pcs-04002065#primaryimage\",\"url\":\"https:\/\/lions-pharmacy.com\/wp-content\/uploads\/2025\/12\/Priorin-von-Bayer-Vital-Hairverlust-PZN-04002065-1.webp\",\"contentUrl\":\"https:\/\/lions-pharmacy.com\/wp-content\/uploads\/2025\/12\/Priorin-von-Bayer-Vital-Hairverlust-PZN-04002065-1.webp\",\"width\":600,\"height\":600,\"caption\":\"Priorin from Bayer Vital, Hairverlust, PZN 04002065\"},{\"@type\":\"BreadcrumbList\",\"@id\":\"https:\/\/lions-pharmacy.com\/fr\/produit\/priorin-capsules-120-pcs-04002065#breadcrumb\",\"itemListElement\":[{\"@type\":\"ListItem\",\"position\":1,\"name\":\"Home\",\"item\":\"https:\/\/lions-pharmacy.com\/fr\/homepage-lion-pharmacy\"},{\"@type\":\"ListItem\",\"position\":2,\"name\":\"Shop\",\"item\":\"https:\/\/lions-pharmacy.com\/fr\/boutique\"},{\"@type\":\"ListItem\",\"position\":3,\"name\":\"Priorin G\u00e9lules (120 pcs.)\"}]},{\"@type\":\"WebSite\",\"@id\":\"https:\/\/lions-pharmacy.com\/fr#website\",\"url\":\"https:\/\/lions-pharmacy.com\/fr\",\"name\":\"Lions Pharmacy\",\"description\":\"Pharmacie sp\u00e9cialis\u00e9e en naturopathie de Baden-Baden, Allemagne\",\"publisher\":{\"@id\":\"https:\/\/lions-pharmacy.com\/fr#organization\"},\"alternateName\":\"Lion Pharmacy\",\"potentialAction\":[{\"@type\":\"SearchAction\",\"target\":{\"@type\":\"EntryPoint\",\"urlTemplate\":\"https:\/\/lions-pharmacy.com\/fr?s={search_term_string}\"},\"query-input\":{\"@type\":\"PropertyValueSpecification\",\"valueRequired\":true,\"valueName\":\"search_term_string\"}}],\"inLanguage\":\"fr-FR\"},{\"@type\":\"Organization\",\"@id\":\"https:\/\/lions-pharmacy.com\/fr#organization\",\"name\":\"Lions Pharmacy\",\"alternateName\":\"Lions Pharmacy24\",\"url\":\"https:\/\/lions-pharmacy.com\/fr\",\"logo\":{\"@type\":\"ImageObject\",\"inLanguage\":\"fr-FR\",\"@id\":\"https:\/\/lions-pharmacy.com\/fr#\/schema\/logo\/image\/\",\"url\":\"https:\/\/lions-pharmacy.com\/wp-content\/uploads\/2022\/12\/Logo-Lion-Pharmacy-c-o-Loewen-Apotheke-smal.jpg\",\"contentUrl\":\"https:\/\/lions-pharmacy.com\/wp-content\/uploads\/2022\/12\/Logo-Lion-Pharmacy-c-o-Loewen-Apotheke-smal.jpg\",\"width\":298,\"height\":99,\"caption\":\"Lions Pharmacy\"},\"image\":{\"@id\":\"https:\/\/lions-pharmacy.com\/fr#\/schema\/logo\/image\/\"}}]}<\/script>\n<!-- \/ Yoast SEO plugin. -->","yoast_head_json":{"title":"Priorin G\u00e9lules (120 pcs.) &#187; commander ici","description":"sant\u00e9 de la peau et des cheveux, perte de cheveux. En savoir plus sur Priorin G\u00e9lules (120 pcs.). Nous vous offrons : Une livraison rapide et des achats en ligne en toute s\u00e9curit\u00e9.","robots":{"index":"index","follow":"follow","max-snippet":"max-snippet:-1","max-image-preview":"max-image-preview:large","max-video-preview":"max-video-preview:-1"},"canonical":"https:\/\/lions-pharmacy.com\/fr\/produit\/priorin-capsules-120-pcs-04002065","og_locale":"fr_FR","og_type":"article","og_title":"Priorin G\u00e9lules (120 pcs.) &#187; commander ici","og_description":"sant\u00e9 de la peau et des cheveux, perte de cheveux. En savoir plus sur Priorin G\u00e9lules (120 pcs.). Nous vous offrons : Une livraison rapide et des achats en ligne en toute s\u00e9curit\u00e9.","og_url":"https:\/\/lions-pharmacy.com\/fr\/produit\/priorin-capsules-120-pcs-04002065","og_site_name":"Lion Pharmacy","article_modified_time":"2025-12-16T08:33:44+00:00","og_image":[{"width":600,"height":600,"url":"https:\/\/lions-pharmacy.com\/wp-content\/uploads\/2025\/12\/Priorin-von-Bayer-Vital-Hairverlust-PZN-04002065-1.webp","type":"image\/webp"}],"twitter_card":"summary_large_image","twitter_misc":{"Dur\u00e9e de lecture estim\u00e9e":"2 minutes"},"schema":{"@context":"https:\/\/schema.org","@graph":[{"@type":"WebPage","@id":"https:\/\/lions-pharmacy.com\/fr\/produit\/priorin-capsules-120-pcs-04002065","url":"https:\/\/lions-pharmacy.com\/fr\/produit\/priorin-capsules-120-pcs-04002065","name":"Priorin G\u00e9lules (120 pcs.) &#187; commander ici","isPartOf":{"@id":"https:\/\/lions-pharmacy.com\/fr#website"},"primaryImageOfPage":{"@id":"https:\/\/lions-pharmacy.com\/fr\/produit\/priorin-capsules-120-pcs-04002065#primaryimage"},"image":{"@id":"https:\/\/lions-pharmacy.com\/fr\/produit\/priorin-capsules-120-pcs-04002065#primaryimage"},"thumbnailUrl":"https:\/\/lions-pharmacy.com\/wp-content\/uploads\/2025\/12\/Priorin-von-Bayer-Vital-Hairverlust-PZN-04002065-1.webp","datePublished":"2025-12-16T08:18:17+00:00","dateModified":"2025-12-16T08:33:44+00:00","description":"sant\u00e9 de la peau et des cheveux, perte de cheveux. En savoir plus sur Priorin G\u00e9lules (120 pcs.). Nous vous offrons : Une livraison rapide et des achats en ligne en toute s\u00e9curit\u00e9.","breadcrumb":{"@id":"https:\/\/lions-pharmacy.com\/fr\/produit\/priorin-capsules-120-pcs-04002065#breadcrumb"},"inLanguage":"fr-FR","potentialAction":[{"@type":"ReadAction","target":["https:\/\/lions-pharmacy.com\/fr\/produit\/priorin-capsules-120-pcs-04002065"]}]},{"@type":"ImageObject","inLanguage":"fr-FR","@id":"https:\/\/lions-pharmacy.com\/fr\/produit\/priorin-capsules-120-pcs-04002065#primaryimage","url":"https:\/\/lions-pharmacy.com\/wp-content\/uploads\/2025\/12\/Priorin-von-Bayer-Vital-Hairverlust-PZN-04002065-1.webp","contentUrl":"https:\/\/lions-pharmacy.com\/wp-content\/uploads\/2025\/12\/Priorin-von-Bayer-Vital-Hairverlust-PZN-04002065-1.webp","width":600,"height":600,"caption":"Priorin from Bayer Vital, Hairverlust, PZN 04002065"},{"@type":"BreadcrumbList","@id":"https:\/\/lions-pharmacy.com\/fr\/produit\/priorin-capsules-120-pcs-04002065#breadcrumb","itemListElement":[{"@type":"ListItem","position":1,"name":"Home","item":"https:\/\/lions-pharmacy.com\/fr\/homepage-lion-pharmacy"},{"@type":"ListItem","position":2,"name":"Shop","item":"https:\/\/lions-pharmacy.com\/fr\/boutique"},{"@type":"ListItem","position":3,"name":"Priorin G\u00e9lules (120 pcs.)"}]},{"@type":"WebSite","@id":"https:\/\/lions-pharmacy.com\/fr#website","url":"https:\/\/lions-pharmacy.com\/fr","name":"Lions Pharmacy","description":"Pharmacie sp\u00e9cialis\u00e9e en naturopathie de Baden-Baden, Allemagne","publisher":{"@id":"https:\/\/lions-pharmacy.com\/fr#organization"},"alternateName":"Lion Pharmacy","potentialAction":[{"@type":"SearchAction","target":{"@type":"EntryPoint","urlTemplate":"https:\/\/lions-pharmacy.com\/fr?s={search_term_string}"},"query-input":{"@type":"PropertyValueSpecification","valueRequired":true,"valueName":"search_term_string"}}],"inLanguage":"fr-FR"},{"@type":"Organization","@id":"https:\/\/lions-pharmacy.com\/fr#organization","name":"Lions Pharmacy","alternateName":"Lions Pharmacy24","url":"https:\/\/lions-pharmacy.com\/fr","logo":{"@type":"ImageObject","inLanguage":"fr-FR","@id":"https:\/\/lions-pharmacy.com\/fr#\/schema\/logo\/image\/","url":"https:\/\/lions-pharmacy.com\/wp-content\/uploads\/2022\/12\/Logo-Lion-Pharmacy-c-o-Loewen-Apotheke-smal.jpg","contentUrl":"https:\/\/lions-pharmacy.com\/wp-content\/uploads\/2022\/12\/Logo-Lion-Pharmacy-c-o-Loewen-Apotheke-smal.jpg","width":298,"height":99,"caption":"Lions Pharmacy"},"image":{"@id":"https:\/\/lions-pharmacy.com\/fr#\/schema\/logo\/image\/"}}]}},"_links":{"self":[{"href":"https:\/\/lions-pharmacy.com\/fr\/wp-json\/wp\/v2\/product\/18578","targetHints":{"allow":["GET"]}}],"collection":[{"href":"https:\/\/lions-pharmacy.com\/fr\/wp-json\/wp\/v2\/product"}],"about":[{"href":"https:\/\/lions-pharmacy.com\/fr\/wp-json\/wp\/v2\/types\/product"}],"replies":[{"embeddable":true,"href":"https:\/\/lions-pharmacy.com\/fr\/wp-json\/wp\/v2\/comments?post=18578"}],"wp:featuredmedia":[{"embeddable":true,"href":"https:\/\/lions-pharmacy.com\/fr\/wp-json\/wp\/v2\/media\/18588"}],"wp:attachment":[{"href":"https:\/\/lions-pharmacy.com\/fr\/wp-json\/wp\/v2\/media?parent=18578"}],"wp:term":[{"taxonomy":"product_brand","embeddable":true,"href":"https:\/\/lions-pharmacy.com\/fr\/wp-json\/wp\/v2\/product_brand?post=18578"},{"taxonomy":"product_cat","embeddable":true,"href":"https:\/\/lions-pharmacy.com\/fr\/wp-json\/wp\/v2\/product_cat?post=18578"},{"taxonomy":"product_tag","embeddable":true,"href":"https:\/\/lions-pharmacy.com\/fr\/wp-json\/wp\/v2\/product_tag?post=18578"}],"curies":[{"name":"wp","href":"https:\/\/api.w.org\/{rel}","templated":true}]}}