{"id":18227,"date":"2025-12-06T15:55:58","date_gmt":"2025-12-06T14:55:58","guid":{"rendered":"https:\/\/lions-pharmacy.com\/?post_type=product&#038;p=18227"},"modified":"2025-12-06T19:56:14","modified_gmt":"2025-12-06T18:56:14","slug":"zinzino-zinobiotic-0641827275020","status":"publish","type":"product","link":"https:\/\/lions-pharmacy.com\/fr\/produit\/zinzino-zinobiotic-0641827275020","title":{"rendered":"ZINZINO ZinoBiotic+ &#8211; pour les enfants et les adolescents"},"content":{"rendered":"<h3>ZINZINO ZinoBiotic+ &#8211; pour les enfants et les adolescents<\/h3>\n<p>ZINZINO ZinoBiotic+ est un m\u00e9lange sp\u00e9cialement con\u00e7u de 8 fibres naturelles. Cette fibre est m\u00e9tabolis\u00e9e dans le c\u00f4lon (gros intestin), o\u00f9 elle favorise la croissance de bact\u00e9ries saines. ZinoBiotic+ contribue \u00e0 r\u00e9duire l&#8217;augmentation du taux de sucre dans le sang apr\u00e8s un repas2 et \u00e0 maintenir un bon taux de cholest\u00e9rol3. Les fibres favorisent de nombreuses fonctions intestinales saines.<\/p>\n<p>Domaines d&#8217;application : yeux, fonction cardiaque et circulatoire, syst\u00e8me immunitaire, manque de concentration, vitalit\u00e9.<\/p>\n<p>Ingr\u00e9dients contenus dans 2 mesures (12 g) : M\u00e9lange d&#8217;amidon r\u00e9sistant : 4,9 g, b\u00eata-glucanes d&#8217;avoine* : 1,0 g, Inuline : 1,8 g, Fructooligosaccharides : 0,2 g, enveloppes de psyllium : 0,5 g, gomme de guar : 0,24 g<\/p>\n<p>Mode d&#8217;emploi : M\u00e9langez 12 g de poudre (2 mesures) avec 200 ml d&#8217;eau dans une bouteille shaker ou incorporez-les dans un produit pr\u00eat \u00e0 boire de votre choix, tel qu&#8217;un LeanShake ou un smoothie aux fruits. La dose recommand\u00e9e est de 2 mesures par jour. Ne pas d\u00e9passer la dose journali\u00e8re recommand\u00e9e.<\/p>\n<p>Notice et informations sur les aliments (PDF).<\/p>\n<p>En savoir plus sur le fabricant et ce produit : <a href=\"https:\/\/www.zinzino.com\/shop\/2020670485\/DE\/de-DE\/products\/shop\" target=\"_blank\" rel=\"noopener\">Zinzino<\/a> (lien vers un site web externe)<\/p>\n<p>Les informations contenues dans ce site web sont fournies \u00e0 titre informatif uniquement. Ils ne remplacent en aucun cas l&#8217;examen et le traitement par un m\u00e9decin. Veuillez noter que cela signifie qu&#8217;aucun diagnostic ne peut \u00eatre \u00e9tabli et qu&#8217;aucune th\u00e9rapie ne peut \u00eatre mise en place. Importation unique &#8211; Nous importons ce m\u00e9dicament pour vous. Le d\u00e9lai de livraison est donc plus long. Les retours pour les importations individuelles sont exclus.<\/p>\n<p>Pour conna\u00eetre les risques et les effets secondaires, lisez la notice et demandez conseil \u00e0 votre m\u00e9decin ou \u00e0 votre pharmacien.<\/p>\n<h3>Conseil d&#8217;expert de la pharmacie :<\/h3>\n<p>Notre pharmacien vous recommande les produits suivants pour la long\u00e9vit\u00e9, la concentration et le stress : <a href=\"https:\/\/lions-pharmacy.com\/fr\/produit\/zinzino-balanceoil-premium-300-ml-5905997895026\">BalanceOil+ Premium<\/a> &#8211; prouv\u00e9 et sp\u00e9cifiquement efficace.<\/p>\n","protected":false},"excerpt":{"rendered":"<h2>ZINZINO ZinoBiotic+ &#8211; pour les enfants et les adolescents<\/h2>\n<p>m\u00e9lange sp\u00e9cialement con\u00e7u de 8 fibres naturelles. Colon (gros intestin).<\/p>\n<p>&nbsp;<\/p>\n<p><strong>PZN<\/strong> (num\u00e9ro central pharmaceutique) : &#8211;<br \/>\n<strong>Forme gal\u00e9nique<\/strong> : poudre<br \/>\n<strong>Type d\u2019ordonnance<\/strong> : sans ordonnance<br \/>\n<strong>Marque<\/strong>: Zinzino<br \/>\n<strong>Fabricant<\/strong>: Zinzino AB, Gotenbourg, Su\u00e8de.<br \/>\n<strong>Taille de l&#8217;emballage<\/strong>: 180 g<\/p>\n","protected":false},"featured_media":21494,"comment_status":"closed","ping_status":"closed","template":"","meta":[],"product_brand":[],"product_cat":[120,114],"product_tag":[510,297,265,466,267,464,264],"class_list":{"0":"post-18227","1":"product","2":"type-product","3":"status-publish","4":"has-post-thumbnail","6":"product_cat-sale-fr","7":"product_cat-non-classifiee","8":"product_tag-actif-dorigine-vegetale","9":"product_tag-concentration-stress-fr","10":"product_tag-gestion-du-poids","11":"product_tag-ingredient-actif-a-base-de-plantes","12":"product_tag-poids-et-forme","13":"product_tag-remedes-naturels","14":"product_tag-vitamines-et-supplements","15":"ts_product_brand-all-fr","17":"first","18":"instock","19":"taxable","20":"shipping-taxable","21":"purchasable","22":"product-type-simple"},"yoast_head":"<!-- This site is optimized with the Yoast SEO plugin v26.5 - https:\/\/yoast.com\/wordpress\/plugins\/seo\/ -->\n<title>ZINZINO ZinoBiotic+ - pour les enfants et les adolescents &#187; commander ici<\/title>\n<meta name=\"description\" content=\"M\u00e9lange de 8 fibres naturelles. Colon - gros intestin. En savoir plus sur ZINZINO ZinoBiotic+ - pour les enfants et les adolescents. Nous vous offrons : Une livraison rapide et des achats en ligne en toute s\u00e9curit\u00e9.\" \/>\n<meta name=\"robots\" content=\"index, follow, max-snippet:-1, max-image-preview:large, max-video-preview:-1\" \/>\n<link rel=\"canonical\" href=\"https:\/\/lions-pharmacy.com\/fr\/produit\/zinzino-zinobiotic-0641827275020\" \/>\n<meta property=\"og:locale\" content=\"fr_FR\" \/>\n<meta property=\"og:type\" content=\"article\" \/>\n<meta property=\"og:title\" content=\"ZINZINO ZinoBiotic+ - pour les enfants et les adolescents &#187; commander ici\" \/>\n<meta property=\"og:description\" content=\"M\u00e9lange de 8 fibres naturelles. Colon - gros intestin. En savoir plus sur ZINZINO ZinoBiotic+ - pour les enfants et les adolescents. Nous vous offrons : Une livraison rapide et des achats en ligne en toute s\u00e9curit\u00e9.\" \/>\n<meta property=\"og:url\" content=\"https:\/\/lions-pharmacy.com\/fr\/produit\/zinzino-zinobiotic-0641827275020\" \/>\n<meta property=\"og:site_name\" content=\"Lion Pharmacy\" \/>\n<meta property=\"article:modified_time\" content=\"2025-12-06T18:56:14+00:00\" \/>\n<meta property=\"og:image\" content=\"https:\/\/lions-pharmacy.com\/wp-content\/uploads\/2025\/12\/Zinzino-ZinoBiotic-Lowen-Apotheke24.webp\" \/>\n\t<meta property=\"og:image:width\" content=\"600\" \/>\n\t<meta property=\"og:image:height\" content=\"600\" \/>\n\t<meta property=\"og:image:type\" content=\"image\/webp\" \/>\n<meta name=\"twitter:card\" content=\"summary_large_image\" \/>\n<meta name=\"twitter:label1\" content=\"Dur\u00e9e de lecture estim\u00e9e\" \/>\n\t<meta name=\"twitter:data1\" content=\"2 minutes\" \/>\n<script type=\"application\/ld+json\" class=\"yoast-schema-graph\">{\"@context\":\"https:\/\/schema.org\",\"@graph\":[{\"@type\":\"WebPage\",\"@id\":\"https:\/\/lions-pharmacy.com\/fr\/produit\/zinzino-zinobiotic-0641827275020\",\"url\":\"https:\/\/lions-pharmacy.com\/fr\/produit\/zinzino-zinobiotic-0641827275020\",\"name\":\"ZINZINO ZinoBiotic+ - pour les enfants et les adolescents &#187; commander ici\",\"isPartOf\":{\"@id\":\"https:\/\/lions-pharmacy.com\/fr#website\"},\"primaryImageOfPage\":{\"@id\":\"https:\/\/lions-pharmacy.com\/fr\/produit\/zinzino-zinobiotic-0641827275020#primaryimage\"},\"image\":{\"@id\":\"https:\/\/lions-pharmacy.com\/fr\/produit\/zinzino-zinobiotic-0641827275020#primaryimage\"},\"thumbnailUrl\":\"https:\/\/lions-pharmacy.com\/wp-content\/uploads\/2025\/12\/Zinzino-ZinoBiotic-Pharmacy-Lions-Pharmacy.webp\",\"datePublished\":\"2025-12-06T14:55:58+00:00\",\"dateModified\":\"2025-12-06T18:56:14+00:00\",\"description\":\"M\u00e9lange de 8 fibres naturelles. Colon - gros intestin. En savoir plus sur ZINZINO ZinoBiotic+ - pour les enfants et les adolescents. Nous vous offrons : Une livraison rapide et des achats en ligne en toute s\u00e9curit\u00e9.\",\"breadcrumb\":{\"@id\":\"https:\/\/lions-pharmacy.com\/fr\/produit\/zinzino-zinobiotic-0641827275020#breadcrumb\"},\"inLanguage\":\"fr-FR\",\"potentialAction\":[{\"@type\":\"ReadAction\",\"target\":[\"https:\/\/lions-pharmacy.com\/fr\/produit\/zinzino-zinobiotic-0641827275020\"]}]},{\"@type\":\"ImageObject\",\"inLanguage\":\"fr-FR\",\"@id\":\"https:\/\/lions-pharmacy.com\/fr\/produit\/zinzino-zinobiotic-0641827275020#primaryimage\",\"url\":\"https:\/\/lions-pharmacy.com\/wp-content\/uploads\/2025\/12\/Zinzino-ZinoBiotic-Pharmacy-Lions-Pharmacy.webp\",\"contentUrl\":\"https:\/\/lions-pharmacy.com\/wp-content\/uploads\/2025\/12\/Zinzino-ZinoBiotic-Pharmacy-Lions-Pharmacy.webp\",\"width\":600,\"height\":600,\"caption\":\"Zinzino ZinoBiotic Pharmacy, Lions-Pharmacy\"},{\"@type\":\"BreadcrumbList\",\"@id\":\"https:\/\/lions-pharmacy.com\/fr\/produit\/zinzino-zinobiotic-0641827275020#breadcrumb\",\"itemListElement\":[{\"@type\":\"ListItem\",\"position\":1,\"name\":\"Home\",\"item\":\"https:\/\/lions-pharmacy.com\/fr\/homepage-lion-pharmacy\"},{\"@type\":\"ListItem\",\"position\":2,\"name\":\"Shop\",\"item\":\"https:\/\/lions-pharmacy.com\/fr\/boutique\"},{\"@type\":\"ListItem\",\"position\":3,\"name\":\"ZINZINO ZinoBiotic+ &#8211; pour les enfants et les adolescents\"}]},{\"@type\":\"WebSite\",\"@id\":\"https:\/\/lions-pharmacy.com\/fr#website\",\"url\":\"https:\/\/lions-pharmacy.com\/fr\",\"name\":\"Lions Pharmacy\",\"description\":\"Pharmacie sp\u00e9cialis\u00e9e en naturopathie de Baden-Baden, Allemagne\",\"publisher\":{\"@id\":\"https:\/\/lions-pharmacy.com\/fr#organization\"},\"alternateName\":\"Lion Pharmacy\",\"potentialAction\":[{\"@type\":\"SearchAction\",\"target\":{\"@type\":\"EntryPoint\",\"urlTemplate\":\"https:\/\/lions-pharmacy.com\/fr?s={search_term_string}\"},\"query-input\":{\"@type\":\"PropertyValueSpecification\",\"valueRequired\":true,\"valueName\":\"search_term_string\"}}],\"inLanguage\":\"fr-FR\"},{\"@type\":\"Organization\",\"@id\":\"https:\/\/lions-pharmacy.com\/fr#organization\",\"name\":\"Lions Pharmacy\",\"alternateName\":\"Lions Pharmacy24\",\"url\":\"https:\/\/lions-pharmacy.com\/fr\",\"logo\":{\"@type\":\"ImageObject\",\"inLanguage\":\"fr-FR\",\"@id\":\"https:\/\/lions-pharmacy.com\/fr#\/schema\/logo\/image\/\",\"url\":\"https:\/\/lions-pharmacy.com\/wp-content\/uploads\/2022\/12\/Logo-Lion-Pharmacy-c-o-Loewen-Apotheke-smal.jpg\",\"contentUrl\":\"https:\/\/lions-pharmacy.com\/wp-content\/uploads\/2022\/12\/Logo-Lion-Pharmacy-c-o-Loewen-Apotheke-smal.jpg\",\"width\":298,\"height\":99,\"caption\":\"Lions Pharmacy\"},\"image\":{\"@id\":\"https:\/\/lions-pharmacy.com\/fr#\/schema\/logo\/image\/\"}}]}<\/script>\n<!-- \/ Yoast SEO plugin. -->","yoast_head_json":{"title":"ZINZINO ZinoBiotic+ - pour les enfants et les adolescents &#187; commander ici","description":"M\u00e9lange de 8 fibres naturelles. Colon - gros intestin. En savoir plus sur ZINZINO ZinoBiotic+ - pour les enfants et les adolescents. Nous vous offrons : Une livraison rapide et des achats en ligne en toute s\u00e9curit\u00e9.","robots":{"index":"index","follow":"follow","max-snippet":"max-snippet:-1","max-image-preview":"max-image-preview:large","max-video-preview":"max-video-preview:-1"},"canonical":"https:\/\/lions-pharmacy.com\/fr\/produit\/zinzino-zinobiotic-0641827275020","og_locale":"fr_FR","og_type":"article","og_title":"ZINZINO ZinoBiotic+ - pour les enfants et les adolescents &#187; commander ici","og_description":"M\u00e9lange de 8 fibres naturelles. Colon - gros intestin. En savoir plus sur ZINZINO ZinoBiotic+ - pour les enfants et les adolescents. Nous vous offrons : Une livraison rapide et des achats en ligne en toute s\u00e9curit\u00e9.","og_url":"https:\/\/lions-pharmacy.com\/fr\/produit\/zinzino-zinobiotic-0641827275020","og_site_name":"Lion Pharmacy","article_modified_time":"2025-12-06T18:56:14+00:00","og_image":[{"width":600,"height":600,"url":"https:\/\/lions-pharmacy.com\/wp-content\/uploads\/2025\/12\/Zinzino-ZinoBiotic-Lowen-Apotheke24.webp","type":"image\/webp"}],"twitter_card":"summary_large_image","twitter_misc":{"Dur\u00e9e de lecture estim\u00e9e":"2 minutes"},"schema":{"@context":"https:\/\/schema.org","@graph":[{"@type":"WebPage","@id":"https:\/\/lions-pharmacy.com\/fr\/produit\/zinzino-zinobiotic-0641827275020","url":"https:\/\/lions-pharmacy.com\/fr\/produit\/zinzino-zinobiotic-0641827275020","name":"ZINZINO ZinoBiotic+ - pour les enfants et les adolescents &#187; commander ici","isPartOf":{"@id":"https:\/\/lions-pharmacy.com\/fr#website"},"primaryImageOfPage":{"@id":"https:\/\/lions-pharmacy.com\/fr\/produit\/zinzino-zinobiotic-0641827275020#primaryimage"},"image":{"@id":"https:\/\/lions-pharmacy.com\/fr\/produit\/zinzino-zinobiotic-0641827275020#primaryimage"},"thumbnailUrl":"https:\/\/lions-pharmacy.com\/wp-content\/uploads\/2025\/12\/Zinzino-ZinoBiotic-Pharmacy-Lions-Pharmacy.webp","datePublished":"2025-12-06T14:55:58+00:00","dateModified":"2025-12-06T18:56:14+00:00","description":"M\u00e9lange de 8 fibres naturelles. Colon - gros intestin. En savoir plus sur ZINZINO ZinoBiotic+ - pour les enfants et les adolescents. Nous vous offrons : Une livraison rapide et des achats en ligne en toute s\u00e9curit\u00e9.","breadcrumb":{"@id":"https:\/\/lions-pharmacy.com\/fr\/produit\/zinzino-zinobiotic-0641827275020#breadcrumb"},"inLanguage":"fr-FR","potentialAction":[{"@type":"ReadAction","target":["https:\/\/lions-pharmacy.com\/fr\/produit\/zinzino-zinobiotic-0641827275020"]}]},{"@type":"ImageObject","inLanguage":"fr-FR","@id":"https:\/\/lions-pharmacy.com\/fr\/produit\/zinzino-zinobiotic-0641827275020#primaryimage","url":"https:\/\/lions-pharmacy.com\/wp-content\/uploads\/2025\/12\/Zinzino-ZinoBiotic-Pharmacy-Lions-Pharmacy.webp","contentUrl":"https:\/\/lions-pharmacy.com\/wp-content\/uploads\/2025\/12\/Zinzino-ZinoBiotic-Pharmacy-Lions-Pharmacy.webp","width":600,"height":600,"caption":"Zinzino ZinoBiotic Pharmacy, Lions-Pharmacy"},{"@type":"BreadcrumbList","@id":"https:\/\/lions-pharmacy.com\/fr\/produit\/zinzino-zinobiotic-0641827275020#breadcrumb","itemListElement":[{"@type":"ListItem","position":1,"name":"Home","item":"https:\/\/lions-pharmacy.com\/fr\/homepage-lion-pharmacy"},{"@type":"ListItem","position":2,"name":"Shop","item":"https:\/\/lions-pharmacy.com\/fr\/boutique"},{"@type":"ListItem","position":3,"name":"ZINZINO ZinoBiotic+ &#8211; pour les enfants et les adolescents"}]},{"@type":"WebSite","@id":"https:\/\/lions-pharmacy.com\/fr#website","url":"https:\/\/lions-pharmacy.com\/fr","name":"Lions Pharmacy","description":"Pharmacie sp\u00e9cialis\u00e9e en naturopathie de Baden-Baden, Allemagne","publisher":{"@id":"https:\/\/lions-pharmacy.com\/fr#organization"},"alternateName":"Lion Pharmacy","potentialAction":[{"@type":"SearchAction","target":{"@type":"EntryPoint","urlTemplate":"https:\/\/lions-pharmacy.com\/fr?s={search_term_string}"},"query-input":{"@type":"PropertyValueSpecification","valueRequired":true,"valueName":"search_term_string"}}],"inLanguage":"fr-FR"},{"@type":"Organization","@id":"https:\/\/lions-pharmacy.com\/fr#organization","name":"Lions Pharmacy","alternateName":"Lions Pharmacy24","url":"https:\/\/lions-pharmacy.com\/fr","logo":{"@type":"ImageObject","inLanguage":"fr-FR","@id":"https:\/\/lions-pharmacy.com\/fr#\/schema\/logo\/image\/","url":"https:\/\/lions-pharmacy.com\/wp-content\/uploads\/2022\/12\/Logo-Lion-Pharmacy-c-o-Loewen-Apotheke-smal.jpg","contentUrl":"https:\/\/lions-pharmacy.com\/wp-content\/uploads\/2022\/12\/Logo-Lion-Pharmacy-c-o-Loewen-Apotheke-smal.jpg","width":298,"height":99,"caption":"Lions Pharmacy"},"image":{"@id":"https:\/\/lions-pharmacy.com\/fr#\/schema\/logo\/image\/"}}]}},"_links":{"self":[{"href":"https:\/\/lions-pharmacy.com\/fr\/wp-json\/wp\/v2\/product\/18227","targetHints":{"allow":["GET"]}}],"collection":[{"href":"https:\/\/lions-pharmacy.com\/fr\/wp-json\/wp\/v2\/product"}],"about":[{"href":"https:\/\/lions-pharmacy.com\/fr\/wp-json\/wp\/v2\/types\/product"}],"replies":[{"embeddable":true,"href":"https:\/\/lions-pharmacy.com\/fr\/wp-json\/wp\/v2\/comments?post=18227"}],"wp:featuredmedia":[{"embeddable":true,"href":"https:\/\/lions-pharmacy.com\/fr\/wp-json\/wp\/v2\/media\/21494"}],"wp:attachment":[{"href":"https:\/\/lions-pharmacy.com\/fr\/wp-json\/wp\/v2\/media?parent=18227"}],"wp:term":[{"taxonomy":"product_brand","embeddable":true,"href":"https:\/\/lions-pharmacy.com\/fr\/wp-json\/wp\/v2\/product_brand?post=18227"},{"taxonomy":"product_cat","embeddable":true,"href":"https:\/\/lions-pharmacy.com\/fr\/wp-json\/wp\/v2\/product_cat?post=18227"},{"taxonomy":"product_tag","embeddable":true,"href":"https:\/\/lions-pharmacy.com\/fr\/wp-json\/wp\/v2\/product_tag?post=18227"}],"curies":[{"name":"wp","href":"https:\/\/api.w.org\/{rel}","templated":true}]}}