{"id":17032,"date":"2025-11-22T07:51:53","date_gmt":"2025-11-22T06:51:53","guid":{"rendered":"https:\/\/lions-pharmacy.com\/?post_type=product&#038;p=17032"},"modified":"2025-11-22T09:08:37","modified_gmt":"2025-11-22T08:08:37","slug":"minoxidil-doppelherzpharma-50-mg-ml-liquid-3x-60ml-hair-loss-17268563","status":"publish","type":"product","link":"https:\/\/lions-pharmacy.com\/fr\/produit\/minoxidil-doppelherzpharma-50-mg-ml-liquid-3x-60ml-hair-loss-17268563","title":{"rendered":"MINOXIDIL DoppelherzPharma 50 mg\/ml Liquide (3x 60ml)"},"content":{"rendered":"<h3>MINOXIDIL DoppelherzPharma 50 mg\/ml Liquide<\/h3>\n<p>La solution de Minoxidil de DoppelherzPharma pour hommes, destin\u00e9e au traitement de la chute h\u00e9r\u00e9ditaire des cheveux chez les hommes, stimule la croissance des cheveux et stabilise le cours de la zone de tonsure du cuir chevelu de 3 \u00e0 10 cm de diam\u00e8tre chez les hommes adultes \u00e2g\u00e9s de 18 \u00e0 49 ans. Il peut contrer la progression de la chute des cheveux.<\/p>\n<p>Le Minoxidil est destin\u00e9 \u00e0 un usage externe sur un cuir chevelu sec. N&#8217;utilisez Minoxidil DoppelherzPharma que sur un cuir chevelu sain et non bless\u00e9 et suivez toujours les instructions ci-dessous \u00e0 la lettre. N&#8217;appliquez pas Minoxidil DoppelherzPharma sur des parties du corps autres que le cuir chevelu.<\/p>\n<p>La dose recommand\u00e9e est la suivante : Sauf prescription contraire du m\u00e9decin, le Minoxidil doit \u00eatre utilis\u00e9 comme suit : Appliquez 1 ml de Minoxidil DoppelherzPharma 2 fois par jour (matin et soir) sur les zones affect\u00e9es du cuir chevelu.<\/p>\n<p>Doppelherz est l&#8217;une des marques allemandes les plus connues dans le domaine de la sant\u00e9. Depuis plus de 100 ans, des produits de sant\u00e9 de haute qualit\u00e9 sont mis au point, qui ne contiennent que des ingr\u00e9dients test\u00e9s et de haute qualit\u00e9. Aujourd&#8217;hui, Doppelherz est synonyme de pr\u00e9servation du bien-\u00eatre de toute la famille &#8211; et donc, bien s\u00fbr, des chiens et des chats.<\/p>\n<p>Le produit contient : Minoxidil. 1 ml de solution contient 50 mg de minoxidil. Les autres ingr\u00e9dients sont : le propyl\u00e8ne glycol et l&#8217;\u00e9thanol 96%.<\/p>\n<p>Notice \/ mode d\u2019emploi\/fiche technique de l\u2019article: &#8211; (Lecteur PDF)<\/p>\n<p>Autres produits pour l&#8217;application : Perte de cheveux <a href=\"https:\/\/lions-pharmacy.com\/fr\/etiquette-produit\/vitamines-et-supplements\">Vitamines et suppl\u00e9ments Produits<\/a><\/p>\n<p>En savoir plus sur le fabricant et ce produit : fabricant <a href=\"https:\/\/www.doppelherz.de\/produkte\/doppelherzpharma-minoxidil-doppelherzpharma-50-mg\/ml-loesung?utm_campaign=Display_Haarausfall_AlwaysOn_25&amp;utm_medium=display&amp;utm_content=Haarausfall_300x600&amp;utm_source=RTB_DV_Prospecting_Sitelist&amp;dclid=CLrWttKOhZEDFUOZJwIdJEM3Wg&amp;gad_source=7&amp;gclid=EAIaIQobChMI5vPgk46FkQMVE4-DBx3uOg0REAEYASAAEgLvm_D_BwE\" target=\"_blank\" rel=\"noopener\">Queisser Pharma GmbH &amp; Co. KG \u00e0 propos de DoppelherzPharma Minoxidil 50mg\/ml Solution<\/a> (lien vers un site web externe)<\/p>\n<p>Les informations contenues dans ce site web sont fournies \u00e0 titre informatif uniquement. Ils ne remplacent en aucun cas l&#8217;examen et le traitement par un m\u00e9decin. Veuillez noter que cela signifie qu&#8217;aucun diagnostic ne peut \u00eatre \u00e9tabli et qu&#8217;aucune th\u00e9rapie ne peut \u00eatre mise en place.<\/p>\n<p>Pour conna\u00eetre les risques et les effets secondaires, lisez la notice et demandez conseil \u00e0 votre m\u00e9decin ou \u00e0 votre pharmacien.<\/p>\n<h3 class=\"TypographyPresentation TypographyPresentation--medium RichText3-paragraph--withVSpacingNormal RichText3-paragraph HighlightSol HighlightSol--buildingBlock\" style=\"text-align: left;\">Des questions sur le produit ? Nous sommes l\u00e0 pour vous !<\/h3>\n<p class=\"TypographyPresentation TypographyPresentation--medium RichText3-paragraph--withVSpacingNormal RichText3-paragraph HighlightSol HighlightSol--buildingBlock\">Notre pharmacienne responsable, <strong>Dr. Sandra Hoff<\/strong>, et son \u00e9quipe se feront un plaisir de vous conseiller personnellement &#8211; par t\u00e9l\u00e9phone ou par e-mail. En tant que <strong>v\u00e9ritable pharmacie locale<\/strong> et <strong>pharmacie de vente par correspondance agr\u00e9\u00e9e<\/strong>, nous vous offrons un soutien comp\u00e9tent, en particulier dans les domaines de la <a href=\"https:\/\/www.loewen-apotheke24.com\/en\/product_tag\/natural-remedies\/\">naturopathie<\/a> et des <a href=\"https:\/\/www.loewen-apotheke24.com\/en\/product_tag\/vitamins-minerals-nutritional-supplement\/\">compl\u00e9ments alimentaires<\/a>. Vous trouverez notre autorisation dans <a href=\"https:\/\/versandhandel.dimdi.de\/websearch\/servlet\/Gate;jsessionid=0D29D15655BE1174E9178A340E8FE6BC?accessid=dimdi_var&amp;term=3c387956690121ccc8763184f052b93f\" target=\"_blank\" rel=\"noopener\">le registre de la vente par correspondance<\/a>.<\/p>\n","protected":false},"excerpt":{"rendered":"<h2>MINOXIDIL DoppelherzPharma 50 mg\/ml Liquide<\/h2>\n<p>Solution \u00e0 utiliser sur la peau (cuir chevelu). Pour les hommes.<\/p>\n<p>&nbsp;<\/p>\n<p><strong>PZN<\/strong>: 17268563 (num\u00e9ro central de la pharmacie)<\/p>\n<p><strong>Forme pharmaceutique<\/strong>: liquide<\/p>\n<p><strong>Type d\u2019ordonnance<\/strong> : sans ordonnance<\/p>\n<p><strong>Marque<\/strong>: Doppelherz<\/p>\n<p><strong>Fabricant<\/strong>: Queisser Pharma GmbH &amp; Co. KG, Flensburg, Allemagne<\/p>\n<p><strong>Taille de l&#8217;emballage<\/strong>: (3x 60ml)<\/p>\n","protected":false},"featured_media":17026,"comment_status":"closed","ping_status":"closed","template":"","meta":[],"product_brand":[],"product_cat":[120,114],"product_tag":[896,309,264],"class_list":{"0":"post-17032","1":"product","2":"type-product","3":"status-publish","4":"has-post-thumbnail","6":"product_cat-sale-fr","7":"product_cat-non-classifiee","8":"product_tag-cheveux","9":"product_tag-vente-mensuelle","10":"product_tag-vitamines-et-supplements","11":"ts_product_brand-all-fr","13":"first","14":"instock","15":"featured","16":"taxable","17":"shipping-taxable","18":"purchasable","19":"product-type-simple"},"yoast_head":"<!-- This site is optimized with the Yoast SEO plugin v26.5 - https:\/\/yoast.com\/wordpress\/plugins\/seo\/ -->\n<title>MINOXIDIL DoppelherzPharma 50 mg\/ml Liquide (3x 60ml) &#187; Lion Pharmacy<\/title>\n<meta name=\"description\" content=\"pharmacie en ligne allemande enregistr\u00e9e | livraison internationale rapide | achat en ligne s\u00e9curis\u00e9 | perte de cheveux &gt; MINOXIDIL DoppelherzPharma 50 mg\/ml Liquide (3x 60ml).\" \/>\n<meta name=\"robots\" content=\"index, follow, max-snippet:-1, max-image-preview:large, max-video-preview:-1\" \/>\n<link rel=\"canonical\" href=\"https:\/\/lions-pharmacy.com\/fr\/produit\/minoxidil-doppelherzpharma-50-mg-ml-liquid-3x-60ml-hair-loss-17268563\" \/>\n<meta property=\"og:locale\" content=\"fr_FR\" \/>\n<meta property=\"og:type\" content=\"article\" \/>\n<meta property=\"og:title\" content=\"MINOXIDIL DoppelherzPharma 50 mg\/ml Liquide (3x 60ml) &#187; Lion Pharmacy\" \/>\n<meta property=\"og:description\" content=\"pharmacie en ligne allemande enregistr\u00e9e | livraison internationale rapide | achat en ligne s\u00e9curis\u00e9 | perte de cheveux &gt; MINOXIDIL DoppelherzPharma 50 mg\/ml Liquide (3x 60ml).\" \/>\n<meta property=\"og:url\" content=\"https:\/\/lions-pharmacy.com\/fr\/produit\/minoxidil-doppelherzpharma-50-mg-ml-liquid-3x-60ml-hair-loss-17268563\" \/>\n<meta property=\"og:site_name\" content=\"Lion Pharmacy\" \/>\n<meta property=\"article:modified_time\" content=\"2025-11-22T08:08:37+00:00\" \/>\n<meta property=\"og:image\" content=\"https:\/\/lions-pharmacy.com\/wp-content\/uploads\/2025\/11\/17268563_Doppelherz_Minoxidil_50_mg_ml_Loesung_zur_Anwendung_auf_der_Kopfhaut.webp\" \/>\n\t<meta property=\"og:image:width\" content=\"600\" \/>\n\t<meta property=\"og:image:height\" content=\"600\" \/>\n\t<meta property=\"og:image:type\" content=\"image\/webp\" \/>\n<meta name=\"twitter:card\" content=\"summary_large_image\" \/>\n<meta name=\"twitter:label1\" content=\"Dur\u00e9e de lecture estim\u00e9e\" \/>\n\t<meta name=\"twitter:data1\" content=\"2 minutes\" \/>\n<script type=\"application\/ld+json\" class=\"yoast-schema-graph\">{\"@context\":\"https:\/\/schema.org\",\"@graph\":[{\"@type\":\"WebPage\",\"@id\":\"https:\/\/lions-pharmacy.com\/fr\/produit\/minoxidil-doppelherzpharma-50-mg-ml-liquid-3x-60ml-hair-loss-17268563\",\"url\":\"https:\/\/lions-pharmacy.com\/fr\/produit\/minoxidil-doppelherzpharma-50-mg-ml-liquid-3x-60ml-hair-loss-17268563\",\"name\":\"MINOXIDIL DoppelherzPharma 50 mg\/ml Liquide (3x 60ml) &#187; Lion Pharmacy\",\"isPartOf\":{\"@id\":\"https:\/\/lions-pharmacy.com\/fr#website\"},\"primaryImageOfPage\":{\"@id\":\"https:\/\/lions-pharmacy.com\/fr\/produit\/minoxidil-doppelherzpharma-50-mg-ml-liquid-3x-60ml-hair-loss-17268563#primaryimage\"},\"image\":{\"@id\":\"https:\/\/lions-pharmacy.com\/fr\/produit\/minoxidil-doppelherzpharma-50-mg-ml-liquid-3x-60ml-hair-loss-17268563#primaryimage\"},\"thumbnailUrl\":\"https:\/\/lions-pharmacy.com\/wp-content\/uploads\/2025\/11\/17268563_Doppelherz_Minoxidil_50_mg_ml_Loesung_zur_Anwendung_auf_der_Kopfhaut.webp\",\"datePublished\":\"2025-11-22T06:51:53+00:00\",\"dateModified\":\"2025-11-22T08:08:37+00:00\",\"description\":\"pharmacie en ligne allemande enregistr\u00e9e | livraison internationale rapide | achat en ligne s\u00e9curis\u00e9 | perte de cheveux > MINOXIDIL DoppelherzPharma 50 mg\/ml Liquide (3x 60ml).\",\"breadcrumb\":{\"@id\":\"https:\/\/lions-pharmacy.com\/fr\/produit\/minoxidil-doppelherzpharma-50-mg-ml-liquid-3x-60ml-hair-loss-17268563#breadcrumb\"},\"inLanguage\":\"fr-FR\",\"potentialAction\":[{\"@type\":\"ReadAction\",\"target\":[\"https:\/\/lions-pharmacy.com\/fr\/produit\/minoxidil-doppelherzpharma-50-mg-ml-liquid-3x-60ml-hair-loss-17268563\"]}]},{\"@type\":\"ImageObject\",\"inLanguage\":\"fr-FR\",\"@id\":\"https:\/\/lions-pharmacy.com\/fr\/produit\/minoxidil-doppelherzpharma-50-mg-ml-liquid-3x-60ml-hair-loss-17268563#primaryimage\",\"url\":\"https:\/\/lions-pharmacy.com\/wp-content\/uploads\/2025\/11\/17268563_Doppelherz_Minoxidil_50_mg_ml_Loesung_zur_Anwendung_auf_der_Kopfhaut.webp\",\"contentUrl\":\"https:\/\/lions-pharmacy.com\/wp-content\/uploads\/2025\/11\/17268563_Doppelherz_Minoxidil_50_mg_ml_Loesung_zur_Anwendung_auf_der_Kopfhaut.webp\",\"width\":600,\"height\":600,\"caption\":\"Packshot DoppelherzPharma Minoxidil 50 mg\/ml liquide pour la chute des cheveux\"},{\"@type\":\"BreadcrumbList\",\"@id\":\"https:\/\/lions-pharmacy.com\/fr\/produit\/minoxidil-doppelherzpharma-50-mg-ml-liquid-3x-60ml-hair-loss-17268563#breadcrumb\",\"itemListElement\":[{\"@type\":\"ListItem\",\"position\":1,\"name\":\"Home\",\"item\":\"https:\/\/lions-pharmacy.com\/fr\/homepage-lion-pharmacy\"},{\"@type\":\"ListItem\",\"position\":2,\"name\":\"Shop\",\"item\":\"https:\/\/lions-pharmacy.com\/fr\/boutique\"},{\"@type\":\"ListItem\",\"position\":3,\"name\":\"MINOXIDIL DoppelherzPharma 50 mg\/ml Liquide (3x 60ml)\"}]},{\"@type\":\"WebSite\",\"@id\":\"https:\/\/lions-pharmacy.com\/fr#website\",\"url\":\"https:\/\/lions-pharmacy.com\/fr\",\"name\":\"Lions Pharmacy\",\"description\":\"Pharmacie sp\u00e9cialis\u00e9e en naturopathie de Baden-Baden, Allemagne\",\"publisher\":{\"@id\":\"https:\/\/lions-pharmacy.com\/fr#organization\"},\"alternateName\":\"Lion Pharmacy\",\"potentialAction\":[{\"@type\":\"SearchAction\",\"target\":{\"@type\":\"EntryPoint\",\"urlTemplate\":\"https:\/\/lions-pharmacy.com\/fr?s={search_term_string}\"},\"query-input\":{\"@type\":\"PropertyValueSpecification\",\"valueRequired\":true,\"valueName\":\"search_term_string\"}}],\"inLanguage\":\"fr-FR\"},{\"@type\":\"Organization\",\"@id\":\"https:\/\/lions-pharmacy.com\/fr#organization\",\"name\":\"Lions Pharmacy\",\"alternateName\":\"Lions Pharmacy24\",\"url\":\"https:\/\/lions-pharmacy.com\/fr\",\"logo\":{\"@type\":\"ImageObject\",\"inLanguage\":\"fr-FR\",\"@id\":\"https:\/\/lions-pharmacy.com\/fr#\/schema\/logo\/image\/\",\"url\":\"https:\/\/lions-pharmacy.com\/wp-content\/uploads\/2022\/12\/Logo-Lion-Pharmacy-c-o-Loewen-Apotheke-smal.jpg\",\"contentUrl\":\"https:\/\/lions-pharmacy.com\/wp-content\/uploads\/2022\/12\/Logo-Lion-Pharmacy-c-o-Loewen-Apotheke-smal.jpg\",\"width\":298,\"height\":99,\"caption\":\"Lions Pharmacy\"},\"image\":{\"@id\":\"https:\/\/lions-pharmacy.com\/fr#\/schema\/logo\/image\/\"}}]}<\/script>\n<!-- \/ Yoast SEO plugin. -->","yoast_head_json":{"title":"MINOXIDIL DoppelherzPharma 50 mg\/ml Liquide (3x 60ml) &#187; Lion Pharmacy","description":"pharmacie en ligne allemande enregistr\u00e9e | livraison internationale rapide | achat en ligne s\u00e9curis\u00e9 | perte de cheveux > MINOXIDIL DoppelherzPharma 50 mg\/ml Liquide (3x 60ml).","robots":{"index":"index","follow":"follow","max-snippet":"max-snippet:-1","max-image-preview":"max-image-preview:large","max-video-preview":"max-video-preview:-1"},"canonical":"https:\/\/lions-pharmacy.com\/fr\/produit\/minoxidil-doppelherzpharma-50-mg-ml-liquid-3x-60ml-hair-loss-17268563","og_locale":"fr_FR","og_type":"article","og_title":"MINOXIDIL DoppelherzPharma 50 mg\/ml Liquide (3x 60ml) &#187; Lion Pharmacy","og_description":"pharmacie en ligne allemande enregistr\u00e9e | livraison internationale rapide | achat en ligne s\u00e9curis\u00e9 | perte de cheveux > MINOXIDIL DoppelherzPharma 50 mg\/ml Liquide (3x 60ml).","og_url":"https:\/\/lions-pharmacy.com\/fr\/produit\/minoxidil-doppelherzpharma-50-mg-ml-liquid-3x-60ml-hair-loss-17268563","og_site_name":"Lion Pharmacy","article_modified_time":"2025-11-22T08:08:37+00:00","og_image":[{"width":600,"height":600,"url":"https:\/\/lions-pharmacy.com\/wp-content\/uploads\/2025\/11\/17268563_Doppelherz_Minoxidil_50_mg_ml_Loesung_zur_Anwendung_auf_der_Kopfhaut.webp","type":"image\/webp"}],"twitter_card":"summary_large_image","twitter_misc":{"Dur\u00e9e de lecture estim\u00e9e":"2 minutes"},"schema":{"@context":"https:\/\/schema.org","@graph":[{"@type":"WebPage","@id":"https:\/\/lions-pharmacy.com\/fr\/produit\/minoxidil-doppelherzpharma-50-mg-ml-liquid-3x-60ml-hair-loss-17268563","url":"https:\/\/lions-pharmacy.com\/fr\/produit\/minoxidil-doppelherzpharma-50-mg-ml-liquid-3x-60ml-hair-loss-17268563","name":"MINOXIDIL DoppelherzPharma 50 mg\/ml Liquide (3x 60ml) &#187; Lion Pharmacy","isPartOf":{"@id":"https:\/\/lions-pharmacy.com\/fr#website"},"primaryImageOfPage":{"@id":"https:\/\/lions-pharmacy.com\/fr\/produit\/minoxidil-doppelherzpharma-50-mg-ml-liquid-3x-60ml-hair-loss-17268563#primaryimage"},"image":{"@id":"https:\/\/lions-pharmacy.com\/fr\/produit\/minoxidil-doppelherzpharma-50-mg-ml-liquid-3x-60ml-hair-loss-17268563#primaryimage"},"thumbnailUrl":"https:\/\/lions-pharmacy.com\/wp-content\/uploads\/2025\/11\/17268563_Doppelherz_Minoxidil_50_mg_ml_Loesung_zur_Anwendung_auf_der_Kopfhaut.webp","datePublished":"2025-11-22T06:51:53+00:00","dateModified":"2025-11-22T08:08:37+00:00","description":"pharmacie en ligne allemande enregistr\u00e9e | livraison internationale rapide | achat en ligne s\u00e9curis\u00e9 | perte de cheveux > MINOXIDIL DoppelherzPharma 50 mg\/ml Liquide (3x 60ml).","breadcrumb":{"@id":"https:\/\/lions-pharmacy.com\/fr\/produit\/minoxidil-doppelherzpharma-50-mg-ml-liquid-3x-60ml-hair-loss-17268563#breadcrumb"},"inLanguage":"fr-FR","potentialAction":[{"@type":"ReadAction","target":["https:\/\/lions-pharmacy.com\/fr\/produit\/minoxidil-doppelherzpharma-50-mg-ml-liquid-3x-60ml-hair-loss-17268563"]}]},{"@type":"ImageObject","inLanguage":"fr-FR","@id":"https:\/\/lions-pharmacy.com\/fr\/produit\/minoxidil-doppelherzpharma-50-mg-ml-liquid-3x-60ml-hair-loss-17268563#primaryimage","url":"https:\/\/lions-pharmacy.com\/wp-content\/uploads\/2025\/11\/17268563_Doppelherz_Minoxidil_50_mg_ml_Loesung_zur_Anwendung_auf_der_Kopfhaut.webp","contentUrl":"https:\/\/lions-pharmacy.com\/wp-content\/uploads\/2025\/11\/17268563_Doppelherz_Minoxidil_50_mg_ml_Loesung_zur_Anwendung_auf_der_Kopfhaut.webp","width":600,"height":600,"caption":"Packshot DoppelherzPharma Minoxidil 50 mg\/ml liquide pour la chute des cheveux"},{"@type":"BreadcrumbList","@id":"https:\/\/lions-pharmacy.com\/fr\/produit\/minoxidil-doppelherzpharma-50-mg-ml-liquid-3x-60ml-hair-loss-17268563#breadcrumb","itemListElement":[{"@type":"ListItem","position":1,"name":"Home","item":"https:\/\/lions-pharmacy.com\/fr\/homepage-lion-pharmacy"},{"@type":"ListItem","position":2,"name":"Shop","item":"https:\/\/lions-pharmacy.com\/fr\/boutique"},{"@type":"ListItem","position":3,"name":"MINOXIDIL DoppelherzPharma 50 mg\/ml Liquide (3x 60ml)"}]},{"@type":"WebSite","@id":"https:\/\/lions-pharmacy.com\/fr#website","url":"https:\/\/lions-pharmacy.com\/fr","name":"Lions Pharmacy","description":"Pharmacie sp\u00e9cialis\u00e9e en naturopathie de Baden-Baden, Allemagne","publisher":{"@id":"https:\/\/lions-pharmacy.com\/fr#organization"},"alternateName":"Lion Pharmacy","potentialAction":[{"@type":"SearchAction","target":{"@type":"EntryPoint","urlTemplate":"https:\/\/lions-pharmacy.com\/fr?s={search_term_string}"},"query-input":{"@type":"PropertyValueSpecification","valueRequired":true,"valueName":"search_term_string"}}],"inLanguage":"fr-FR"},{"@type":"Organization","@id":"https:\/\/lions-pharmacy.com\/fr#organization","name":"Lions Pharmacy","alternateName":"Lions Pharmacy24","url":"https:\/\/lions-pharmacy.com\/fr","logo":{"@type":"ImageObject","inLanguage":"fr-FR","@id":"https:\/\/lions-pharmacy.com\/fr#\/schema\/logo\/image\/","url":"https:\/\/lions-pharmacy.com\/wp-content\/uploads\/2022\/12\/Logo-Lion-Pharmacy-c-o-Loewen-Apotheke-smal.jpg","contentUrl":"https:\/\/lions-pharmacy.com\/wp-content\/uploads\/2022\/12\/Logo-Lion-Pharmacy-c-o-Loewen-Apotheke-smal.jpg","width":298,"height":99,"caption":"Lions Pharmacy"},"image":{"@id":"https:\/\/lions-pharmacy.com\/fr#\/schema\/logo\/image\/"}}]}},"_links":{"self":[{"href":"https:\/\/lions-pharmacy.com\/fr\/wp-json\/wp\/v2\/product\/17032","targetHints":{"allow":["GET"]}}],"collection":[{"href":"https:\/\/lions-pharmacy.com\/fr\/wp-json\/wp\/v2\/product"}],"about":[{"href":"https:\/\/lions-pharmacy.com\/fr\/wp-json\/wp\/v2\/types\/product"}],"replies":[{"embeddable":true,"href":"https:\/\/lions-pharmacy.com\/fr\/wp-json\/wp\/v2\/comments?post=17032"}],"wp:featuredmedia":[{"embeddable":true,"href":"https:\/\/lions-pharmacy.com\/fr\/wp-json\/wp\/v2\/media\/17026"}],"wp:attachment":[{"href":"https:\/\/lions-pharmacy.com\/fr\/wp-json\/wp\/v2\/media?parent=17032"}],"wp:term":[{"taxonomy":"product_brand","embeddable":true,"href":"https:\/\/lions-pharmacy.com\/fr\/wp-json\/wp\/v2\/product_brand?post=17032"},{"taxonomy":"product_cat","embeddable":true,"href":"https:\/\/lions-pharmacy.com\/fr\/wp-json\/wp\/v2\/product_cat?post=17032"},{"taxonomy":"product_tag","embeddable":true,"href":"https:\/\/lions-pharmacy.com\/fr\/wp-json\/wp\/v2\/product_tag?post=17032"}],"curies":[{"name":"wp","href":"https:\/\/api.w.org\/{rel}","templated":true}]}}