{"id":16712,"date":"2025-11-12T08:44:23","date_gmt":"2025-11-12T07:44:23","guid":{"rendered":"https:\/\/lions-pharmacy.com\/?post_type=product&#038;p=16712"},"modified":"2025-11-30T07:15:39","modified_gmt":"2025-11-30T06:15:39","slug":"euphorbium-comp-nasal-spray-30-ml-01230044","status":"publish","type":"product","link":"https:\/\/lions-pharmacy.com\/fr\/produit\/euphorbium-comp-nasal-spray-30-ml-01230044","title":{"rendered":"Euphorbium comp. Spray nasal (30 ml)"},"content":{"rendered":"<h3>Euphorbium comp. Spray nasal<\/h3>\n<p>Euphorbium comp SN hydrate les muqueuses nasales irrit\u00e9es et a un effet anti-inflammatoire, soutenant la fonction de barri\u00e8re et la r\u00e9g\u00e9n\u00e9ration des muqueuses. Sans conservateurs &#8211; les muqueuses ne sont pas davantage irrit\u00e9es.<\/p>\n<p>Buse de pulv\u00e9risation avec filtre r\u00e9sistant aux bact\u00e9ries &#8211; garantissant une dur\u00e9e de conservation de 6 semaines.<\/p>\n<p>Convient aux enfants &#8211; gr\u00e2ce \u00e0 ses ingr\u00e9dients naturels, Euphorbium comp. Les gouttes nasales SN conviennent aux enfants \u00e0 partir de 2 ans.<\/p>\n<p>Indication: infections pseudo-grippales.<\/p>\n<p>Autres produits pour l&#8217;application : <a href=\"https:\/\/lions-pharmacy.com\/fr\/etiquette-produit\/grippe-et-rhume\" rel=\"tag\">Grippe et rhume<\/a> | <a href=\"https:\/\/lions-pharmacy.com\/fr\/etiquette-produit\/infection-virale\" rel=\"tag\">Infection virale<\/a><br \/>\nEn savoir plus sur fabricant et ce produit: <a href=\"https:\/\/www.heel.de\/de\/produktsuche.html\" target=\"_blank\" rel=\"noopener\">Biologische Heilmittel Heel GmbH<\/a> (lien vers site Web externe)<\/p>\n<p>Les informations contenues dans ce site web sont fournies \u00e0 titre informatif uniquement. Ils ne remplacent en aucun cas l&#8217;examen et le traitement par un m\u00e9decin. Veuillez noter que cela signifie qu&#8217;aucun diagnostic ne peut \u00eatre \u00e9tabli et qu&#8217;aucune th\u00e9rapie ne peut \u00eatre mise en place.<\/p>\n<p>Pour conna\u00eetre les risques et les effets secondaires, lisez la notice et demandez conseil \u00e0 votre m\u00e9decin ou \u00e0 votre pharmacien.<\/p>\n","protected":false},"excerpt":{"rendered":"<h2>Euphorbium comp. Spray nasal<\/h2>\n<p>hydrate les muqueuses nasales irrit\u00e9es et a un effet anti-inflammatoire.<\/p>\n<p>&nbsp;<\/p>\n<p><strong>PZN<\/strong>: 01230044 (Pharma Central Number)<\/p>\n<p><strong>Forme pharmaceutique :<\/strong> comprim\u00e9s<\/p>\n<p><strong>Type d\u2019ordonnance<\/strong> : sans ordonnance<\/p>\n<p><strong>Marque<\/strong>&nbsp;: &#8211;<\/p>\n<p><strong>Fabricant<\/strong>: Biologische Heilmittel Heel GmbH<\/p>\n<p><strong>Taille de l&#8217;emballage :<\/strong> 30 ml<\/p>\n","protected":false},"featured_media":16717,"comment_status":"closed","ping_status":"closed","template":"","meta":[],"product_brand":[],"product_cat":[346,120,114],"product_tag":[510,468,306,464,309],"class_list":{"0":"post-16712","1":"product","2":"type-product","3":"status-publish","4":"has-post-thumbnail","6":"product_cat-heel","7":"product_cat-sale-fr","8":"product_cat-non-classifiee","9":"product_tag-actif-dorigine-vegetale","10":"product_tag-grippe-et-rhume","11":"product_tag-homeopathie","12":"product_tag-remedes-naturels","13":"product_tag-vente-mensuelle","14":"product_shipping_class-standard-fr","15":"ts_product_brand-all-fr","16":"ts_product_brand-heel-fr","18":"first","19":"instock","20":"taxable","21":"shipping-taxable","22":"purchasable","23":"product-type-simple"},"yoast_head":"<!-- This site is optimized with the Yoast SEO plugin v26.5 - https:\/\/yoast.com\/wordpress\/plugins\/seo\/ -->\n<title>Euphorbium comp. Spray nasal (30 ml) &#187; Lion Pharmacy &#187; commander ici<\/title>\n<meta name=\"description\" content=\"Pharmacie en ligne allemande enregistr\u00e9e. Exp\u00e9dition internationale rapide et achats en ligne en toute s\u00e9curit\u00e9. M\u00e9dicaments \u00e0 talon : Euphorbium comp. Spray nasal (30 ml) &gt; commandez ici\" \/>\n<meta name=\"robots\" content=\"index, follow, max-snippet:-1, max-image-preview:large, max-video-preview:-1\" \/>\n<link rel=\"canonical\" href=\"https:\/\/lions-pharmacy.com\/fr\/produit\/euphorbium-comp-nasal-spray-30-ml-01230044\" \/>\n<meta property=\"og:locale\" content=\"fr_FR\" \/>\n<meta property=\"og:type\" content=\"article\" \/>\n<meta property=\"og:title\" content=\"Euphorbium comp. Spray nasal (30 ml) &#187; Lion Pharmacy &#187; commander ici\" \/>\n<meta property=\"og:description\" content=\"Pharmacie en ligne allemande enregistr\u00e9e. Exp\u00e9dition internationale rapide et achats en ligne en toute s\u00e9curit\u00e9. M\u00e9dicaments \u00e0 talon : Euphorbium comp. Spray nasal (30 ml) &gt; commandez ici\" \/>\n<meta property=\"og:url\" content=\"https:\/\/lions-pharmacy.com\/fr\/produit\/euphorbium-comp-nasal-spray-30-ml-01230044\" \/>\n<meta property=\"og:site_name\" content=\"Lion Pharmacy\" \/>\n<meta property=\"article:modified_time\" content=\"2025-11-30T06:15:39+00:00\" \/>\n<meta property=\"og:image\" content=\"https:\/\/lions-pharmacy.com\/wp-content\/uploads\/2025\/11\/EUPHORBIUM-COMPOSITUM-SN-Nasal-spary-from-biologische-Heel-Lions-Pharmacy.webp\" \/>\n\t<meta property=\"og:image:width\" content=\"600\" \/>\n\t<meta property=\"og:image:height\" content=\"600\" \/>\n\t<meta property=\"og:image:type\" content=\"image\/webp\" \/>\n<meta name=\"twitter:card\" content=\"summary_large_image\" \/>\n<meta name=\"twitter:label1\" content=\"Dur\u00e9e de lecture estim\u00e9e\" \/>\n\t<meta name=\"twitter:data1\" content=\"1 minute\" \/>\n<script type=\"application\/ld+json\" class=\"yoast-schema-graph\">{\"@context\":\"https:\/\/schema.org\",\"@graph\":[{\"@type\":\"WebPage\",\"@id\":\"https:\/\/lions-pharmacy.com\/fr\/produit\/euphorbium-comp-nasal-spray-30-ml-01230044\",\"url\":\"https:\/\/lions-pharmacy.com\/fr\/produit\/euphorbium-comp-nasal-spray-30-ml-01230044\",\"name\":\"Euphorbium comp. Spray nasal (30 ml) &#187; Lion Pharmacy &#187; commander ici\",\"isPartOf\":{\"@id\":\"https:\/\/lions-pharmacy.com\/fr#website\"},\"primaryImageOfPage\":{\"@id\":\"https:\/\/lions-pharmacy.com\/fr\/produit\/euphorbium-comp-nasal-spray-30-ml-01230044#primaryimage\"},\"image\":{\"@id\":\"https:\/\/lions-pharmacy.com\/fr\/produit\/euphorbium-comp-nasal-spray-30-ml-01230044#primaryimage\"},\"thumbnailUrl\":\"https:\/\/lions-pharmacy.com\/wp-content\/uploads\/2025\/11\/EUPHORBIUM-COMPOSITUM-SN-Nasal-spary-from-biologische-Heel-Lions-Pharmacy.webp\",\"datePublished\":\"2025-11-12T07:44:23+00:00\",\"dateModified\":\"2025-11-30T06:15:39+00:00\",\"description\":\"Pharmacie en ligne allemande enregistr\u00e9e. Exp\u00e9dition internationale rapide et achats en ligne en toute s\u00e9curit\u00e9. M\u00e9dicaments \u00e0 talon : Euphorbium comp. Spray nasal (30 ml) > commandez ici\",\"breadcrumb\":{\"@id\":\"https:\/\/lions-pharmacy.com\/fr\/produit\/euphorbium-comp-nasal-spray-30-ml-01230044#breadcrumb\"},\"inLanguage\":\"fr-FR\",\"potentialAction\":[{\"@type\":\"ReadAction\",\"target\":[\"https:\/\/lions-pharmacy.com\/fr\/produit\/euphorbium-comp-nasal-spray-30-ml-01230044\"]}]},{\"@type\":\"ImageObject\",\"inLanguage\":\"fr-FR\",\"@id\":\"https:\/\/lions-pharmacy.com\/fr\/produit\/euphorbium-comp-nasal-spray-30-ml-01230044#primaryimage\",\"url\":\"https:\/\/lions-pharmacy.com\/wp-content\/uploads\/2025\/11\/EUPHORBIUM-COMPOSITUM-SN-Nasal-spary-from-biologische-Heel-Lions-Pharmacy.webp\",\"contentUrl\":\"https:\/\/lions-pharmacy.com\/wp-content\/uploads\/2025\/11\/EUPHORBIUM-COMPOSITUM-SN-Nasal-spary-from-biologische-Heel-Lions-Pharmacy.webp\",\"width\":600,\"height\":600,\"caption\":\"EUPHORBIUM COMPOSITUM SN Spray nasal de Biologische Heel, Lions-Pharmacy\"},{\"@type\":\"BreadcrumbList\",\"@id\":\"https:\/\/lions-pharmacy.com\/fr\/produit\/euphorbium-comp-nasal-spray-30-ml-01230044#breadcrumb\",\"itemListElement\":[{\"@type\":\"ListItem\",\"position\":1,\"name\":\"Home\",\"item\":\"https:\/\/lions-pharmacy.com\/fr\/homepage-lion-pharmacy\"},{\"@type\":\"ListItem\",\"position\":2,\"name\":\"Shop\",\"item\":\"https:\/\/lions-pharmacy.com\/fr\/boutique\"},{\"@type\":\"ListItem\",\"position\":3,\"name\":\"Euphorbium comp. Spray nasal (30 ml)\"}]},{\"@type\":\"WebSite\",\"@id\":\"https:\/\/lions-pharmacy.com\/fr#website\",\"url\":\"https:\/\/lions-pharmacy.com\/fr\",\"name\":\"Lions Pharmacy\",\"description\":\"Pharmacie sp\u00e9cialis\u00e9e en naturopathie de Baden-Baden, Allemagne\",\"publisher\":{\"@id\":\"https:\/\/lions-pharmacy.com\/fr#organization\"},\"alternateName\":\"Lion Pharmacy\",\"potentialAction\":[{\"@type\":\"SearchAction\",\"target\":{\"@type\":\"EntryPoint\",\"urlTemplate\":\"https:\/\/lions-pharmacy.com\/fr?s={search_term_string}\"},\"query-input\":{\"@type\":\"PropertyValueSpecification\",\"valueRequired\":true,\"valueName\":\"search_term_string\"}}],\"inLanguage\":\"fr-FR\"},{\"@type\":\"Organization\",\"@id\":\"https:\/\/lions-pharmacy.com\/fr#organization\",\"name\":\"Lions Pharmacy\",\"alternateName\":\"Lions Pharmacy24\",\"url\":\"https:\/\/lions-pharmacy.com\/fr\",\"logo\":{\"@type\":\"ImageObject\",\"inLanguage\":\"fr-FR\",\"@id\":\"https:\/\/lions-pharmacy.com\/fr#\/schema\/logo\/image\/\",\"url\":\"https:\/\/lions-pharmacy.com\/wp-content\/uploads\/2022\/12\/Logo-Lion-Pharmacy-c-o-Loewen-Apotheke-smal.jpg\",\"contentUrl\":\"https:\/\/lions-pharmacy.com\/wp-content\/uploads\/2022\/12\/Logo-Lion-Pharmacy-c-o-Loewen-Apotheke-smal.jpg\",\"width\":298,\"height\":99,\"caption\":\"Lions Pharmacy\"},\"image\":{\"@id\":\"https:\/\/lions-pharmacy.com\/fr#\/schema\/logo\/image\/\"}}]}<\/script>\n<!-- \/ Yoast SEO plugin. -->","yoast_head_json":{"title":"Euphorbium comp. Spray nasal (30 ml) &#187; Lion Pharmacy &#187; commander ici","description":"Pharmacie en ligne allemande enregistr\u00e9e. Exp\u00e9dition internationale rapide et achats en ligne en toute s\u00e9curit\u00e9. M\u00e9dicaments \u00e0 talon : Euphorbium comp. Spray nasal (30 ml) > commandez ici","robots":{"index":"index","follow":"follow","max-snippet":"max-snippet:-1","max-image-preview":"max-image-preview:large","max-video-preview":"max-video-preview:-1"},"canonical":"https:\/\/lions-pharmacy.com\/fr\/produit\/euphorbium-comp-nasal-spray-30-ml-01230044","og_locale":"fr_FR","og_type":"article","og_title":"Euphorbium comp. Spray nasal (30 ml) &#187; Lion Pharmacy &#187; commander ici","og_description":"Pharmacie en ligne allemande enregistr\u00e9e. Exp\u00e9dition internationale rapide et achats en ligne en toute s\u00e9curit\u00e9. M\u00e9dicaments \u00e0 talon : Euphorbium comp. Spray nasal (30 ml) > commandez ici","og_url":"https:\/\/lions-pharmacy.com\/fr\/produit\/euphorbium-comp-nasal-spray-30-ml-01230044","og_site_name":"Lion Pharmacy","article_modified_time":"2025-11-30T06:15:39+00:00","og_image":[{"width":600,"height":600,"url":"https:\/\/lions-pharmacy.com\/wp-content\/uploads\/2025\/11\/EUPHORBIUM-COMPOSITUM-SN-Nasal-spary-from-biologische-Heel-Lions-Pharmacy.webp","type":"image\/webp"}],"twitter_card":"summary_large_image","twitter_misc":{"Dur\u00e9e de lecture estim\u00e9e":"1 minute"},"schema":{"@context":"https:\/\/schema.org","@graph":[{"@type":"WebPage","@id":"https:\/\/lions-pharmacy.com\/fr\/produit\/euphorbium-comp-nasal-spray-30-ml-01230044","url":"https:\/\/lions-pharmacy.com\/fr\/produit\/euphorbium-comp-nasal-spray-30-ml-01230044","name":"Euphorbium comp. Spray nasal (30 ml) &#187; Lion Pharmacy &#187; commander ici","isPartOf":{"@id":"https:\/\/lions-pharmacy.com\/fr#website"},"primaryImageOfPage":{"@id":"https:\/\/lions-pharmacy.com\/fr\/produit\/euphorbium-comp-nasal-spray-30-ml-01230044#primaryimage"},"image":{"@id":"https:\/\/lions-pharmacy.com\/fr\/produit\/euphorbium-comp-nasal-spray-30-ml-01230044#primaryimage"},"thumbnailUrl":"https:\/\/lions-pharmacy.com\/wp-content\/uploads\/2025\/11\/EUPHORBIUM-COMPOSITUM-SN-Nasal-spary-from-biologische-Heel-Lions-Pharmacy.webp","datePublished":"2025-11-12T07:44:23+00:00","dateModified":"2025-11-30T06:15:39+00:00","description":"Pharmacie en ligne allemande enregistr\u00e9e. Exp\u00e9dition internationale rapide et achats en ligne en toute s\u00e9curit\u00e9. M\u00e9dicaments \u00e0 talon : Euphorbium comp. Spray nasal (30 ml) > commandez ici","breadcrumb":{"@id":"https:\/\/lions-pharmacy.com\/fr\/produit\/euphorbium-comp-nasal-spray-30-ml-01230044#breadcrumb"},"inLanguage":"fr-FR","potentialAction":[{"@type":"ReadAction","target":["https:\/\/lions-pharmacy.com\/fr\/produit\/euphorbium-comp-nasal-spray-30-ml-01230044"]}]},{"@type":"ImageObject","inLanguage":"fr-FR","@id":"https:\/\/lions-pharmacy.com\/fr\/produit\/euphorbium-comp-nasal-spray-30-ml-01230044#primaryimage","url":"https:\/\/lions-pharmacy.com\/wp-content\/uploads\/2025\/11\/EUPHORBIUM-COMPOSITUM-SN-Nasal-spary-from-biologische-Heel-Lions-Pharmacy.webp","contentUrl":"https:\/\/lions-pharmacy.com\/wp-content\/uploads\/2025\/11\/EUPHORBIUM-COMPOSITUM-SN-Nasal-spary-from-biologische-Heel-Lions-Pharmacy.webp","width":600,"height":600,"caption":"EUPHORBIUM COMPOSITUM SN Spray nasal de Biologische Heel, Lions-Pharmacy"},{"@type":"BreadcrumbList","@id":"https:\/\/lions-pharmacy.com\/fr\/produit\/euphorbium-comp-nasal-spray-30-ml-01230044#breadcrumb","itemListElement":[{"@type":"ListItem","position":1,"name":"Home","item":"https:\/\/lions-pharmacy.com\/fr\/homepage-lion-pharmacy"},{"@type":"ListItem","position":2,"name":"Shop","item":"https:\/\/lions-pharmacy.com\/fr\/boutique"},{"@type":"ListItem","position":3,"name":"Euphorbium comp. Spray nasal (30 ml)"}]},{"@type":"WebSite","@id":"https:\/\/lions-pharmacy.com\/fr#website","url":"https:\/\/lions-pharmacy.com\/fr","name":"Lions Pharmacy","description":"Pharmacie sp\u00e9cialis\u00e9e en naturopathie de Baden-Baden, Allemagne","publisher":{"@id":"https:\/\/lions-pharmacy.com\/fr#organization"},"alternateName":"Lion Pharmacy","potentialAction":[{"@type":"SearchAction","target":{"@type":"EntryPoint","urlTemplate":"https:\/\/lions-pharmacy.com\/fr?s={search_term_string}"},"query-input":{"@type":"PropertyValueSpecification","valueRequired":true,"valueName":"search_term_string"}}],"inLanguage":"fr-FR"},{"@type":"Organization","@id":"https:\/\/lions-pharmacy.com\/fr#organization","name":"Lions Pharmacy","alternateName":"Lions Pharmacy24","url":"https:\/\/lions-pharmacy.com\/fr","logo":{"@type":"ImageObject","inLanguage":"fr-FR","@id":"https:\/\/lions-pharmacy.com\/fr#\/schema\/logo\/image\/","url":"https:\/\/lions-pharmacy.com\/wp-content\/uploads\/2022\/12\/Logo-Lion-Pharmacy-c-o-Loewen-Apotheke-smal.jpg","contentUrl":"https:\/\/lions-pharmacy.com\/wp-content\/uploads\/2022\/12\/Logo-Lion-Pharmacy-c-o-Loewen-Apotheke-smal.jpg","width":298,"height":99,"caption":"Lions Pharmacy"},"image":{"@id":"https:\/\/lions-pharmacy.com\/fr#\/schema\/logo\/image\/"}}]}},"_links":{"self":[{"href":"https:\/\/lions-pharmacy.com\/fr\/wp-json\/wp\/v2\/product\/16712","targetHints":{"allow":["GET"]}}],"collection":[{"href":"https:\/\/lions-pharmacy.com\/fr\/wp-json\/wp\/v2\/product"}],"about":[{"href":"https:\/\/lions-pharmacy.com\/fr\/wp-json\/wp\/v2\/types\/product"}],"replies":[{"embeddable":true,"href":"https:\/\/lions-pharmacy.com\/fr\/wp-json\/wp\/v2\/comments?post=16712"}],"wp:featuredmedia":[{"embeddable":true,"href":"https:\/\/lions-pharmacy.com\/fr\/wp-json\/wp\/v2\/media\/16717"}],"wp:attachment":[{"href":"https:\/\/lions-pharmacy.com\/fr\/wp-json\/wp\/v2\/media?parent=16712"}],"wp:term":[{"taxonomy":"product_brand","embeddable":true,"href":"https:\/\/lions-pharmacy.com\/fr\/wp-json\/wp\/v2\/product_brand?post=16712"},{"taxonomy":"product_cat","embeddable":true,"href":"https:\/\/lions-pharmacy.com\/fr\/wp-json\/wp\/v2\/product_cat?post=16712"},{"taxonomy":"product_tag","embeddable":true,"href":"https:\/\/lions-pharmacy.com\/fr\/wp-json\/wp\/v2\/product_tag?post=16712"}],"curies":[{"name":"wp","href":"https:\/\/api.w.org\/{rel}","templated":true}]}}