{"id":1671,"date":"2023-01-14T15:30:05","date_gmt":"2023-01-14T14:30:05","guid":{"rendered":"https:\/\/lions-pharmacy.com\/product\/neythymun-nr-29-fk-st-ii-ampoules-hospitalieres-50x-2ml"},"modified":"2025-01-26T19:23:39","modified_gmt":"2025-01-26T18:23:39","slug":"neythymun-nr-29-fk-st-ii-ampoules-hospital-pack-50x-2ml-03514308","status":"publish","type":"product","link":"https:\/\/lions-pharmacy.com\/fr\/produit\/neythymun-nr-29-fk-st-ii-ampoules-hospital-pack-50x-2ml-03514308","title":{"rendered":"Neythymun Nr.29 f+k St.II ampoules hospitali\u00e8res 50x 2ml"},"content":{"rendered":"<h2>Neythymun Nr.29 f+k St.II ampoules<\/h2>\n<p>&#8220;Thymus fet.+juv&#8221; &#8211; Neythymun Nr.29 f+k St.II ampoules.<\/p>\n<p>Les pr\u00e9parations hom\u00e9opathiques pour organes propos\u00e9es par vitOrgan pour la th\u00e9rapie biomol\u00e9culaire utilisent des substances organiques naturelles ayant un effet r\u00e9gulateur et m\u00e9tabolique afin de normaliser physiologiquement les processus d\u00e9s\u00e9quilibr\u00e9s. La th\u00e9rapie biomol\u00e9culaire des organes vitaux est une th\u00e9rapie tr\u00e8s efficace depuis 60 ans. Elle constitue un pont entre les domaines dits de la m\u00e9decine orthodoxe et de la naturopathie. Elle utilise des substances naturelles, r\u00e9gulatrices et m\u00e9taboliques, disponibles chez l&#8217;homme et l&#8217;animal, pour normaliser les maladies en modifiant les processus physiologiques qui ne sont plus en \u00e9quilibre &#8211; et ainsi traiter le patient non seulement sur le plan symptomatique, mais aussi sur le plan causal. Selon le principe &#8220;le c\u0153ur gu\u00e9rit le c\u0153ur, le rein gu\u00e9rit le rein, l&#8217;organe gu\u00e9rit l&#8217;organe&#8221;, il est important de r\u00e9veiller la puissance des cellules affaiblies par une r\u00e9gulation cibl\u00e9e.<\/p>\n<p>Notice d&#8217;information\/instructions d&#8217;utilisation\/fiche technique de l&#8217;article : (lecteur PDF)<\/p>\n<p>Nom alternatif du produit : Neythymun Nr. 29<\/p>\n<p>Autres produits pour l&#8217;application : <a href=\"https:\/\/lions-pharmacy.com\/produkt-kategorie\/vitorgan\">vitOrgan<\/a><\/p>\n<p>En savoir plus sur le fabricant et ce produit : <a href=\"https:\/\/vitorgan.de\/en\/products\/\" target=\"_blank\" rel=\"noopener\">vitOrgan<\/a> (lien vers un site web externe)<\/p>\n<p>Les informations contenues dans ce site web sont fournies \u00e0 titre informatif uniquement. Ils ne remplacent en aucun cas l&#8217;examen et le traitement par un m\u00e9decin. Veuillez noter que cela signifie qu&#8217;aucun diagnostic ne peut \u00eatre \u00e9tabli et qu&#8217;aucune th\u00e9rapie ne peut \u00eatre mise en place.<\/p>\n<p>Pour conna\u00eetre les risques et les effets secondaires, lisez la notice et demandez conseil \u00e0 votre m\u00e9decin ou \u00e0 votre pharmacien.<\/p>\n","protected":false},"excerpt":{"rendered":"<h2>Neythymun Nr.29 f+k St.II ampoules<\/h2>\n<p>&#8220;Thymus fet.+juv&#8221; &#8211; Emballage hospitalier &#8211; emballage de volume avec 50 pc.<\/p>\n<p>&nbsp;<\/p>\n<p>PZN : 03514308 (num\u00e9ro central de la pharmacie)<\/p>\n<p>Forme pharmaceutique : ampoules<\/p>\n<p>Type de prescription : sans ordonnance<\/p>\n<p>Marque : vitOrgan<\/p>\n<p>Fabricant : vitOrgan GmbH &amp; Co.KG, Ostfildern, Allemagne<\/p>\n<p>Conditionnement : 50 pi\u00e8ces par 2ml<\/p>\n","protected":false},"featured_media":4689,"comment_status":"closed","ping_status":"closed","template":"","meta":[],"product_brand":[],"product_cat":[120,129],"product_tag":[230],"class_list":{"0":"post-1671","1":"product","2":"type-product","3":"status-publish","4":"has-post-thumbnail","6":"product_cat-sale-fr","7":"product_cat-vitorgan-fr","8":"product_tag-neydil-fr","9":"ts_product_brand-all-fr","10":"ts_product_brand-vitorgan-fr","12":"first","13":"instock","14":"sale","15":"taxable","16":"shipping-taxable","17":"purchasable","18":"product-type-simple"},"yoast_head":"<!-- This site is optimized with the Yoast SEO plugin v26.5 - https:\/\/yoast.com\/wordpress\/plugins\/seo\/ -->\n<title>Neythymun Nr.29 f+k St.II ampoules hospitali\u00e8res 50x 2ml<\/title>\n<meta name=\"description\" content=\"Lion Pharmacy | German online pharmacy | Fast international Shipping | Product made by vitOrgan | Neythymun Nr.29 f+k St.II ampoules hospitali\u00e8res 50x 2ml\" \/>\n<meta name=\"robots\" content=\"index, follow, max-snippet:-1, max-image-preview:large, max-video-preview:-1\" \/>\n<link rel=\"canonical\" href=\"https:\/\/lions-pharmacy.com\/fr\/produit\/neythymun-nr-29-fk-st-ii-ampoules-hospital-pack-50x-2ml-03514308\" \/>\n<meta property=\"og:locale\" content=\"fr_FR\" \/>\n<meta property=\"og:type\" content=\"article\" \/>\n<meta property=\"og:title\" content=\"Neythymun Nr.29 f+k St.II ampoules hospitali\u00e8res 50x 2ml\" \/>\n<meta property=\"og:description\" content=\"Lion Pharmacy | German online pharmacy | Fast international Shipping | Product made by vitOrgan | Neythymun Nr.29 f+k St.II ampoules hospitali\u00e8res 50x 2ml\" \/>\n<meta property=\"og:url\" content=\"https:\/\/lions-pharmacy.com\/fr\/produit\/neythymun-nr-29-fk-st-ii-ampoules-hospital-pack-50x-2ml-03514308\" \/>\n<meta property=\"og:site_name\" content=\"Lion Pharmacy\" \/>\n<meta property=\"article:modified_time\" content=\"2025-01-26T18:23:39+00:00\" \/>\n<meta property=\"og:image\" content=\"https:\/\/lions-pharmacy.com\/wp-content\/uploads\/2022\/12\/vitorgan-Neythymun-No.29-fk-St.II-Ampoules-Lions-Pharmacy.webp\" \/>\n\t<meta property=\"og:image:width\" content=\"600\" \/>\n\t<meta property=\"og:image:height\" content=\"600\" \/>\n\t<meta property=\"og:image:type\" content=\"image\/webp\" \/>\n<meta name=\"twitter:card\" content=\"summary_large_image\" \/>\n<meta name=\"twitter:label1\" content=\"Dur\u00e9e de lecture estim\u00e9e\" \/>\n\t<meta name=\"twitter:data1\" content=\"1 minute\" \/>\n<script type=\"application\/ld+json\" class=\"yoast-schema-graph\">{\"@context\":\"https:\/\/schema.org\",\"@graph\":[{\"@type\":\"WebPage\",\"@id\":\"https:\/\/lions-pharmacy.com\/fr\/produit\/neythymun-nr-29-fk-st-ii-ampoules-hospital-pack-50x-2ml-03514308\",\"url\":\"https:\/\/lions-pharmacy.com\/fr\/produit\/neythymun-nr-29-fk-st-ii-ampoules-hospital-pack-50x-2ml-03514308\",\"name\":\"Neythymun Nr.29 f+k St.II ampoules hospitali\u00e8res 50x 2ml\",\"isPartOf\":{\"@id\":\"https:\/\/lions-pharmacy.com\/fr#website\"},\"primaryImageOfPage\":{\"@id\":\"https:\/\/lions-pharmacy.com\/fr\/produit\/neythymun-nr-29-fk-st-ii-ampoules-hospital-pack-50x-2ml-03514308#primaryimage\"},\"image\":{\"@id\":\"https:\/\/lions-pharmacy.com\/fr\/produit\/neythymun-nr-29-fk-st-ii-ampoules-hospital-pack-50x-2ml-03514308#primaryimage\"},\"thumbnailUrl\":\"https:\/\/lions-pharmacy.com\/wp-content\/uploads\/2022\/12\/vitorgan-Neythymun-No.29-fk-St.II-Ampoules-Lions-Pharmacy.webp\",\"datePublished\":\"2023-01-14T14:30:05+00:00\",\"dateModified\":\"2025-01-26T18:23:39+00:00\",\"description\":\"Lion Pharmacy | German online pharmacy | Fast international Shipping | Product made by vitOrgan | Neythymun Nr.29 f+k St.II ampoules hospitali\u00e8res 50x 2ml\",\"breadcrumb\":{\"@id\":\"https:\/\/lions-pharmacy.com\/fr\/produit\/neythymun-nr-29-fk-st-ii-ampoules-hospital-pack-50x-2ml-03514308#breadcrumb\"},\"inLanguage\":\"fr-FR\",\"potentialAction\":[{\"@type\":\"ReadAction\",\"target\":[\"https:\/\/lions-pharmacy.com\/fr\/produit\/neythymun-nr-29-fk-st-ii-ampoules-hospital-pack-50x-2ml-03514308\"]}]},{\"@type\":\"ImageObject\",\"inLanguage\":\"fr-FR\",\"@id\":\"https:\/\/lions-pharmacy.com\/fr\/produit\/neythymun-nr-29-fk-st-ii-ampoules-hospital-pack-50x-2ml-03514308#primaryimage\",\"url\":\"https:\/\/lions-pharmacy.com\/wp-content\/uploads\/2022\/12\/vitorgan-Neythymun-No.29-fk-St.II-Ampoules-Lions-Pharmacy.webp\",\"contentUrl\":\"https:\/\/lions-pharmacy.com\/wp-content\/uploads\/2022\/12\/vitorgan-Neythymun-No.29-fk-St.II-Ampoules-Lions-Pharmacy.webp\",\"width\":600,\"height\":600,\"caption\":\"vitorgan Neythymun No.29 fk St.II Ampoules Lions Pharmacy\"},{\"@type\":\"BreadcrumbList\",\"@id\":\"https:\/\/lions-pharmacy.com\/fr\/produit\/neythymun-nr-29-fk-st-ii-ampoules-hospital-pack-50x-2ml-03514308#breadcrumb\",\"itemListElement\":[{\"@type\":\"ListItem\",\"position\":1,\"name\":\"Home\",\"item\":\"https:\/\/lions-pharmacy.com\/fr\/homepage-lion-pharmacy\"},{\"@type\":\"ListItem\",\"position\":2,\"name\":\"Shop\",\"item\":\"https:\/\/lions-pharmacy.com\/fr\/boutique\"},{\"@type\":\"ListItem\",\"position\":3,\"name\":\"Neythymun Nr.29 f+k St.II ampoules hospitali\u00e8res 50x 2ml\"}]},{\"@type\":\"WebSite\",\"@id\":\"https:\/\/lions-pharmacy.com\/fr#website\",\"url\":\"https:\/\/lions-pharmacy.com\/fr\",\"name\":\"Lions Pharmacy\",\"description\":\"Pharmacie sp\u00e9cialis\u00e9e en naturopathie de Baden-Baden, Allemagne\",\"publisher\":{\"@id\":\"https:\/\/lions-pharmacy.com\/fr#organization\"},\"alternateName\":\"Lion Pharmacy\",\"potentialAction\":[{\"@type\":\"SearchAction\",\"target\":{\"@type\":\"EntryPoint\",\"urlTemplate\":\"https:\/\/lions-pharmacy.com\/fr?s={search_term_string}\"},\"query-input\":{\"@type\":\"PropertyValueSpecification\",\"valueRequired\":true,\"valueName\":\"search_term_string\"}}],\"inLanguage\":\"fr-FR\"},{\"@type\":\"Organization\",\"@id\":\"https:\/\/lions-pharmacy.com\/fr#organization\",\"name\":\"Lions Pharmacy\",\"alternateName\":\"Lions Pharmacy24\",\"url\":\"https:\/\/lions-pharmacy.com\/fr\",\"logo\":{\"@type\":\"ImageObject\",\"inLanguage\":\"fr-FR\",\"@id\":\"https:\/\/lions-pharmacy.com\/fr#\/schema\/logo\/image\/\",\"url\":\"https:\/\/lions-pharmacy.com\/wp-content\/uploads\/2022\/12\/Logo-Lion-Pharmacy-c-o-Loewen-Apotheke-smal.jpg\",\"contentUrl\":\"https:\/\/lions-pharmacy.com\/wp-content\/uploads\/2022\/12\/Logo-Lion-Pharmacy-c-o-Loewen-Apotheke-smal.jpg\",\"width\":298,\"height\":99,\"caption\":\"Lions Pharmacy\"},\"image\":{\"@id\":\"https:\/\/lions-pharmacy.com\/fr#\/schema\/logo\/image\/\"}}]}<\/script>\n<!-- \/ Yoast SEO plugin. -->","yoast_head_json":{"title":"Neythymun Nr.29 f+k St.II ampoules hospitali\u00e8res 50x 2ml","description":"Lion Pharmacy | German online pharmacy | Fast international Shipping | Product made by vitOrgan | Neythymun Nr.29 f+k St.II ampoules hospitali\u00e8res 50x 2ml","robots":{"index":"index","follow":"follow","max-snippet":"max-snippet:-1","max-image-preview":"max-image-preview:large","max-video-preview":"max-video-preview:-1"},"canonical":"https:\/\/lions-pharmacy.com\/fr\/produit\/neythymun-nr-29-fk-st-ii-ampoules-hospital-pack-50x-2ml-03514308","og_locale":"fr_FR","og_type":"article","og_title":"Neythymun Nr.29 f+k St.II ampoules hospitali\u00e8res 50x 2ml","og_description":"Lion Pharmacy | German online pharmacy | Fast international Shipping | Product made by vitOrgan | Neythymun Nr.29 f+k St.II ampoules hospitali\u00e8res 50x 2ml","og_url":"https:\/\/lions-pharmacy.com\/fr\/produit\/neythymun-nr-29-fk-st-ii-ampoules-hospital-pack-50x-2ml-03514308","og_site_name":"Lion Pharmacy","article_modified_time":"2025-01-26T18:23:39+00:00","og_image":[{"width":600,"height":600,"url":"https:\/\/lions-pharmacy.com\/wp-content\/uploads\/2022\/12\/vitorgan-Neythymun-No.29-fk-St.II-Ampoules-Lions-Pharmacy.webp","type":"image\/webp"}],"twitter_card":"summary_large_image","twitter_misc":{"Dur\u00e9e de lecture estim\u00e9e":"1 minute"},"schema":{"@context":"https:\/\/schema.org","@graph":[{"@type":"WebPage","@id":"https:\/\/lions-pharmacy.com\/fr\/produit\/neythymun-nr-29-fk-st-ii-ampoules-hospital-pack-50x-2ml-03514308","url":"https:\/\/lions-pharmacy.com\/fr\/produit\/neythymun-nr-29-fk-st-ii-ampoules-hospital-pack-50x-2ml-03514308","name":"Neythymun Nr.29 f+k St.II ampoules hospitali\u00e8res 50x 2ml","isPartOf":{"@id":"https:\/\/lions-pharmacy.com\/fr#website"},"primaryImageOfPage":{"@id":"https:\/\/lions-pharmacy.com\/fr\/produit\/neythymun-nr-29-fk-st-ii-ampoules-hospital-pack-50x-2ml-03514308#primaryimage"},"image":{"@id":"https:\/\/lions-pharmacy.com\/fr\/produit\/neythymun-nr-29-fk-st-ii-ampoules-hospital-pack-50x-2ml-03514308#primaryimage"},"thumbnailUrl":"https:\/\/lions-pharmacy.com\/wp-content\/uploads\/2022\/12\/vitorgan-Neythymun-No.29-fk-St.II-Ampoules-Lions-Pharmacy.webp","datePublished":"2023-01-14T14:30:05+00:00","dateModified":"2025-01-26T18:23:39+00:00","description":"Lion Pharmacy | German online pharmacy | Fast international Shipping | Product made by vitOrgan | Neythymun Nr.29 f+k St.II ampoules hospitali\u00e8res 50x 2ml","breadcrumb":{"@id":"https:\/\/lions-pharmacy.com\/fr\/produit\/neythymun-nr-29-fk-st-ii-ampoules-hospital-pack-50x-2ml-03514308#breadcrumb"},"inLanguage":"fr-FR","potentialAction":[{"@type":"ReadAction","target":["https:\/\/lions-pharmacy.com\/fr\/produit\/neythymun-nr-29-fk-st-ii-ampoules-hospital-pack-50x-2ml-03514308"]}]},{"@type":"ImageObject","inLanguage":"fr-FR","@id":"https:\/\/lions-pharmacy.com\/fr\/produit\/neythymun-nr-29-fk-st-ii-ampoules-hospital-pack-50x-2ml-03514308#primaryimage","url":"https:\/\/lions-pharmacy.com\/wp-content\/uploads\/2022\/12\/vitorgan-Neythymun-No.29-fk-St.II-Ampoules-Lions-Pharmacy.webp","contentUrl":"https:\/\/lions-pharmacy.com\/wp-content\/uploads\/2022\/12\/vitorgan-Neythymun-No.29-fk-St.II-Ampoules-Lions-Pharmacy.webp","width":600,"height":600,"caption":"vitorgan Neythymun No.29 fk St.II Ampoules Lions Pharmacy"},{"@type":"BreadcrumbList","@id":"https:\/\/lions-pharmacy.com\/fr\/produit\/neythymun-nr-29-fk-st-ii-ampoules-hospital-pack-50x-2ml-03514308#breadcrumb","itemListElement":[{"@type":"ListItem","position":1,"name":"Home","item":"https:\/\/lions-pharmacy.com\/fr\/homepage-lion-pharmacy"},{"@type":"ListItem","position":2,"name":"Shop","item":"https:\/\/lions-pharmacy.com\/fr\/boutique"},{"@type":"ListItem","position":3,"name":"Neythymun Nr.29 f+k St.II ampoules hospitali\u00e8res 50x 2ml"}]},{"@type":"WebSite","@id":"https:\/\/lions-pharmacy.com\/fr#website","url":"https:\/\/lions-pharmacy.com\/fr","name":"Lions Pharmacy","description":"Pharmacie sp\u00e9cialis\u00e9e en naturopathie de Baden-Baden, Allemagne","publisher":{"@id":"https:\/\/lions-pharmacy.com\/fr#organization"},"alternateName":"Lion Pharmacy","potentialAction":[{"@type":"SearchAction","target":{"@type":"EntryPoint","urlTemplate":"https:\/\/lions-pharmacy.com\/fr?s={search_term_string}"},"query-input":{"@type":"PropertyValueSpecification","valueRequired":true,"valueName":"search_term_string"}}],"inLanguage":"fr-FR"},{"@type":"Organization","@id":"https:\/\/lions-pharmacy.com\/fr#organization","name":"Lions Pharmacy","alternateName":"Lions Pharmacy24","url":"https:\/\/lions-pharmacy.com\/fr","logo":{"@type":"ImageObject","inLanguage":"fr-FR","@id":"https:\/\/lions-pharmacy.com\/fr#\/schema\/logo\/image\/","url":"https:\/\/lions-pharmacy.com\/wp-content\/uploads\/2022\/12\/Logo-Lion-Pharmacy-c-o-Loewen-Apotheke-smal.jpg","contentUrl":"https:\/\/lions-pharmacy.com\/wp-content\/uploads\/2022\/12\/Logo-Lion-Pharmacy-c-o-Loewen-Apotheke-smal.jpg","width":298,"height":99,"caption":"Lions Pharmacy"},"image":{"@id":"https:\/\/lions-pharmacy.com\/fr#\/schema\/logo\/image\/"}}]}},"_links":{"self":[{"href":"https:\/\/lions-pharmacy.com\/fr\/wp-json\/wp\/v2\/product\/1671","targetHints":{"allow":["GET"]}}],"collection":[{"href":"https:\/\/lions-pharmacy.com\/fr\/wp-json\/wp\/v2\/product"}],"about":[{"href":"https:\/\/lions-pharmacy.com\/fr\/wp-json\/wp\/v2\/types\/product"}],"replies":[{"embeddable":true,"href":"https:\/\/lions-pharmacy.com\/fr\/wp-json\/wp\/v2\/comments?post=1671"}],"wp:featuredmedia":[{"embeddable":true,"href":"https:\/\/lions-pharmacy.com\/fr\/wp-json\/wp\/v2\/media\/4689"}],"wp:attachment":[{"href":"https:\/\/lions-pharmacy.com\/fr\/wp-json\/wp\/v2\/media?parent=1671"}],"wp:term":[{"taxonomy":"product_brand","embeddable":true,"href":"https:\/\/lions-pharmacy.com\/fr\/wp-json\/wp\/v2\/product_brand?post=1671"},{"taxonomy":"product_cat","embeddable":true,"href":"https:\/\/lions-pharmacy.com\/fr\/wp-json\/wp\/v2\/product_cat?post=1671"},{"taxonomy":"product_tag","embeddable":true,"href":"https:\/\/lions-pharmacy.com\/fr\/wp-json\/wp\/v2\/product_tag?post=1671"}],"curies":[{"name":"wp","href":"https:\/\/api.w.org\/{rel}","templated":true}]}}