{"id":16682,"date":"2025-11-12T08:15:25","date_gmt":"2025-11-12T07:15:25","guid":{"rendered":"https:\/\/lions-pharmacy.com\/?post_type=product&#038;p=16682"},"modified":"2025-11-30T12:54:23","modified_gmt":"2025-11-30T11:54:23","slug":"belladonna-homaccord-drops-30-ml-00113514","status":"publish","type":"product","link":"https:\/\/lions-pharmacy.com\/fr\/produit\/belladonna-homaccord-drops-30-ml-00113514","title":{"rendered":"Belladonna Homaccord gouttes (30 ml)"},"content":{"rendered":"<h3>Belladonna Homaccord gouttes<\/h3>\n<p>Les gouttes Belladonna Homaccord de Biologische Heilmittel Heel GmbH sont un m\u00e9dicament hom\u00e9opathique.<\/p>\n<p>Dans le cadre de notre approche th\u00e9rapeutique centr\u00e9e sur le patient, les m\u00e9dicaments Heel se concentrent sur la capacit\u00e9 du corps \u00e0 s\u2019autor\u00e9guler. Ils soutiennent l\u2019activation des propres m\u00e9canismes du corps pour favoriser la r\u00e9cup\u00e9ration au lieu de simplement supprimer les sympt\u00f4mes de la maladie. Les m\u00e9dicaments \u00e0 base d\u2019ingr\u00e9dients actifs naturels stimulent et renforcent ce processus, et les patients b\u00e9n\u00e9ficient de l\u2019approche th\u00e9rapeutique s\u00fbre et durable.<\/p>\n<p>Notice (PDF Reader) : <a href=\"https:\/\/lions-pharmacy.com\/wp-content\/uploads\/2025\/11\/Belladonna-Homaccord_Misch_BPZ.pdf\">Belladone-Homaccord<\/a><\/p>\n<p>Autres produits pour l&#8217;application : <a href=\"https:\/\/lions-pharmacy.com\/fr\/etiquette-produit\/homeopathie\" rel=\"tag\">Hom\u00e9opathie<\/a> | <a href=\"https:\/\/lions-pharmacy.com\/fr\/etiquette-produit\/vitamines-et-supplements\">Vitamines et suppl\u00e9ments Produits<\/a><br \/>\nEn savoir plus sur le fabricant et ce produit Gastricumeel comprim\u00e9s 50 : <a href=\"https:\/\/www.heel.de\/de\/produktsuche.html\" target=\"_blank\" rel=\"noopener\">Biologische Heilmittel Heel GmbH<\/a> (lien vers un site web externe)<\/p>\n<p>Les informations contenues dans ce site web sont fournies \u00e0 titre informatif uniquement. Ils ne remplacent en aucun cas l&#8217;examen et le traitement par un m\u00e9decin. Veuillez noter que cela signifie qu&#8217;aucun diagnostic ne peut \u00eatre \u00e9tabli et qu&#8217;aucune th\u00e9rapie ne peut \u00eatre mise en place.<\/p>\n<p>Pour conna\u00eetre les risques et les effets secondaires, lisez la notice et demandez conseil \u00e0 votre m\u00e9decin ou \u00e0 votre pharmacien.<\/p>\n","protected":false},"excerpt":{"rendered":"<h2>Belladonna Homaccord gouttes<\/h2>\n<p>un m\u00e9dicament hom\u00e9opathique.<\/p>\n<p>&nbsp;<\/p>\n<p>PZN : 00113514 (Pharma Central Number)<\/p>\n<p>Forme posologique : gouttes<\/p>\n<p>Type de prescription : sans ordonnance<\/p>\n<p>Marque:-<\/p>\n<p>Fabricant: Biologische Heilmittel Heel GmbH<\/p>\n<p>Taille de l&#8217;emballage : 30 ml<\/p>\n","protected":false},"featured_media":16687,"comment_status":"closed","ping_status":"closed","template":"","meta":[],"product_brand":[],"product_cat":[346,114],"product_tag":[510,306,466],"class_list":{"0":"post-16682","1":"product","2":"type-product","3":"status-publish","4":"has-post-thumbnail","6":"product_cat-heel","7":"product_cat-non-classifiee","8":"product_tag-actif-dorigine-vegetale","9":"product_tag-homeopathie","10":"product_tag-ingredient-actif-a-base-de-plantes","11":"ts_product_brand-all-fr","12":"ts_product_brand-heel-fr","14":"first","15":"instock","16":"taxable","17":"shipping-taxable","18":"purchasable","19":"product-type-simple"},"yoast_head":"<!-- This site is optimized with the Yoast SEO plugin v26.5 - https:\/\/yoast.com\/wordpress\/plugins\/seo\/ -->\n<title>Belladonna Homaccord gouttes (30 ml) &#187; Lion Pharmacy &#187; commander ici<\/title>\n<meta name=\"description\" content=\"Pharmacie en ligne allemande enregistr\u00e9e. Exp\u00e9dition internationale rapide et achats en ligne en toute s\u00e9curit\u00e9. M\u00e9dicaments \u00e0 talon : Belladonna Homaccord gouttes (30 ml) &gt; commandez ici\" \/>\n<meta name=\"robots\" content=\"index, follow, max-snippet:-1, max-image-preview:large, max-video-preview:-1\" \/>\n<link rel=\"canonical\" href=\"https:\/\/lions-pharmacy.com\/fr\/produit\/belladonna-homaccord-drops-30-ml-00113514\" \/>\n<meta property=\"og:locale\" content=\"fr_FR\" \/>\n<meta property=\"og:type\" content=\"article\" \/>\n<meta property=\"og:title\" content=\"Belladonna Homaccord gouttes (30 ml) &#187; Lion Pharmacy &#187; commander ici\" \/>\n<meta property=\"og:description\" content=\"Pharmacie en ligne allemande enregistr\u00e9e. Exp\u00e9dition internationale rapide et achats en ligne en toute s\u00e9curit\u00e9. M\u00e9dicaments \u00e0 talon : Belladonna Homaccord gouttes (30 ml) &gt; commandez ici\" \/>\n<meta property=\"og:url\" content=\"https:\/\/lions-pharmacy.com\/fr\/produit\/belladonna-homaccord-drops-30-ml-00113514\" \/>\n<meta property=\"og:site_name\" content=\"Lion Pharmacy\" \/>\n<meta property=\"article:modified_time\" content=\"2025-11-30T11:54:23+00:00\" \/>\n<meta property=\"og:image\" content=\"https:\/\/lions-pharmacy.com\/wp-content\/uploads\/2025\/11\/Belladonna-Homaccord-drops-30-ml-from-biologische-Heel-Lions-Pharmacy.webp\" \/>\n\t<meta property=\"og:image:width\" content=\"600\" \/>\n\t<meta property=\"og:image:height\" content=\"600\" \/>\n\t<meta property=\"og:image:type\" content=\"image\/webp\" \/>\n<meta name=\"twitter:card\" content=\"summary_large_image\" \/>\n<meta name=\"twitter:label1\" content=\"Dur\u00e9e de lecture estim\u00e9e\" \/>\n\t<meta name=\"twitter:data1\" content=\"1 minute\" \/>\n<script type=\"application\/ld+json\" class=\"yoast-schema-graph\">{\"@context\":\"https:\/\/schema.org\",\"@graph\":[{\"@type\":\"WebPage\",\"@id\":\"https:\/\/lions-pharmacy.com\/fr\/produit\/belladonna-homaccord-drops-30-ml-00113514\",\"url\":\"https:\/\/lions-pharmacy.com\/fr\/produit\/belladonna-homaccord-drops-30-ml-00113514\",\"name\":\"Belladonna Homaccord gouttes (30 ml) &#187; Lion Pharmacy &#187; commander ici\",\"isPartOf\":{\"@id\":\"https:\/\/lions-pharmacy.com\/fr#website\"},\"primaryImageOfPage\":{\"@id\":\"https:\/\/lions-pharmacy.com\/fr\/produit\/belladonna-homaccord-drops-30-ml-00113514#primaryimage\"},\"image\":{\"@id\":\"https:\/\/lions-pharmacy.com\/fr\/produit\/belladonna-homaccord-drops-30-ml-00113514#primaryimage\"},\"thumbnailUrl\":\"https:\/\/lions-pharmacy.com\/wp-content\/uploads\/2025\/11\/Belladonna-Homaccord-drops-30-ml-from-biologische-Heel-Lions-Pharmacy.webp\",\"datePublished\":\"2025-11-12T07:15:25+00:00\",\"dateModified\":\"2025-11-30T11:54:23+00:00\",\"description\":\"Pharmacie en ligne allemande enregistr\u00e9e. Exp\u00e9dition internationale rapide et achats en ligne en toute s\u00e9curit\u00e9. M\u00e9dicaments \u00e0 talon : Belladonna Homaccord gouttes (30 ml) > commandez ici\",\"breadcrumb\":{\"@id\":\"https:\/\/lions-pharmacy.com\/fr\/produit\/belladonna-homaccord-drops-30-ml-00113514#breadcrumb\"},\"inLanguage\":\"fr-FR\",\"potentialAction\":[{\"@type\":\"ReadAction\",\"target\":[\"https:\/\/lions-pharmacy.com\/fr\/produit\/belladonna-homaccord-drops-30-ml-00113514\"]}]},{\"@type\":\"ImageObject\",\"inLanguage\":\"fr-FR\",\"@id\":\"https:\/\/lions-pharmacy.com\/fr\/produit\/belladonna-homaccord-drops-30-ml-00113514#primaryimage\",\"url\":\"https:\/\/lions-pharmacy.com\/wp-content\/uploads\/2025\/11\/Belladonna-Homaccord-drops-30-ml-from-biologische-Heel-Lions-Pharmacy.webp\",\"contentUrl\":\"https:\/\/lions-pharmacy.com\/wp-content\/uploads\/2025\/11\/Belladonna-Homaccord-drops-30-ml-from-biologische-Heel-Lions-Pharmacy.webp\",\"width\":600,\"height\":600,\"caption\":\"Belladonna Homaccord gouttes 30 ml from biologische Heel, Lions-Pharmacy\"},{\"@type\":\"BreadcrumbList\",\"@id\":\"https:\/\/lions-pharmacy.com\/fr\/produit\/belladonna-homaccord-drops-30-ml-00113514#breadcrumb\",\"itemListElement\":[{\"@type\":\"ListItem\",\"position\":1,\"name\":\"Home\",\"item\":\"https:\/\/lions-pharmacy.com\/fr\/homepage-lion-pharmacy\"},{\"@type\":\"ListItem\",\"position\":2,\"name\":\"Shop\",\"item\":\"https:\/\/lions-pharmacy.com\/fr\/boutique\"},{\"@type\":\"ListItem\",\"position\":3,\"name\":\"Belladonna Homaccord gouttes (30 ml)\"}]},{\"@type\":\"WebSite\",\"@id\":\"https:\/\/lions-pharmacy.com\/fr#website\",\"url\":\"https:\/\/lions-pharmacy.com\/fr\",\"name\":\"Lions Pharmacy\",\"description\":\"Pharmacie sp\u00e9cialis\u00e9e en naturopathie de Baden-Baden, Allemagne\",\"publisher\":{\"@id\":\"https:\/\/lions-pharmacy.com\/fr#organization\"},\"alternateName\":\"Lion Pharmacy\",\"potentialAction\":[{\"@type\":\"SearchAction\",\"target\":{\"@type\":\"EntryPoint\",\"urlTemplate\":\"https:\/\/lions-pharmacy.com\/fr?s={search_term_string}\"},\"query-input\":{\"@type\":\"PropertyValueSpecification\",\"valueRequired\":true,\"valueName\":\"search_term_string\"}}],\"inLanguage\":\"fr-FR\"},{\"@type\":\"Organization\",\"@id\":\"https:\/\/lions-pharmacy.com\/fr#organization\",\"name\":\"Lions Pharmacy\",\"alternateName\":\"Lions Pharmacy24\",\"url\":\"https:\/\/lions-pharmacy.com\/fr\",\"logo\":{\"@type\":\"ImageObject\",\"inLanguage\":\"fr-FR\",\"@id\":\"https:\/\/lions-pharmacy.com\/fr#\/schema\/logo\/image\/\",\"url\":\"https:\/\/lions-pharmacy.com\/wp-content\/uploads\/2022\/12\/Logo-Lion-Pharmacy-c-o-Loewen-Apotheke-smal.jpg\",\"contentUrl\":\"https:\/\/lions-pharmacy.com\/wp-content\/uploads\/2022\/12\/Logo-Lion-Pharmacy-c-o-Loewen-Apotheke-smal.jpg\",\"width\":298,\"height\":99,\"caption\":\"Lions Pharmacy\"},\"image\":{\"@id\":\"https:\/\/lions-pharmacy.com\/fr#\/schema\/logo\/image\/\"}}]}<\/script>\n<!-- \/ Yoast SEO plugin. -->","yoast_head_json":{"title":"Belladonna Homaccord gouttes (30 ml) &#187; Lion Pharmacy &#187; commander ici","description":"Pharmacie en ligne allemande enregistr\u00e9e. Exp\u00e9dition internationale rapide et achats en ligne en toute s\u00e9curit\u00e9. M\u00e9dicaments \u00e0 talon : Belladonna Homaccord gouttes (30 ml) > commandez ici","robots":{"index":"index","follow":"follow","max-snippet":"max-snippet:-1","max-image-preview":"max-image-preview:large","max-video-preview":"max-video-preview:-1"},"canonical":"https:\/\/lions-pharmacy.com\/fr\/produit\/belladonna-homaccord-drops-30-ml-00113514","og_locale":"fr_FR","og_type":"article","og_title":"Belladonna Homaccord gouttes (30 ml) &#187; Lion Pharmacy &#187; commander ici","og_description":"Pharmacie en ligne allemande enregistr\u00e9e. Exp\u00e9dition internationale rapide et achats en ligne en toute s\u00e9curit\u00e9. M\u00e9dicaments \u00e0 talon : Belladonna Homaccord gouttes (30 ml) > commandez ici","og_url":"https:\/\/lions-pharmacy.com\/fr\/produit\/belladonna-homaccord-drops-30-ml-00113514","og_site_name":"Lion Pharmacy","article_modified_time":"2025-11-30T11:54:23+00:00","og_image":[{"width":600,"height":600,"url":"https:\/\/lions-pharmacy.com\/wp-content\/uploads\/2025\/11\/Belladonna-Homaccord-drops-30-ml-from-biologische-Heel-Lions-Pharmacy.webp","type":"image\/webp"}],"twitter_card":"summary_large_image","twitter_misc":{"Dur\u00e9e de lecture estim\u00e9e":"1 minute"},"schema":{"@context":"https:\/\/schema.org","@graph":[{"@type":"WebPage","@id":"https:\/\/lions-pharmacy.com\/fr\/produit\/belladonna-homaccord-drops-30-ml-00113514","url":"https:\/\/lions-pharmacy.com\/fr\/produit\/belladonna-homaccord-drops-30-ml-00113514","name":"Belladonna Homaccord gouttes (30 ml) &#187; Lion Pharmacy &#187; commander ici","isPartOf":{"@id":"https:\/\/lions-pharmacy.com\/fr#website"},"primaryImageOfPage":{"@id":"https:\/\/lions-pharmacy.com\/fr\/produit\/belladonna-homaccord-drops-30-ml-00113514#primaryimage"},"image":{"@id":"https:\/\/lions-pharmacy.com\/fr\/produit\/belladonna-homaccord-drops-30-ml-00113514#primaryimage"},"thumbnailUrl":"https:\/\/lions-pharmacy.com\/wp-content\/uploads\/2025\/11\/Belladonna-Homaccord-drops-30-ml-from-biologische-Heel-Lions-Pharmacy.webp","datePublished":"2025-11-12T07:15:25+00:00","dateModified":"2025-11-30T11:54:23+00:00","description":"Pharmacie en ligne allemande enregistr\u00e9e. Exp\u00e9dition internationale rapide et achats en ligne en toute s\u00e9curit\u00e9. M\u00e9dicaments \u00e0 talon : Belladonna Homaccord gouttes (30 ml) > commandez ici","breadcrumb":{"@id":"https:\/\/lions-pharmacy.com\/fr\/produit\/belladonna-homaccord-drops-30-ml-00113514#breadcrumb"},"inLanguage":"fr-FR","potentialAction":[{"@type":"ReadAction","target":["https:\/\/lions-pharmacy.com\/fr\/produit\/belladonna-homaccord-drops-30-ml-00113514"]}]},{"@type":"ImageObject","inLanguage":"fr-FR","@id":"https:\/\/lions-pharmacy.com\/fr\/produit\/belladonna-homaccord-drops-30-ml-00113514#primaryimage","url":"https:\/\/lions-pharmacy.com\/wp-content\/uploads\/2025\/11\/Belladonna-Homaccord-drops-30-ml-from-biologische-Heel-Lions-Pharmacy.webp","contentUrl":"https:\/\/lions-pharmacy.com\/wp-content\/uploads\/2025\/11\/Belladonna-Homaccord-drops-30-ml-from-biologische-Heel-Lions-Pharmacy.webp","width":600,"height":600,"caption":"Belladonna Homaccord gouttes 30 ml from biologische Heel, Lions-Pharmacy"},{"@type":"BreadcrumbList","@id":"https:\/\/lions-pharmacy.com\/fr\/produit\/belladonna-homaccord-drops-30-ml-00113514#breadcrumb","itemListElement":[{"@type":"ListItem","position":1,"name":"Home","item":"https:\/\/lions-pharmacy.com\/fr\/homepage-lion-pharmacy"},{"@type":"ListItem","position":2,"name":"Shop","item":"https:\/\/lions-pharmacy.com\/fr\/boutique"},{"@type":"ListItem","position":3,"name":"Belladonna Homaccord gouttes (30 ml)"}]},{"@type":"WebSite","@id":"https:\/\/lions-pharmacy.com\/fr#website","url":"https:\/\/lions-pharmacy.com\/fr","name":"Lions Pharmacy","description":"Pharmacie sp\u00e9cialis\u00e9e en naturopathie de Baden-Baden, Allemagne","publisher":{"@id":"https:\/\/lions-pharmacy.com\/fr#organization"},"alternateName":"Lion Pharmacy","potentialAction":[{"@type":"SearchAction","target":{"@type":"EntryPoint","urlTemplate":"https:\/\/lions-pharmacy.com\/fr?s={search_term_string}"},"query-input":{"@type":"PropertyValueSpecification","valueRequired":true,"valueName":"search_term_string"}}],"inLanguage":"fr-FR"},{"@type":"Organization","@id":"https:\/\/lions-pharmacy.com\/fr#organization","name":"Lions Pharmacy","alternateName":"Lions Pharmacy24","url":"https:\/\/lions-pharmacy.com\/fr","logo":{"@type":"ImageObject","inLanguage":"fr-FR","@id":"https:\/\/lions-pharmacy.com\/fr#\/schema\/logo\/image\/","url":"https:\/\/lions-pharmacy.com\/wp-content\/uploads\/2022\/12\/Logo-Lion-Pharmacy-c-o-Loewen-Apotheke-smal.jpg","contentUrl":"https:\/\/lions-pharmacy.com\/wp-content\/uploads\/2022\/12\/Logo-Lion-Pharmacy-c-o-Loewen-Apotheke-smal.jpg","width":298,"height":99,"caption":"Lions Pharmacy"},"image":{"@id":"https:\/\/lions-pharmacy.com\/fr#\/schema\/logo\/image\/"}}]}},"_links":{"self":[{"href":"https:\/\/lions-pharmacy.com\/fr\/wp-json\/wp\/v2\/product\/16682","targetHints":{"allow":["GET"]}}],"collection":[{"href":"https:\/\/lions-pharmacy.com\/fr\/wp-json\/wp\/v2\/product"}],"about":[{"href":"https:\/\/lions-pharmacy.com\/fr\/wp-json\/wp\/v2\/types\/product"}],"replies":[{"embeddable":true,"href":"https:\/\/lions-pharmacy.com\/fr\/wp-json\/wp\/v2\/comments?post=16682"}],"wp:featuredmedia":[{"embeddable":true,"href":"https:\/\/lions-pharmacy.com\/fr\/wp-json\/wp\/v2\/media\/16687"}],"wp:attachment":[{"href":"https:\/\/lions-pharmacy.com\/fr\/wp-json\/wp\/v2\/media?parent=16682"}],"wp:term":[{"taxonomy":"product_brand","embeddable":true,"href":"https:\/\/lions-pharmacy.com\/fr\/wp-json\/wp\/v2\/product_brand?post=16682"},{"taxonomy":"product_cat","embeddable":true,"href":"https:\/\/lions-pharmacy.com\/fr\/wp-json\/wp\/v2\/product_cat?post=16682"},{"taxonomy":"product_tag","embeddable":true,"href":"https:\/\/lions-pharmacy.com\/fr\/wp-json\/wp\/v2\/product_tag?post=16682"}],"curies":[{"name":"wp","href":"https:\/\/api.w.org\/{rel}","templated":true}]}}