{"id":15148,"date":"2025-09-19T06:46:36","date_gmt":"2025-09-19T05:46:36","guid":{"rendered":"https:\/\/lions-pharmacy.com\/?post_type=product&#038;p=15148"},"modified":"2025-09-19T07:17:58","modified_gmt":"2025-09-19T06:17:58","slug":"norsan-omega-3-vegan-epa-100ml-19743459","status":"publish","type":"product","link":"https:\/\/lions-pharmacy.com\/fr\/produit\/norsan-omega-3-vegan-epa-100ml-19743459","title":{"rendered":"Norsan Omega-3 VEGAN EPA (100 ml)"},"content":{"rendered":"<h3>Norsan Omega-3 VEGAN EPA<\/h3>\n<p>Norsan Omega-3 VEGAN EPA (100 ml) se compose d&#8217;une combinaison unique : une huile d&#8217;algue \u00e0 haute dose \u00e0 base de plantes et de l&#8217;huile d&#8217;olive press\u00e9e \u00e0 froid provenant de cultures biologiques certifi\u00e9es avec une teneur \u00e9lev\u00e9e en polyph\u00e9nols.<\/p>\n<p>L&#8217;huile d&#8217;algue contient beaucoup d&#8217;EPA, ainsi que l&#8217;acide gras DHA. Cela en fait une source d&#8217;om\u00e9ga-3 v\u00e9g\u00e9talienne id\u00e9ale pour tous ceux qui souhaitent \u00e9viter les produits d&#8217;origine animale dans leur alimentation.<\/p>\n<ul>\n<li>Huile d&#8217;algue d&#8217;origine v\u00e9g\u00e9tale : particuli\u00e8rement riche en EPA<\/li>\n<li>2 000 mg d&#8217;om\u00e9ga-3 par dose journali\u00e8re (1 cuill\u00e8re \u00e0 caf\u00e9)<\/li>\n<li>Culture respectueuse de l&#8217;environnement et sans polluants<\/li>\n<li>Go\u00fbt agr\u00e9able d&#8217;orange<\/li>\n<li>800 UI de vitamine D3 (v\u00e9g\u00e9talien)<\/li>\n<li>Huile d&#8217;olive biologique \u00e0 haute teneur en polyph\u00e9nols<\/li>\n<li>Un flacon contient 20 doses quotidiennes<\/li>\n<li>Ingr\u00e9dients : Huile riche en EPA et DHA provenant de la microalgue Schizochytrium sp. (80%), huile d&#8217;olive (19%), huile de tournesol (0,5%), huile d&#8217;orange, antioxydants : extraits riches en tocoph\u00e9rols, d-\u03b1-tocoph\u00e9rols, chol\u00e9calcif\u00e9rol.<\/li>\n<\/ul>\n<p>Domaine d&#8217;application : Yeux, fonction cardiaque et circulatoire, syst\u00e8me immunitaire, manque de concentration, vitalit\u00e9<\/p>\n<h3>D\u00e9tails du produit et informations obligatoires<\/h3>\n<p>Notice d&#8217;information : &#8211; (lecteur PDF) et Informations sur les aliments.<\/p>\n<p>Ingr\u00e9dients : Huile riche en EPA et DHA provenant de la microalgue Schizochytrium sp. (80%), huile d&#8217;olive (19%), huile de tournesol (0,5%), huile d&#8217;orange, antioxydants : extraits riches en tocoph\u00e9rols, d-\u03b1-tocoph\u00e9rols, chol\u00e9calcif\u00e9rol.<\/p>\n<p>En savoir plus sur le fabricant et ce produit : <a href=\"https:\/\/norsan.de\/ueber-uns\/\" target=\"_blank\" rel=\"noopener\">Norsan<\/a> (lien vers un site web externe)<\/p>\n<p>Les informations contenues dans ce site web sont fournies \u00e0 titre informatif uniquement. Ils ne remplacent en aucun cas l&#8217;examen et le traitement par un m\u00e9decin. Veuillez noter que cela signifie qu&#8217;aucun diagnostic ne peut \u00eatre \u00e9tabli et qu&#8217;aucune th\u00e9rapie ne peut \u00eatre mise en place. Importation unique &#8211; Nous importons ce m\u00e9dicament pour vous. Le d\u00e9lai de livraison est donc plus long. Les retours pour les importations individuelles sont exclus.<\/p>\n<p>Pour conna\u00eetre les risques et les effets secondaires, lisez la notice et demandez conseil \u00e0 votre m\u00e9decin ou \u00e0 votre pharmacien.<\/p>\n<h4><\/h4>\n<h3>Conseil d&#8217;expert de la pharmacie :<\/h3>\n<p>Notre pharmacien vous recommande les produits suivants pour la long\u00e9vit\u00e9, la concentration et le stress : <a href=\"https:\/\/lions-pharmacy.com\/fr\/produit\/neurapas-balance-100-pcs-4150014981430\">Neurapas balance<\/a> &#8211; efficacit\u00e9 prouv\u00e9e et sp\u00e9cifique.<\/p>\n<p>Autres produits pour l&#8217;application : <a href=\"https:\/\/lions-pharmacy.com\/fr\/etiquette-produit\/vitamines-et-supplements\">Vitamines et compl\u00e9ments alimentaires<\/a> | <a href=\"https:\/\/lions-pharmacy.com\/fr\/etiquette-produit\/remedes-naturels\" rel=\"tag\">Rem\u00e8des naturels<\/a> | <a href=\"https:\/\/lions-pharmacy.com\/fr\/etiquette-produit\/bien-etre\" rel=\"tag\">Bien-\u00eatre<\/a><\/p>\n<h3>Des questions sur le produit ? Nous sommes l\u00e0 pour vous !<\/h3>\n<p>Notre pharmacienne responsable, Dr. Sandra Hoff, et son \u00e9quipe se feront un plaisir de vous conseiller personnellement &#8211; par t\u00e9l\u00e9phone ou par e-mail. En tant que v\u00e9ritable pharmacie locale et pharmacie de vente par correspondance agr\u00e9\u00e9e, nous vous offrons un soutien comp\u00e9tent, en particulier dans les domaines de la <a href=\"https:\/\/lions-pharmacy.com\/fr\/etiquette-produit\/remedes-naturels\">naturopathie<\/a> et des <a href=\"https:\/\/lions-pharmacy.com\/fr\/etiquette-produit\/vitamines-et-supplements\">compl\u00e9ments alimentaires<\/a>. Vous trouverez notre autorisation dans le <a href=\"https:\/\/versandhandel.dimdi.de\/websearch\/servlet\/Gate;jsessionid=0D29D15655BE1174E9178A340E8FE6BC?accessid=dimdi_var&amp;term=3c387956690121ccc8763184f052b93f\" target=\"_blank\" rel=\"noopener\">registre de la vente par correspondance<\/a>.<\/p>\n<h3>Remplir une ordonnance ou une prescription \u00e9lectronique :<\/h3>\n<p>Avez-vous une ordonnance ou une prescription \u00e9lectronique ? Soumettez-la confortablement via notre application de <a href=\"https:\/\/e-rezept-app.de\/shop-rezept\" target=\"_blank\" rel=\"noopener\">prescription \u00e9lectronique<\/a> &#8211; les ordonnances priv\u00e9es pour les personnes qui paient elles-m\u00eames sont \u00e9galement possibles. Rapide, s\u00fbr et facile.<\/p>\n","protected":false},"excerpt":{"rendered":"<h2>Norsan Omega-3 VEGAN EPA<\/h2>\n<p>Huile v\u00e9g\u00e9tale d&#8217;algues : Particuli\u00e8rement riche en EPA, 2 000 mg d&#8217;om\u00e9ga-3 par dose journali\u00e8re.<\/p>\n<p>&nbsp;<\/p>\n<p><strong>PZN<\/strong>: 19743459<\/p>\n<p><strong>Forme pharmaceutique<\/strong>: liquide<\/p>\n<p><strong>Type d\u2019ordonnance<\/strong> : sans ordonnance<\/p>\n<p><strong>Marque<\/strong>: Norsan<\/p>\n<p><strong>Fabricant<\/strong>: NORSAN GmbH, Plauener Str. 163-165, 13053 Berlin, Allemagne<\/p>\n","protected":false},"featured_media":15153,"comment_status":"closed","ping_status":"closed","template":"","meta":[],"product_brand":[],"product_cat":[120,114],"product_tag":[510,297,265,466,267,464,264],"class_list":{"0":"post-15148","1":"product","2":"type-product","3":"status-publish","4":"has-post-thumbnail","6":"product_cat-sale-fr","7":"product_cat-non-classifiee","8":"product_tag-actif-dorigine-vegetale","9":"product_tag-concentration-stress-fr","10":"product_tag-gestion-du-poids","11":"product_tag-ingredient-actif-a-base-de-plantes","12":"product_tag-poids-et-forme","13":"product_tag-remedes-naturels","14":"product_tag-vitamines-et-supplements","15":"ts_product_brand-all-fr","17":"first","18":"outofstock","19":"taxable","20":"shipping-taxable","21":"purchasable","22":"product-type-simple"},"yoast_head":"<!-- This site is optimized with the Yoast SEO plugin v26.5 - https:\/\/yoast.com\/wordpress\/plugins\/seo\/ -->\n<title>Norsan Omega-3 VEGAN EPA (100 ml) &#187; commander ici<\/title>\n<meta name=\"description\" content=\"Huile d&#039;algue v\u00e9g\u00e9tale : riche en EPA et DHA. En savoir plus sur Norsan Omega-3 VEGAN EPA (100 ml). Nous vous offrons : Une livraison rapide et des achats en ligne en toute s\u00e9curit\u00e9.\" \/>\n<meta name=\"robots\" content=\"index, follow, max-snippet:-1, max-image-preview:large, max-video-preview:-1\" \/>\n<link rel=\"canonical\" href=\"https:\/\/lions-pharmacy.com\/fr\/produit\/norsan-omega-3-vegan-epa-100ml-19743459\" \/>\n<meta property=\"og:locale\" content=\"fr_FR\" \/>\n<meta property=\"og:type\" content=\"article\" \/>\n<meta property=\"og:title\" content=\"Norsan Omega-3 VEGAN EPA (100 ml) &#187; commander ici\" \/>\n<meta property=\"og:description\" content=\"Huile d&#039;algue v\u00e9g\u00e9tale : riche en EPA et DHA. En savoir plus sur Norsan Omega-3 VEGAN EPA (100 ml). Nous vous offrons : Une livraison rapide et des achats en ligne en toute s\u00e9curit\u00e9.\" \/>\n<meta property=\"og:url\" content=\"https:\/\/lions-pharmacy.com\/fr\/produit\/norsan-omega-3-vegan-epa-100ml-19743459\" \/>\n<meta property=\"og:site_name\" content=\"Lion Pharmacy\" \/>\n<meta property=\"article:modified_time\" content=\"2025-09-19T06:17:58+00:00\" \/>\n<meta property=\"og:image\" content=\"https:\/\/lions-pharmacy.com\/wp-content\/uploads\/2025\/09\/NORSAN-Omega-3-vegan-EPA-100ml-PZN-19743459-Lions-Pharmacy.webp\" \/>\n\t<meta property=\"og:image:width\" content=\"600\" \/>\n\t<meta property=\"og:image:height\" content=\"600\" \/>\n\t<meta property=\"og:image:type\" content=\"image\/webp\" \/>\n<meta name=\"twitter:card\" content=\"summary_large_image\" \/>\n<meta name=\"twitter:label1\" content=\"Dur\u00e9e de lecture estim\u00e9e\" \/>\n\t<meta name=\"twitter:data1\" content=\"3 minutes\" \/>\n<script type=\"application\/ld+json\" class=\"yoast-schema-graph\">{\"@context\":\"https:\/\/schema.org\",\"@graph\":[{\"@type\":\"WebPage\",\"@id\":\"https:\/\/lions-pharmacy.com\/fr\/produit\/norsan-omega-3-vegan-epa-100ml-19743459\",\"url\":\"https:\/\/lions-pharmacy.com\/fr\/produit\/norsan-omega-3-vegan-epa-100ml-19743459\",\"name\":\"Norsan Omega-3 VEGAN EPA (100 ml) &#187; commander ici\",\"isPartOf\":{\"@id\":\"https:\/\/lions-pharmacy.com\/fr#website\"},\"primaryImageOfPage\":{\"@id\":\"https:\/\/lions-pharmacy.com\/fr\/produit\/norsan-omega-3-vegan-epa-100ml-19743459#primaryimage\"},\"image\":{\"@id\":\"https:\/\/lions-pharmacy.com\/fr\/produit\/norsan-omega-3-vegan-epa-100ml-19743459#primaryimage\"},\"thumbnailUrl\":\"https:\/\/lions-pharmacy.com\/wp-content\/uploads\/2025\/09\/NORSAN-Omega-3-vegan-EPA-100ml-PZN-19743459-Lions-Pharmacy.webp\",\"datePublished\":\"2025-09-19T05:46:36+00:00\",\"dateModified\":\"2025-09-19T06:17:58+00:00\",\"description\":\"Huile d'algue v\u00e9g\u00e9tale : riche en EPA et DHA. En savoir plus sur Norsan Omega-3 VEGAN EPA (100 ml). Nous vous offrons : Une livraison rapide et des achats en ligne en toute s\u00e9curit\u00e9.\",\"breadcrumb\":{\"@id\":\"https:\/\/lions-pharmacy.com\/fr\/produit\/norsan-omega-3-vegan-epa-100ml-19743459#breadcrumb\"},\"inLanguage\":\"fr-FR\",\"potentialAction\":[{\"@type\":\"ReadAction\",\"target\":[\"https:\/\/lions-pharmacy.com\/fr\/produit\/norsan-omega-3-vegan-epa-100ml-19743459\"]}]},{\"@type\":\"ImageObject\",\"inLanguage\":\"fr-FR\",\"@id\":\"https:\/\/lions-pharmacy.com\/fr\/produit\/norsan-omega-3-vegan-epa-100ml-19743459#primaryimage\",\"url\":\"https:\/\/lions-pharmacy.com\/wp-content\/uploads\/2025\/09\/NORSAN-Omega-3-vegan-EPA-100ml-PZN-19743459-Lions-Pharmacy.webp\",\"contentUrl\":\"https:\/\/lions-pharmacy.com\/wp-content\/uploads\/2025\/09\/NORSAN-Omega-3-vegan-EPA-100ml-PZN-19743459-Lions-Pharmacy.webp\",\"width\":600,\"height\":600,\"caption\":\"Pack shot NORSAN Om\u00e9ga-3 vegan EPA, 100ml, PZN 19743459, Pharmacie des Lions\"},{\"@type\":\"BreadcrumbList\",\"@id\":\"https:\/\/lions-pharmacy.com\/fr\/produit\/norsan-omega-3-vegan-epa-100ml-19743459#breadcrumb\",\"itemListElement\":[{\"@type\":\"ListItem\",\"position\":1,\"name\":\"Home\",\"item\":\"https:\/\/lions-pharmacy.com\/fr\/homepage-lion-pharmacy\"},{\"@type\":\"ListItem\",\"position\":2,\"name\":\"Shop\",\"item\":\"https:\/\/lions-pharmacy.com\/fr\/boutique\"},{\"@type\":\"ListItem\",\"position\":3,\"name\":\"Norsan Omega-3 VEGAN EPA (100 ml)\"}]},{\"@type\":\"WebSite\",\"@id\":\"https:\/\/lions-pharmacy.com\/fr#website\",\"url\":\"https:\/\/lions-pharmacy.com\/fr\",\"name\":\"Lions Pharmacy\",\"description\":\"Pharmacie sp\u00e9cialis\u00e9e en naturopathie de Baden-Baden, Allemagne\",\"publisher\":{\"@id\":\"https:\/\/lions-pharmacy.com\/fr#organization\"},\"alternateName\":\"Lion Pharmacy\",\"potentialAction\":[{\"@type\":\"SearchAction\",\"target\":{\"@type\":\"EntryPoint\",\"urlTemplate\":\"https:\/\/lions-pharmacy.com\/fr?s={search_term_string}\"},\"query-input\":{\"@type\":\"PropertyValueSpecification\",\"valueRequired\":true,\"valueName\":\"search_term_string\"}}],\"inLanguage\":\"fr-FR\"},{\"@type\":\"Organization\",\"@id\":\"https:\/\/lions-pharmacy.com\/fr#organization\",\"name\":\"Lions Pharmacy\",\"alternateName\":\"Lions Pharmacy24\",\"url\":\"https:\/\/lions-pharmacy.com\/fr\",\"logo\":{\"@type\":\"ImageObject\",\"inLanguage\":\"fr-FR\",\"@id\":\"https:\/\/lions-pharmacy.com\/fr#\/schema\/logo\/image\/\",\"url\":\"https:\/\/lions-pharmacy.com\/wp-content\/uploads\/2022\/12\/Logo-Lion-Pharmacy-c-o-Loewen-Apotheke-smal.jpg\",\"contentUrl\":\"https:\/\/lions-pharmacy.com\/wp-content\/uploads\/2022\/12\/Logo-Lion-Pharmacy-c-o-Loewen-Apotheke-smal.jpg\",\"width\":298,\"height\":99,\"caption\":\"Lions Pharmacy\"},\"image\":{\"@id\":\"https:\/\/lions-pharmacy.com\/fr#\/schema\/logo\/image\/\"}}]}<\/script>\n<!-- \/ Yoast SEO plugin. -->","yoast_head_json":{"title":"Norsan Omega-3 VEGAN EPA (100 ml) &#187; commander ici","description":"Huile d'algue v\u00e9g\u00e9tale : riche en EPA et DHA. En savoir plus sur Norsan Omega-3 VEGAN EPA (100 ml). Nous vous offrons : Une livraison rapide et des achats en ligne en toute s\u00e9curit\u00e9.","robots":{"index":"index","follow":"follow","max-snippet":"max-snippet:-1","max-image-preview":"max-image-preview:large","max-video-preview":"max-video-preview:-1"},"canonical":"https:\/\/lions-pharmacy.com\/fr\/produit\/norsan-omega-3-vegan-epa-100ml-19743459","og_locale":"fr_FR","og_type":"article","og_title":"Norsan Omega-3 VEGAN EPA (100 ml) &#187; commander ici","og_description":"Huile d'algue v\u00e9g\u00e9tale : riche en EPA et DHA. En savoir plus sur Norsan Omega-3 VEGAN EPA (100 ml). Nous vous offrons : Une livraison rapide et des achats en ligne en toute s\u00e9curit\u00e9.","og_url":"https:\/\/lions-pharmacy.com\/fr\/produit\/norsan-omega-3-vegan-epa-100ml-19743459","og_site_name":"Lion Pharmacy","article_modified_time":"2025-09-19T06:17:58+00:00","og_image":[{"width":600,"height":600,"url":"https:\/\/lions-pharmacy.com\/wp-content\/uploads\/2025\/09\/NORSAN-Omega-3-vegan-EPA-100ml-PZN-19743459-Lions-Pharmacy.webp","type":"image\/webp"}],"twitter_card":"summary_large_image","twitter_misc":{"Dur\u00e9e de lecture estim\u00e9e":"3 minutes"},"schema":{"@context":"https:\/\/schema.org","@graph":[{"@type":"WebPage","@id":"https:\/\/lions-pharmacy.com\/fr\/produit\/norsan-omega-3-vegan-epa-100ml-19743459","url":"https:\/\/lions-pharmacy.com\/fr\/produit\/norsan-omega-3-vegan-epa-100ml-19743459","name":"Norsan Omega-3 VEGAN EPA (100 ml) &#187; commander ici","isPartOf":{"@id":"https:\/\/lions-pharmacy.com\/fr#website"},"primaryImageOfPage":{"@id":"https:\/\/lions-pharmacy.com\/fr\/produit\/norsan-omega-3-vegan-epa-100ml-19743459#primaryimage"},"image":{"@id":"https:\/\/lions-pharmacy.com\/fr\/produit\/norsan-omega-3-vegan-epa-100ml-19743459#primaryimage"},"thumbnailUrl":"https:\/\/lions-pharmacy.com\/wp-content\/uploads\/2025\/09\/NORSAN-Omega-3-vegan-EPA-100ml-PZN-19743459-Lions-Pharmacy.webp","datePublished":"2025-09-19T05:46:36+00:00","dateModified":"2025-09-19T06:17:58+00:00","description":"Huile d'algue v\u00e9g\u00e9tale : riche en EPA et DHA. En savoir plus sur Norsan Omega-3 VEGAN EPA (100 ml). Nous vous offrons : Une livraison rapide et des achats en ligne en toute s\u00e9curit\u00e9.","breadcrumb":{"@id":"https:\/\/lions-pharmacy.com\/fr\/produit\/norsan-omega-3-vegan-epa-100ml-19743459#breadcrumb"},"inLanguage":"fr-FR","potentialAction":[{"@type":"ReadAction","target":["https:\/\/lions-pharmacy.com\/fr\/produit\/norsan-omega-3-vegan-epa-100ml-19743459"]}]},{"@type":"ImageObject","inLanguage":"fr-FR","@id":"https:\/\/lions-pharmacy.com\/fr\/produit\/norsan-omega-3-vegan-epa-100ml-19743459#primaryimage","url":"https:\/\/lions-pharmacy.com\/wp-content\/uploads\/2025\/09\/NORSAN-Omega-3-vegan-EPA-100ml-PZN-19743459-Lions-Pharmacy.webp","contentUrl":"https:\/\/lions-pharmacy.com\/wp-content\/uploads\/2025\/09\/NORSAN-Omega-3-vegan-EPA-100ml-PZN-19743459-Lions-Pharmacy.webp","width":600,"height":600,"caption":"Pack shot NORSAN Om\u00e9ga-3 vegan EPA, 100ml, PZN 19743459, Pharmacie des Lions"},{"@type":"BreadcrumbList","@id":"https:\/\/lions-pharmacy.com\/fr\/produit\/norsan-omega-3-vegan-epa-100ml-19743459#breadcrumb","itemListElement":[{"@type":"ListItem","position":1,"name":"Home","item":"https:\/\/lions-pharmacy.com\/fr\/homepage-lion-pharmacy"},{"@type":"ListItem","position":2,"name":"Shop","item":"https:\/\/lions-pharmacy.com\/fr\/boutique"},{"@type":"ListItem","position":3,"name":"Norsan Omega-3 VEGAN EPA (100 ml)"}]},{"@type":"WebSite","@id":"https:\/\/lions-pharmacy.com\/fr#website","url":"https:\/\/lions-pharmacy.com\/fr","name":"Lions Pharmacy","description":"Pharmacie sp\u00e9cialis\u00e9e en naturopathie de Baden-Baden, Allemagne","publisher":{"@id":"https:\/\/lions-pharmacy.com\/fr#organization"},"alternateName":"Lion Pharmacy","potentialAction":[{"@type":"SearchAction","target":{"@type":"EntryPoint","urlTemplate":"https:\/\/lions-pharmacy.com\/fr?s={search_term_string}"},"query-input":{"@type":"PropertyValueSpecification","valueRequired":true,"valueName":"search_term_string"}}],"inLanguage":"fr-FR"},{"@type":"Organization","@id":"https:\/\/lions-pharmacy.com\/fr#organization","name":"Lions Pharmacy","alternateName":"Lions Pharmacy24","url":"https:\/\/lions-pharmacy.com\/fr","logo":{"@type":"ImageObject","inLanguage":"fr-FR","@id":"https:\/\/lions-pharmacy.com\/fr#\/schema\/logo\/image\/","url":"https:\/\/lions-pharmacy.com\/wp-content\/uploads\/2022\/12\/Logo-Lion-Pharmacy-c-o-Loewen-Apotheke-smal.jpg","contentUrl":"https:\/\/lions-pharmacy.com\/wp-content\/uploads\/2022\/12\/Logo-Lion-Pharmacy-c-o-Loewen-Apotheke-smal.jpg","width":298,"height":99,"caption":"Lions Pharmacy"},"image":{"@id":"https:\/\/lions-pharmacy.com\/fr#\/schema\/logo\/image\/"}}]}},"_links":{"self":[{"href":"https:\/\/lions-pharmacy.com\/fr\/wp-json\/wp\/v2\/product\/15148","targetHints":{"allow":["GET"]}}],"collection":[{"href":"https:\/\/lions-pharmacy.com\/fr\/wp-json\/wp\/v2\/product"}],"about":[{"href":"https:\/\/lions-pharmacy.com\/fr\/wp-json\/wp\/v2\/types\/product"}],"replies":[{"embeddable":true,"href":"https:\/\/lions-pharmacy.com\/fr\/wp-json\/wp\/v2\/comments?post=15148"}],"wp:featuredmedia":[{"embeddable":true,"href":"https:\/\/lions-pharmacy.com\/fr\/wp-json\/wp\/v2\/media\/15153"}],"wp:attachment":[{"href":"https:\/\/lions-pharmacy.com\/fr\/wp-json\/wp\/v2\/media?parent=15148"}],"wp:term":[{"taxonomy":"product_brand","embeddable":true,"href":"https:\/\/lions-pharmacy.com\/fr\/wp-json\/wp\/v2\/product_brand?post=15148"},{"taxonomy":"product_cat","embeddable":true,"href":"https:\/\/lions-pharmacy.com\/fr\/wp-json\/wp\/v2\/product_cat?post=15148"},{"taxonomy":"product_tag","embeddable":true,"href":"https:\/\/lions-pharmacy.com\/fr\/wp-json\/wp\/v2\/product_tag?post=15148"}],"curies":[{"name":"wp","href":"https:\/\/api.w.org\/{rel}","templated":true}]}}