{"id":13878,"date":"2025-08-01T05:15:05","date_gmt":"2025-08-01T04:15:05","guid":{"rendered":"https:\/\/lions-pharmacy.com\/?post_type=product&#038;p=13878"},"modified":"2025-12-01T19:43:12","modified_gmt":"2025-12-01T18:43:12","slug":"ciclopoli-nail-polish-against-nail-fungus-6-6ml-08907142","status":"publish","type":"product","link":"https:\/\/lions-pharmacy.com\/fr\/produit\/ciclopoli-nail-polish-against-nail-fungus-6-6ml-08907142","title":{"rendered":"Vernis \u00e0 ongles Ciclopoli contre la mycose des ongles (6.6ml)"},"content":{"rendered":"<h3>Vernis \u00e0 ongles Ciclopoli contre la mycose des ongles (6.6ml)<\/h3>\n<p>Ciclopoli vernis \u00e0 ongles contre la mycose des ongles le vernis \u00e0 ongles contre la mycose des ongles. La pr\u00e9paration est un m\u00e9dicament antifongique \u00e0 large action (antifongique \u00e0 large spectre). Il est utilis\u00e9 pour traiter les maladies fongiques des ongles (onychomycose) caus\u00e9es par des champignons filamenteux et\/ou d&#8217;autres champignons qui peuvent \u00eatre trait\u00e9s par le ciclopirox. L&#8217;ingr\u00e9dient actif ciclopirox emp\u00eache les champignons de se d\u00e9velopper et les tue. Cela am\u00e9liorera l&#8217;apparence de vos ongles.<\/p>\n<h3>D\u00e9tails du produit et informations obligatoires<\/h3>\n<p>Notice d&#8217;information : &#8211; (lecteur PDF) et Informations sur les aliments.<\/p>\n<p>Ingr\u00e9dient actif : Ciclopirox<\/p>\n<p>En savoir plus sur le fabricant et ce produit : Almirall Hermal GmbH (lien vers un site web externe)<\/p>\n<p>Les informations contenues dans ce site web sont fournies \u00e0 titre informatif uniquement. Ils ne remplacent en aucun cas l&#8217;examen et le traitement par un m\u00e9decin. Veuillez noter que cela signifie qu&#8217;aucun diagnostic ne peut \u00eatre \u00e9tabli et qu&#8217;aucune th\u00e9rapie ne peut \u00eatre mise en place. Importation unique &#8211; Nous importons ce m\u00e9dicament pour vous. Le d\u00e9lai de livraison est donc plus long. Les retours pour les importations individuelles sont exclus.<\/p>\n<p>Pour conna\u00eetre les risques et les effets secondaires, lisez la notice et demandez conseil \u00e0 votre m\u00e9decin ou \u00e0 votre pharmacien.<\/p>\n<h4><\/h4>\n<h3>Conseil d&#8217;expert de la pharmacie :<\/h3>\n<p>Notre pharmacien vous recommande les produits suivants pour la concentration et le stress : <a href=\"https:\/\/lions-pharmacy.com\/fr\/produit\/neurapas-balance-100-pcs-4150014981430\">Neurapas balance<\/a> &#8211; efficacit\u00e9 prouv\u00e9e et sp\u00e9cifique.<\/p>\n<p>Autres produits pour l&#8217;application : <a href=\"https:\/\/lions-pharmacy.com\/fr\/etiquette-produit\/vitamines-et-supplements\">Vitamines et compl\u00e9ments alimentaires<\/a> | <a href=\"https:\/\/lions-pharmacy.com\/fr\/etiquette-produit\/remedes-naturels\" rel=\"tag\">Rem\u00e8des naturels<\/a> | <a href=\"https:\/\/lions-pharmacy.com\/fr\/etiquette-produit\/bien-etre\" rel=\"tag\">Bien-\u00eatre<\/a><\/p>\n<h3>Des questions sur le produit ? Nous sommes l\u00e0 pour vous !<\/h3>\n<p>Notre pharmacienne responsable, Dr. Sandra Hoff, et son \u00e9quipe se feront un plaisir de vous conseiller personnellement &#8211; par t\u00e9l\u00e9phone ou par e-mail. En tant que v\u00e9ritable pharmacie de quartier et pharmacie de vente par correspondance agr\u00e9\u00e9e, nous vous offrons un soutien comp\u00e9tent, notamment dans le domaine de la <a href=\"https:\/\/lions-pharmacy.com\/fr\/etiquette-produit\/remedes-naturels\">naturopathie<\/a> et des <a href=\"https:\/\/lions-pharmacy.com\/fr\/etiquette-produit\/vitamines-et-supplements\">compl\u00e9ments alimentaires<\/a>, ici les m\u00e9dicaments de <a href=\"https:\/\/lions-pharmacy.com\/fr\/product-brand\/vitorgan-fr\">vitOrgan<\/a> et <a href=\"https:\/\/lions-pharmacy.com\/fr\/product-category\/labo-life-fr\">Labo Life<\/a>.<br \/>\nVous trouverez notre autorisation dans le <a href=\"https:\/\/versandhandel.dimdi.de\/websearch\/servlet\/Gate;jsessionid=0D29D15655BE1174E9178A340E8FE6BC?accessid=dimdi_var&amp;term=3c387956690121ccc8763184f052b93f\" target=\"_blank\" rel=\"noopener\">registre de la vente par correspondance<\/a>.<\/p>\n<h3>Remplir une ordonnance ou une prescription \u00e9lectronique :<\/h3>\n<p>Avez-vous une ordonnance ou une prescription \u00e9lectronique ? Soumettez-la confortablement via notre application de <a href=\"https:\/\/e-rezept-app.de\/shop-rezept\" target=\"_blank\" rel=\"noopener\">prescription \u00e9lectronique<\/a> &#8211; les ordonnances priv\u00e9es pour les personnes qui paient elles-m\u00eames sont \u00e9galement possibles. Rapide, s\u00fbr et facile.<\/p>\n","protected":false},"excerpt":{"rendered":"<h2>Vernis \u00e0 ongles Ciclopoli contre les mycoses de l&#8217;ongle<\/h2>\n<p>Vernis \u00e0 ongles contenant l&#8217;ingr\u00e9dient actif \u00e9prouv\u00e9 ciclopirox contre les champignons des ongles.<\/p>\n<p>&nbsp;<\/p>\n<p><strong>PZN<\/strong>: 08907142<\/p>\n<p><strong>Forme pharmaceutique<\/strong>: gel<\/p>\n<p><strong>Type d\u2019ordonnance<\/strong> : sans ordonnance<\/p>\n<p><strong>Marque<\/strong>: Ciclopoli<\/p>\n<p><strong>Fabricant<\/strong>: Almirall Hermal GmbH, 21465 Reinbek, Allemagne<\/p>\n","protected":false},"featured_media":13883,"comment_status":"closed","ping_status":"closed","template":"","meta":[],"product_brand":[],"product_cat":[120,114],"product_tag":[265,267,264],"class_list":{"0":"post-13878","1":"product","2":"type-product","3":"status-publish","4":"has-post-thumbnail","6":"product_cat-sale-fr","7":"product_cat-non-classifiee","8":"product_tag-gestion-du-poids","9":"product_tag-poids-et-forme","10":"product_tag-vitamines-et-supplements","11":"ts_product_brand-all-fr","13":"first","14":"instock","15":"sale","16":"taxable","17":"shipping-taxable","18":"purchasable","19":"product-type-simple"},"yoast_head":"<!-- This site is optimized with the Yoast SEO plugin v26.5 - https:\/\/yoast.com\/wordpress\/plugins\/seo\/ -->\n<title>Vernis \u00e0 ongles Ciclopoli contre la mycose des ongles (6.6ml)<\/title>\n<meta name=\"description\" content=\"Produit contre les mycoses de l&#039;ongle. En savoir plus sur Vernis \u00e0 ongles Ciclopoli contre la mycose des ongles (6.6ml). Nous vous offrons : Une livraison rapide et des achats en ligne en toute s\u00e9curit\u00e9\" \/>\n<meta name=\"robots\" content=\"index, follow, max-snippet:-1, max-image-preview:large, max-video-preview:-1\" \/>\n<link rel=\"canonical\" href=\"https:\/\/lions-pharmacy.com\/fr\/produit\/ciclopoli-nail-polish-against-nail-fungus-6-6ml-08907142\" \/>\n<meta property=\"og:locale\" content=\"fr_FR\" \/>\n<meta property=\"og:type\" content=\"article\" \/>\n<meta property=\"og:title\" content=\"Vernis \u00e0 ongles Ciclopoli contre la mycose des ongles (6.6ml)\" \/>\n<meta property=\"og:description\" content=\"Produit contre les mycoses de l&#039;ongle. En savoir plus sur Vernis \u00e0 ongles Ciclopoli contre la mycose des ongles (6.6ml). Nous vous offrons : Une livraison rapide et des achats en ligne en toute s\u00e9curit\u00e9\" \/>\n<meta property=\"og:url\" content=\"https:\/\/lions-pharmacy.com\/fr\/produit\/ciclopoli-nail-polish-against-nail-fungus-6-6ml-08907142\" \/>\n<meta property=\"og:site_name\" content=\"Lion Pharmacy\" \/>\n<meta property=\"article:modified_time\" content=\"2025-12-01T18:43:12+00:00\" \/>\n<meta property=\"og:image\" content=\"https:\/\/lions-pharmacy.com\/wp-content\/uploads\/2025\/08\/Ciclopoli-nail-polish-against-nail-fungus-6.6ml-Lions-pharmcy-Germany.webp\" \/>\n\t<meta property=\"og:image:width\" content=\"600\" \/>\n\t<meta property=\"og:image:height\" content=\"600\" \/>\n\t<meta property=\"og:image:type\" content=\"image\/webp\" \/>\n<meta name=\"twitter:card\" content=\"summary_large_image\" \/>\n<meta name=\"twitter:label1\" content=\"Dur\u00e9e de lecture estim\u00e9e\" \/>\n\t<meta name=\"twitter:data1\" content=\"2 minutes\" \/>\n<script type=\"application\/ld+json\" class=\"yoast-schema-graph\">{\"@context\":\"https:\/\/schema.org\",\"@graph\":[{\"@type\":\"WebPage\",\"@id\":\"https:\/\/lions-pharmacy.com\/fr\/produit\/ciclopoli-nail-polish-against-nail-fungus-6-6ml-08907142\",\"url\":\"https:\/\/lions-pharmacy.com\/fr\/produit\/ciclopoli-nail-polish-against-nail-fungus-6-6ml-08907142\",\"name\":\"Vernis \u00e0 ongles Ciclopoli contre la mycose des ongles (6.6ml)\",\"isPartOf\":{\"@id\":\"https:\/\/lions-pharmacy.com\/fr#website\"},\"primaryImageOfPage\":{\"@id\":\"https:\/\/lions-pharmacy.com\/fr\/produit\/ciclopoli-nail-polish-against-nail-fungus-6-6ml-08907142#primaryimage\"},\"image\":{\"@id\":\"https:\/\/lions-pharmacy.com\/fr\/produit\/ciclopoli-nail-polish-against-nail-fungus-6-6ml-08907142#primaryimage\"},\"thumbnailUrl\":\"https:\/\/lions-pharmacy.com\/wp-content\/uploads\/2025\/08\/Ciclopoli-nail-polish-against-nail-fungus-6.6ml-Lions-pharmcy-Germany.webp\",\"datePublished\":\"2025-08-01T04:15:05+00:00\",\"dateModified\":\"2025-12-01T18:43:12+00:00\",\"description\":\"Produit contre les mycoses de l'ongle. En savoir plus sur Vernis \u00e0 ongles Ciclopoli contre la mycose des ongles (6.6ml). Nous vous offrons : Une livraison rapide et des achats en ligne en toute s\u00e9curit\u00e9\",\"breadcrumb\":{\"@id\":\"https:\/\/lions-pharmacy.com\/fr\/produit\/ciclopoli-nail-polish-against-nail-fungus-6-6ml-08907142#breadcrumb\"},\"inLanguage\":\"fr-FR\",\"potentialAction\":[{\"@type\":\"ReadAction\",\"target\":[\"https:\/\/lions-pharmacy.com\/fr\/produit\/ciclopoli-nail-polish-against-nail-fungus-6-6ml-08907142\"]}]},{\"@type\":\"ImageObject\",\"inLanguage\":\"fr-FR\",\"@id\":\"https:\/\/lions-pharmacy.com\/fr\/produit\/ciclopoli-nail-polish-against-nail-fungus-6-6ml-08907142#primaryimage\",\"url\":\"https:\/\/lions-pharmacy.com\/wp-content\/uploads\/2025\/08\/Ciclopoli-nail-polish-against-nail-fungus-6.6ml-Lions-pharmcy-Germany.webp\",\"contentUrl\":\"https:\/\/lions-pharmacy.com\/wp-content\/uploads\/2025\/08\/Ciclopoli-nail-polish-against-nail-fungus-6.6ml-Lions-pharmcy-Germany.webp\",\"width\":600,\"height\":600,\"caption\":\"Un paquet de Ciclopoli vernis \u00e0 ongles contre la mycose des ongles, 6.6ml, Lions-pharmcy\"},{\"@type\":\"BreadcrumbList\",\"@id\":\"https:\/\/lions-pharmacy.com\/fr\/produit\/ciclopoli-nail-polish-against-nail-fungus-6-6ml-08907142#breadcrumb\",\"itemListElement\":[{\"@type\":\"ListItem\",\"position\":1,\"name\":\"Home\",\"item\":\"https:\/\/lions-pharmacy.com\/fr\/homepage-lion-pharmacy\"},{\"@type\":\"ListItem\",\"position\":2,\"name\":\"Shop\",\"item\":\"https:\/\/lions-pharmacy.com\/fr\/boutique\"},{\"@type\":\"ListItem\",\"position\":3,\"name\":\"Vernis \u00e0 ongles Ciclopoli contre la mycose des ongles (6.6ml)\"}]},{\"@type\":\"WebSite\",\"@id\":\"https:\/\/lions-pharmacy.com\/fr#website\",\"url\":\"https:\/\/lions-pharmacy.com\/fr\",\"name\":\"Lions Pharmacy\",\"description\":\"Pharmacie sp\u00e9cialis\u00e9e en naturopathie de Baden-Baden, Allemagne\",\"publisher\":{\"@id\":\"https:\/\/lions-pharmacy.com\/fr#organization\"},\"alternateName\":\"Lion Pharmacy\",\"potentialAction\":[{\"@type\":\"SearchAction\",\"target\":{\"@type\":\"EntryPoint\",\"urlTemplate\":\"https:\/\/lions-pharmacy.com\/fr?s={search_term_string}\"},\"query-input\":{\"@type\":\"PropertyValueSpecification\",\"valueRequired\":true,\"valueName\":\"search_term_string\"}}],\"inLanguage\":\"fr-FR\"},{\"@type\":\"Organization\",\"@id\":\"https:\/\/lions-pharmacy.com\/fr#organization\",\"name\":\"Lions Pharmacy\",\"alternateName\":\"Lions Pharmacy24\",\"url\":\"https:\/\/lions-pharmacy.com\/fr\",\"logo\":{\"@type\":\"ImageObject\",\"inLanguage\":\"fr-FR\",\"@id\":\"https:\/\/lions-pharmacy.com\/fr#\/schema\/logo\/image\/\",\"url\":\"https:\/\/lions-pharmacy.com\/wp-content\/uploads\/2022\/12\/Logo-Lion-Pharmacy-c-o-Loewen-Apotheke-smal.jpg\",\"contentUrl\":\"https:\/\/lions-pharmacy.com\/wp-content\/uploads\/2022\/12\/Logo-Lion-Pharmacy-c-o-Loewen-Apotheke-smal.jpg\",\"width\":298,\"height\":99,\"caption\":\"Lions Pharmacy\"},\"image\":{\"@id\":\"https:\/\/lions-pharmacy.com\/fr#\/schema\/logo\/image\/\"}}]}<\/script>\n<!-- \/ Yoast SEO plugin. -->","yoast_head_json":{"title":"Vernis \u00e0 ongles Ciclopoli contre la mycose des ongles (6.6ml)","description":"Produit contre les mycoses de l'ongle. En savoir plus sur Vernis \u00e0 ongles Ciclopoli contre la mycose des ongles (6.6ml). Nous vous offrons : Une livraison rapide et des achats en ligne en toute s\u00e9curit\u00e9","robots":{"index":"index","follow":"follow","max-snippet":"max-snippet:-1","max-image-preview":"max-image-preview:large","max-video-preview":"max-video-preview:-1"},"canonical":"https:\/\/lions-pharmacy.com\/fr\/produit\/ciclopoli-nail-polish-against-nail-fungus-6-6ml-08907142","og_locale":"fr_FR","og_type":"article","og_title":"Vernis \u00e0 ongles Ciclopoli contre la mycose des ongles (6.6ml)","og_description":"Produit contre les mycoses de l'ongle. En savoir plus sur Vernis \u00e0 ongles Ciclopoli contre la mycose des ongles (6.6ml). Nous vous offrons : Une livraison rapide et des achats en ligne en toute s\u00e9curit\u00e9","og_url":"https:\/\/lions-pharmacy.com\/fr\/produit\/ciclopoli-nail-polish-against-nail-fungus-6-6ml-08907142","og_site_name":"Lion Pharmacy","article_modified_time":"2025-12-01T18:43:12+00:00","og_image":[{"width":600,"height":600,"url":"https:\/\/lions-pharmacy.com\/wp-content\/uploads\/2025\/08\/Ciclopoli-nail-polish-against-nail-fungus-6.6ml-Lions-pharmcy-Germany.webp","type":"image\/webp"}],"twitter_card":"summary_large_image","twitter_misc":{"Dur\u00e9e de lecture estim\u00e9e":"2 minutes"},"schema":{"@context":"https:\/\/schema.org","@graph":[{"@type":"WebPage","@id":"https:\/\/lions-pharmacy.com\/fr\/produit\/ciclopoli-nail-polish-against-nail-fungus-6-6ml-08907142","url":"https:\/\/lions-pharmacy.com\/fr\/produit\/ciclopoli-nail-polish-against-nail-fungus-6-6ml-08907142","name":"Vernis \u00e0 ongles Ciclopoli contre la mycose des ongles (6.6ml)","isPartOf":{"@id":"https:\/\/lions-pharmacy.com\/fr#website"},"primaryImageOfPage":{"@id":"https:\/\/lions-pharmacy.com\/fr\/produit\/ciclopoli-nail-polish-against-nail-fungus-6-6ml-08907142#primaryimage"},"image":{"@id":"https:\/\/lions-pharmacy.com\/fr\/produit\/ciclopoli-nail-polish-against-nail-fungus-6-6ml-08907142#primaryimage"},"thumbnailUrl":"https:\/\/lions-pharmacy.com\/wp-content\/uploads\/2025\/08\/Ciclopoli-nail-polish-against-nail-fungus-6.6ml-Lions-pharmcy-Germany.webp","datePublished":"2025-08-01T04:15:05+00:00","dateModified":"2025-12-01T18:43:12+00:00","description":"Produit contre les mycoses de l'ongle. En savoir plus sur Vernis \u00e0 ongles Ciclopoli contre la mycose des ongles (6.6ml). Nous vous offrons : Une livraison rapide et des achats en ligne en toute s\u00e9curit\u00e9","breadcrumb":{"@id":"https:\/\/lions-pharmacy.com\/fr\/produit\/ciclopoli-nail-polish-against-nail-fungus-6-6ml-08907142#breadcrumb"},"inLanguage":"fr-FR","potentialAction":[{"@type":"ReadAction","target":["https:\/\/lions-pharmacy.com\/fr\/produit\/ciclopoli-nail-polish-against-nail-fungus-6-6ml-08907142"]}]},{"@type":"ImageObject","inLanguage":"fr-FR","@id":"https:\/\/lions-pharmacy.com\/fr\/produit\/ciclopoli-nail-polish-against-nail-fungus-6-6ml-08907142#primaryimage","url":"https:\/\/lions-pharmacy.com\/wp-content\/uploads\/2025\/08\/Ciclopoli-nail-polish-against-nail-fungus-6.6ml-Lions-pharmcy-Germany.webp","contentUrl":"https:\/\/lions-pharmacy.com\/wp-content\/uploads\/2025\/08\/Ciclopoli-nail-polish-against-nail-fungus-6.6ml-Lions-pharmcy-Germany.webp","width":600,"height":600,"caption":"Un paquet de Ciclopoli vernis \u00e0 ongles contre la mycose des ongles, 6.6ml, Lions-pharmcy"},{"@type":"BreadcrumbList","@id":"https:\/\/lions-pharmacy.com\/fr\/produit\/ciclopoli-nail-polish-against-nail-fungus-6-6ml-08907142#breadcrumb","itemListElement":[{"@type":"ListItem","position":1,"name":"Home","item":"https:\/\/lions-pharmacy.com\/fr\/homepage-lion-pharmacy"},{"@type":"ListItem","position":2,"name":"Shop","item":"https:\/\/lions-pharmacy.com\/fr\/boutique"},{"@type":"ListItem","position":3,"name":"Vernis \u00e0 ongles Ciclopoli contre la mycose des ongles (6.6ml)"}]},{"@type":"WebSite","@id":"https:\/\/lions-pharmacy.com\/fr#website","url":"https:\/\/lions-pharmacy.com\/fr","name":"Lions Pharmacy","description":"Pharmacie sp\u00e9cialis\u00e9e en naturopathie de Baden-Baden, Allemagne","publisher":{"@id":"https:\/\/lions-pharmacy.com\/fr#organization"},"alternateName":"Lion Pharmacy","potentialAction":[{"@type":"SearchAction","target":{"@type":"EntryPoint","urlTemplate":"https:\/\/lions-pharmacy.com\/fr?s={search_term_string}"},"query-input":{"@type":"PropertyValueSpecification","valueRequired":true,"valueName":"search_term_string"}}],"inLanguage":"fr-FR"},{"@type":"Organization","@id":"https:\/\/lions-pharmacy.com\/fr#organization","name":"Lions Pharmacy","alternateName":"Lions Pharmacy24","url":"https:\/\/lions-pharmacy.com\/fr","logo":{"@type":"ImageObject","inLanguage":"fr-FR","@id":"https:\/\/lions-pharmacy.com\/fr#\/schema\/logo\/image\/","url":"https:\/\/lions-pharmacy.com\/wp-content\/uploads\/2022\/12\/Logo-Lion-Pharmacy-c-o-Loewen-Apotheke-smal.jpg","contentUrl":"https:\/\/lions-pharmacy.com\/wp-content\/uploads\/2022\/12\/Logo-Lion-Pharmacy-c-o-Loewen-Apotheke-smal.jpg","width":298,"height":99,"caption":"Lions Pharmacy"},"image":{"@id":"https:\/\/lions-pharmacy.com\/fr#\/schema\/logo\/image\/"}}]}},"_links":{"self":[{"href":"https:\/\/lions-pharmacy.com\/fr\/wp-json\/wp\/v2\/product\/13878","targetHints":{"allow":["GET"]}}],"collection":[{"href":"https:\/\/lions-pharmacy.com\/fr\/wp-json\/wp\/v2\/product"}],"about":[{"href":"https:\/\/lions-pharmacy.com\/fr\/wp-json\/wp\/v2\/types\/product"}],"replies":[{"embeddable":true,"href":"https:\/\/lions-pharmacy.com\/fr\/wp-json\/wp\/v2\/comments?post=13878"}],"wp:featuredmedia":[{"embeddable":true,"href":"https:\/\/lions-pharmacy.com\/fr\/wp-json\/wp\/v2\/media\/13883"}],"wp:attachment":[{"href":"https:\/\/lions-pharmacy.com\/fr\/wp-json\/wp\/v2\/media?parent=13878"}],"wp:term":[{"taxonomy":"product_brand","embeddable":true,"href":"https:\/\/lions-pharmacy.com\/fr\/wp-json\/wp\/v2\/product_brand?post=13878"},{"taxonomy":"product_cat","embeddable":true,"href":"https:\/\/lions-pharmacy.com\/fr\/wp-json\/wp\/v2\/product_cat?post=13878"},{"taxonomy":"product_tag","embeddable":true,"href":"https:\/\/lions-pharmacy.com\/fr\/wp-json\/wp\/v2\/product_tag?post=13878"}],"curies":[{"name":"wp","href":"https:\/\/api.w.org\/{rel}","templated":true}]}}