{"id":13723,"date":"2025-07-28T15:54:38","date_gmt":"2025-07-28T14:54:38","guid":{"rendered":"https:\/\/lions-pharmacy.com\/?post_type=product&#038;p=13723"},"modified":"2025-12-01T20:05:56","modified_gmt":"2025-12-01T19:05:56","slug":"pure-encapsulations-all-in-one-pure-365-60-02260461","status":"publish","type":"product","link":"https:\/\/lions-pharmacy.com\/fr\/produit\/pure-encapsulations-all-in-one-pure-365-60-02260461","title":{"rendered":"Pure Encapsulations ALL-IN-ONE Pure 365 (60 pcs.)"},"content":{"rendered":"<h3>Pure Encapsulations ALL-IN-ONE Pure 365<\/h3>\n<p>Pure Encapsulations ALL-IN-ONE Pure 365 couvre les besoins vitaux en nutriments pendant les p\u00e9riodes de stress et de tension. Augmente la vitalit\u00e9 et le bien-\u00eatre. Compl\u00e9ment alimentaire en g\u00e9lules tout-en-un.<\/p>\n<p>Pure Encapsulations All-in-one fournit douze vitamines, huit min\u00e9raux et oligo-\u00e9l\u00e9ments, ainsi que de la coenzyme Q10, de la lut\u00e9ine et des polyph\u00e9nols provenant d&#8217;extraits de p\u00e9pins de raisin. Le zinc et les vitamines C et D assurent un syst\u00e8me immunitaire sain. Le s\u00e9l\u00e9nium et les vitamines E et C prot\u00e8gent les cellules du stress oxydatif. Le calcium contribue \u00e9galement \u00e0 la sant\u00e9 des os.<\/p>\n<h3>D\u00e9tails du produit et informations obligatoires<\/h3>\n<p>Notice d&#8217;emballage : <a href=\"https:\/\/lions-pharmacy.com\/wp-content\/uploads\/2025\/07\/Pure-Encapsulations-ALL-IN-ONE-Pure-365.pdf\">Pure Encapsulations ALL-IN-ONE Pure 365<\/a> (lecteur PDF) et Informations alimentaires<\/p>\n<p>Ingr\u00e9dients : Magn\u00e9siumcitrat, Hydroxypropylm\u00e9thylcellulose (Kapsel), Calciumcitrat, Acerolakirschen (Malpighia glabra) Extrakt (Frucht), Kaliumcitrat, Ascorbylpalmitat, Niacinamid, Ascorbins\u00e4ure, Trauben (Vitis vinifera) Extrakt (Kerne), D-alpha-Tocopherolsuccinat, Zinkpicolinat, Lutein, Calciumpantothenat, Coenzym Q10, Selenmethionin, F\u00fcllstoff : Cellulose mikrokristalline, Mangancitrat, nat\u00fcrliches Betacarotin, Riboflavin-5-Phosphat, Cholecalciferol, Pyridoxal5-Phosphat, Thiamin HCl, Kaliumjodid, Pyridoxin HCl, Riboflavin, Chrompicolinat, Biotin, Fols\u00e4ure, Hydroxycobalamin<\/p>\n<p>En savoir plus sur le fabricant et ce produit : <a href=\"https:\/\/www.promedico.de\/\" target=\"_blank\" rel=\"noopener\">Promediko<\/a> (lien vers un site web externe)<\/p>\n<p>Les informations contenues dans ce site web sont fournies \u00e0 titre informatif uniquement. Ils ne remplacent en aucun cas l&#8217;examen et le traitement par un m\u00e9decin. Veuillez noter que cela signifie qu&#8217;aucun diagnostic ne peut \u00eatre \u00e9tabli et qu&#8217;aucune th\u00e9rapie ne peut \u00eatre mise en place. Importation unique &#8211; Nous importons ce m\u00e9dicament pour vous. Le d\u00e9lai de livraison est donc plus long. Les retours pour les importations individuelles sont exclus.<\/p>\n<p>Pour conna\u00eetre les risques et les effets secondaires, lisez la notice et demandez conseil \u00e0 votre m\u00e9decin ou \u00e0 votre pharmacien.<\/p>\n<h4><\/h4>\n<h3>Conseil d&#8217;expert de la pharmacie :<\/h3>\n<p>Notre pharmacien vous recommande les produits suivants pour les infections virales : <a href=\"https:\/\/lions-pharmacy.com\/fr\/produit\/omni-biotic-colonize-powder-56x-3g\">Omni Biotic Colonize Powder<\/a> &#8211; efficacit\u00e9 prouv\u00e9e et sp\u00e9cifique.<\/p>\n<p>Autres produits pour l&#8217;application : <a href=\"https:\/\/lions-pharmacy.com\/fr\/etiquette-produit\/vitamines-et-supplements\">Vitamines et compl\u00e9ments alimentaires<\/a> | <a href=\"https:\/\/lions-pharmacy.com\/fr\/etiquette-produit\/remedes-naturels\" rel=\"tag\">Rem\u00e8des naturels<\/a> | <a href=\"https:\/\/lions-pharmacy.com\/fr\/etiquette-produit\/bien-etre\" rel=\"tag\">Bien-\u00eatre<\/a><\/p>\n<h3>Des questions sur le produit ? Nous sommes l\u00e0 pour vous !<\/h3>\n<p>Notre pharmacienne responsable, Dr. Sandra Hoff, et son \u00e9quipe se feront un plaisir de vous conseiller personnellement &#8211; par t\u00e9l\u00e9phone ou par e-mail. En tant que v\u00e9ritable pharmacie de quartier et pharmacie de vente par correspondance agr\u00e9\u00e9e, nous vous offrons un soutien comp\u00e9tent, notamment dans le domaine de la <a href=\"https:\/\/lions-pharmacy.com\/fr\/etiquette-produit\/remedes-naturels\">naturopathie<\/a> et des <a href=\"https:\/\/lions-pharmacy.com\/fr\/etiquette-produit\/vitamines-et-supplements\">compl\u00e9ments alimentaires<\/a>, ici les m\u00e9dicaments de <a href=\"https:\/\/lions-pharmacy.com\/fr\/product-brand\/vitorgan-fr\">vitOrgan<\/a> et <a href=\"https:\/\/lions-pharmacy.com\/fr\/product-category\/labo-life-fr\">Labo Life<\/a>.<br \/>\nVous trouverez notre autorisation dans le <a href=\"https:\/\/versandhandel.dimdi.de\/websearch\/servlet\/Gate;jsessionid=0D29D15655BE1174E9178A340E8FE6BC?accessid=dimdi_var&amp;term=3c387956690121ccc8763184f052b93f\" target=\"_blank\" rel=\"noopener\">registre de la vente par correspondance<\/a>.<\/p>\n<h3>Remplir une ordonnance ou une prescription \u00e9lectronique :<\/h3>\n<p>Avez-vous une ordonnance ou une prescription \u00e9lectronique ? Soumettez-la confortablement via notre application de <a href=\"https:\/\/e-rezept-app.de\/shop-rezept\" target=\"_blank\" rel=\"noopener\">prescription \u00e9lectronique<\/a> &#8211; les ordonnances priv\u00e9es pour les personnes qui paient elles-m\u00eames sont \u00e9galement possibles. Rapide, s\u00fbr et facile.<\/p>\n","protected":false},"excerpt":{"rendered":"<h2>Pure Encapsulations ALL-IN-ONE Pure 365<\/h2>\n<p>Couvre les besoins vitaux en nutriments en p\u00e9riode de stress et de tension. Augmente la vitalit\u00e9.<\/p>\n<p>&nbsp;<\/p>\n<p><strong>PZN<\/strong>: 02260461<\/p>\n<p><strong>Forme gal\u00e9nique<\/strong> : g\u00e9lules<\/p>\n<p><strong>Type d\u2019ordonnance<\/strong> : sans ordonnance<\/p>\n<p><strong>Marque<\/strong>&nbsp;: Pure Encapsulations<\/p>\n<p><strong>Fabricant<\/strong>: pro medico GmbH, 60329 Frankfurt am Main, Allemagne<\/p>\n","protected":false},"featured_media":13733,"comment_status":"closed","ping_status":"closed","template":"","meta":[],"product_brand":[],"product_cat":[114],"product_tag":[510,297,265,306,466,267,464,264],"class_list":{"0":"post-13723","1":"product","2":"type-product","3":"status-publish","4":"has-post-thumbnail","6":"product_cat-non-classifiee","7":"product_tag-actif-dorigine-vegetale","8":"product_tag-concentration-stress-fr","9":"product_tag-gestion-du-poids","10":"product_tag-homeopathie","11":"product_tag-ingredient-actif-a-base-de-plantes","12":"product_tag-poids-et-forme","13":"product_tag-remedes-naturels","14":"product_tag-vitamines-et-supplements","15":"ts_product_brand-all-fr","16":"ts_product_brand-pure-encapsulations","18":"first","19":"instock","20":"sale","21":"taxable","22":"shipping-taxable","23":"purchasable","24":"product-type-simple"},"yoast_head":"<!-- This site is optimized with the Yoast SEO plugin v26.5 - https:\/\/yoast.com\/wordpress\/plugins\/seo\/ -->\n<title>Pure Encapsulations ALL-IN-ONE Pure 365 (60 pcs.) &#187; commander ici<\/title>\n<meta name=\"description\" content=\"Compl\u00e9ment alimentaire. En savoir plus sur Pure Encapsulations ALL-IN-ONE Pure 365 (60 pcs.). Nous vous offrons : Une livraison rapide et des achats en ligne en toute s\u00e9curit\u00e9.\" \/>\n<meta name=\"robots\" content=\"index, follow, max-snippet:-1, max-image-preview:large, max-video-preview:-1\" \/>\n<link rel=\"canonical\" href=\"https:\/\/lions-pharmacy.com\/fr\/produit\/pure-encapsulations-all-in-one-pure-365-60-02260461\" \/>\n<meta property=\"og:locale\" content=\"fr_FR\" \/>\n<meta property=\"og:type\" content=\"article\" \/>\n<meta property=\"og:title\" content=\"Pure Encapsulations ALL-IN-ONE Pure 365 (60 pcs.) &#187; commander ici\" \/>\n<meta property=\"og:description\" content=\"Compl\u00e9ment alimentaire. En savoir plus sur Pure Encapsulations ALL-IN-ONE Pure 365 (60 pcs.). Nous vous offrons : Une livraison rapide et des achats en ligne en toute s\u00e9curit\u00e9.\" \/>\n<meta property=\"og:url\" content=\"https:\/\/lions-pharmacy.com\/fr\/produit\/pure-encapsulations-all-in-one-pure-365-60-02260461\" \/>\n<meta property=\"og:site_name\" content=\"Lion Pharmacy\" \/>\n<meta property=\"article:modified_time\" content=\"2025-12-01T19:05:56+00:00\" \/>\n<meta property=\"og:image\" content=\"https:\/\/lions-pharmacy.com\/wp-content\/uploads\/2025\/07\/Pure-Encapsulations-All-in-one-60-pc-PZN-02260461-Lions-Pharmacy.webp\" \/>\n\t<meta property=\"og:image:width\" content=\"600\" \/>\n\t<meta property=\"og:image:height\" content=\"600\" \/>\n\t<meta property=\"og:image:type\" content=\"image\/webp\" \/>\n<meta name=\"twitter:card\" content=\"summary_large_image\" \/>\n<meta name=\"twitter:label1\" content=\"Dur\u00e9e de lecture estim\u00e9e\" \/>\n\t<meta name=\"twitter:data1\" content=\"2 minutes\" \/>\n<script type=\"application\/ld+json\" class=\"yoast-schema-graph\">{\"@context\":\"https:\/\/schema.org\",\"@graph\":[{\"@type\":\"WebPage\",\"@id\":\"https:\/\/lions-pharmacy.com\/fr\/produit\/pure-encapsulations-all-in-one-pure-365-60-02260461\",\"url\":\"https:\/\/lions-pharmacy.com\/fr\/produit\/pure-encapsulations-all-in-one-pure-365-60-02260461\",\"name\":\"Pure Encapsulations ALL-IN-ONE Pure 365 (60 pcs.) &#187; commander ici\",\"isPartOf\":{\"@id\":\"https:\/\/lions-pharmacy.com\/fr#website\"},\"primaryImageOfPage\":{\"@id\":\"https:\/\/lions-pharmacy.com\/fr\/produit\/pure-encapsulations-all-in-one-pure-365-60-02260461#primaryimage\"},\"image\":{\"@id\":\"https:\/\/lions-pharmacy.com\/fr\/produit\/pure-encapsulations-all-in-one-pure-365-60-02260461#primaryimage\"},\"thumbnailUrl\":\"https:\/\/lions-pharmacy.com\/wp-content\/uploads\/2025\/07\/Pure-Encapsulations-All-in-one-60-pc-PZN-02260461-Lions-Pharmacy.webp\",\"datePublished\":\"2025-07-28T14:54:38+00:00\",\"dateModified\":\"2025-12-01T19:05:56+00:00\",\"description\":\"Compl\u00e9ment alimentaire. En savoir plus sur Pure Encapsulations ALL-IN-ONE Pure 365 (60 pcs.). Nous vous offrons : Une livraison rapide et des achats en ligne en toute s\u00e9curit\u00e9.\",\"breadcrumb\":{\"@id\":\"https:\/\/lions-pharmacy.com\/fr\/produit\/pure-encapsulations-all-in-one-pure-365-60-02260461#breadcrumb\"},\"inLanguage\":\"fr-FR\",\"potentialAction\":[{\"@type\":\"ReadAction\",\"target\":[\"https:\/\/lions-pharmacy.com\/fr\/produit\/pure-encapsulations-all-in-one-pure-365-60-02260461\"]}]},{\"@type\":\"ImageObject\",\"inLanguage\":\"fr-FR\",\"@id\":\"https:\/\/lions-pharmacy.com\/fr\/produit\/pure-encapsulations-all-in-one-pure-365-60-02260461#primaryimage\",\"url\":\"https:\/\/lions-pharmacy.com\/wp-content\/uploads\/2025\/07\/Pure-Encapsulations-All-in-one-60-pc-PZN-02260461-Lions-Pharmacy.webp\",\"contentUrl\":\"https:\/\/lions-pharmacy.com\/wp-content\/uploads\/2025\/07\/Pure-Encapsulations-All-in-one-60-pc-PZN-02260461-Lions-Pharmacy.webp\",\"width\":600,\"height\":600,\"caption\":\"Packshot Pure Encapsulations All-in-one (60 pc) PZN 02260461, Lions Pharmacy\"},{\"@type\":\"BreadcrumbList\",\"@id\":\"https:\/\/lions-pharmacy.com\/fr\/produit\/pure-encapsulations-all-in-one-pure-365-60-02260461#breadcrumb\",\"itemListElement\":[{\"@type\":\"ListItem\",\"position\":1,\"name\":\"Home\",\"item\":\"https:\/\/lions-pharmacy.com\/fr\/homepage-lion-pharmacy\"},{\"@type\":\"ListItem\",\"position\":2,\"name\":\"Shop\",\"item\":\"https:\/\/lions-pharmacy.com\/fr\/boutique\"},{\"@type\":\"ListItem\",\"position\":3,\"name\":\"Pure Encapsulations ALL-IN-ONE Pure 365 (60 pcs.)\"}]},{\"@type\":\"WebSite\",\"@id\":\"https:\/\/lions-pharmacy.com\/fr#website\",\"url\":\"https:\/\/lions-pharmacy.com\/fr\",\"name\":\"Lions Pharmacy\",\"description\":\"Pharmacie sp\u00e9cialis\u00e9e en naturopathie de Baden-Baden, Allemagne\",\"publisher\":{\"@id\":\"https:\/\/lions-pharmacy.com\/fr#organization\"},\"alternateName\":\"Lion Pharmacy\",\"potentialAction\":[{\"@type\":\"SearchAction\",\"target\":{\"@type\":\"EntryPoint\",\"urlTemplate\":\"https:\/\/lions-pharmacy.com\/fr?s={search_term_string}\"},\"query-input\":{\"@type\":\"PropertyValueSpecification\",\"valueRequired\":true,\"valueName\":\"search_term_string\"}}],\"inLanguage\":\"fr-FR\"},{\"@type\":\"Organization\",\"@id\":\"https:\/\/lions-pharmacy.com\/fr#organization\",\"name\":\"Lions Pharmacy\",\"alternateName\":\"Lions Pharmacy24\",\"url\":\"https:\/\/lions-pharmacy.com\/fr\",\"logo\":{\"@type\":\"ImageObject\",\"inLanguage\":\"fr-FR\",\"@id\":\"https:\/\/lions-pharmacy.com\/fr#\/schema\/logo\/image\/\",\"url\":\"https:\/\/lions-pharmacy.com\/wp-content\/uploads\/2022\/12\/Logo-Lion-Pharmacy-c-o-Loewen-Apotheke-smal.jpg\",\"contentUrl\":\"https:\/\/lions-pharmacy.com\/wp-content\/uploads\/2022\/12\/Logo-Lion-Pharmacy-c-o-Loewen-Apotheke-smal.jpg\",\"width\":298,\"height\":99,\"caption\":\"Lions Pharmacy\"},\"image\":{\"@id\":\"https:\/\/lions-pharmacy.com\/fr#\/schema\/logo\/image\/\"}}]}<\/script>\n<!-- \/ Yoast SEO plugin. -->","yoast_head_json":{"title":"Pure Encapsulations ALL-IN-ONE Pure 365 (60 pcs.) &#187; commander ici","description":"Compl\u00e9ment alimentaire. En savoir plus sur Pure Encapsulations ALL-IN-ONE Pure 365 (60 pcs.). Nous vous offrons : Une livraison rapide et des achats en ligne en toute s\u00e9curit\u00e9.","robots":{"index":"index","follow":"follow","max-snippet":"max-snippet:-1","max-image-preview":"max-image-preview:large","max-video-preview":"max-video-preview:-1"},"canonical":"https:\/\/lions-pharmacy.com\/fr\/produit\/pure-encapsulations-all-in-one-pure-365-60-02260461","og_locale":"fr_FR","og_type":"article","og_title":"Pure Encapsulations ALL-IN-ONE Pure 365 (60 pcs.) &#187; commander ici","og_description":"Compl\u00e9ment alimentaire. En savoir plus sur Pure Encapsulations ALL-IN-ONE Pure 365 (60 pcs.). Nous vous offrons : Une livraison rapide et des achats en ligne en toute s\u00e9curit\u00e9.","og_url":"https:\/\/lions-pharmacy.com\/fr\/produit\/pure-encapsulations-all-in-one-pure-365-60-02260461","og_site_name":"Lion Pharmacy","article_modified_time":"2025-12-01T19:05:56+00:00","og_image":[{"width":600,"height":600,"url":"https:\/\/lions-pharmacy.com\/wp-content\/uploads\/2025\/07\/Pure-Encapsulations-All-in-one-60-pc-PZN-02260461-Lions-Pharmacy.webp","type":"image\/webp"}],"twitter_card":"summary_large_image","twitter_misc":{"Dur\u00e9e de lecture estim\u00e9e":"2 minutes"},"schema":{"@context":"https:\/\/schema.org","@graph":[{"@type":"WebPage","@id":"https:\/\/lions-pharmacy.com\/fr\/produit\/pure-encapsulations-all-in-one-pure-365-60-02260461","url":"https:\/\/lions-pharmacy.com\/fr\/produit\/pure-encapsulations-all-in-one-pure-365-60-02260461","name":"Pure Encapsulations ALL-IN-ONE Pure 365 (60 pcs.) &#187; commander ici","isPartOf":{"@id":"https:\/\/lions-pharmacy.com\/fr#website"},"primaryImageOfPage":{"@id":"https:\/\/lions-pharmacy.com\/fr\/produit\/pure-encapsulations-all-in-one-pure-365-60-02260461#primaryimage"},"image":{"@id":"https:\/\/lions-pharmacy.com\/fr\/produit\/pure-encapsulations-all-in-one-pure-365-60-02260461#primaryimage"},"thumbnailUrl":"https:\/\/lions-pharmacy.com\/wp-content\/uploads\/2025\/07\/Pure-Encapsulations-All-in-one-60-pc-PZN-02260461-Lions-Pharmacy.webp","datePublished":"2025-07-28T14:54:38+00:00","dateModified":"2025-12-01T19:05:56+00:00","description":"Compl\u00e9ment alimentaire. En savoir plus sur Pure Encapsulations ALL-IN-ONE Pure 365 (60 pcs.). Nous vous offrons : Une livraison rapide et des achats en ligne en toute s\u00e9curit\u00e9.","breadcrumb":{"@id":"https:\/\/lions-pharmacy.com\/fr\/produit\/pure-encapsulations-all-in-one-pure-365-60-02260461#breadcrumb"},"inLanguage":"fr-FR","potentialAction":[{"@type":"ReadAction","target":["https:\/\/lions-pharmacy.com\/fr\/produit\/pure-encapsulations-all-in-one-pure-365-60-02260461"]}]},{"@type":"ImageObject","inLanguage":"fr-FR","@id":"https:\/\/lions-pharmacy.com\/fr\/produit\/pure-encapsulations-all-in-one-pure-365-60-02260461#primaryimage","url":"https:\/\/lions-pharmacy.com\/wp-content\/uploads\/2025\/07\/Pure-Encapsulations-All-in-one-60-pc-PZN-02260461-Lions-Pharmacy.webp","contentUrl":"https:\/\/lions-pharmacy.com\/wp-content\/uploads\/2025\/07\/Pure-Encapsulations-All-in-one-60-pc-PZN-02260461-Lions-Pharmacy.webp","width":600,"height":600,"caption":"Packshot Pure Encapsulations All-in-one (60 pc) PZN 02260461, Lions Pharmacy"},{"@type":"BreadcrumbList","@id":"https:\/\/lions-pharmacy.com\/fr\/produit\/pure-encapsulations-all-in-one-pure-365-60-02260461#breadcrumb","itemListElement":[{"@type":"ListItem","position":1,"name":"Home","item":"https:\/\/lions-pharmacy.com\/fr\/homepage-lion-pharmacy"},{"@type":"ListItem","position":2,"name":"Shop","item":"https:\/\/lions-pharmacy.com\/fr\/boutique"},{"@type":"ListItem","position":3,"name":"Pure Encapsulations ALL-IN-ONE Pure 365 (60 pcs.)"}]},{"@type":"WebSite","@id":"https:\/\/lions-pharmacy.com\/fr#website","url":"https:\/\/lions-pharmacy.com\/fr","name":"Lions Pharmacy","description":"Pharmacie sp\u00e9cialis\u00e9e en naturopathie de Baden-Baden, Allemagne","publisher":{"@id":"https:\/\/lions-pharmacy.com\/fr#organization"},"alternateName":"Lion Pharmacy","potentialAction":[{"@type":"SearchAction","target":{"@type":"EntryPoint","urlTemplate":"https:\/\/lions-pharmacy.com\/fr?s={search_term_string}"},"query-input":{"@type":"PropertyValueSpecification","valueRequired":true,"valueName":"search_term_string"}}],"inLanguage":"fr-FR"},{"@type":"Organization","@id":"https:\/\/lions-pharmacy.com\/fr#organization","name":"Lions Pharmacy","alternateName":"Lions Pharmacy24","url":"https:\/\/lions-pharmacy.com\/fr","logo":{"@type":"ImageObject","inLanguage":"fr-FR","@id":"https:\/\/lions-pharmacy.com\/fr#\/schema\/logo\/image\/","url":"https:\/\/lions-pharmacy.com\/wp-content\/uploads\/2022\/12\/Logo-Lion-Pharmacy-c-o-Loewen-Apotheke-smal.jpg","contentUrl":"https:\/\/lions-pharmacy.com\/wp-content\/uploads\/2022\/12\/Logo-Lion-Pharmacy-c-o-Loewen-Apotheke-smal.jpg","width":298,"height":99,"caption":"Lions Pharmacy"},"image":{"@id":"https:\/\/lions-pharmacy.com\/fr#\/schema\/logo\/image\/"}}]}},"_links":{"self":[{"href":"https:\/\/lions-pharmacy.com\/fr\/wp-json\/wp\/v2\/product\/13723","targetHints":{"allow":["GET"]}}],"collection":[{"href":"https:\/\/lions-pharmacy.com\/fr\/wp-json\/wp\/v2\/product"}],"about":[{"href":"https:\/\/lions-pharmacy.com\/fr\/wp-json\/wp\/v2\/types\/product"}],"replies":[{"embeddable":true,"href":"https:\/\/lions-pharmacy.com\/fr\/wp-json\/wp\/v2\/comments?post=13723"}],"wp:featuredmedia":[{"embeddable":true,"href":"https:\/\/lions-pharmacy.com\/fr\/wp-json\/wp\/v2\/media\/13733"}],"wp:attachment":[{"href":"https:\/\/lions-pharmacy.com\/fr\/wp-json\/wp\/v2\/media?parent=13723"}],"wp:term":[{"taxonomy":"product_brand","embeddable":true,"href":"https:\/\/lions-pharmacy.com\/fr\/wp-json\/wp\/v2\/product_brand?post=13723"},{"taxonomy":"product_cat","embeddable":true,"href":"https:\/\/lions-pharmacy.com\/fr\/wp-json\/wp\/v2\/product_cat?post=13723"},{"taxonomy":"product_tag","embeddable":true,"href":"https:\/\/lions-pharmacy.com\/fr\/wp-json\/wp\/v2\/product_tag?post=13723"}],"curies":[{"name":"wp","href":"https:\/\/api.w.org\/{rel}","templated":true}]}}