{"id":13320,"date":"2025-07-10T05:54:18","date_gmt":"2025-07-10T04:54:18","guid":{"rendered":"https:\/\/lions-pharmacy.com\/?post_type=product&#038;p=13320"},"modified":"2025-07-28T16:38:29","modified_gmt":"2025-07-28T15:38:29","slug":"wick-zzzquil-goodnight-intense-60-pcs-8700216813037","status":"publish","type":"product","link":"https:\/\/lions-pharmacy.com\/fr\/produit\/wick-zzzquil-goodnight-intense-60-pcs-8700216813037","title":{"rendered":"WICK ZzzQuil Goodnight Intense 60 pcs."},"content":{"rendered":"<h3>WICK ZzzQuil Goodnight Intense<\/h3>\n<p>VICK&#8217;S ZzzQuil Nighttime Intense, un compl\u00e9ment alimentaire avec une dose plus \u00e9lev\u00e9e de m\u00e9latonine.<\/p>\n<ul>\n<li>Gommes douces \u00e0 la m\u00e9latonine<\/li>\n<li>Au go\u00fbt de baies sauvages<\/li>\n<li>Avec des extraits de val\u00e9riane, de camomille et de lavande<\/li>\n<\/ul>\n<p>Compl\u00e9ment alimentaire qui aide \u00e0 s&#8217;endormir plus rapidement &#8211; contient une dose plus \u00e9lev\u00e9e de m\u00e9latonine.<\/p>\n<p>Ingr\u00e9dients : Ingr\u00e9dient par gomme molle Vitamine B6 2,8 mg, m\u00e9latonine 1,7 mg, extrait de val\u00e9riane 5 mg, extrait de camomille 5 mg, extrait de lavande 5 mg.<\/p>\n<p>\u00c0 propos : <a href=\"https:\/\/lions-pharmacy.com\/wp-content\/uploads\/2025\/07\/19455588.pdf\">information sur les aliments WICK PZN 19455588<\/a><\/p>\n<p>Autres produits pour l\u2019application: <a href=\"https:\/\/lions-pharmacy.com\/product-tag\/vitamins-supplements\">Vitamines &amp; suppl\u00e9ments Produits<\/a><br \/>\nEn savoir plus sur le fabricant et ce produit : <a href=\"https:\/\/zzzquil.de\/produkte\/zzzquil-intens-einschlafhilfe-mit-hoherer-dosis-melatonin\" target=\"_blank\" rel=\"noopener\">Wick ZzzQuil<\/a> (lien vers un site web externe)<\/p>\n<p>Les informations contenues dans ce site web sont fournies \u00e0 titre informatif uniquement. Ils ne remplacent en aucun cas l&#8217;examen et le traitement par un m\u00e9decin. Veuillez noter que cela signifie qu&#8217;aucun diagnostic ne peut \u00eatre \u00e9tabli et qu&#8217;aucune th\u00e9rapie ne peut \u00eatre mise en place.<\/p>\n<p>Ne d\u00e9passez pas la dose journali\u00e8re recommand\u00e9e. Pour les adultes de 18 ans et plus. Les personnes qui ont des probl\u00e8mes de sommeil \u00e0 long terme, qui prennent des m\u00e9dicaments, qui souffrent de maladies chroniques ou qui prennent d&#8217;autres aides au sommeil, qui sont enceintes, qui tentent de le devenir ou qui allaitent doivent consulter leur m\u00e9decin avant de prendre ce produit. Ne conduisez pas et n&#8217;utilisez pas de machines pendant que vous prenez de la m\u00e9latonine. Ne consommez pas d&#8217;alcool pendant que vous prenez ce produit. \u00c9vitez de l&#8217;utiliser si vous \u00eates sensible aux ingr\u00e9dients.<\/p>\n<p>Ne d\u00e9passez pas la dose journali\u00e8re recommand\u00e9e. Les compl\u00e9ments alimentaires ne remplacent pas une alimentation vari\u00e9e et \u00e9quilibr\u00e9e et un mode de vie sain.<\/p>\n<p>Pour conna\u00eetre les risques et les effets secondaires, lisez la notice et demandez conseil \u00e0 votre m\u00e9decin ou \u00e0 votre pharmacien.<\/p>\n<h3>Des questions sur le produit ? Nous sommes l\u00e0 pour vous !<\/h3>\n<p>Notre pharmacienne responsable, Dr. Sandra Hoff, et son \u00e9quipe se feront un plaisir de vous conseiller personnellement &#8211; par t\u00e9l\u00e9phone ou par e-mail. En tant que v\u00e9ritable pharmacie de quartier et pharmacie de vente par correspondance agr\u00e9\u00e9e, nous vous offrons un soutien comp\u00e9tent, notamment dans le domaine de la <a href=\"https:\/\/lions-pharmacy.com\/product-tag\/natural-remedies\">naturopathie<\/a> et des <a href=\"https:\/\/lions-pharmacy.com\/product-tag\/vitamins-supplements\">compl\u00e9ments alimentaires<\/a>, ici les m\u00e9dicaments de <a href=\"https:\/\/lions-pharmacy.com\/product-brand\/vitorgan\">vitOrgan<\/a> et <a href=\"https:\/\/lions-pharmacy.com\/product-category\/labo-life\">Labo Life<\/a>.<br \/>\nVous trouverez notre autorisation dans le <a href=\"https:\/\/versandhandel.dimdi.de\/websearch\/servlet\/Gate;jsessionid=0D29D15655BE1174E9178A340E8FE6BC?accessid=dimdi_var&amp;term=3c387956690121ccc8763184f052b93f\" target=\"_blank\" rel=\"noopener\">registre de la vente par correspondance<\/a>.<\/p>\n","protected":false},"excerpt":{"rendered":"<h2>WICK ZzzQuil Goodnight Intense<\/h2>\n<p>Compl\u00e9ment alimentaire qui aide \u00e0 s&#8217;endormir plus rapidement &#8211; contient une dose plus \u00e9lev\u00e9e de m\u00e9latonine.<\/p>\n<p>&nbsp;<\/p>\n<p>PZN : 19455588 (Pharma Central Number)<\/p>\n<p>Forme pharmaceutique : gel en gouttes<\/p>\n<p>Type de prescription : sans ordonnance<\/p>\n<p>Marque : Wick<\/p>\n<p>Fabricant : Wick &#8211; Procter &amp; Gamble<\/p>\n<p>Taille de l&#8217;emballage : 60 pi\u00e8ces<\/p>\n","protected":false},"featured_media":13331,"comment_status":"closed","ping_status":"closed","template":"","meta":[],"product_brand":[],"product_cat":[120,114],"product_tag":[466,309],"class_list":{"0":"post-13320","1":"product","2":"type-product","3":"status-publish","4":"has-post-thumbnail","6":"product_cat-sale-fr","7":"product_cat-non-classifiee","8":"product_tag-ingredient-actif-a-base-de-plantes","9":"product_tag-vente-mensuelle","10":"ts_product_brand-all-fr","12":"first","13":"instock","14":"sale","15":"featured","16":"taxable","17":"shipping-taxable","18":"purchasable","19":"product-type-simple"},"yoast_head":"<!-- This site is optimized with the Yoast SEO plugin v26.5 - https:\/\/yoast.com\/wordpress\/plugins\/seo\/ -->\n<title>WICK ZzzQuil Goodnight Intense 60 pcs. &#187; Lion Pharmacy &#187; commander ici<\/title>\n<meta name=\"description\" content=\"Pharmacie en ligne allemande enregistr\u00e9e. Exp\u00e9dition internationale rapide et achats en ligne en toute s\u00e9curit\u00e9. M\u00e9dicaments Heel : WICK ZzzQuil Goodnight Intense 60 pcs.\" \/>\n<meta name=\"robots\" content=\"index, follow, max-snippet:-1, max-image-preview:large, max-video-preview:-1\" \/>\n<link rel=\"canonical\" href=\"https:\/\/lions-pharmacy.com\/fr\/produit\/wick-zzzquil-goodnight-intense-60-pcs-8700216813037\" \/>\n<meta property=\"og:locale\" content=\"fr_FR\" \/>\n<meta property=\"og:type\" content=\"article\" \/>\n<meta property=\"og:title\" content=\"WICK ZzzQuil Goodnight Intense 60 pcs. &#187; Lion Pharmacy &#187; commander ici\" \/>\n<meta property=\"og:description\" content=\"Pharmacie en ligne allemande enregistr\u00e9e. Exp\u00e9dition internationale rapide et achats en ligne en toute s\u00e9curit\u00e9. M\u00e9dicaments Heel : WICK ZzzQuil Goodnight Intense 60 pcs.\" \/>\n<meta property=\"og:url\" content=\"https:\/\/lions-pharmacy.com\/fr\/produit\/wick-zzzquil-goodnight-intense-60-pcs-8700216813037\" \/>\n<meta property=\"og:site_name\" content=\"Lion Pharmacy\" \/>\n<meta property=\"article:modified_time\" content=\"2025-07-28T15:38:29+00:00\" \/>\n<meta property=\"og:image\" content=\"https:\/\/lions-pharmacy.com\/wp-content\/uploads\/2025\/07\/WICK-ZzzQuil-Goodnight-Intense-60-pcs-PZN-19455588-Lions-Pharmacy.webp\" \/>\n\t<meta property=\"og:image:width\" content=\"600\" \/>\n\t<meta property=\"og:image:height\" content=\"600\" \/>\n\t<meta property=\"og:image:type\" content=\"image\/webp\" \/>\n<meta name=\"twitter:card\" content=\"summary_large_image\" \/>\n<meta name=\"twitter:label1\" content=\"Dur\u00e9e de lecture estim\u00e9e\" \/>\n\t<meta name=\"twitter:data1\" content=\"2 minutes\" \/>\n<script type=\"application\/ld+json\" class=\"yoast-schema-graph\">{\"@context\":\"https:\/\/schema.org\",\"@graph\":[{\"@type\":\"WebPage\",\"@id\":\"https:\/\/lions-pharmacy.com\/fr\/produit\/wick-zzzquil-goodnight-intense-60-pcs-8700216813037\",\"url\":\"https:\/\/lions-pharmacy.com\/fr\/produit\/wick-zzzquil-goodnight-intense-60-pcs-8700216813037\",\"name\":\"WICK ZzzQuil Goodnight Intense 60 pcs. &#187; Lion Pharmacy &#187; commander ici\",\"isPartOf\":{\"@id\":\"https:\/\/lions-pharmacy.com\/fr#website\"},\"primaryImageOfPage\":{\"@id\":\"https:\/\/lions-pharmacy.com\/fr\/produit\/wick-zzzquil-goodnight-intense-60-pcs-8700216813037#primaryimage\"},\"image\":{\"@id\":\"https:\/\/lions-pharmacy.com\/fr\/produit\/wick-zzzquil-goodnight-intense-60-pcs-8700216813037#primaryimage\"},\"thumbnailUrl\":\"https:\/\/lions-pharmacy.com\/wp-content\/uploads\/2025\/07\/WICK-ZzzQuil-Goodnight-Intense-60-pcs-PZN-19455588-Lions-Pharmacy.webp\",\"datePublished\":\"2025-07-10T04:54:18+00:00\",\"dateModified\":\"2025-07-28T15:38:29+00:00\",\"description\":\"Pharmacie en ligne allemande enregistr\u00e9e. Exp\u00e9dition internationale rapide et achats en ligne en toute s\u00e9curit\u00e9. M\u00e9dicaments Heel : WICK ZzzQuil Goodnight Intense 60 pcs.\",\"breadcrumb\":{\"@id\":\"https:\/\/lions-pharmacy.com\/fr\/produit\/wick-zzzquil-goodnight-intense-60-pcs-8700216813037#breadcrumb\"},\"inLanguage\":\"fr-FR\",\"potentialAction\":[{\"@type\":\"ReadAction\",\"target\":[\"https:\/\/lions-pharmacy.com\/fr\/produit\/wick-zzzquil-goodnight-intense-60-pcs-8700216813037\"]}]},{\"@type\":\"ImageObject\",\"inLanguage\":\"fr-FR\",\"@id\":\"https:\/\/lions-pharmacy.com\/fr\/produit\/wick-zzzquil-goodnight-intense-60-pcs-8700216813037#primaryimage\",\"url\":\"https:\/\/lions-pharmacy.com\/wp-content\/uploads\/2025\/07\/WICK-ZzzQuil-Goodnight-Intense-60-pcs-PZN-19455588-Lions-Pharmacy.webp\",\"contentUrl\":\"https:\/\/lions-pharmacy.com\/wp-content\/uploads\/2025\/07\/WICK-ZzzQuil-Goodnight-Intense-60-pcs-PZN-19455588-Lions-Pharmacy.webp\",\"width\":600,\"height\":600,\"caption\":\"WICK ZzzQuil Goodnight Intense 60 pcs, PZN-19455588 Lions-Pharmacy\"},{\"@type\":\"BreadcrumbList\",\"@id\":\"https:\/\/lions-pharmacy.com\/fr\/produit\/wick-zzzquil-goodnight-intense-60-pcs-8700216813037#breadcrumb\",\"itemListElement\":[{\"@type\":\"ListItem\",\"position\":1,\"name\":\"Home\",\"item\":\"https:\/\/lions-pharmacy.com\/fr\/homepage-lion-pharmacy\"},{\"@type\":\"ListItem\",\"position\":2,\"name\":\"Shop\",\"item\":\"https:\/\/lions-pharmacy.com\/fr\/boutique\"},{\"@type\":\"ListItem\",\"position\":3,\"name\":\"WICK ZzzQuil Goodnight Intense 60 pcs.\"}]},{\"@type\":\"WebSite\",\"@id\":\"https:\/\/lions-pharmacy.com\/fr#website\",\"url\":\"https:\/\/lions-pharmacy.com\/fr\",\"name\":\"Lions Pharmacy\",\"description\":\"Pharmacie sp\u00e9cialis\u00e9e en naturopathie de Baden-Baden, Allemagne\",\"publisher\":{\"@id\":\"https:\/\/lions-pharmacy.com\/fr#organization\"},\"alternateName\":\"Lion Pharmacy\",\"potentialAction\":[{\"@type\":\"SearchAction\",\"target\":{\"@type\":\"EntryPoint\",\"urlTemplate\":\"https:\/\/lions-pharmacy.com\/fr?s={search_term_string}\"},\"query-input\":{\"@type\":\"PropertyValueSpecification\",\"valueRequired\":true,\"valueName\":\"search_term_string\"}}],\"inLanguage\":\"fr-FR\"},{\"@type\":\"Organization\",\"@id\":\"https:\/\/lions-pharmacy.com\/fr#organization\",\"name\":\"Lions Pharmacy\",\"alternateName\":\"Lions Pharmacy24\",\"url\":\"https:\/\/lions-pharmacy.com\/fr\",\"logo\":{\"@type\":\"ImageObject\",\"inLanguage\":\"fr-FR\",\"@id\":\"https:\/\/lions-pharmacy.com\/fr#\/schema\/logo\/image\/\",\"url\":\"https:\/\/lions-pharmacy.com\/wp-content\/uploads\/2022\/12\/Logo-Lion-Pharmacy-c-o-Loewen-Apotheke-smal.jpg\",\"contentUrl\":\"https:\/\/lions-pharmacy.com\/wp-content\/uploads\/2022\/12\/Logo-Lion-Pharmacy-c-o-Loewen-Apotheke-smal.jpg\",\"width\":298,\"height\":99,\"caption\":\"Lions Pharmacy\"},\"image\":{\"@id\":\"https:\/\/lions-pharmacy.com\/fr#\/schema\/logo\/image\/\"}}]}<\/script>\n<!-- \/ Yoast SEO plugin. -->","yoast_head_json":{"title":"WICK ZzzQuil Goodnight Intense 60 pcs. &#187; Lion Pharmacy &#187; commander ici","description":"Pharmacie en ligne allemande enregistr\u00e9e. Exp\u00e9dition internationale rapide et achats en ligne en toute s\u00e9curit\u00e9. M\u00e9dicaments Heel : WICK ZzzQuil Goodnight Intense 60 pcs.","robots":{"index":"index","follow":"follow","max-snippet":"max-snippet:-1","max-image-preview":"max-image-preview:large","max-video-preview":"max-video-preview:-1"},"canonical":"https:\/\/lions-pharmacy.com\/fr\/produit\/wick-zzzquil-goodnight-intense-60-pcs-8700216813037","og_locale":"fr_FR","og_type":"article","og_title":"WICK ZzzQuil Goodnight Intense 60 pcs. &#187; Lion Pharmacy &#187; commander ici","og_description":"Pharmacie en ligne allemande enregistr\u00e9e. Exp\u00e9dition internationale rapide et achats en ligne en toute s\u00e9curit\u00e9. M\u00e9dicaments Heel : WICK ZzzQuil Goodnight Intense 60 pcs.","og_url":"https:\/\/lions-pharmacy.com\/fr\/produit\/wick-zzzquil-goodnight-intense-60-pcs-8700216813037","og_site_name":"Lion Pharmacy","article_modified_time":"2025-07-28T15:38:29+00:00","og_image":[{"width":600,"height":600,"url":"https:\/\/lions-pharmacy.com\/wp-content\/uploads\/2025\/07\/WICK-ZzzQuil-Goodnight-Intense-60-pcs-PZN-19455588-Lions-Pharmacy.webp","type":"image\/webp"}],"twitter_card":"summary_large_image","twitter_misc":{"Dur\u00e9e de lecture estim\u00e9e":"2 minutes"},"schema":{"@context":"https:\/\/schema.org","@graph":[{"@type":"WebPage","@id":"https:\/\/lions-pharmacy.com\/fr\/produit\/wick-zzzquil-goodnight-intense-60-pcs-8700216813037","url":"https:\/\/lions-pharmacy.com\/fr\/produit\/wick-zzzquil-goodnight-intense-60-pcs-8700216813037","name":"WICK ZzzQuil Goodnight Intense 60 pcs. &#187; Lion Pharmacy &#187; commander ici","isPartOf":{"@id":"https:\/\/lions-pharmacy.com\/fr#website"},"primaryImageOfPage":{"@id":"https:\/\/lions-pharmacy.com\/fr\/produit\/wick-zzzquil-goodnight-intense-60-pcs-8700216813037#primaryimage"},"image":{"@id":"https:\/\/lions-pharmacy.com\/fr\/produit\/wick-zzzquil-goodnight-intense-60-pcs-8700216813037#primaryimage"},"thumbnailUrl":"https:\/\/lions-pharmacy.com\/wp-content\/uploads\/2025\/07\/WICK-ZzzQuil-Goodnight-Intense-60-pcs-PZN-19455588-Lions-Pharmacy.webp","datePublished":"2025-07-10T04:54:18+00:00","dateModified":"2025-07-28T15:38:29+00:00","description":"Pharmacie en ligne allemande enregistr\u00e9e. Exp\u00e9dition internationale rapide et achats en ligne en toute s\u00e9curit\u00e9. M\u00e9dicaments Heel : WICK ZzzQuil Goodnight Intense 60 pcs.","breadcrumb":{"@id":"https:\/\/lions-pharmacy.com\/fr\/produit\/wick-zzzquil-goodnight-intense-60-pcs-8700216813037#breadcrumb"},"inLanguage":"fr-FR","potentialAction":[{"@type":"ReadAction","target":["https:\/\/lions-pharmacy.com\/fr\/produit\/wick-zzzquil-goodnight-intense-60-pcs-8700216813037"]}]},{"@type":"ImageObject","inLanguage":"fr-FR","@id":"https:\/\/lions-pharmacy.com\/fr\/produit\/wick-zzzquil-goodnight-intense-60-pcs-8700216813037#primaryimage","url":"https:\/\/lions-pharmacy.com\/wp-content\/uploads\/2025\/07\/WICK-ZzzQuil-Goodnight-Intense-60-pcs-PZN-19455588-Lions-Pharmacy.webp","contentUrl":"https:\/\/lions-pharmacy.com\/wp-content\/uploads\/2025\/07\/WICK-ZzzQuil-Goodnight-Intense-60-pcs-PZN-19455588-Lions-Pharmacy.webp","width":600,"height":600,"caption":"WICK ZzzQuil Goodnight Intense 60 pcs, PZN-19455588 Lions-Pharmacy"},{"@type":"BreadcrumbList","@id":"https:\/\/lions-pharmacy.com\/fr\/produit\/wick-zzzquil-goodnight-intense-60-pcs-8700216813037#breadcrumb","itemListElement":[{"@type":"ListItem","position":1,"name":"Home","item":"https:\/\/lions-pharmacy.com\/fr\/homepage-lion-pharmacy"},{"@type":"ListItem","position":2,"name":"Shop","item":"https:\/\/lions-pharmacy.com\/fr\/boutique"},{"@type":"ListItem","position":3,"name":"WICK ZzzQuil Goodnight Intense 60 pcs."}]},{"@type":"WebSite","@id":"https:\/\/lions-pharmacy.com\/fr#website","url":"https:\/\/lions-pharmacy.com\/fr","name":"Lions Pharmacy","description":"Pharmacie sp\u00e9cialis\u00e9e en naturopathie de Baden-Baden, Allemagne","publisher":{"@id":"https:\/\/lions-pharmacy.com\/fr#organization"},"alternateName":"Lion Pharmacy","potentialAction":[{"@type":"SearchAction","target":{"@type":"EntryPoint","urlTemplate":"https:\/\/lions-pharmacy.com\/fr?s={search_term_string}"},"query-input":{"@type":"PropertyValueSpecification","valueRequired":true,"valueName":"search_term_string"}}],"inLanguage":"fr-FR"},{"@type":"Organization","@id":"https:\/\/lions-pharmacy.com\/fr#organization","name":"Lions Pharmacy","alternateName":"Lions Pharmacy24","url":"https:\/\/lions-pharmacy.com\/fr","logo":{"@type":"ImageObject","inLanguage":"fr-FR","@id":"https:\/\/lions-pharmacy.com\/fr#\/schema\/logo\/image\/","url":"https:\/\/lions-pharmacy.com\/wp-content\/uploads\/2022\/12\/Logo-Lion-Pharmacy-c-o-Loewen-Apotheke-smal.jpg","contentUrl":"https:\/\/lions-pharmacy.com\/wp-content\/uploads\/2022\/12\/Logo-Lion-Pharmacy-c-o-Loewen-Apotheke-smal.jpg","width":298,"height":99,"caption":"Lions Pharmacy"},"image":{"@id":"https:\/\/lions-pharmacy.com\/fr#\/schema\/logo\/image\/"}}]}},"_links":{"self":[{"href":"https:\/\/lions-pharmacy.com\/fr\/wp-json\/wp\/v2\/product\/13320","targetHints":{"allow":["GET"]}}],"collection":[{"href":"https:\/\/lions-pharmacy.com\/fr\/wp-json\/wp\/v2\/product"}],"about":[{"href":"https:\/\/lions-pharmacy.com\/fr\/wp-json\/wp\/v2\/types\/product"}],"replies":[{"embeddable":true,"href":"https:\/\/lions-pharmacy.com\/fr\/wp-json\/wp\/v2\/comments?post=13320"}],"wp:featuredmedia":[{"embeddable":true,"href":"https:\/\/lions-pharmacy.com\/fr\/wp-json\/wp\/v2\/media\/13331"}],"wp:attachment":[{"href":"https:\/\/lions-pharmacy.com\/fr\/wp-json\/wp\/v2\/media?parent=13320"}],"wp:term":[{"taxonomy":"product_brand","embeddable":true,"href":"https:\/\/lions-pharmacy.com\/fr\/wp-json\/wp\/v2\/product_brand?post=13320"},{"taxonomy":"product_cat","embeddable":true,"href":"https:\/\/lions-pharmacy.com\/fr\/wp-json\/wp\/v2\/product_cat?post=13320"},{"taxonomy":"product_tag","embeddable":true,"href":"https:\/\/lions-pharmacy.com\/fr\/wp-json\/wp\/v2\/product_tag?post=13320"}],"curies":[{"name":"wp","href":"https:\/\/api.w.org\/{rel}","templated":true}]}}