{"id":11629,"date":"2025-05-07T05:42:08","date_gmt":"2025-05-07T04:42:08","guid":{"rendered":"https:\/\/lions-pharmacy.com\/?post_type=product&#038;p=11629"},"modified":"2026-02-16T11:00:06","modified_gmt":"2026-02-16T10:00:06","slug":"vitasprint-b12-drinking-bottles-30-pcs","status":"publish","type":"product","link":"https:\/\/lions-pharmacy.com\/fr\/produit\/vitasprint-b12-drinking-bottles-30-pcs","title":{"rendered":"Bouteilles \u00e0 boire Vitasprint B12 (30 pi\u00e8ces)"},"content":{"rendered":"<h3>Bouteilles \u00e0 boire Vitasprint B12<\/h3>\n<p>Les bouteilles de boisson Vitasprint B12 sont des produits di\u00e9t\u00e9tiques. Il vous aide \u00e0 retrouver vos performances et \u00e0 maintenir votre corps et votre esprit en forme, en vous apportant une dose quotidienne d&#8217;\u00e9nergie. La formule \u00e9prouv\u00e9e contenant une dose \u00e9lev\u00e9e de vitamine B12 peut aider \u00e0 soulager les sympt\u00f4mes tels que la fatigue ou le manque de concentration. En tant que m\u00e9dicament, Vitasprint vous aide \u00e0 retrouver votre \u00e9nergie mentale et physique et \u00e0 vous sentir \u00e0 nouveau en forme. D\u00e9couvrez comment fonctionne Vitasprint.<\/p>\n<p>Vitasprint B12 est un compl\u00e9ment alimentaire pour une \u00e9nergie mentale et physique accrue avec une dose \u00e9lev\u00e9e (500 \u03bcg) de vitamine B12 et de pr\u00e9cieux \u00e9l\u00e9ments constitutifs des prot\u00e9ines. Il am\u00e9liore le bien-\u00eatre g\u00e9n\u00e9ral et r\u00e9duit la fatigue et l&#8217;\u00e9puisement. Compl\u00e9ment alimentaire naturel pour une meilleure concentration.<\/p>\n<p>Notice \/ mode d\u2019emploi\/fiche technique de l\u2019article: &#8211; (Lecteur PDF)<\/p>\n<p>Autres produits pour l&#8217;application : <a href=\"https:\/\/lions-pharmacy.com\/fr\/etiquette-produit\/vitamines-et-supplements\" rel=\"tag\">Vitamines et compl\u00e9ments alimentaires<\/a> | <a href=\"https:\/\/lions-pharmacy.com\/fr\/etiquette-produit\/poids-et-forme\" rel=\"tag\">Poids et forme<\/a> | <a href=\"https:\/\/lions-pharmacy.com\/fr\/etiquette-produit\/vitamines-et-supplements\">Vitamines et compl\u00e9ments alimentaires Produits<\/a><\/p>\n<p>En savoir plus sur le fabricant et le produit : <a href=\"https:\/\/www.allergosan.com\/de\/unsere-produkte\/omni-biotic\/\" target=\"_blank\" rel=\"noopener\">Omni-Biotic<\/a> (lien vers un site web externe)<\/p>\n<p>Les informations contenues dans ce site web sont fournies \u00e0 titre informatif uniquement. Ils ne remplacent en aucun cas l&#8217;examen et le traitement par un m\u00e9decin. Veuillez noter que cela signifie qu&#8217;aucun diagnostic ne peut \u00eatre \u00e9tabli et qu&#8217;aucune th\u00e9rapie ne peut \u00eatre mise en place. Les compl\u00e9ments alimentaires ne remplacent pas une alimentation \u00e9quilibr\u00e9e et vari\u00e9e et un mode de vie sain. La consommation journali\u00e8re recommand\u00e9e ne doit pas \u00eatre d\u00e9pass\u00e9e. Conservez le produit hors de port\u00e9e des jeunes enfants.<\/p>\n<p>Pour conna\u00eetre les risques et les effets secondaires, lisez la notice et demandez conseil \u00e0 votre m\u00e9decin ou \u00e0 votre pharmacien.<\/p>\n<h3>Des questions sur le produit ? Nous sommes l\u00e0 pour vous !<\/h3>\n<p>Notre pharmacienne responsable, Dr. Sandra Hoff, et son \u00e9quipe se feront un plaisir de vous conseiller personnellement &#8211; par t\u00e9l\u00e9phone ou par e-mail. En tant que v\u00e9ritable pharmacie de quartier et pharmacie de vente par correspondance agr\u00e9\u00e9e, nous vous offrons un soutien comp\u00e9tent, notamment dans le domaine de la <a href=\"https:\/\/lions-pharmacy.com\/fr\/etiquette-produit\/remedes-naturels\">naturopathie<\/a> et des <a href=\"https:\/\/lions-pharmacy.com\/fr\/etiquette-produit\/vitamines-et-supplements\">compl\u00e9ments alimentaires<\/a>, ici les m\u00e9dicaments de <a href=\"https:\/\/lions-pharmacy.com\/fr\/product-brand\/vitorgan-fr\">vitOrgan<\/a> et <a href=\"https:\/\/lions-pharmacy.com\/fr\/product-category\/labo-life-fr\">Labo Life<\/a>.<br \/>\nVous trouverez notre autorisation dans le <a href=\"https:\/\/versandhandel.dimdi.de\/websearch\/servlet\/Gate;jsessionid=0D29D15655BE1174E9178A340E8FE6BC?accessid=dimdi_var&amp;term=3c387956690121ccc8763184f052b93f\" target=\"_blank\" rel=\"noopener\">registre de la vente par correspondance<\/a>.<\/p>\n","protected":false},"excerpt":{"rendered":"<h2>Vitasprint B12<\/h2>\n<p>Vitasprint B12 est un compl\u00e9ment alimentaire pour une augmentation de l&#8217;\u00e9nergie mentale et physique avec une dose \u00e9lev\u00e9e (500 \u03bcg) de vitamine B12.<\/p>\n<p>&nbsp;<\/p>\n<p><strong>PZN<\/strong>: 01853561 (num\u00e9ro central de la pharmacie)<\/p>\n<p><strong>Forme gal\u00e9naire<\/strong> : comprim\u00e9s<\/p>\n<p><strong>Type d\u2019ordonnance<\/strong> : sans ordonnance<\/p>\n<p><strong>Marque<\/strong>: VITASPRINT<\/p>\n<p><strong>Fabricant<\/strong>: Haleon Germany GmbH<\/p>\n<p><strong>Taille de l&#8217;emballage<\/strong>: 30 pi\u00e8ces<\/p>\n","protected":false},"featured_media":11634,"comment_status":"closed","ping_status":"closed","template":"","meta":[],"product_brand":[],"product_cat":[611,120,114],"product_tag":[297,265,267,309,264],"class_list":{"0":"post-11629","1":"product","2":"type-product","3":"status-publish","4":"has-post-thumbnail","6":"product_cat-omni-biotique","7":"product_cat-sale-fr","8":"product_cat-non-classifiee","9":"product_tag-concentration-stress-fr","10":"product_tag-gestion-du-poids","11":"product_tag-poids-et-forme","12":"product_tag-vente-mensuelle","13":"product_tag-vitamines-et-supplements","14":"ts_product_brand-all-fr","16":"first","17":"instock","18":"sale","19":"featured","20":"taxable","21":"shipping-taxable","22":"purchasable","23":"product-type-simple"},"yoast_head":"<!-- This site is optimized with the Yoast SEO plugin v26.5 - https:\/\/yoast.com\/wordpress\/plugins\/seo\/ -->\n<title>Bouteilles \u00e0 boire Vitasprint B12 (30 pi\u00e8ces) &#187; sur Lion Pharmacy<\/title>\n<meta name=\"description\" content=\"Une pharmacie en ligne enregistr\u00e9e. Nous vous proposons : Une exp\u00e9dition internationale rapide avec DHL. Gestion de l&#039;alimentation : Bouteilles \u00e0 boire Vitasprint B12 (30 pi\u00e8ces)\" \/>\n<meta name=\"robots\" content=\"index, follow, max-snippet:-1, max-image-preview:large, max-video-preview:-1\" \/>\n<link rel=\"canonical\" href=\"https:\/\/lions-pharmacy.com\/fr\/produit\/vitasprint-b12-drinking-bottles-30-pcs\" \/>\n<meta property=\"og:locale\" content=\"fr_FR\" \/>\n<meta property=\"og:type\" content=\"article\" \/>\n<meta property=\"og:title\" content=\"Bouteilles \u00e0 boire Vitasprint B12 (30 pi\u00e8ces) &#187; sur Lion Pharmacy\" \/>\n<meta property=\"og:description\" content=\"Une pharmacie en ligne enregistr\u00e9e. Nous vous proposons : Une exp\u00e9dition internationale rapide avec DHL. Gestion de l&#039;alimentation : Bouteilles \u00e0 boire Vitasprint B12 (30 pi\u00e8ces)\" \/>\n<meta property=\"og:url\" content=\"https:\/\/lions-pharmacy.com\/fr\/produit\/vitasprint-b12-drinking-bottles-30-pcs\" \/>\n<meta property=\"og:site_name\" content=\"Lion Pharmacy\" \/>\n<meta property=\"article:modified_time\" content=\"2026-02-16T10:00:06+00:00\" \/>\n<meta property=\"og:image\" content=\"https:\/\/lions-pharmacy.com\/wp-content\/uploads\/2025\/05\/vitasprint-b12-Energy-boost-Haleon-Germany-PZN-01853561-Lions-Pharmacy.webp\" \/>\n\t<meta property=\"og:image:width\" content=\"600\" \/>\n\t<meta property=\"og:image:height\" content=\"600\" \/>\n\t<meta property=\"og:image:type\" content=\"image\/webp\" \/>\n<meta name=\"twitter:card\" content=\"summary_large_image\" \/>\n<meta name=\"twitter:label1\" content=\"Dur\u00e9e de lecture estim\u00e9e\" \/>\n\t<meta name=\"twitter:data1\" content=\"2 minutes\" \/>\n<script type=\"application\/ld+json\" class=\"yoast-schema-graph\">{\"@context\":\"https:\/\/schema.org\",\"@graph\":[{\"@type\":\"WebPage\",\"@id\":\"https:\/\/lions-pharmacy.com\/fr\/produit\/vitasprint-b12-drinking-bottles-30-pcs\",\"url\":\"https:\/\/lions-pharmacy.com\/fr\/produit\/vitasprint-b12-drinking-bottles-30-pcs\",\"name\":\"Bouteilles \u00e0 boire Vitasprint B12 (30 pi\u00e8ces) &#187; sur Lion Pharmacy\",\"isPartOf\":{\"@id\":\"https:\/\/lions-pharmacy.com\/fr#website\"},\"primaryImageOfPage\":{\"@id\":\"https:\/\/lions-pharmacy.com\/fr\/produit\/vitasprint-b12-drinking-bottles-30-pcs#primaryimage\"},\"image\":{\"@id\":\"https:\/\/lions-pharmacy.com\/fr\/produit\/vitasprint-b12-drinking-bottles-30-pcs#primaryimage\"},\"thumbnailUrl\":\"https:\/\/lions-pharmacy.com\/wp-content\/uploads\/2025\/05\/vitasprint-b12-Energy-boost-Haleon-Germany-PZN-01853561-Lions-Pharmacy.webp\",\"datePublished\":\"2025-05-07T04:42:08+00:00\",\"dateModified\":\"2026-02-16T10:00:06+00:00\",\"description\":\"Une pharmacie en ligne enregistr\u00e9e. Nous vous proposons : Une exp\u00e9dition internationale rapide avec DHL. Gestion de l'alimentation : Bouteilles \u00e0 boire Vitasprint B12 (30 pi\u00e8ces)\",\"breadcrumb\":{\"@id\":\"https:\/\/lions-pharmacy.com\/fr\/produit\/vitasprint-b12-drinking-bottles-30-pcs#breadcrumb\"},\"inLanguage\":\"fr-FR\",\"potentialAction\":[{\"@type\":\"ReadAction\",\"target\":[\"https:\/\/lions-pharmacy.com\/fr\/produit\/vitasprint-b12-drinking-bottles-30-pcs\"]}]},{\"@type\":\"ImageObject\",\"inLanguage\":\"fr-FR\",\"@id\":\"https:\/\/lions-pharmacy.com\/fr\/produit\/vitasprint-b12-drinking-bottles-30-pcs#primaryimage\",\"url\":\"https:\/\/lions-pharmacy.com\/wp-content\/uploads\/2025\/05\/vitasprint-b12-Energy-boost-Haleon-Germany-PZN-01853561-Lions-Pharmacy.webp\",\"contentUrl\":\"https:\/\/lions-pharmacy.com\/wp-content\/uploads\/2025\/05\/vitasprint-b12-Energy-boost-Haleon-Germany-PZN-01853561-Lions-Pharmacy.webp\",\"width\":600,\"height\":600,\"caption\":\"A box vitasprint b12, Energy boost, Haleon Germany, PZN-01853561, Lions Pharmacy\"},{\"@type\":\"BreadcrumbList\",\"@id\":\"https:\/\/lions-pharmacy.com\/fr\/produit\/vitasprint-b12-drinking-bottles-30-pcs#breadcrumb\",\"itemListElement\":[{\"@type\":\"ListItem\",\"position\":1,\"name\":\"Home\",\"item\":\"https:\/\/lions-pharmacy.com\/fr\/homepage-lion-pharmacy\"},{\"@type\":\"ListItem\",\"position\":2,\"name\":\"Shop\",\"item\":\"https:\/\/lions-pharmacy.com\/fr\/boutique\"},{\"@type\":\"ListItem\",\"position\":3,\"name\":\"Bouteilles \u00e0 boire Vitasprint B12 (30 pi\u00e8ces)\"}]},{\"@type\":\"WebSite\",\"@id\":\"https:\/\/lions-pharmacy.com\/fr#website\",\"url\":\"https:\/\/lions-pharmacy.com\/fr\",\"name\":\"Lions Pharmacy\",\"description\":\"Pharmacie sp\u00e9cialis\u00e9e en naturopathie de Baden-Baden, Allemagne\",\"publisher\":{\"@id\":\"https:\/\/lions-pharmacy.com\/fr#organization\"},\"alternateName\":\"Lion Pharmacy\",\"potentialAction\":[{\"@type\":\"SearchAction\",\"target\":{\"@type\":\"EntryPoint\",\"urlTemplate\":\"https:\/\/lions-pharmacy.com\/fr?s={search_term_string}\"},\"query-input\":{\"@type\":\"PropertyValueSpecification\",\"valueRequired\":true,\"valueName\":\"search_term_string\"}}],\"inLanguage\":\"fr-FR\"},{\"@type\":\"Organization\",\"@id\":\"https:\/\/lions-pharmacy.com\/fr#organization\",\"name\":\"Lions Pharmacy\",\"alternateName\":\"Lions Pharmacy24\",\"url\":\"https:\/\/lions-pharmacy.com\/fr\",\"logo\":{\"@type\":\"ImageObject\",\"inLanguage\":\"fr-FR\",\"@id\":\"https:\/\/lions-pharmacy.com\/fr#\/schema\/logo\/image\/\",\"url\":\"https:\/\/lions-pharmacy.com\/wp-content\/uploads\/2022\/12\/Logo-Lion-Pharmacy-c-o-Loewen-Apotheke-smal.jpg\",\"contentUrl\":\"https:\/\/lions-pharmacy.com\/wp-content\/uploads\/2022\/12\/Logo-Lion-Pharmacy-c-o-Loewen-Apotheke-smal.jpg\",\"width\":298,\"height\":99,\"caption\":\"Lions Pharmacy\"},\"image\":{\"@id\":\"https:\/\/lions-pharmacy.com\/fr#\/schema\/logo\/image\/\"}}]}<\/script>\n<!-- \/ Yoast SEO plugin. -->","yoast_head_json":{"title":"Bouteilles \u00e0 boire Vitasprint B12 (30 pi\u00e8ces) &#187; sur Lion Pharmacy","description":"Une pharmacie en ligne enregistr\u00e9e. Nous vous proposons : Une exp\u00e9dition internationale rapide avec DHL. Gestion de l'alimentation : Bouteilles \u00e0 boire Vitasprint B12 (30 pi\u00e8ces)","robots":{"index":"index","follow":"follow","max-snippet":"max-snippet:-1","max-image-preview":"max-image-preview:large","max-video-preview":"max-video-preview:-1"},"canonical":"https:\/\/lions-pharmacy.com\/fr\/produit\/vitasprint-b12-drinking-bottles-30-pcs","og_locale":"fr_FR","og_type":"article","og_title":"Bouteilles \u00e0 boire Vitasprint B12 (30 pi\u00e8ces) &#187; sur Lion Pharmacy","og_description":"Une pharmacie en ligne enregistr\u00e9e. Nous vous proposons : Une exp\u00e9dition internationale rapide avec DHL. Gestion de l'alimentation : Bouteilles \u00e0 boire Vitasprint B12 (30 pi\u00e8ces)","og_url":"https:\/\/lions-pharmacy.com\/fr\/produit\/vitasprint-b12-drinking-bottles-30-pcs","og_site_name":"Lion Pharmacy","article_modified_time":"2026-02-16T10:00:06+00:00","og_image":[{"width":600,"height":600,"url":"https:\/\/lions-pharmacy.com\/wp-content\/uploads\/2025\/05\/vitasprint-b12-Energy-boost-Haleon-Germany-PZN-01853561-Lions-Pharmacy.webp","type":"image\/webp"}],"twitter_card":"summary_large_image","twitter_misc":{"Dur\u00e9e de lecture estim\u00e9e":"2 minutes"},"schema":{"@context":"https:\/\/schema.org","@graph":[{"@type":"WebPage","@id":"https:\/\/lions-pharmacy.com\/fr\/produit\/vitasprint-b12-drinking-bottles-30-pcs","url":"https:\/\/lions-pharmacy.com\/fr\/produit\/vitasprint-b12-drinking-bottles-30-pcs","name":"Bouteilles \u00e0 boire Vitasprint B12 (30 pi\u00e8ces) &#187; sur Lion Pharmacy","isPartOf":{"@id":"https:\/\/lions-pharmacy.com\/fr#website"},"primaryImageOfPage":{"@id":"https:\/\/lions-pharmacy.com\/fr\/produit\/vitasprint-b12-drinking-bottles-30-pcs#primaryimage"},"image":{"@id":"https:\/\/lions-pharmacy.com\/fr\/produit\/vitasprint-b12-drinking-bottles-30-pcs#primaryimage"},"thumbnailUrl":"https:\/\/lions-pharmacy.com\/wp-content\/uploads\/2025\/05\/vitasprint-b12-Energy-boost-Haleon-Germany-PZN-01853561-Lions-Pharmacy.webp","datePublished":"2025-05-07T04:42:08+00:00","dateModified":"2026-02-16T10:00:06+00:00","description":"Une pharmacie en ligne enregistr\u00e9e. Nous vous proposons : Une exp\u00e9dition internationale rapide avec DHL. Gestion de l'alimentation : Bouteilles \u00e0 boire Vitasprint B12 (30 pi\u00e8ces)","breadcrumb":{"@id":"https:\/\/lions-pharmacy.com\/fr\/produit\/vitasprint-b12-drinking-bottles-30-pcs#breadcrumb"},"inLanguage":"fr-FR","potentialAction":[{"@type":"ReadAction","target":["https:\/\/lions-pharmacy.com\/fr\/produit\/vitasprint-b12-drinking-bottles-30-pcs"]}]},{"@type":"ImageObject","inLanguage":"fr-FR","@id":"https:\/\/lions-pharmacy.com\/fr\/produit\/vitasprint-b12-drinking-bottles-30-pcs#primaryimage","url":"https:\/\/lions-pharmacy.com\/wp-content\/uploads\/2025\/05\/vitasprint-b12-Energy-boost-Haleon-Germany-PZN-01853561-Lions-Pharmacy.webp","contentUrl":"https:\/\/lions-pharmacy.com\/wp-content\/uploads\/2025\/05\/vitasprint-b12-Energy-boost-Haleon-Germany-PZN-01853561-Lions-Pharmacy.webp","width":600,"height":600,"caption":"A box vitasprint b12, Energy boost, Haleon Germany, PZN-01853561, Lions Pharmacy"},{"@type":"BreadcrumbList","@id":"https:\/\/lions-pharmacy.com\/fr\/produit\/vitasprint-b12-drinking-bottles-30-pcs#breadcrumb","itemListElement":[{"@type":"ListItem","position":1,"name":"Home","item":"https:\/\/lions-pharmacy.com\/fr\/homepage-lion-pharmacy"},{"@type":"ListItem","position":2,"name":"Shop","item":"https:\/\/lions-pharmacy.com\/fr\/boutique"},{"@type":"ListItem","position":3,"name":"Bouteilles \u00e0 boire Vitasprint B12 (30 pi\u00e8ces)"}]},{"@type":"WebSite","@id":"https:\/\/lions-pharmacy.com\/fr#website","url":"https:\/\/lions-pharmacy.com\/fr","name":"Lions Pharmacy","description":"Pharmacie sp\u00e9cialis\u00e9e en naturopathie de Baden-Baden, Allemagne","publisher":{"@id":"https:\/\/lions-pharmacy.com\/fr#organization"},"alternateName":"Lion Pharmacy","potentialAction":[{"@type":"SearchAction","target":{"@type":"EntryPoint","urlTemplate":"https:\/\/lions-pharmacy.com\/fr?s={search_term_string}"},"query-input":{"@type":"PropertyValueSpecification","valueRequired":true,"valueName":"search_term_string"}}],"inLanguage":"fr-FR"},{"@type":"Organization","@id":"https:\/\/lions-pharmacy.com\/fr#organization","name":"Lions Pharmacy","alternateName":"Lions Pharmacy24","url":"https:\/\/lions-pharmacy.com\/fr","logo":{"@type":"ImageObject","inLanguage":"fr-FR","@id":"https:\/\/lions-pharmacy.com\/fr#\/schema\/logo\/image\/","url":"https:\/\/lions-pharmacy.com\/wp-content\/uploads\/2022\/12\/Logo-Lion-Pharmacy-c-o-Loewen-Apotheke-smal.jpg","contentUrl":"https:\/\/lions-pharmacy.com\/wp-content\/uploads\/2022\/12\/Logo-Lion-Pharmacy-c-o-Loewen-Apotheke-smal.jpg","width":298,"height":99,"caption":"Lions Pharmacy"},"image":{"@id":"https:\/\/lions-pharmacy.com\/fr#\/schema\/logo\/image\/"}}]}},"_links":{"self":[{"href":"https:\/\/lions-pharmacy.com\/fr\/wp-json\/wp\/v2\/product\/11629","targetHints":{"allow":["GET"]}}],"collection":[{"href":"https:\/\/lions-pharmacy.com\/fr\/wp-json\/wp\/v2\/product"}],"about":[{"href":"https:\/\/lions-pharmacy.com\/fr\/wp-json\/wp\/v2\/types\/product"}],"replies":[{"embeddable":true,"href":"https:\/\/lions-pharmacy.com\/fr\/wp-json\/wp\/v2\/comments?post=11629"}],"wp:featuredmedia":[{"embeddable":true,"href":"https:\/\/lions-pharmacy.com\/fr\/wp-json\/wp\/v2\/media\/11634"}],"wp:attachment":[{"href":"https:\/\/lions-pharmacy.com\/fr\/wp-json\/wp\/v2\/media?parent=11629"}],"wp:term":[{"taxonomy":"product_brand","embeddable":true,"href":"https:\/\/lions-pharmacy.com\/fr\/wp-json\/wp\/v2\/product_brand?post=11629"},{"taxonomy":"product_cat","embeddable":true,"href":"https:\/\/lions-pharmacy.com\/fr\/wp-json\/wp\/v2\/product_cat?post=11629"},{"taxonomy":"product_tag","embeddable":true,"href":"https:\/\/lions-pharmacy.com\/fr\/wp-json\/wp\/v2\/product_tag?post=11629"}],"curies":[{"name":"wp","href":"https:\/\/api.w.org\/{rel}","templated":true}]}}