{"id":10324,"date":"2025-03-24T09:17:50","date_gmt":"2025-03-24T08:17:50","guid":{"rendered":"https:\/\/lions-pharmacy.com\/?post_type=product&#038;p=10324"},"modified":"2025-03-26T07:45:38","modified_gmt":"2025-03-26T06:45:38","slug":"ocuvite-makula-capsoules-84-pc-11129688","status":"publish","type":"product","link":"https:\/\/lions-pharmacy.com\/fr\/produit\/ocuvite-makula-capsoules-84-pc-11129688","title":{"rendered":"OCUVITE Makula Capsules (84 pc)"},"content":{"rendered":"<h3>OCUVITE Makula Capsules<\/h3>\n<p>OCUVITE Makula Capsules aide \u00e0 lutter contre la d\u00e9g\u00e9n\u00e9rescence maculaire li\u00e9e \u00e0 l&#8217;\u00e2ge, avec perte progressive de la vision. Contient de la lut\u00e9ine, de la myrtille, de l&#8217;acide folique, des vitamines B6 et B12.<\/p>\n<p>D\u00e9pliant\/mode d\u2019emploi\/fiche technique de l\u2019article : \u2013 (lecteur PDF)<\/p>\n<p>Autres produits pour l&#8217;application : <a href=\"https:\/\/lions-pharmacy.com\/product-tag\/homeopathy\" rel=\"tag\">Hom\u00e9opathie<\/a> | <a href=\"https:\/\/lions-pharmacy.com\/product-tag\/vitamins-supplements\">Vitamines et suppl\u00e9ments Produits<\/a><\/p>\n<p>En savoir plus sur le fabricant et ce produit <a href=\"https:\/\/www.ocuvite.de\/produkte\/ocuvite-makula\" target=\"_blank\" rel=\"noopener\">OCUVITE Makula<\/a> (lien vers un site web externe) Dr. Gerhard Mann Chem.-pharm.Fabrik GmbH, Allemagne.<\/p>\n<p>Les compl\u00e9ments alimentaires ne se substituent pas \u00e0 une alimentation \u00e9quilibr\u00e9e et vari\u00e9e et \u00e0 un mode de vie sain. Ne d\u00e9passez pas la dose journali\u00e8re recommand\u00e9e. Tenir hors de port\u00e9e des jeunes enfants.<\/p>\n<p>Les informations contenues dans ce site web sont fournies \u00e0 titre informatif uniquement. Ils ne remplacent en aucun cas l&#8217;examen et le traitement par un m\u00e9decin. Veuillez noter que cela signifie qu&#8217;aucun diagnostic ne peut \u00eatre \u00e9tabli et qu&#8217;aucune th\u00e9rapie ne peut \u00eatre mise en place.<\/p>\n<p>Pour conna\u00eetre les risques et les effets secondaires, lisez la notice et demandez conseil \u00e0 votre m\u00e9decin ou \u00e0 votre pharmacien.<\/p>\n<p>&nbsp;<\/p>\n<h3>Ordonnance | e-prescription disponible ?<\/h3>\n<p>Soumettez votre e-prescription d\u00e8s maintenant. Utilisez notre application <a href=\"https:\/\/e-rezept-app.de\/shop-rezept\" target=\"_blank\" rel=\"noopener\">d\u2019ordonnance \u00e9lectronique<\/a> . Et nous vous donnons les frais de port gratuits en Allemagne !<\/p>\n","protected":false},"excerpt":{"rendered":"<h2>OCUVITE Makula<\/h2>\n<p>Aide \u00e0 lutter contre la d\u00e9g\u00e9n\u00e9rescence maculaire li\u00e9e \u00e0 l&#8217;\u00e2ge, gr\u00e2ce \u00e0 la lut\u00e9ine, \u00e0 la myrtille, \u00e0 l&#8217;acide folique et aux vitamines B6 et B12.<\/p>\n<p>&nbsp;<\/p>\n<p><strong>PZN<\/strong>: 11129688<\/p>\n<p><strong>Forme posologique<\/strong> : G\u00e9lules<\/p>\n<p><strong>Taille de l&#8217;emballage<\/strong>: 84 pi\u00e8ces.<\/p>\n<p><strong>Type d\u2019ordonnance :<\/strong> sans ordonnance<\/p>\n<p><strong>Marque<\/strong>: Ocuvite<\/p>\n<p><strong>Fabricant<\/strong>: Gerhard Mann Chem.-pharm.Fabrik GmbH, Allemagne<\/p>\n","protected":false},"featured_media":10329,"comment_status":"closed","ping_status":"closed","template":"","meta":[],"product_brand":[],"product_cat":[120,114],"product_tag":[266,297,265,306,466,267,464,264],"class_list":{"0":"post-10324","1":"product","2":"type-product","3":"status-publish","4":"has-post-thumbnail","6":"product_cat-sale-fr","7":"product_cat-non-classifiee","8":"product_tag-bien-etre","9":"product_tag-concentration-stress-fr","10":"product_tag-gestion-du-poids","11":"product_tag-homeopathie","12":"product_tag-ingredient-actif-a-base-de-plantes","13":"product_tag-poids-et-forme","14":"product_tag-remedes-naturels","15":"product_tag-vitamines-et-supplements","16":"ts_product_brand-all-fr","18":"first","19":"outofstock","20":"sale","21":"taxable","22":"shipping-taxable","23":"purchasable","24":"product-type-simple"},"yoast_head":"<!-- This site is optimized with the Yoast SEO plugin v26.5 - https:\/\/yoast.com\/wordpress\/plugins\/seo\/ -->\n<title>OCUVITE Makula Capsules (84 pc) &#187; En savoir plus<\/title>\n<meta name=\"description\" content=\"Pharmacie allemande agr\u00e9\u00e9e. Nous offrons\u00a0: une livraison rapide dans le monde entier et un service de premier ordre. En savoir plus sur OCUVITE Makula Capsules (84 pc)\" \/>\n<meta name=\"robots\" content=\"index, follow, max-snippet:-1, max-image-preview:large, max-video-preview:-1\" \/>\n<link rel=\"canonical\" href=\"https:\/\/lions-pharmacy.com\/fr\/produit\/ocuvite-makula-capsoules-84-pc-11129688\" \/>\n<meta property=\"og:locale\" content=\"fr_FR\" \/>\n<meta property=\"og:type\" content=\"article\" \/>\n<meta property=\"og:title\" content=\"OCUVITE Makula Capsules (84 pc) &#187; En savoir plus\" \/>\n<meta property=\"og:description\" content=\"Pharmacie allemande agr\u00e9\u00e9e. Nous offrons\u00a0: une livraison rapide dans le monde entier et un service de premier ordre. En savoir plus sur OCUVITE Makula Capsules (84 pc)\" \/>\n<meta property=\"og:url\" content=\"https:\/\/lions-pharmacy.com\/fr\/produit\/ocuvite-makula-capsoules-84-pc-11129688\" \/>\n<meta property=\"og:site_name\" content=\"Lion Pharmacy\" \/>\n<meta property=\"article:modified_time\" content=\"2025-03-26T06:45:38+00:00\" \/>\n<meta property=\"og:image\" content=\"https:\/\/lions-pharmacy.com\/wp-content\/uploads\/2025\/03\/Ocuvite-Makula-capsoules-presented-by-Lions-Pharmacy.webp\" \/>\n\t<meta property=\"og:image:width\" content=\"600\" \/>\n\t<meta property=\"og:image:height\" content=\"600\" \/>\n\t<meta property=\"og:image:type\" content=\"image\/webp\" \/>\n<meta name=\"twitter:card\" content=\"summary_large_image\" \/>\n<meta name=\"twitter:label1\" content=\"Dur\u00e9e de lecture estim\u00e9e\" \/>\n\t<meta name=\"twitter:data1\" content=\"1 minute\" \/>\n<script type=\"application\/ld+json\" class=\"yoast-schema-graph\">{\"@context\":\"https:\/\/schema.org\",\"@graph\":[{\"@type\":\"WebPage\",\"@id\":\"https:\/\/lions-pharmacy.com\/fr\/produit\/ocuvite-makula-capsoules-84-pc-11129688\",\"url\":\"https:\/\/lions-pharmacy.com\/fr\/produit\/ocuvite-makula-capsoules-84-pc-11129688\",\"name\":\"OCUVITE Makula Capsules (84 pc) &#187; En savoir plus\",\"isPartOf\":{\"@id\":\"https:\/\/lions-pharmacy.com\/fr#website\"},\"primaryImageOfPage\":{\"@id\":\"https:\/\/lions-pharmacy.com\/fr\/produit\/ocuvite-makula-capsoules-84-pc-11129688#primaryimage\"},\"image\":{\"@id\":\"https:\/\/lions-pharmacy.com\/fr\/produit\/ocuvite-makula-capsoules-84-pc-11129688#primaryimage\"},\"thumbnailUrl\":\"https:\/\/lions-pharmacy.com\/wp-content\/uploads\/2025\/03\/Ocuvite-Makula-capsoules-presented-by-Lions-Pharmacy.webp\",\"datePublished\":\"2025-03-24T08:17:50+00:00\",\"dateModified\":\"2025-03-26T06:45:38+00:00\",\"description\":\"Pharmacie allemande agr\u00e9\u00e9e. Nous offrons\u00a0: une livraison rapide dans le monde entier et un service de premier ordre. En savoir plus sur OCUVITE Makula Capsules (84 pc)\",\"breadcrumb\":{\"@id\":\"https:\/\/lions-pharmacy.com\/fr\/produit\/ocuvite-makula-capsoules-84-pc-11129688#breadcrumb\"},\"inLanguage\":\"fr-FR\",\"potentialAction\":[{\"@type\":\"ReadAction\",\"target\":[\"https:\/\/lions-pharmacy.com\/fr\/produit\/ocuvite-makula-capsoules-84-pc-11129688\"]}]},{\"@type\":\"ImageObject\",\"inLanguage\":\"fr-FR\",\"@id\":\"https:\/\/lions-pharmacy.com\/fr\/produit\/ocuvite-makula-capsoules-84-pc-11129688#primaryimage\",\"url\":\"https:\/\/lions-pharmacy.com\/wp-content\/uploads\/2025\/03\/Ocuvite-Makula-capsoules-presented-by-Lions-Pharmacy.webp\",\"contentUrl\":\"https:\/\/lions-pharmacy.com\/wp-content\/uploads\/2025\/03\/Ocuvite-Makula-capsoules-presented-by-Lions-Pharmacy.webp\",\"width\":600,\"height\":600,\"caption\":\"Capsules Ocuvite Makula pr\u00e9sent\u00e9es par Lions Pharmacy\"},{\"@type\":\"BreadcrumbList\",\"@id\":\"https:\/\/lions-pharmacy.com\/fr\/produit\/ocuvite-makula-capsoules-84-pc-11129688#breadcrumb\",\"itemListElement\":[{\"@type\":\"ListItem\",\"position\":1,\"name\":\"Home\",\"item\":\"https:\/\/lions-pharmacy.com\/fr\/homepage-lion-pharmacy\"},{\"@type\":\"ListItem\",\"position\":2,\"name\":\"Shop\",\"item\":\"https:\/\/lions-pharmacy.com\/fr\/boutique\"},{\"@type\":\"ListItem\",\"position\":3,\"name\":\"OCUVITE Makula Capsules (84 pc)\"}]},{\"@type\":\"WebSite\",\"@id\":\"https:\/\/lions-pharmacy.com\/fr#website\",\"url\":\"https:\/\/lions-pharmacy.com\/fr\",\"name\":\"Lions Pharmacy\",\"description\":\"Pharmacie sp\u00e9cialis\u00e9e en naturopathie de Baden-Baden, Allemagne\",\"publisher\":{\"@id\":\"https:\/\/lions-pharmacy.com\/fr#organization\"},\"alternateName\":\"Lion Pharmacy\",\"potentialAction\":[{\"@type\":\"SearchAction\",\"target\":{\"@type\":\"EntryPoint\",\"urlTemplate\":\"https:\/\/lions-pharmacy.com\/fr?s={search_term_string}\"},\"query-input\":{\"@type\":\"PropertyValueSpecification\",\"valueRequired\":true,\"valueName\":\"search_term_string\"}}],\"inLanguage\":\"fr-FR\"},{\"@type\":\"Organization\",\"@id\":\"https:\/\/lions-pharmacy.com\/fr#organization\",\"name\":\"Lions Pharmacy\",\"alternateName\":\"Lions Pharmacy24\",\"url\":\"https:\/\/lions-pharmacy.com\/fr\",\"logo\":{\"@type\":\"ImageObject\",\"inLanguage\":\"fr-FR\",\"@id\":\"https:\/\/lions-pharmacy.com\/fr#\/schema\/logo\/image\/\",\"url\":\"https:\/\/lions-pharmacy.com\/wp-content\/uploads\/2022\/12\/Logo-Lion-Pharmacy-c-o-Loewen-Apotheke-smal.jpg\",\"contentUrl\":\"https:\/\/lions-pharmacy.com\/wp-content\/uploads\/2022\/12\/Logo-Lion-Pharmacy-c-o-Loewen-Apotheke-smal.jpg\",\"width\":298,\"height\":99,\"caption\":\"Lions Pharmacy\"},\"image\":{\"@id\":\"https:\/\/lions-pharmacy.com\/fr#\/schema\/logo\/image\/\"}}]}<\/script>\n<!-- \/ Yoast SEO plugin. -->","yoast_head_json":{"title":"OCUVITE Makula Capsules (84 pc) &#187; En savoir plus","description":"Pharmacie allemande agr\u00e9\u00e9e. Nous offrons\u00a0: une livraison rapide dans le monde entier et un service de premier ordre. En savoir plus sur OCUVITE Makula Capsules (84 pc)","robots":{"index":"index","follow":"follow","max-snippet":"max-snippet:-1","max-image-preview":"max-image-preview:large","max-video-preview":"max-video-preview:-1"},"canonical":"https:\/\/lions-pharmacy.com\/fr\/produit\/ocuvite-makula-capsoules-84-pc-11129688","og_locale":"fr_FR","og_type":"article","og_title":"OCUVITE Makula Capsules (84 pc) &#187; En savoir plus","og_description":"Pharmacie allemande agr\u00e9\u00e9e. Nous offrons\u00a0: une livraison rapide dans le monde entier et un service de premier ordre. En savoir plus sur OCUVITE Makula Capsules (84 pc)","og_url":"https:\/\/lions-pharmacy.com\/fr\/produit\/ocuvite-makula-capsoules-84-pc-11129688","og_site_name":"Lion Pharmacy","article_modified_time":"2025-03-26T06:45:38+00:00","og_image":[{"width":600,"height":600,"url":"https:\/\/lions-pharmacy.com\/wp-content\/uploads\/2025\/03\/Ocuvite-Makula-capsoules-presented-by-Lions-Pharmacy.webp","type":"image\/webp"}],"twitter_card":"summary_large_image","twitter_misc":{"Dur\u00e9e de lecture estim\u00e9e":"1 minute"},"schema":{"@context":"https:\/\/schema.org","@graph":[{"@type":"WebPage","@id":"https:\/\/lions-pharmacy.com\/fr\/produit\/ocuvite-makula-capsoules-84-pc-11129688","url":"https:\/\/lions-pharmacy.com\/fr\/produit\/ocuvite-makula-capsoules-84-pc-11129688","name":"OCUVITE Makula Capsules (84 pc) &#187; En savoir plus","isPartOf":{"@id":"https:\/\/lions-pharmacy.com\/fr#website"},"primaryImageOfPage":{"@id":"https:\/\/lions-pharmacy.com\/fr\/produit\/ocuvite-makula-capsoules-84-pc-11129688#primaryimage"},"image":{"@id":"https:\/\/lions-pharmacy.com\/fr\/produit\/ocuvite-makula-capsoules-84-pc-11129688#primaryimage"},"thumbnailUrl":"https:\/\/lions-pharmacy.com\/wp-content\/uploads\/2025\/03\/Ocuvite-Makula-capsoules-presented-by-Lions-Pharmacy.webp","datePublished":"2025-03-24T08:17:50+00:00","dateModified":"2025-03-26T06:45:38+00:00","description":"Pharmacie allemande agr\u00e9\u00e9e. Nous offrons\u00a0: une livraison rapide dans le monde entier et un service de premier ordre. En savoir plus sur OCUVITE Makula Capsules (84 pc)","breadcrumb":{"@id":"https:\/\/lions-pharmacy.com\/fr\/produit\/ocuvite-makula-capsoules-84-pc-11129688#breadcrumb"},"inLanguage":"fr-FR","potentialAction":[{"@type":"ReadAction","target":["https:\/\/lions-pharmacy.com\/fr\/produit\/ocuvite-makula-capsoules-84-pc-11129688"]}]},{"@type":"ImageObject","inLanguage":"fr-FR","@id":"https:\/\/lions-pharmacy.com\/fr\/produit\/ocuvite-makula-capsoules-84-pc-11129688#primaryimage","url":"https:\/\/lions-pharmacy.com\/wp-content\/uploads\/2025\/03\/Ocuvite-Makula-capsoules-presented-by-Lions-Pharmacy.webp","contentUrl":"https:\/\/lions-pharmacy.com\/wp-content\/uploads\/2025\/03\/Ocuvite-Makula-capsoules-presented-by-Lions-Pharmacy.webp","width":600,"height":600,"caption":"Capsules Ocuvite Makula pr\u00e9sent\u00e9es par Lions Pharmacy"},{"@type":"BreadcrumbList","@id":"https:\/\/lions-pharmacy.com\/fr\/produit\/ocuvite-makula-capsoules-84-pc-11129688#breadcrumb","itemListElement":[{"@type":"ListItem","position":1,"name":"Home","item":"https:\/\/lions-pharmacy.com\/fr\/homepage-lion-pharmacy"},{"@type":"ListItem","position":2,"name":"Shop","item":"https:\/\/lions-pharmacy.com\/fr\/boutique"},{"@type":"ListItem","position":3,"name":"OCUVITE Makula Capsules (84 pc)"}]},{"@type":"WebSite","@id":"https:\/\/lions-pharmacy.com\/fr#website","url":"https:\/\/lions-pharmacy.com\/fr","name":"Lions Pharmacy","description":"Pharmacie sp\u00e9cialis\u00e9e en naturopathie de Baden-Baden, Allemagne","publisher":{"@id":"https:\/\/lions-pharmacy.com\/fr#organization"},"alternateName":"Lion Pharmacy","potentialAction":[{"@type":"SearchAction","target":{"@type":"EntryPoint","urlTemplate":"https:\/\/lions-pharmacy.com\/fr?s={search_term_string}"},"query-input":{"@type":"PropertyValueSpecification","valueRequired":true,"valueName":"search_term_string"}}],"inLanguage":"fr-FR"},{"@type":"Organization","@id":"https:\/\/lions-pharmacy.com\/fr#organization","name":"Lions Pharmacy","alternateName":"Lions Pharmacy24","url":"https:\/\/lions-pharmacy.com\/fr","logo":{"@type":"ImageObject","inLanguage":"fr-FR","@id":"https:\/\/lions-pharmacy.com\/fr#\/schema\/logo\/image\/","url":"https:\/\/lions-pharmacy.com\/wp-content\/uploads\/2022\/12\/Logo-Lion-Pharmacy-c-o-Loewen-Apotheke-smal.jpg","contentUrl":"https:\/\/lions-pharmacy.com\/wp-content\/uploads\/2022\/12\/Logo-Lion-Pharmacy-c-o-Loewen-Apotheke-smal.jpg","width":298,"height":99,"caption":"Lions Pharmacy"},"image":{"@id":"https:\/\/lions-pharmacy.com\/fr#\/schema\/logo\/image\/"}}]}},"_links":{"self":[{"href":"https:\/\/lions-pharmacy.com\/fr\/wp-json\/wp\/v2\/product\/10324","targetHints":{"allow":["GET"]}}],"collection":[{"href":"https:\/\/lions-pharmacy.com\/fr\/wp-json\/wp\/v2\/product"}],"about":[{"href":"https:\/\/lions-pharmacy.com\/fr\/wp-json\/wp\/v2\/types\/product"}],"replies":[{"embeddable":true,"href":"https:\/\/lions-pharmacy.com\/fr\/wp-json\/wp\/v2\/comments?post=10324"}],"wp:featuredmedia":[{"embeddable":true,"href":"https:\/\/lions-pharmacy.com\/fr\/wp-json\/wp\/v2\/media\/10329"}],"wp:attachment":[{"href":"https:\/\/lions-pharmacy.com\/fr\/wp-json\/wp\/v2\/media?parent=10324"}],"wp:term":[{"taxonomy":"product_brand","embeddable":true,"href":"https:\/\/lions-pharmacy.com\/fr\/wp-json\/wp\/v2\/product_brand?post=10324"},{"taxonomy":"product_cat","embeddable":true,"href":"https:\/\/lions-pharmacy.com\/fr\/wp-json\/wp\/v2\/product_cat?post=10324"},{"taxonomy":"product_tag","embeddable":true,"href":"https:\/\/lions-pharmacy.com\/fr\/wp-json\/wp\/v2\/product_tag?post=10324"}],"curies":[{"name":"wp","href":"https:\/\/api.w.org\/{rel}","templated":true}]}}