{"id":1984,"date":"2022-12-11T09:03:40","date_gmt":"2022-12-11T08:03:40","guid":{"rendered":"https:\/\/lions-pharmacy.com\/termes-et-conditions"},"modified":"2025-02-25T15:28:53","modified_gmt":"2025-02-25T14:28:53","slug":"terms-and-conditions-agb","status":"publish","type":"page","link":"https:\/\/lions-pharmacy.com\/fr\/terms-and-conditions-agb","title":{"rendered":"Termes et conditions"},"content":{"rendered":"\n<h2 class=\"wp-block-heading\">Termes et conditions (AGB)<\/h2>\n\n<p>Lion Pharmacy c\/o <a href=\"https:\/\/www.loewen-apotheke24.com\/de\/\" target=\"_blank\" rel=\"noreferrer noopener\">L\u00f6wen Apotheke24<br\/><\/a>Lichtentaler Str. 3<br\/>76530 Baden-Baden<\/p>\n\n<figure class=\"wp-block-image size-full is-resized\"><img decoding=\"async\" width=\"298\" height=\"99\" data-src=\"https:\/\/lions-pharmacy.com\/wp-content\/uploads\/2022\/12\/Logo-Lion-Pharmacy-c-o-Lowen-Apotheke-small.jpg\" alt=\"Logo Lion Pharmacy c-o-Loewen Apotheke small\" class=\"wp-image-160 lazyload\" style=\"--smush-placeholder-width: 298px; --smush-placeholder-aspect-ratio: 298\/99;width:241px;height:80px\" src=\"data:image\/svg+xml;base64,PHN2ZyB3aWR0aD0iMSIgaGVpZ2h0PSIxIiB4bWxucz0iaHR0cDovL3d3dy53My5vcmcvMjAwMC9zdmciPjwvc3ZnPg==\" \/><\/figure>\n\n<figure class=\"wp-block-image size-full\"><img decoding=\"async\" width=\"242\" height=\"70\" data-src=\"https:\/\/lions-pharmacy.com\/wp-content\/uploads\/2022\/12\/image.png\" alt=\"Logo Loewen Apotheke small\" class=\"wp-image-163 lazyload\" src=\"data:image\/svg+xml;base64,PHN2ZyB3aWR0aD0iMSIgaGVpZ2h0PSIxIiB4bWxucz0iaHR0cDovL3d3dy53My5vcmcvMjAwMC9zdmciPjwvc3ZnPg==\" style=\"--smush-placeholder-width: 242px; --smush-placeholder-aspect-ratio: 242\/70;\" \/><\/figure>\n\n<p>Vous pouvez consulter les conditions g\u00e9n\u00e9rales du contrat \u00e0 tout moment sur cette page. Pour des raisons de s\u00e9curit\u00e9, vos donn\u00e9es de commande sp\u00e9cifiques ne sont pas accessibles via Internet et seront trait\u00e9es de mani\u00e8re confidentielle conform\u00e9ment \u00e0 nos r\u00e8gles de protection des donn\u00e9es.<\/p>\n\n<p>\u00a7 1 Champ d\u2019application<\/p>\n\n<p>L\u00f6wen Apotheke fournit toutes les livraisons et prestations exclusivement sur la base des conditions g\u00e9n\u00e9rales suivantes dans la version en vigueur au moment de la commande. L\u00f6wen Apotheke ne reconna\u00eet aucune r\u00e9glementation d\u00e9rogeant \u00e0 ces termes et conditions, sauf si elle est express\u00e9ment confirm\u00e9e par \u00e9crit par L\u00f6wen Apotheke.<\/p>\n\n<p>\u00a7 2 Conclusion du contrat<\/p>\n\n<p>Les offres de L\u00f6wen Apotheke, en particulier les pr\u00e9sentations de produits sur la page d\u2019accueil, sont susceptibles d\u2019\u00eatre modifi\u00e9es et constituent une invitation au client \u00e0 faire une offre au sens juridique. La commande est pass\u00e9e en soumettant le formulaire de commande d\u00fbment rempli dans la proc\u00e9dure en ligne. Le contrat d\u2019achat n\u2019est pas d\u00e9j\u00e0 conclu avec la confirmation de commande de la pharmacie, mais uniquement avec l\u2019envoi d\u2019une confirmation de livraison ou avec la livraison de la marchandise.<\/p>\n\n<p>Les m\u00e9dicaments sur ordonnance ne seront exp\u00e9di\u00e9s que si l\u2019ordonnance m\u00e9dicale originale est disponible.<\/p>\n\n<p>\u00a7 3 Politique d\u2019annulation, droit de r\u00e9tractation.<\/p>\n\n<p>Vous pouvez annuler votre d\u00e9claration de contrat dans un d\u00e9lai de deux semaines sans donner de raisons par \u00e9crit (par exemple, lettre, fax, e-mail) ou en retournant la marchandise. Le d\u00e9lai commence au plus t\u00f4t avec la r\u00e9ception de cette instruction. L\u2019envoi en temps utile de la r\u00e9vocation ou de l\u2019article est suffisant pour respecter le d\u00e9lai de r\u00e9vocation. La r\u00e9vocation doit \u00eatre adress\u00e9e \u00e0: L\u00f6wen Apotheke, Lichtentaler Str. 3, 76530 Baden-Baden, Allemagne<\/p>\n\n<p>LE DROIT DE R\u00c9VOCATION NE S&#8217;APPLIQUE PAS AUX CONTRATS :<\/p>\n\n<p>\u2013 pour la d\u00e9livrance de m\u00e9dicaments, un stockage appropri\u00e9 et donc les normes de qualit\u00e9 prescrites par la loi allemande sur les m\u00e9dicaments ne peuvent plus \u00eatre garanties (\u00a7 312g II n\u00b0 2 et 3, BGB)<\/p>\n\n<p>&#8211; pour la livraison de biens qui ne sont pas pr\u00e9fabriqu\u00e9s et pour la production desquels une s\u00e9lection individuelle<strong>(th\u00e9rapie sp\u00e9cifique au client<\/strong>) ou une d\u00e9termination par le consommateur est d\u00e9terminante ou qui sont clairement adapt\u00e9s aux besoins personnels du consommateur ; ou comme un produit <strong>individuel import\u00e9<\/strong> pour une th\u00e9rapie sp\u00e9cifique au client comme les produits Labo Life,<\/p>\n\n<p>\u2013 pour la livraison de marchandises susceptibles de se g\u00e2ter rapidement ou dont la date de p\u00e9remption serait rapidement d\u00e9pass\u00e9e.<\/p>\n\n<p>Cons\u00e9quences de la r\u00e9vocation<\/p>\n\n<p>En cas de r\u00e9vocation effective, les services re\u00e7us par les deux parties seront restitu\u00e9s. Si vous n\u2019\u00eates pas en mesure de retourner les marchandises re\u00e7ues en tout ou en partie ou seulement dans un \u00e9tat d\u00e9t\u00e9rior\u00e9, vous pouvez \u00eatre tenu de nous indemniser pour la perte de valeur. Cela ne s\u2019applique pas \u00e0 la remise de marchandises si la d\u00e9t\u00e9rioration de la marchandise est exclusivement due \u00e0 son inspection \u2013 comme cela aurait \u00e9t\u00e9 possible pour vous dans un magasin, par exemple. En outre, vous pouvez \u00e9viter l\u2019obligation de payer une indemnit\u00e9 en n\u2019utilisant pas l\u2019objet en tant que propri\u00e9taire et en vous abstenant de faire quoi que ce soit qui pourrait nuire \u00e0 sa valeur. Les articles qui peuvent \u00eatre exp\u00e9di\u00e9s par colis doivent \u00eatre retourn\u00e9s \u00e0 nos frais et risques. Les articles qui ne peuvent pas \u00eatre exp\u00e9di\u00e9s par colis seront ramass\u00e9s chez vous. Vous devez remplir vos obligations de remboursement des paiements dans les 30 jours suivant l\u2019envoi de votre avis d\u2019annulation.<\/p>\n\n<p>Vous devez supporter les frais de retour si les marchandises livr\u00e9es correspondent aux marchandises command\u00e9es. Si tout allait bien avec les articles livr\u00e9s, nous pouvons nous r\u00e9server le droit de retenir les frais de retour habituels sur le montant du remboursement. Le co\u00fbt est de 5,90 \u20ac pour les envois en Allemagne. Dans les autres pays de l&#8217;UE, de la CEE, de la Grande-Bretagne et de la Suisse, les frais de retour s&#8217;\u00e9l\u00e8vent \u00e0 18,00 &#8211; 23,00 \u20ac (correspondant aux frais d&#8217;exp\u00e9dition). Sinon, le retour est gratuit pour vous.<\/p>\n\n<p>\u00a7 4 Livraison<\/p>\n\n<p>La livraison est effectu\u00e9e \u00e0 la discr\u00e9tion de l\u2019acheteur de l\u2019entrep\u00f4t \u00e0 l\u2019adresse de livraison sp\u00e9cifi\u00e9e par l\u2019acheteur. L\u00f6wen Apotheke est en droit d\u2019effectuer des livraisons partielles. Cela n\u2019entra\u00eene pas de frais suppl\u00e9mentaires d\u2019affranchissement et d\u2019emballage pour l\u2019acheteur. Les informations sur le d\u00e9lai de livraison ne sont pas contraignantes, sauf si la date de livraison a \u00e9t\u00e9 promise de mani\u00e8re contraignante \u00e0 titre exceptionnel.<\/p>\n\n<p>Dans des cas justifi\u00e9s, L\u00f6wen Apotheke peut, conform\u00e9ment au R\u00e8glement d\u2019exploitation de la pharmacie et contrairement aux informations fournies par le donneur d\u2019ordre, notamment en raison de la nature sp\u00e9cifique du m\u00e9dicament (par exemple stup\u00e9fiant), ordonner que le m\u00e9dicament ne soit d\u00e9livr\u00e9 que contre accus\u00e9 de r\u00e9ception \u00e9crit.<\/p>\n\n<p>\u00a7 5 Retard<\/p>\n\n<p>Les d\u00e9lais de livraison ne sont pas contraignants. Les dates de livraison contraignantes n\u00e9cessitent une confirmation \u00e9crite de L\u00f6wen Apotheke pour \u00eatre effectives.<\/p>\n\n<p>\u00a7 6 Frais d\u2019exp\u00e9dition<\/p>\n\n<p>Les informations sur le montant des frais d\u2019exp\u00e9dition pour la livraison par messager et\/ou l\u2019exp\u00e9dition par un prestataire de services logistiques externe sont donn\u00e9es sous le lien \u00ab\u00a0Frais d\u2019exp\u00e9dition\u00a0\u00bb ainsi que pendant le processus de commande dans le panier.<\/p>\n\n<p>\u00a7 7 Paiement<\/p>\n\n<p>Le prix d\u2019achat est d\u00fb imm\u00e9diatement avec la commande. Il est compos\u00e9 des prix bruts indiqu\u00e9s, y compris la taxe sur la valeur ajout\u00e9e. L\u2019emballage est inclus dans le prix. L\u2019acheteur peut payer le prix d\u2019achat au moyen des modes de paiement que nous avons sp\u00e9cifi\u00e9s.<\/p>\n\n<p>Si le client est en retard de paiement, L\u00f6wen Apotheke a droit \u00e0 des int\u00e9r\u00eats moratoires d\u2019un montant de 3 points de pourcentage au-dessus du taux pr\u00e9f\u00e9rentiel respectif de la Banque centrale europ\u00e9enne. La preuve de l\u2019absence ou d\u2019un dommage moindre caus\u00e9 par un retard du Client ou d\u2019un dommage plus \u00e9lev\u00e9 caus\u00e9 par la Pharmacie est recevable.<\/p>\n\n<p>\u00a7 8 Compensation<\/p>\n\n<p>Le client n\u2019a droit \u00e0 une compensation que si ses demandes reconventionnelles ont \u00e9t\u00e9 l\u00e9galement \u00e9tablies ou express\u00e9ment reconnues par \u00e9crit par L\u00f6wen Apotheke.<\/p>\n\n<p>\u00a7 9 R\u00e9serve de propri\u00e9t\u00e9<\/p>\n\n<p>Les marchandises livr\u00e9es restent la propri\u00e9t\u00e9 de L\u00f6wen Apotheke jusqu\u2019\u00e0 ce que toutes les cr\u00e9ances existantes \u00e0 l\u2019encontre du client aient \u00e9t\u00e9 enti\u00e8rement r\u00e9gl\u00e9es.<\/p>\n\n<p>\u00a7 10 Garantie, responsabilit\u00e9<\/p>\n\n<p>La garantie est fournie conform\u00e9ment aux dispositions l\u00e9gales, en vertu desquelles la pharmacie est en droit, en cas de d\u00e9faut de la marchandise, d\u2019effectuer une livraison ult\u00e9rieure ou de rem\u00e9dier au d\u00e9faut \u00e0 la discr\u00e9tion de l\u2019acheteur. Si la rectification \u00e9choue finalement ou si les marchandises livr\u00e9es ult\u00e9rieurement sont \u00e9galement d\u00e9fectueuses, le client peut exiger le remboursement du prix convenu contre retour de la marchandise ou r\u00e9duction du prix d\u2019achat. La p\u00e9riode de garantie est de 2 ans.<\/p>\n\n<p>La pharmacie est responsable sans limitation des dommages dont elle est responsable r\u00e9sultant d\u2019une atteinte \u00e0 la vie, \u00e0 l\u2019int\u00e9grit\u00e9 physique ou \u00e0 la sant\u00e9, ainsi qu\u2019en cas d\u2019intention, de n\u00e9gligence grave et d\u2019intention frauduleuse. La responsabilit\u00e9 en vertu de la loi sur la responsabilit\u00e9 du fait des produits ou de la garantie n\u2019est pas affect\u00e9e. En cas de violation par n\u00e9gligence l\u00e9g\u00e8re d\u2019obligations contractuelles essentielles, la responsabilit\u00e9 de la pharmacie est limit\u00e9e aux dommages pr\u00e9visibles typiques du contrat. D\u2019autres pr\u00e9tentions de l\u2019acheteur autres que celles mentionn\u00e9es sont exclues, quels que soient les motifs juridiques. Les dispositions ci-dessus n\u2019impliquent pas une modification de la charge de la preuve au d\u00e9triment de l\u2019Acheteur.<\/p>\n\n<p>\u00a7 11 Protection des donn\u00e9es<\/p>\n\n<p>Le client est conscient et accepte que ses donn\u00e9es personnelles n\u00e9cessaires \u00e0 la commande et au traitement de la commande soient stock\u00e9es sur des supports de donn\u00e9es conform\u00e9ment \u00e0 la loi f\u00e9d\u00e9rale sur la protection des donn\u00e9es (BDSG) et \u00e0 la loi sur la protection des donn\u00e9es des t\u00e9l\u00e9services (TDDSG) et trait\u00e9es de mani\u00e8re confidentielle. Les donn\u00e9es relatives aux m\u00e9dicaments et \u00e0 la sant\u00e9 du client ne seront stock\u00e9es qu\u2019avec une d\u00e9claration \u00e9crite s\u00e9par\u00e9e de consentement du client.<\/p>\n\n<p>Le client a le droit de r\u00e9voquer ce consentement \u00e0 tout moment avec effet pour l\u2019avenir. L\u00f6wen Apotheke s\u2019engage \u00e0 supprimer imm\u00e9diatement les donn\u00e9es personnelles dans le cas o\u00f9 ce n\u2019est pas le cas, \u00e0 moins qu\u2019un processus de commande n\u2019ait pas encore \u00e9t\u00e9 enti\u00e8rement termin\u00e9.<\/p>\n\n<p>\u00a7 12 Juridiction comp\u00e9tente, droit applicable, divers<\/p>\n\n<p>Le for juridique pour tous les litiges d\u00e9coulant de cette relation contractuelle est 76530 Baden-Baden pour les commer\u00e7ants enregistr\u00e9s et les personnes qui n\u2019ont pas de for juridique g\u00e9n\u00e9ral en Allemagne. La relation d\u2019affaires est exclusivement r\u00e9gie par le droit allemand, \u00e0 l\u2019exception de la Convention des Nations Unies sur les contrats de vente internationale de marchandises \u2013 CVIM.<br\/>Vous avez des questions sur nos conditions g\u00e9n\u00e9rales ?<\/p>\n","protected":false},"excerpt":{"rendered":"<p>Termes et conditions (AGB) Lion Pharmacy c\/o L\u00f6wen Apotheke24Lichtentaler Str. 376530 Baden-Baden Vous pouvez consulter les conditions g\u00e9n\u00e9rales du contrat \u00e0 tout moment sur cette page. Pour des raisons de s\u00e9curit\u00e9, vos donn\u00e9es de commande sp\u00e9cifiques ne sont pas accessibles via Internet et seront trait\u00e9es de mani\u00e8re confidentielle conform\u00e9ment \u00e0 nos r\u00e8gles de protection des [&hellip;]<\/p>\n","protected":false},"author":1,"featured_media":0,"parent":0,"menu_order":0,"comment_status":"closed","ping_status":"closed","template":"","meta":{"footnotes":""},"class_list":["post-1984","page","type-page","status-publish","hentry"],"yoast_head":"<!-- This site is optimized with the Yoast SEO plugin v26.5 - https:\/\/yoast.com\/wordpress\/plugins\/seo\/ -->\n<title>Termes et conditions &#187; Lion Pharmacy<\/title>\n<meta name=\"description\" content=\"Lion Pharmacy | pharmacie en ligne allemande enregistr\u00e9e | Exp\u00e9dition internationale rapide | Achats en ligne pratiques et s\u00fbrs | Termes et conditions\" \/>\n<meta name=\"robots\" content=\"index, follow, max-snippet:-1, max-image-preview:large, max-video-preview:-1\" \/>\n<link rel=\"canonical\" href=\"https:\/\/lions-pharmacy.com\/fr\/terms-and-conditions-agb\" \/>\n<meta property=\"og:locale\" content=\"fr_FR\" \/>\n<meta property=\"og:type\" content=\"article\" \/>\n<meta property=\"og:title\" content=\"Termes et conditions &#187; Lion Pharmacy\" \/>\n<meta property=\"og:description\" content=\"Lion Pharmacy | pharmacie en ligne allemande enregistr\u00e9e | Exp\u00e9dition internationale rapide | Achats en ligne pratiques et s\u00fbrs | Termes et conditions\" \/>\n<meta property=\"og:url\" content=\"https:\/\/lions-pharmacy.com\/fr\/terms-and-conditions-agb\" \/>\n<meta property=\"og:site_name\" content=\"Lion Pharmacy\" \/>\n<meta property=\"article:modified_time\" content=\"2025-02-25T14:28:53+00:00\" \/>\n<meta property=\"og:image\" content=\"https:\/\/lions-pharmacy.com\/wp-content\/uploads\/2022\/12\/Logo-Lion-Pharmacy-c-o-Lowen-Apotheke-small.jpg\" \/>\n<meta name=\"twitter:card\" content=\"summary_large_image\" \/>\n<meta name=\"twitter:label1\" content=\"Dur\u00e9e de lecture estim\u00e9e\" \/>\n\t<meta name=\"twitter:data1\" content=\"8 minutes\" \/>\n<script type=\"application\/ld+json\" class=\"yoast-schema-graph\">{\"@context\":\"https:\/\/schema.org\",\"@graph\":[{\"@type\":\"WebPage\",\"@id\":\"https:\/\/lions-pharmacy.com\/fr\/terms-and-conditions-agb\",\"url\":\"https:\/\/lions-pharmacy.com\/fr\/terms-and-conditions-agb\",\"name\":\"Termes et conditions &#187; Lion Pharmacy\",\"isPartOf\":{\"@id\":\"https:\/\/lions-pharmacy.com\/fr#website\"},\"primaryImageOfPage\":{\"@id\":\"https:\/\/lions-pharmacy.com\/fr\/terms-and-conditions-agb#primaryimage\"},\"image\":{\"@id\":\"https:\/\/lions-pharmacy.com\/fr\/terms-and-conditions-agb#primaryimage\"},\"thumbnailUrl\":\"https:\/\/lions-pharmacy.com\/wp-content\/uploads\/2022\/12\/Logo-Lion-Pharmacy-c-o-Lowen-Apotheke-small.jpg\",\"datePublished\":\"2022-12-11T08:03:40+00:00\",\"dateModified\":\"2025-02-25T14:28:53+00:00\",\"description\":\"Lion Pharmacy | pharmacie en ligne allemande enregistr\u00e9e | Exp\u00e9dition internationale rapide | Achats en ligne pratiques et s\u00fbrs | Termes et conditions\",\"breadcrumb\":{\"@id\":\"https:\/\/lions-pharmacy.com\/fr\/terms-and-conditions-agb#breadcrumb\"},\"inLanguage\":\"fr-FR\",\"potentialAction\":[{\"@type\":\"ReadAction\",\"target\":[\"https:\/\/lions-pharmacy.com\/fr\/terms-and-conditions-agb\"]}]},{\"@type\":\"ImageObject\",\"inLanguage\":\"fr-FR\",\"@id\":\"https:\/\/lions-pharmacy.com\/fr\/terms-and-conditions-agb#primaryimage\",\"url\":\"https:\/\/lions-pharmacy.com\/wp-content\/uploads\/2022\/12\/Logo-Lion-Pharmacy-c-o-Lowen-Apotheke-small.jpg\",\"contentUrl\":\"https:\/\/lions-pharmacy.com\/wp-content\/uploads\/2022\/12\/Logo-Lion-Pharmacy-c-o-Lowen-Apotheke-small.jpg\"},{\"@type\":\"BreadcrumbList\",\"@id\":\"https:\/\/lions-pharmacy.com\/fr\/terms-and-conditions-agb#breadcrumb\",\"itemListElement\":[{\"@type\":\"ListItem\",\"position\":1,\"name\":\"Home\",\"item\":\"https:\/\/lions-pharmacy.com\/fr\/homepage-lion-pharmacy\"},{\"@type\":\"ListItem\",\"position\":2,\"name\":\"Termes et conditions\"}]},{\"@type\":\"WebSite\",\"@id\":\"https:\/\/lions-pharmacy.com\/fr#website\",\"url\":\"https:\/\/lions-pharmacy.com\/fr\",\"name\":\"Lions Pharmacy\",\"description\":\"Pharmacie sp\u00e9cialis\u00e9e en naturopathie de Baden-Baden, Allemagne\",\"publisher\":{\"@id\":\"https:\/\/lions-pharmacy.com\/fr#organization\"},\"alternateName\":\"Lion Pharmacy\",\"potentialAction\":[{\"@type\":\"SearchAction\",\"target\":{\"@type\":\"EntryPoint\",\"urlTemplate\":\"https:\/\/lions-pharmacy.com\/fr?s={search_term_string}\"},\"query-input\":{\"@type\":\"PropertyValueSpecification\",\"valueRequired\":true,\"valueName\":\"search_term_string\"}}],\"inLanguage\":\"fr-FR\"},{\"@type\":\"Organization\",\"@id\":\"https:\/\/lions-pharmacy.com\/fr#organization\",\"name\":\"Lions Pharmacy\",\"alternateName\":\"Lions Pharmacy24\",\"url\":\"https:\/\/lions-pharmacy.com\/fr\",\"logo\":{\"@type\":\"ImageObject\",\"inLanguage\":\"fr-FR\",\"@id\":\"https:\/\/lions-pharmacy.com\/fr#\/schema\/logo\/image\/\",\"url\":\"https:\/\/lions-pharmacy.com\/wp-content\/uploads\/2022\/12\/Logo-Lion-Pharmacy-c-o-Loewen-Apotheke-smal.jpg\",\"contentUrl\":\"https:\/\/lions-pharmacy.com\/wp-content\/uploads\/2022\/12\/Logo-Lion-Pharmacy-c-o-Loewen-Apotheke-smal.jpg\",\"width\":298,\"height\":99,\"caption\":\"Lions Pharmacy\"},\"image\":{\"@id\":\"https:\/\/lions-pharmacy.com\/fr#\/schema\/logo\/image\/\"}}]}<\/script>\n<!-- \/ Yoast SEO plugin. -->","yoast_head_json":{"title":"Termes et conditions &#187; Lion Pharmacy","description":"Lion Pharmacy | pharmacie en ligne allemande enregistr\u00e9e | Exp\u00e9dition internationale rapide | Achats en ligne pratiques et s\u00fbrs | Termes et conditions","robots":{"index":"index","follow":"follow","max-snippet":"max-snippet:-1","max-image-preview":"max-image-preview:large","max-video-preview":"max-video-preview:-1"},"canonical":"https:\/\/lions-pharmacy.com\/fr\/terms-and-conditions-agb","og_locale":"fr_FR","og_type":"article","og_title":"Termes et conditions &#187; Lion Pharmacy","og_description":"Lion Pharmacy | pharmacie en ligne allemande enregistr\u00e9e | Exp\u00e9dition internationale rapide | Achats en ligne pratiques et s\u00fbrs | Termes et conditions","og_url":"https:\/\/lions-pharmacy.com\/fr\/terms-and-conditions-agb","og_site_name":"Lion Pharmacy","article_modified_time":"2025-02-25T14:28:53+00:00","og_image":[{"url":"https:\/\/lions-pharmacy.com\/wp-content\/uploads\/2022\/12\/Logo-Lion-Pharmacy-c-o-Lowen-Apotheke-small.jpg","type":"","width":"","height":""}],"twitter_card":"summary_large_image","twitter_misc":{"Dur\u00e9e de lecture estim\u00e9e":"8 minutes"},"schema":{"@context":"https:\/\/schema.org","@graph":[{"@type":"WebPage","@id":"https:\/\/lions-pharmacy.com\/fr\/terms-and-conditions-agb","url":"https:\/\/lions-pharmacy.com\/fr\/terms-and-conditions-agb","name":"Termes et conditions &#187; Lion Pharmacy","isPartOf":{"@id":"https:\/\/lions-pharmacy.com\/fr#website"},"primaryImageOfPage":{"@id":"https:\/\/lions-pharmacy.com\/fr\/terms-and-conditions-agb#primaryimage"},"image":{"@id":"https:\/\/lions-pharmacy.com\/fr\/terms-and-conditions-agb#primaryimage"},"thumbnailUrl":"https:\/\/lions-pharmacy.com\/wp-content\/uploads\/2022\/12\/Logo-Lion-Pharmacy-c-o-Lowen-Apotheke-small.jpg","datePublished":"2022-12-11T08:03:40+00:00","dateModified":"2025-02-25T14:28:53+00:00","description":"Lion Pharmacy | pharmacie en ligne allemande enregistr\u00e9e | Exp\u00e9dition internationale rapide | Achats en ligne pratiques et s\u00fbrs | Termes et conditions","breadcrumb":{"@id":"https:\/\/lions-pharmacy.com\/fr\/terms-and-conditions-agb#breadcrumb"},"inLanguage":"fr-FR","potentialAction":[{"@type":"ReadAction","target":["https:\/\/lions-pharmacy.com\/fr\/terms-and-conditions-agb"]}]},{"@type":"ImageObject","inLanguage":"fr-FR","@id":"https:\/\/lions-pharmacy.com\/fr\/terms-and-conditions-agb#primaryimage","url":"https:\/\/lions-pharmacy.com\/wp-content\/uploads\/2022\/12\/Logo-Lion-Pharmacy-c-o-Lowen-Apotheke-small.jpg","contentUrl":"https:\/\/lions-pharmacy.com\/wp-content\/uploads\/2022\/12\/Logo-Lion-Pharmacy-c-o-Lowen-Apotheke-small.jpg"},{"@type":"BreadcrumbList","@id":"https:\/\/lions-pharmacy.com\/fr\/terms-and-conditions-agb#breadcrumb","itemListElement":[{"@type":"ListItem","position":1,"name":"Home","item":"https:\/\/lions-pharmacy.com\/fr\/homepage-lion-pharmacy"},{"@type":"ListItem","position":2,"name":"Termes et conditions"}]},{"@type":"WebSite","@id":"https:\/\/lions-pharmacy.com\/fr#website","url":"https:\/\/lions-pharmacy.com\/fr","name":"Lions Pharmacy","description":"Pharmacie sp\u00e9cialis\u00e9e en naturopathie de Baden-Baden, Allemagne","publisher":{"@id":"https:\/\/lions-pharmacy.com\/fr#organization"},"alternateName":"Lion Pharmacy","potentialAction":[{"@type":"SearchAction","target":{"@type":"EntryPoint","urlTemplate":"https:\/\/lions-pharmacy.com\/fr?s={search_term_string}"},"query-input":{"@type":"PropertyValueSpecification","valueRequired":true,"valueName":"search_term_string"}}],"inLanguage":"fr-FR"},{"@type":"Organization","@id":"https:\/\/lions-pharmacy.com\/fr#organization","name":"Lions Pharmacy","alternateName":"Lions Pharmacy24","url":"https:\/\/lions-pharmacy.com\/fr","logo":{"@type":"ImageObject","inLanguage":"fr-FR","@id":"https:\/\/lions-pharmacy.com\/fr#\/schema\/logo\/image\/","url":"https:\/\/lions-pharmacy.com\/wp-content\/uploads\/2022\/12\/Logo-Lion-Pharmacy-c-o-Loewen-Apotheke-smal.jpg","contentUrl":"https:\/\/lions-pharmacy.com\/wp-content\/uploads\/2022\/12\/Logo-Lion-Pharmacy-c-o-Loewen-Apotheke-smal.jpg","width":298,"height":99,"caption":"Lions Pharmacy"},"image":{"@id":"https:\/\/lions-pharmacy.com\/fr#\/schema\/logo\/image\/"}}]}},"_links":{"self":[{"href":"https:\/\/lions-pharmacy.com\/fr\/wp-json\/wp\/v2\/pages\/1984","targetHints":{"allow":["GET"]}}],"collection":[{"href":"https:\/\/lions-pharmacy.com\/fr\/wp-json\/wp\/v2\/pages"}],"about":[{"href":"https:\/\/lions-pharmacy.com\/fr\/wp-json\/wp\/v2\/types\/page"}],"author":[{"embeddable":true,"href":"https:\/\/lions-pharmacy.com\/fr\/wp-json\/wp\/v2\/users\/1"}],"replies":[{"embeddable":true,"href":"https:\/\/lions-pharmacy.com\/fr\/wp-json\/wp\/v2\/comments?post=1984"}],"version-history":[{"count":0,"href":"https:\/\/lions-pharmacy.com\/fr\/wp-json\/wp\/v2\/pages\/1984\/revisions"}],"wp:attachment":[{"href":"https:\/\/lions-pharmacy.com\/fr\/wp-json\/wp\/v2\/media?parent=1984"}],"curies":[{"name":"wp","href":"https:\/\/api.w.org\/{rel}","templated":true}]}}