{"id":1978,"date":"2022-12-11T20:05:16","date_gmt":"2022-12-11T19:05:16","guid":{"rendered":"https:\/\/lions-pharmacy.com\/politique-de-retour"},"modified":"2025-11-22T09:55:03","modified_gmt":"2025-11-22T08:55:03","slug":"rueckerstattung_rueckgaben","status":"publish","type":"page","link":"https:\/\/lions-pharmacy.com\/fr\/rueckerstattung_rueckgaben","title":{"rendered":"Politique de retour"},"content":{"rendered":"\t\t<div data-elementor-type=\"wp-page\" data-elementor-id=\"1978\" class=\"elementor elementor-1978 elementor-10\">\n\t\t\t\t\t\t<section class=\"elementor-section elementor-top-section elementor-element elementor-element-2acf5953 elementor-section-boxed elementor-section-height-default elementor-section-height-default\" data-id=\"2acf5953\" data-element_type=\"section\">\n\t\t\t\t\t\t<div class=\"elementor-container elementor-column-gap-default\">\n\t\t\t\t\t<div class=\"elementor-column elementor-col-100 elementor-top-column elementor-element elementor-element-5934b49c\" data-id=\"5934b49c\" data-element_type=\"column\">\n\t\t\t<div class=\"elementor-widget-wrap elementor-element-populated\">\n\t\t\t\t\t\t<div class=\"elementor-element elementor-element-433e5206 elementor-widget elementor-widget-text-editor\" data-id=\"433e5206\" data-element_type=\"widget\" data-widget_type=\"text-editor.default\">\n\t\t\t\t<div class=\"elementor-widget-container\">\n\t\t\t\t\t\t\t\t\t<h2 class=\"wp-block-heading\">Politique de retour &#8211; Droit de r\u00e9tractation<\/h2><h3 class=\"wp-block-heading\">\u00a7 1 DROIT DE R\u00c9VOCATION<\/h3><p>Vous avez le droit de r\u00e9silier le pr\u00e9sent contrat dans un d\u00e9lai de quatorze jours (jours calendaires) sans donner de raison. Le d\u00e9lai de r\u00e9tractation est de quatorze jours \u00e0 compter du jour o\u00f9 vous ou un tiers d\u00e9sign\u00e9 par vous, qui n&#8217;est pas le transporteur, avez pris possession des derniers biens.<\/p><p>Pour exercer votre droit de r\u00e9tractation, vous devez nous envoyer<\/p><p>L\u00f6wen Apotheke24<br>Lichtentaler Str. 3<br>76530 Baden-Baden<br>Courriel : info@loewen-apotheke24.de<\/p><p>au moyen d\u2019une d\u00e9claration claire (par exemple, une lettre envoy\u00e9e par la poste, par fax ou par e-mail avec la possibilit\u00e9 d\u2019utiliser notre <a href=\"https:\/\/lions-pharmacy.com\/wp-content\/uploads\/2025\/11\/Cancellation-form.pdf\">formulaire de r\u00e9tractation<\/a>) concernant votre d\u00e9cision de r\u00e9voquer le pr\u00e9sent contrat. Si vous faites usage de cette possibilit\u00e9, nous vous enverrons sans d\u00e9lai un accus\u00e9 de r\u00e9ception de l&#8217;objection (par exemple par courrier \u00e9lectronique).<\/p><p>Pour que le d\u00e9lai de r\u00e9tractation soit respect\u00e9, il suffit que vous envoyiez la notification de l&#8217;exercice du droit de r\u00e9tractation avant l&#8217;expiration du d\u00e9lai de r\u00e9tractation.<\/p><h4 class=\"wp-block-heading\">CONS\u00c9QUENCES DE LA R\u00c9VOCATION<\/h4><p>Si vous r\u00e9voquez le pr\u00e9sent contrat, nous vous rembourserons tous les paiements que nous avons re\u00e7us de votre part, y compris les frais de livraison (\u00e0 l&#8217;exception des frais suppl\u00e9mentaires r\u00e9sultant du fait que vous avez choisi un type de livraison autre que la livraison standard la plus avantageuse propos\u00e9e par nous), sans retard excessif et au plus tard dans les quatorze jours \u00e0 compter du jour o\u00f9 nous avons re\u00e7u la notification de votre r\u00e9vocation du pr\u00e9sent contrat. Pour ce remboursement, nous utiliserons le m\u00eame moyen de paiement que celui que vous avez utilis\u00e9 pour la transaction initiale, sauf accord contraire expr\u00e8s avec vous ; en aucun cas ce remboursement ne vous sera factur\u00e9.<\/p><p>Nous pouvons refuser de vous rembourser jusqu&#8217;\u00e0 ce que nous ayons re\u00e7u les marchandises ou jusqu&#8217;\u00e0 ce que vous ayez fourni la preuve que vous avez renvoy\u00e9 les marchandises, la date retenue \u00e9tant celle du premier de ces faits. Vous devez nous renvoyer ou nous remettre les marchandises imm\u00e9diatement et, en tout \u00e9tat de cause, au plus tard dans un d\u00e9lai de quatorze jours \u00e0 compter du jour o\u00f9 vous nous avez notifi\u00e9 la r\u00e9siliation du pr\u00e9sent contrat. Le d\u00e9lai est respect\u00e9 si vous envoyez les marchandises avant le d\u00e9lai de quatorze jours.<\/p><p>Les frais de retour sont \u00e0 votre charge. Vous ne devez payer la perte de valeur des marchandises que si cette perte de valeur est due \u00e0 la manipulation des marchandises qui n&#8217;est pas n\u00e9cessaire \u00e0 l&#8217;inspection de l&#8217;\u00e9tat, des propri\u00e9t\u00e9s et du fonctionnement des marchandises.<\/p><p><strong>FRAIS ET AVIS DE RETOUR EN CAS DE R\u00c9VOCATION<\/strong><\/p><p>En cas de r\u00e9vocation conform\u00e9ment au paragraphe 1, vous devez supporter les frais habituels de renvoi, \u00e0 moins que l&#8217;article livr\u00e9 ne corresponde pas \u00e0 l&#8217;article command\u00e9.<\/p><p>Veuillez \u00e9viter tout dommage et toute contamination. Dans la mesure du possible, veuillez nous renvoyer les marchandises dans l&#8217;emballage d&#8217;origine avec tous les accessoires et tous les composants de l&#8217;emballage. Si vous ne disposez plus de l&#8217;emballage d&#8217;origine, veuillez assurer une protection ad\u00e9quate contre les dommages dus au transport \u00e0 l&#8217;aide d&#8217;un emballage appropri\u00e9 afin d&#8217;\u00e9viter toute r\u00e9clamation pour des dommages dus \u00e0 un emballage inad\u00e9quat. Les modalit\u00e9s \u00e9num\u00e9r\u00e9es ne sont pas une condition pr\u00e9alable \u00e0 l&#8217;exercice effectif du droit de retrait.<\/p><p>Une fois que nous aurons re\u00e7u l&#8217;envoi et inspect\u00e9 les articles, nous rembourserons le montant appropri\u00e9 du paiement. Le cr\u00e9dit devrait \u00eatre \u00e9mis dans les 7 jours ouvrables suivant la r\u00e9ception de l&#8217;envoi sur votre compte, en fonction du temps d&#8217;acheminement postal et du mode de paiement. Pour le remboursement, nous utilisons le m\u00eame moyen de paiement que celui utilis\u00e9 lors de la transaction initiale, sauf accord pr\u00e9alable expr\u00e8s. Les frais habituels de renvoi des articles sont \u00e0 la charge du client. Si tout allait bien avec les articles livr\u00e9s, nous pouvons nous r\u00e9server le droit de retenir les frais de retour habituels sur le montant du remboursement. Le co\u00fbt est de 5,90 euros pour les commandes en Allemagne et de 18 euros pour les commandes dans l&#8217;UE, au Royaume-Uni et en Suisse.<\/p><p>Certains produits, par exemple les produits scell\u00e9s, qui ne peuvent \u00eatre retourn\u00e9s pour des raisons de protection de la sant\u00e9 ou d&#8217;hygi\u00e8ne, peuvent \u00eatre exclus du retour.<\/p><h4 class=\"wp-block-heading\">LE DROIT DE R\u00c9VOCATION NE S&#8217;APPLIQUE PAS AUX CONTRATS :<\/h4><p>&#8211; pour la livraison de m\u00e9dicaments, \u00e9tant donn\u00e9 qu&#8217;un stockage ad\u00e9quat et donc les normes de qualit\u00e9 prescrites par la loi allemande sur les m\u00e9dicaments ne peuvent plus \u00eatre garantis (article 312g II, paragraphes 2 et 3, du code civil allemand)<\/p><p>&#8211; pour la livraison de biens qui ne sont pas pr\u00e9fabriqu\u00e9s et pour la production desquels une s\u00e9lection ou une d\u00e9termination individuelle par le consommateur est d\u00e9terminante ou qui sont clairement adapt\u00e9s aux besoins personnels du consommateur ;<\/p><p>&#8211; pour la livraison de marchandises qui peuvent se d\u00e9t\u00e9riorer rapidement ou dont la date de p\u00e9remption serait rapidement d\u00e9pass\u00e9e ;<\/p><h4 class=\"wp-block-heading\">LE DROIT DE R\u00c9TRACTATION EXPIRE PR\u00c9MATUR\u00c9MENT POUR LES CONTRATS :<\/h4><p>&#8211; pour la livraison de biens scell\u00e9s qui ne peuvent \u00eatre retourn\u00e9s pour des raisons de protection de la sant\u00e9 ou d&#8217;hygi\u00e8ne, si leur scell\u00e9 a \u00e9t\u00e9 retir\u00e9 apr\u00e8s la livraison ;<\/p><p>&#8211; pour la livraison d&#8217;enregistrements sonores ou vid\u00e9o ou de logiciels informatiques dans un emballage scell\u00e9, si le sceau a \u00e9t\u00e9 retir\u00e9 apr\u00e8s la livraison.<\/p>\t\t\t\t\t\t\t\t<\/div>\n\t\t\t\t<\/div>\n\t\t\t\t\t<\/div>\n\t\t<\/div>\n\t\t\t\t\t<\/div>\n\t\t<\/section>\n\t\t\t\t<\/div>\n\t\t","protected":false},"excerpt":{"rendered":"<p>Politique de retour &#8211; Droit de r\u00e9tractation \u00a7 1 DROIT DE R\u00c9VOCATION Vous avez le droit de r\u00e9silier le pr\u00e9sent contrat dans un d\u00e9lai de quatorze jours (jours calendaires) sans donner de raison. Le d\u00e9lai de r\u00e9tractation est de quatorze jours \u00e0 compter du jour o\u00f9 vous ou un tiers d\u00e9sign\u00e9 par vous, qui n&#8217;est [&hellip;]<\/p>\n","protected":false},"author":1,"featured_media":0,"parent":0,"menu_order":0,"comment_status":"closed","ping_status":"closed","template":"","meta":{"footnotes":""},"class_list":["post-1978","page","type-page","status-publish","hentry"],"yoast_head":"<!-- This site is optimized with the Yoast SEO plugin v26.5 - https:\/\/yoast.com\/wordpress\/plugins\/seo\/ -->\n<title>Politique de retour &#187; Lion Pharmacy<\/title>\n<meta name=\"description\" content=\"Lion Pharmacy | pharmacie en ligne allemande enregistr\u00e9e | Exp\u00e9dition internationale rapide | Achats en ligne pratiques et s\u00fbrs | Politique de retour\" \/>\n<meta name=\"robots\" content=\"noindex, follow\" \/>\n<meta property=\"og:locale\" content=\"fr_FR\" \/>\n<meta property=\"og:type\" content=\"article\" \/>\n<meta property=\"og:title\" content=\"Politique de retour &#187; Lion Pharmacy\" \/>\n<meta property=\"og:description\" content=\"Lion Pharmacy | pharmacie en ligne allemande enregistr\u00e9e | Exp\u00e9dition internationale rapide | Achats en ligne pratiques et s\u00fbrs | Politique de retour\" \/>\n<meta property=\"og:url\" content=\"https:\/\/lions-pharmacy.com\/fr\/rueckerstattung_rueckgaben\" \/>\n<meta property=\"og:site_name\" content=\"Lion Pharmacy\" \/>\n<meta property=\"article:modified_time\" content=\"2025-11-22T08:55:03+00:00\" \/>\n<meta property=\"og:image\" content=\"https:\/\/lions-pharmacy.com\/wp-content\/uploads\/2023\/01\/lion-pharmacy-fallback-image-.jpg\" \/>\n\t<meta property=\"og:image:width\" content=\"1200\" \/>\n\t<meta property=\"og:image:height\" content=\"675\" \/>\n\t<meta property=\"og:image:type\" content=\"image\/jpeg\" \/>\n<meta name=\"twitter:card\" content=\"summary_large_image\" \/>\n<meta name=\"twitter:label1\" content=\"Dur\u00e9e de lecture estim\u00e9e\" \/>\n\t<meta name=\"twitter:data1\" content=\"5 minutes\" \/>\n<script type=\"application\/ld+json\" class=\"yoast-schema-graph\">{\"@context\":\"https:\/\/schema.org\",\"@graph\":[{\"@type\":\"WebPage\",\"@id\":\"https:\/\/lions-pharmacy.com\/fr\/rueckerstattung_rueckgaben\",\"url\":\"https:\/\/lions-pharmacy.com\/fr\/rueckerstattung_rueckgaben\",\"name\":\"Politique de retour &#187; Lion Pharmacy\",\"isPartOf\":{\"@id\":\"https:\/\/lions-pharmacy.com\/fr#website\"},\"datePublished\":\"2022-12-11T19:05:16+00:00\",\"dateModified\":\"2025-11-22T08:55:03+00:00\",\"description\":\"Lion Pharmacy | pharmacie en ligne allemande enregistr\u00e9e | Exp\u00e9dition internationale rapide | Achats en ligne pratiques et s\u00fbrs | Politique de retour\",\"breadcrumb\":{\"@id\":\"https:\/\/lions-pharmacy.com\/fr\/rueckerstattung_rueckgaben#breadcrumb\"},\"inLanguage\":\"fr-FR\",\"potentialAction\":[{\"@type\":\"ReadAction\",\"target\":[\"https:\/\/lions-pharmacy.com\/fr\/rueckerstattung_rueckgaben\"]}]},{\"@type\":\"BreadcrumbList\",\"@id\":\"https:\/\/lions-pharmacy.com\/fr\/rueckerstattung_rueckgaben#breadcrumb\",\"itemListElement\":[{\"@type\":\"ListItem\",\"position\":1,\"name\":\"Home\",\"item\":\"https:\/\/lions-pharmacy.com\/fr\/homepage-lion-pharmacy\"},{\"@type\":\"ListItem\",\"position\":2,\"name\":\"Politique de retour\"}]},{\"@type\":\"WebSite\",\"@id\":\"https:\/\/lions-pharmacy.com\/fr#website\",\"url\":\"https:\/\/lions-pharmacy.com\/fr\",\"name\":\"Lions Pharmacy\",\"description\":\"Pharmacie sp\u00e9cialis\u00e9e en naturopathie de Baden-Baden, Allemagne\",\"publisher\":{\"@id\":\"https:\/\/lions-pharmacy.com\/fr#organization\"},\"alternateName\":\"Lion Pharmacy\",\"potentialAction\":[{\"@type\":\"SearchAction\",\"target\":{\"@type\":\"EntryPoint\",\"urlTemplate\":\"https:\/\/lions-pharmacy.com\/fr?s={search_term_string}\"},\"query-input\":{\"@type\":\"PropertyValueSpecification\",\"valueRequired\":true,\"valueName\":\"search_term_string\"}}],\"inLanguage\":\"fr-FR\"},{\"@type\":\"Organization\",\"@id\":\"https:\/\/lions-pharmacy.com\/fr#organization\",\"name\":\"Lions Pharmacy\",\"alternateName\":\"Lions Pharmacy24\",\"url\":\"https:\/\/lions-pharmacy.com\/fr\",\"logo\":{\"@type\":\"ImageObject\",\"inLanguage\":\"fr-FR\",\"@id\":\"https:\/\/lions-pharmacy.com\/fr#\/schema\/logo\/image\/\",\"url\":\"https:\/\/lions-pharmacy.com\/wp-content\/uploads\/2022\/12\/Logo-Lion-Pharmacy-c-o-Loewen-Apotheke-smal.jpg\",\"contentUrl\":\"https:\/\/lions-pharmacy.com\/wp-content\/uploads\/2022\/12\/Logo-Lion-Pharmacy-c-o-Loewen-Apotheke-smal.jpg\",\"width\":298,\"height\":99,\"caption\":\"Lions Pharmacy\"},\"image\":{\"@id\":\"https:\/\/lions-pharmacy.com\/fr#\/schema\/logo\/image\/\"}}]}<\/script>\n<!-- \/ Yoast SEO plugin. -->","yoast_head_json":{"title":"Politique de retour &#187; Lion Pharmacy","description":"Lion Pharmacy | pharmacie en ligne allemande enregistr\u00e9e | Exp\u00e9dition internationale rapide | Achats en ligne pratiques et s\u00fbrs | Politique de retour","robots":{"index":"noindex","follow":"follow"},"og_locale":"fr_FR","og_type":"article","og_title":"Politique de retour &#187; Lion Pharmacy","og_description":"Lion Pharmacy | pharmacie en ligne allemande enregistr\u00e9e | Exp\u00e9dition internationale rapide | Achats en ligne pratiques et s\u00fbrs | Politique de retour","og_url":"https:\/\/lions-pharmacy.com\/fr\/rueckerstattung_rueckgaben","og_site_name":"Lion Pharmacy","article_modified_time":"2025-11-22T08:55:03+00:00","og_image":[{"width":1200,"height":675,"url":"https:\/\/lions-pharmacy.com\/wp-content\/uploads\/2023\/01\/lion-pharmacy-fallback-image-.jpg","type":"image\/jpeg"}],"twitter_card":"summary_large_image","twitter_misc":{"Dur\u00e9e de lecture estim\u00e9e":"5 minutes"},"schema":{"@context":"https:\/\/schema.org","@graph":[{"@type":"WebPage","@id":"https:\/\/lions-pharmacy.com\/fr\/rueckerstattung_rueckgaben","url":"https:\/\/lions-pharmacy.com\/fr\/rueckerstattung_rueckgaben","name":"Politique de retour &#187; Lion Pharmacy","isPartOf":{"@id":"https:\/\/lions-pharmacy.com\/fr#website"},"datePublished":"2022-12-11T19:05:16+00:00","dateModified":"2025-11-22T08:55:03+00:00","description":"Lion Pharmacy | pharmacie en ligne allemande enregistr\u00e9e | Exp\u00e9dition internationale rapide | Achats en ligne pratiques et s\u00fbrs | Politique de retour","breadcrumb":{"@id":"https:\/\/lions-pharmacy.com\/fr\/rueckerstattung_rueckgaben#breadcrumb"},"inLanguage":"fr-FR","potentialAction":[{"@type":"ReadAction","target":["https:\/\/lions-pharmacy.com\/fr\/rueckerstattung_rueckgaben"]}]},{"@type":"BreadcrumbList","@id":"https:\/\/lions-pharmacy.com\/fr\/rueckerstattung_rueckgaben#breadcrumb","itemListElement":[{"@type":"ListItem","position":1,"name":"Home","item":"https:\/\/lions-pharmacy.com\/fr\/homepage-lion-pharmacy"},{"@type":"ListItem","position":2,"name":"Politique de retour"}]},{"@type":"WebSite","@id":"https:\/\/lions-pharmacy.com\/fr#website","url":"https:\/\/lions-pharmacy.com\/fr","name":"Lions Pharmacy","description":"Pharmacie sp\u00e9cialis\u00e9e en naturopathie de Baden-Baden, Allemagne","publisher":{"@id":"https:\/\/lions-pharmacy.com\/fr#organization"},"alternateName":"Lion Pharmacy","potentialAction":[{"@type":"SearchAction","target":{"@type":"EntryPoint","urlTemplate":"https:\/\/lions-pharmacy.com\/fr?s={search_term_string}"},"query-input":{"@type":"PropertyValueSpecification","valueRequired":true,"valueName":"search_term_string"}}],"inLanguage":"fr-FR"},{"@type":"Organization","@id":"https:\/\/lions-pharmacy.com\/fr#organization","name":"Lions Pharmacy","alternateName":"Lions Pharmacy24","url":"https:\/\/lions-pharmacy.com\/fr","logo":{"@type":"ImageObject","inLanguage":"fr-FR","@id":"https:\/\/lions-pharmacy.com\/fr#\/schema\/logo\/image\/","url":"https:\/\/lions-pharmacy.com\/wp-content\/uploads\/2022\/12\/Logo-Lion-Pharmacy-c-o-Loewen-Apotheke-smal.jpg","contentUrl":"https:\/\/lions-pharmacy.com\/wp-content\/uploads\/2022\/12\/Logo-Lion-Pharmacy-c-o-Loewen-Apotheke-smal.jpg","width":298,"height":99,"caption":"Lions Pharmacy"},"image":{"@id":"https:\/\/lions-pharmacy.com\/fr#\/schema\/logo\/image\/"}}]}},"_links":{"self":[{"href":"https:\/\/lions-pharmacy.com\/fr\/wp-json\/wp\/v2\/pages\/1978","targetHints":{"allow":["GET"]}}],"collection":[{"href":"https:\/\/lions-pharmacy.com\/fr\/wp-json\/wp\/v2\/pages"}],"about":[{"href":"https:\/\/lions-pharmacy.com\/fr\/wp-json\/wp\/v2\/types\/page"}],"author":[{"embeddable":true,"href":"https:\/\/lions-pharmacy.com\/fr\/wp-json\/wp\/v2\/users\/1"}],"replies":[{"embeddable":true,"href":"https:\/\/lions-pharmacy.com\/fr\/wp-json\/wp\/v2\/comments?post=1978"}],"version-history":[{"count":0,"href":"https:\/\/lions-pharmacy.com\/fr\/wp-json\/wp\/v2\/pages\/1978\/revisions"}],"wp:attachment":[{"href":"https:\/\/lions-pharmacy.com\/fr\/wp-json\/wp\/v2\/media?parent=1978"}],"curies":[{"name":"wp","href":"https:\/\/api.w.org\/{rel}","templated":true}]}}