{"id":18446,"date":"2025-12-12T14:24:11","date_gmt":"2025-12-12T13:24:11","guid":{"rendered":"https:\/\/lions-pharmacy.com\/?page_id=18446"},"modified":"2026-01-10T08:00:49","modified_gmt":"2026-01-10T07:00:49","slug":"accessibility-statement","status":"publish","type":"page","link":"https:\/\/lions-pharmacy.com\/fr\/accessibility-statement","title":{"rendered":"D\u00e9claration d&#8217;accessibilit\u00e9"},"content":{"rendered":"\n<p><strong>D\u00e9claration d&#8217;accessibilit\u00e9<\/strong><\/p>\n\n<p>Nous, la pharmacie des Lions (L\u00f6wen Apotheke), nous effor\u00e7ons de rendre nos sites Web aussi accessibles que possible www.lions-pharmacy.com, conform\u00e9ment aux exigences applicables en mati\u00e8re d&#8217;accessibilit\u00e9.<\/p>\n\n<p>En tant que petite pharmacie comptant moins de 10 employ\u00e9s, l&#8217;acc\u00e8s sans obstacle est important pour nous, m\u00eame si nous ne pouvons pas encore garantir une accessibilit\u00e9 totale dans tous les domaines en raison de nos ressources limit\u00e9es.<\/p>\n\n<p><strong>\u00c9tat de la compatibilit\u00e9 avec les exigences<\/strong><\/p>\n\n<p>Ce site web est partiellement compatible avec les exigences d&#8217;accessibilit\u00e9. Certains contenus ou fonctions ne sont pas encore totalement accessibles.<\/p>\n\n<p>Zones non accessibles<\/p>\n\n<ul class=\"wp-block-list\">\n<li>Compte client MonCompte<\/li>\n\n\n\n<li>Formulaires de commande<\/li>\n\n\n\n<li>Recherche<\/li>\n<\/ul>\n\n<p>Les zones suivantes peuvent actuellement faire l&#8217;objet de restrictions (exemples &#8211; veuillez ajuster\/supprimer si n\u00e9cessaire) :<\/p>\n\n<ul class=\"wp-block-list\">\n<li>Documents individuels ou contenu int\u00e9gr\u00e9 (par exemple, fichiers PDF et vid\u00e9os)<\/li>\n\n\n\n<li>Certains \u00e9l\u00e9ments de navigation ou d&#8217;affichage sur les appareils mobiles<\/li>\n\n\n\n<li>Contrastes, \u00e9tiquettes ou facilit\u00e9 d&#8217;utilisation des diff\u00e9rents formulaires\/boutons<\/li>\n<\/ul>\n\n<p>Nous nous effor\u00e7ons constamment de r\u00e9duire les obstacles existants et d&#8217;am\u00e9liorer l&#8217;accessibilit\u00e9.<\/p>\n\n<p><strong>Alternative sans barri\u00e8re \/ Contact<\/strong><\/p>\n\n<p>Si vous ne pouvez pas utiliser le contenu ou les fonctions de notre site web ou si vous ne pouvez les utiliser que de mani\u00e8re limit\u00e9e, nous vous proposons une alternative simple :<br \/>Vous pouvez passer votre commande par t\u00e9l\u00e9phone ou obtenir des conseils. T\u00e9l\u00e9phone : +49 (0)7221 395 374 +49 (0)7221 395 374<\/p>\n\n<p>T\u00e9l\u00e9phone g\u00e9n\u00e9ral : +49 (0) 7221 \/ 22 120<br \/>Courriel : info@loewen-apotheke24.de<br \/>Adresse : Lichtentaler Str. 3, 76530 Baden-Baden<br \/>Disponibilit\u00e9 : Du lundi au vendredi de 8 h 30 \u00e0 18 h 30, le samedi de 9 h \u00e0 13 h.<\/p>\n\n<p><strong>Commentaires et notes<\/strong><br \/>Si vous rencontrez des obstacles ou si vous avez besoin d&#8217;aide, n&#8217;h\u00e9sitez pas \u00e0 nous contacter. Nous ferons de notre mieux pour examiner votre demande le plus rapidement possible et vous proposer une solution.<\/p>\n\n<p>Pr\u00e9paration de cette d\u00e9claration : Cette d\u00e9claration a \u00e9t\u00e9 cr\u00e9\u00e9e le 01.12.2025 et mise \u00e0 jour le 12.12.2025.<\/p>\n","protected":false},"excerpt":{"rendered":"<p>D\u00e9claration d&#8217;accessibilit\u00e9 Nous, la pharmacie des Lions (L\u00f6wen Apotheke), nous effor\u00e7ons de rendre nos sites Web aussi accessibles que possible www.lions-pharmacy.com, conform\u00e9ment aux exigences applicables en mati\u00e8re d&#8217;accessibilit\u00e9. En tant que petite pharmacie comptant moins de 10 employ\u00e9s, l&#8217;acc\u00e8s sans obstacle est important pour nous, m\u00eame si nous ne pouvons pas encore garantir une accessibilit\u00e9 [&hellip;]<\/p>\n","protected":false},"author":1,"featured_media":0,"parent":0,"menu_order":0,"comment_status":"closed","ping_status":"closed","template":"","meta":{"footnotes":""},"class_list":["post-18446","page","type-page","status-publish","hentry"],"yoast_head":"<!-- This site is optimized with the Yoast SEO plugin v26.5 - https:\/\/yoast.com\/wordpress\/plugins\/seo\/ -->\n<title>D\u00e9claration d&#039;accessibilit\u00e9 &#187; Lion Pharmacy<\/title>\n<meta name=\"description\" content=\"Lion Pharmacy | pharmacie en ligne allemande enregistr\u00e9e | Exp\u00e9dition internationale rapide | Achats en ligne pratiques et s\u00fbrs | D\u00e9claration d&#039;accessibilit\u00e9\" \/>\n<meta name=\"robots\" content=\"noindex, nofollow\" \/>\n<meta property=\"og:locale\" content=\"fr_FR\" \/>\n<meta property=\"og:type\" content=\"article\" \/>\n<meta property=\"og:title\" content=\"D\u00e9claration d&#039;accessibilit\u00e9 &#187; Lion Pharmacy\" \/>\n<meta property=\"og:description\" content=\"Lion Pharmacy | pharmacie en ligne allemande enregistr\u00e9e | Exp\u00e9dition internationale rapide | Achats en ligne pratiques et s\u00fbrs | D\u00e9claration d&#039;accessibilit\u00e9\" \/>\n<meta property=\"og:url\" content=\"https:\/\/lions-pharmacy.com\/fr\/accessibility-statement\" \/>\n<meta property=\"og:site_name\" content=\"Lion Pharmacy\" \/>\n<meta property=\"article:modified_time\" content=\"2026-01-10T07:00:49+00:00\" \/>\n<meta property=\"og:image\" content=\"https:\/\/lions-pharmacy.com\/wp-content\/uploads\/2023\/01\/lion-pharmacy-fallback-image-.jpg\" \/>\n\t<meta property=\"og:image:width\" content=\"1200\" \/>\n\t<meta property=\"og:image:height\" content=\"675\" \/>\n\t<meta property=\"og:image:type\" content=\"image\/jpeg\" \/>\n<meta name=\"twitter:card\" content=\"summary_large_image\" \/>\n<meta name=\"twitter:label1\" content=\"Dur\u00e9e de lecture estim\u00e9e\" \/>\n\t<meta name=\"twitter:data1\" content=\"2 minutes\" \/>\n<script type=\"application\/ld+json\" class=\"yoast-schema-graph\">{\"@context\":\"https:\/\/schema.org\",\"@graph\":[{\"@type\":\"WebPage\",\"@id\":\"https:\/\/lions-pharmacy.com\/fr\/accessibility-statement\",\"url\":\"https:\/\/lions-pharmacy.com\/fr\/accessibility-statement\",\"name\":\"D\u00e9claration d'accessibilit\u00e9 &#187; Lion Pharmacy\",\"isPartOf\":{\"@id\":\"https:\/\/lions-pharmacy.com\/fr#website\"},\"datePublished\":\"2025-12-12T13:24:11+00:00\",\"dateModified\":\"2026-01-10T07:00:49+00:00\",\"description\":\"Lion Pharmacy | pharmacie en ligne allemande enregistr\u00e9e | Exp\u00e9dition internationale rapide | Achats en ligne pratiques et s\u00fbrs | D\u00e9claration d'accessibilit\u00e9\",\"breadcrumb\":{\"@id\":\"https:\/\/lions-pharmacy.com\/fr\/accessibility-statement#breadcrumb\"},\"inLanguage\":\"fr-FR\",\"potentialAction\":[{\"@type\":\"ReadAction\",\"target\":[\"https:\/\/lions-pharmacy.com\/fr\/accessibility-statement\"]}]},{\"@type\":\"BreadcrumbList\",\"@id\":\"https:\/\/lions-pharmacy.com\/fr\/accessibility-statement#breadcrumb\",\"itemListElement\":[{\"@type\":\"ListItem\",\"position\":1,\"name\":\"Home\",\"item\":\"https:\/\/lions-pharmacy.com\/fr\/homepage-lion-pharmacy\"},{\"@type\":\"ListItem\",\"position\":2,\"name\":\"D\u00e9claration d&#8217;accessibilit\u00e9\"}]},{\"@type\":\"WebSite\",\"@id\":\"https:\/\/lions-pharmacy.com\/fr#website\",\"url\":\"https:\/\/lions-pharmacy.com\/fr\",\"name\":\"Lions Pharmacy\",\"description\":\"Pharmacie sp\u00e9cialis\u00e9e en naturopathie de Baden-Baden, Allemagne\",\"publisher\":{\"@id\":\"https:\/\/lions-pharmacy.com\/fr#organization\"},\"alternateName\":\"Lion Pharmacy\",\"potentialAction\":[{\"@type\":\"SearchAction\",\"target\":{\"@type\":\"EntryPoint\",\"urlTemplate\":\"https:\/\/lions-pharmacy.com\/fr?s={search_term_string}\"},\"query-input\":{\"@type\":\"PropertyValueSpecification\",\"valueRequired\":true,\"valueName\":\"search_term_string\"}}],\"inLanguage\":\"fr-FR\"},{\"@type\":\"Organization\",\"@id\":\"https:\/\/lions-pharmacy.com\/fr#organization\",\"name\":\"Lions Pharmacy\",\"alternateName\":\"Lions Pharmacy24\",\"url\":\"https:\/\/lions-pharmacy.com\/fr\",\"logo\":{\"@type\":\"ImageObject\",\"inLanguage\":\"fr-FR\",\"@id\":\"https:\/\/lions-pharmacy.com\/fr#\/schema\/logo\/image\/\",\"url\":\"https:\/\/lions-pharmacy.com\/wp-content\/uploads\/2022\/12\/Logo-Lion-Pharmacy-c-o-Loewen-Apotheke-smal.jpg\",\"contentUrl\":\"https:\/\/lions-pharmacy.com\/wp-content\/uploads\/2022\/12\/Logo-Lion-Pharmacy-c-o-Loewen-Apotheke-smal.jpg\",\"width\":298,\"height\":99,\"caption\":\"Lions Pharmacy\"},\"image\":{\"@id\":\"https:\/\/lions-pharmacy.com\/fr#\/schema\/logo\/image\/\"}}]}<\/script>\n<!-- \/ Yoast SEO plugin. -->","yoast_head_json":{"title":"D\u00e9claration d'accessibilit\u00e9 &#187; Lion Pharmacy","description":"Lion Pharmacy | pharmacie en ligne allemande enregistr\u00e9e | Exp\u00e9dition internationale rapide | Achats en ligne pratiques et s\u00fbrs | D\u00e9claration d'accessibilit\u00e9","robots":{"index":"noindex","follow":"nofollow"},"og_locale":"fr_FR","og_type":"article","og_title":"D\u00e9claration d'accessibilit\u00e9 &#187; Lion Pharmacy","og_description":"Lion Pharmacy | pharmacie en ligne allemande enregistr\u00e9e | Exp\u00e9dition internationale rapide | Achats en ligne pratiques et s\u00fbrs | D\u00e9claration d'accessibilit\u00e9","og_url":"https:\/\/lions-pharmacy.com\/fr\/accessibility-statement","og_site_name":"Lion Pharmacy","article_modified_time":"2026-01-10T07:00:49+00:00","og_image":[{"width":1200,"height":675,"url":"https:\/\/lions-pharmacy.com\/wp-content\/uploads\/2023\/01\/lion-pharmacy-fallback-image-.jpg","type":"image\/jpeg"}],"twitter_card":"summary_large_image","twitter_misc":{"Dur\u00e9e de lecture estim\u00e9e":"2 minutes"},"schema":{"@context":"https:\/\/schema.org","@graph":[{"@type":"WebPage","@id":"https:\/\/lions-pharmacy.com\/fr\/accessibility-statement","url":"https:\/\/lions-pharmacy.com\/fr\/accessibility-statement","name":"D\u00e9claration d'accessibilit\u00e9 &#187; Lion Pharmacy","isPartOf":{"@id":"https:\/\/lions-pharmacy.com\/fr#website"},"datePublished":"2025-12-12T13:24:11+00:00","dateModified":"2026-01-10T07:00:49+00:00","description":"Lion Pharmacy | pharmacie en ligne allemande enregistr\u00e9e | Exp\u00e9dition internationale rapide | Achats en ligne pratiques et s\u00fbrs | D\u00e9claration d'accessibilit\u00e9","breadcrumb":{"@id":"https:\/\/lions-pharmacy.com\/fr\/accessibility-statement#breadcrumb"},"inLanguage":"fr-FR","potentialAction":[{"@type":"ReadAction","target":["https:\/\/lions-pharmacy.com\/fr\/accessibility-statement"]}]},{"@type":"BreadcrumbList","@id":"https:\/\/lions-pharmacy.com\/fr\/accessibility-statement#breadcrumb","itemListElement":[{"@type":"ListItem","position":1,"name":"Home","item":"https:\/\/lions-pharmacy.com\/fr\/homepage-lion-pharmacy"},{"@type":"ListItem","position":2,"name":"D\u00e9claration d&#8217;accessibilit\u00e9"}]},{"@type":"WebSite","@id":"https:\/\/lions-pharmacy.com\/fr#website","url":"https:\/\/lions-pharmacy.com\/fr","name":"Lions Pharmacy","description":"Pharmacie sp\u00e9cialis\u00e9e en naturopathie de Baden-Baden, Allemagne","publisher":{"@id":"https:\/\/lions-pharmacy.com\/fr#organization"},"alternateName":"Lion Pharmacy","potentialAction":[{"@type":"SearchAction","target":{"@type":"EntryPoint","urlTemplate":"https:\/\/lions-pharmacy.com\/fr?s={search_term_string}"},"query-input":{"@type":"PropertyValueSpecification","valueRequired":true,"valueName":"search_term_string"}}],"inLanguage":"fr-FR"},{"@type":"Organization","@id":"https:\/\/lions-pharmacy.com\/fr#organization","name":"Lions Pharmacy","alternateName":"Lions Pharmacy24","url":"https:\/\/lions-pharmacy.com\/fr","logo":{"@type":"ImageObject","inLanguage":"fr-FR","@id":"https:\/\/lions-pharmacy.com\/fr#\/schema\/logo\/image\/","url":"https:\/\/lions-pharmacy.com\/wp-content\/uploads\/2022\/12\/Logo-Lion-Pharmacy-c-o-Loewen-Apotheke-smal.jpg","contentUrl":"https:\/\/lions-pharmacy.com\/wp-content\/uploads\/2022\/12\/Logo-Lion-Pharmacy-c-o-Loewen-Apotheke-smal.jpg","width":298,"height":99,"caption":"Lions Pharmacy"},"image":{"@id":"https:\/\/lions-pharmacy.com\/fr#\/schema\/logo\/image\/"}}]}},"_links":{"self":[{"href":"https:\/\/lions-pharmacy.com\/fr\/wp-json\/wp\/v2\/pages\/18446","targetHints":{"allow":["GET"]}}],"collection":[{"href":"https:\/\/lions-pharmacy.com\/fr\/wp-json\/wp\/v2\/pages"}],"about":[{"href":"https:\/\/lions-pharmacy.com\/fr\/wp-json\/wp\/v2\/types\/page"}],"author":[{"embeddable":true,"href":"https:\/\/lions-pharmacy.com\/fr\/wp-json\/wp\/v2\/users\/1"}],"replies":[{"embeddable":true,"href":"https:\/\/lions-pharmacy.com\/fr\/wp-json\/wp\/v2\/comments?post=18446"}],"version-history":[{"count":2,"href":"https:\/\/lions-pharmacy.com\/fr\/wp-json\/wp\/v2\/pages\/18446\/revisions"}],"predecessor-version":[{"id":19198,"href":"https:\/\/lions-pharmacy.com\/fr\/wp-json\/wp\/v2\/pages\/18446\/revisions\/19198"}],"wp:attachment":[{"href":"https:\/\/lions-pharmacy.com\/fr\/wp-json\/wp\/v2\/media?parent=18446"}],"curies":[{"name":"wp","href":"https:\/\/api.w.org\/{rel}","templated":true}]}}